{"id":1489,"date":"2025-03-27T16:16:02","date_gmt":"2025-03-27T08:16:02","guid":{"rendered":"https:\/\/www.cosmepak.com\/?post_type=product&#038;p=1489"},"modified":"2026-01-30T14:53:24","modified_gmt":"2026-01-30T06:53:24","slug":"30ml-50ml-100ml-black-color-perfume-bottle-with-ball-cap","status":"publish","type":"product","link":"https:\/\/www.cosmepak.com\/pt\/product\/30ml-50ml-100ml-black-color-perfume-bottle-with-ball-cap\/","title":{"rendered":"30 ml 50 ml 100 ml garrafa de perfume de cor preta com tamp\u00e3o de bola"},"content":{"rendered":"<table style=\"border-collapse: collapse; width: 100%; height: 122px;\">\n<tbody>\n<tr style=\"height: 24px;\">\n<td style=\"width: 33.3333%; height: 122px;\" rowspan=\"4\"><img fetchpriority=\"high\" decoding=\"async\" class=\"alignnone size-full wp-image-3983\" src=\"https:\/\/www.cosmepak.com\/wp-content\/uploads\/2025\/03\/O1CN01YNc7oS2L5BA72uWLb_974269640-0-cib1.jpg\" alt=\"\" width=\"1000\" height=\"1000\" srcset=\"https:\/\/www.cosmepak.com\/wp-content\/uploads\/2025\/03\/O1CN01YNc7oS2L5BA72uWLb_974269640-0-cib1.jpg 1000w, https:\/\/www.cosmepak.com\/wp-content\/uploads\/2025\/03\/O1CN01YNc7oS2L5BA72uWLb_974269640-0-cib1-300x300.jpg 300w, https:\/\/www.cosmepak.com\/wp-content\/uploads\/2025\/03\/O1CN01YNc7oS2L5BA72uWLb_974269640-0-cib1-150x150.jpg 150w, https:\/\/www.cosmepak.com\/wp-content\/uploads\/2025\/03\/O1CN01YNc7oS2L5BA72uWLb_974269640-0-cib1-768x768.jpg 768w, https:\/\/www.cosmepak.com\/wp-content\/uploads\/2025\/03\/O1CN01YNc7oS2L5BA72uWLb_974269640-0-cib1-12x12.jpg 12w, https:\/\/www.cosmepak.com\/wp-content\/uploads\/2025\/03\/O1CN01YNc7oS2L5BA72uWLb_974269640-0-cib1-600x600.jpg 600w, https:\/\/www.cosmepak.com\/wp-content\/uploads\/2025\/03\/O1CN01YNc7oS2L5BA72uWLb_974269640-0-cib1-100x100.jpg 100w\" sizes=\"(max-width: 1000px) 100vw, 1000px\" \/><\/td>\n<td style=\"width: 29.4018%; height: 24px; text-align: center;\">Modelo<\/td>\n<td style=\"width: 37.2648%; height: 24px; text-align: center;\">JH-PHXHB4550\/JH-PHXHB5756\/JH-PHXBHC6866<\/td>\n<\/tr>\n<tr style=\"height: 24px;\">\n<td style=\"width: 29.4018%; height: 24px; text-align: center;\">Capacidade<\/td>\n<td style=\"width: 37.2648%; height: 24px; text-align: center;\">30ML\/50ML\/100ML<\/td>\n<\/tr>\n<tr style=\"height: 24px;\">\n<td style=\"width: 29.4018%; height: 24px; text-align: center;\">Material<\/td>\n<td style=\"width: 37.2648%; height: 24px; text-align: center;\">GLASS<\/td>\n<\/tr>\n<tr style=\"height: 24px;\">\n<td style=\"width: 29.4018%; height: 24px; text-align: center;\">Peso<\/td>\n<td style=\"width: 37.2648%; height: 24px; text-align: center;\">81G\/132G\/202G<\/td>\n<\/tr>\n<\/tbody>\n<\/table>\n<table style=\"border-collapse: collapse; width: 100%; height: 96px;\">\n<tbody>\n<tr style=\"height: 24px;\">\n<td style=\"width: 16.6667%; text-align: center; height: 24px;\"><strong>Capacidade<\/strong><\/td>\n<td style=\"width: 16.6667%; text-align: center; height: 24px;\"><strong>Tamanho do pesco\u00e7o<\/strong><\/td>\n<td style=\"width: 16.6667%; text-align: center; height: 24px;\"><strong>Di\u00e2metro<\/strong><\/td>\n<td style=\"width: 16.6667%; text-align: center; height: 24px;\"><strong>Altura do ombro<\/strong><\/td>\n<td style=\"width: 16.6667%; text-align: center; height: 24px;\"><strong>Altura total<\/strong><\/td>\n<td style=\"width: 16.6667%; text-align: center; height: 24px;\"><strong>Peso<\/strong><\/td>\n<\/tr>\n<tr style=\"height: 24px;\">\n<td style=\"width: 16.6667%; text-align: center; height: 24px;\">30ml<\/td>\n<td style=\"width: 16.6667%; text-align: center; height: 24px;\">15mm<\/td>\n<td style=\"width: 16.6667%; text-align: center; height: 24px;\">50.5mm<\/td>\n<td style=\"width: 16.6667%; text-align: center; height: 24px;\">38 mm<\/td>\n<td style=\"width: 16.6667%; text-align: center; height: 24px;\">71.5mm<\/td>\n<td style=\"width: 16.6667%; text-align: center; height: 24px;\">81g<\/td>\n<\/tr>\n<tr style=\"height: 24px;\">\n<td style=\"width: 16.6667%; text-align: center; height: 24px;\">50ml<\/td>\n<td style=\"width: 16.6667%; text-align: center; height: 24px;\">15mm<\/td>\n<td style=\"width: 16.6667%; text-align: center; height: 24px;\">55.5mm<\/td>\n<td style=\"width: 16.6667%; text-align: center; height: 24px;\">51mm<\/td>\n<td style=\"width: 16.6667%; text-align: center; height: 24px;\">81.5mm<\/td>\n<td style=\"width: 16.6667%; text-align: center; height: 24px;\">132g<\/td>\n<\/tr>\n<tr style=\"height: 24px;\">\n<td style=\"width: 16.6667%; text-align: center; height: 24px;\">100ml<\/td>\n<td style=\"width: 16.6667%; text-align: center; height: 24px;\">15mm<\/td>\n<td style=\"width: 16.6667%; text-align: center; height: 24px;\">A natureza das metrulas com poucos ou nenhum preservativo precisa de cuidado adicional. Jars n\u00e3o est\u00e3o seguros porque eles deixam a \u0628\u0648\u0635\u0629 \u062c\u0631\u0627\u0645erms ap\u00f3s a abertura. As garrafas de vac\u00edo criam um sistema limpo e fechado. Isso protege seu produto sem precisar de produtos qu\u00edmicos adicionais. Marcas de pele com f\u00f3rmulas naturais adoram as bombas de v\u00e1cuo de Jaunce por esta raz\u00e3o.<\/td>\n<td style=\"width: 16.6667%; text-align: center; height: 24px;\">60mm<\/td>\n<td style=\"width: 16.6667%; text-align: center; height: 24px;\">104 mm<\/td>\n<td style=\"width: 16.6667%; text-align: center; height: 24px;\">202g<\/td>\n<\/tr>\n<\/tbody>\n<\/table>\n<p>Esta \u00e9 uma bela garrafa de perfume negro. A garrafa tem uma forma cilindrica reta, com um ombro plano e um design de base plana. A apar\u00eancia global \u00e9 suave e elegante. A superf\u00edcie da garrafa \u00e9 revestida de tinta preta, apresentando uma textura de baixa chave e exquisita. Ela evita a dureza de uma superf\u00edcie brilhante e tamb\u00e9m fornece excelentes propriedades anti-deslizante. Ao ombro da garrafa, existem modelos \u00e9tnicos exquisitos que se estendem at\u00e9 a boca da garrafa, adicionando um encanto cultural \u00fanico ao design geral e fazendo a garrafa destacar de seu jeito pr\u00f3prio.<\/p>\n<p>A abertura da garrafa desta garrafa de perfume adota um design snap-on, combinado com pulveriza\u00e7\u00e3o eletropl\u00e1stica de alum\u00ednio e um tamp\u00e3o esf\u00e9rico negro. O efeito geral cria um contraste harmonioso e luxoso, perfeitamente incorporando um estilo de baixa chave, mas luxoso. Nossa garrafa de perfume vem em tr\u00eas capacidades: 30ml, 50ml e 100ml, que podem satisfazer plenamente as necessidades de diferentes ocasi\u00f5es. Deve haver um modelo funcionable para sua marca.<\/p>\n<p>A garrafa preta com um rosto vazio, combinada com o pulverizador de ouro e o bonito chap\u00e9u redondo brilhante, tem um anel de ouro no pesco\u00e7o, como um cavalheiro.<\/p>\n<p>Claro que o design da garrafa n\u00e3o s\u00f3 pode ser escolhido no misterioso matte negro como mostrado na foto, mas tamb\u00e9m em matte branco, bem como em v\u00e1rias superf\u00edcies de matte coloridas. Alternativamente, ela tamb\u00e9m pode ser pintada em cores claras e coloridas semi-transparentes. Diferentes cores podem ser pareadas com diferentes acess\u00f3rios para criar um sentimento distinto.<\/p>\n<p>E estas garrafas est\u00e3o equipadas com um pulverizador pressurizado, que tem um excelente efeito de atomiza\u00e7\u00e3o. Quando preso, o perfume se espalhar\u00e1 em uma neblina fina e uniforme, permitindo que a frag\u00e2ncia se espalha uniformemente sobre a pele. O sentimento de press\u00e3o do pulverizador \u00e9 suave, e a sa\u00edda l\u00edquida \u00e9 est\u00e1vel.<\/p>\n<table style=\"border-collapse: collapse; width: 100%;\">\n<tbody>\n<tr>\n<td style=\"width: 33.3333%;\"><img decoding=\"async\" class=\"alignnone size-full wp-image-3984\" src=\"https:\/\/www.cosmepak.com\/wp-content\/uploads\/2025\/03\/7-12.jpg\" alt=\"\" width=\"1000\" height=\"1000\" srcset=\"https:\/\/www.cosmepak.com\/wp-content\/uploads\/2025\/03\/7-12.jpg 1000w, https:\/\/www.cosmepak.com\/wp-content\/uploads\/2025\/03\/7-12-300x300.jpg 300w, https:\/\/www.cosmepak.com\/wp-content\/uploads\/2025\/03\/7-12-150x150.jpg 150w, https:\/\/www.cosmepak.com\/wp-content\/uploads\/2025\/03\/7-12-768x768.jpg 768w, https:\/\/www.cosmepak.com\/wp-content\/uploads\/2025\/03\/7-12-12x12.jpg 12w, https:\/\/www.cosmepak.com\/wp-content\/uploads\/2025\/03\/7-12-600x600.jpg 600w, https:\/\/www.cosmepak.com\/wp-content\/uploads\/2025\/03\/7-12-100x100.jpg 100w\" sizes=\"(max-width: 1000px) 100vw, 1000px\" \/><\/td>\n<td style=\"width: 33.3333%;\"><img decoding=\"async\" class=\"alignnone size-full wp-image-3985\" src=\"https:\/\/www.cosmepak.com\/wp-content\/uploads\/2025\/03\/8-11.jpg\" alt=\"\" width=\"1000\" height=\"1000\" srcset=\"https:\/\/www.cosmepak.com\/wp-content\/uploads\/2025\/03\/8-11.jpg 1000w, https:\/\/www.cosmepak.com\/wp-content\/uploads\/2025\/03\/8-11-300x300.jpg 300w, https:\/\/www.cosmepak.com\/wp-content\/uploads\/2025\/03\/8-11-150x150.jpg 150w, https:\/\/www.cosmepak.com\/wp-content\/uploads\/2025\/03\/8-11-768x768.jpg 768w, https:\/\/www.cosmepak.com\/wp-content\/uploads\/2025\/03\/8-11-12x12.jpg 12w, https:\/\/www.cosmepak.com\/wp-content\/uploads\/2025\/03\/8-11-600x600.jpg 600w, https:\/\/www.cosmepak.com\/wp-content\/uploads\/2025\/03\/8-11-100x100.jpg 100w\" sizes=\"(max-width: 1000px) 100vw, 1000px\" \/><\/td>\n<td style=\"width: 33.3333%;\"><img loading=\"lazy\" decoding=\"async\" class=\"alignnone size-full wp-image-3986\" src=\"https:\/\/www.cosmepak.com\/wp-content\/uploads\/2025\/03\/9-5.jpg\" alt=\"\" width=\"1000\" height=\"1000\" srcset=\"https:\/\/www.cosmepak.com\/wp-content\/uploads\/2025\/03\/9-5.jpg 1000w, https:\/\/www.cosmepak.com\/wp-content\/uploads\/2025\/03\/9-5-300x300.jpg 300w, https:\/\/www.cosmepak.com\/wp-content\/uploads\/2025\/03\/9-5-150x150.jpg 150w, https:\/\/www.cosmepak.com\/wp-content\/uploads\/2025\/03\/9-5-768x768.jpg 768w, https:\/\/www.cosmepak.com\/wp-content\/uploads\/2025\/03\/9-5-12x12.jpg 12w, https:\/\/www.cosmepak.com\/wp-content\/uploads\/2025\/03\/9-5-600x600.jpg 600w, https:\/\/www.cosmepak.com\/wp-content\/uploads\/2025\/03\/9-5-100x100.jpg 100w\" sizes=\"(max-width: 1000px) 100vw, 1000px\" \/><\/td>\n<\/tr>\n<\/tbody>\n<\/table>\n<table style=\"border-collapse: collapse; width: 100%;\">\n<tbody>\n<tr>\n<td style=\"width: 50%;\"><img loading=\"lazy\" decoding=\"async\" class=\"alignnone size-full wp-image-3987\" src=\"https:\/\/www.cosmepak.com\/wp-content\/uploads\/2025\/03\/5-9.jpg\" alt=\"\" width=\"1000\" height=\"1000\" srcset=\"https:\/\/www.cosmepak.com\/wp-content\/uploads\/2025\/03\/5-9.jpg 1000w, https:\/\/www.cosmepak.com\/wp-content\/uploads\/2025\/03\/5-9-300x300.jpg 300w, https:\/\/www.cosmepak.com\/wp-content\/uploads\/2025\/03\/5-9-150x150.jpg 150w, https:\/\/www.cosmepak.com\/wp-content\/uploads\/2025\/03\/5-9-768x768.jpg 768w, https:\/\/www.cosmepak.com\/wp-content\/uploads\/2025\/03\/5-9-12x12.jpg 12w, https:\/\/www.cosmepak.com\/wp-content\/uploads\/2025\/03\/5-9-600x600.jpg 600w, https:\/\/www.cosmepak.com\/wp-content\/uploads\/2025\/03\/5-9-100x100.jpg 100w\" sizes=\"(max-width: 1000px) 100vw, 1000px\" \/><\/td>\n<td style=\"width: 50%;\"><img loading=\"lazy\" decoding=\"async\" class=\"alignnone size-full wp-image-3988\" src=\"https:\/\/www.cosmepak.com\/wp-content\/uploads\/2025\/03\/1-21.jpg\" alt=\"\" width=\"1000\" height=\"1000\" srcset=\"https:\/\/www.cosmepak.com\/wp-content\/uploads\/2025\/03\/1-21.jpg 1000w, https:\/\/www.cosmepak.com\/wp-content\/uploads\/2025\/03\/1-21-300x300.jpg 300w, https:\/\/www.cosmepak.com\/wp-content\/uploads\/2025\/03\/1-21-150x150.jpg 150w, https:\/\/www.cosmepak.com\/wp-content\/uploads\/2025\/03\/1-21-768x768.jpg 768w, https:\/\/www.cosmepak.com\/wp-content\/uploads\/2025\/03\/1-21-12x12.jpg 12w, https:\/\/www.cosmepak.com\/wp-content\/uploads\/2025\/03\/1-21-600x600.jpg 600w, https:\/\/www.cosmepak.com\/wp-content\/uploads\/2025\/03\/1-21-100x100.jpg 100w\" sizes=\"(max-width: 1000px) 100vw, 1000px\" \/><\/td>\n<\/tr>\n<\/tbody>\n<\/table>","protected":false},"excerpt":{"rendered":"<p>Material de garrafa: vidro<\/p>\n<p>Capabilidade: 30ml<\/p>\n<p>Cor: personalizado<\/p>\n<p>Acabamento de superf\u00edcie: impress\u00e3o de tela, cobertura, estampagem a quente, gradiente de spray, acabamento fosco, etc.<\/p>\n<p>MOQ: 5000pcs;<\/p>\n<p>&nbsp;<\/p>","protected":false},"featured_media":3989,"comment_status":"closed","ping_status":"closed","template":"","meta":{"_acf_changed":false},"product_brand":[],"product_cat":[17],"product_tag":[],"class_list":{"0":"post-1489","1":"product","2":"type-product","3":"status-publish","4":"has-post-thumbnail","6":"product_cat-perfume-bottle","8":"first","9":"outofstock","10":"shipping-taxable","11":"product-type-simple"},"acf":[],"_links":{"self":[{"href":"https:\/\/www.cosmepak.com\/pt\/wp-json\/wp\/v2\/product\/1489","targetHints":{"allow":["GET"]}}],"collection":[{"href":"https:\/\/www.cosmepak.com\/pt\/wp-json\/wp\/v2\/product"}],"about":[{"href":"https:\/\/www.cosmepak.com\/pt\/wp-json\/wp\/v2\/types\/product"}],"replies":[{"embeddable":true,"href":"https:\/\/www.cosmepak.com\/pt\/wp-json\/wp\/v2\/comments?post=1489"}],"wp:featuredmedia":[{"embeddable":true,"href":"https:\/\/www.cosmepak.com\/pt\/wp-json\/wp\/v2\/media\/3989"}],"wp:attachment":[{"href":"https:\/\/www.cosmepak.com\/pt\/wp-json\/wp\/v2\/media?parent=1489"}],"wp:term":[{"taxonomy":"product_brand","embeddable":true,"href":"https:\/\/www.cosmepak.com\/pt\/wp-json\/wp\/v2\/product_brand?post=1489"},{"taxonomy":"product_cat","embeddable":true,"href":"https:\/\/www.cosmepak.com\/pt\/wp-json\/wp\/v2\/product_cat?post=1489"},{"taxonomy":"product_tag","embeddable":true,"href":"https:\/\/www.cosmepak.com\/pt\/wp-json\/wp\/v2\/product_tag?post=1489"}],"curies":[{"name":"wp","href":"https:\/\/api.w.org\/{rel}","templated":true}]}}