{"id":1496,"date":"2025-03-27T16:19:39","date_gmt":"2025-03-27T08:19:39","guid":{"rendered":"https:\/\/www.cosmepak.com\/?post_type=product&#038;p=1496"},"modified":"2026-01-30T14:32:21","modified_gmt":"2026-01-30T06:32:21","slug":"frasco-de-perfume-50ml-em-forma-de-cilindro-frasco-de-perfume-jaunce","status":"publish","type":"product","link":"https:\/\/www.cosmepak.com\/pt\/product\/perfume-bottle-50ml-cylinder-shape-perfume-bottle-jaunce\/","title":{"rendered":"Garrafa de perfume -50ml em forma de cilindro frasco de perfume\/ jaunce"},"content":{"rendered":"<p><img fetchpriority=\"high\" decoding=\"async\" class=\"alignnone wp-image-1490\" src=\"https:\/\/www.cosmepak.com\/wp-content\/uploads\/2025\/03\/O1CN01avbEkm29TesZczGiO_2213179168069-0-cib.jpg\" alt=\"frasco de perfume7\" width=\"1363\" height=\"1363\" srcset=\"https:\/\/www.cosmepak.com\/wp-content\/uploads\/2025\/03\/O1CN01avbEkm29TesZczGiO_2213179168069-0-cib.jpg 1000w, https:\/\/www.cosmepak.com\/wp-content\/uploads\/2025\/03\/O1CN01avbEkm29TesZczGiO_2213179168069-0-cib-300x300.jpg 300w, https:\/\/www.cosmepak.com\/wp-content\/uploads\/2025\/03\/O1CN01avbEkm29TesZczGiO_2213179168069-0-cib-150x150.jpg 150w, https:\/\/www.cosmepak.com\/wp-content\/uploads\/2025\/03\/O1CN01avbEkm29TesZczGiO_2213179168069-0-cib-768x768.jpg 768w, https:\/\/www.cosmepak.com\/wp-content\/uploads\/2025\/03\/O1CN01avbEkm29TesZczGiO_2213179168069-0-cib-600x600.jpg 600w, https:\/\/www.cosmepak.com\/wp-content\/uploads\/2025\/03\/O1CN01avbEkm29TesZczGiO_2213179168069-0-cib-100x100.jpg 100w\" sizes=\"(max-width: 1363px) 100vw, 1363px\" \/><\/p>\n<p>Esta \u00e9 uma garrafa de perfume de vidro de 50 ml com dois estilos de design: cilindrico e rectangular. \u00c9 adequado para v\u00e1rias ocasi\u00f5es. Ambas as garrafas t\u00eam uma base grossa, feita de material de vidro de alta transpar\u00eancia e equipada com uma bomba de pulveriza\u00e7\u00e3o delicada, resultando em excelente efeito de atomiza\u00e7\u00e3o l\u00edquida. Essas duas garrafas de perfume combinam perfeitamente beleza, pr\u00e1tica e durabilidade. N\u00e3o s\u00f3 aumenta o apelo visual do perfume, mas tamb\u00e9m assegura estabilidade e conveni\u00eancia durante o uso. Seja para uso pessoal ou como presente, esta garrafa \u00e9 a escolha ideal para qualquer entusiasta de perfume.<\/p>\n<p>Ambos os projetos apresentam um fundo de vidro espesso, o que n\u00e3o s\u00f3 proporciona estabilidade e durabilidade. Formas redondas e quadradas das garrafas para atender \u00e0s diferentes prefer\u00eancias est\u00e9ticas. A base de vidro espesso assegura que a garrafa \u00e9 menos prov\u00e1vel para acabar, reduzindo assim o risco de derrame e quebra.<\/p>\n<p>O design da tampa de garrafa, combinado com o pulverizador eletropl\u00e1tido de ouro e prata, \u00e9 estilo e pr\u00e1tico, proporcionando excelente seguran\u00e7a e durabilidade. O l\u00edquido pulverizado pelo pulverizador eletroalum\u00ednio tem um efeito fino e suave de neblina, e \u00e9 distribu\u00eddo uniformemente pelo ar, trazendo um sentido de prazer para o usu\u00e1rio.<\/p>\n<p>A cobertura externa de ouro e prata eletropla\u00e7ada \u00e9 muitas vezes a escolha ideal para garrafas de perfume de alto alcance, sendo luxuosas, mas harmoniosas no design. Claro, tamb\u00e9m oferecemos uma cobertura exterior completamente pl\u00e1stica, que \u00e9 est\u00e9ticamente agrad\u00e1vel e funcional. N\u00e3o importa qual voc\u00ea prefere, sempre existe um produto que satisfa\u00e7a seus requisitos de design.<\/p>\n<p>Ao mesmo tempo, tamb\u00e9m oferecemos v\u00e1rias op\u00e7\u00f5es de personaliza\u00e7\u00e3o. N\u00f3s fornecemos processo semi-transparente de revestimento de pulveriza\u00e7\u00e3o, processo s\u00f3lido de revestimento de pulveriza\u00e7\u00e3o de cores. Enquanto voc\u00ea fornece n\u00fameros de cores Pantone, podemos realizar a produ\u00e7\u00e3o de amostras de pulveriza\u00e7\u00e3o baseada em sua cor. Claro, tamb\u00e9m oferecemos servi\u00e7os como impress\u00e3o de tela, selo de ouro, selo de prata, coloca\u00e7\u00e3o de etiquetas, etc.<\/p>\n<p>&nbsp;<\/p>\n<p><img decoding=\"async\" class=\"alignnone wp-image-1491\" src=\"https:\/\/www.cosmepak.com\/wp-content\/uploads\/2025\/03\/O1CN01KMAJAZ29TesZcwFUm_2213179168069-0-cib.jpg\" alt=\"Frasco de perfume de 30 ml5\" width=\"669\" height=\"669\" srcset=\"https:\/\/www.cosmepak.com\/wp-content\/uploads\/2025\/03\/O1CN01KMAJAZ29TesZcwFUm_2213179168069-0-cib.jpg 1000w, https:\/\/www.cosmepak.com\/wp-content\/uploads\/2025\/03\/O1CN01KMAJAZ29TesZcwFUm_2213179168069-0-cib-300x300.jpg 300w, https:\/\/www.cosmepak.com\/wp-content\/uploads\/2025\/03\/O1CN01KMAJAZ29TesZcwFUm_2213179168069-0-cib-150x150.jpg 150w, https:\/\/www.cosmepak.com\/wp-content\/uploads\/2025\/03\/O1CN01KMAJAZ29TesZcwFUm_2213179168069-0-cib-768x768.jpg 768w, https:\/\/www.cosmepak.com\/wp-content\/uploads\/2025\/03\/O1CN01KMAJAZ29TesZcwFUm_2213179168069-0-cib-600x600.jpg 600w, https:\/\/www.cosmepak.com\/wp-content\/uploads\/2025\/03\/O1CN01KMAJAZ29TesZcwFUm_2213179168069-0-cib-100x100.jpg 100w\" sizes=\"(max-width: 669px) 100vw, 669px\" \/> <img decoding=\"async\" class=\"alignnone wp-image-1492\" src=\"https:\/\/www.cosmepak.com\/wp-content\/uploads\/2025\/03\/O1CN01pBOAh429TesefHdJX_2213179168069-0-cib.jpg\" alt=\"\" width=\"674\" height=\"674\" srcset=\"https:\/\/www.cosmepak.com\/wp-content\/uploads\/2025\/03\/O1CN01pBOAh429TesefHdJX_2213179168069-0-cib.jpg 1000w, https:\/\/www.cosmepak.com\/wp-content\/uploads\/2025\/03\/O1CN01pBOAh429TesefHdJX_2213179168069-0-cib-300x300.jpg 300w, https:\/\/www.cosmepak.com\/wp-content\/uploads\/2025\/03\/O1CN01pBOAh429TesefHdJX_2213179168069-0-cib-150x150.jpg 150w, https:\/\/www.cosmepak.com\/wp-content\/uploads\/2025\/03\/O1CN01pBOAh429TesefHdJX_2213179168069-0-cib-768x768.jpg 768w, https:\/\/www.cosmepak.com\/wp-content\/uploads\/2025\/03\/O1CN01pBOAh429TesefHdJX_2213179168069-0-cib-600x600.jpg 600w, https:\/\/www.cosmepak.com\/wp-content\/uploads\/2025\/03\/O1CN01pBOAh429TesefHdJX_2213179168069-0-cib-100x100.jpg 100w\" sizes=\"(max-width: 674px) 100vw, 674px\" \/><\/p>\n<p>&nbsp;<\/p>","protected":false},"excerpt":{"rendered":"<p>Material de garrafa: vidro<\/p>\n<p>Capabilidade: 50ml<\/p>\n<p>Cor: personalizado<\/p>\n<p>Acabamento de superf\u00edcie: impress\u00e3o de tela, cobertura, estampagem a quente, gradiente de spray, acabamento fosco, etc.<\/p>\n<p>MOQ: 5000pcs;<\/p>\n<p>&nbsp;<\/p>","protected":false},"featured_media":1492,"comment_status":"closed","ping_status":"closed","template":"","meta":{"_acf_changed":false},"product_brand":[],"product_cat":[17],"product_tag":[],"class_list":{"0":"post-1496","1":"product","2":"type-product","3":"status-publish","4":"has-post-thumbnail","6":"product_cat-perfume-bottle","8":"first","9":"outofstock","10":"shipping-taxable","11":"product-type-simple"},"acf":[],"_links":{"self":[{"href":"https:\/\/www.cosmepak.com\/pt\/wp-json\/wp\/v2\/product\/1496","targetHints":{"allow":["GET"]}}],"collection":[{"href":"https:\/\/www.cosmepak.com\/pt\/wp-json\/wp\/v2\/product"}],"about":[{"href":"https:\/\/www.cosmepak.com\/pt\/wp-json\/wp\/v2\/types\/product"}],"replies":[{"embeddable":true,"href":"https:\/\/www.cosmepak.com\/pt\/wp-json\/wp\/v2\/comments?post=1496"}],"wp:featuredmedia":[{"embeddable":true,"href":"https:\/\/www.cosmepak.com\/pt\/wp-json\/wp\/v2\/media\/1492"}],"wp:attachment":[{"href":"https:\/\/www.cosmepak.com\/pt\/wp-json\/wp\/v2\/media?parent=1496"}],"wp:term":[{"taxonomy":"product_brand","embeddable":true,"href":"https:\/\/www.cosmepak.com\/pt\/wp-json\/wp\/v2\/product_brand?post=1496"},{"taxonomy":"product_cat","embeddable":true,"href":"https:\/\/www.cosmepak.com\/pt\/wp-json\/wp\/v2\/product_cat?post=1496"},{"taxonomy":"product_tag","embeddable":true,"href":"https:\/\/www.cosmepak.com\/pt\/wp-json\/wp\/v2\/product_tag?post=1496"}],"curies":[{"name":"wp","href":"https:\/\/api.w.org\/{rel}","templated":true}]}}