{"id":1500,"date":"2025-03-27T16:40:12","date_gmt":"2025-03-27T08:40:12","guid":{"rendered":"https:\/\/www.cosmepak.com\/?post_type=product&#038;p=1500"},"modified":"2025-09-04T17:26:24","modified_gmt":"2025-09-04T09:26:24","slug":"frasco-de-locao-de-plastico-com-ombro-redondo-jaunce","status":"publish","type":"product","link":"https:\/\/www.cosmepak.com\/pt\/product\/round-shoulder-plastic-lotion-bottle-jaunce\/","title":{"rendered":"Flasco\/Jaunce"},"content":{"rendered":"<table style=\"border-collapse: collapse; width: 100%; height: 168px;\">\n<tbody>\n<tr style=\"height: 24px;\">\n<td style=\"width: 33.3333%; height: 168px;\" rowspan=\"7\"><img fetchpriority=\"high\" decoding=\"async\" class=\"alignnone size-full wp-image-1505\" src=\"https:\/\/www.cosmepak.com\/wp-content\/uploads\/2025\/03\/11787589110_624076099\u526f\u672c.jpg\" alt=\"garrafa de pl\u00e1stico\" width=\"1000\" height=\"1000\" srcset=\"https:\/\/www.cosmepak.com\/wp-content\/uploads\/2025\/03\/11787589110_624076099\u526f\u672c.jpg 1000w, https:\/\/www.cosmepak.com\/wp-content\/uploads\/2025\/03\/11787589110_624076099\u526f\u672c-300x300.jpg 300w, https:\/\/www.cosmepak.com\/wp-content\/uploads\/2025\/03\/11787589110_624076099\u526f\u672c-150x150.jpg 150w, https:\/\/www.cosmepak.com\/wp-content\/uploads\/2025\/03\/11787589110_624076099\u526f\u672c-768x768.jpg 768w, https:\/\/www.cosmepak.com\/wp-content\/uploads\/2025\/03\/11787589110_624076099\u526f\u672c-600x600.jpg 600w, https:\/\/www.cosmepak.com\/wp-content\/uploads\/2025\/03\/11787589110_624076099\u526f\u672c-100x100.jpg 100w\" sizes=\"(max-width: 1000px) 100vw, 1000px\" \/><\/td>\n<td style=\"width: 13.6311%; height: 24px;\">Marca<\/td>\n<td style=\"width: 53.0355%; height: 24px;\">Jaunce<\/td>\n<\/tr>\n<tr style=\"height: 24px;\">\n<td style=\"width: 13.6311%; height: 24px;\">Modelo<\/td>\n<td style=\"width: 53.0355%; height: 24px;\">JH-LWSM22<\/td>\n<\/tr>\n<tr style=\"height: 24px;\">\n<td style=\"width: 13.6311%; height: 24px;\">Capabilidade<\/td>\n<td style=\"width: 53.0355%; height: 24px;\">300ml<\/td>\n<\/tr>\n<tr style=\"height: 24px;\">\n<td style=\"width: 13.6311%; height: 24px;\">Peso<\/td>\n<td style=\"width: 53.0355%; height: 24px;\">48G<\/td>\n<\/tr>\n<tr style=\"height: 24px;\">\n<td style=\"width: 13.6311%; height: 24px;\">Cor<\/td>\n<td style=\"width: 53.0355%; height: 24px;\">Verde marr\u00e3o\/escuro<\/td>\n<\/tr>\n<tr style=\"height: 24px;\">\n<td style=\"width: 13.6311%; height: 24px;\">Material<\/td>\n<td style=\"width: 53.0355%; height: 24px;\">PET\/PP<\/td>\n<\/tr>\n<tr style=\"height: 24px;\">\n<td style=\"width: 13.6311%; height: 24px;\">Tamanho<\/td>\n<td style=\"width: 53.0355%; height: 24px;\">63*145mm<\/td>\n<\/tr>\n<\/tbody>\n<\/table>\n<p>Bottle redondo de 300 ml com garrafa de pl\u00e1stico de lo\u00e7\u00e3o.<\/p>\n<p><img decoding=\"async\" class=\"alignnone wp-image-1507\" src=\"https:\/\/www.cosmepak.com\/wp-content\/uploads\/2025\/03\/11787568652_624076099.jpg\" alt=\"garrafa de pl\u00e1stico jaunce\" width=\"1378\" height=\"1831\" srcset=\"https:\/\/www.cosmepak.com\/wp-content\/uploads\/2025\/03\/11787568652_624076099.jpg 1000w, https:\/\/www.cosmepak.com\/wp-content\/uploads\/2025\/03\/11787568652_624076099-226x300.jpg 226w, https:\/\/www.cosmepak.com\/wp-content\/uploads\/2025\/03\/11787568652_624076099-771x1024.jpg 771w, https:\/\/www.cosmepak.com\/wp-content\/uploads\/2025\/03\/11787568652_624076099-768x1021.jpg 768w, https:\/\/www.cosmepak.com\/wp-content\/uploads\/2025\/03\/11787568652_624076099-600x797.jpg 600w\" sizes=\"(max-width: 1378px) 100vw, 1378px\" \/><\/p>\n<p><img decoding=\"async\" class=\"alignnone wp-image-1508\" src=\"https:\/\/www.cosmepak.com\/wp-content\/uploads\/2025\/03\/23124715975_624076099.jpg\" alt=\"garrafa de pl\u00e1stico\" width=\"681\" height=\"681\" srcset=\"https:\/\/www.cosmepak.com\/wp-content\/uploads\/2025\/03\/23124715975_624076099.jpg 1000w, https:\/\/www.cosmepak.com\/wp-content\/uploads\/2025\/03\/23124715975_624076099-300x300.jpg 300w, https:\/\/www.cosmepak.com\/wp-content\/uploads\/2025\/03\/23124715975_624076099-150x150.jpg 150w, https:\/\/www.cosmepak.com\/wp-content\/uploads\/2025\/03\/23124715975_624076099-768x768.jpg 768w, https:\/\/www.cosmepak.com\/wp-content\/uploads\/2025\/03\/23124715975_624076099-600x600.jpg 600w, https:\/\/www.cosmepak.com\/wp-content\/uploads\/2025\/03\/23124715975_624076099-100x100.jpg 100w\" sizes=\"(max-width: 681px) 100vw, 681px\" \/> <img loading=\"lazy\" decoding=\"async\" class=\"alignnone wp-image-1510\" src=\"https:\/\/www.cosmepak.com\/wp-content\/uploads\/2025\/03\/12308182745_436412743.jpg\" alt=\"\" width=\"679\" height=\"679\" srcset=\"https:\/\/www.cosmepak.com\/wp-content\/uploads\/2025\/03\/12308182745_436412743.jpg 1000w, https:\/\/www.cosmepak.com\/wp-content\/uploads\/2025\/03\/12308182745_436412743-300x300.jpg 300w, https:\/\/www.cosmepak.com\/wp-content\/uploads\/2025\/03\/12308182745_436412743-150x150.jpg 150w, https:\/\/www.cosmepak.com\/wp-content\/uploads\/2025\/03\/12308182745_436412743-768x768.jpg 768w, https:\/\/www.cosmepak.com\/wp-content\/uploads\/2025\/03\/12308182745_436412743-600x600.jpg 600w, https:\/\/www.cosmepak.com\/wp-content\/uploads\/2025\/03\/12308182745_436412743-100x100.jpg 100w\" sizes=\"(max-width: 679px) 100vw, 679px\" \/><\/p>\n<p>&nbsp;<\/p>\n<p class=\"ai-center-markdown-p\"><strong class=\"ai-center-markdown-strong\">Flasco de lota\u00e7\u00e3o de 300 ml de costelas redondas: Solu\u00e7\u00e3o de embalagem vers\u00e1til e pr\u00e1tica<\/strong><\/p>\n<p class=\"ai-center-markdown-p\" data-spm-anchor-id=\"0.8443394.0.i17.613d3e5fM1b7Mc\">Quando se trata de solu\u00e7\u00f5es de embalagem para cuidados pessoais e produtos cosm\u00e9ticos, a garrafa de lo\u00e7\u00e3o de 300 ml de ombro redondo destaca-se como uma escolha ideal. Esta garrafa vazia pl\u00e1stica n\u00e3o \u00e9 apenas est\u00e9ticamente agrad\u00e1vel, mas tamb\u00e9m altamente funcional, tornando-a adequada para uma variedade de aplica\u00e7\u00f5es.<\/p>\n<p class=\"ai-center-markdown-p\"><strong class=\"ai-center-markdown-strong\">Versatilidade no Uso<\/strong><\/p>\n<p class=\"ai-center-markdown-p\">A garrafa de lot\u00e3o de 300 ml de ombro redondo \u00e9 perfeita para uma ampla gama de produtos, incluindo:<\/p>\n<ul class=\"ai-center-markdown-ul\">\n<li class=\"ai-center-markdown-li\"><strong class=\"ai-center-markdown-strong\">Shampoo<\/strong>: Seu design robusto assegura que ele pode lidar com a viscosidade do shampoo, tornando f\u00e1cil dispensar a quantidade certa.<\/li>\n<li class=\"ai-center-markdown-li\"><strong class=\"ai-center-markdown-strong\">Sanitizador de m\u00e3os<\/strong>: Dado seu tamanho conveniente, ele \u00e9 perfeito para uso pessoal e comercial.<\/li>\n<li class=\"ai-center-markdown-li\"><strong class=\"ai-center-markdown-strong\">Loti\u00e3o<\/strong>: O design do ombro redondo permite manejar f\u00e1cil e assegura que cada \u00faltima gota de lot\u00e3o pode ser usada.<\/li>\n<li class=\"ai-center-markdown-li\"><strong class=\"ai-center-markdown-strong\">Embalagem cosm\u00e9tica<\/strong>: Sua apar\u00eancia bonita e profissional faz com que seja uma excelente escolha para produtos cosm\u00e9ticos de alto n\u00edvel.<\/li>\n<\/ul>\n<p class=\"ai-center-markdown-p\"><strong class=\"ai-center-markdown-strong\">Design e Funcionalidade<\/strong><\/p>\n<p class=\"ai-center-markdown-p\">O design de ombro redondo da garrafa proporciona v\u00e1rias vantagens:<\/p>\n<ul class=\"ai-center-markdown-ul\">\n<li class=\"ai-center-markdown-li\"><strong class=\"ai-center-markdown-strong\">Tratamento Ergon\u00f4mico<\/strong>: A forma \u00e9 confort\u00e1vel para manter, fazendo-a amig\u00e1vel para o usu\u00e1rio.<\/li>\n<li class=\"ai-center-markdown-li\"><strong class=\"ai-center-markdown-strong\">Dispens\u00e3o f\u00e1cil<\/strong>: O design assegura que o produto dentro pode ser facilmente dispensado, reduzindo os res\u00edduos.<\/li>\n<li class=\"ai-center-markdown-li\"><strong class=\"ai-center-markdown-strong\">Apela\u00e7\u00e3o Est\u00e9tica<\/strong>: Os ombros suaves e redondos d\u00e3o \u00e0 garrafa um olhar moderno e elegante, aumentando o apelo global do produto.<\/li>\n<\/ul>\n<p class=\"ai-center-markdown-p\"><strong class=\"ai-center-markdown-strong\">Durabilidade e seguran\u00e7a<\/strong><\/p>\n<p class=\"ai-center-markdown-p\">Fazido de pl\u00e1stico de alta qualidade, esta garrafa \u00e9:<\/p>\n<ul class=\"ai-center-markdown-ul\">\n<li class=\"ai-center-markdown-li\"><strong class=\"ai-center-markdown-strong\">Dur\u00e1vel<\/strong>: Ele pode resistir gotas e manejo duro sem quebrar.<\/li>\n<li class=\"ai-center-markdown-li\"><strong class=\"ai-center-markdown-strong\">Seguro<\/strong>: O material n\u00e3o \u00e9 t\u00f3xico e seguro para armazenar produtos de cuidado pessoal.<\/li>\n<li class=\"ai-center-markdown-li\"><strong class=\"ai-center-markdown-strong\">Reusable<\/strong>: Pode ser refinado e reutilizado, tornando-o uma op\u00e7\u00e3o ecol\u00f3gica.<\/li>\n<\/ul>\n<p class=\"ai-center-markdown-p\"><strong class=\"ai-center-markdown-strong\">Conclus\u00e3o<\/strong><\/p>\n<p class=\"ai-center-markdown-p\">A garrafa de lot\u00e3o de 300 ml de ombro redondo \u00e9 uma solu\u00e7\u00e3o de embalagem vers\u00e1til, duradoura e est\u00e9ticamente agrad\u00e1vel para uma ampla gama de cuidados pessoais e produtos cosm\u00e9ticos. Seu design assegura manejo f\u00e1cil e dispensa\u00e7\u00e3o, tornando-o uma escolha pr\u00e1tica tanto para fabricantes como para consumidores. Se voc\u00ea est\u00e1 embalando shamp\u00f3, saneamento de m\u00e3os, loti\u00e3o ou cosm\u00e9ticos, esta garrafa certamente atende \u00e0s suas necessidades ao mesmo tempo que aumenta o apelo geral de seu produto.<\/p>\n<p><img loading=\"lazy\" decoding=\"async\" class=\"alignnone size-full wp-image-1347\" src=\"https:\/\/www.cosmepak.com\/wp-content\/uploads\/2024\/12\/\u9996\u987519202_03.jpg\" alt=\"espet\u00e1culo de f\u00e1brica\" width=\"1920\" height=\"885\" srcset=\"https:\/\/www.cosmepak.com\/wp-content\/uploads\/2024\/12\/\u9996\u987519202_03.jpg 1920w, https:\/\/www.cosmepak.com\/wp-content\/uploads\/2024\/12\/\u9996\u987519202_03-300x138.jpg 300w, https:\/\/www.cosmepak.com\/wp-content\/uploads\/2024\/12\/\u9996\u987519202_03-1024x472.jpg 1024w, https:\/\/www.cosmepak.com\/wp-content\/uploads\/2024\/12\/\u9996\u987519202_03-768x354.jpg 768w, https:\/\/www.cosmepak.com\/wp-content\/uploads\/2024\/12\/\u9996\u987519202_03-1536x708.jpg 1536w, https:\/\/www.cosmepak.com\/wp-content\/uploads\/2024\/12\/\u9996\u987519202_03-600x277.jpg 600w\" sizes=\"(max-width: 1920px) 100vw, 1920px\" \/><\/p>\n<p><img loading=\"lazy\" decoding=\"async\" class=\"alignnone size-full wp-image-1348\" src=\"https:\/\/www.cosmepak.com\/wp-content\/uploads\/2024\/12\/\u9996\u987519202_04.jpg\" alt=\"\" width=\"1920\" height=\"694\" srcset=\"https:\/\/www.cosmepak.com\/wp-content\/uploads\/2024\/12\/\u9996\u987519202_04.jpg 1920w, https:\/\/www.cosmepak.com\/wp-content\/uploads\/2024\/12\/\u9996\u987519202_04-300x108.jpg 300w, https:\/\/www.cosmepak.com\/wp-content\/uploads\/2024\/12\/\u9996\u987519202_04-1024x370.jpg 1024w, https:\/\/www.cosmepak.com\/wp-content\/uploads\/2024\/12\/\u9996\u987519202_04-768x278.jpg 768w, https:\/\/www.cosmepak.com\/wp-content\/uploads\/2024\/12\/\u9996\u987519202_04-1536x555.jpg 1536w, https:\/\/www.cosmepak.com\/wp-content\/uploads\/2024\/12\/\u9996\u987519202_04-600x217.jpg 600w\" sizes=\"(max-width: 1920px) 100vw, 1920px\" \/><img loading=\"lazy\" decoding=\"async\" class=\"alignnone size-full wp-image-1350\" src=\"https:\/\/www.cosmepak.com\/wp-content\/uploads\/2024\/12\/\u9996\u987519202_05-1.jpg\" alt=\"\" width=\"1920\" height=\"970\" srcset=\"https:\/\/www.cosmepak.com\/wp-content\/uploads\/2024\/12\/\u9996\u987519202_05-1.jpg 1920w, https:\/\/www.cosmepak.com\/wp-content\/uploads\/2024\/12\/\u9996\u987519202_05-1-300x152.jpg 300w, https:\/\/www.cosmepak.com\/wp-content\/uploads\/2024\/12\/\u9996\u987519202_05-1-1024x517.jpg 1024w, https:\/\/www.cosmepak.com\/wp-content\/uploads\/2024\/12\/\u9996\u987519202_05-1-768x388.jpg 768w, https:\/\/www.cosmepak.com\/wp-content\/uploads\/2024\/12\/\u9996\u987519202_05-1-1536x776.jpg 1536w, https:\/\/www.cosmepak.com\/wp-content\/uploads\/2024\/12\/\u9996\u987519202_05-1-600x303.jpg 600w\" sizes=\"(max-width: 1920px) 100vw, 1920px\" \/><img loading=\"lazy\" decoding=\"async\" class=\"alignnone wp-image-1351\" src=\"https:\/\/www.cosmepak.com\/wp-content\/uploads\/2024\/12\/\u7269\u6d41\u8fd0\u8f93\u753b\u9762-2.jpg\" alt=\"\" width=\"1385\" height=\"1039\" srcset=\"https:\/\/www.cosmepak.com\/wp-content\/uploads\/2024\/12\/\u7269\u6d41\u8fd0\u8f93\u753b\u9762-2.jpg 800w, https:\/\/www.cosmepak.com\/wp-content\/uploads\/2024\/12\/\u7269\u6d41\u8fd0\u8f93\u753b\u9762-2-300x225.jpg 300w, https:\/\/www.cosmepak.com\/wp-content\/uploads\/2024\/12\/\u7269\u6d41\u8fd0\u8f93\u753b\u9762-2-768x576.jpg 768w, https:\/\/www.cosmepak.com\/wp-content\/uploads\/2024\/12\/\u7269\u6d41\u8fd0\u8f93\u753b\u9762-2-600x450.jpg 600w\" sizes=\"(max-width: 1385px) 100vw, 1385px\" \/><\/p>\n<table style=\"border-collapse: collapse; width: 100%;\">\n<tbody>\n<tr>\n<td style=\"width: 33.3333%; text-align: center;\"><strong>Expressar<\/strong><\/td>\n<td style=\"width: 33.3333%; text-align: center;\"><strong>Frete a\u00e9reo<\/strong><\/td>\n<td style=\"width: 33.3333%; text-align: center;\"><strong>Transporte mar\u00edtimo<\/strong><\/td>\n<\/tr>\n<tr>\n<td style=\"width: 33.3333%; text-align: center;\">Europ 4-6 dias<\/p>\n<p>Am\u00e9rica do Norte de 4 a 6 dias<\/p>\n<p>Sudeste Asi\u00e1tico de 3 a 5 dias<\/p>\n<p>O Oriente M\u00e9dio de 4 a 6 dias<\/p>\n<p>\u00c1frica do Sul de 5 a 8 dias<\/td>\n<td style=\"width: 33.3333%; text-align: center;\">Europ 4-6 dias<\/p>\n<p>Am\u00e9rica do Norte de 4 a 6 dias<\/p>\n<p>Sudeste Asi\u00e1tico de 3 a 5 dias<\/p>\n<p>O Oriente M\u00e9dio de 4 a 6 dias<\/p>\n<p>\u00c1frica do Sul de 5 a 8 dias<\/td>\n<td style=\"width: 33.3333%; text-align: center;\">Europ 25-35 dias<\/p>\n<p>Am\u00e9rica do Norte de 25 a 35 dias<\/p>\n<p>Sudeste Asi\u00e1tico de 25 a 35 dias<\/p>\n<p>O Oriente M\u00e9dio de 25 a 35 dias<\/p>\n<p>\u00c1frica do Sul 25-35 dias<\/td>\n<\/tr>\n<\/tbody>\n<\/table>\n<h3 id=\"faq\" class=\"ai-center-markdown-h3\" data-spm-anchor-id=\"0.8443394.0.i20.613d3e5fM1b7Mc\">FAQ<\/h3>\n<h4 id=\"1-why-should-you-buy-from-us-instead-of-other-suppliers\" class=\"ai-center-markdown-h4\">1. Por que voc\u00ea deveria comprar de n\u00f3s em vez de outros fornecedores?<\/h4>\n<ul class=\"ai-center-markdown-ul\">\n<li class=\"ai-center-markdown-li\">Designes personalizados prontos em apenas 3 minutos.<\/li>\n<li class=\"ai-center-markdown-li\">servi\u00e7o de clientes online 24 horas por dia.<\/li>\n<li class=\"ai-center-markdown-li\">Mostras de a\u00e7\u00f5es dispon\u00edveis em 7 dias; - amostras impressas personalizadas em 15 dias.<\/li>\n<li class=\"ai-center-markdown-li\">tempo de 35 dias para as ordens.<\/li>\n<li class=\"ai-center-markdown-li\">Mais de 10 anos de experi\u00eancia em embalagens cosm\u00e9ticas profissionais.<\/li>\n<li class=\"ai-center-markdown-li\">Vendas directas na f\u00e1brica asseguram os melhores pre\u00e7os e servi\u00e7os.<\/li>\n<li class=\"ai-center-markdown-li\">Uma solu\u00e7\u00e3o para todas as suas necessidades de embalagem.<\/li>\n<\/ul>\n<h4 id=\"2-who-are-we\" class=\"ai-center-markdown-h4\">2. Quem somos n\u00f3s?<\/h4>\n<p class=\"ai-center-markdown-p\">Estamos baseados em Zhejiang, China, e estamos operando desde 2014. Nossos principais mercados incluem:<\/p>\n<ul class=\"ai-center-markdown-ul\">\n<li class=\"ai-center-markdown-li\">Mercado Interno (70,00%)<\/li>\n<li class=\"ai-center-markdown-li\">Oceania (8,00%)<\/li>\n<li class=\"ai-center-markdown-li\">Oriente M\u00e9dio (7,00%)<\/li>\n<li class=\"ai-center-markdown-li\">\u00c1sia Oriental (2,00%)<\/li>\n<li class=\"ai-center-markdown-li\">Am\u00e9rica do Norte (2,00%)<\/li>\n<li class=\"ai-center-markdown-li\">Europa Ocidental (2,00%)<\/li>\n<li class=\"ai-center-markdown-li\">Sudeste \u00c1sia (2,00%)<\/li>\n<li class=\"ai-center-markdown-li\">\u00c1sia do Sul (1,00%)<\/li>\n<li class=\"ai-center-markdown-li\">Am\u00e9rica do Sul (1,00%)<\/li>\n<li class=\"ai-center-markdown-li\">Europa do Sul (1,00%)<\/li>\n<li class=\"ai-center-markdown-li\">Am\u00e9rica Central (1,00%)<\/li>\n<li class=\"ai-center-markdown-li\">Europa do Norte (1,00%)<\/li>\n<li class=\"ai-center-markdown-li\">\u00c1frica (1,00%)<\/li>\n<li class=\"ai-center-markdown-li\">Europa Oriental (1,00%)<\/li>\n<\/ul>\n<h4 id=\"3-how-can-we-guarantee-quality\" class=\"ai-center-markdown-h4\">3. Como podemos garantir qualidade?<\/h4>\n<ul class=\"ai-center-markdown-ul\">\n<li class=\"ai-center-markdown-li\">N\u00f3s sempre fornecemos uma amostra de pr\u00e9-produ\u00e7\u00e3o antes da produ\u00e7\u00e3o em mass a.<\/li>\n<li class=\"ai-center-markdown-li\">N\u00f3s realizamos uma inspec\u00e7\u00e3o final antes da expedi\u00e7\u00e3o.<\/li>\n<\/ul>\n<h4 id=\"4-what-can-you-buy-from-us\" class=\"ai-center-markdown-h4\">4. O que voc\u00ea pode comprar de n\u00f3s?<\/h4>\n<ul class=\"ai-center-markdown-ul\">\n<li class=\"ai-center-markdown-li\">Flascos de vidro<\/li>\n<li class=\"ai-center-markdown-li\">Flascos de pl\u00e1stico, vasos e tubos<\/li>\n<li class=\"ai-center-markdown-li\">Flascos de alum\u00ednio, vasos e tubos<\/li>\n<li class=\"ai-center-markdown-li\">Diversos materiais de embalagem cosm\u00e9tica<\/li>\n<\/ul>\n<h4 id=\"5-what-services-can-we-provide\" class=\"ai-center-markdown-h4\">5. Que servi\u00e7os podemos prestar?<\/h4>\n<ul class=\"ai-center-markdown-ul\">\n<li class=\"ai-center-markdown-li\"><strong class=\"ai-center-markdown-strong\">Condi\u00e7\u00f5es de entrega aceitadas:<\/strong>\u00a0FOB, CFR, CIF<\/li>\n<li class=\"ai-center-markdown-li\"><strong class=\"ai-center-markdown-strong\">Monetas de pagamento aceitadas:<\/strong>\u00a0USD, EUR, HKD, CNY<\/li>\n<li class=\"ai-center-markdown-li\"><strong class=\"ai-center-markdown-strong\">Tipos de Pagamento Aceitados:<\/strong>\u00a0T\/T, L\/C, D\/P, D\/A<\/li>\n<li class=\"ai-center-markdown-li\"><strong class=\"ai-center-markdown-strong\">Linguagens Faladas:<\/strong>\u00a0Ingl\u00eas, chin\u00eas<\/li>\n<\/ul>\n<p>&nbsp;<\/p>","protected":false},"excerpt":{"rendered":"<p>Material de garrafa: PET<\/p>\n<p>Capacidade: 300ml<\/p>\n<p>Bomba: bomba de lo\u00e7\u00e3o pp<\/p>\n<p>Cor: Branco\/ Verde escuro\/personalizado<\/p>\n<p>Acabamento de superf\u00edcie: impress\u00e3o de tela, cobertura, estampagem a quente, gradiente de spray, acabamento fosco, etc.<\/p>\n<p>MOQ: 5000pcs;<\/p>\n<p>&nbsp;<\/p>","protected":false},"featured_media":1510,"comment_status":"closed","ping_status":"closed","template":"","meta":{"_acf_changed":false},"product_brand":[],"product_cat":[47,18],"product_tag":[],"class_list":{"0":"post-1500","1":"product","2":"type-product","3":"status-publish","4":"has-post-thumbnail","6":"product_cat-lotion-bottle","7":"product_cat-plastic-bottle","9":"first","10":"outofstock","11":"shipping-taxable","12":"product-type-simple"},"acf":[],"_links":{"self":[{"href":"https:\/\/www.cosmepak.com\/pt\/wp-json\/wp\/v2\/product\/1500","targetHints":{"allow":["GET"]}}],"collection":[{"href":"https:\/\/www.cosmepak.com\/pt\/wp-json\/wp\/v2\/product"}],"about":[{"href":"https:\/\/www.cosmepak.com\/pt\/wp-json\/wp\/v2\/types\/product"}],"replies":[{"embeddable":true,"href":"https:\/\/www.cosmepak.com\/pt\/wp-json\/wp\/v2\/comments?post=1500"}],"wp:featuredmedia":[{"embeddable":true,"href":"https:\/\/www.cosmepak.com\/pt\/wp-json\/wp\/v2\/media\/1510"}],"wp:attachment":[{"href":"https:\/\/www.cosmepak.com\/pt\/wp-json\/wp\/v2\/media?parent=1500"}],"wp:term":[{"taxonomy":"product_brand","embeddable":true,"href":"https:\/\/www.cosmepak.com\/pt\/wp-json\/wp\/v2\/product_brand?post=1500"},{"taxonomy":"product_cat","embeddable":true,"href":"https:\/\/www.cosmepak.com\/pt\/wp-json\/wp\/v2\/product_cat?post=1500"},{"taxonomy":"product_tag","embeddable":true,"href":"https:\/\/www.cosmepak.com\/pt\/wp-json\/wp\/v2\/product_tag?post=1500"}],"curies":[{"name":"wp","href":"https:\/\/api.w.org\/{rel}","templated":true}]}}