{"id":151,"date":"2024-12-31T12:08:23","date_gmt":"2024-12-31T04:08:23","guid":{"rendered":"http:\/\/www.cosmepak.com\/?post_type=product&#038;p=151"},"modified":"2025-10-17T14:02:57","modified_gmt":"2025-10-17T06:02:57","slug":"100ml-transparent-perfume-bottle-15-neck-size","status":"publish","type":"product","link":"https:\/\/www.cosmepak.com\/pt\/product\/100ml-transparent-perfume-bottle-15-neck-size\/","title":{"rendered":"100ml Transparente Perfume Bottle 15# Neck Size"},"content":{"rendered":"<table style=\"border-collapse: collapse; width: 93.8182%; height: 247px;\">\n<tbody>\n<tr style=\"height: 24px;\">\n<td style=\"width: 39.0625%; height: 247px;\" rowspan=\"10\"><img fetchpriority=\"high\" decoding=\"async\" class=\"alignnone size-full wp-image-3033\" src=\"https:\/\/www.cosmepak.com\/wp-content\/uploads\/2024\/12\/\u4e3b\u56fe-8.jpg\" alt=\"\" width=\"1500\" height=\"1500\" srcset=\"https:\/\/www.cosmepak.com\/wp-content\/uploads\/2024\/12\/\u4e3b\u56fe-8.jpg 1500w, https:\/\/www.cosmepak.com\/wp-content\/uploads\/2024\/12\/\u4e3b\u56fe-8-300x300.jpg 300w, https:\/\/www.cosmepak.com\/wp-content\/uploads\/2024\/12\/\u4e3b\u56fe-8-1024x1024.jpg 1024w, https:\/\/www.cosmepak.com\/wp-content\/uploads\/2024\/12\/\u4e3b\u56fe-8-150x150.jpg 150w, https:\/\/www.cosmepak.com\/wp-content\/uploads\/2024\/12\/\u4e3b\u56fe-8-768x768.jpg 768w, https:\/\/www.cosmepak.com\/wp-content\/uploads\/2024\/12\/\u4e3b\u56fe-8-12x12.jpg 12w, https:\/\/www.cosmepak.com\/wp-content\/uploads\/2024\/12\/\u4e3b\u56fe-8-600x600.jpg 600w, https:\/\/www.cosmepak.com\/wp-content\/uploads\/2024\/12\/\u4e3b\u56fe-8-100x100.jpg 100w\" sizes=\"(max-width: 1500px) 100vw, 1500px\" \/><\/td>\n<td style=\"width: 25.9108%; height: 24px;\">Nome do produto<\/td>\n<td style=\"width: 86.1633%; height: 24px;\">Flasco de perfume de 100ML<\/td>\n<\/tr>\n<tr style=\"height: 24px;\">\n<td style=\"width: 25.9108%; height: 24px;\">Material<\/td>\n<td style=\"width: 86.1633%; height: 24px;\">Vidro<\/td>\n<\/tr>\n<tr style=\"height: 28px;\">\n<td style=\"width: 25.9108%; height: 28px;\">Tamanho<\/td>\n<td style=\"width: 86.1633%; height: 28px;\">58*123mm<\/td>\n<\/tr>\n<tr style=\"height: 27px;\">\n<td style=\"width: 25.9108%; height: 27px;\">Tamanho do pesco\u00e7o<\/td>\n<td style=\"width: 86.1633%; height: 27px;\">15mm<\/td>\n<\/tr>\n<tr style=\"height: 24px;\">\n<td style=\"width: 25.9108%; height: 24px;\">Cor<\/td>\n<td style=\"width: 86.1633%; height: 24px;\">Aceitar personalizado<\/td>\n<\/tr>\n<tr style=\"height: 24px;\">\n<td style=\"width: 25.9108%; height: 24px;\">Tratamento de obras de arte<\/td>\n<td style=\"width: 86.1633%; height: 24px;\">Impress\u00e3o de tela de seda\/Etiqueta\u00e7\u00e3o\/Impress\u00e3o quente~<\/td>\n<\/tr>\n<tr style=\"height: 24px;\">\n<td style=\"width: 25.9108%; height: 24px;\">Capacidade<\/td>\n<td style=\"width: 86.1633%; height: 24px;\">100ml<\/td>\n<\/tr>\n<tr style=\"height: 24px;\">\n<td style=\"width: 25.9108%; height: 24px;\">MOQ<\/td>\n<td style=\"width: 86.1633%; height: 24px;\">10000pcs para personaliza\u00e7\u00e3o<\/td>\n<\/tr>\n<tr style=\"height: 24px;\">\n<td style=\"width: 25.9108%; height: 24px;\">Prazo de entrega<\/td>\n<td style=\"width: 86.1633%; height: 24px;\">35-45 dias ap\u00f3s o recebimento do dep\u00f3sito.<\/td>\n<\/tr>\n<tr style=\"height: 24px;\">\n<td style=\"width: 25.9108%; height: 24px;\">Termo de pagamento<\/td>\n<td style=\"width: 86.1633%; height: 24px;\">Dep\u00f3sito de 50%, saldo de 50% pago antes do carregamento.<\/td>\n<\/tr>\n<\/tbody>\n<\/table>\n<p>Essa garrafa de vidro de perfume fusiona design moderno com durabilidade: artesanato fino assegura uma constru\u00e7\u00e3o espessa e n\u00e3o-pic\u00e1vel, e sua limpa e brilhante termina\u00e7\u00e3o presta uma vibra\u00e7\u00e3o fresca e fria. A forma \u00fanica brilha mais com um cap \u00edtulo de bola de resin a de cor e um pulverizador de nevoeiro de ouro-prata - sem excesso de frills, apenas uma pe\u00e7a magra que \u00e9 igualmente pr\u00e1tica para spritzar e estilar como um sotaque de decor a \u00e7\u00e3o.<\/p>\n<p>Esta garrafa de perfume casa com sustentabilidade com sofistica\u00e7\u00e3o. Trabalhado de vidro ambro reciclado, sua textura congelada difusa a luz suavemente, enquanto a tampa de bamb\u00fa \u2013 virada pela m\u00e3o por artesanos \u2013 acrescenta calor. O design refil\u00edvel reduz os res\u00edduos, e o r\u00f3tulo minimalista, impresso com tinta de soja, completa a est\u00e9tica ecol\u00f3gica. Perfeito para fragran\u00e7a s de terra ou madeira, \u00e9 uma escolha estilista para consumidores conscientes que se recusam a comprometer com a beleza.<\/p>\n<p>No campo da beleza e embalagem de produtos de cuidado pessoal, um recipiente que integra a pr\u00e1tica, a amizade ambiental e a adaptabilidade das marcas \u00e9 um motor crucial para que os produtos ganhem o favor do mercado. Nossa garrafa de perfume com especifica\u00e7\u00f5es precisas mas tamb\u00e9m se destacam como o parceiro ideal de embalagem para seus produtos, gra\u00e7as a sua excelente filosofia ambiental, servi\u00e7os flex\u00edveis de personaliza\u00e7\u00e3o e uma ampla gama de cen\u00e1rios de aplica\u00e7\u00e3o.<\/p>\n<p>Oferecemos esta garrafa de perfume em tr\u00eas capacidades diferentes: 30 ml, 50 ml e 100 ml para sua sele\u00e7\u00e3o. e tamb\u00e9m dispon\u00edvel em cor Amber. Tamb\u00e9m oferecemos cores personalizadas, logos e impress\u00e3o como seus requisitos especiais.<\/p>\n<p>&nbsp;<\/p>\n<table style=\"border-collapse: collapse; width: 100%;\">\n<tbody>\n<tr>\n<td style=\"width: 33.3333%;\" colspan=\"3\"><img decoding=\"async\" class=\"wp-image-3034 alignleft\" src=\"https:\/\/www.cosmepak.com\/wp-content\/uploads\/2024\/12\/8-3.jpg\" alt=\"\" width=\"1344\" height=\"1344\" srcset=\"https:\/\/www.cosmepak.com\/wp-content\/uploads\/2024\/12\/8-3.jpg 1000w, https:\/\/www.cosmepak.com\/wp-content\/uploads\/2024\/12\/8-3-300x300.jpg 300w, https:\/\/www.cosmepak.com\/wp-content\/uploads\/2024\/12\/8-3-150x150.jpg 150w, https:\/\/www.cosmepak.com\/wp-content\/uploads\/2024\/12\/8-3-768x768.jpg 768w, https:\/\/www.cosmepak.com\/wp-content\/uploads\/2024\/12\/8-3-12x12.jpg 12w, https:\/\/www.cosmepak.com\/wp-content\/uploads\/2024\/12\/8-3-600x600.jpg 600w, https:\/\/www.cosmepak.com\/wp-content\/uploads\/2024\/12\/8-3-100x100.jpg 100w\" sizes=\"(max-width: 1344px) 100vw, 1344px\" \/><\/td>\n<\/tr>\n<tr>\n<td style=\"width: 33.3333%;\"><img decoding=\"async\" class=\"alignnone size-full wp-image-3035\" src=\"https:\/\/www.cosmepak.com\/wp-content\/uploads\/2024\/12\/\u8be6\u60c5-10.jpg\" alt=\"\" width=\"1000\" height=\"1000\" srcset=\"https:\/\/www.cosmepak.com\/wp-content\/uploads\/2024\/12\/\u8be6\u60c5-10.jpg 1000w, https:\/\/www.cosmepak.com\/wp-content\/uploads\/2024\/12\/\u8be6\u60c5-10-300x300.jpg 300w, https:\/\/www.cosmepak.com\/wp-content\/uploads\/2024\/12\/\u8be6\u60c5-10-150x150.jpg 150w, https:\/\/www.cosmepak.com\/wp-content\/uploads\/2024\/12\/\u8be6\u60c5-10-768x768.jpg 768w, https:\/\/www.cosmepak.com\/wp-content\/uploads\/2024\/12\/\u8be6\u60c5-10-12x12.jpg 12w, https:\/\/www.cosmepak.com\/wp-content\/uploads\/2024\/12\/\u8be6\u60c5-10-600x600.jpg 600w, https:\/\/www.cosmepak.com\/wp-content\/uploads\/2024\/12\/\u8be6\u60c5-10-100x100.jpg 100w\" sizes=\"(max-width: 1000px) 100vw, 1000px\" \/><\/td>\n<td style=\"width: 33.3333%;\"><img loading=\"lazy\" decoding=\"async\" class=\"alignnone size-full wp-image-3036\" src=\"https:\/\/www.cosmepak.com\/wp-content\/uploads\/2024\/12\/\u8be6\u60c5-11.jpg\" alt=\"\" width=\"1000\" height=\"1000\" srcset=\"https:\/\/www.cosmepak.com\/wp-content\/uploads\/2024\/12\/\u8be6\u60c5-11.jpg 1000w, https:\/\/www.cosmepak.com\/wp-content\/uploads\/2024\/12\/\u8be6\u60c5-11-300x300.jpg 300w, https:\/\/www.cosmepak.com\/wp-content\/uploads\/2024\/12\/\u8be6\u60c5-11-150x150.jpg 150w, https:\/\/www.cosmepak.com\/wp-content\/uploads\/2024\/12\/\u8be6\u60c5-11-768x768.jpg 768w, https:\/\/www.cosmepak.com\/wp-content\/uploads\/2024\/12\/\u8be6\u60c5-11-12x12.jpg 12w, https:\/\/www.cosmepak.com\/wp-content\/uploads\/2024\/12\/\u8be6\u60c5-11-600x600.jpg 600w, https:\/\/www.cosmepak.com\/wp-content\/uploads\/2024\/12\/\u8be6\u60c5-11-100x100.jpg 100w\" sizes=\"(max-width: 1000px) 100vw, 1000px\" \/><\/td>\n<td style=\"width: 33.3333%;\"><img loading=\"lazy\" decoding=\"async\" class=\"alignnone size-full wp-image-3037\" src=\"https:\/\/www.cosmepak.com\/wp-content\/uploads\/2024\/12\/5-3.jpg\" alt=\"\" width=\"1000\" height=\"1000\" srcset=\"https:\/\/www.cosmepak.com\/wp-content\/uploads\/2024\/12\/5-3.jpg 1000w, https:\/\/www.cosmepak.com\/wp-content\/uploads\/2024\/12\/5-3-300x300.jpg 300w, https:\/\/www.cosmepak.com\/wp-content\/uploads\/2024\/12\/5-3-150x150.jpg 150w, https:\/\/www.cosmepak.com\/wp-content\/uploads\/2024\/12\/5-3-768x768.jpg 768w, https:\/\/www.cosmepak.com\/wp-content\/uploads\/2024\/12\/5-3-12x12.jpg 12w, https:\/\/www.cosmepak.com\/wp-content\/uploads\/2024\/12\/5-3-600x600.jpg 600w, https:\/\/www.cosmepak.com\/wp-content\/uploads\/2024\/12\/5-3-100x100.jpg 100w\" sizes=\"(max-width: 1000px) 100vw, 1000px\" \/><\/td>\n<\/tr>\n<\/tbody>\n<\/table>\n<p><img loading=\"lazy\" decoding=\"async\" class=\"alignnone wp-image-3038\" src=\"https:\/\/www.cosmepak.com\/wp-content\/uploads\/2024\/12\/\u8be6\u60c5-4.jpg\" alt=\"\" width=\"1394\" height=\"1394\" srcset=\"https:\/\/www.cosmepak.com\/wp-content\/uploads\/2024\/12\/\u8be6\u60c5-4.jpg 1000w, https:\/\/www.cosmepak.com\/wp-content\/uploads\/2024\/12\/\u8be6\u60c5-4-300x300.jpg 300w, https:\/\/www.cosmepak.com\/wp-content\/uploads\/2024\/12\/\u8be6\u60c5-4-150x150.jpg 150w, https:\/\/www.cosmepak.com\/wp-content\/uploads\/2024\/12\/\u8be6\u60c5-4-768x768.jpg 768w, https:\/\/www.cosmepak.com\/wp-content\/uploads\/2024\/12\/\u8be6\u60c5-4-12x12.jpg 12w, https:\/\/www.cosmepak.com\/wp-content\/uploads\/2024\/12\/\u8be6\u60c5-4-600x600.jpg 600w, https:\/\/www.cosmepak.com\/wp-content\/uploads\/2024\/12\/\u8be6\u60c5-4-100x100.jpg 100w\" sizes=\"(max-width: 1394px) 100vw, 1394px\" \/><\/p>\n<p style=\"text-align: center;\">SOBRE N\u00d3S<\/p>\n<p>Nossa f\u00e1brica se especializou na fabrica\u00e7\u00e3o de embalagens cosm\u00e9ticas h\u00e1 mais de 10 anos. N\u00f3s t\u00ednhamos aprovado a certifica\u00e7\u00e3o ISO9000\/14000, podemos fornecer SGS e MSDS tamb\u00e9m.<br \/>\nEstamos aderindo ao princ\u00edpio de neg\u00f3cios honestos a todos os clientes.<\/p>\n<p>N\u00f3s nos especializamos em uma ampla gama de produtos de embalagem, incluindo garrafas de vidro, recipientes de pl\u00e1stico e solu\u00e7\u00f5es de dispens\u00e3o. Nossos produtos s\u00e3o amplamente utilizados nas ind\u00fastrias cosm\u00e9ticas, cuidados pessoais e dom\u00e9sticas.<\/p>\n<p>Hangzhou Jaunce \u00e9 sua melhor escolha, n\u00f3s n\u00e3o somos apenas o fornecedor, n\u00f3s somos tamb\u00e9m seu amigo, por favor deixe-nos ganhar juntos.<\/p>\n<p><img loading=\"lazy\" decoding=\"async\" class=\"alignnone size-full wp-image-2391\" src=\"https:\/\/www.cosmepak.com\/wp-content\/uploads\/2025\/06\/factory-has-specialized-in-cosmetic-packaging-manufacturing.webp\" alt=\"\" width=\"1920\" height=\"885\" srcset=\"https:\/\/www.cosmepak.com\/wp-content\/uploads\/2025\/06\/factory-has-specialized-in-cosmetic-packaging-manufacturing.webp 1920w, https:\/\/www.cosmepak.com\/wp-content\/uploads\/2025\/06\/factory-has-specialized-in-cosmetic-packaging-manufacturing-300x138.webp 300w, https:\/\/www.cosmepak.com\/wp-content\/uploads\/2025\/06\/factory-has-specialized-in-cosmetic-packaging-manufacturing-1024x472.webp 1024w, https:\/\/www.cosmepak.com\/wp-content\/uploads\/2025\/06\/factory-has-specialized-in-cosmetic-packaging-manufacturing-768x354.webp 768w, https:\/\/www.cosmepak.com\/wp-content\/uploads\/2025\/06\/factory-has-specialized-in-cosmetic-packaging-manufacturing-1536x708.webp 1536w, https:\/\/www.cosmepak.com\/wp-content\/uploads\/2025\/06\/factory-has-specialized-in-cosmetic-packaging-manufacturing-18x8.webp 18w, https:\/\/www.cosmepak.com\/wp-content\/uploads\/2025\/06\/factory-has-specialized-in-cosmetic-packaging-manufacturing-600x277.webp 600w\" sizes=\"(max-width: 1920px) 100vw, 1920px\" \/><\/p>\n<p>&nbsp;<\/p>","protected":false},"excerpt":{"rendered":"<p>Capacidade: 100ml<\/p>\n<p>A cultura de embalagens de Batterboo pode ser reciclada?<\/p>\n<p>Material: vidro<\/p>\n<p>Voc\u00ea aposta! O bametrb\u00fa se quebra naturalmente. Tamb\u00e9m \u00e9 reciclable. O embalagem cosm\u00e9tico de bamb\u00fa de Jaunce \u00e9 feito para ser verde e f\u00e1cil de reciclar.<\/p>\n<p>Por que Ba \u0645\u062a\u0631boo \u00e9 considerado um Susta \u0628\u0648\u0635um material capaz de embalagem? - Jaunce industrial<\/p>\n<p>Packa \u062c\u0631\u0627\u0645\u0628\u0648\u0635\u0629g Bottle\/Jaunce<\/p>","protected":false},"featured_media":3039,"comment_status":"closed","ping_status":"closed","template":"","meta":{"_acf_changed":false},"product_brand":[],"product_cat":[17],"product_tag":[],"class_list":{"0":"post-151","1":"product","2":"type-product","3":"status-publish","4":"has-post-thumbnail","6":"product_cat-perfume-bottle","8":"first","9":"outofstock","10":"shipping-taxable","11":"product-type-simple"},"acf":[],"_links":{"self":[{"href":"https:\/\/www.cosmepak.com\/pt\/wp-json\/wp\/v2\/product\/151","targetHints":{"allow":["GET"]}}],"collection":[{"href":"https:\/\/www.cosmepak.com\/pt\/wp-json\/wp\/v2\/product"}],"about":[{"href":"https:\/\/www.cosmepak.com\/pt\/wp-json\/wp\/v2\/types\/product"}],"replies":[{"embeddable":true,"href":"https:\/\/www.cosmepak.com\/pt\/wp-json\/wp\/v2\/comments?post=151"}],"wp:featuredmedia":[{"embeddable":true,"href":"https:\/\/www.cosmepak.com\/pt\/wp-json\/wp\/v2\/media\/3039"}],"wp:attachment":[{"href":"https:\/\/www.cosmepak.com\/pt\/wp-json\/wp\/v2\/media?parent=151"}],"wp:term":[{"taxonomy":"product_brand","embeddable":true,"href":"https:\/\/www.cosmepak.com\/pt\/wp-json\/wp\/v2\/product_brand?post=151"},{"taxonomy":"product_cat","embeddable":true,"href":"https:\/\/www.cosmepak.com\/pt\/wp-json\/wp\/v2\/product_cat?post=151"},{"taxonomy":"product_tag","embeddable":true,"href":"https:\/\/www.cosmepak.com\/pt\/wp-json\/wp\/v2\/product_tag?post=151"}],"curies":[{"name":"wp","href":"https:\/\/api.w.org\/{rel}","templated":true}]}}