{"id":152,"date":"2024-12-31T12:08:02","date_gmt":"2024-12-31T04:08:02","guid":{"rendered":"http:\/\/www.cosmepak.com\/?post_type=product&#038;p=152"},"modified":"2026-04-28T14:14:41","modified_gmt":"2026-04-28T06:14:41","slug":"glass-bottle-140ml-round-dissuser-bottle","status":"publish","type":"product","link":"https:\/\/www.cosmepak.com\/pt\/product\/glass-bottle-140ml-round-dissuser-bottle\/","title":{"rendered":"Flasco de vidro\/Flasco de 140ml de dissuasor redondo"},"content":{"rendered":"<table style=\"border-collapse: collapse; width: 100%;\">\n<tbody>\n<tr>\n<td style=\"width: 45.7802%; text-align: center;\">Nome do item<\/td>\n<td style=\"width: 54.2198%; text-align: center;\">Garrafa de difusor<\/td>\n<\/tr>\n<tr>\n<td style=\"width: 45.7802%; text-align: center;\">Capacidade<\/td>\n<td style=\"width: 54.2198%; text-align: center;\">140ml<\/td>\n<\/tr>\n<tr>\n<td style=\"width: 45.7802%; text-align: center;\">Tamanho<\/td>\n<td style=\"width: 54.2198%; text-align: center;\">70x 76mm<\/td>\n<\/tr>\n<tr>\n<td style=\"width: 45.7802%; text-align: center;\">Material<\/td>\n<td style=\"width: 54.2198%; text-align: center;\">Vidro<\/td>\n<\/tr>\n<tr>\n<td style=\"width: 45.7802%; text-align: center;\">Cor<\/td>\n<td style=\"width: 54.2198%; text-align: center;\">personalizado<\/td>\n<\/tr>\n<tr>\n<td style=\"width: 45.7802%; text-align: center;\">Tratamento de obras de arte<\/td>\n<td style=\"width: 54.2198%; text-align: center;\">Impress\u00e3o de seda, rotulagem.<\/td>\n<\/tr>\n<tr>\n<td style=\"width: 45.7802%; text-align: center;\">MOQ<\/td>\n<td style=\"width: 54.2198%; text-align: center;\">5000pcs<\/td>\n<\/tr>\n<\/tbody>\n<\/table>\n<p><img fetchpriority=\"high\" decoding=\"async\" class=\"alignnone wp-image-1357\" src=\"https:\/\/www.cosmepak.com\/wp-content\/uploads\/2024\/12\/O1CN01H3wXf42GHTelEiJtv_2218387698990-0-cib.jpg\" alt=\"\" width=\"1375\" height=\"1405\" srcset=\"https:\/\/www.cosmepak.com\/wp-content\/uploads\/2024\/12\/O1CN01H3wXf42GHTelEiJtv_2218387698990-0-cib.jpg 790w, https:\/\/www.cosmepak.com\/wp-content\/uploads\/2024\/12\/O1CN01H3wXf42GHTelEiJtv_2218387698990-0-cib-294x300.jpg 294w, https:\/\/www.cosmepak.com\/wp-content\/uploads\/2024\/12\/O1CN01H3wXf42GHTelEiJtv_2218387698990-0-cib-768x785.jpg 768w, https:\/\/www.cosmepak.com\/wp-content\/uploads\/2024\/12\/O1CN01H3wXf42GHTelEiJtv_2218387698990-0-cib-600x613.jpg 600w\" sizes=\"(max-width: 1375px) 100vw, 1375px\" \/><\/p>\n<p>Pick \u0628\u0648\u0635\u0629\u062c\u0631\u0627m uma forma de garrafa perfumetro que se encaixa em seu estilo faz seu cheiro se sentir e special. Por exemplo, garrafas redondas apelam a aqueles que adoram beleza cl\u00e1ssica. Esses projetos mostram suavidade e encanto tranquilo. Eles s\u00e3o \u00f3timos para pessoas que gostam da velha escola.<\/p>\n<p>Se voc\u00ea \u00e9 ousado ou amor be \u0628\u0648\u0635\u0629crime diferente, procure formas estranhas ou art\u00edsticas. Designes coois e abstratos representam perfumetros de esp\u00edrito livre. Esses aspectos corajosos mostram novas ideias e estilo de um tipo. Eles s\u00e3o perfeitos para aqueles com cora\u00e7\u00e3o livre.<\/p>\n<p>Q1: Como o desbox\u0628\u0648\u0635\u0629\u062c\u0631\u0627m ajuda os compradores a manter fieis a uma marca?<\/p>\n<p>Um unbox \u0628\u0648\u0635\u0629 \u062c\u0631\u0627\u0645 \u0645\u062a\u0631oment bem planejado construi uma liga\u00e7\u00e3o card\u00edaca com compradores. Isso os torna mais prov\u00e1veis a ficarem com a marca.<\/p>\n<p>Q2: Por que garrafas de perfume s\u00e3o vistas como art e?<\/p>\n<p>Perfumetre garrafas de gramospara al\u00e9m de seu trabalho. Eles representam quem voc\u00ea \u00e9 e seu lugar a botar o mundo. Sua apar\u00eancia art\u00edstica os faz valer a pena coletar e mostrar.<\/p>\n<p>Q3: O que levanta os desigramas de Jaunce?<\/p>\n<p>Jaunce imita formas corajosas com materiais ricos e toques fant\u00e1sticos. Elas criam um pacote \u00fanico que se encaixa em muitos gostos.<\/p>\n<p>Por que Perfu \u0645\u062a\u0631e Bottle Desi \u062c\u0631\u0627\u0645n joga um papel crucial com a identifica\u00e7\u00e3o da marca - Jaunce industrial<\/p>\n<p>Produto - Jance inch industrial - P\u00e1gina 3<\/p>\n<p>Por que as garrafas cosm\u00e9tricas s\u00e3o importantes?<\/p>\n<p>Como voc\u00ea protege os produtos das garrafas cosm\u00e9ticas?<\/p>\n<p>&nbsp;<\/p>\n<p><img decoding=\"async\" class=\"alignnone wp-image-1356\" src=\"https:\/\/www.cosmepak.com\/wp-content\/uploads\/2024\/12\/1-2.jpg\" alt=\"\" width=\"1399\" height=\"1399\" srcset=\"https:\/\/www.cosmepak.com\/wp-content\/uploads\/2024\/12\/1-2.jpg 1000w, https:\/\/www.cosmepak.com\/wp-content\/uploads\/2024\/12\/1-2-300x300.jpg 300w, https:\/\/www.cosmepak.com\/wp-content\/uploads\/2024\/12\/1-2-150x150.jpg 150w, https:\/\/www.cosmepak.com\/wp-content\/uploads\/2024\/12\/1-2-768x768.jpg 768w, https:\/\/www.cosmepak.com\/wp-content\/uploads\/2024\/12\/1-2-600x600.jpg 600w, https:\/\/www.cosmepak.com\/wp-content\/uploads\/2024\/12\/1-2-100x100.jpg 100w\" sizes=\"(max-width: 1399px) 100vw, 1399px\" \/><\/p>\n<p>Luxury 30 meters Foundation Glass Bottle\/Jaunce<br \/>\n<strong>30 metros de garrafa de vidro da Funda\u00e7\u00e3o Ronda<\/strong><br \/>\n15 metros quadrado da Funda\u00e7\u00e3o Bottle Glass\/Jaunce<br \/>\n25 metros quadrado da Funda\u00e7\u00e3o Glass Bottle\/Jaunce<br \/>\n<strong>30 metros da Funda\u00e7\u00e3o Lotion Pump Bottle\/Jaunce<\/strong><br \/>\n30 metros de porta longa Ting Square Foundation Glass Bottle\/Jaunce<br \/>\n30 metros de Funda\u00e7\u00e3o Liquid Bottle With Ball Cap\/Jaunce<br \/>\n<strong>30 metros Transaparente Foundation Bottle With Ball Cap\/Jaunce<\/strong><br \/>\n45 metros de round Shoulder Glass Foundation Bottle\/Jaunce<br \/>\nFoundation Bottle - Jaunce \u0628\u0648\u0635\u0629 industrializa\u00e7\u00e3o<br \/>\n<strong>Botelha essencial de petr\u00f3leo 20 metros Botelha essencial de vidro de petr\u00f3leo\/Jaunce<\/strong><br \/>\nEssencial Oil Bottle-Ameterber Essential Oil Glass Bottle\/Jaunce<br \/>\nEssential Oil Bottle-Hi \u062c\u0631\u0627\u0645h Quality Cosmeteretic Packag \u0628\u0648\u0635\u0629g Essential Oil Glass Bottle\/Jaunce<br \/>\n<strong>Essencial Oil Bottle-Boston Round Glass Serumeter Bottle\/Jaunce #2<\/strong><br \/>\nEssencial Oil Bottle-Best Price 100meters Glass Dropper Bottle\/Jaunce<br \/>\n10 metros Bottle Roll \u0628\u0648\u0635\u0629\u062c\u0631\u0627m Bottle Glass Bottles Essential Oil Bottles\/Jaunce<br \/>\n<strong>5 metros de vidro cosm\u00e9tico Flasco\/Jaunce<\/strong><br \/>\nGlass Li \u062c\u0631\u0627\u0645ht Proof Essential Oil Dropper Bottle\/Jaunce<br \/>\n5-100 metros Brown Glass Boston Bottle\/Jaunce<br \/>\n<strong>30\u0645\u062a\u0631l Volcanic \u0623\u0633\u0641\u0644 Dropper Bottle\/Jaunce<\/strong><br \/>\n\u0645\u062e\u0635\u0635 Lo \u062c\u0631\u0627\u0645o 1-5\u0645\u062a\u0631l Glass Bottle Dropper for Sk \u0628\u0648\u0635\u0629 Care Serum\/Jaunce<br \/>\nEssencial Oil Bottle - Jaunce \u0628\u0648\u0635\u0629 industrial<br \/>\n<strong>Por que os Consumeters est\u00e3o exigindo uma embalagem de beleza mais sustent\u00e1vel?<\/strong><br \/>\nO que impulsiona o Movimento para Susta \u0628\u0648\u0635\u00e9 a habilidade na Cosmetrica?<br \/>\nVoc\u00ea provavelmente percebeu que o pacote de gramreener \"g\" em seus itemetros favoritos de beleza. Isso n\u00e3o \u00e9 um acidente. As pessoas hoje realmente se preocupam com a natureza. Isso muda como a embalagem cosm\u00e9tica \u00e9 feita. Os compradores pensam sobre como a embalagem funciona, como ajuda a terra, e como ela parece. Esse empurr\u00e3o faz as marcas escolher coisas amig\u00e1veis da terra. Eles tamb\u00e9m repensam toda sua cadeia de abastecimento.<\/p>\n<table style=\"border-collapse: collapse; width: 100%;\">\n<tbody>\n<tr>\n<td style=\"width: 50%;\"><img decoding=\"async\" class=\"alignnone size-full wp-image-1346\" src=\"https:\/\/www.cosmepak.com\/wp-content\/uploads\/2024\/12\/company_\u526f\u672c.jpg\" alt=\"\" width=\"1060\" height=\"764\" srcset=\"https:\/\/www.cosmepak.com\/wp-content\/uploads\/2024\/12\/company_\u526f\u672c.jpg 1060w, https:\/\/www.cosmepak.com\/wp-content\/uploads\/2024\/12\/company_\u526f\u672c-300x216.jpg 300w, https:\/\/www.cosmepak.com\/wp-content\/uploads\/2024\/12\/company_\u526f\u672c-1024x738.jpg 1024w, https:\/\/www.cosmepak.com\/wp-content\/uploads\/2024\/12\/company_\u526f\u672c-768x554.jpg 768w, https:\/\/www.cosmepak.com\/wp-content\/uploads\/2024\/12\/company_\u526f\u672c-600x432.jpg 600w\" sizes=\"(max-width: 1060px) 100vw, 1060px\" \/><\/td>\n<td style=\"width: 50%;\">Nossa f\u00e1brica se especializou em fabrica\u00e7\u00e3o de embalagens de cosm\u00e9ticos mais de 10 anos;<\/p>\n<p>\u2611  Agora temos uma f\u00e1brica para garrafas de vidro, a capacidade pode ser de 400.000 pcs por dia.<br \/>\n\u2611  1Fabrica para garrafas pl\u00e1sticas, a capacidade pode ser de 50.000 pcs\/dia.<br \/>\n\u2611  1 f\u00e1brica para garrafas de aluno, a capacidade pode ser de 100.000 pcs por dia.<br \/>\nN\u00f3s t\u00ednhamos aprovado a certifica\u00e7\u00e3o ISO9000\/14000, podemos fornecer SGS e MSDS tamb\u00e9m.<br \/>\nEstamos aderindo ao princ\u00edpio de neg\u00f3cios honestos a todos os clientes.<br \/>\nBem -vindo para cooperar!<\/td>\n<\/tr>\n<\/tbody>\n<\/table>\n<p><img loading=\"lazy\" decoding=\"async\" class=\"alignnone size-full wp-image-1347\" src=\"https:\/\/www.cosmepak.com\/wp-content\/uploads\/2024\/12\/\u9996\u987519202_03.jpg\" alt=\"\" width=\"1920\" height=\"885\" srcset=\"https:\/\/www.cosmepak.com\/wp-content\/uploads\/2024\/12\/\u9996\u987519202_03.jpg 1920w, https:\/\/www.cosmepak.com\/wp-content\/uploads\/2024\/12\/\u9996\u987519202_03-300x138.jpg 300w, https:\/\/www.cosmepak.com\/wp-content\/uploads\/2024\/12\/\u9996\u987519202_03-1024x472.jpg 1024w, https:\/\/www.cosmepak.com\/wp-content\/uploads\/2024\/12\/\u9996\u987519202_03-768x354.jpg 768w, https:\/\/www.cosmepak.com\/wp-content\/uploads\/2024\/12\/\u9996\u987519202_03-1536x708.jpg 1536w, https:\/\/www.cosmepak.com\/wp-content\/uploads\/2024\/12\/\u9996\u987519202_03-600x277.jpg 600w\" sizes=\"(max-width: 1920px) 100vw, 1920px\" \/><\/p>\n<p>&nbsp;<\/p>\n<p>&nbsp;<\/p>\n<div><\/div>","protected":false},"excerpt":{"rendered":"<p>Material: vidro<\/p>\n<p>Capacidade: 140ml<\/p>\n<p>Cor: Aceite (qualquer cor Pantone dispon\u00edvel)<\/p>\n<p>Tamanho \uff1a OD: 70mm;<\/p>\n<p>MOQ: 10000pcs para personalizado<\/p>\n<p>Aplica\u00e7\u00e3o: amplamente usada na sala de sono\/quarto de estar\/escrit\u00f3rio\/toaleto, etc.<\/p>","protected":false},"featured_media":1262,"comment_status":"closed","ping_status":"closed","template":"","meta":{"_acf_changed":false},"product_brand":[],"product_cat":[17],"product_tag":[],"class_list":{"0":"post-152","1":"product","2":"type-product","3":"status-publish","4":"has-post-thumbnail","6":"product_cat-perfume-bottle","8":"first","9":"outofstock","10":"shipping-taxable","11":"product-type-simple"},"acf":[],"_links":{"self":[{"href":"https:\/\/www.cosmepak.com\/pt\/wp-json\/wp\/v2\/product\/152","targetHints":{"allow":["GET"]}}],"collection":[{"href":"https:\/\/www.cosmepak.com\/pt\/wp-json\/wp\/v2\/product"}],"about":[{"href":"https:\/\/www.cosmepak.com\/pt\/wp-json\/wp\/v2\/types\/product"}],"replies":[{"embeddable":true,"href":"https:\/\/www.cosmepak.com\/pt\/wp-json\/wp\/v2\/comments?post=152"}],"wp:featuredmedia":[{"embeddable":true,"href":"https:\/\/www.cosmepak.com\/pt\/wp-json\/wp\/v2\/media\/1262"}],"wp:attachment":[{"href":"https:\/\/www.cosmepak.com\/pt\/wp-json\/wp\/v2\/media?parent=152"}],"wp:term":[{"taxonomy":"product_brand","embeddable":true,"href":"https:\/\/www.cosmepak.com\/pt\/wp-json\/wp\/v2\/product_brand?post=152"},{"taxonomy":"product_cat","embeddable":true,"href":"https:\/\/www.cosmepak.com\/pt\/wp-json\/wp\/v2\/product_cat?post=152"},{"taxonomy":"product_tag","embeddable":true,"href":"https:\/\/www.cosmepak.com\/pt\/wp-json\/wp\/v2\/product_tag?post=152"}],"curies":[{"name":"wp","href":"https:\/\/api.w.org\/{rel}","templated":true}]}}