{"id":1521,"date":"2025-03-28T09:44:00","date_gmt":"2025-03-28T01:44:00","guid":{"rendered":"https:\/\/www.cosmepak.com\/?post_type=product&#038;p=1521"},"modified":"2025-10-22T15:33:18","modified_gmt":"2025-10-22T07:33:18","slug":"essential-oil-bottle-10ml-15ml-20ml-30ml-50ml-essential-oil-glass-bottle-jaunce","status":"publish","type":"product","link":"https:\/\/www.cosmepak.com\/pt\/product\/essential-oil-bottle-10ml-15ml-20ml-30ml-50ml-essential-oil-glass-bottle-jaunce\/","title":{"rendered":"Jaunce deixa garrafas que s\u00e3o pr\u00e1ticas e graves para o planeta. Eles usam materiais reciclables para produtos fant\u00e1sticos e econ\u00f4micos. Suas garrafas de PET s\u00e3o leves e s\u00f3lidas, perfeitas para shampoos. Suas garrafas de vidro podem ter peixes congelados ou projetos impressos para um aspecto de classe, como decorar seu notebook favorito."},"content":{"rendered":"<table style=\"border-collapse: collapse; width: 100%; height: 242px;\">\n<tbody>\n<tr style=\"height: 24px;\">\n<td style=\"width: 52.3373%; height: 24px; text-align: center;\">Marca<\/td>\n<td style=\"width: 47.6627%; height: 24px; text-align: center;\">\u00a0Jaunce<\/td>\n<\/tr>\n<tr style=\"height: 24px;\">\n<td style=\"width: 52.3373%; height: 24px; text-align: center;\">Capacidade<\/td>\n<td style=\"width: 47.6627%; height: 24px; text-align: center;\">pequeno e facil para viajar, o pacote \u062c\u0631\u0627\u0645\u0628\u0648\u0635\u0629g se encaixa nos compradores de hoje em curso. Como boomers de compras online, as pessoas querem pequenos perfumes, amostras, kits de testes ou tamanhos de viagens. Esses deixam os usu\u00e1rios carregar favoritas sem tomar muito espa\u00e7o.<\/td>\n<\/tr>\n<tr style=\"height: 24px;\">\n<td style=\"width: 52.3373%; height: 24px; text-align: center;\">Forma<\/td>\n<td style=\"width: 47.6627%; height: 24px; text-align: center;\">Redondo<\/td>\n<\/tr>\n<tr style=\"height: 24px;\">\n<td style=\"width: 52.3373%; height: 24px; text-align: center;\">Material<\/td>\n<td style=\"width: 47.6627%; height: 24px; text-align: center;\">Os tamanhos de viagens geralmente t\u00eam desigramas de repente. Elas misturam carry \u0628\u0648\u0635g f\u00e1cil com bom uso. Por exemplo, pequenas garrafas de amostra ou pequenos conjuntos de sombras oculares coincidem com gostos de beleza e necessidades reais. Esses impulsam a alegria dos usu\u00e1rios. Eles tamb\u00e9m deixam marcas atrair novos compradores com tamanhos de ensaio.<\/td>\n<\/tr>\n<tr style=\"height: 24px;\">\n<td style=\"width: 52.3373%; height: 26px; text-align: center;\">Peso<\/td>\n<td style=\"width: 47.6627%; height: 26px; text-align: center;\">Os produtos de Jaunce para embalagens equilibrados<\/td>\n<\/tr>\n<tr style=\"height: 24px;\">\n<td style=\"width: 52.3373%; height: 24px; text-align: center;\">Acess\u00f3rio<\/td>\n<td style=\"width: 47.6627%; height: 24px; text-align: center;\">Conta -gotas<\/td>\n<\/tr>\n<tr style=\"height: 24px;\">\n<td style=\"width: 52.3373%; height: 24px; text-align: center;\">Modelo<\/td>\n<td style=\"width: 47.6627%; height: 24px; text-align: center;\">JH-LWM06<\/td>\n<\/tr>\n<tr style=\"height: 24px;\">\n<td style=\"width: 52.3373%; height: 24px; text-align: center;\">OEM\/ODM<\/td>\n<td style=\"width: 47.6627%; height: 24px; text-align: center;\">Aceitar<\/td>\n<\/tr>\n<tr style=\"height: 24px;\">\n<td style=\"width: 52.3373%; height: 24px; text-align: center;\">Cor<\/td>\n<td style=\"width: 47.6627%; height: 24px; text-align: center;\">Personalizado<\/td>\n<\/tr>\n<tr style=\"height: 24px;\">\n<td style=\"width: 52.3373%; height: 24px; text-align: center;\">MOQ<\/td>\n<td style=\"width: 47.6627%; height: 24px; text-align: center;\">Geral 5000pcs;<\/td>\n<\/tr>\n<\/tbody>\n<\/table>\n<p>&nbsp;<\/p>\n<p><img fetchpriority=\"high\" decoding=\"async\" class=\"size-full wp-image-1524 aligncenter\" src=\"https:\/\/www.cosmepak.com\/wp-content\/uploads\/2025\/03\/photobank-3-2.jpg\" alt=\"\" width=\"1000\" height=\"1000\" srcset=\"https:\/\/www.cosmepak.com\/wp-content\/uploads\/2025\/03\/photobank-3-2.jpg 1000w, https:\/\/www.cosmepak.com\/wp-content\/uploads\/2025\/03\/photobank-3-2-300x300.jpg 300w, https:\/\/www.cosmepak.com\/wp-content\/uploads\/2025\/03\/photobank-3-2-150x150.jpg 150w, https:\/\/www.cosmepak.com\/wp-content\/uploads\/2025\/03\/photobank-3-2-768x768.jpg 768w, https:\/\/www.cosmepak.com\/wp-content\/uploads\/2025\/03\/photobank-3-2-600x600.jpg 600w, https:\/\/www.cosmepak.com\/wp-content\/uploads\/2025\/03\/photobank-3-2-100x100.jpg 100w\" sizes=\"(max-width: 1000px) 100vw, 1000px\" \/><\/p>\n<table style=\"border-collapse: collapse; width: 100%;\">\n<tbody>\n<tr>\n<td style=\"width: 16.6667%; text-align: center;\"><strong>Capacidade<\/strong><\/td>\n<td style=\"width: 16.6667%; text-align: center;\"><strong>Altura total<\/strong><\/td>\n<td style=\"width: 16.6667%; text-align: center;\"><strong>Altura da garrafa<\/strong><\/td>\n<td style=\"width: 16.6667%; text-align: center;\"><strong>Altura imprim\u00edvel<\/strong><\/td>\n<td style=\"width: 16.6667%; text-align: center;\"><strong>Dia<\/strong><\/td>\n<td style=\"width: 16.6667%; text-align: center;\"><strong>Peso<\/strong><\/td>\n<\/tr>\n<tr>\n<td style=\"width: 16.6667%; text-align: center;\">10ml<\/td>\n<td style=\"width: 16.6667%; text-align: center;\">82 mm<\/td>\n<td style=\"width: 16.6667%; text-align: center;\">58 mm<\/td>\n<td style=\"width: 16.6667%; text-align: center;\">31mm<\/td>\n<td style=\"width: 16.6667%; text-align: center;\">24.5mm<\/td>\n<td style=\"width: 16.6667%; text-align: center;\">31G<\/td>\n<\/tr>\n<tr>\n<td style=\"width: 16.6667%; text-align: center;\">15ml<\/td>\n<td style=\"width: 16.6667%; text-align: center;\">88 mm<\/td>\n<td style=\"width: 16.6667%; text-align: center;\">65 mm<\/td>\n<td style=\"width: 16.6667%; text-align: center;\">36mm<\/td>\n<td style=\"width: 16.6667%; text-align: center;\">28.5mm<\/td>\n<td style=\"width: 16.6667%; text-align: center;\">36g<\/td>\n<\/tr>\n<tr>\n<td style=\"width: 16.6667%; text-align: center;\">20ml<\/td>\n<td style=\"width: 16.6667%; text-align: center;\">95mm<\/td>\n<td style=\"width: 16.6667%; text-align: center;\">71mm<\/td>\n<td style=\"width: 16.6667%; text-align: center;\">42 mm<\/td>\n<td style=\"width: 16.6667%; text-align: center;\">29mm<\/td>\n<td style=\"width: 16.6667%; text-align: center;\">40G<\/td>\n<\/tr>\n<tr>\n<td style=\"width: 16.6667%; text-align: center;\">30ml<\/td>\n<td style=\"width: 16.6667%; text-align: center;\">103mm<\/td>\n<td style=\"width: 16.6667%; text-align: center;\">78mm<\/td>\n<td style=\"width: 16.6667%; text-align: center;\">50mm<\/td>\n<td style=\"width: 16.6667%; text-align: center;\">33mm<\/td>\n<td style=\"width: 16.6667%; text-align: center;\">49G<\/td>\n<\/tr>\n<tr>\n<td style=\"width: 16.6667%; text-align: center;\">50ml<\/td>\n<td style=\"width: 16.6667%; text-align: center;\">116 mm<\/td>\n<td style=\"width: 16.6667%; text-align: center;\">92mm<\/td>\n<td style=\"width: 16.6667%; text-align: center;\">60mm<\/td>\n<td style=\"width: 16.6667%; text-align: center;\">37 mm<\/td>\n<td style=\"width: 16.6667%; text-align: center;\">62g<\/td>\n<\/tr>\n<\/tbody>\n<\/table>\n<table style=\"border-collapse: collapse; width: 100%; height: 144px;\">\n<tbody>\n<tr style=\"height: 24px;\">\n<td style=\"width: 20%; text-align: center; height: 24px;\"><strong>Item\u00a0<\/strong><\/td>\n<td style=\"width: 20%; text-align: center; height: 24px;\"><strong>Qty<\/strong><\/td>\n<td style=\"width: 20%; text-align: center; height: 24px;\"><strong>Tamanho do pacote<\/strong><\/td>\n<td style=\"width: 20%; text-align: center; height: 24px;\"><strong>NW<\/strong><\/td>\n<td style=\"width: 20%; text-align: center; height: 24px;\"><strong>Gw<\/strong><\/td>\n<\/tr>\n<tr style=\"height: 24px;\">\n<td style=\"width: 20%; text-align: center; height: 24px;\">10ml<\/td>\n<td style=\"width: 20%; text-align: center; height: 24px;\">768pcs<\/td>\n<td style=\"width: 20%; text-align: center; height: 24px;\">42*27*24<\/td>\n<td style=\"width: 20%; text-align: center; height: 24px;\">23.8kg<\/td>\n<td style=\"width: 20%; text-align: center; height: 24px;\">25.8kg<\/td>\n<\/tr>\n<tr style=\"height: 24px;\">\n<td style=\"width: 20%; text-align: center; height: 24px;\">15ml<\/td>\n<td style=\"width: 20%; text-align: center; height: 24px;\">468pcs<\/td>\n<td style=\"width: 20%; text-align: center; height: 24px;\">40*31*21<\/td>\n<td style=\"width: 20%; text-align: center; height: 24px;\">16.8kg<\/td>\n<td style=\"width: 20%; text-align: center; height: 24px;\">18.8kg<\/td>\n<\/tr>\n<tr style=\"height: 24px;\">\n<td style=\"width: 20%; text-align: center; height: 24px;\">20ml<\/td>\n<td style=\"width: 20%; text-align: center; height: 24px;\">468pcs<\/td>\n<td style=\"width: 20%; text-align: center; height: 24px;\">40*21*23<\/td>\n<td style=\"width: 20%; text-align: center; height: 24px;\">18.7kg<\/td>\n<td style=\"width: 20%; text-align: center; height: 24px;\">20.7kg<\/td>\n<\/tr>\n<tr style=\"height: 24px;\">\n<td style=\"width: 20%; text-align: center; height: 24px;\">30ml<\/td>\n<td style=\"width: 20%; text-align: center; height: 24px;\">330pcs<\/td>\n<td style=\"width: 20%; text-align: center; height: 24px;\">40*30*25<\/td>\n<td style=\"width: 20%; text-align: center; height: 24px;\">16.1kg<\/td>\n<td style=\"width: 20%; text-align: center; height: 24px;\">18.1kg<\/td>\n<\/tr>\n<tr style=\"height: 24px;\">\n<td style=\"width: 20%; text-align: center; height: 24px;\">50ml<\/td>\n<td style=\"width: 20%; text-align: center; height: 24px;\">264pcs<\/td>\n<td style=\"width: 20%; text-align: center; height: 24px;\">44*28*29<\/td>\n<td style=\"width: 20%; text-align: center; height: 24px;\">16.4kg<\/td>\n<td style=\"width: 20%; text-align: center; height: 24px;\">18.4kg<\/td>\n<\/tr>\n<\/tbody>\n<\/table>\n<div><img decoding=\"async\" class=\"alignnone  wp-image-3182\" src=\"https:\/\/www.cosmepak.com\/wp-content\/uploads\/2025\/03\/9-3.jpg\" alt=\"\" width=\"1373\" height=\"1373\" srcset=\"https:\/\/www.cosmepak.com\/wp-content\/uploads\/2025\/03\/9-3.jpg 1000w, https:\/\/www.cosmepak.com\/wp-content\/uploads\/2025\/03\/9-3-300x300.jpg 300w, https:\/\/www.cosmepak.com\/wp-content\/uploads\/2025\/03\/9-3-150x150.jpg 150w, https:\/\/www.cosmepak.com\/wp-content\/uploads\/2025\/03\/9-3-768x768.jpg 768w, https:\/\/www.cosmepak.com\/wp-content\/uploads\/2025\/03\/9-3-12x12.jpg 12w, https:\/\/www.cosmepak.com\/wp-content\/uploads\/2025\/03\/9-3-600x600.jpg 600w, https:\/\/www.cosmepak.com\/wp-content\/uploads\/2025\/03\/9-3-100x100.jpg 100w\" sizes=\"(max-width: 1373px) 100vw, 1373px\" \/><\/div>\n<div>Jaunce sh \u0628\u0648\u0635\u0629es com<br \/>\ntruques de decora\u00e7\u00e3o de alto n\u00edvel e op\u00e7\u00f5es de custom\u00e9tro<\/div>\n<div>Eles encaixam em todos os k \u0628\u0635ds de linhas cosm\u00e9tricas. Sua habilidade assegura que cada detalhe conta. Desde materiais de picingrama para fazer projetos, eles gritam de qualidade. Eles oferecem toneladas de servi\u00e7os de decora\u00e7\u00e3o. Estes incluem impress\u00e3o de tela, congela\u00e7\u00e3o, selo quente e fini\u00e7\u00e3o de gradiente de pulveriza\u00e7\u00e3o.<\/div>\n<div>\n<table style=\"border-collapse: collapse; width: 100%; height: 144px;\">\n<tbody>\n<tr style=\"height: 24px;\">\n<td style=\"width: 22.966%; height: 24px; text-align: center;\"><strong>Capacidade<\/strong><\/td>\n<td style=\"width: 40.5689%; height: 24px; text-align: center;\"><strong>Uso<\/strong><\/td>\n<td style=\"width: 36.465%; height: 24px; text-align: center;\"><strong>A especializa\u00e7\u00e3o \u00e9 a for\u00e7a do bigrama de Jaunce. As marcas pegam de v\u00e1rios peda\u00e7os de design, como peixes lisos ou claros n\u00e3o-vis\u00edveis. Esses coincidem perfeitamente com seu estilo. Essa liberdade ajuda marcas a brilhar em mercados dif\u00edceis. - Ele tamb\u00e9m encontra o que os compradores querem.<\/strong><\/td>\n<\/tr>\n<tr style=\"height: 24px;\">\n<td style=\"width: 22.966%; height: 24px; text-align: center;\">10ml<\/td>\n<td style=\"width: 40.5689%; height: 24px; text-align: left;\">Quais conselhos para o Cosmetretic Sample Packa \u062c\u0631\u0627\u0645\u0628\u0648\u0635\u0629 g?<\/td>\n<td style=\"width: 36.465%; height: 24px; text-align: left;\">A amostra cosm\u00e9trica packa \u062c\u0631\u0627\u0645\u0628\u0648\u0635\u0629g deve misturar utilidade com vibra\u00e7\u00f5es fant\u00e1sticas. Tiny versions of big products let buyers try high-end stuff at a low price. Mais pessoas querem amostras de perfume. Eles gostam de testar cheiros antes de comprar grandes.<\/td>\n<\/tr>\n<tr style=\"height: 24px;\">\n<td style=\"width: 22.966%; height: 24px; text-align: center;\">15ml<\/td>\n<td style=\"width: 40.5689%; height: 24px; text-align: left;\">Op\u00e7\u00f5es verdes refor\u00e7am o encanto da amostra cosm\u00e9trica packa \u062c\u0631\u0627\u0645\u0628\u0648\u0635\u0629 g. Eles abordam as preocupa\u00e7\u00f5es do planeta. escolhas como pl\u00e1sticos que se quebram ou vidro reciclado funcionam muito bem. Elas mant\u00eam beleza e utilidade sem prejudicar a terra.<\/td>\n<td style=\"width: 36.465%; height: 24px; text-align: left;\">Trends Shap \u0628\u0648\u0635\u0629\u062c\u0631\u0627\u0645 Cosmeteretic Packaging\u2019s Future<\/td>\n<\/tr>\n<tr style=\"height: 24px;\">\n<td style=\"width: 22.966%; height: 24px; text-align: center;\">20ml<\/td>\n<td style=\"width: 40.5689%; height: 24px; text-align: left;\">Como usar Smart Packagrumbus g Tech Change Things?<\/td>\n<td style=\"width: 36.465%; height: 24px; text-align: left;\">A tecnologia S \u0645\u062a\u0631art vai agitar o pacote cosm\u00e9tico \u062c\u0631\u0627\u0645\u0628\u0648\u0635\u0629 g. Ela adiciona peda\u00e7os digitais aos projetos antigos. Coisas como c\u00f3digos QR deixam os compradores ter experi\u00eancias divertidas. Eles escaneam c\u00f3digos para obter detalhes de produtos ou como v\u00eddeos em seus telefones.<\/td>\n<\/tr>\n<tr style=\"height: 24px;\">\n<td style=\"width: 22.966%; height: 24px; text-align: center;\">30ml<\/td>\n<td style=\"width: 40.5689%; height: 24px; text-align: left;\">Esses passos deixam os compradores mais entusiasmados. Eles tamb\u00e9m indicam o que as pessoas gostam atrav\u00e9s de dados escondidos com a embalagem.<\/td>\n<td style=\"width: 36.465%; height: 24px; text-align: left;\">Por que os toques pessoais s\u00e3o t\u00e3o grandes?<\/td>\n<\/tr>\n<tr style=\"height: 24px;\">\n<td style=\"width: 22.966%; height: 24px; text-align: center;\">50ml<\/td>\n<td style=\"width: 40.5689%; height: 24px; text-align: left;\">Packa\u062c\u0631\u0627\u0645\u0628\u0648\u0635\u0629 g personalizada clique com compradores que querem tra\u00e7os especiais. Impress\u00f5es fant\u00e1sticas permitem que as marcas acrescentem padr\u00f5es detalhados, logos personalizados, ou mesmo nomes em r\u00f3tulos. Conhecer os desejos dos compradores por toques pessoais \u00e9 a chave agora. Ele pega os olhos do mercado.<\/td>\n<td style=\"width: 36.465%; height: 24px; text-align: left;\">Esse k \u0628\u0648\u0635\u0629d de cuidado traz produtos sentem-se como um criminoso. Isso levanta seu valor nas mentes dos compradores.<\/td>\n<\/tr>\n<\/tbody>\n<\/table>\n<p>Por que a clareza importa com a publica\u00e7\u00e3o de novos designers?<br \/>\nA clareza \u00e9 a chave de \u062c\u0631\u0627\u0645ett \u0628\u0648\u0635\u0629g metrore, pois os compradores querem marcas honest as. Eles gostam de r\u00f3tulos que mostram verdade e cora\u00e7\u00e3o. O vidro com alta clareza mostra cor e sentimento do produto. Ela construi confian\u00e7a.<br \/>\nQ1. O que \u00e9 um pacote de drones?<br \/>\nEla imita a utilidade com novas ideias. Faz mais de um trabalho com um desigrama. Por exemplo, caixas de labirintos com espelhos incorporados.<\/p>\n<p>Q2. Como o packa \u062c\u0631\u0627\u0645\u0628\u0648\u0635g refil\u00edvel ajuda compradores e marcas?<br \/>\nOp\u00e7\u00f5es refil\u00e1veis cortam res\u00edduos. Eles mant\u00eam os compradores co \u0645\u062a\u0631\u0628\u0648\u0635\u0629 \u062c\u0631\u0627m de volta. Eles encaixam com objetivos globais de poupan\u00e7a de terra.<br \/>\nQ3. Por que os toques pessoais s\u00e3o chaves de bateria de amostras cosm\u00e9tricas?<br \/>\nDes\u00edgramos pessoais construem um l \u0628\u0648\u0635k com compradores. Eles d\u00e3o empr\u00e9stimos especiais adaptados ao gosto de cada pessoa.<\/p>\n<table style=\"border-collapse: collapse; width: 100%;\">\n<tbody>\n<tr>\n<td style=\"width: 33.3333%;\"><img decoding=\"async\" class=\"alignnone size-full wp-image-3192\" src=\"https:\/\/www.cosmepak.com\/wp-content\/uploads\/2025\/03\/4-6.jpg\" alt=\"\" width=\"1000\" height=\"1000\" srcset=\"https:\/\/www.cosmepak.com\/wp-content\/uploads\/2025\/03\/4-6.jpg 1000w, https:\/\/www.cosmepak.com\/wp-content\/uploads\/2025\/03\/4-6-300x300.jpg 300w, https:\/\/www.cosmepak.com\/wp-content\/uploads\/2025\/03\/4-6-150x150.jpg 150w, https:\/\/www.cosmepak.com\/wp-content\/uploads\/2025\/03\/4-6-768x768.jpg 768w, https:\/\/www.cosmepak.com\/wp-content\/uploads\/2025\/03\/4-6-12x12.jpg 12w, https:\/\/www.cosmepak.com\/wp-content\/uploads\/2025\/03\/4-6-600x600.jpg 600w, https:\/\/www.cosmepak.com\/wp-content\/uploads\/2025\/03\/4-6-100x100.jpg 100w\" sizes=\"(max-width: 1000px) 100vw, 1000px\" \/><\/td>\n<td style=\"width: 33.3333%;\"><img loading=\"lazy\" decoding=\"async\" class=\"alignnone size-full wp-image-3193\" src=\"https:\/\/www.cosmepak.com\/wp-content\/uploads\/2025\/03\/5-4.jpg\" alt=\"\" width=\"1000\" height=\"1000\" srcset=\"https:\/\/www.cosmepak.com\/wp-content\/uploads\/2025\/03\/5-4.jpg 1000w, https:\/\/www.cosmepak.com\/wp-content\/uploads\/2025\/03\/5-4-300x300.jpg 300w, https:\/\/www.cosmepak.com\/wp-content\/uploads\/2025\/03\/5-4-150x150.jpg 150w, https:\/\/www.cosmepak.com\/wp-content\/uploads\/2025\/03\/5-4-768x768.jpg 768w, https:\/\/www.cosmepak.com\/wp-content\/uploads\/2025\/03\/5-4-12x12.jpg 12w, https:\/\/www.cosmepak.com\/wp-content\/uploads\/2025\/03\/5-4-600x600.jpg 600w, https:\/\/www.cosmepak.com\/wp-content\/uploads\/2025\/03\/5-4-100x100.jpg 100w\" sizes=\"(max-width: 1000px) 100vw, 1000px\" \/><\/td>\n<td style=\"width: 33.3333%;\"><img loading=\"lazy\" decoding=\"async\" class=\"alignnone size-full wp-image-3194\" src=\"https:\/\/www.cosmepak.com\/wp-content\/uploads\/2025\/03\/ai-4.jpg\" alt=\"\" width=\"1024\" height=\"1024\" srcset=\"https:\/\/www.cosmepak.com\/wp-content\/uploads\/2025\/03\/ai-4.jpg 1024w, https:\/\/www.cosmepak.com\/wp-content\/uploads\/2025\/03\/ai-4-300x300.jpg 300w, https:\/\/www.cosmepak.com\/wp-content\/uploads\/2025\/03\/ai-4-150x150.jpg 150w, https:\/\/www.cosmepak.com\/wp-content\/uploads\/2025\/03\/ai-4-768x768.jpg 768w, https:\/\/www.cosmepak.com\/wp-content\/uploads\/2025\/03\/ai-4-12x12.jpg 12w, https:\/\/www.cosmepak.com\/wp-content\/uploads\/2025\/03\/ai-4-600x600.jpg 600w, https:\/\/www.cosmepak.com\/wp-content\/uploads\/2025\/03\/ai-4-100x100.jpg 100w\" sizes=\"(max-width: 1024px) 100vw, 1024px\" \/><\/td>\n<\/tr>\n<\/tbody>\n<\/table>\n<table style=\"border-collapse: collapse; width: 100%;\">\n<tbody>\n<tr>\n<td style=\"width: 50%;\"><img loading=\"lazy\" decoding=\"async\" class=\"alignnone size-full wp-image-3195\" src=\"https:\/\/www.cosmepak.com\/wp-content\/uploads\/2025\/03\/ai-8.jpg\" alt=\"\" width=\"1024\" height=\"1024\" srcset=\"https:\/\/www.cosmepak.com\/wp-content\/uploads\/2025\/03\/ai-8.jpg 1024w, https:\/\/www.cosmepak.com\/wp-content\/uploads\/2025\/03\/ai-8-300x300.jpg 300w, https:\/\/www.cosmepak.com\/wp-content\/uploads\/2025\/03\/ai-8-150x150.jpg 150w, https:\/\/www.cosmepak.com\/wp-content\/uploads\/2025\/03\/ai-8-768x768.jpg 768w, https:\/\/www.cosmepak.com\/wp-content\/uploads\/2025\/03\/ai-8-12x12.jpg 12w, https:\/\/www.cosmepak.com\/wp-content\/uploads\/2025\/03\/ai-8-600x600.jpg 600w, https:\/\/www.cosmepak.com\/wp-content\/uploads\/2025\/03\/ai-8-100x100.jpg 100w\" sizes=\"(max-width: 1024px) 100vw, 1024px\" \/><\/td>\n<td style=\"width: 50%;\"><img loading=\"lazy\" decoding=\"async\" class=\"alignnone size-full wp-image-3196\" src=\"https:\/\/www.cosmepak.com\/wp-content\/uploads\/2025\/03\/ai-1.jpg\" alt=\"\" width=\"1024\" height=\"1024\" srcset=\"https:\/\/www.cosmepak.com\/wp-content\/uploads\/2025\/03\/ai-1.jpg 1024w, https:\/\/www.cosmepak.com\/wp-content\/uploads\/2025\/03\/ai-1-300x300.jpg 300w, https:\/\/www.cosmepak.com\/wp-content\/uploads\/2025\/03\/ai-1-150x150.jpg 150w, https:\/\/www.cosmepak.com\/wp-content\/uploads\/2025\/03\/ai-1-768x768.jpg 768w, https:\/\/www.cosmepak.com\/wp-content\/uploads\/2025\/03\/ai-1-12x12.jpg 12w, https:\/\/www.cosmepak.com\/wp-content\/uploads\/2025\/03\/ai-1-600x600.jpg 600w, https:\/\/www.cosmepak.com\/wp-content\/uploads\/2025\/03\/ai-1-100x100.jpg 100w\" sizes=\"(max-width: 1024px) 100vw, 1024px\" \/><\/td>\n<\/tr>\n<\/tbody>\n<\/table>\n<\/div>","protected":false},"excerpt":{"rendered":"<p>Material: vidro<\/p>\n<p>Packa\u062c\u0631\u0627\u0645\u0628\u0648\u0635\u0629 g ref\u00edl\u00e1vel e reutiliz\u00e1vel leva a mudan\u00e7as verdes na cosm\u00e9trica. A onda de refill est\u00e1 crescendo. Os compradores querem isso como parte de salvar a Terra. As pessoas gostam de produtos que podem refilar em vez de jogar fora. Isso corta dano ao planeta. Tamb\u00e9m mant\u00e9m os compradores leais com mais compras.<\/p>\n<p>Cosmetretic packa \u062c\u0631\u0627\u0645\u0628\u0648\u0635\u0629 g faz mais do que segurar coisas. Ela mant\u00e9m os produtos seguros, frescos e f\u00e1ceis de usar. O mundo dos cosm\u00e9ticos tem regras estritas para materiais de embalagem. Esses materiais devem ficar fortes, parar vazamentos, e proteger-se contra coisas como \u00e1gua ou calor. Eles tamb\u00e9m precisam ser simples de lidar. Por exemplo, o vidro \u00e9 frequentemente escolhido para objetos de corte de pele elegantes. \u00c9 estable e claro. Isso mant\u00e9m o produto bom e mostra sua beleza. Mas o pl\u00e1stico \u00e9 dif\u00edcil e leve. \u00c9 \u00f3timo para coisas como caixas de labirintos ou caixas de sombra-olho.<\/p>\n<p>Des\u00edgramos reus\u00e1veis usam coisas fortes como vidro ou pl\u00e1sticos duros. Essas \u00faltimas utiliza\u00e7\u00f5es atrav\u00e9s de metros sem perda de beleza. O vidro \u00e9 uma escolha de cima para uma corte de pele fant\u00e1stica. \u00c9 estable e mant\u00e9m os produtos bons. Esses passos coincidem com valores verdes e d\u00e3o vantagens reais.<\/p>\n<p>Cor: Aceite personalizado (qualquer cor Pantone dispon\u00edvel)<\/p>\n<p>Acabamento de superf\u00edcie: impress\u00e3o de tela, estampagem a quente, gradiente de pulveriza\u00e7\u00e3o, acabamento fosco, etc.<\/p>\n<p>MOQ: 5000pcs<\/p>\n<p>Amostra: amostras gratuitas dispon\u00edveis<\/p>\n<p>&nbsp;<\/p>\n<p>&nbsp;<\/p>","protected":false},"featured_media":1523,"comment_status":"closed","ping_status":"closed","template":"","meta":{"_acf_changed":false},"product_brand":[],"product_cat":[15,58],"product_tag":[40],"class_list":{"0":"post-1521","1":"product","2":"type-product","3":"status-publish","4":"has-post-thumbnail","6":"product_cat-essential-oil-bottle","7":"product_cat-glass-essential-oil-bottle","8":"product_tag-essential-oil-bottle","10":"first","11":"outofstock","12":"shipping-taxable","13":"product-type-simple"},"acf":[],"_links":{"self":[{"href":"https:\/\/www.cosmepak.com\/pt\/wp-json\/wp\/v2\/product\/1521","targetHints":{"allow":["GET"]}}],"collection":[{"href":"https:\/\/www.cosmepak.com\/pt\/wp-json\/wp\/v2\/product"}],"about":[{"href":"https:\/\/www.cosmepak.com\/pt\/wp-json\/wp\/v2\/types\/product"}],"replies":[{"embeddable":true,"href":"https:\/\/www.cosmepak.com\/pt\/wp-json\/wp\/v2\/comments?post=1521"}],"wp:featuredmedia":[{"embeddable":true,"href":"https:\/\/www.cosmepak.com\/pt\/wp-json\/wp\/v2\/media\/1523"}],"wp:attachment":[{"href":"https:\/\/www.cosmepak.com\/pt\/wp-json\/wp\/v2\/media?parent=1521"}],"wp:term":[{"taxonomy":"product_brand","embeddable":true,"href":"https:\/\/www.cosmepak.com\/pt\/wp-json\/wp\/v2\/product_brand?post=1521"},{"taxonomy":"product_cat","embeddable":true,"href":"https:\/\/www.cosmepak.com\/pt\/wp-json\/wp\/v2\/product_cat?post=1521"},{"taxonomy":"product_tag","embeddable":true,"href":"https:\/\/www.cosmepak.com\/pt\/wp-json\/wp\/v2\/product_tag?post=1521"}],"curies":[{"name":"wp","href":"https:\/\/api.w.org\/{rel}","templated":true}]}}