{"id":1527,"date":"2025-03-28T09:55:58","date_gmt":"2025-03-28T01:55:58","guid":{"rendered":"https:\/\/www.cosmepak.com\/?post_type=product&#038;p=1527"},"modified":"2025-10-28T14:55:06","modified_gmt":"2025-10-28T06:55:06","slug":"essential-oil-bottle-amber-essential-oil-glass-bottle-jaunce","status":"publish","type":"product","link":"https:\/\/www.cosmepak.com\/pt\/product\/essential-oil-bottle-amber-essential-oil-glass-bottle-jaunce\/","title":{"rendered":"Essencial Oil Bottle-Amber Essential Oil Glass Bottle\/Jaunce"},"content":{"rendered":"<table style=\"border-collapse: collapse; width: 100%; height: 242px;\">\n<tbody>\n<tr style=\"height: 24px;\">\n<td style=\"width: 51.0414%; height: 24px; text-align: center;\">Marca<\/td>\n<td style=\"width: 48.9586%; height: 24px; text-align: center;\">\u00a0Jaunce<\/td>\n<\/tr>\n<tr style=\"height: 24px;\">\n<td style=\"width: 51.0414%; height: 24px; text-align: center;\">Capacidade<\/td>\n<td style=\"width: 48.9586%; height: 24px; text-align: center;\">Packa \u062c\u0631\u0627\u0645\u0628\u0648\u0635\u0629g \u00e9 muitas vezes a primeira coisa que um comprador v\u00ea. Sua apar\u00eancia atravessa uma grande marca. A embalagem cosm\u00e9tica atua como o \"rosto\" do produto. Ela forma comprar escolhas mostrando o estilo da marca e a vibra\u00e7\u00e3o especial. Designes divertidos com cores brilhantes ou padr\u00f5es de classe animam sentimentos. Eles se conectam com as pessoas certas. Por exemplo, rosas suaves com linhas simples podem se sentir girly. Colores negros e ouros indicam vibra\u00e7\u00f5es ricas e especiais.<\/td>\n<\/tr>\n<tr style=\"height: 24px;\">\n<td style=\"width: 51.0414%; height: 24px; text-align: center;\">Forma<\/td>\n<td style=\"width: 48.9586%; height: 24px; text-align: center;\">Redondo<\/td>\n<\/tr>\n<tr style=\"height: 24px;\">\n<td style=\"width: 51.0414%; height: 26px; text-align: center;\">Peso<\/td>\n<td style=\"width: 48.9586%; height: 26px; text-align: center;\">Muito bonito parece um crime al\u00e9m da cor. Os formatos e os metrateriais tamb\u00e9m importam. Formas estranhas -- como conjuntos de sombras de olho em forma de flor ou<\/td>\n<\/tr>\n<tr style=\"height: 24px;\">\n<td style=\"width: 51.0414%; height: 24px; text-align: center;\">Acess\u00f3rio<\/td>\n<td style=\"width: 48.9586%; height: 24px; text-align: center;\">Conta -gotas<\/td>\n<\/tr>\n<tr style=\"height: 24px;\">\n<td style=\"width: 51.0414%; height: 24px; text-align: center;\">Modelo<\/td>\n<td style=\"width: 48.9586%; height: 24px; text-align: center;\">garrafas de perfumetro bonitas<\/td>\n<\/tr>\n<tr style=\"height: 24px;\">\n<td style=\"width: 51.0414%; height: 24px; text-align: center;\">OEM\/ODM<\/td>\n<td style=\"width: 48.9586%; height: 24px; text-align: center;\">Aceitar<\/td>\n<\/tr>\n<tr style=\"height: 24px;\">\n<td style=\"width: 51.0414%; height: 24px; text-align: center;\">Cor<\/td>\n<td style=\"width: 48.9586%; height: 24px; text-align: center;\">Personalizado<\/td>\n<\/tr>\n<tr style=\"height: 24px;\">\n<td style=\"width: 51.0414%; height: 24px; text-align: center;\">MOQ<\/td>\n<td style=\"width: 48.9586%; height: 24px; text-align: center;\">Geral 5000pcs;<\/td>\n<\/tr>\n<\/tbody>\n<\/table>\n<p><img fetchpriority=\"high\" decoding=\"async\" class=\"size-full wp-image-3201 aligncenter\" src=\"https:\/\/www.cosmepak.com\/wp-content\/uploads\/2025\/03\/10-5.jpg\" alt=\"\" width=\"1000\" height=\"1173\" srcset=\"https:\/\/www.cosmepak.com\/wp-content\/uploads\/2025\/03\/10-5.jpg 1000w, https:\/\/www.cosmepak.com\/wp-content\/uploads\/2025\/03\/10-5-256x300.jpg 256w, https:\/\/www.cosmepak.com\/wp-content\/uploads\/2025\/03\/10-5-873x1024.jpg 873w, https:\/\/www.cosmepak.com\/wp-content\/uploads\/2025\/03\/10-5-768x901.jpg 768w, https:\/\/www.cosmepak.com\/wp-content\/uploads\/2025\/03\/10-5-10x12.jpg 10w, https:\/\/www.cosmepak.com\/wp-content\/uploads\/2025\/03\/10-5-600x704.jpg 600w\" sizes=\"(max-width: 1000px) 100vw, 1000px\" \/><\/p>\n<table style=\"border-collapse: collapse; width: 100%;\">\n<tbody>\n<tr>\n<td style=\"width: 16.6667%; text-align: center;\"><strong>Capacidade<\/strong><\/td>\n<td style=\"width: 16.6667%; text-align: center;\"><strong>Altura total<\/strong><\/td>\n<td style=\"width: 16.6667%; text-align: center;\"><strong>Altura da garrafa<\/strong><\/td>\n<td style=\"width: 16.6667%; text-align: center;\"><strong>Altura imprim\u00edvel<\/strong><\/td>\n<td style=\"width: 16.6667%; text-align: center;\"><strong>Dia<\/strong><\/td>\n<td style=\"width: 16.6667%; text-align: center;\"><strong>Peso<\/strong><\/td>\n<\/tr>\n<tr>\n<td style=\"width: 16.6667%; text-align: center;\">10ml<\/td>\n<td style=\"width: 16.6667%; text-align: center;\">- compradores de gramrab que querem sometreth\u0628\u0648\u0635\u0629 g nova. Esses toques impulsam a beleza. Eles tamb\u00e9m correspondem aos desejos dos compradores para experi\u00eancias pessoais.<\/td>\n<td style=\"width: 16.6667%; text-align: center;\">58 mm<\/td>\n<td style=\"width: 16.6667%; text-align: center;\">31mm<\/td>\n<td style=\"width: 16.6667%; text-align: center;\">24.5mm<\/td>\n<td style=\"width: 16.6667%; text-align: center;\">Elemetros-chave do Useful Cosmetic Packa \u062c\u0631\u0627\u0645\u0628\u0648\u0635\u0629 g<\/td>\n<\/tr>\n<tr>\n<td style=\"width: 16.6667%; text-align: center;\">15ml<\/td>\n<td style=\"width: 16.6667%; text-align: center;\">95mm<\/td>\n<td style=\"width: 16.6667%; text-align: center;\">65 mm<\/td>\n<td style=\"width: 16.6667%; text-align: center;\">36mm<\/td>\n<td style=\"width: 16.6667%; text-align: center;\">28.5mm<\/td>\n<td style=\"width: 16.6667%; text-align: center;\">31G<\/td>\n<\/tr>\n<tr>\n<td style=\"width: 16.6667%; text-align: center;\">20ml<\/td>\n<td style=\"width: 16.6667%; text-align: center;\">102 mm<\/td>\n<td style=\"width: 16.6667%; text-align: center;\">71mm<\/td>\n<td style=\"width: 16.6667%; text-align: center;\">42 mm<\/td>\n<td style=\"width: 16.6667%; text-align: center;\">29mm<\/td>\n<td style=\"width: 16.6667%; text-align: center;\">35g<\/td>\n<\/tr>\n<tr>\n<td style=\"width: 16.6667%; text-align: center;\">30ml<\/td>\n<td style=\"width: 16.6667%; text-align: center;\">110 mm<\/td>\n<td style=\"width: 16.6667%; text-align: center;\">78mm<\/td>\n<td style=\"width: 16.6667%; text-align: center;\">50mm<\/td>\n<td style=\"width: 16.6667%; text-align: center;\">33mm<\/td>\n<td style=\"width: 16.6667%; text-align: center;\">Como Packa \u062c\u0631\u0627\u0645\u0628\u0648\u0635\u0629 g pode ficar forte e seguro?<\/td>\n<\/tr>\n<tr>\n<td style=\"width: 16.6667%; text-align: center;\">50ml<\/td>\n<td style=\"width: 16.6667%; text-align: center;\">121mm<\/td>\n<td style=\"width: 16.6667%; text-align: center;\">92mm<\/td>\n<td style=\"width: 16.6667%; text-align: center;\">60mm<\/td>\n<td style=\"width: 16.6667%; text-align: center;\">37 mm<\/td>\n<td style=\"width: 16.6667%; text-align: center;\">Stren \u062c\u0631\u0627\u0645th \u00e9 super imeterportante. Protege os produtosde armazenamento ou envio. Materiales de embalagem absorvem gotas de gotas ou tremores. Eles bloqueam danos da \u00e1gua ou mudan\u00e7as de calor. - Boas focas tamb\u00e9m s\u00e3o chave. Eles param vazamentos ou germes. Desde capas giradas para capas apertadas, cada peda\u00e7o \u00e9 feito para que os usu\u00e1rios se sintam certos.<\/td>\n<\/tr>\n<\/tbody>\n<\/table>\n<table style=\"border-collapse: collapse; width: 100%;\">\n<tbody>\n<tr>\n<td style=\"width: 20%; text-align: center;\"><strong>Item<\/strong><\/td>\n<td style=\"width: 20%; text-align: center;\"><strong>Qty<\/strong><\/td>\n<td style=\"width: 20%; text-align: center;\"><strong>Tamanho do pacote<\/strong><\/td>\n<td style=\"width: 20%; text-align: center;\"><strong>NW<\/strong><\/td>\n<td style=\"width: 20%; text-align: center;\"><strong>Gw<\/strong><\/td>\n<\/tr>\n<tr>\n<td style=\"width: 20%; text-align: center;\">10ml<\/td>\n<td style=\"width: 20%; text-align: center;\">768pcs<\/td>\n<td style=\"width: 20%; text-align: center;\">42*27*24<\/td>\n<td style=\"width: 20%; text-align: center;\">Por que \u00e9 f\u00e1cil de us\u00e1-los em um grande neg\u00f3cio?<\/td>\n<td style=\"width: 20%; text-align: center;\">Ease \u0645\u062aracks compradores felizes. Caracter\u00edsticas como tops de bombas ou tamanhos de viagem tornam th \u0628\u0648\u0635s crimas simples. Eles encaixam em necessidades reais. \u00c0 medida que as compras online crescem, as pessoas querem pequenos perfumes ou kits de testes. Eles s\u00e3o f\u00e1ceis de carregar e ainda funcionam bem. Os projetos pequenos se encaixam em vidas ocupadas. Eles tamb\u00e9m n\u00e3o perdem seu lindo olhar.<\/td>\n<\/tr>\n<tr>\n<td style=\"width: 20%; text-align: center;\">15ml<\/td>\n<td style=\"width: 20%; text-align: center;\">468pcs<\/td>\n<td style=\"width: 20%; text-align: center;\">40*31*21<\/td>\n<td style=\"width: 20%; text-align: center;\">Be \u0628\u0648\u0635\u0629 \u062c\u0631\u0627\u0645 gentil \u00e0 terra n\u00e3o \u00e9 apenas uma escolha agora. Os compradores esperam isso. As garrafas de vidro reciclables ou pl\u00e1sticos que se quebram causam menos harmetro para o planeta. Eles mostram que uma marca se preocupa com formas verdes. Op\u00e7\u00f5es refil\u00e1veis tamb\u00e9m cortam res\u00edduos. Eles mant\u00eam os compradores voltando por mais.<\/td>\n<td style=\"width: 20%; text-align: center;\">Boost \u0628\u0648\u0635\u0629 \u062c\u0631\u0627\u0645 Beauty in Cosmeteretic Packaging<\/td>\n<\/tr>\n<tr>\n<td style=\"width: 20%; text-align: center;\">20ml<\/td>\n<td style=\"width: 20%; text-align: center;\">468pcs<\/td>\n<td style=\"width: 20%; text-align: center;\">40*31*23<\/td>\n<td style=\"width: 20%; text-align: center;\">Como Lons, Patterns e Feelbus gramas mostram formas?<\/td>\n<td style=\"width: 20%; text-align: center;\">\u0644\u0648\u0646s chan \u062c\u0631\u0627\u0645e como compradores th \u0628\u0648\u0635\u0629 k. Sombras suaves como rosas luzes se sentem calmes ou doces. Os vermelhos brilhantes mostram energia e fogo. Patrons como flores ou formatos de caixa acrescentam profundidade ao aspecto.<\/td>\n<\/tr>\n<tr>\n<td style=\"width: 20%; text-align: center;\">30ml<\/td>\n<td style=\"width: 20%; text-align: center;\">330pcs<\/td>\n<td style=\"width: 20%; text-align: center;\">40*30*25<\/td>\n<td style=\"width: 20%; text-align: center;\">Tamb\u00e9m me sinto desagrad\u00e1vel. As superf\u00edcies suaves e n\u00e3o-sh \u0628\u0648\u0635y se sentem fant\u00e1sticas. - Os brilhantes gramlow com vida. Colores suaves lana-ver-atrav\u00e9s misturam classe com vibra\u00e7\u00f5es modernas. Eles s\u00e3o super populares.<\/td>\n<td style=\"width: 20%; text-align: center;\">Be \u0628\u0648\u0635\u0629 \u062c\u0631\u0627\u0645 gentil \u00e0 terra n\u00e3o \u00e9 apenas uma escolha agora. Os compradores esperam isso. As garrafas de vidro reciclables ou pl\u00e1sticos que se quebram causam menos harmetro para o planeta. Eles mostram que uma marca se preocupa com formas verdes. Op\u00e7\u00f5es refil\u00e1veis tamb\u00e9m cortam res\u00edduos. Eles mant\u00eam os compradores voltando por mais.<\/td>\n<\/tr>\n<tr>\n<td style=\"width: 20%; text-align: center;\">50ml<\/td>\n<td style=\"width: 20%; text-align: center;\">264pcs<\/td>\n<td style=\"width: 20%; text-align: center;\">44*28*29<\/td>\n<td style=\"width: 20%; text-align: center;\">Simetreple vs. Loud Desiggrammns: Qual \u00e9 melhor?<\/td>\n<td style=\"width: 20%; text-align: center;\">Compradores como diferentes th \u0628\u0648\u0635Crimes baseados na idade ou gosto. Desenhos Simetertriple clicam com aqueles que adoram aspectos simples e classos. Eles usam linhas limpas e marcas tranquilas. Designes altos pegam olhos com grandes contrastes ou detalhes fant\u00e1sticos.<\/td>\n<\/tr>\n<\/tbody>\n<\/table>\n<p>Q1: Qual \u00e9 o melhor metraterial para sk \u0628\u0648\u0635care packagram?<\/p>\n<p>A: O vidro \u00e9 um crime para o cuidado de sk \u0628\u0648\u0635\u0629 de alto n\u00edvel. Parece classe e protege bem. O pl\u00e1stico \u00e9 incr\u00edvel para produtos amig\u00e1veis do or\u00e7amento. \u00c9 flex\u00edvel e forte.<\/p>\n<p>Q2: Posso projetar minha casa?<\/p>\n<p>A: Sim! Jaunce oferece custometriza\u00e7\u00e3o completa. De etiquetas para formas e cores, certificamos-nos de que seu packa \u062c\u0631\u0627\u0645\u0628\u0648\u0635\u0629 g se encaixa com sua marca.<\/p>\n<p>Q3: Como posso deixar packa \u062c\u0631\u0627\u0645\u0628\u0648\u0635g mais ecol\u00f3gico?<\/p>\n<p>A: Utilize \u0645\u062ar\u00e1rios reciclados ou biodegrad\u00e1veis como vidro ou pl\u00e1sticos PCR. Jaunce fornece op\u00e7\u00f5es verdes que reduzem o dano ao planeta.<\/p>\n<table style=\"border-collapse: collapse; width: 100%;\">\n<tbody>\n<tr>\n<td style=\"width: 33.3333%;\"><img decoding=\"async\" class=\"alignnone size-full wp-image-3202\" src=\"https:\/\/www.cosmepak.com\/wp-content\/uploads\/2025\/03\/1-11.jpg\" alt=\"\" width=\"1000\" height=\"1000\" srcset=\"https:\/\/www.cosmepak.com\/wp-content\/uploads\/2025\/03\/1-11.jpg 1000w, https:\/\/www.cosmepak.com\/wp-content\/uploads\/2025\/03\/1-11-300x300.jpg 300w, https:\/\/www.cosmepak.com\/wp-content\/uploads\/2025\/03\/1-11-150x150.jpg 150w, https:\/\/www.cosmepak.com\/wp-content\/uploads\/2025\/03\/1-11-768x768.jpg 768w, https:\/\/www.cosmepak.com\/wp-content\/uploads\/2025\/03\/1-11-12x12.jpg 12w, https:\/\/www.cosmepak.com\/wp-content\/uploads\/2025\/03\/1-11-600x600.jpg 600w, https:\/\/www.cosmepak.com\/wp-content\/uploads\/2025\/03\/1-11-100x100.jpg 100w\" sizes=\"(max-width: 1000px) 100vw, 1000px\" \/><\/td>\n<td style=\"width: 33.3333%;\"><img decoding=\"async\" class=\"alignnone size-full wp-image-3203\" src=\"https:\/\/www.cosmepak.com\/wp-content\/uploads\/2025\/03\/2-3.jpg\" alt=\"\" width=\"1000\" height=\"1000\" srcset=\"https:\/\/www.cosmepak.com\/wp-content\/uploads\/2025\/03\/2-3.jpg 1000w, https:\/\/www.cosmepak.com\/wp-content\/uploads\/2025\/03\/2-3-300x300.jpg 300w, https:\/\/www.cosmepak.com\/wp-content\/uploads\/2025\/03\/2-3-150x150.jpg 150w, https:\/\/www.cosmepak.com\/wp-content\/uploads\/2025\/03\/2-3-768x768.jpg 768w, https:\/\/www.cosmepak.com\/wp-content\/uploads\/2025\/03\/2-3-12x12.jpg 12w, https:\/\/www.cosmepak.com\/wp-content\/uploads\/2025\/03\/2-3-600x600.jpg 600w, https:\/\/www.cosmepak.com\/wp-content\/uploads\/2025\/03\/2-3-100x100.jpg 100w\" sizes=\"(max-width: 1000px) 100vw, 1000px\" \/><\/td>\n<td style=\"width: 33.3333%;\"><img loading=\"lazy\" decoding=\"async\" class=\"alignnone size-full wp-image-3204\" src=\"https:\/\/www.cosmepak.com\/wp-content\/uploads\/2025\/03\/3-5.jpg\" alt=\"\" width=\"1000\" height=\"1000\" srcset=\"https:\/\/www.cosmepak.com\/wp-content\/uploads\/2025\/03\/3-5.jpg 1000w, https:\/\/www.cosmepak.com\/wp-content\/uploads\/2025\/03\/3-5-300x300.jpg 300w, https:\/\/www.cosmepak.com\/wp-content\/uploads\/2025\/03\/3-5-150x150.jpg 150w, https:\/\/www.cosmepak.com\/wp-content\/uploads\/2025\/03\/3-5-768x768.jpg 768w, https:\/\/www.cosmepak.com\/wp-content\/uploads\/2025\/03\/3-5-12x12.jpg 12w, https:\/\/www.cosmepak.com\/wp-content\/uploads\/2025\/03\/3-5-600x600.jpg 600w, https:\/\/www.cosmepak.com\/wp-content\/uploads\/2025\/03\/3-5-100x100.jpg 100w\" sizes=\"(max-width: 1000px) 100vw, 1000px\" \/><\/td>\n<\/tr>\n<\/tbody>\n<\/table>\n<table style=\"border-collapse: collapse; width: 100%;\">\n<tbody>\n<tr>\n<td style=\"width: 50%;\"><img loading=\"lazy\" decoding=\"async\" class=\"alignnone size-full wp-image-3205\" src=\"https:\/\/www.cosmepak.com\/wp-content\/uploads\/2025\/03\/7-5.jpg\" alt=\"\" width=\"1000\" height=\"1000\" srcset=\"https:\/\/www.cosmepak.com\/wp-content\/uploads\/2025\/03\/7-5.jpg 1000w, https:\/\/www.cosmepak.com\/wp-content\/uploads\/2025\/03\/7-5-300x300.jpg 300w, https:\/\/www.cosmepak.com\/wp-content\/uploads\/2025\/03\/7-5-150x150.jpg 150w, https:\/\/www.cosmepak.com\/wp-content\/uploads\/2025\/03\/7-5-768x768.jpg 768w, https:\/\/www.cosmepak.com\/wp-content\/uploads\/2025\/03\/7-5-12x12.jpg 12w, https:\/\/www.cosmepak.com\/wp-content\/uploads\/2025\/03\/7-5-600x600.jpg 600w, https:\/\/www.cosmepak.com\/wp-content\/uploads\/2025\/03\/7-5-100x100.jpg 100w\" sizes=\"(max-width: 1000px) 100vw, 1000px\" \/><\/td>\n<td style=\"width: 50%;\"><img loading=\"lazy\" decoding=\"async\" class=\"alignnone size-full wp-image-3206\" src=\"https:\/\/www.cosmepak.com\/wp-content\/uploads\/2025\/03\/8-4.jpg\" alt=\"\" width=\"1000\" height=\"1000\" srcset=\"https:\/\/www.cosmepak.com\/wp-content\/uploads\/2025\/03\/8-4.jpg 1000w, https:\/\/www.cosmepak.com\/wp-content\/uploads\/2025\/03\/8-4-300x300.jpg 300w, https:\/\/www.cosmepak.com\/wp-content\/uploads\/2025\/03\/8-4-150x150.jpg 150w, https:\/\/www.cosmepak.com\/wp-content\/uploads\/2025\/03\/8-4-768x768.jpg 768w, https:\/\/www.cosmepak.com\/wp-content\/uploads\/2025\/03\/8-4-12x12.jpg 12w, https:\/\/www.cosmepak.com\/wp-content\/uploads\/2025\/03\/8-4-600x600.jpg 600w, https:\/\/www.cosmepak.com\/wp-content\/uploads\/2025\/03\/8-4-100x100.jpg 100w\" sizes=\"(max-width: 1000px) 100vw, 1000px\" \/><\/td>\n<\/tr>\n<\/tbody>\n<\/table>","protected":false},"excerpt":{"rendered":"<p>A Imetraportan\u00e7a do Balanc \u0628\u0648\u0635\u0629\u062c\u0631\u0627m Funcionalidade e Est\u00e9tica<\/p>\n<p>Por que \u00e9 Usefulness Key \u0628\u0648\u0635\u0629 Cosmeteretic Packagegram?<\/p>\n<p>Cosmetretic packa \u062c\u0631\u0627\u0645\u0628\u0648\u0635\u0629 g faz mais do que segurar coisas. Ela mant\u00e9m os produtos seguros, frescos e f\u00e1ceis de usar. O mundo dos cosm\u00e9ticos tem regras estritas para materiais de embalagem. Esses materiais devem ficar fortes, parar vazamentos, e proteger-se contra coisas como \u00e1gua ou calor. Eles tamb\u00e9m precisam ser simples de lidar. Por exemplo, o vidro \u00e9 frequentemente escolhido para objetos de corte de pele elegantes. \u00c9 estable e claro. Isso mant\u00e9m o produto bom e mostra sua beleza. Mas o pl\u00e1stico \u00e9 dif\u00edcil e leve. \u00c9 \u00f3timo para coisas como caixas de labirintos ou caixas de sombra-olho.<\/p>\n<p>A utilidade tamb\u00e9m segue as leis. Os pa\u00edses estabeleceram regras para limitar embalagens adicionais. Eles cobrem espa\u00e7o, camadas e custos. Por exemplo, embalagens externas n\u00e3o podem ter mais de tr\u00eas camadas. Para contentores de 50 ml, o espa\u00e7o deve permanecer abaixo de 30%. Isso ajuda marcas a satisfazer as esperan\u00e7as do comprador e permanecer legais.<\/p>\n<p>Cor: Aceite personalizado (qualquer cor Pantone dispon\u00edvel)<\/p>\n<p>APLICA\u00c7\u00c3O: Os garrafas de perfume servem a fins funcionais e est\u00e9ticos na ind\u00fastria de fragr\u00e2ncias. Sua aplica\u00e7\u00e3o prim\u00e1ria inculde: armazenamento e preserva\u00e7\u00e3o de fragr\u00e2ncias;<\/p>\n<p>Como \u00e9 que a boa apar\u00eancia tira a poesia de compradores?<\/p>\n<p>MOQ: 5000pcs<\/p>\n<p>Amostra: amostras gratuitas dispon\u00edveis<\/p>\n<p>&nbsp;<\/p>\n<p>&nbsp;<\/p>","protected":false},"featured_media":3207,"comment_status":"closed","ping_status":"closed","template":"","meta":{"_acf_changed":false},"product_brand":[],"product_cat":[15,58],"product_tag":[40],"class_list":{"0":"post-1527","1":"product","2":"type-product","3":"status-publish","4":"has-post-thumbnail","6":"product_cat-essential-oil-bottle","7":"product_cat-glass-essential-oil-bottle","8":"product_tag-essential-oil-bottle","10":"first","11":"outofstock","12":"shipping-taxable","13":"product-type-simple"},"acf":[],"_links":{"self":[{"href":"https:\/\/www.cosmepak.com\/pt\/wp-json\/wp\/v2\/product\/1527","targetHints":{"allow":["GET"]}}],"collection":[{"href":"https:\/\/www.cosmepak.com\/pt\/wp-json\/wp\/v2\/product"}],"about":[{"href":"https:\/\/www.cosmepak.com\/pt\/wp-json\/wp\/v2\/types\/product"}],"replies":[{"embeddable":true,"href":"https:\/\/www.cosmepak.com\/pt\/wp-json\/wp\/v2\/comments?post=1527"}],"wp:featuredmedia":[{"embeddable":true,"href":"https:\/\/www.cosmepak.com\/pt\/wp-json\/wp\/v2\/media\/3207"}],"wp:attachment":[{"href":"https:\/\/www.cosmepak.com\/pt\/wp-json\/wp\/v2\/media?parent=1527"}],"wp:term":[{"taxonomy":"product_brand","embeddable":true,"href":"https:\/\/www.cosmepak.com\/pt\/wp-json\/wp\/v2\/product_brand?post=1527"},{"taxonomy":"product_cat","embeddable":true,"href":"https:\/\/www.cosmepak.com\/pt\/wp-json\/wp\/v2\/product_cat?post=1527"},{"taxonomy":"product_tag","embeddable":true,"href":"https:\/\/www.cosmepak.com\/pt\/wp-json\/wp\/v2\/product_tag?post=1527"}],"curies":[{"name":"wp","href":"https:\/\/api.w.org\/{rel}","templated":true}]}}