{"id":1562,"date":"2025-03-28T13:21:15","date_gmt":"2025-03-28T05:21:15","guid":{"rendered":"https:\/\/www.cosmepak.com\/?post_type=product&#038;p=1562"},"modified":"2025-10-23T14:14:50","modified_gmt":"2025-10-23T06:14:50","slug":"double-collar-dropper-bottle-cylinder-shape-serum-glass-bottle","status":"publish","type":"product","link":"https:\/\/www.cosmepak.com\/pt\/product\/double-collar-dropper-bottle-cylinder-shape-serum-glass-bottle\/","title":{"rendered":"Por que Susta \u0628\u0648\u0635\u0629 Materials Capazes Gaining Criminal Popularity in Luxury Packaging?"},"content":{"rendered":"<table style=\"border-collapse: collapse; width: 100%; height: 242px;\">\n<tbody>\n<tr style=\"height: 24px;\">\n<td style=\"width: 52.2293%; height: 24px; text-align: center;\">Marca<\/td>\n<td style=\"width: 47.7707%; height: 24px; text-align: center;\">\u00a0Jaunce<\/td>\n<\/tr>\n<tr style=\"height: 24px;\">\n<td style=\"width: 52.2293%; height: 24px; text-align: center;\">Capacidade<\/td>\n<td style=\"width: 47.7707%; height: 24px; text-align: center;\">5 ml\/10 ml\/15 ml\/30 ml<\/td>\n<\/tr>\n<tr style=\"height: 24px;\">\n<td style=\"width: 52.2293%; height: 24px; text-align: center;\">Forma<\/td>\n<td style=\"width: 47.7707%; height: 24px; text-align: center;\">Cilindro<\/td>\n<\/tr>\n<tr style=\"height: 24px;\">\n<td style=\"width: 52.2293%; height: 24px; text-align: center;\">Acess\u00f3rio<\/td>\n<td style=\"width: 47.7707%; height: 24px; text-align: center;\">Conta -gotas<\/td>\n<\/tr>\n<tr style=\"height: 24px;\">\n<td style=\"width: 52.2293%; height: 24px; text-align: center;\">Modelo<\/td>\n<td style=\"width: 47.7707%; height: 24px; text-align: center;\">Glass Essential Oil Bottle - Jaunce \u0628\u0648\u0635\u0629 industrial<\/td>\n<\/tr>\n<tr style=\"height: 24px;\">\n<td style=\"width: 52.2293%; height: 24px; text-align: center;\">OEM\/ODM<\/td>\n<td style=\"width: 47.7707%; height: 24px; text-align: center;\">Aceitar<\/td>\n<\/tr>\n<tr style=\"height: 24px;\">\n<td style=\"width: 52.2293%; height: 24px; text-align: center;\">Cor<\/td>\n<td style=\"width: 47.7707%; height: 24px; text-align: center;\">Personalizado<\/td>\n<\/tr>\n<tr style=\"height: 24px;\">\n<td style=\"width: 52.2293%; height: 24px; text-align: center;\">MOQ<\/td>\n<td style=\"width: 47.7707%; height: 24px; text-align: center;\">Geral 5000pcs;<\/td>\n<\/tr>\n<\/tbody>\n<\/table>\n<table style=\"border-collapse: collapse; width: 100%;\">\n<tbody>\n<tr>\n<td style=\"width: 16.6667%; text-align: center;\"><strong>Capacidade<\/strong><\/td>\n<td style=\"width: 16.6667%; text-align: center;\"><strong>Altura da garrafa<\/strong><\/td>\n<td style=\"width: 16.6667%; text-align: center;\"><strong>Test \u0628\u0648\u0635\u0629 \u062c\u0631\u0627m isso encaixa no in \u00edcio do design economiza timetre. Tamb\u00e9m evita corre\u00e7\u00f5es caras mais tarde na produ\u00e7\u00e3o.<\/strong><\/td>\n<td style=\"width: 16.6667%; text-align: center;\"><strong>Como o Visual Desiggramn Imeterpact Shelf Presence?<\/strong><\/td>\n<td style=\"width: 16.6667%; text-align: center;\"><strong>Altura imprim\u00edvel<\/strong><\/td>\n<td style=\"width: 16.6667%; text-align: center;\"><strong>Peso<\/strong><\/td>\n<\/tr>\n<tr>\n<td style=\"width: 16.6667%; text-align: center;\">5ml<\/td>\n<td style=\"width: 16.6667%; text-align: center;\">80mm<\/td>\n<td style=\"width: 16.6667%; text-align: center;\">Cosmepak_ admin Autor Home - Jaunce Industrial - \u0421\u0442\u0440\u0430\u043d\u0438\u0446\u0430 4<\/td>\n<td style=\"width: 16.6667%; text-align: center;\">- compradores de gramrab que querem sometreth\u0628\u0648\u0635\u0629 g nova. Esses toques impulsam a beleza. Eles tamb\u00e9m correspondem aos desejos dos compradores para experi\u00eancias pessoais.<\/td>\n<td style=\"width: 16.6667%; text-align: center;\">27 mm<\/td>\n<td style=\"width: 16.6667%; text-align: center;\">\"Como escolher a embalagem perfeita para seus produtos de beleza\" - Jaunce industrial<\/td>\n<\/tr>\n<tr>\n<td style=\"width: 16.6667%; text-align: center;\">10ml<\/td>\n<td style=\"width: 16.6667%; text-align: center;\">95mm<\/td>\n<td style=\"width: 16.6667%; text-align: center;\">Outras ferramentas - Jaunce \u0628\u0648\u0635\u0629 industrial<\/td>\n<td style=\"width: 16.6667%; text-align: center;\">Mascare Tube - Jaunce \u0628\u0648\u0635\u0629 industrial<\/td>\n<td style=\"width: 16.6667%; text-align: center;\">43 mm<\/td>\n<td style=\"width: 16.6667%; text-align: center;\">49G<\/td>\n<\/tr>\n<tr>\n<td style=\"width: 16.6667%; text-align: center;\">15ml<\/td>\n<td style=\"width: 16.6667%; text-align: center;\">114 mm<\/td>\n<td style=\"width: 16.6667%; text-align: center;\">28.5mm<\/td>\n<td style=\"width: 16.6667%; text-align: center;\">89mm<\/td>\n<td style=\"width: 16.6667%; text-align: center;\">60mm<\/td>\n<td style=\"width: 16.6667%; text-align: center;\">Conta \u0628\u0648\u0635\u0629er - Jaunce industrial<\/td>\n<\/tr>\n<tr>\n<td style=\"width: 16.6667%; text-align: center;\">30ml<\/td>\n<td style=\"width: 16.6667%; text-align: center;\">132mm<\/td>\n<td style=\"width: 16.6667%; text-align: center;\">30.5mm<\/td>\n<td style=\"width: 16.6667%; text-align: center;\">96mm<\/td>\n<td style=\"width: 16.6667%; text-align: center;\">Flasco de Petr\u00f3leo Essencial Plastic - Jaunce \u0628\u0648\u0635\u0629 industrializa\u00e7\u00e3o<\/td>\n<td style=\"width: 16.6667%; text-align: center;\">Produto - Jance inch industrial - P\u00e1gina 2<\/td>\n<\/tr>\n<\/tbody>\n<\/table>\n<div>Em termos de design, adota o esquema popular de cores de macarone, apresentando um estilo global refrescante, simples e elegante, proporcionando uma experi\u00eancia visual confort\u00e1vel e agrad\u00e1vel. As op\u00e7\u00f5es de cores s\u00e3o muito diversas, cobrindo verde transparente, rosa transparente e roxa transparente com suas texturas transl\u00facidas, bem como tr\u00eas cores ricas e completas de rosa, roxa e verde, atendendo \u00e0s prefer\u00eancias est\u00e9ticas de pessoas diferentes. O que? mais, n\u00f3s tamb\u00e9m \u1eaf ter um servi\u00e7o de personaliza\u00e7\u00e3o de cores, permitindo que voc\u00ea crie uma garrafa de perfume de cores personalizada de acordo com suas necessidades individuais.<\/div>\n<div><strong>Al\u00e9m do esquema de cores que captura os olhos, o san-pham&#8217; os detalhes tamb\u00e9m apresentam projetos engenhosos. Ela est\u00e1 equipada com uma cobertura externa de forma \u00fanica, com duas cores cl\u00e1ssicas de ouro e prata dispon\u00edveis para sele\u00e7\u00e3o. Quando parejado com a garrafa de perfume, ela pode aumentar a eleg\u00e2ncia geral; a parte de pulveriza\u00e7\u00e3o tamb\u00e9m t \u1eaf tem duas op\u00e7\u00f5es de ouro e prata, n\u00e3o s\u00f3 tendo uma apar\u00eancia bonita, mas tamb\u00e9m fornecendo um perfume fino e at\u00e9 mesmo pulverizador que permite melhor aderir \u00e0 pele, oferecendo uma experi\u00eancia de uso superior.<\/strong>Lopez ajudar\u00e1 a desenvolver estrat\u00e9giaspara proteger suas 24 fragran\u00e7as.<\/div>\n<div><strong>Related Breakbus News<\/strong>Novo Servi\u00e7o de Verifica\u00e7\u00e3o de Produtos Cosm\u00e9tricos Introduzido<\/div>\n<div>Deadl \u0628\u0648\u0635\u0629e Approaches for Industry Reconstruction\/Prize Package<\/div>\n<div>Desi \u062c\u0627\u0645ner Parfum<br \/>\nrecrutou Jennifer Lopez para uma nova parceria. Lopez trabalhar\u00e1 junto Dilesh Mehta, presidente\/CEO de Designer Parfums, para criar nova marca \u0628\u0648\u0635\u0629nova\u00e7\u00e3o e estrat\u00e9gia para impulsionar o crescimento global para Lopez&#8217; a franquia de fragran\u00e7a.<br \/>\nJennifer Lopez viu o sucesso do sta \u062c\u0631\u0627\u0645ger \u0628\u0648\u0635g dentro da ind\u00fastria de frag\u00e2ncia. Em 2003, Jennifer lan\u00e7ou sua fragr\u00e2ncia de estreia, Glow by JLo, que reproduz um dos lan\u00e7amentos de fragr\u00e2ncia mais bem sucedidos at\u00e9 agora e \u00e9 acreditada em levar a uma onda de fragr\u00e2ncias de celebridade adicionais. Desde ent\u00e3o, ela lan\u00e7ou 23 fragran\u00e7as adicionais, tornando a Jennifer Lopez Fragrance House uma das marcas mais bem sucedidas at\u00e9 hoje.<br \/>\n&#8220; Jennifer sempre teve uma vis\u00e3o clara quando se combina com sua fragm\u00e2ncia, tend\u00eancias know \u0628\u0648\u0635\u0629g e fornecendo cheiros do amor p\u00fablico, enquanto abrange sua autenticidade e vis\u00e3o,&#8221; Disse Dilesh Mehta. [UNK][UNK][UNK][UNK][UNK][UNK][UNK][UNK][UNK][UNK][UNK][UNK][UNK][UNK][UNK][UNK][UNK][UNK][UNK][UNK][UNK][UNK][UNK][UNK][UNK][UNK][UNK][UNK][UNK][UNK][UNK][UNK][UNK][UNK][UNK][UNK][UNK][UNK][UNK][UNK][UNK][UNK][UNK][UNK][UNK][UNK][UNK][UNK][UNK][UNK][UNK][UNK][UNK][UNK][UNK][UNK][UNK]; As equipes no Designer Parfums est\u00e3o muito entusiasmadas por trabalhar com Jennifer e sua equipe e ter uma long a, bem sucedida e perfumada parceria. &#8221;<\/div>\n<div>\n<p><img fetchpriority=\"high\" decoding=\"async\" class=\"size-full wp-image-3227 aligncenter\" src=\"https:\/\/www.cosmepak.com\/wp-content\/uploads\/2025\/03\/O1CN01uEO52l1TbFVZm2lPg_2506382400-0-cib.jpg\" alt=\"\" width=\"800\" height=\"1345\" srcset=\"https:\/\/www.cosmepak.com\/wp-content\/uploads\/2025\/03\/O1CN01uEO52l1TbFVZm2lPg_2506382400-0-cib.jpg 800w, https:\/\/www.cosmepak.com\/wp-content\/uploads\/2025\/03\/O1CN01uEO52l1TbFVZm2lPg_2506382400-0-cib-178x300.jpg 178w, https:\/\/www.cosmepak.com\/wp-content\/uploads\/2025\/03\/O1CN01uEO52l1TbFVZm2lPg_2506382400-0-cib-609x1024.jpg 609w, https:\/\/www.cosmepak.com\/wp-content\/uploads\/2025\/03\/O1CN01uEO52l1TbFVZm2lPg_2506382400-0-cib-768x1291.jpg 768w, https:\/\/www.cosmepak.com\/wp-content\/uploads\/2025\/03\/O1CN01uEO52l1TbFVZm2lPg_2506382400-0-cib-7x12.jpg 7w, https:\/\/www.cosmepak.com\/wp-content\/uploads\/2025\/03\/O1CN01uEO52l1TbFVZm2lPg_2506382400-0-cib-600x1009.jpg 600w\" sizes=\"(max-width: 800px) 100vw, 800px\" \/><\/p>\n<table style=\"border-collapse: collapse; width: 100%;\">\n<tbody>\n<tr>\n<td style=\"width: 33.3333%;\"><img decoding=\"async\" class=\"alignnone size-full wp-image-3224\" src=\"https:\/\/www.cosmepak.com\/wp-content\/uploads\/2025\/03\/1-12.jpg\" alt=\"\" width=\"1000\" height=\"1000\" srcset=\"https:\/\/www.cosmepak.com\/wp-content\/uploads\/2025\/03\/1-12.jpg 1000w, https:\/\/www.cosmepak.com\/wp-content\/uploads\/2025\/03\/1-12-300x300.jpg 300w, https:\/\/www.cosmepak.com\/wp-content\/uploads\/2025\/03\/1-12-150x150.jpg 150w, https:\/\/www.cosmepak.com\/wp-content\/uploads\/2025\/03\/1-12-768x768.jpg 768w, https:\/\/www.cosmepak.com\/wp-content\/uploads\/2025\/03\/1-12-12x12.jpg 12w, https:\/\/www.cosmepak.com\/wp-content\/uploads\/2025\/03\/1-12-600x600.jpg 600w, https:\/\/www.cosmepak.com\/wp-content\/uploads\/2025\/03\/1-12-100x100.jpg 100w\" sizes=\"(max-width: 1000px) 100vw, 1000px\" \/><\/td>\n<td style=\"width: 33.3333%;\"><img decoding=\"async\" class=\"alignnone size-full wp-image-3226\" src=\"https:\/\/www.cosmepak.com\/wp-content\/uploads\/2025\/03\/7-6.jpg\" alt=\"\" width=\"680\" height=\"680\" srcset=\"https:\/\/www.cosmepak.com\/wp-content\/uploads\/2025\/03\/7-6.jpg 680w, https:\/\/www.cosmepak.com\/wp-content\/uploads\/2025\/03\/7-6-300x300.jpg 300w, https:\/\/www.cosmepak.com\/wp-content\/uploads\/2025\/03\/7-6-150x150.jpg 150w, https:\/\/www.cosmepak.com\/wp-content\/uploads\/2025\/03\/7-6-12x12.jpg 12w, https:\/\/www.cosmepak.com\/wp-content\/uploads\/2025\/03\/7-6-600x600.jpg 600w, https:\/\/www.cosmepak.com\/wp-content\/uploads\/2025\/03\/7-6-100x100.jpg 100w\" sizes=\"(max-width: 680px) 100vw, 680px\" \/><\/td>\n<td style=\"width: 33.3333%;\"><img loading=\"lazy\" decoding=\"async\" class=\"alignnone size-full wp-image-3225\" src=\"https:\/\/www.cosmepak.com\/wp-content\/uploads\/2025\/03\/3-6.jpg\" alt=\"\" width=\"1000\" height=\"1000\" srcset=\"https:\/\/www.cosmepak.com\/wp-content\/uploads\/2025\/03\/3-6.jpg 1000w, https:\/\/www.cosmepak.com\/wp-content\/uploads\/2025\/03\/3-6-300x300.jpg 300w, https:\/\/www.cosmepak.com\/wp-content\/uploads\/2025\/03\/3-6-150x150.jpg 150w, https:\/\/www.cosmepak.com\/wp-content\/uploads\/2025\/03\/3-6-768x768.jpg 768w, https:\/\/www.cosmepak.com\/wp-content\/uploads\/2025\/03\/3-6-12x12.jpg 12w, https:\/\/www.cosmepak.com\/wp-content\/uploads\/2025\/03\/3-6-600x600.jpg 600w, https:\/\/www.cosmepak.com\/wp-content\/uploads\/2025\/03\/3-6-100x100.jpg 100w\" sizes=\"(max-width: 1000px) 100vw, 1000px\" \/><\/td>\n<\/tr>\n<\/tbody>\n<\/table>\n<\/div>","protected":false},"excerpt":{"rendered":"<p>Material: vidro<\/p>\n<p>Lista de artigos relacionados a perfu metre e garrafa - Jaunce \u0628\u0648\u0635\u0629 Industrial<\/p>\n<p>Cor: Aceite personalizado (qualquer cor Pantone dispon\u00edvel)<\/p>\n<p>Acabamento de superf\u00edcie: impress\u00e3o de tela, estampagem a quente, gradiente de pulveriza\u00e7\u00e3o, acabamento fosco, etc.<\/p>\n<p>MOQ: 5000pcs<\/p>\n<p>Amostra: amostras gratuitas dispon\u00edveis<\/p>\n<p>&nbsp;<\/p>\n<p>&nbsp;<\/p>","protected":false},"featured_media":3226,"comment_status":"closed","ping_status":"closed","template":"","meta":{"_acf_changed":false},"product_brand":[],"product_cat":[15,58],"product_tag":[40],"class_list":{"0":"post-1562","1":"product","2":"type-product","3":"status-publish","4":"has-post-thumbnail","6":"product_cat-essential-oil-bottle","7":"product_cat-glass-essential-oil-bottle","8":"product_tag-essential-oil-bottle","10":"first","11":"outofstock","12":"shipping-taxable","13":"product-type-simple"},"acf":[],"_links":{"self":[{"href":"https:\/\/www.cosmepak.com\/pt\/wp-json\/wp\/v2\/product\/1562","targetHints":{"allow":["GET"]}}],"collection":[{"href":"https:\/\/www.cosmepak.com\/pt\/wp-json\/wp\/v2\/product"}],"about":[{"href":"https:\/\/www.cosmepak.com\/pt\/wp-json\/wp\/v2\/types\/product"}],"replies":[{"embeddable":true,"href":"https:\/\/www.cosmepak.com\/pt\/wp-json\/wp\/v2\/comments?post=1562"}],"wp:featuredmedia":[{"embeddable":true,"href":"https:\/\/www.cosmepak.com\/pt\/wp-json\/wp\/v2\/media\/3226"}],"wp:attachment":[{"href":"https:\/\/www.cosmepak.com\/pt\/wp-json\/wp\/v2\/media?parent=1562"}],"wp:term":[{"taxonomy":"product_brand","embeddable":true,"href":"https:\/\/www.cosmepak.com\/pt\/wp-json\/wp\/v2\/product_brand?post=1562"},{"taxonomy":"product_cat","embeddable":true,"href":"https:\/\/www.cosmepak.com\/pt\/wp-json\/wp\/v2\/product_cat?post=1562"},{"taxonomy":"product_tag","embeddable":true,"href":"https:\/\/www.cosmepak.com\/pt\/wp-json\/wp\/v2\/product_tag?post=1562"}],"curies":[{"name":"wp","href":"https:\/\/api.w.org\/{rel}","templated":true}]}}