{"id":1576,"date":"2025-03-28T13:56:17","date_gmt":"2025-03-28T05:56:17","guid":{"rendered":"https:\/\/www.cosmepak.com\/?post_type=product&#038;p=1576"},"modified":"2025-08-21T16:20:53","modified_gmt":"2025-08-21T08:20:53","slug":"pp-flip-cap-plastic-cosmetic-bottle-jaunce","status":"publish","type":"product","link":"https:\/\/www.cosmepak.com\/pt\/product\/pp-flip-cap-plastic-cosmetic-bottle-jaunce\/","title":{"rendered":"PP Flip Cap Plastic Cosmetic Bottle\/Jaunce"},"content":{"rendered":"<table style=\"border-collapse: collapse; width: 100%; height: 168px;\">\n<tbody>\n<tr style=\"height: 24px;\">\n<td style=\"width: 33.3333%; height: 168px;\" rowspan=\"7\"><img fetchpriority=\"high\" decoding=\"async\" class=\"alignnone size-full wp-image-1578\" src=\"https:\/\/www.cosmepak.com\/wp-content\/uploads\/2025\/03\/1-4.jpg\" alt=\"garrafa de pl\u00e1stico\" width=\"1000\" height=\"1000\" srcset=\"https:\/\/www.cosmepak.com\/wp-content\/uploads\/2025\/03\/1-4.jpg 1000w, https:\/\/www.cosmepak.com\/wp-content\/uploads\/2025\/03\/1-4-300x300.jpg 300w, https:\/\/www.cosmepak.com\/wp-content\/uploads\/2025\/03\/1-4-150x150.jpg 150w, https:\/\/www.cosmepak.com\/wp-content\/uploads\/2025\/03\/1-4-768x768.jpg 768w, https:\/\/www.cosmepak.com\/wp-content\/uploads\/2025\/03\/1-4-600x600.jpg 600w, https:\/\/www.cosmepak.com\/wp-content\/uploads\/2025\/03\/1-4-100x100.jpg 100w\" sizes=\"(max-width: 1000px) 100vw, 1000px\" \/><\/td>\n<td style=\"width: 33.122%; height: 24px; text-align: center;\">Marca<\/td>\n<td style=\"width: 33.5446%; height: 24px; text-align: center;\">Jaunce<\/td>\n<\/tr>\n<tr style=\"height: 24px;\">\n<td style=\"width: 33.122%; height: 24px; text-align: center;\">Modelo<\/td>\n<td style=\"width: 33.5446%; height: 24px; text-align: center;\">JH-LWMJ11<\/td>\n<\/tr>\n<tr style=\"height: 24px;\">\n<td style=\"width: 33.122%; height: 24px; text-align: center;\">Capabilidade<\/td>\n<td style=\"width: 33.5446%; height: 24px; text-align: center;\">12\/18\/30\/50\/100\/200\/400 ml<\/td>\n<\/tr>\n<tr style=\"height: 24px;\">\n<td style=\"width: 33.122%; height: 24px; text-align: center;\">Peso<\/td>\n<td style=\"width: 33.5446%; height: 24px; text-align: center;\">5.3\/6\/11.9\/13.3\/17\/31.6\/40.7g<\/td>\n<\/tr>\n<tr style=\"height: 24px;\">\n<td style=\"width: 33.122%; height: 24px; text-align: center;\">Cor<\/td>\n<td style=\"width: 33.5446%; height: 24px; text-align: center;\">personalizado<\/td>\n<\/tr>\n<tr style=\"height: 24px;\">\n<td style=\"width: 33.122%; height: 24px; text-align: center;\">Material<\/td>\n<td style=\"width: 33.5446%; height: 24px; text-align: center;\">Garrafa de estima\u00e7\u00e3o e tampa de PP<\/td>\n<\/tr>\n<tr style=\"height: 24px;\">\n<td style=\"width: 33.122%; height: 24px; text-align: center;\">Sa\u00edda de l\u00edquido<\/td>\n<td style=\"width: 33.5446%; height: 24px; text-align: center;\">0.4ml\/T<\/td>\n<\/tr>\n<\/tbody>\n<\/table>\n<p>Garrafa de ombro redonda com tampa de flip, aceite a cor personalizada.<\/p>\n<table style=\"border-collapse: collapse; width: 100%;\">\n<tbody>\n<tr>\n<td style=\"width: 16.6667%; text-align: center;\">Capacidade<\/td>\n<td style=\"width: 16.6667%; text-align: center;\">Altura total<\/td>\n<td style=\"width: 16.6667%; text-align: center;\">Altura da garrafa<\/td>\n<td style=\"width: 16.6667%; text-align: center;\">Altura imprim\u00edvel<\/td>\n<td style=\"width: 16.6667%; text-align: center;\">Dia<\/td>\n<td style=\"width: 16.6667%; text-align: center;\">Peso<\/td>\n<\/tr>\n<tr>\n<td style=\"width: 16.6667%; text-align: center;\">12ml<\/td>\n<td style=\"width: 16.6667%; text-align: center;\">61mm<\/td>\n<td style=\"width: 16.6667%; text-align: center;\">57.5mm<\/td>\n<td style=\"width: 16.6667%; text-align: center;\">41.5mm<\/td>\n<td style=\"width: 16.6667%; text-align: center;\">21mm<\/td>\n<td style=\"width: 16.6667%; text-align: center;\">5.3g<\/td>\n<\/tr>\n<tr>\n<td style=\"width: 16.6667%; text-align: center;\">18ml<\/td>\n<td style=\"width: 16.6667%; text-align: center;\">81.6mm<\/td>\n<td style=\"width: 16.6667%; text-align: center;\">78mm<\/td>\n<td style=\"width: 16.6667%; text-align: center;\">60.5mm<\/td>\n<td style=\"width: 16.6667%; text-align: center;\">21mm<\/td>\n<td style=\"width: 16.6667%; text-align: center;\">6g<\/td>\n<\/tr>\n<tr>\n<td style=\"width: 16.6667%; text-align: center;\">30ml<\/td>\n<td style=\"width: 16.6667%; text-align: center;\">71.65mm<\/td>\n<td style=\"width: 16.6667%; text-align: center;\">67 mm<\/td>\n<td style=\"width: 16.6667%; text-align: center;\">46mm<\/td>\n<td style=\"width: 16.6667%; text-align: center;\">30.5mm<\/td>\n<td style=\"width: 16.6667%; text-align: center;\">11.9g<\/td>\n<\/tr>\n<tr>\n<td style=\"width: 16.6667%; text-align: center;\">50ml<\/td>\n<td style=\"width: 16.6667%; text-align: center;\">104.5mm<\/td>\n<td style=\"width: 16.6667%; text-align: center;\">100mm<\/td>\n<td style=\"width: 16.6667%; text-align: center;\">78mm<\/td>\n<td style=\"width: 16.6667%; text-align: center;\">30.5mm<\/td>\n<td style=\"width: 16.6667%; text-align: center;\">13.3g<\/td>\n<\/tr>\n<tr>\n<td style=\"width: 16.6667%; text-align: center;\">100ml<\/td>\n<td style=\"width: 16.6667%; text-align: center;\">124.5mm<\/td>\n<td style=\"width: 16.6667%; text-align: center;\">120.5mm<\/td>\n<td style=\"width: 16.6667%; text-align: center;\">93mm<\/td>\n<td style=\"width: 16.6667%; text-align: center;\">38.8mm<\/td>\n<td style=\"width: 16.6667%; text-align: center;\">17G<\/td>\n<\/tr>\n<tr>\n<td style=\"width: 16.6667%; text-align: center;\">200ml<\/td>\n<td style=\"width: 16.6667%; text-align: center;\">151.5mm<\/td>\n<td style=\"width: 16.6667%; text-align: center;\">146.8mm<\/td>\n<td style=\"width: 16.6667%; text-align: center;\">115 mm<\/td>\n<td style=\"width: 16.6667%; text-align: center;\">54 mm<\/td>\n<td style=\"width: 16.6667%; text-align: center;\">31.6g<\/td>\n<\/tr>\n<tr>\n<td style=\"width: 16.6667%; text-align: center;\">400ml<\/td>\n<td style=\"width: 16.6667%; text-align: center;\">178mm<\/td>\n<td style=\"width: 16.6667%; text-align: center;\">174mm<\/td>\n<td style=\"width: 16.6667%; text-align: center;\">137 mm<\/td>\n<td style=\"width: 16.6667%; text-align: center;\">61mm<\/td>\n<td style=\"width: 16.6667%; text-align: center;\">40.7g<\/td>\n<\/tr>\n<\/tbody>\n<\/table>\n<p><img decoding=\"async\" class=\"alignnone wp-image-1584\" src=\"https:\/\/www.cosmepak.com\/wp-content\/uploads\/2025\/03\/8.jpg\" alt=\"flip plastic bottle\" width=\"1419\" height=\"1886\" srcset=\"https:\/\/www.cosmepak.com\/wp-content\/uploads\/2025\/03\/8.jpg 790w, https:\/\/www.cosmepak.com\/wp-content\/uploads\/2025\/03\/8-226x300.jpg 226w, https:\/\/www.cosmepak.com\/wp-content\/uploads\/2025\/03\/8-770x1024.jpg 770w, https:\/\/www.cosmepak.com\/wp-content\/uploads\/2025\/03\/8-768x1021.jpg 768w, https:\/\/www.cosmepak.com\/wp-content\/uploads\/2025\/03\/8-600x797.jpg 600w\" sizes=\"(max-width: 1419px) 100vw, 1419px\" \/><\/p>\n<p><img decoding=\"async\" class=\"alignnone wp-image-1585\" src=\"https:\/\/www.cosmepak.com\/wp-content\/uploads\/2025\/03\/13-1.jpg\" alt=\"garrafa de pl\u00e1stico\" width=\"1379\" height=\"1899\" srcset=\"https:\/\/www.cosmepak.com\/wp-content\/uploads\/2025\/03\/13-1.jpg 790w, https:\/\/www.cosmepak.com\/wp-content\/uploads\/2025\/03\/13-1-218x300.jpg 218w, https:\/\/www.cosmepak.com\/wp-content\/uploads\/2025\/03\/13-1-744x1024.jpg 744w, https:\/\/www.cosmepak.com\/wp-content\/uploads\/2025\/03\/13-1-768x1058.jpg 768w, https:\/\/www.cosmepak.com\/wp-content\/uploads\/2025\/03\/13-1-600x826.jpg 600w\" sizes=\"(max-width: 1379px) 100vw, 1379px\" \/><\/p>\n<p class=\"ai-center-markdown-p\"><strong class=\"ai-center-markdown-strong\">Portable Flip Cap Squeeze Bottles Set<\/strong><\/p>\n<p class=\"ai-center-markdown-p\">Introduzindo nosso vers\u00e1til\u00a0<strong class=\"ai-center-markdown-strong\">Portable Flip Cap Squeeze Bottles Set<\/strong>perfeito para todas as suas viagens e necessidades di\u00e1rias. Este conjunto inclui v\u00e1rias garrafas vazias projetadas para armazenamento conveniente e eficiente de seus l\u00edquidos e lot\u00f5es favoritos.<\/p>\n<p class=\"ai-center-markdown-p\"><strong class=\"ai-center-markdown-strong\">Caracter\u00edsticas chave:<\/strong><\/p>\n<ul class=\"ai-center-markdown-ul\">\n<li class=\"ai-center-markdown-li\"><strong class=\"ai-center-markdown-strong\">Variedade de Usos:<\/strong>\u00a0Ideal para armazenar shampoo, toner, lavagem corporal e lot\u00e3o. Essas garrafas s\u00e3o perfeitas tanto para viajar como para uso cotidiano.<\/li>\n<li class=\"ai-center-markdown-li\"><strong class=\"ai-center-markdown-strong\">Flip Cap Design:<\/strong>\u00a0F\u00e1cil de usar a tampa invertida assegura um selo seguro, evitando vazamentos e derramamentos. A tampa de invers\u00e3o permite uma distribui\u00e7\u00e3o r\u00e1pida e controlada do conte\u00fado.<\/li>\n<li class=\"ai-center-markdown-li\"><strong class=\"ai-center-markdown-strong\">Fun\u00e7\u00e3o Squeeze:<\/strong>\u00a0O material macio e apertado das garrafas torna f\u00e1cil dispensar a quantidade certa de produto cada vez.<\/li>\n<li class=\"ai-center-markdown-li\"><strong class=\"ai-center-markdown-strong\">Port\u00e1vel e ligeiro:<\/strong>\u00a0Essas garrafas s\u00e3o compactas e ligeiras, tornando-as o companheiro perfeito de viagem. \u00c9 f\u00e1cil coloc\u00e1-los em seu bagagem, saco de m\u00e3o ou saco de gin\u00e1sio.<\/li>\n<li class=\"ai-center-markdown-li\"><strong class=\"ai-center-markdown-strong\">Material Dur\u00e1vel:<\/strong>\u00a0Fazido de pl\u00e1stico de alta qualidade e duradouro sem BPA e ecol\u00f3gico. As garrafas s\u00e3o projetadas para resistir a uso repetido sem comprometer o desempenho.<\/li>\n<li class=\"ai-center-markdown-li\"><strong class=\"ai-center-markdown-strong\">Refil\u00e1vel e Reusable:<\/strong>\u00a0Uma escolha ecol\u00f3gica, essas garrafas podem ser refiladas e reutilizadas v\u00e1rias vezes, reduzindo desperd\u00edcios e economizando dinheiro.<\/li>\n<\/ul>\n<p class=\"ai-center-markdown-p\"><strong class=\"ai-center-markdown-strong\">Especifica\u00e7\u00f5es:<\/strong><\/p>\n<ul class=\"ai-center-markdown-ul\">\n<li class=\"ai-center-markdown-li\"><strong class=\"ai-center-markdown-strong\">Capacidade:<\/strong>\u00a0Cada garrafa cont\u00e9m at\u00e9 100 ml de l\u00edquido.<\/li>\n<li class=\"ai-center-markdown-li\"><strong class=\"ai-center-markdown-strong\">Material:<\/strong>\u00a0Pl\u00e1stico sem BPA<\/li>\n<li class=\"ai-center-markdown-li\"><strong class=\"ai-center-markdown-strong\">Dimens\u00f5es:<\/strong>\u00a0Tamanho compacto para portabilidade f\u00e1cil<\/li>\n<\/ul>\n<p class=\"ai-center-markdown-p\"><strong class=\"ai-center-markdown-strong\">Paquete inclui:<\/strong><\/p>\n<ul class=\"ai-center-markdown-ul\">\n<li class=\"ai-center-markdown-li\">4 x Flip Cap Squeeze Bottles<\/li>\n<li class=\"ai-center-markdown-li\">1 x Portable Carrying Case<\/li>\n<\/ul>\n<table style=\"border-collapse: collapse; width: 100%;\">\n<tbody>\n<tr>\n<td style=\"width: 40.1818%;\"><\/td>\n<td style=\"width: 59.8182%;\"><\/td>\n<\/tr>\n<\/tbody>\n<\/table>\n<p><img loading=\"lazy\" decoding=\"async\" class=\"alignnone size-full wp-image-1347\" src=\"https:\/\/www.cosmepak.com\/wp-content\/uploads\/2024\/12\/\u9996\u987519202_03.jpg\" alt=\"espet\u00e1culo de f\u00e1brica\" width=\"1920\" height=\"885\" srcset=\"https:\/\/www.cosmepak.com\/wp-content\/uploads\/2024\/12\/\u9996\u987519202_03.jpg 1920w, https:\/\/www.cosmepak.com\/wp-content\/uploads\/2024\/12\/\u9996\u987519202_03-300x138.jpg 300w, https:\/\/www.cosmepak.com\/wp-content\/uploads\/2024\/12\/\u9996\u987519202_03-1024x472.jpg 1024w, https:\/\/www.cosmepak.com\/wp-content\/uploads\/2024\/12\/\u9996\u987519202_03-768x354.jpg 768w, https:\/\/www.cosmepak.com\/wp-content\/uploads\/2024\/12\/\u9996\u987519202_03-1536x708.jpg 1536w, https:\/\/www.cosmepak.com\/wp-content\/uploads\/2024\/12\/\u9996\u987519202_03-600x277.jpg 600w\" sizes=\"(max-width: 1920px) 100vw, 1920px\" \/><\/p>\n<p><img loading=\"lazy\" decoding=\"async\" class=\"alignnone size-full wp-image-1348\" src=\"https:\/\/www.cosmepak.com\/wp-content\/uploads\/2024\/12\/\u9996\u987519202_04.jpg\" alt=\"\" width=\"1920\" height=\"694\" srcset=\"https:\/\/www.cosmepak.com\/wp-content\/uploads\/2024\/12\/\u9996\u987519202_04.jpg 1920w, https:\/\/www.cosmepak.com\/wp-content\/uploads\/2024\/12\/\u9996\u987519202_04-300x108.jpg 300w, https:\/\/www.cosmepak.com\/wp-content\/uploads\/2024\/12\/\u9996\u987519202_04-1024x370.jpg 1024w, https:\/\/www.cosmepak.com\/wp-content\/uploads\/2024\/12\/\u9996\u987519202_04-768x278.jpg 768w, https:\/\/www.cosmepak.com\/wp-content\/uploads\/2024\/12\/\u9996\u987519202_04-1536x555.jpg 1536w, https:\/\/www.cosmepak.com\/wp-content\/uploads\/2024\/12\/\u9996\u987519202_04-600x217.jpg 600w\" sizes=\"(max-width: 1920px) 100vw, 1920px\" \/><img loading=\"lazy\" decoding=\"async\" class=\"alignnone size-full wp-image-1350\" src=\"https:\/\/www.cosmepak.com\/wp-content\/uploads\/2024\/12\/\u9996\u987519202_05-1.jpg\" alt=\"\" width=\"1920\" height=\"970\" srcset=\"https:\/\/www.cosmepak.com\/wp-content\/uploads\/2024\/12\/\u9996\u987519202_05-1.jpg 1920w, https:\/\/www.cosmepak.com\/wp-content\/uploads\/2024\/12\/\u9996\u987519202_05-1-300x152.jpg 300w, https:\/\/www.cosmepak.com\/wp-content\/uploads\/2024\/12\/\u9996\u987519202_05-1-1024x517.jpg 1024w, https:\/\/www.cosmepak.com\/wp-content\/uploads\/2024\/12\/\u9996\u987519202_05-1-768x388.jpg 768w, https:\/\/www.cosmepak.com\/wp-content\/uploads\/2024\/12\/\u9996\u987519202_05-1-1536x776.jpg 1536w, https:\/\/www.cosmepak.com\/wp-content\/uploads\/2024\/12\/\u9996\u987519202_05-1-600x303.jpg 600w\" sizes=\"(max-width: 1920px) 100vw, 1920px\" \/><img loading=\"lazy\" decoding=\"async\" class=\"alignnone wp-image-1351\" src=\"https:\/\/www.cosmepak.com\/wp-content\/uploads\/2024\/12\/\u7269\u6d41\u8fd0\u8f93\u753b\u9762-2.jpg\" alt=\"\" width=\"1385\" height=\"1039\" srcset=\"https:\/\/www.cosmepak.com\/wp-content\/uploads\/2024\/12\/\u7269\u6d41\u8fd0\u8f93\u753b\u9762-2.jpg 800w, https:\/\/www.cosmepak.com\/wp-content\/uploads\/2024\/12\/\u7269\u6d41\u8fd0\u8f93\u753b\u9762-2-300x225.jpg 300w, https:\/\/www.cosmepak.com\/wp-content\/uploads\/2024\/12\/\u7269\u6d41\u8fd0\u8f93\u753b\u9762-2-768x576.jpg 768w, https:\/\/www.cosmepak.com\/wp-content\/uploads\/2024\/12\/\u7269\u6d41\u8fd0\u8f93\u753b\u9762-2-600x450.jpg 600w\" sizes=\"(max-width: 1385px) 100vw, 1385px\" \/><\/p>\n<table style=\"border-collapse: collapse; width: 100%;\">\n<tbody>\n<tr>\n<td style=\"width: 33.3333%; text-align: center;\"><strong>Expressar<\/strong><\/td>\n<td style=\"width: 33.3333%; text-align: center;\"><strong>Frete a\u00e9reo<\/strong><\/td>\n<td style=\"width: 33.3333%; text-align: center;\"><strong>Transporte mar\u00edtimo<\/strong><\/td>\n<\/tr>\n<tr>\n<td style=\"width: 33.3333%; text-align: center;\">Europ 4-6 dias<\/p>\n<p>Am\u00e9rica do Norte de 4 a 6 dias<\/p>\n<p>Sudeste Asi\u00e1tico de 3 a 5 dias<\/p>\n<p>O Oriente M\u00e9dio de 4 a 6 dias<\/p>\n<p>\u00c1frica do Sul de 5 a 8 dias<\/td>\n<td style=\"width: 33.3333%; text-align: center;\">Europ 4-6 dias<\/p>\n<p>Am\u00e9rica do Norte de 4 a 6 dias<\/p>\n<p>Sudeste Asi\u00e1tico de 3 a 5 dias<\/p>\n<p>O Oriente M\u00e9dio de 4 a 6 dias<\/p>\n<p>\u00c1frica do Sul de 5 a 8 dias<\/td>\n<td style=\"width: 33.3333%; text-align: center;\">Europ 25-35 dias<\/p>\n<p>Am\u00e9rica do Norte de 25 a 35 dias<\/p>\n<p>Sudeste Asi\u00e1tico de 25 a 35 dias<\/p>\n<p>O Oriente M\u00e9dio de 25 a 35 dias<\/p>\n<p>\u00c1frica do Sul 25-35 dias<\/td>\n<\/tr>\n<\/tbody>\n<\/table>\n<h3 id=\"faq\" class=\"ai-center-markdown-h3\">PERGUNTAS FREQUENTES:<\/h3>\n<p class=\"ai-center-markdown-p\"><strong class=\"ai-center-markdown-strong\">1. Por que voc\u00ea deveria comprar de n\u00f3s em vez de outros fornecedores?<\/strong><\/p>\n<ul class=\"ai-center-markdown-ul\">\n<li class=\"ai-center-markdown-li\">Desenhos personalizados em apenas 3 minutos.<\/li>\n<li class=\"ai-center-markdown-li\">servi\u00e7o de clientes online 24 horas por dia.<\/li>\n<li class=\"ai-center-markdown-li\">Mostras de a\u00e7\u00f5es dispon\u00edveis dentro de 7 dias; - amostras impressas personalizadas dentro de 15 dias.<\/li>\n<li class=\"ai-center-markdown-li\">tempo de 35 dias para as ordens.<\/li>\n<li class=\"ai-center-markdown-li\">Mais de 10 anos de experi\u00eancia em embalagens cosm\u00e9ticos.<\/li>\n<li class=\"ai-center-markdown-li\">Pre\u00e7os diretos na f\u00e1brica e servi\u00e7o de alto n\u00edvel.<\/li>\n<li class=\"ai-center-markdown-li\">Solu\u00e7\u00f5es compreensivas para todas as suas necessidades de embalagem cosm\u00e9tica.<\/li>\n<\/ul>\n<p class=\"ai-center-markdown-p\"><strong class=\"ai-center-markdown-strong\">2. Quem somos n\u00f3s?<\/strong>\u00a0Somos uma empresa com sede em Zhejiang, China, estabelecida em 2014. Nossos mercados prim\u00e1rios incluem:<\/p>\n<ul class=\"ai-center-markdown-ul\">\n<li class=\"ai-center-markdown-li\">Mercado Interno (70%)<\/li>\n<li class=\"ai-center-markdown-li\">Oceania (8%)<\/li>\n<li class=\"ai-center-markdown-li\">Oriente M\u00e9dio (7%)<\/li>\n<li class=\"ai-center-markdown-li\">\u00c1sia Oriental (2%)<\/li>\n<li class=\"ai-center-markdown-li\">Am\u00e9rica do Norte (2%)<\/li>\n<li class=\"ai-center-markdown-li\">Europa Ocidental (2%)<\/li>\n<li class=\"ai-center-markdown-li\">Sudeste \u00c1sia (2%)<\/li>\n<li class=\"ai-center-markdown-li\">\u00c1sia do Sul (1%)<\/li>\n<li class=\"ai-center-markdown-li\">Am\u00e9rica do Sul (1%)<\/li>\n<li class=\"ai-center-markdown-li\">Europa do Sul (1%)<\/li>\n<li class=\"ai-center-markdown-li\">Am\u00e9rica Central (1%)<\/li>\n<li class=\"ai-center-markdown-li\">Europa do Norte (1%)<\/li>\n<li class=\"ai-center-markdown-li\">\u00c1frica (1%)<\/li>\n<li class=\"ai-center-markdown-li\">Europa Oriental (1%)<\/li>\n<\/ul>\n<p class=\"ai-center-markdown-p\"><strong class=\"ai-center-markdown-strong\">3. Como podemos garantir qualidade?<\/strong><\/p>\n<ul class=\"ai-center-markdown-ul\">\n<li class=\"ai-center-markdown-li\">Sempre fornecer uma amostra de pr\u00e9-produ\u00e7\u00e3o antes da produ\u00e7\u00e3o em mass a.<\/li>\n<li class=\"ai-center-markdown-li\">Realizar inspec\u00e7\u00f5es finais antes da expedi\u00e7\u00e3o.<\/li>\n<\/ul>\n<p class=\"ai-center-markdown-p\"><strong class=\"ai-center-markdown-strong\">4. O que voc\u00ea pode comprar de n\u00f3s?<\/strong><\/p>\n<ul class=\"ai-center-markdown-ul\">\n<li class=\"ai-center-markdown-li\">Flascos de vidro<\/li>\n<li class=\"ai-center-markdown-li\">Flascos\/vasos\/tubos de pl\u00e1stico<\/li>\n<li class=\"ai-center-markdown-li\">Flascos\/vasos\/tubos de alum\u00ednio<\/li>\n<li class=\"ai-center-markdown-li\">Diversos materiais de embalagem cosm\u00e9tica<\/li>\n<\/ul>\n<p class=\"ai-center-markdown-p\"><strong class=\"ai-center-markdown-strong\">5. Que servi\u00e7os podemos prestar?<\/strong><\/p>\n<ul class=\"ai-center-markdown-ul\">\n<li class=\"ai-center-markdown-li\">Condi\u00e7\u00f5es de entrega aceitadas: FOB, CFR, CIF<\/li>\n<li class=\"ai-center-markdown-li\">Monetas de pagamento aceitadas: USD, EUR, HKD, CNY<\/li>\n<li class=\"ai-center-markdown-li\">Tipos de pagamento aceitados: T\/T, L\/C, D\/P, D\/A<\/li>\n<li class=\"ai-center-markdown-li\">Linguagens faladas: ingl\u00eas, chin\u00eas<\/li>\n<\/ul>\n<p>&nbsp;<\/p>","protected":false},"excerpt":{"rendered":"<p>Material de garrafa: PET<\/p>\n<p>Cap material: pp<\/p>\n<p>Capacidade : 12\/18\/30\/50\/100\/200\/400 ml<\/p>\n<p>Cap: Capt de flip<\/p>\n<p>Cor: Personalizado (qualquer cor Pantone Avali\u00e1vel)<\/p>\n<p>Acabamento de superf\u00edcie: impress\u00e3o de tela, cobertura, estampagem a quente, gradiente de spray, acabamento fosco, etc.<\/p>\n<p>MOQ: 5000pcs;<\/p>\n<p>&nbsp;<\/p>","protected":false},"featured_media":1586,"comment_status":"closed","ping_status":"closed","template":"","meta":{"_acf_changed":false},"product_brand":[],"product_cat":[18,51],"product_tag":[41],"class_list":{"0":"post-1576","1":"product","2":"type-product","3":"status-publish","4":"has-post-thumbnail","6":"product_cat-plastic-bottle","7":"product_cat-remover-bottle","8":"product_tag-plastic-bottle","10":"first","11":"outofstock","12":"shipping-taxable","13":"product-type-simple"},"acf":[],"_links":{"self":[{"href":"https:\/\/www.cosmepak.com\/pt\/wp-json\/wp\/v2\/product\/1576","targetHints":{"allow":["GET"]}}],"collection":[{"href":"https:\/\/www.cosmepak.com\/pt\/wp-json\/wp\/v2\/product"}],"about":[{"href":"https:\/\/www.cosmepak.com\/pt\/wp-json\/wp\/v2\/types\/product"}],"replies":[{"embeddable":true,"href":"https:\/\/www.cosmepak.com\/pt\/wp-json\/wp\/v2\/comments?post=1576"}],"wp:featuredmedia":[{"embeddable":true,"href":"https:\/\/www.cosmepak.com\/pt\/wp-json\/wp\/v2\/media\/1586"}],"wp:attachment":[{"href":"https:\/\/www.cosmepak.com\/pt\/wp-json\/wp\/v2\/media?parent=1576"}],"wp:term":[{"taxonomy":"product_brand","embeddable":true,"href":"https:\/\/www.cosmepak.com\/pt\/wp-json\/wp\/v2\/product_brand?post=1576"},{"taxonomy":"product_cat","embeddable":true,"href":"https:\/\/www.cosmepak.com\/pt\/wp-json\/wp\/v2\/product_cat?post=1576"},{"taxonomy":"product_tag","embeddable":true,"href":"https:\/\/www.cosmepak.com\/pt\/wp-json\/wp\/v2\/product_tag?post=1576"}],"curies":[{"name":"wp","href":"https:\/\/api.w.org\/{rel}","templated":true}]}}