{"id":1577,"date":"2025-03-28T13:46:52","date_gmt":"2025-03-28T05:46:52","guid":{"rendered":"https:\/\/www.cosmepak.com\/?post_type=product&#038;p=1577"},"modified":"2025-10-28T15:04:11","modified_gmt":"2025-10-28T07:04:11","slug":"15ml-colorful-dropper-bottle","status":"publish","type":"product","link":"https:\/\/www.cosmepak.com\/pt\/product\/15ml-colorful-dropper-bottle\/","title":{"rendered":"Os compradores de hoje querem produtos de gram-reen. Mas eles tamb\u00e9m adoram beleza. Isso leva a um uso desconcertante de metais reciclables, florestas certificadas e projetos biodegrad\u00e1veis de pl\u00e1sticos com capacete. Algumas marcas adicionam sistemas refil\u00e1veis aos capos. Isso corta desperd\u00edcios enquanto mant\u00e9m um olhar estilo."},"content":{"rendered":"<table style=\"border-collapse: collapse; width: 100%; height: 242px;\">\n<tbody>\n<tr style=\"height: 24px;\">\n<td style=\"width: 50.0034%; height: 24px; text-align: center;\">Marca<\/td>\n<td style=\"width: 49.9966%; height: 24px; text-align: center;\">\u00a0Jaunce<\/td>\n<\/tr>\n<tr style=\"height: 24px;\">\n<td style=\"width: 50.0034%; height: 24px; text-align: center;\">Capacidade<\/td>\n<td style=\"width: 49.9966%; height: 24px; text-align: center;\">15ml<\/td>\n<\/tr>\n<tr style=\"height: 24px;\">\n<td style=\"width: 50.0034%; height: 24px; text-align: center;\">Forma<\/td>\n<td style=\"width: 49.9966%; height: 24px; text-align: center;\">Como voc\u00ea escolhe a capa de vidro de Perfumetre para sua marca estrat\u00e9gica?<\/td>\n<\/tr>\n<tr style=\"height: 24px;\">\n<td style=\"width: 50.0034%; height: 24px; text-align: center;\">Acess\u00f3rio<\/td>\n<td style=\"width: 49.9966%; height: 24px; text-align: center;\">Conta -gotas<\/td>\n<\/tr>\n<tr style=\"height: 24px;\">\n<td style=\"width: 50.0034%; height: 24px; text-align: center;\">Modelo<\/td>\n<td style=\"width: 49.9966%; height: 24px; text-align: center;\">Quais fatores devem influenciar seu processo de decis\u00e3o-tomada-de-decis\u00e3o?<\/td>\n<\/tr>\n<tr style=\"height: 24px;\">\n<td style=\"width: 50.0034%; height: 24px; text-align: center;\">OEM\/ODM<\/td>\n<td style=\"width: 49.9966%; height: 24px; text-align: center;\">Aceitar<\/td>\n<\/tr>\n<tr style=\"height: 24px;\">\n<td style=\"width: 50.0034%; height: 24px; text-align: center;\">Cor<\/td>\n<td style=\"width: 49.9966%; height: 24px; text-align: center;\">Personalizado<\/td>\n<\/tr>\n<tr style=\"height: 24px;\">\n<td style=\"width: 50.0034%; height: 24px; text-align: center;\">MOQ<\/td>\n<td style=\"width: 49.9966%; height: 24px; text-align: center;\">Geral 5000pcs;<\/td>\n<\/tr>\n<\/tbody>\n<\/table>\n<div>\n<p>As garrafas de bomba cosm\u00e9trica, especialmente as sem ar, s\u00e3o super importantes para o keep \u0628\u0648\u0635\u0629 \u062c\u0631\u0627\u0645 skin ncare produtos frescos. Eles reduzem a exposi\u00e7\u00e3o ao ar, germes e danos da luz ou do calor. Essas garrafas d\u00e3o quantidades exatas de produto, cortam res\u00edduos, e fazem f\u00f3rmulas durarem mais, especialmente para ingredientes delicados como Vitamina C ou retinol.<\/p>\n<p>\u00e9 um top nametre \u0628\u0648\u0635\u0629 creative packagramming. Elas misturam caracter\u00edsticas pr\u00e1ticas, como focos de v\u00e1cuo e projetos sem fluxo de tr\u00e1s, com materiais amig\u00e1veis da terra e personalizados. Isso protege a qualidade de seu produto e atende \u00e0s necessidades ecol\u00f3gicas. As garrafas de bomba s\u00e3o perfeitas para f\u00f3rmulas embaladas com antioxidantes ou sem preservativos, mantendo-as eficazes e limpas de in\u00edcio a fim.<\/p>\n<p>Por que Packa \u062c\u0631\u0627\u0645\u0628\u0648\u0635g tem tanta mat\u00e9ria em Skincare?<\/p>\n<p>O bom packa \u062c\u0631\u0627\u0645\u0628\u0648\u0635\u0629g \u00e9 um grande neg\u00f3cio para a corte de pele. Ele mant\u00e9m seus produtos funcionando bem e seguros para ser usados. Sem o recipiente certo, para os m\u00e9terulos podem perder seu poder ou mesmo danificar sua pele.<\/p>\n<p>O que acontece com Sk \u0628\u0648\u0635care modelos quando expostos ao ar e germeters?<\/p>\n<p>Voc\u00ea j\u00e1 viu seu crem\u00e9tro se tornar amarelo? Ou talvez o seu soro pare de cheirar um bom crime? \u00c9 isso que acontece quando os produtos encontram ar. Os itens da pele, especialmente aqueles com antioxidantes, \u00f3leos ou ingredientes ativos, come\u00e7am a quebrar. Este processo \u00e9 chamado de oxida\u00e7\u00e3o. Por exemplo, \u00e1cido asc\u00f3rbico (Vitamina C) \u00e9 muito fr\u00e1gil. Perde sua for\u00e7a r\u00e1pido quando o ar a toca. Isso significa que seu produto pode n\u00e3o funcionar tamb\u00e9m.<\/p>\n<p>Germetres s \u00e3o outro problema. Quando voc\u00ea mergulha seu fbi em um vaso, as bact\u00e9rias podem entrar. Isso torna o produto menos eficaz. pior, pode causar problemas cut\u00e2neos. \u00c9 por isso que<\/p>\n<p>garrafas de pumetro<\/p>\n<p>s\u00e3o incr\u00edveis metros. Eles controlam quanto produto surge e mant\u00eam os criminosos limpos desde a primeira gota at\u00e9 a \u00faltima.<\/p>\n<p>Como Li \u062c\u0631\u0627\u0645ht e Temeterperature Influence Product Stability?<\/p>\n<p>Sometre \u0628\u0648\u0635\u0629 \u062c\u0631\u0627\u0645redientes, como retinol ou \u00e1cido fer\u00falico, n\u00e3o gostam de luz. Os raios UV podem os enfraquecer, tornando-os menos \u00fateis. Em alguns casos, podem irritar sua pele depois de quebrar. O calor ou a mudan\u00e7a de temperaturas tamb\u00e9m podem arruinar as coisas. Eles podem mudar o qu\u00e3o grosso um produto \u00e9 ou fazer cremas separados.<\/p>\n<p>\u00c9 por isso que packa \u062c\u0631\u0627\u0645\u0628\u0648\u0635\u0629 g metratters. As garrafas de vidro escuro bloqueam a luz. Os recipientes sem ar mant\u00eam o ar fora. Ambos ajudam sua pele a permanecer forte e trabalhar adequadamente ao longo do tempo.<\/p>\n<p>Como as garrafas de bomba cosm\u00e9trica melhoram o Packa \u062c\u0631\u0627\u0645\u0628\u0648\u0635\u0629 g Performance?<\/p>\n<\/div>\n<div>\n<p><img fetchpriority=\"high\" decoding=\"async\" class=\"size-full wp-image-3236 aligncenter\" src=\"https:\/\/www.cosmepak.com\/wp-content\/uploads\/2025\/03\/\u8be6\u60c5-4-3.jpg\" alt=\"\" width=\"1000\" height=\"1000\" srcset=\"https:\/\/www.cosmepak.com\/wp-content\/uploads\/2025\/03\/\u8be6\u60c5-4-3.jpg 1000w, https:\/\/www.cosmepak.com\/wp-content\/uploads\/2025\/03\/\u8be6\u60c5-4-3-300x300.jpg 300w, https:\/\/www.cosmepak.com\/wp-content\/uploads\/2025\/03\/\u8be6\u60c5-4-3-150x150.jpg 150w, https:\/\/www.cosmepak.com\/wp-content\/uploads\/2025\/03\/\u8be6\u60c5-4-3-768x768.jpg 768w, https:\/\/www.cosmepak.com\/wp-content\/uploads\/2025\/03\/\u8be6\u60c5-4-3-12x12.jpg 12w, https:\/\/www.cosmepak.com\/wp-content\/uploads\/2025\/03\/\u8be6\u60c5-4-3-600x600.jpg 600w, https:\/\/www.cosmepak.com\/wp-content\/uploads\/2025\/03\/\u8be6\u60c5-4-3-100x100.jpg 100w\" sizes=\"(max-width: 1000px) 100vw, 1000px\" \/><\/p>\n<table style=\"border-collapse: collapse; width: 100%;\">\n<tbody>\n<tr>\n<td style=\"width: 33.3333%;\"><img decoding=\"async\" class=\"alignnone size-full wp-image-3231\" src=\"https:\/\/www.cosmepak.com\/wp-content\/uploads\/2025\/03\/\u4e3b\u56fe-5-4.jpg\" alt=\"\" width=\"1000\" height=\"1000\" srcset=\"https:\/\/www.cosmepak.com\/wp-content\/uploads\/2025\/03\/\u4e3b\u56fe-5-4.jpg 1000w, https:\/\/www.cosmepak.com\/wp-content\/uploads\/2025\/03\/\u4e3b\u56fe-5-4-300x300.jpg 300w, https:\/\/www.cosmepak.com\/wp-content\/uploads\/2025\/03\/\u4e3b\u56fe-5-4-150x150.jpg 150w, https:\/\/www.cosmepak.com\/wp-content\/uploads\/2025\/03\/\u4e3b\u56fe-5-4-768x768.jpg 768w, https:\/\/www.cosmepak.com\/wp-content\/uploads\/2025\/03\/\u4e3b\u56fe-5-4-12x12.jpg 12w, https:\/\/www.cosmepak.com\/wp-content\/uploads\/2025\/03\/\u4e3b\u56fe-5-4-600x600.jpg 600w, https:\/\/www.cosmepak.com\/wp-content\/uploads\/2025\/03\/\u4e3b\u56fe-5-4-100x100.jpg 100w\" sizes=\"(max-width: 1000px) 100vw, 1000px\" \/><\/td>\n<td style=\"width: 33.3333%;\"><img decoding=\"async\" class=\"alignnone size-full wp-image-3232\" src=\"https:\/\/www.cosmepak.com\/wp-content\/uploads\/2025\/03\/\u4e3b\u56fe-4-4.jpg\" alt=\"\" width=\"1000\" height=\"1000\" srcset=\"https:\/\/www.cosmepak.com\/wp-content\/uploads\/2025\/03\/\u4e3b\u56fe-4-4.jpg 1000w, https:\/\/www.cosmepak.com\/wp-content\/uploads\/2025\/03\/\u4e3b\u56fe-4-4-300x300.jpg 300w, https:\/\/www.cosmepak.com\/wp-content\/uploads\/2025\/03\/\u4e3b\u56fe-4-4-150x150.jpg 150w, https:\/\/www.cosmepak.com\/wp-content\/uploads\/2025\/03\/\u4e3b\u56fe-4-4-768x768.jpg 768w, https:\/\/www.cosmepak.com\/wp-content\/uploads\/2025\/03\/\u4e3b\u56fe-4-4-12x12.jpg 12w, https:\/\/www.cosmepak.com\/wp-content\/uploads\/2025\/03\/\u4e3b\u56fe-4-4-600x600.jpg 600w, https:\/\/www.cosmepak.com\/wp-content\/uploads\/2025\/03\/\u4e3b\u56fe-4-4-100x100.jpg 100w\" sizes=\"(max-width: 1000px) 100vw, 1000px\" \/><\/td>\n<td style=\"width: 33.3333%;\"><img loading=\"lazy\" decoding=\"async\" class=\"alignnone size-full wp-image-3233\" src=\"https:\/\/www.cosmepak.com\/wp-content\/uploads\/2025\/03\/\u4e3b\u56fe-2-4.jpg\" alt=\"\" width=\"1000\" height=\"1000\" srcset=\"https:\/\/www.cosmepak.com\/wp-content\/uploads\/2025\/03\/\u4e3b\u56fe-2-4.jpg 1000w, https:\/\/www.cosmepak.com\/wp-content\/uploads\/2025\/03\/\u4e3b\u56fe-2-4-300x300.jpg 300w, https:\/\/www.cosmepak.com\/wp-content\/uploads\/2025\/03\/\u4e3b\u56fe-2-4-150x150.jpg 150w, https:\/\/www.cosmepak.com\/wp-content\/uploads\/2025\/03\/\u4e3b\u56fe-2-4-768x768.jpg 768w, https:\/\/www.cosmepak.com\/wp-content\/uploads\/2025\/03\/\u4e3b\u56fe-2-4-12x12.jpg 12w, https:\/\/www.cosmepak.com\/wp-content\/uploads\/2025\/03\/\u4e3b\u56fe-2-4-600x600.jpg 600w, https:\/\/www.cosmepak.com\/wp-content\/uploads\/2025\/03\/\u4e3b\u56fe-2-4-100x100.jpg 100w\" sizes=\"(max-width: 1000px) 100vw, 1000px\" \/><\/td>\n<\/tr>\n<\/tbody>\n<\/table>\n<table style=\"border-collapse: collapse; width: 100%;\">\n<tbody>\n<tr>\n<td style=\"width: 50%;\"><img loading=\"lazy\" decoding=\"async\" class=\"alignnone size-full wp-image-3234\" src=\"https:\/\/www.cosmepak.com\/wp-content\/uploads\/2025\/03\/2-4.jpg\" alt=\"\" width=\"1000\" height=\"1000\" srcset=\"https:\/\/www.cosmepak.com\/wp-content\/uploads\/2025\/03\/2-4.jpg 1000w, https:\/\/www.cosmepak.com\/wp-content\/uploads\/2025\/03\/2-4-300x300.jpg 300w, https:\/\/www.cosmepak.com\/wp-content\/uploads\/2025\/03\/2-4-150x150.jpg 150w, https:\/\/www.cosmepak.com\/wp-content\/uploads\/2025\/03\/2-4-768x768.jpg 768w, https:\/\/www.cosmepak.com\/wp-content\/uploads\/2025\/03\/2-4-12x12.jpg 12w, https:\/\/www.cosmepak.com\/wp-content\/uploads\/2025\/03\/2-4-600x600.jpg 600w, https:\/\/www.cosmepak.com\/wp-content\/uploads\/2025\/03\/2-4-100x100.jpg 100w\" sizes=\"(max-width: 1000px) 100vw, 1000px\" \/><\/td>\n<td style=\"width: 50%;\"><img loading=\"lazy\" decoding=\"async\" class=\"alignnone size-full wp-image-3235\" src=\"https:\/\/www.cosmepak.com\/wp-content\/uploads\/2025\/03\/\u4e3b\u56fe-1-2.jpg\" alt=\"\" width=\"1000\" height=\"1000\" srcset=\"https:\/\/www.cosmepak.com\/wp-content\/uploads\/2025\/03\/\u4e3b\u56fe-1-2.jpg 1000w, https:\/\/www.cosmepak.com\/wp-content\/uploads\/2025\/03\/\u4e3b\u56fe-1-2-300x300.jpg 300w, https:\/\/www.cosmepak.com\/wp-content\/uploads\/2025\/03\/\u4e3b\u56fe-1-2-150x150.jpg 150w, https:\/\/www.cosmepak.com\/wp-content\/uploads\/2025\/03\/\u4e3b\u56fe-1-2-768x768.jpg 768w, https:\/\/www.cosmepak.com\/wp-content\/uploads\/2025\/03\/\u4e3b\u56fe-1-2-12x12.jpg 12w, https:\/\/www.cosmepak.com\/wp-content\/uploads\/2025\/03\/\u4e3b\u56fe-1-2-600x600.jpg 600w, https:\/\/www.cosmepak.com\/wp-content\/uploads\/2025\/03\/\u4e3b\u56fe-1-2-100x100.jpg 100w\" sizes=\"(max-width: 1000px) 100vw, 1000px\" \/><\/td>\n<\/tr>\n<\/tbody>\n<\/table>\n<\/div>","protected":false},"excerpt":{"rendered":"<p>Material: vidro<\/p>\n<p>O M \u0628\u0648\u0635\u0629 i \u0645\u062aralismo ainda domina os Maximalist Designs?<\/p>\n<p>Des\u00edgrames de Simetreple permanecem populares. Eles t\u00eam um encanto sem tempo. Mas estilos corajosos e maximalistas crescem entre pequenas marcas. Essas marcas querem chamar aten\u00e7\u00e3o com habilidade dram\u00e1tica. Pensem em formas art \u00edsticas inspiradas por estilos de arte antigos. Compare isso para limpar capos de cor \u00fanica usados por grandes marcas.<\/p>\n<p>Sua escolha depende da vibra\u00e7\u00e3o que voc\u00ea quer que os compradores sintam. Voc\u00ea quer calm elegram\u00e2ncia ou drama de \"eye-catch \u0628\u0648\u0635g\"?<\/p>\n<p>Cor: Aceite personalizado (qualquer cor Pantone dispon\u00edvel)<\/p>\n<p>Acabamento de superf\u00edcie: impress\u00e3o de tela, estampagem a quente, gradiente de pulveriza\u00e7\u00e3o, acabamento fosco, etc.<\/p>\n<p>MOQ: 5000pcs<\/p>\n<p>Amostra: amostras gratuitas dispon\u00edveis<\/p>\n<p>&nbsp;<\/p>\n<p>&nbsp;<\/p>","protected":false},"featured_media":3237,"comment_status":"closed","ping_status":"closed","template":"","meta":{"_acf_changed":false},"product_brand":[],"product_cat":[15,58],"product_tag":[40],"class_list":{"0":"post-1577","1":"product","2":"type-product","3":"status-publish","4":"has-post-thumbnail","6":"product_cat-essential-oil-bottle","7":"product_cat-glass-essential-oil-bottle","8":"product_tag-essential-oil-bottle","10":"first","11":"outofstock","12":"shipping-taxable","13":"product-type-simple"},"acf":[],"_links":{"self":[{"href":"https:\/\/www.cosmepak.com\/pt\/wp-json\/wp\/v2\/product\/1577","targetHints":{"allow":["GET"]}}],"collection":[{"href":"https:\/\/www.cosmepak.com\/pt\/wp-json\/wp\/v2\/product"}],"about":[{"href":"https:\/\/www.cosmepak.com\/pt\/wp-json\/wp\/v2\/types\/product"}],"replies":[{"embeddable":true,"href":"https:\/\/www.cosmepak.com\/pt\/wp-json\/wp\/v2\/comments?post=1577"}],"wp:featuredmedia":[{"embeddable":true,"href":"https:\/\/www.cosmepak.com\/pt\/wp-json\/wp\/v2\/media\/3237"}],"wp:attachment":[{"href":"https:\/\/www.cosmepak.com\/pt\/wp-json\/wp\/v2\/media?parent=1577"}],"wp:term":[{"taxonomy":"product_brand","embeddable":true,"href":"https:\/\/www.cosmepak.com\/pt\/wp-json\/wp\/v2\/product_brand?post=1577"},{"taxonomy":"product_cat","embeddable":true,"href":"https:\/\/www.cosmepak.com\/pt\/wp-json\/wp\/v2\/product_cat?post=1577"},{"taxonomy":"product_tag","embeddable":true,"href":"https:\/\/www.cosmepak.com\/pt\/wp-json\/wp\/v2\/product_tag?post=1577"}],"curies":[{"name":"wp","href":"https:\/\/api.w.org\/{rel}","templated":true}]}}