{"id":1608,"date":"2025-03-28T15:05:56","date_gmt":"2025-03-28T07:05:56","guid":{"rendered":"https:\/\/www.cosmepak.com\/?post_type=product&#038;p=1608"},"modified":"2026-03-05T14:25:17","modified_gmt":"2026-03-05T06:25:17","slug":"luxury-30ml-glass-foundation-bottle-with-pump-jaunce","status":"publish","type":"product","link":"https:\/\/www.cosmepak.com\/pt\/product\/luxury-30ml-glass-foundation-bottle-with-pump-jaunce\/","title":{"rendered":"Luxury 30ml Glass Foundation Bottle With Pump\/Jaunce"},"content":{"rendered":"<table style=\"border-collapse: collapse; width: 100%; height: 144px;\">\n<tbody>\n<tr style=\"height: 24px;\">\n<td style=\"width: 33.3333%; height: 144px;\" rowspan=\"6\"><img fetchpriority=\"high\" decoding=\"async\" class=\"alignnone size-full wp-image-1609\" src=\"https:\/\/www.cosmepak.com\/wp-content\/uploads\/2025\/03\/O1CN01xzBv612L5B4ZoLsyi_974269640-0-cib.jpg\" alt=\"garrafa de funda\u00e7\u00e3o\" width=\"1000\" height=\"1000\" srcset=\"https:\/\/www.cosmepak.com\/wp-content\/uploads\/2025\/03\/O1CN01xzBv612L5B4ZoLsyi_974269640-0-cib.jpg 1000w, https:\/\/www.cosmepak.com\/wp-content\/uploads\/2025\/03\/O1CN01xzBv612L5B4ZoLsyi_974269640-0-cib-300x300.jpg 300w, https:\/\/www.cosmepak.com\/wp-content\/uploads\/2025\/03\/O1CN01xzBv612L5B4ZoLsyi_974269640-0-cib-150x150.jpg 150w, https:\/\/www.cosmepak.com\/wp-content\/uploads\/2025\/03\/O1CN01xzBv612L5B4ZoLsyi_974269640-0-cib-768x768.jpg 768w, https:\/\/www.cosmepak.com\/wp-content\/uploads\/2025\/03\/O1CN01xzBv612L5B4ZoLsyi_974269640-0-cib-600x600.jpg 600w, https:\/\/www.cosmepak.com\/wp-content\/uploads\/2025\/03\/O1CN01xzBv612L5B4ZoLsyi_974269640-0-cib-100x100.jpg 100w\" sizes=\"(max-width: 1000px) 100vw, 1000px\" \/><\/td>\n<td style=\"width: 33.122%; height: 24px; text-align: center;\">Marca<\/td>\n<td style=\"width: 33.5446%; height: 24px; text-align: center;\">Jaunce<\/td>\n<\/tr>\n<tr style=\"height: 24px;\">\n<td style=\"width: 33.122%; height: 24px; text-align: center;\">Modelo<\/td>\n<td style=\"width: 33.5446%; height: 24px; text-align: center;\">JH-PHF205<\/td>\n<\/tr>\n<tr style=\"height: 24px;\">\n<td style=\"width: 33.122%; height: 24px; text-align: center;\">Capabilidade<\/td>\n<td style=\"width: 33.5446%; height: 24px; text-align: center;\">30ml<\/td>\n<\/tr>\n<tr style=\"height: 24px;\">\n<td style=\"width: 33.122%; height: 24px; text-align: center;\">Tamanho do pesco\u00e7o<\/td>\n<td style=\"width: 33.5446%; height: 24px; text-align: center;\">19.3mm<\/td>\n<\/tr>\n<tr style=\"height: 24px;\">\n<td style=\"width: 33.122%; height: 24px; text-align: center;\">Bombear<\/td>\n<td style=\"width: 33.5446%; height: 24px; text-align: center;\">Bomba de lo\u00e7\u00e3o<\/td>\n<\/tr>\n<tr style=\"height: 24px;\">\n<td style=\"width: 33.122%; height: 24px; text-align: center;\">Material<\/td>\n<td style=\"width: 33.5446%; height: 24px; text-align: center;\">Vidro<\/td>\n<\/tr>\n<\/tbody>\n<\/table>\n<table style=\"border-collapse: collapse; width: 100%;\">\n<tbody>\n<tr>\n<td style=\"width: 20%; text-align: center;\"><strong>Capacidade<\/strong><\/td>\n<td style=\"width: 20%; text-align: center;\"><strong>Altura do ombro<\/strong><\/td>\n<td style=\"width: 20%; text-align: center;\"><strong>Altura total<\/strong><\/td>\n<td style=\"width: 20%; text-align: center;\"><strong>Comprimento<\/strong><\/td>\n<td style=\"width: 20%; text-align: center;\"><strong>Largura<\/strong><\/td>\n<\/tr>\n<tr>\n<td style=\"width: 20%; text-align: center;\">30ml<\/td>\n<td style=\"width: 20%; text-align: center;\">78.8mm<\/td>\n<td style=\"width: 20%; text-align: center;\">114.2mm<\/td>\n<td style=\"width: 20%; text-align: center;\">40mm<\/td>\n<td style=\"width: 20%; text-align: center;\">32.3mm<\/td>\n<\/tr>\n<\/tbody>\n<\/table>\n<p>Materiales e Th \u0628\u0648\u0635\u0629 Kin\u062c\u0631\u0627\u0645 Verde<\/p>\n<p>O metraterial que voc\u00ea escolhe forma tanto estilo como sa\u00fade do planeta. Os vasos de vidro parecem bonitos mas mais estranhos. As garrafas de pl\u00e1stico PET s\u00e3o ligeiras e baratas para marcas em um or\u00e7amento. S \u0628\u0648\u0635\u0629ce pessoas se preocupam com o ambiente, tentam materiais reciclables ou PCR (p\u00f3s-consumidor reciclado) para permanecer ecol\u00f3gicos. Esses cortam res\u00edduos enquanto permanecem fortes, que clientes amantes de verde cavam.<\/p>\n<p>A garrafa \u00e9 feita com um corte quadrado redondado \u00fanico, com linhas suaves e limpas. Combina modernidade e sofistica\u00e7\u00e3o, n\u00e3o s\u00f3 fornecendo uma agarra ergon\u00f4mica confort\u00e1vel, mas tamb\u00e9m destacando-se em prateleiras.<\/p>\n<p>A cobertura externa do matte branco contrasta fortemente com o corpo transparente da garrafa, destacando a pureza e o profissionalismo do produto, protegendo efetivamente a garrafa de arranhos.<\/p>\n<p>Oferecemos uma variedade de corpos de garrafas coloridos de alta transpar\u00eancia em cores como ouro ambrado, rosa rosa e ch\u00e1 marr\u00e3o leve. Eles podem ser livremente combinados de acordo com a marca&#8217; estilo s para satisfazer diferentes requisitos de posicionamento visual.<\/p>\n<p>Cool Conta \u0628\u0648\u0635ers para seu Creametre<\/p>\n<p>Uma gram\u00e1tica conta \u0628\u0648\u0635er tra\u00e7a seu creme parece maravilhoso e funciona melhor. Aqui est\u00e3o algumas melhores escolhas que mant\u00eam seu produto seguro e aumentam sua marca.<\/p>\n<p>Flasco sem ar com Pumetrap<\/p>\n<p>Apoiamos a personaliza\u00e7\u00e3o do processo completo OEM\/ODM. Voc\u00ea pode imprimir logotipo de marca, nome do produto, c\u00f3digo de cores e outras informa\u00e7\u00f5es sobre o corpo da garrafa. Diversas t\u00e9cnicas como selo de f\u00f3lia, impress\u00e3o de tela e impress\u00e3o UV podem ser adotadas para criar identifica\u00e7\u00e3o visual exclusiva.<\/p>\n<p>Esta garrafa de vidro \u00e9 adequada para produtos l\u00edquidos de beleza como funda\u00e7\u00e3o, escondidor, ess\u00eancia e primo. \u00c9 particularmente adequado para marcas de maquilhagem que perseguem textura de alto n\u00edvel e experi\u00eancia profissional.<\/p>\n<p>&nbsp;<\/p>\n<p><img decoding=\"async\" class=\"alignnone wp-image-1610\" src=\"https:\/\/www.cosmepak.com\/wp-content\/uploads\/2025\/03\/O1CN01UCVWNP2L5B4ijMGN9_974269640-0-cib.jpg\" alt=\"garrafa de funda\u00e7\u00e3o\" width=\"1374\" height=\"1915\" srcset=\"https:\/\/www.cosmepak.com\/wp-content\/uploads\/2025\/03\/O1CN01UCVWNP2L5B4ijMGN9_974269640-0-cib.jpg 800w, https:\/\/www.cosmepak.com\/wp-content\/uploads\/2025\/03\/O1CN01UCVWNP2L5B4ijMGN9_974269640-0-cib-215x300.jpg 215w, https:\/\/www.cosmepak.com\/wp-content\/uploads\/2025\/03\/O1CN01UCVWNP2L5B4ijMGN9_974269640-0-cib-735x1024.jpg 735w, https:\/\/www.cosmepak.com\/wp-content\/uploads\/2025\/03\/O1CN01UCVWNP2L5B4ijMGN9_974269640-0-cib-768x1070.jpg 768w, https:\/\/www.cosmepak.com\/wp-content\/uploads\/2025\/03\/O1CN01UCVWNP2L5B4ijMGN9_974269640-0-cib-600x836.jpg 600w\" sizes=\"(max-width: 1374px) 100vw, 1374px\" \/><\/p>\n<div>\n<table style=\"border-collapse: collapse; width: 100%;\">\n<tbody>\n<tr>\n<td style=\"width: 33.3333%;\"><img decoding=\"async\" class=\"alignnone size-full wp-image-3309\" src=\"https:\/\/www.cosmepak.com\/wp-content\/uploads\/2025\/03\/7-8.jpg\" alt=\"\" width=\"1000\" height=\"1000\" srcset=\"https:\/\/www.cosmepak.com\/wp-content\/uploads\/2025\/03\/7-8.jpg 1000w, https:\/\/www.cosmepak.com\/wp-content\/uploads\/2025\/03\/7-8-300x300.jpg 300w, https:\/\/www.cosmepak.com\/wp-content\/uploads\/2025\/03\/7-8-150x150.jpg 150w, https:\/\/www.cosmepak.com\/wp-content\/uploads\/2025\/03\/7-8-768x768.jpg 768w, https:\/\/www.cosmepak.com\/wp-content\/uploads\/2025\/03\/7-8-12x12.jpg 12w, https:\/\/www.cosmepak.com\/wp-content\/uploads\/2025\/03\/7-8-600x600.jpg 600w, https:\/\/www.cosmepak.com\/wp-content\/uploads\/2025\/03\/7-8-100x100.jpg 100w\" sizes=\"(max-width: 1000px) 100vw, 1000px\" \/><\/td>\n<td style=\"width: 33.3333%;\"><img loading=\"lazy\" decoding=\"async\" class=\"alignnone size-full wp-image-3310\" src=\"https:\/\/www.cosmepak.com\/wp-content\/uploads\/2025\/03\/6-9.jpg\" alt=\"\" width=\"1000\" height=\"1000\" srcset=\"https:\/\/www.cosmepak.com\/wp-content\/uploads\/2025\/03\/6-9.jpg 1000w, https:\/\/www.cosmepak.com\/wp-content\/uploads\/2025\/03\/6-9-300x300.jpg 300w, https:\/\/www.cosmepak.com\/wp-content\/uploads\/2025\/03\/6-9-150x150.jpg 150w, https:\/\/www.cosmepak.com\/wp-content\/uploads\/2025\/03\/6-9-768x768.jpg 768w, https:\/\/www.cosmepak.com\/wp-content\/uploads\/2025\/03\/6-9-12x12.jpg 12w, https:\/\/www.cosmepak.com\/wp-content\/uploads\/2025\/03\/6-9-600x600.jpg 600w, https:\/\/www.cosmepak.com\/wp-content\/uploads\/2025\/03\/6-9-100x100.jpg 100w\" sizes=\"(max-width: 1000px) 100vw, 1000px\" \/><\/td>\n<td style=\"width: 33.3333%;\"><img loading=\"lazy\" decoding=\"async\" class=\"alignnone size-full wp-image-3311\" src=\"https:\/\/www.cosmepak.com\/wp-content\/uploads\/2025\/03\/3-11.jpg\" alt=\"\" width=\"1000\" height=\"1000\" srcset=\"https:\/\/www.cosmepak.com\/wp-content\/uploads\/2025\/03\/3-11.jpg 1000w, https:\/\/www.cosmepak.com\/wp-content\/uploads\/2025\/03\/3-11-300x300.jpg 300w, https:\/\/www.cosmepak.com\/wp-content\/uploads\/2025\/03\/3-11-150x150.jpg 150w, https:\/\/www.cosmepak.com\/wp-content\/uploads\/2025\/03\/3-11-768x768.jpg 768w, https:\/\/www.cosmepak.com\/wp-content\/uploads\/2025\/03\/3-11-12x12.jpg 12w, https:\/\/www.cosmepak.com\/wp-content\/uploads\/2025\/03\/3-11-600x600.jpg 600w, https:\/\/www.cosmepak.com\/wp-content\/uploads\/2025\/03\/3-11-100x100.jpg 100w\" sizes=\"(max-width: 1000px) 100vw, 1000px\" \/><\/td>\n<\/tr>\n<\/tbody>\n<\/table>\n<\/div>\n<p>&nbsp;<\/p>","protected":false},"excerpt":{"rendered":"<p>Material de garrafa: vidro<\/p>\n<p>Cap material: pp<\/p>\n<p>Capacidade: 30 ml<\/p>\n<p>Bomba: bomba de lo\u00e7\u00e3o<\/p>\n<p>Cor: Personalizado (qualquer cor Pantone Avali\u00e1vel)<\/p>\n<p>Acabamento de superf\u00edcie: impress\u00e3o de tela, cobertura, estampagem a quente, gradiente de spray, acabamento fosco, etc.<\/p>\n<p>MOQ: 5000pcs;<\/p>\n<p>&nbsp;<\/p>","protected":false},"featured_media":1611,"comment_status":"closed","ping_status":"closed","template":"","meta":{"_acf_changed":false},"product_brand":[],"product_cat":[34],"product_tag":[],"class_list":{"0":"post-1608","1":"product","2":"type-product","3":"status-publish","4":"has-post-thumbnail","6":"product_cat-foundation-bottle","8":"first","9":"outofstock","10":"shipping-taxable","11":"product-type-simple"},"acf":[],"_links":{"self":[{"href":"https:\/\/www.cosmepak.com\/pt\/wp-json\/wp\/v2\/product\/1608","targetHints":{"allow":["GET"]}}],"collection":[{"href":"https:\/\/www.cosmepak.com\/pt\/wp-json\/wp\/v2\/product"}],"about":[{"href":"https:\/\/www.cosmepak.com\/pt\/wp-json\/wp\/v2\/types\/product"}],"replies":[{"embeddable":true,"href":"https:\/\/www.cosmepak.com\/pt\/wp-json\/wp\/v2\/comments?post=1608"}],"wp:featuredmedia":[{"embeddable":true,"href":"https:\/\/www.cosmepak.com\/pt\/wp-json\/wp\/v2\/media\/1611"}],"wp:attachment":[{"href":"https:\/\/www.cosmepak.com\/pt\/wp-json\/wp\/v2\/media?parent=1608"}],"wp:term":[{"taxonomy":"product_brand","embeddable":true,"href":"https:\/\/www.cosmepak.com\/pt\/wp-json\/wp\/v2\/product_brand?post=1608"},{"taxonomy":"product_cat","embeddable":true,"href":"https:\/\/www.cosmepak.com\/pt\/wp-json\/wp\/v2\/product_cat?post=1608"},{"taxonomy":"product_tag","embeddable":true,"href":"https:\/\/www.cosmepak.com\/pt\/wp-json\/wp\/v2\/product_tag?post=1608"}],"curies":[{"name":"wp","href":"https:\/\/api.w.org\/{rel}","templated":true}]}}