{"id":1615,"date":"2025-03-28T16:36:57","date_gmt":"2025-03-28T08:36:57","guid":{"rendered":"https:\/\/www.cosmepak.com\/?post_type=product&#038;p=1615"},"modified":"2026-02-06T16:20:42","modified_gmt":"2026-02-06T08:20:42","slug":"30ml-round-foundation-glass-bottle-jaunce","status":"publish","type":"product","link":"https:\/\/www.cosmepak.com\/pt\/product\/30ml-round-foundation-glass-bottle-jaunce\/","title":{"rendered":"Garrafa de vidro \/Jaunce da funda\u00e7\u00e3o redonda de 30 ml"},"content":{"rendered":"<table style=\"border-collapse: collapse; width: 100%; height: 144px;\">\n<tbody>\n<tr style=\"height: 24px;\">\n<td style=\"width: 33.3333%; height: 144px;\" rowspan=\"6\"><img fetchpriority=\"high\" decoding=\"async\" class=\"alignnone size-full wp-image-1616\" src=\"https:\/\/www.cosmepak.com\/wp-content\/uploads\/2025\/03\/O1CN01oP47ue2L5AwEQKinW_974269640-0-cib.jpg\" alt=\"garrafa de funda\u00e7\u00e3o\" width=\"1000\" height=\"1000\" srcset=\"https:\/\/www.cosmepak.com\/wp-content\/uploads\/2025\/03\/O1CN01oP47ue2L5AwEQKinW_974269640-0-cib.jpg 1000w, https:\/\/www.cosmepak.com\/wp-content\/uploads\/2025\/03\/O1CN01oP47ue2L5AwEQKinW_974269640-0-cib-300x300.jpg 300w, https:\/\/www.cosmepak.com\/wp-content\/uploads\/2025\/03\/O1CN01oP47ue2L5AwEQKinW_974269640-0-cib-150x150.jpg 150w, https:\/\/www.cosmepak.com\/wp-content\/uploads\/2025\/03\/O1CN01oP47ue2L5AwEQKinW_974269640-0-cib-768x768.jpg 768w, https:\/\/www.cosmepak.com\/wp-content\/uploads\/2025\/03\/O1CN01oP47ue2L5AwEQKinW_974269640-0-cib-600x600.jpg 600w, https:\/\/www.cosmepak.com\/wp-content\/uploads\/2025\/03\/O1CN01oP47ue2L5AwEQKinW_974269640-0-cib-100x100.jpg 100w\" sizes=\"(max-width: 1000px) 100vw, 1000px\" \/><\/td>\n<td style=\"width: 33.122%; height: 24px; text-align: center;\">Marca<\/td>\n<td style=\"width: 33.5446%; height: 24px; text-align: center;\">Jaunce<\/td>\n<\/tr>\n<tr style=\"height: 24px;\">\n<td style=\"width: 33.122%; height: 24px; text-align: center;\">Modelo<\/td>\n<td style=\"width: 33.5446%; height: 24px; text-align: center;\">JH-PHF142<\/td>\n<\/tr>\n<tr style=\"height: 24px;\">\n<td style=\"width: 33.122%; height: 24px; text-align: center;\">Capabilidade<\/td>\n<td style=\"width: 33.5446%; height: 24px; text-align: center;\">30ml<\/td>\n<\/tr>\n<tr style=\"height: 24px;\">\n<td style=\"width: 33.122%; height: 24px; text-align: center;\">Tamanho do pesco\u00e7o<\/td>\n<td style=\"width: 33.5446%; height: 24px; text-align: center;\">18mm<\/td>\n<\/tr>\n<tr style=\"height: 24px;\">\n<td style=\"width: 33.122%; height: 24px; text-align: center;\">Bombear<\/td>\n<td style=\"width: 33.5446%; height: 24px; text-align: center;\">Bomba de lo\u00e7\u00e3o<\/td>\n<\/tr>\n<tr style=\"height: 24px;\">\n<td style=\"width: 33.122%; height: 24px; text-align: center;\">Material<\/td>\n<td style=\"width: 33.5446%; height: 24px; text-align: center;\">Vidro<\/td>\n<\/tr>\n<\/tbody>\n<\/table>\n<table style=\"border-collapse: collapse; width: 100%;\">\n<tbody>\n<tr style=\"height: 24px;\">\n<td style=\"width: 20%; text-align: center; height: 24px;\"><strong>Capacidade<\/strong><\/td>\n<td style=\"width: 20%; text-align: center; height: 24px;\"><strong>Altura do ombro<\/strong><\/td>\n<td style=\"width: 20%; text-align: center; height: 24px;\"><strong>Altura total<\/strong><\/td>\n<td style=\"width: 20%; text-align: center; height: 24px;\"><strong>Dia<\/strong><\/td>\n<\/tr>\n<tr style=\"height: 24px;\">\n<td style=\"width: 20%; text-align: center; height: 24px;\">30ml<\/td>\n<td style=\"width: 20%; text-align: center; height: 24px;\">57 mm<\/td>\n<td style=\"width: 20%; text-align: center; height: 24px;\">95mm<\/td>\n<td style=\"width: 20%; text-align: center; height: 24px;\">40mm<\/td>\n<\/tr>\n<\/tbody>\n<\/table>\n<p>Este produto \u00e9 uma garrafa de vidro transparente com uma capacidade de 30 ml, com m\u00faltiplos projetos estruturais amig\u00e1veis do usu\u00e1rio. A forma geral \u00e9 simples e harmoniosa, combinando pr\u00e1tica e est\u00e9tica. O corpo da garrafa \u00e9 feito de vidro transparente, permitindo que o conte\u00fado dentro seja claramente visto. A textura \u00e9 suave, t\u00e3o seda quanto poss\u00edvel e suave. A boca da garrafa \u00e9 projetada com uma estrutura de fios, que funciona em conjunto com a cabe\u00e7a de bomba de tipo empurrado, fornecendo excelente desempenho de selagem e \u00e9 conveniente para utilizar. O fundo da garrafa foi refor\u00e7ado, aumentando a estabilidade e durabilidade do produto, reduzindo efetivamente o risco de danos durante o transporte e uso.<\/p>\n<p>Tamb\u00e9m podemos oferecer um tratamento de explos\u00e3o de areia na superf\u00edcie da garrafa, criando uma textura de mat\u00e9 que d\u00e1 um sentido de mist\u00e9rio. Ao mesmo tempo, tamb\u00e9m oferecemos servi\u00e7os de personaliza\u00e7\u00e3o como revestimento de cores e impress\u00e3o de tela de seda.<\/p>\n<p>O di\u00e2metro da abertura da garrafa \u00e9 de 18 mm, o di\u00e2metro do corpo principal da garrafa \u00e9 de 40 mm, a altura da parte plana do ombro \u00e9 de 57 mm e a altura total deste produto \u00e9 de 95 mm. O desenho de base espesso assegura uma coloca\u00e7\u00e3o mais est\u00e1vel e torna o produto menos propenso a danos. A cabe\u00e7a de bomba pintada em fios negros com moldura de inje\u00e7\u00e3o exude um sentimento luxuoso. Prema o l\u00edquido para fora, e a quantidade de l\u00edquido descarregado pode ser controlada, evitando assim res\u00edduos. - Tome tanto quanto precisa. \u00c9 limpo e higi\u00e9nico, e n\u00e3o vai causar contamina\u00e7\u00e3o secund\u00e1ria dos conte\u00fados. Parejar com uma cobertura externa do mesmo esquema de cores faz todo parecer mais harmonioso.<\/p>\n<p>https:\/\/www.cosmepak.com\/vi\/san-pham\/chai-phun-300ml-vang\/<\/p>\n<p><img decoding=\"async\" class=\"size-full wp-image-1617 aligncenter\" src=\"https:\/\/www.cosmepak.com\/wp-content\/uploads\/2025\/03\/O1CN01z01iek2L5AwTmHYnK_974269640-0-cib.jpg\" alt=\"garrafa de funda\u00e7\u00e3o\" width=\"1000\" height=\"1376\" srcset=\"https:\/\/www.cosmepak.com\/wp-content\/uploads\/2025\/03\/O1CN01z01iek2L5AwTmHYnK_974269640-0-cib.jpg 1000w, https:\/\/www.cosmepak.com\/wp-content\/uploads\/2025\/03\/O1CN01z01iek2L5AwTmHYnK_974269640-0-cib-218x300.jpg 218w, https:\/\/www.cosmepak.com\/wp-content\/uploads\/2025\/03\/O1CN01z01iek2L5AwTmHYnK_974269640-0-cib-744x1024.jpg 744w, https:\/\/www.cosmepak.com\/wp-content\/uploads\/2025\/03\/O1CN01z01iek2L5AwTmHYnK_974269640-0-cib-768x1057.jpg 768w, https:\/\/www.cosmepak.com\/wp-content\/uploads\/2025\/03\/O1CN01z01iek2L5AwTmHYnK_974269640-0-cib-600x826.jpg 600w\" sizes=\"(max-width: 1000px) 100vw, 1000px\" \/><\/p>\n<table style=\"border-collapse: collapse; width: 100%;\">\n<tbody>\n<tr>\n<td style=\"width: 33.3333%;\"><img decoding=\"async\" class=\"alignnone size-full wp-image-3330\" src=\"https:\/\/www.cosmepak.com\/wp-content\/uploads\/2025\/03\/O1CN01UtL9rY2L5AwPPLF43_974269640-0-cib-1.jpg\" alt=\"\" width=\"1000\" height=\"1000\" srcset=\"https:\/\/www.cosmepak.com\/wp-content\/uploads\/2025\/03\/O1CN01UtL9rY2L5AwPPLF43_974269640-0-cib-1.jpg 1000w, https:\/\/www.cosmepak.com\/wp-content\/uploads\/2025\/03\/O1CN01UtL9rY2L5AwPPLF43_974269640-0-cib-1-300x300.jpg 300w, https:\/\/www.cosmepak.com\/wp-content\/uploads\/2025\/03\/O1CN01UtL9rY2L5AwPPLF43_974269640-0-cib-1-150x150.jpg 150w, https:\/\/www.cosmepak.com\/wp-content\/uploads\/2025\/03\/O1CN01UtL9rY2L5AwPPLF43_974269640-0-cib-1-768x768.jpg 768w, https:\/\/www.cosmepak.com\/wp-content\/uploads\/2025\/03\/O1CN01UtL9rY2L5AwPPLF43_974269640-0-cib-1-12x12.jpg 12w, https:\/\/www.cosmepak.com\/wp-content\/uploads\/2025\/03\/O1CN01UtL9rY2L5AwPPLF43_974269640-0-cib-1-600x600.jpg 600w, https:\/\/www.cosmepak.com\/wp-content\/uploads\/2025\/03\/O1CN01UtL9rY2L5AwPPLF43_974269640-0-cib-1-100x100.jpg 100w\" sizes=\"(max-width: 1000px) 100vw, 1000px\" \/><\/td>\n<td style=\"width: 33.3333%;\"><img loading=\"lazy\" decoding=\"async\" class=\"alignnone size-full wp-image-3327\" src=\"https:\/\/www.cosmepak.com\/wp-content\/uploads\/2025\/03\/O1CN01oP47ue2L5AwEQKinW_974269640-0-cib-1.jpg\" alt=\"\" width=\"1000\" height=\"1000\" srcset=\"https:\/\/www.cosmepak.com\/wp-content\/uploads\/2025\/03\/O1CN01oP47ue2L5AwEQKinW_974269640-0-cib-1.jpg 1000w, https:\/\/www.cosmepak.com\/wp-content\/uploads\/2025\/03\/O1CN01oP47ue2L5AwEQKinW_974269640-0-cib-1-300x300.jpg 300w, https:\/\/www.cosmepak.com\/wp-content\/uploads\/2025\/03\/O1CN01oP47ue2L5AwEQKinW_974269640-0-cib-1-150x150.jpg 150w, https:\/\/www.cosmepak.com\/wp-content\/uploads\/2025\/03\/O1CN01oP47ue2L5AwEQKinW_974269640-0-cib-1-768x768.jpg 768w, https:\/\/www.cosmepak.com\/wp-content\/uploads\/2025\/03\/O1CN01oP47ue2L5AwEQKinW_974269640-0-cib-1-12x12.jpg 12w, https:\/\/www.cosmepak.com\/wp-content\/uploads\/2025\/03\/O1CN01oP47ue2L5AwEQKinW_974269640-0-cib-1-600x600.jpg 600w, https:\/\/www.cosmepak.com\/wp-content\/uploads\/2025\/03\/O1CN01oP47ue2L5AwEQKinW_974269640-0-cib-1-100x100.jpg 100w\" sizes=\"(max-width: 1000px) 100vw, 1000px\" \/><\/td>\n<td style=\"width: 33.3333%;\"><img loading=\"lazy\" decoding=\"async\" class=\"alignnone size-full wp-image-3331\" src=\"https:\/\/www.cosmepak.com\/wp-content\/uploads\/2025\/03\/1-19.jpg\" alt=\"\" width=\"1000\" height=\"1000\" srcset=\"https:\/\/www.cosmepak.com\/wp-content\/uploads\/2025\/03\/1-19.jpg 1000w, https:\/\/www.cosmepak.com\/wp-content\/uploads\/2025\/03\/1-19-300x300.jpg 300w, https:\/\/www.cosmepak.com\/wp-content\/uploads\/2025\/03\/1-19-150x150.jpg 150w, https:\/\/www.cosmepak.com\/wp-content\/uploads\/2025\/03\/1-19-768x768.jpg 768w, https:\/\/www.cosmepak.com\/wp-content\/uploads\/2025\/03\/1-19-12x12.jpg 12w, https:\/\/www.cosmepak.com\/wp-content\/uploads\/2025\/03\/1-19-600x600.jpg 600w, https:\/\/www.cosmepak.com\/wp-content\/uploads\/2025\/03\/1-19-100x100.jpg 100w\" sizes=\"(max-width: 1000px) 100vw, 1000px\" \/><\/td>\n<\/tr>\n<\/tbody>\n<\/table>\n<p>&nbsp;<\/p>\n<p>&nbsp;<\/p>","protected":false},"excerpt":{"rendered":"<p>Material de garrafa: vidro<\/p>\n<p>Cap material: pp<\/p>\n<p>Capacidade: 30 ml<\/p>\n<p>Bomba: bomba de lo\u00e7\u00e3o<\/p>\n<p>Cor: Personalizado (qualquer cor Pantone Avali\u00e1vel)<\/p>\n<p>Acabamento de superf\u00edcie: impress\u00e3o de tela, cobertura, estampagem a quente, gradiente de spray, acabamento fosco, etc.<\/p>\n<p>MOQ: 5000pcs;<\/p>\n<p>&nbsp;<\/p>","protected":false},"featured_media":1616,"comment_status":"open","ping_status":"closed","template":"","meta":{"_acf_changed":false},"product_brand":[],"product_cat":[34],"product_tag":[],"class_list":{"0":"post-1615","1":"product","2":"type-product","3":"status-publish","4":"has-post-thumbnail","6":"product_cat-foundation-bottle","8":"first","9":"outofstock","10":"shipping-taxable","11":"product-type-simple"},"acf":[],"_links":{"self":[{"href":"https:\/\/www.cosmepak.com\/pt\/wp-json\/wp\/v2\/product\/1615","targetHints":{"allow":["GET"]}}],"collection":[{"href":"https:\/\/www.cosmepak.com\/pt\/wp-json\/wp\/v2\/product"}],"about":[{"href":"https:\/\/www.cosmepak.com\/pt\/wp-json\/wp\/v2\/types\/product"}],"replies":[{"embeddable":true,"href":"https:\/\/www.cosmepak.com\/pt\/wp-json\/wp\/v2\/comments?post=1615"}],"wp:featuredmedia":[{"embeddable":true,"href":"https:\/\/www.cosmepak.com\/pt\/wp-json\/wp\/v2\/media\/1616"}],"wp:attachment":[{"href":"https:\/\/www.cosmepak.com\/pt\/wp-json\/wp\/v2\/media?parent=1615"}],"wp:term":[{"taxonomy":"product_brand","embeddable":true,"href":"https:\/\/www.cosmepak.com\/pt\/wp-json\/wp\/v2\/product_brand?post=1615"},{"taxonomy":"product_cat","embeddable":true,"href":"https:\/\/www.cosmepak.com\/pt\/wp-json\/wp\/v2\/product_cat?post=1615"},{"taxonomy":"product_tag","embeddable":true,"href":"https:\/\/www.cosmepak.com\/pt\/wp-json\/wp\/v2\/product_tag?post=1615"}],"curies":[{"name":"wp","href":"https:\/\/api.w.org\/{rel}","templated":true}]}}