{"id":1628,"date":"2025-03-31T10:59:54","date_gmt":"2025-03-31T02:59:54","guid":{"rendered":"https:\/\/www.cosmepak.com\/?post_type=product&#038;p=1628"},"modified":"2026-01-06T15:47:47","modified_gmt":"2026-01-06T07:47:47","slug":"30ml-colorful-out-painting-square-foundation-glass-bottle-jaunce","status":"publish","type":"product","link":"https:\/\/www.cosmepak.com\/pt\/product\/30ml-colorful-out-painting-square-foundation-glass-bottle-jaunce\/","title":{"rendered":"30 ml colorido de pintura quadrada funda\u00e7\u00e3o garrafa de vidro \/jaunce"},"content":{"rendered":"<table style=\"border-collapse: collapse; width: 100%; height: 144px;\">\n<tbody>\n<tr style=\"height: 24px;\">\n<td style=\"width: 33.3333%; height: 144px;\" rowspan=\"6\"><img fetchpriority=\"high\" decoding=\"async\" class=\"alignnone size-full wp-image-3907\" src=\"https:\/\/www.cosmepak.com\/wp-content\/uploads\/2025\/03\/O1CN01z8ZfSD2L5B3fs2vXn_974269640-0-cib.jpg\" alt=\"\" width=\"800\" height=\"800\" srcset=\"https:\/\/www.cosmepak.com\/wp-content\/uploads\/2025\/03\/O1CN01z8ZfSD2L5B3fs2vXn_974269640-0-cib.jpg 800w, https:\/\/www.cosmepak.com\/wp-content\/uploads\/2025\/03\/O1CN01z8ZfSD2L5B3fs2vXn_974269640-0-cib-300x300.jpg 300w, https:\/\/www.cosmepak.com\/wp-content\/uploads\/2025\/03\/O1CN01z8ZfSD2L5B3fs2vXn_974269640-0-cib-150x150.jpg 150w, https:\/\/www.cosmepak.com\/wp-content\/uploads\/2025\/03\/O1CN01z8ZfSD2L5B3fs2vXn_974269640-0-cib-768x768.jpg 768w, https:\/\/www.cosmepak.com\/wp-content\/uploads\/2025\/03\/O1CN01z8ZfSD2L5B3fs2vXn_974269640-0-cib-12x12.jpg 12w, https:\/\/www.cosmepak.com\/wp-content\/uploads\/2025\/03\/O1CN01z8ZfSD2L5B3fs2vXn_974269640-0-cib-600x600.jpg 600w, https:\/\/www.cosmepak.com\/wp-content\/uploads\/2025\/03\/O1CN01z8ZfSD2L5B3fs2vXn_974269640-0-cib-100x100.jpg 100w\" sizes=\"(max-width: 800px) 100vw, 800px\" \/><\/td>\n<td style=\"width: 33.122%; height: 24px; text-align: center;\">Marca<\/td>\n<td style=\"width: 33.5446%; height: 24px; text-align: center;\">Jaunce<\/td>\n<\/tr>\n<tr style=\"height: 24px;\">\n<td style=\"width: 33.122%; height: 24px; text-align: center;\">Modelo<\/td>\n<td style=\"width: 33.5446%; height: 24px; text-align: center;\">JH-PHF203<\/td>\n<\/tr>\n<tr style=\"height: 24px;\">\n<td style=\"width: 33.122%; height: 24px; text-align: center;\">Capabilidade<\/td>\n<td style=\"width: 33.5446%; height: 24px; text-align: center;\">30ml<\/td>\n<\/tr>\n<tr style=\"height: 24px;\">\n<td style=\"width: 33.122%; height: 24px; text-align: center;\">Tamanho do pesco\u00e7o<\/td>\n<td style=\"width: 33.5446%; height: 24px; text-align: center;\">16.5mm<\/td>\n<\/tr>\n<tr style=\"height: 24px;\">\n<td style=\"width: 33.122%; height: 24px; text-align: center;\">Bombear<\/td>\n<td style=\"width: 33.5446%; height: 24px; text-align: center;\">Bomba de lo\u00e7\u00e3o<\/td>\n<\/tr>\n<tr style=\"height: 24px;\">\n<td style=\"width: 33.122%; height: 24px; text-align: center;\">Material<\/td>\n<td style=\"width: 33.5446%; height: 24px; text-align: center;\">Vidro<\/td>\n<\/tr>\n<\/tbody>\n<\/table>\n<table style=\"border-collapse: collapse; width: 100%;\">\n<tbody>\n<tr style=\"height: 24px;\">\n<td style=\"width: 15.3036%; text-align: center; height: 24px;\"><strong>Capacidade<\/strong><\/td>\n<td style=\"width: 18.0526%; text-align: center; height: 24px;\"><strong>Altura do ombro<\/strong><\/td>\n<td style=\"width: 16.5637%; text-align: center; height: 24px;\"><strong>Altura total<\/strong><\/td>\n<td style=\"width: 17.4455%; text-align: center; height: 24px;\"><strong>Comprimento inferior<\/strong><\/td>\n<td style=\"width: 12.6346%; text-align: center;\"><strong>Largura<\/strong><\/td>\n<\/tr>\n<tr>\n<td style=\"width: 15.3036%; text-align: center;\">30ml<\/td>\n<td style=\"width: 18.0526%; text-align: center;\">85.5mm<\/td>\n<td style=\"width: 16.5637%; text-align: center;\">127.2mm<\/td>\n<td style=\"width: 17.4455%; text-align: center;\">28.5mm<\/td>\n<td style=\"width: 12.6346%; text-align: center;\">28.5mm<\/td>\n<\/tr>\n<\/tbody>\n<\/table>\n<p><img decoding=\"async\" class=\"wp-image-1630 aligncenter\" src=\"https:\/\/www.cosmepak.com\/wp-content\/uploads\/2025\/03\/O1CN01OhcQks2L5B3gded9l_974269640-0-cib.jpg\" alt=\"garrafa de funda\u00e7\u00e3o\" width=\"1375\" height=\"1917\" srcset=\"https:\/\/www.cosmepak.com\/wp-content\/uploads\/2025\/03\/O1CN01OhcQks2L5B3gded9l_974269640-0-cib.jpg 1000w, https:\/\/www.cosmepak.com\/wp-content\/uploads\/2025\/03\/O1CN01OhcQks2L5B3gded9l_974269640-0-cib-215x300.jpg 215w, https:\/\/www.cosmepak.com\/wp-content\/uploads\/2025\/03\/O1CN01OhcQks2L5B3gded9l_974269640-0-cib-735x1024.jpg 735w, https:\/\/www.cosmepak.com\/wp-content\/uploads\/2025\/03\/O1CN01OhcQks2L5B3gded9l_974269640-0-cib-768x1071.jpg 768w, https:\/\/www.cosmepak.com\/wp-content\/uploads\/2025\/03\/O1CN01OhcQks2L5B3gded9l_974269640-0-cib-600x836.jpg 600w\" sizes=\"(max-width: 1375px) 100vw, 1375px\" \/><\/p>\n<p class=\"ai-center-markdown-p\">Voc\u00ea est\u00e1 \u00e0 procura de uma garrafa de funda\u00e7\u00e3o elegante e funcional que se destaque? Nossa garrafa de funda\u00e7\u00e3o de vidro colorido de 30 ml quadrado OEM\/ODM \u00e9 a escolha perfeita para voc\u00eas. N\u00e3o s\u00f3 oferece um design bonito, mas tamb\u00e9m permite personaliza\u00e7\u00e3o para satisfazer suas necessidades \u00fanicas.<\/p>\n<p>O formato quadrado da garrafa fornece um olhar moderno e elegante. O vidro colorido adiciona um toque de sofistica\u00e7\u00e3o e pode ser personalizado para corresponder \u00e0 sua marca&#8217; \u00e9 est\u00e9tica. Oferecemos servi\u00e7os OEM e ODM, assegurando que a garrafa satisfa\u00e7a seus requisitos espec\u00edficos.<\/p>\n<p>A garrafa feita de vidro de alta qualidade, a garrafa \u00e9 duradoura e ecol\u00f3gica. Essa constru\u00e7\u00e3o de vidro duradoura protege o conte\u00fado e mant\u00e9m a integridade do produto. 30 ml de capacidade \u00e9 perfeita para funda\u00e7\u00e3o e outros cosm\u00e9ticos l\u00edquidos.<\/p>\n<p>Voc\u00ea pode personalizar a garrafa com seu logotipo, cor e outros elementos de design para criar um produto \u00fanico que representa sua marca. Um design \u00fanico pode atrair mais clientes e aumentar a lealdade das marcas.<\/p>\n<p class=\"ai-center-markdown-p\">Para mais informa\u00e7\u00f5es sobre op\u00e7\u00f5es de personaliza\u00e7\u00e3o e para colocar uma encomenda, visite nosso site ou contacte nosso equipe de servi\u00e7o cliente.<\/p>\n<table style=\"border-collapse: collapse; width: 100%;\">\n<tbody>\n<tr>\n<td style=\"width: 33.3333%;\"><img decoding=\"async\" class=\"alignnone size-full wp-image-3908\" src=\"https:\/\/www.cosmepak.com\/wp-content\/uploads\/2025\/03\/1-20.jpg\" alt=\"\" width=\"1000\" height=\"1000\" srcset=\"https:\/\/www.cosmepak.com\/wp-content\/uploads\/2025\/03\/1-20.jpg 1000w, https:\/\/www.cosmepak.com\/wp-content\/uploads\/2025\/03\/1-20-300x300.jpg 300w, https:\/\/www.cosmepak.com\/wp-content\/uploads\/2025\/03\/1-20-150x150.jpg 150w, https:\/\/www.cosmepak.com\/wp-content\/uploads\/2025\/03\/1-20-768x768.jpg 768w, https:\/\/www.cosmepak.com\/wp-content\/uploads\/2025\/03\/1-20-12x12.jpg 12w, https:\/\/www.cosmepak.com\/wp-content\/uploads\/2025\/03\/1-20-600x600.jpg 600w, https:\/\/www.cosmepak.com\/wp-content\/uploads\/2025\/03\/1-20-100x100.jpg 100w\" sizes=\"(max-width: 1000px) 100vw, 1000px\" \/><\/td>\n<td style=\"width: 33.3333%;\"><img loading=\"lazy\" decoding=\"async\" class=\"alignnone size-full wp-image-3909\" src=\"https:\/\/www.cosmepak.com\/wp-content\/uploads\/2025\/03\/O1CN01j8BWWa2L5B3g4fibu_974269640-0-cib.jpg\" alt=\"\" width=\"1000\" height=\"1000\" srcset=\"https:\/\/www.cosmepak.com\/wp-content\/uploads\/2025\/03\/O1CN01j8BWWa2L5B3g4fibu_974269640-0-cib.jpg 1000w, https:\/\/www.cosmepak.com\/wp-content\/uploads\/2025\/03\/O1CN01j8BWWa2L5B3g4fibu_974269640-0-cib-300x300.jpg 300w, https:\/\/www.cosmepak.com\/wp-content\/uploads\/2025\/03\/O1CN01j8BWWa2L5B3g4fibu_974269640-0-cib-150x150.jpg 150w, https:\/\/www.cosmepak.com\/wp-content\/uploads\/2025\/03\/O1CN01j8BWWa2L5B3g4fibu_974269640-0-cib-768x768.jpg 768w, https:\/\/www.cosmepak.com\/wp-content\/uploads\/2025\/03\/O1CN01j8BWWa2L5B3g4fibu_974269640-0-cib-12x12.jpg 12w, https:\/\/www.cosmepak.com\/wp-content\/uploads\/2025\/03\/O1CN01j8BWWa2L5B3g4fibu_974269640-0-cib-600x600.jpg 600w, https:\/\/www.cosmepak.com\/wp-content\/uploads\/2025\/03\/O1CN01j8BWWa2L5B3g4fibu_974269640-0-cib-100x100.jpg 100w\" sizes=\"(max-width: 1000px) 100vw, 1000px\" \/><\/td>\n<td style=\"width: 33.3333%;\"><img loading=\"lazy\" decoding=\"async\" class=\"alignnone size-full wp-image-3910\" src=\"https:\/\/www.cosmepak.com\/wp-content\/uploads\/2025\/03\/O1CN01JOYbrt2L5B3bbryhP_974269640-0-cib.jpg\" alt=\"\" width=\"1000\" height=\"1000\" srcset=\"https:\/\/www.cosmepak.com\/wp-content\/uploads\/2025\/03\/O1CN01JOYbrt2L5B3bbryhP_974269640-0-cib.jpg 1000w, https:\/\/www.cosmepak.com\/wp-content\/uploads\/2025\/03\/O1CN01JOYbrt2L5B3bbryhP_974269640-0-cib-300x300.jpg 300w, https:\/\/www.cosmepak.com\/wp-content\/uploads\/2025\/03\/O1CN01JOYbrt2L5B3bbryhP_974269640-0-cib-150x150.jpg 150w, https:\/\/www.cosmepak.com\/wp-content\/uploads\/2025\/03\/O1CN01JOYbrt2L5B3bbryhP_974269640-0-cib-768x768.jpg 768w, https:\/\/www.cosmepak.com\/wp-content\/uploads\/2025\/03\/O1CN01JOYbrt2L5B3bbryhP_974269640-0-cib-12x12.jpg 12w, https:\/\/www.cosmepak.com\/wp-content\/uploads\/2025\/03\/O1CN01JOYbrt2L5B3bbryhP_974269640-0-cib-600x600.jpg 600w, https:\/\/www.cosmepak.com\/wp-content\/uploads\/2025\/03\/O1CN01JOYbrt2L5B3bbryhP_974269640-0-cib-100x100.jpg 100w\" sizes=\"(max-width: 1000px) 100vw, 1000px\" \/><\/td>\n<\/tr>\n<\/tbody>\n<\/table>\n<table style=\"border-collapse: collapse; width: 100%;\">\n<tbody>\n<tr>\n<td style=\"width: 50%;\"><img loading=\"lazy\" decoding=\"async\" class=\"alignnone size-full wp-image-3911\" src=\"https:\/\/www.cosmepak.com\/wp-content\/uploads\/2025\/03\/O1CN01aLsUSx2L5B3f5VUP1_974269640-0-cib-1.jpg\" alt=\"\" width=\"1000\" height=\"1000\" srcset=\"https:\/\/www.cosmepak.com\/wp-content\/uploads\/2025\/03\/O1CN01aLsUSx2L5B3f5VUP1_974269640-0-cib-1.jpg 1000w, https:\/\/www.cosmepak.com\/wp-content\/uploads\/2025\/03\/O1CN01aLsUSx2L5B3f5VUP1_974269640-0-cib-1-300x300.jpg 300w, https:\/\/www.cosmepak.com\/wp-content\/uploads\/2025\/03\/O1CN01aLsUSx2L5B3f5VUP1_974269640-0-cib-1-150x150.jpg 150w, https:\/\/www.cosmepak.com\/wp-content\/uploads\/2025\/03\/O1CN01aLsUSx2L5B3f5VUP1_974269640-0-cib-1-768x768.jpg 768w, https:\/\/www.cosmepak.com\/wp-content\/uploads\/2025\/03\/O1CN01aLsUSx2L5B3f5VUP1_974269640-0-cib-1-12x12.jpg 12w, https:\/\/www.cosmepak.com\/wp-content\/uploads\/2025\/03\/O1CN01aLsUSx2L5B3f5VUP1_974269640-0-cib-1-600x600.jpg 600w, https:\/\/www.cosmepak.com\/wp-content\/uploads\/2025\/03\/O1CN01aLsUSx2L5B3f5VUP1_974269640-0-cib-1-100x100.jpg 100w\" sizes=\"(max-width: 1000px) 100vw, 1000px\" \/><\/td>\n<td style=\"width: 50%;\"><img loading=\"lazy\" decoding=\"async\" class=\"alignnone size-full wp-image-3912\" src=\"https:\/\/www.cosmepak.com\/wp-content\/uploads\/2025\/03\/O1CN01INKihK2L5B3bwVZ1c_974269640-0-cib.jpg\" alt=\"\" width=\"800\" height=\"800\" srcset=\"https:\/\/www.cosmepak.com\/wp-content\/uploads\/2025\/03\/O1CN01INKihK2L5B3bwVZ1c_974269640-0-cib.jpg 800w, https:\/\/www.cosmepak.com\/wp-content\/uploads\/2025\/03\/O1CN01INKihK2L5B3bwVZ1c_974269640-0-cib-300x300.jpg 300w, https:\/\/www.cosmepak.com\/wp-content\/uploads\/2025\/03\/O1CN01INKihK2L5B3bwVZ1c_974269640-0-cib-150x150.jpg 150w, https:\/\/www.cosmepak.com\/wp-content\/uploads\/2025\/03\/O1CN01INKihK2L5B3bwVZ1c_974269640-0-cib-768x768.jpg 768w, https:\/\/www.cosmepak.com\/wp-content\/uploads\/2025\/03\/O1CN01INKihK2L5B3bwVZ1c_974269640-0-cib-12x12.jpg 12w, https:\/\/www.cosmepak.com\/wp-content\/uploads\/2025\/03\/O1CN01INKihK2L5B3bwVZ1c_974269640-0-cib-600x600.jpg 600w, https:\/\/www.cosmepak.com\/wp-content\/uploads\/2025\/03\/O1CN01INKihK2L5B3bwVZ1c_974269640-0-cib-100x100.jpg 100w\" sizes=\"(max-width: 800px) 100vw, 800px\" \/><\/td>\n<\/tr>\n<\/tbody>\n<\/table>","protected":false},"excerpt":{"rendered":"<p>Material de garrafa: vidro<\/p>\n<p>Cap material: pp<\/p>\n<p>Capacidade: 30 ml<\/p>\n<p>Bomba: bomba de lo\u00e7\u00e3o<\/p>\n<p>Cor: Personalizado (qualquer cor Pantone Avali\u00e1vel)<\/p>\n<p>Acabamento de superf\u00edcie: impress\u00e3o de tela, cobertura, estampagem a quente, gradiente de spray, acabamento fosco, etc.<\/p>\n<p>MOQ: 5000pcs;<\/p>\n<p>&nbsp;<\/p>","protected":false},"featured_media":1629,"comment_status":"closed","ping_status":"closed","template":"","meta":{"_acf_changed":false},"product_brand":[],"product_cat":[34],"product_tag":[],"class_list":{"0":"post-1628","1":"product","2":"type-product","3":"status-publish","4":"has-post-thumbnail","6":"product_cat-foundation-bottle","8":"first","9":"outofstock","10":"shipping-taxable","11":"product-type-simple"},"acf":[],"_links":{"self":[{"href":"https:\/\/www.cosmepak.com\/pt\/wp-json\/wp\/v2\/product\/1628","targetHints":{"allow":["GET"]}}],"collection":[{"href":"https:\/\/www.cosmepak.com\/pt\/wp-json\/wp\/v2\/product"}],"about":[{"href":"https:\/\/www.cosmepak.com\/pt\/wp-json\/wp\/v2\/types\/product"}],"replies":[{"embeddable":true,"href":"https:\/\/www.cosmepak.com\/pt\/wp-json\/wp\/v2\/comments?post=1628"}],"wp:featuredmedia":[{"embeddable":true,"href":"https:\/\/www.cosmepak.com\/pt\/wp-json\/wp\/v2\/media\/1629"}],"wp:attachment":[{"href":"https:\/\/www.cosmepak.com\/pt\/wp-json\/wp\/v2\/media?parent=1628"}],"wp:term":[{"taxonomy":"product_brand","embeddable":true,"href":"https:\/\/www.cosmepak.com\/pt\/wp-json\/wp\/v2\/product_brand?post=1628"},{"taxonomy":"product_cat","embeddable":true,"href":"https:\/\/www.cosmepak.com\/pt\/wp-json\/wp\/v2\/product_cat?post=1628"},{"taxonomy":"product_tag","embeddable":true,"href":"https:\/\/www.cosmepak.com\/pt\/wp-json\/wp\/v2\/product_tag?post=1628"}],"curies":[{"name":"wp","href":"https:\/\/api.w.org\/{rel}","templated":true}]}}