{"id":1645,"date":"2025-03-31T14:28:54","date_gmt":"2025-03-31T06:28:54","guid":{"rendered":"https:\/\/www.cosmepak.com\/?post_type=product&#038;p=1645"},"modified":"2026-01-05T15:25:29","modified_gmt":"2026-01-05T07:25:29","slug":"45ml-round-shoulder-glass-foundation-bottle-jaunce","status":"publish","type":"product","link":"https:\/\/www.cosmepak.com\/pt\/product\/45ml-round-shoulder-glass-foundation-bottle-jaunce\/","title":{"rendered":"45 ml da Funda\u00e7\u00e3o Round Shoulder Glass Bottle\/Jaunce"},"content":{"rendered":"<table style=\"border-collapse: collapse; width: 100%; height: 144px;\">\n<tbody>\n<tr style=\"height: 24px;\">\n<td style=\"width: 33.3333%; height: 144px;\" rowspan=\"6\"><img fetchpriority=\"high\" decoding=\"async\" class=\"alignnone size-full wp-image-1646\" src=\"https:\/\/www.cosmepak.com\/wp-content\/uploads\/2025\/03\/O1CN015C0pvv2L5ArLy7AeP_974269640-0-cib.jpg\" alt=\"garrafa de funda\u00e7\u00e3o\" width=\"1000\" height=\"1000\" srcset=\"https:\/\/www.cosmepak.com\/wp-content\/uploads\/2025\/03\/O1CN015C0pvv2L5ArLy7AeP_974269640-0-cib.jpg 1000w, https:\/\/www.cosmepak.com\/wp-content\/uploads\/2025\/03\/O1CN015C0pvv2L5ArLy7AeP_974269640-0-cib-300x300.jpg 300w, https:\/\/www.cosmepak.com\/wp-content\/uploads\/2025\/03\/O1CN015C0pvv2L5ArLy7AeP_974269640-0-cib-150x150.jpg 150w, https:\/\/www.cosmepak.com\/wp-content\/uploads\/2025\/03\/O1CN015C0pvv2L5ArLy7AeP_974269640-0-cib-768x768.jpg 768w, https:\/\/www.cosmepak.com\/wp-content\/uploads\/2025\/03\/O1CN015C0pvv2L5ArLy7AeP_974269640-0-cib-600x600.jpg 600w, https:\/\/www.cosmepak.com\/wp-content\/uploads\/2025\/03\/O1CN015C0pvv2L5ArLy7AeP_974269640-0-cib-100x100.jpg 100w\" sizes=\"(max-width: 1000px) 100vw, 1000px\" \/><\/td>\n<td style=\"width: 33.122%; height: 24px; text-align: center;\">Marca<\/td>\n<td style=\"width: 33.5446%; height: 24px; text-align: center;\">Jaunce<\/td>\n<\/tr>\n<tr style=\"height: 24px;\">\n<td style=\"width: 33.122%; height: 24px; text-align: center;\">Modelo<\/td>\n<td style=\"width: 33.5446%; height: 24px; text-align: center;\">JH-PHPC3684<\/td>\n<\/tr>\n<tr style=\"height: 24px;\">\n<td style=\"width: 33.122%; height: 24px; text-align: center;\">Capabilidade<\/td>\n<td style=\"width: 33.5446%; height: 24px; text-align: center;\">45ml<\/td>\n<\/tr>\n<tr style=\"height: 24px;\">\n<td style=\"width: 33.122%; height: 24px; text-align: center;\">Forma<\/td>\n<td style=\"width: 33.5446%; height: 24px; text-align: center;\">Ombro redondo<\/td>\n<\/tr>\n<tr style=\"height: 24px;\">\n<td style=\"width: 33.122%; height: 24px; text-align: center;\">Bombear<\/td>\n<td style=\"width: 33.5446%; height: 24px; text-align: center;\">Bomba de lo\u00e7\u00e3o<\/td>\n<\/tr>\n<tr style=\"height: 24px;\">\n<td style=\"width: 33.122%; height: 24px; text-align: center;\">Material<\/td>\n<td style=\"width: 33.5446%; height: 24px; text-align: center;\">Vidro<\/td>\n<\/tr>\n<\/tbody>\n<\/table>\n<p>Garrafa de embalagem de vidro em forma de ombro redonda de 45 ml, personaliza\u00e7\u00e3o aceit\u00e1vel.<\/p>\n<table style=\"border-collapse: collapse; width: 100%;\">\n<tbody>\n<tr style=\"height: 24px;\">\n<td style=\"width: 15.8763%; text-align: center; height: 24px;\"><strong>Capacidade<\/strong><\/td>\n<td style=\"width: 17.5945%; text-align: center; height: 24px;\"><strong>Altura do ombro<\/strong><\/td>\n<td style=\"width: 17.1363%; text-align: center; height: 24px;\"><strong>Altura total<\/strong><\/td>\n<td style=\"width: 14.4673%; text-align: center; height: 24px;\"><strong>Dia<\/strong><\/td>\n<\/tr>\n<tr style=\"height: 24px;\">\n<td style=\"width: 15.8763%; text-align: center; height: 24px;\">45ml<\/td>\n<td style=\"width: 17.5945%; text-align: center; height: 24px;\">71mm<\/td>\n<td style=\"width: 17.1363%; text-align: center; height: 24px;\">118 mm<\/td>\n<td style=\"width: 14.4673%; text-align: center; height: 24px;\">41mm<\/td>\n<\/tr>\n<\/tbody>\n<\/table>\n<p>&nbsp;<\/p>\n<p><img decoding=\"async\" class=\"alignnone wp-image-1647\" src=\"https:\/\/www.cosmepak.com\/wp-content\/uploads\/2025\/03\/O1CN01Dwvg1c2L5AunY01uh_974269640-0-cib.jpg\" alt=\"garrafa de funda\u00e7\u00e3o\" width=\"1377\" height=\"1877\" srcset=\"https:\/\/www.cosmepak.com\/wp-content\/uploads\/2025\/03\/O1CN01Dwvg1c2L5AunY01uh_974269640-0-cib.jpg 999w, https:\/\/www.cosmepak.com\/wp-content\/uploads\/2025\/03\/O1CN01Dwvg1c2L5AunY01uh_974269640-0-cib-220x300.jpg 220w, https:\/\/www.cosmepak.com\/wp-content\/uploads\/2025\/03\/O1CN01Dwvg1c2L5AunY01uh_974269640-0-cib-751x1024.jpg 751w, https:\/\/www.cosmepak.com\/wp-content\/uploads\/2025\/03\/O1CN01Dwvg1c2L5AunY01uh_974269640-0-cib-768x1047.jpg 768w, https:\/\/www.cosmepak.com\/wp-content\/uploads\/2025\/03\/O1CN01Dwvg1c2L5AunY01uh_974269640-0-cib-600x818.jpg 600w\" sizes=\"(max-width: 1377px) 100vw, 1377px\" \/><\/p>\n<p class=\"ai-center-markdown-p\">Uma garrafa de fundo de vidro em forma de ombro redondo. Esta solu\u00e7\u00e3o de embalagem n\u00e3o s\u00f3 oferece uma apar\u00eancia elegante e elegante, mas tamb\u00e9m assegura a seguran\u00e7a e preserva\u00e7\u00e3o do produto. Al\u00e9m disso, as op\u00e7\u00f5es de personaliza\u00e7\u00e3o est\u00e3o dispon\u00edveis para atender \u00e0s necessidades espec\u00edficas das diferentes marcas.<\/p>\n<p>45 ml de capacidade em forma de ombro redondo, tornando-a ideal para produtos fundamentais. \u00c9 feita de vidro de alta qualidade, a garrafa assegura durabilidade e um sentimento prim\u00e1rio e pode ser personalizada de v\u00e1rias maneiras para satisfazer os requisitos \u00fanicos de diferentes marcas.<\/p>\n<p>O fundo da garrafa transparente espesso n\u00e3o s\u00f3 acrescenta \u00e0 textura, mas tamb\u00e9m o torna forte e duradouro. A boca de garrafa com fios faz com que seja f\u00e1cil preencher. Combinada com a bomba l\u00edquida negra, \u00e9 conveniente para uso. Tamb\u00e9m est\u00e1 equipado com uma cobertura externa da mesma cor (dispon\u00edvel em finais brilhantes ou de mat\u00e9).<\/p>\n<p>N\u00f3s apoiamos diferentes finais como mat\u00e9, brilhante ou congelado podem ser aplicados \u00e0 garrafa, e podem fazer revestimento de cores para que voc\u00ea possa escolher de uma gama de cores para corresponder \u00e0 identidade de sua marca.<\/p>\n<p>Esta garrafa pode ser parejada com v\u00e1rios projetos diferentes de tamp\u00e3o de garrafa e dispositivos de bomba para sua escolha.<\/p>\n<p>Embalagem personalizada ajuda a criar uma identidade distinta de marca, tornando o produto facilmente reconhec\u00edvel. Embalagem \u00fanica e atraente pode chamar a aten\u00e7\u00e3o de clientes potenciais e melhorar sua experi\u00eancia de compra.<\/p>\n<p>&nbsp;<\/p>","protected":false},"excerpt":{"rendered":"<p>Material de garrafa: vidro<\/p>\n<p>Forma: tipo de ombro redondo<\/p>\n<p>Capacidade: 45ml<\/p>\n<p>Bomba: bomba de lo\u00e7\u00e3o<\/p>\n<p>Cor: Personalizado (qualquer cor Pantone Avali\u00e1vel)<\/p>\n<p>Acabamento de superf\u00edcie: impress\u00e3o de tela, cobertura, estampagem a quente, gradiente de spray, acabamento fosco, etc.<\/p>\n<p>MOQ: 5000pcs;<\/p>\n<p>&nbsp;<\/p>","protected":false},"featured_media":1648,"comment_status":"closed","ping_status":"closed","template":"","meta":{"_acf_changed":false},"product_brand":[],"product_cat":[34],"product_tag":[],"class_list":{"0":"post-1645","1":"product","2":"type-product","3":"status-publish","4":"has-post-thumbnail","6":"product_cat-foundation-bottle","8":"first","9":"outofstock","10":"shipping-taxable","11":"product-type-simple"},"acf":[],"_links":{"self":[{"href":"https:\/\/www.cosmepak.com\/pt\/wp-json\/wp\/v2\/product\/1645","targetHints":{"allow":["GET"]}}],"collection":[{"href":"https:\/\/www.cosmepak.com\/pt\/wp-json\/wp\/v2\/product"}],"about":[{"href":"https:\/\/www.cosmepak.com\/pt\/wp-json\/wp\/v2\/types\/product"}],"replies":[{"embeddable":true,"href":"https:\/\/www.cosmepak.com\/pt\/wp-json\/wp\/v2\/comments?post=1645"}],"wp:featuredmedia":[{"embeddable":true,"href":"https:\/\/www.cosmepak.com\/pt\/wp-json\/wp\/v2\/media\/1648"}],"wp:attachment":[{"href":"https:\/\/www.cosmepak.com\/pt\/wp-json\/wp\/v2\/media?parent=1645"}],"wp:term":[{"taxonomy":"product_brand","embeddable":true,"href":"https:\/\/www.cosmepak.com\/pt\/wp-json\/wp\/v2\/product_brand?post=1645"},{"taxonomy":"product_cat","embeddable":true,"href":"https:\/\/www.cosmepak.com\/pt\/wp-json\/wp\/v2\/product_cat?post=1645"},{"taxonomy":"product_tag","embeddable":true,"href":"https:\/\/www.cosmepak.com\/pt\/wp-json\/wp\/v2\/product_tag?post=1645"}],"curies":[{"name":"wp","href":"https:\/\/api.w.org\/{rel}","templated":true}]}}