{"id":1703,"date":"2025-04-01T16:28:40","date_gmt":"2025-04-01T08:28:40","guid":{"rendered":"https:\/\/www.cosmepak.com\/?post_type=product&#038;p=1703"},"modified":"2025-12-04T10:47:50","modified_gmt":"2025-12-04T02:47:50","slug":"30ml-serum-bottle-press-pump-dropper","status":"publish","type":"product","link":"https:\/\/www.cosmepak.com\/pt\/product\/30ml-serum-bottle-press-pump-dropper\/","title":{"rendered":"Trocador de bomba de 30 ml de frasco s\u00e9rico"},"content":{"rendered":"<table style=\"border-collapse: collapse; width: 100%; height: 242px;\">\n<tbody>\n<tr style=\"height: 24px;\">\n<td style=\"width: 52.4496%; height: 24px; text-align: center;\">Marca<\/td>\n<td style=\"width: 47.5504%; height: 24px; text-align: center;\">\u00a0Jaunce<\/td>\n<\/tr>\n<tr style=\"height: 24px;\">\n<td style=\"width: 52.4496%; height: 24px; text-align: center;\">Capacidade<\/td>\n<td style=\"width: 47.5504%; height: 24px; text-align: center;\">30ml<\/td>\n<\/tr>\n<tr style=\"height: 24px;\">\n<td style=\"width: 52.4496%; height: 24px; text-align: center;\">Forma<\/td>\n<td style=\"width: 47.5504%; height: 24px; text-align: center;\">Conical<\/td>\n<\/tr>\n<tr style=\"height: 24px;\">\n<td style=\"width: 52.4496%; height: 24px; text-align: center;\">Material<\/td>\n<td style=\"width: 47.5504%; height: 24px; text-align: center;\">Vidro<\/td>\n<\/tr>\n<tr style=\"height: 24px;\">\n<td style=\"width: 52.4496%; height: 24px; text-align: center;\">Acess\u00f3rio<\/td>\n<td style=\"width: 47.5504%; height: 24px; text-align: center;\">Conta -gotas<\/td>\n<\/tr>\n<tr style=\"height: 24px;\">\n<td style=\"width: 52.4496%; height: 24px; text-align: center;\">Modelo<\/td>\n<td style=\"width: 47.5504%; height: 24px; text-align: center;\">JH-PHS116<\/td>\n<\/tr>\n<tr style=\"height: 24px;\">\n<td style=\"width: 52.4496%; height: 24px; text-align: center;\">OEM\/ODM<\/td>\n<td style=\"width: 47.5504%; height: 24px; text-align: center;\">Aceitar<\/td>\n<\/tr>\n<tr style=\"height: 24px;\">\n<td style=\"width: 52.4496%; height: 24px; text-align: center;\">Cor<\/td>\n<td style=\"width: 47.5504%; height: 24px; text-align: center;\">Transparente<\/td>\n<\/tr>\n<tr style=\"height: 24px;\">\n<td style=\"width: 52.4496%; height: 24px; text-align: center;\">MOQ<\/td>\n<td style=\"width: 47.5504%; height: 24px; text-align: center;\">Para 10000pcs personalizados<\/td>\n<\/tr>\n<\/tbody>\n<\/table>\n<table style=\"border-collapse: collapse; width: 100%;\">\n<tbody>\n<tr>\n<td style=\"width: 17.9806%; text-align: center;\">Capacidade<\/td>\n<td style=\"width: 20.3563%; text-align: center;\">Altura total<\/td>\n<td style=\"width: 18.8176%; text-align: center;\">Altura do ombro<\/td>\n<td style=\"width: 17.8455%; text-align: center;\">Di\u00e2metro inferior<\/td>\n<\/tr>\n<tr>\n<td style=\"width: 17.9806%; text-align: center;\">30ml<\/td>\n<td style=\"width: 20.3563%; text-align: center;\">102 mm<\/td>\n<td style=\"width: 18.8176%; text-align: center;\">63 mm<\/td>\n<td style=\"width: 17.8455%; text-align: center;\">43 mm<\/td>\n<\/tr>\n<\/tbody>\n<\/table>\n<p>Nossa garrafa de 30 ml de capacidade comprimida apresenta um design elegante e refinado em termos de textura e apar\u00eancia. A garrafa aceita impress\u00e3o personalizada com logos, cores e capacidade.<\/p>\n<p>A altura global \u00e9 aproximadamente 102MM (com um erro de \u00b11MM), o di\u00e2metro inferior \u00e9 43MM (com um erro de \u00b11MM), a altura corporal principal da garrafa \u00e9 63MM e a altura do tamp\u00e3o da garrafa \u00e9 35MM. O tamanho \u00e9 compacto e port\u00e1til.<\/p>\n<p>O corpo da garrafa adota uma forma c\u00f3nica gradualmente mudando de estreita no topo para larga no fundo. \u00c9 complementado por um tamp\u00e3o de garrafa texturado com metal no topo, que tamb\u00e9m est\u00e1 em forma c\u00f3nica. As linhas s\u00e3o suaves e limpas, exudando um forte sentimento moderno. \u00c9 feita de vidro transparente de alta transpar\u00eancia, permitindo que o interior seja claramente vis\u00edvel; a tampa da garrafa \u00e9 de cor de prata brilhante ou de cor de ouro. Combinada com a pipeta de suc\u00e7\u00e3o rotante, esta bomba tem energia suficiente e medi\u00e7\u00e3o precisa do volume l\u00edquido. N\u00e3o s\u00f3 evita res\u00edduos l\u00edquidos, mas tamb\u00e9m possibilita extra\u00e7\u00e3o l\u00edquida limpa e higi\u00e9nica. \u00c9 conveniente para dispensar e usar. O fundo \u00e9 uma base de vidro espessada, que \u00e9 est\u00e1vel e tem uma textura pesada. Corpo de garrafa de vidro de alta transpar\u00eancia, tampa c\u00f3nica de metal brilhante, permitindo visibilidade clara da quantidade restante.<\/p>\n<p>&nbsp;<\/p>\n<p><img fetchpriority=\"high\" decoding=\"async\" class=\"size-full wp-image-3571 aligncenter\" src=\"https:\/\/www.cosmepak.com\/wp-content\/uploads\/2025\/04\/\u4e3b\u56fe-6-4.jpg\" alt=\"\" width=\"1000\" height=\"1000\" srcset=\"https:\/\/www.cosmepak.com\/wp-content\/uploads\/2025\/04\/\u4e3b\u56fe-6-4.jpg 1000w, https:\/\/www.cosmepak.com\/wp-content\/uploads\/2025\/04\/\u4e3b\u56fe-6-4-300x300.jpg 300w, https:\/\/www.cosmepak.com\/wp-content\/uploads\/2025\/04\/\u4e3b\u56fe-6-4-150x150.jpg 150w, https:\/\/www.cosmepak.com\/wp-content\/uploads\/2025\/04\/\u4e3b\u56fe-6-4-768x768.jpg 768w, https:\/\/www.cosmepak.com\/wp-content\/uploads\/2025\/04\/\u4e3b\u56fe-6-4-12x12.jpg 12w, https:\/\/www.cosmepak.com\/wp-content\/uploads\/2025\/04\/\u4e3b\u56fe-6-4-600x600.jpg 600w, https:\/\/www.cosmepak.com\/wp-content\/uploads\/2025\/04\/\u4e3b\u56fe-6-4-100x100.jpg 100w\" sizes=\"(max-width: 1000px) 100vw, 1000px\" \/><\/p>\n<table style=\"border-collapse: collapse; width: 100%;\">\n<tbody>\n<tr>\n<td style=\"width: 33.3333%;\"><img decoding=\"async\" class=\"alignnone size-full wp-image-3572\" src=\"https:\/\/www.cosmepak.com\/wp-content\/uploads\/2025\/04\/\u8be6\u60c5-5-1.jpg\" alt=\"\" width=\"300\" height=\"300\" srcset=\"https:\/\/www.cosmepak.com\/wp-content\/uploads\/2025\/04\/\u8be6\u60c5-5-1.jpg 300w, https:\/\/www.cosmepak.com\/wp-content\/uploads\/2025\/04\/\u8be6\u60c5-5-1-150x150.jpg 150w, https:\/\/www.cosmepak.com\/wp-content\/uploads\/2025\/04\/\u8be6\u60c5-5-1-12x12.jpg 12w, https:\/\/www.cosmepak.com\/wp-content\/uploads\/2025\/04\/\u8be6\u60c5-5-1-100x100.jpg 100w\" sizes=\"(max-width: 300px) 100vw, 300px\" \/><\/td>\n<td style=\"width: 33.3333%;\"><img decoding=\"async\" class=\"alignnone size-full wp-image-3573\" src=\"https:\/\/www.cosmepak.com\/wp-content\/uploads\/2025\/04\/\u8be6\u60c5-5-2.jpg\" alt=\"\" width=\"300\" height=\"300\" srcset=\"https:\/\/www.cosmepak.com\/wp-content\/uploads\/2025\/04\/\u8be6\u60c5-5-2.jpg 300w, https:\/\/www.cosmepak.com\/wp-content\/uploads\/2025\/04\/\u8be6\u60c5-5-2-150x150.jpg 150w, https:\/\/www.cosmepak.com\/wp-content\/uploads\/2025\/04\/\u8be6\u60c5-5-2-12x12.jpg 12w, https:\/\/www.cosmepak.com\/wp-content\/uploads\/2025\/04\/\u8be6\u60c5-5-2-100x100.jpg 100w\" sizes=\"(max-width: 300px) 100vw, 300px\" \/><\/td>\n<td style=\"width: 33.3333%;\"><img loading=\"lazy\" decoding=\"async\" class=\"alignnone size-full wp-image-3574\" src=\"https:\/\/www.cosmepak.com\/wp-content\/uploads\/2025\/04\/\u8be6\u60c5-5-3.jpg\" alt=\"\" width=\"300\" height=\"300\" srcset=\"https:\/\/www.cosmepak.com\/wp-content\/uploads\/2025\/04\/\u8be6\u60c5-5-3.jpg 300w, https:\/\/www.cosmepak.com\/wp-content\/uploads\/2025\/04\/\u8be6\u60c5-5-3-150x150.jpg 150w, https:\/\/www.cosmepak.com\/wp-content\/uploads\/2025\/04\/\u8be6\u60c5-5-3-12x12.jpg 12w, https:\/\/www.cosmepak.com\/wp-content\/uploads\/2025\/04\/\u8be6\u60c5-5-3-100x100.jpg 100w\" sizes=\"(max-width: 300px) 100vw, 300px\" \/><\/td>\n<\/tr>\n<\/tbody>\n<\/table>\n<div>\n<table style=\"border-collapse: collapse; width: 100%;\">\n<tbody>\n<tr>\n<td style=\"width: 33.3333%;\"><img loading=\"lazy\" decoding=\"async\" class=\"alignnone size-full wp-image-3575\" src=\"https:\/\/www.cosmepak.com\/wp-content\/uploads\/2025\/04\/21-1.jpg\" alt=\"\" width=\"1000\" height=\"1000\" srcset=\"https:\/\/www.cosmepak.com\/wp-content\/uploads\/2025\/04\/21-1.jpg 1000w, https:\/\/www.cosmepak.com\/wp-content\/uploads\/2025\/04\/21-1-300x300.jpg 300w, https:\/\/www.cosmepak.com\/wp-content\/uploads\/2025\/04\/21-1-150x150.jpg 150w, https:\/\/www.cosmepak.com\/wp-content\/uploads\/2025\/04\/21-1-768x768.jpg 768w, https:\/\/www.cosmepak.com\/wp-content\/uploads\/2025\/04\/21-1-12x12.jpg 12w, https:\/\/www.cosmepak.com\/wp-content\/uploads\/2025\/04\/21-1-600x600.jpg 600w, https:\/\/www.cosmepak.com\/wp-content\/uploads\/2025\/04\/21-1-100x100.jpg 100w\" sizes=\"(max-width: 1000px) 100vw, 1000px\" \/><\/td>\n<td style=\"width: 33.3333%;\"><img loading=\"lazy\" decoding=\"async\" class=\"alignnone size-full wp-image-3576\" src=\"https:\/\/www.cosmepak.com\/wp-content\/uploads\/2025\/04\/31.jpg\" alt=\"\" width=\"1000\" height=\"1000\" srcset=\"https:\/\/www.cosmepak.com\/wp-content\/uploads\/2025\/04\/31.jpg 1000w, https:\/\/www.cosmepak.com\/wp-content\/uploads\/2025\/04\/31-300x300.jpg 300w, https:\/\/www.cosmepak.com\/wp-content\/uploads\/2025\/04\/31-150x150.jpg 150w, https:\/\/www.cosmepak.com\/wp-content\/uploads\/2025\/04\/31-768x768.jpg 768w, https:\/\/www.cosmepak.com\/wp-content\/uploads\/2025\/04\/31-12x12.jpg 12w, https:\/\/www.cosmepak.com\/wp-content\/uploads\/2025\/04\/31-600x600.jpg 600w, https:\/\/www.cosmepak.com\/wp-content\/uploads\/2025\/04\/31-100x100.jpg 100w\" sizes=\"(max-width: 1000px) 100vw, 1000px\" \/><\/td>\n<td style=\"width: 33.3333%;\"><img loading=\"lazy\" decoding=\"async\" class=\"alignnone size-full wp-image-3577\" src=\"https:\/\/www.cosmepak.com\/wp-content\/uploads\/2025\/04\/611.jpg\" alt=\"\" width=\"1000\" height=\"1000\" srcset=\"https:\/\/www.cosmepak.com\/wp-content\/uploads\/2025\/04\/611.jpg 1000w, https:\/\/www.cosmepak.com\/wp-content\/uploads\/2025\/04\/611-300x300.jpg 300w, https:\/\/www.cosmepak.com\/wp-content\/uploads\/2025\/04\/611-150x150.jpg 150w, https:\/\/www.cosmepak.com\/wp-content\/uploads\/2025\/04\/611-768x768.jpg 768w, https:\/\/www.cosmepak.com\/wp-content\/uploads\/2025\/04\/611-12x12.jpg 12w, https:\/\/www.cosmepak.com\/wp-content\/uploads\/2025\/04\/611-600x600.jpg 600w, https:\/\/www.cosmepak.com\/wp-content\/uploads\/2025\/04\/611-100x100.jpg 100w\" sizes=\"(max-width: 1000px) 100vw, 1000px\" \/><\/td>\n<\/tr>\n<\/tbody>\n<\/table>\n<\/div>","protected":false},"excerpt":{"rendered":"<p>Material: vidro<\/p>\n<p>Capacidade: 15ml\/25ml\/35ml\/50ml\/100ml<\/p>\n<p>Cor: Aceite personalizado (qualquer cor Pantone dispon\u00edvel)<\/p>\n<p>Acabamento de superf\u00edcie: impress\u00e3o de tela, estampagem a quente, gradiente de pulveriza\u00e7\u00e3o, acabamento fosco, etc.<\/p>\n<p>MOQ: 10000pcs<\/p>\n<p>Amostra: amostras gratuitas dispon\u00edveis<\/p>\n<p>&nbsp;<\/p>\n<p>&nbsp;<\/p>","protected":false},"featured_media":3578,"comment_status":"closed","ping_status":"closed","template":"","meta":{"_acf_changed":false},"product_brand":[],"product_cat":[15,58],"product_tag":[40],"class_list":{"0":"post-1703","1":"product","2":"type-product","3":"status-publish","4":"has-post-thumbnail","6":"product_cat-essential-oil-bottle","7":"product_cat-glass-essential-oil-bottle","8":"product_tag-essential-oil-bottle","10":"first","11":"outofstock","12":"shipping-taxable","13":"product-type-simple"},"acf":[],"_links":{"self":[{"href":"https:\/\/www.cosmepak.com\/pt\/wp-json\/wp\/v2\/product\/1703","targetHints":{"allow":["GET"]}}],"collection":[{"href":"https:\/\/www.cosmepak.com\/pt\/wp-json\/wp\/v2\/product"}],"about":[{"href":"https:\/\/www.cosmepak.com\/pt\/wp-json\/wp\/v2\/types\/product"}],"replies":[{"embeddable":true,"href":"https:\/\/www.cosmepak.com\/pt\/wp-json\/wp\/v2\/comments?post=1703"}],"wp:featuredmedia":[{"embeddable":true,"href":"https:\/\/www.cosmepak.com\/pt\/wp-json\/wp\/v2\/media\/3578"}],"wp:attachment":[{"href":"https:\/\/www.cosmepak.com\/pt\/wp-json\/wp\/v2\/media?parent=1703"}],"wp:term":[{"taxonomy":"product_brand","embeddable":true,"href":"https:\/\/www.cosmepak.com\/pt\/wp-json\/wp\/v2\/product_brand?post=1703"},{"taxonomy":"product_cat","embeddable":true,"href":"https:\/\/www.cosmepak.com\/pt\/wp-json\/wp\/v2\/product_cat?post=1703"},{"taxonomy":"product_tag","embeddable":true,"href":"https:\/\/www.cosmepak.com\/pt\/wp-json\/wp\/v2\/product_tag?post=1703"}],"curies":[{"name":"wp","href":"https:\/\/api.w.org\/{rel}","templated":true}]}}