{"id":1731,"date":"2025-04-02T16:53:50","date_gmt":"2025-04-02T08:53:50","guid":{"rendered":"https:\/\/www.cosmepak.com\/?post_type=product&#038;p=1731"},"modified":"2026-01-05T14:34:37","modified_gmt":"2026-01-05T06:34:37","slug":"30ml-volcanic-bottom-dropper-bottle-jaunce","status":"publish","type":"product","link":"https:\/\/www.cosmepak.com\/pt\/product\/30ml-volcanic-bottom-dropper-bottle-jaunce\/","title":{"rendered":"Flasco\/Jaunce de 30 ml Volc\u00e1nico Bottom Dropper"},"content":{"rendered":"<table style=\"border-collapse: collapse; width: 100%; height: 216px;\">\n<tbody>\n<tr style=\"height: 24px;\">\n<td style=\"width: 40.6929%; height: 216px;\" rowspan=\"9\"><img fetchpriority=\"high\" decoding=\"async\" class=\"alignnone size-full wp-image-3533\" src=\"https:\/\/www.cosmepak.com\/wp-content\/uploads\/2025\/04\/O1CN012p6qjx1TbFa49YKNW_2506382400-0-cib.jpg\" alt=\"\" width=\"800\" height=\"800\" srcset=\"https:\/\/www.cosmepak.com\/wp-content\/uploads\/2025\/04\/O1CN012p6qjx1TbFa49YKNW_2506382400-0-cib.jpg 800w, https:\/\/www.cosmepak.com\/wp-content\/uploads\/2025\/04\/O1CN012p6qjx1TbFa49YKNW_2506382400-0-cib-300x300.jpg 300w, https:\/\/www.cosmepak.com\/wp-content\/uploads\/2025\/04\/O1CN012p6qjx1TbFa49YKNW_2506382400-0-cib-150x150.jpg 150w, https:\/\/www.cosmepak.com\/wp-content\/uploads\/2025\/04\/O1CN012p6qjx1TbFa49YKNW_2506382400-0-cib-768x768.jpg 768w, https:\/\/www.cosmepak.com\/wp-content\/uploads\/2025\/04\/O1CN012p6qjx1TbFa49YKNW_2506382400-0-cib-12x12.jpg 12w, https:\/\/www.cosmepak.com\/wp-content\/uploads\/2025\/04\/O1CN012p6qjx1TbFa49YKNW_2506382400-0-cib-600x600.jpg 600w, https:\/\/www.cosmepak.com\/wp-content\/uploads\/2025\/04\/O1CN012p6qjx1TbFa49YKNW_2506382400-0-cib-100x100.jpg 100w\" sizes=\"(max-width: 800px) 100vw, 800px\" \/><\/td>\n<td style=\"width: 23.5109%; height: 24px; text-align: center;\">Marca<\/td>\n<td style=\"width: 35.7961%; height: 24px; text-align: center;\">\u00a0Jaunce<\/td>\n<\/tr>\n<tr style=\"height: 24px;\">\n<td style=\"width: 23.5109%; height: 24px; text-align: center;\">Capacidade<\/td>\n<td style=\"width: 35.7961%; height: 24px; text-align: center;\">30ml<\/td>\n<\/tr>\n<tr style=\"height: 24px;\">\n<td style=\"width: 23.5109%; height: 24px; text-align: center;\">Forma<\/td>\n<td style=\"width: 35.7961%; height: 24px; text-align: center;\">Redondo<\/td>\n<\/tr>\n<tr style=\"height: 24px;\">\n<td style=\"width: 23.5109%; height: 24px; text-align: center;\">Material<\/td>\n<td style=\"width: 35.7961%; height: 24px; text-align: center;\">Vidro<\/td>\n<\/tr>\n<tr style=\"height: 24px;\">\n<td style=\"width: 23.5109%; height: 24px; text-align: center;\">Acess\u00f3rio<\/td>\n<td style=\"width: 35.7961%; height: 24px; text-align: center;\">Conta -gotas<\/td>\n<\/tr>\n<tr style=\"height: 24px;\">\n<td style=\"width: 23.5109%; height: 24px; text-align: center;\">Modelo<\/td>\n<td style=\"width: 35.7961%; height: 24px; text-align: center;\">JH-EM30<\/td>\n<\/tr>\n<tr style=\"height: 24px;\">\n<td style=\"width: 23.5109%; height: 24px; text-align: center;\">OEM\/ODM<\/td>\n<td style=\"width: 35.7961%; height: 24px; text-align: center;\">Aceitar<\/td>\n<\/tr>\n<tr style=\"height: 24px;\">\n<td style=\"width: 23.5109%; height: 24px; text-align: center;\">Cor<\/td>\n<td style=\"width: 35.7961%; height: 24px; text-align: center;\">Qualquer cor de parte personalizada<\/td>\n<\/tr>\n<tr style=\"height: 24px;\">\n<td style=\"width: 23.5109%; height: 24px; text-align: center;\">MOQ<\/td>\n<td style=\"width: 35.7961%; height: 24px; text-align: center;\">Para 10000pcs personalizados<\/td>\n<\/tr>\n<\/tbody>\n<\/table>\n<p>A garrafa \u00e9 meticulosamente feita de material de vidro de alta qualidade, com uma textura transparente e delicada. Tamb\u00e9m possui excelente estabilidade qu\u00edmica, prevenindo efetivamente a contamina\u00e7\u00e3o externa e evitando rea\u00e7\u00f5es entre os ingredientes ativos como os \u00f3leos essenciais e o l\u00edquido, preservando a efic\u00e1cia original e a textura pura do produto. O peso e espessura do material de vidro, combinados com a forma de base vulc\u00e2nica cuidadosamente projetada, n\u00e3o s\u00f3 refor\u00e7am a estabilidade da garrafa quando colocada, mas tamb\u00e9m evitam picos e vazamento, ao mesmo tempo que d\u00e3o ao produto uma identidade visual \u00fanica, demonstrando plenamente o estilo de alto n\u00edvel.<\/p>\n<p>Oferecemos tr\u00eas cores de garrafas de moda para sua escolha: o estilo roxo gradiente \u00e9 como o cristal roxo no escuro, com camadas ricas, criando uma atmosfera sonhada e rom\u00e2ntica, e emitindo um cheiro elegante; O estilo castanho cl\u00e1ssico combina pr\u00e1tica e textura, bloqueando eficazmente a luz e fornecendo um ambiente ideal de armazenamento para \u00f3leos essenciais e l\u00edquidos concentrados, mostrando tamb\u00e9m um temperamento sereno e elegante; O estilo amarelo fresco \u00e9 como a luz solar quente na primavera, brilhante e vivo, injetando vitalidade e vigor no produto, e \u00e9 extremamente prov\u00e1vel atrair os consumidores&#8217; aten\u00e7\u00e3o.<\/p>\n<p>Os tubos de gota negro e ouro grandes tornam a apar\u00eancia global do produto mais harmoniosa. A manga exterior negra \u00e9 simples e est\u00e1vel, enquanto o ouro \u00e9 luxoso e exquisito, melhorando o produto&#8217; \u00e9 posicionamento de alto n\u00edvel.<\/p>\n<p>O di\u00e2metro da garrafa \u00e9 de 48 mm e a altura total \u00e9 de 95 mm. A altura impressa da garrafa \u00e9 de 40 mm, pode proporcionar amplo espa\u00e7o de personaliza\u00e7\u00e3o. Pode ser impresso com logotipos de marca, nomes de produtos, descri\u00e7\u00f5es de ingredientes, etc., ajudando a formar a imagem da marca e transmitir informa\u00e7\u00e3o sobre o produto. E o peso de uma \u00fanica garrafa \u00e9 aproximadamente 138,5 g.<\/p>\n<table style=\"border-collapse: collapse; width: 100%;\">\n<tbody>\n<tr>\n<td style=\"width: 33.3333%;\"><img decoding=\"async\" class=\"alignnone size-full wp-image-3534\" src=\"https:\/\/www.cosmepak.com\/wp-content\/uploads\/2025\/04\/O1CN01CZcaon1TbFa5J67C1_2506382400-0-cib.jpg\" alt=\"\" width=\"1000\" height=\"1000\" srcset=\"https:\/\/www.cosmepak.com\/wp-content\/uploads\/2025\/04\/O1CN01CZcaon1TbFa5J67C1_2506382400-0-cib.jpg 1000w, https:\/\/www.cosmepak.com\/wp-content\/uploads\/2025\/04\/O1CN01CZcaon1TbFa5J67C1_2506382400-0-cib-300x300.jpg 300w, https:\/\/www.cosmepak.com\/wp-content\/uploads\/2025\/04\/O1CN01CZcaon1TbFa5J67C1_2506382400-0-cib-150x150.jpg 150w, https:\/\/www.cosmepak.com\/wp-content\/uploads\/2025\/04\/O1CN01CZcaon1TbFa5J67C1_2506382400-0-cib-768x768.jpg 768w, https:\/\/www.cosmepak.com\/wp-content\/uploads\/2025\/04\/O1CN01CZcaon1TbFa5J67C1_2506382400-0-cib-12x12.jpg 12w, https:\/\/www.cosmepak.com\/wp-content\/uploads\/2025\/04\/O1CN01CZcaon1TbFa5J67C1_2506382400-0-cib-600x600.jpg 600w, https:\/\/www.cosmepak.com\/wp-content\/uploads\/2025\/04\/O1CN01CZcaon1TbFa5J67C1_2506382400-0-cib-100x100.jpg 100w\" sizes=\"(max-width: 1000px) 100vw, 1000px\" \/><\/td>\n<td style=\"width: 33.3333%;\"><img decoding=\"async\" class=\"alignnone size-full wp-image-3535\" src=\"https:\/\/www.cosmepak.com\/wp-content\/uploads\/2025\/04\/O1CN01lZNR9I1TbFa2w3Z7E_2506382400-0-cib.jpg\" alt=\"\" width=\"1000\" height=\"1000\" srcset=\"https:\/\/www.cosmepak.com\/wp-content\/uploads\/2025\/04\/O1CN01lZNR9I1TbFa2w3Z7E_2506382400-0-cib.jpg 1000w, https:\/\/www.cosmepak.com\/wp-content\/uploads\/2025\/04\/O1CN01lZNR9I1TbFa2w3Z7E_2506382400-0-cib-300x300.jpg 300w, https:\/\/www.cosmepak.com\/wp-content\/uploads\/2025\/04\/O1CN01lZNR9I1TbFa2w3Z7E_2506382400-0-cib-150x150.jpg 150w, https:\/\/www.cosmepak.com\/wp-content\/uploads\/2025\/04\/O1CN01lZNR9I1TbFa2w3Z7E_2506382400-0-cib-768x768.jpg 768w, https:\/\/www.cosmepak.com\/wp-content\/uploads\/2025\/04\/O1CN01lZNR9I1TbFa2w3Z7E_2506382400-0-cib-12x12.jpg 12w, https:\/\/www.cosmepak.com\/wp-content\/uploads\/2025\/04\/O1CN01lZNR9I1TbFa2w3Z7E_2506382400-0-cib-600x600.jpg 600w, https:\/\/www.cosmepak.com\/wp-content\/uploads\/2025\/04\/O1CN01lZNR9I1TbFa2w3Z7E_2506382400-0-cib-100x100.jpg 100w\" sizes=\"(max-width: 1000px) 100vw, 1000px\" \/><\/td>\n<td style=\"width: 33.3333%;\"><img loading=\"lazy\" decoding=\"async\" class=\"alignnone size-full wp-image-3536\" src=\"https:\/\/www.cosmepak.com\/wp-content\/uploads\/2025\/04\/O1CN01zw1cEY1TbFa3UiOnM_2506382400-0-cib.jpg\" alt=\"\" width=\"1000\" height=\"1000\" srcset=\"https:\/\/www.cosmepak.com\/wp-content\/uploads\/2025\/04\/O1CN01zw1cEY1TbFa3UiOnM_2506382400-0-cib.jpg 1000w, https:\/\/www.cosmepak.com\/wp-content\/uploads\/2025\/04\/O1CN01zw1cEY1TbFa3UiOnM_2506382400-0-cib-300x300.jpg 300w, https:\/\/www.cosmepak.com\/wp-content\/uploads\/2025\/04\/O1CN01zw1cEY1TbFa3UiOnM_2506382400-0-cib-150x150.jpg 150w, https:\/\/www.cosmepak.com\/wp-content\/uploads\/2025\/04\/O1CN01zw1cEY1TbFa3UiOnM_2506382400-0-cib-768x768.jpg 768w, https:\/\/www.cosmepak.com\/wp-content\/uploads\/2025\/04\/O1CN01zw1cEY1TbFa3UiOnM_2506382400-0-cib-12x12.jpg 12w, https:\/\/www.cosmepak.com\/wp-content\/uploads\/2025\/04\/O1CN01zw1cEY1TbFa3UiOnM_2506382400-0-cib-600x600.jpg 600w, https:\/\/www.cosmepak.com\/wp-content\/uploads\/2025\/04\/O1CN01zw1cEY1TbFa3UiOnM_2506382400-0-cib-100x100.jpg 100w\" sizes=\"(max-width: 1000px) 100vw, 1000px\" \/><\/td>\n<\/tr>\n<\/tbody>\n<\/table>\n<table style=\"border-collapse: collapse; width: 100%;\">\n<tbody>\n<tr>\n<td style=\"width: 50%;\"><img loading=\"lazy\" decoding=\"async\" class=\"alignnone size-full wp-image-3537\" src=\"https:\/\/www.cosmepak.com\/wp-content\/uploads\/2025\/04\/O1CN01rwrzEJ1TbFa3BSMMR_2506382400-0-cib.jpg\" alt=\"\" width=\"1000\" height=\"1000\" srcset=\"https:\/\/www.cosmepak.com\/wp-content\/uploads\/2025\/04\/O1CN01rwrzEJ1TbFa3BSMMR_2506382400-0-cib.jpg 1000w, https:\/\/www.cosmepak.com\/wp-content\/uploads\/2025\/04\/O1CN01rwrzEJ1TbFa3BSMMR_2506382400-0-cib-300x300.jpg 300w, https:\/\/www.cosmepak.com\/wp-content\/uploads\/2025\/04\/O1CN01rwrzEJ1TbFa3BSMMR_2506382400-0-cib-150x150.jpg 150w, https:\/\/www.cosmepak.com\/wp-content\/uploads\/2025\/04\/O1CN01rwrzEJ1TbFa3BSMMR_2506382400-0-cib-768x768.jpg 768w, https:\/\/www.cosmepak.com\/wp-content\/uploads\/2025\/04\/O1CN01rwrzEJ1TbFa3BSMMR_2506382400-0-cib-12x12.jpg 12w, https:\/\/www.cosmepak.com\/wp-content\/uploads\/2025\/04\/O1CN01rwrzEJ1TbFa3BSMMR_2506382400-0-cib-600x600.jpg 600w, https:\/\/www.cosmepak.com\/wp-content\/uploads\/2025\/04\/O1CN01rwrzEJ1TbFa3BSMMR_2506382400-0-cib-100x100.jpg 100w\" sizes=\"(max-width: 1000px) 100vw, 1000px\" \/><\/td>\n<td style=\"width: 50%;\"><img loading=\"lazy\" decoding=\"async\" class=\"alignnone size-full wp-image-3538\" src=\"https:\/\/www.cosmepak.com\/wp-content\/uploads\/2025\/04\/O1CN01dFIx6t1TbFa2vlAVK_2506382400-0-cib.jpg\" alt=\"\" width=\"1000\" height=\"1000\" srcset=\"https:\/\/www.cosmepak.com\/wp-content\/uploads\/2025\/04\/O1CN01dFIx6t1TbFa2vlAVK_2506382400-0-cib.jpg 1000w, https:\/\/www.cosmepak.com\/wp-content\/uploads\/2025\/04\/O1CN01dFIx6t1TbFa2vlAVK_2506382400-0-cib-300x300.jpg 300w, https:\/\/www.cosmepak.com\/wp-content\/uploads\/2025\/04\/O1CN01dFIx6t1TbFa2vlAVK_2506382400-0-cib-150x150.jpg 150w, https:\/\/www.cosmepak.com\/wp-content\/uploads\/2025\/04\/O1CN01dFIx6t1TbFa2vlAVK_2506382400-0-cib-768x768.jpg 768w, https:\/\/www.cosmepak.com\/wp-content\/uploads\/2025\/04\/O1CN01dFIx6t1TbFa2vlAVK_2506382400-0-cib-12x12.jpg 12w, https:\/\/www.cosmepak.com\/wp-content\/uploads\/2025\/04\/O1CN01dFIx6t1TbFa2vlAVK_2506382400-0-cib-600x600.jpg 600w, https:\/\/www.cosmepak.com\/wp-content\/uploads\/2025\/04\/O1CN01dFIx6t1TbFa2vlAVK_2506382400-0-cib-100x100.jpg 100w\" sizes=\"(max-width: 1000px) 100vw, 1000px\" \/><\/td>\n<\/tr>\n<\/tbody>\n<\/table>\n<p>&nbsp;<\/p>\n<div><\/div>","protected":false},"excerpt":{"rendered":"<p>Material: vidro<\/p>\n<p>Capacidade: 30 ml<\/p>\n<p>Cor: gradua\u00e7\u00e3o roxa, marrom, amarela<\/p>\n<p>Aceite personalizado (qualquer cor Pantone dispon\u00edvel)<\/p>\n<p>Cor do encaixe: preto \u3001 dourado<\/p>\n<p>Acabamento de superf\u00edcie: impress\u00e3o de tela, estampagem a quente, gradiente de pulveriza\u00e7\u00e3o, acabamento fosco, etc.<\/p>\n<p>MOQ: 10000pcs<\/p>\n<p>Amostra: amostras gratuitas dispon\u00edveis<\/p>\n<p>&nbsp;<\/p>\n<p>&nbsp;<\/p>","protected":false},"featured_media":1736,"comment_status":"closed","ping_status":"closed","template":"","meta":{"_acf_changed":false},"product_brand":[],"product_cat":[15,58],"product_tag":[40],"class_list":{"0":"post-1731","1":"product","2":"type-product","3":"status-publish","4":"has-post-thumbnail","6":"product_cat-essential-oil-bottle","7":"product_cat-glass-essential-oil-bottle","8":"product_tag-essential-oil-bottle","10":"first","11":"outofstock","12":"shipping-taxable","13":"product-type-simple"},"acf":[],"_links":{"self":[{"href":"https:\/\/www.cosmepak.com\/pt\/wp-json\/wp\/v2\/product\/1731","targetHints":{"allow":["GET"]}}],"collection":[{"href":"https:\/\/www.cosmepak.com\/pt\/wp-json\/wp\/v2\/product"}],"about":[{"href":"https:\/\/www.cosmepak.com\/pt\/wp-json\/wp\/v2\/types\/product"}],"replies":[{"embeddable":true,"href":"https:\/\/www.cosmepak.com\/pt\/wp-json\/wp\/v2\/comments?post=1731"}],"wp:featuredmedia":[{"embeddable":true,"href":"https:\/\/www.cosmepak.com\/pt\/wp-json\/wp\/v2\/media\/1736"}],"wp:attachment":[{"href":"https:\/\/www.cosmepak.com\/pt\/wp-json\/wp\/v2\/media?parent=1731"}],"wp:term":[{"taxonomy":"product_brand","embeddable":true,"href":"https:\/\/www.cosmepak.com\/pt\/wp-json\/wp\/v2\/product_brand?post=1731"},{"taxonomy":"product_cat","embeddable":true,"href":"https:\/\/www.cosmepak.com\/pt\/wp-json\/wp\/v2\/product_cat?post=1731"},{"taxonomy":"product_tag","embeddable":true,"href":"https:\/\/www.cosmepak.com\/pt\/wp-json\/wp\/v2\/product_tag?post=1731"}],"curies":[{"name":"wp","href":"https:\/\/api.w.org\/{rel}","templated":true}]}}