{"id":1737,"date":"2025-04-03T13:39:49","date_gmt":"2025-04-03T05:39:49","guid":{"rendered":"https:\/\/www.cosmepak.com\/?post_type=product&#038;p=1737"},"modified":"2026-01-05T14:21:34","modified_gmt":"2026-01-05T06:21:34","slug":"30ml-120ml-skincare-glass-bottle-30g-50g-cream-jar","status":"publish","type":"product","link":"https:\/\/www.cosmepak.com\/pt\/product\/30ml-120ml-skincare-glass-bottle-30g-50g-cream-jar\/","title":{"rendered":"Flasco de vidro de 30 ml-120 ml de pele de 30 g de frasco de creme de 50 g"},"content":{"rendered":"<table style=\"border-collapse: collapse; width: 100%; height: 192px;\">\n<tbody>\n<tr style=\"height: 24px;\">\n<td style=\"width: 40.6929%; height: 192px;\" rowspan=\"8\"><img fetchpriority=\"high\" decoding=\"async\" class=\"alignnone size-full wp-image-3894\" src=\"https:\/\/www.cosmepak.com\/wp-content\/uploads\/2025\/04\/\u4e3b\u56fe-7-2.jpg\" alt=\"\" width=\"1000\" height=\"1000\" srcset=\"https:\/\/www.cosmepak.com\/wp-content\/uploads\/2025\/04\/\u4e3b\u56fe-7-2.jpg 1000w, https:\/\/www.cosmepak.com\/wp-content\/uploads\/2025\/04\/\u4e3b\u56fe-7-2-300x300.jpg 300w, https:\/\/www.cosmepak.com\/wp-content\/uploads\/2025\/04\/\u4e3b\u56fe-7-2-150x150.jpg 150w, https:\/\/www.cosmepak.com\/wp-content\/uploads\/2025\/04\/\u4e3b\u56fe-7-2-768x768.jpg 768w, https:\/\/www.cosmepak.com\/wp-content\/uploads\/2025\/04\/\u4e3b\u56fe-7-2-12x12.jpg 12w, https:\/\/www.cosmepak.com\/wp-content\/uploads\/2025\/04\/\u4e3b\u56fe-7-2-600x600.jpg 600w, https:\/\/www.cosmepak.com\/wp-content\/uploads\/2025\/04\/\u4e3b\u56fe-7-2-100x100.jpg 100w\" sizes=\"(max-width: 1000px) 100vw, 1000px\" \/><\/td>\n<td style=\"width: 23.5109%; height: 24px;\">Marca<\/td>\n<td style=\"width: 35.7961%; height: 24px;\">\u00a0Jaunce<\/td>\n<\/tr>\n<tr style=\"height: 24px;\">\n<td style=\"width: 23.5109%; height: 24px;\">Capacidade de Botelha<\/td>\n<td style=\"width: 35.7961%; height: 24px;\">40ml\/100ml\/120ml<\/td>\n<\/tr>\n<tr style=\"height: 24px;\">\n<td style=\"width: 23.5109%; height: 24px;\">Capacidade de Jar<\/td>\n<td style=\"width: 35.7961%; height: 24px;\">30g\/50g<\/td>\n<\/tr>\n<tr style=\"height: 24px;\">\n<td style=\"width: 23.5109%; height: 24px;\">Material<\/td>\n<td style=\"width: 35.7961%; height: 24px;\">Vidro<\/td>\n<\/tr>\n<tr style=\"height: 24px;\">\n<td style=\"width: 23.5109%; height: 24px;\">Modelo<\/td>\n<td style=\"width: 35.7961%; height: 24px;\">JH-PHPC413<\/td>\n<\/tr>\n<tr style=\"height: 24px;\">\n<td style=\"width: 23.5109%; height: 24px;\">OEM\/ODM<\/td>\n<td style=\"width: 35.7961%; height: 24px;\">Aceitar<\/td>\n<\/tr>\n<tr style=\"height: 24px;\">\n<td style=\"width: 23.5109%; height: 24px;\">Cor<\/td>\n<td style=\"width: 35.7961%; height: 24px;\">Matt Black, Matt White, qualquer cor de Parton personalizada<\/td>\n<\/tr>\n<tr style=\"height: 24px;\">\n<td style=\"width: 23.5109%; height: 24px;\">MOQ<\/td>\n<td style=\"width: 35.7961%; height: 24px;\">3000pcs;<\/td>\n<\/tr>\n<\/tbody>\n<\/table>\n<table style=\"border-collapse: collapse; width: 100%; height: 192px;\">\n<tbody>\n<tr style=\"height: 24px;\">\n<td style=\"width: 12.7434%; text-align: center; height: 24px;\">Item<\/td>\n<td style=\"width: 12.5142%; text-align: center; height: 24px;\">Altura total<\/td>\n<td style=\"width: 12.5002%; text-align: center; height: 24px;\">Di\u00e2metro inferior<\/td>\n<td style=\"width: 13.4092%; text-align: center; height: 24px;\">Altura do ombro<\/td>\n<\/tr>\n<tr style=\"height: 24px;\">\n<td style=\"width: 12.7434%; text-align: center; height: 24px;\">40ml<\/td>\n<td style=\"width: 12.5142%; text-align: center; height: 24px;\">112 mm<\/td>\n<td style=\"width: 12.5002%; text-align: center; height: 24px;\">36mm<\/td>\n<td style=\"width: 13.4092%; text-align: center; height: 24px;\">68mm<\/td>\n<\/tr>\n<tr style=\"height: 24px;\">\n<td style=\"width: 12.7434%; text-align: center; height: 24px;\">100ml<\/td>\n<td style=\"width: 12.5142%; text-align: center; height: 24px;\">171mm<\/td>\n<td style=\"width: 12.5002%; text-align: center; height: 24px;\">40mm<\/td>\n<td style=\"width: 13.4092%; text-align: center; height: 24px;\">125mm<\/td>\n<\/tr>\n<tr style=\"height: 24px;\">\n<td style=\"width: 12.7434%; text-align: center; height: 24px;\">120ml<\/td>\n<td style=\"width: 12.5142%; text-align: center; height: 24px;\">184 mm<\/td>\n<td style=\"width: 12.5002%; text-align: center; height: 24px;\">40mm<\/td>\n<td style=\"width: 13.4092%; text-align: center; height: 24px;\">147 mm<\/td>\n<\/tr>\n<tr style=\"height: 24px;\">\n<td style=\"width: 12.7434%; text-align: center; height: 24px;\">Item<\/td>\n<td style=\"width: 12.5142%; text-align: center; height: 24px;\">Altura total<\/td>\n<td style=\"width: 12.5002%; text-align: center; height: 24px;\">Di\u00e2metro inferior<\/td>\n<td style=\"width: 13.4092%; text-align: center; height: 24px;\">Altura do ombro<\/td>\n<\/tr>\n<tr style=\"height: 24px;\">\n<td style=\"width: 12.7434%; text-align: center; height: 24px;\">30g<\/td>\n<td style=\"width: 12.5142%; text-align: center; height: 24px;\">46mm<\/td>\n<td style=\"width: 12.5002%; text-align: center; height: 24px;\">60mm<\/td>\n<td style=\"width: 13.4092%; text-align: center; height: 24px;\">23 mm<\/td>\n<\/tr>\n<tr style=\"height: 24px;\">\n<td style=\"width: 12.7434%; text-align: center; height: 24px;\">50g<\/td>\n<td style=\"width: 12.5142%; text-align: center; height: 24px;\">60mm<\/td>\n<td style=\"width: 12.5002%; text-align: center; height: 24px;\">59mm<\/td>\n<td style=\"width: 13.4092%; text-align: center; height: 24px;\">35 mm<\/td>\n<\/tr>\n<\/tbody>\n<\/table>\n<p>&nbsp;<\/p>\n<p>Este \u00e9 um conjunto de garrafas de produtos de corte de pele exquisitas e luxosas. H\u00e1 tr\u00eas op\u00e7\u00f5es dispon\u00edveis: 40ml, 100ml e 120ml. Esses tamanhos permitem o preenchimento de l\u00edquidos como lot\u00e3o e toner. Os tamanhos de 30g e 50g podem satisfazer os requisitos de uso do vaso de creme em v\u00e1rias situa\u00e7\u00f5es. A menor capacidade \u00e9 adequada para realizar viagens.<\/p>\n<p>O corpo da garrafa \u00e9 revestido de cor nuda e finais amarelos de creme, que \u00e9 perfeitamente combinado com impress\u00e3o de tela. Isso n\u00e3o s\u00f3 destaca a marca&#8217; a for \u00e7a mas tamb\u00e9m indica claramente a capacidade de uso.<\/p>\n<p>A cobertura de eletroalum\u00ednio de ouro, quando iluminada pelo show de luz, revela a textura met\u00e1lica \u00fanica do material. O final brilhante d\u00e1 a cobertura da apar\u00eancia de um espelho. O design geral da tampa \u00e9 como um chap\u00e9u, e quando parejado com a garrafa de vidro, parece um cavalheiro.<\/p>\n<p>A garrafa de emuls\u00e3o \u00e9 parejada com uma bomba de emuls\u00e3o, limpa e higi\u00e9nica, f\u00e1cil de usar, e evita a contamina\u00e7\u00e3o do conte\u00fado. A cobertura externa desempenhou uma excelente fun\u00e7\u00e3o de prova de poeira.<br \/>\nO recipiente de creme pode ser equipado com um gasket de selagem ou um tamp\u00e3o de tra\u00e7\u00e3o \u00e0 m\u00e3o, ambos podendo efetivamente proporcionar prote\u00e7\u00e3o e impedir que o creme vaze.<\/p>\n<table style=\"border-collapse: collapse; width: 100%;\">\n<tbody>\n<tr>\n<td style=\"width: 50%;\"><img decoding=\"async\" class=\"alignnone size-full wp-image-3895\" src=\"https:\/\/www.cosmepak.com\/wp-content\/uploads\/2025\/04\/41-1.jpg\" alt=\"\" width=\"1000\" height=\"1000\" srcset=\"https:\/\/www.cosmepak.com\/wp-content\/uploads\/2025\/04\/41-1.jpg 1000w, https:\/\/www.cosmepak.com\/wp-content\/uploads\/2025\/04\/41-1-300x300.jpg 300w, https:\/\/www.cosmepak.com\/wp-content\/uploads\/2025\/04\/41-1-150x150.jpg 150w, https:\/\/www.cosmepak.com\/wp-content\/uploads\/2025\/04\/41-1-768x768.jpg 768w, https:\/\/www.cosmepak.com\/wp-content\/uploads\/2025\/04\/41-1-12x12.jpg 12w, https:\/\/www.cosmepak.com\/wp-content\/uploads\/2025\/04\/41-1-600x600.jpg 600w, https:\/\/www.cosmepak.com\/wp-content\/uploads\/2025\/04\/41-1-100x100.jpg 100w\" sizes=\"(max-width: 1000px) 100vw, 1000px\" \/><\/td>\n<td style=\"width: 50%;\"><img decoding=\"async\" class=\"alignnone size-full wp-image-3896\" src=\"https:\/\/www.cosmepak.com\/wp-content\/uploads\/2025\/04\/51.jpg\" alt=\"\" width=\"1000\" height=\"1000\" srcset=\"https:\/\/www.cosmepak.com\/wp-content\/uploads\/2025\/04\/51.jpg 1000w, https:\/\/www.cosmepak.com\/wp-content\/uploads\/2025\/04\/51-300x300.jpg 300w, https:\/\/www.cosmepak.com\/wp-content\/uploads\/2025\/04\/51-150x150.jpg 150w, https:\/\/www.cosmepak.com\/wp-content\/uploads\/2025\/04\/51-768x768.jpg 768w, https:\/\/www.cosmepak.com\/wp-content\/uploads\/2025\/04\/51-12x12.jpg 12w, https:\/\/www.cosmepak.com\/wp-content\/uploads\/2025\/04\/51-600x600.jpg 600w, https:\/\/www.cosmepak.com\/wp-content\/uploads\/2025\/04\/51-100x100.jpg 100w\" sizes=\"(max-width: 1000px) 100vw, 1000px\" \/><\/td>\n<\/tr>\n<\/tbody>\n<\/table>\n<p>&nbsp;<\/p>\n<p>&nbsp;<\/p>","protected":false},"excerpt":{"rendered":"<p>Material: vidro<\/p>\n<p>Capacidade: 15ml\/30ml\/80ml\/100ml\/30g\/50g<\/p>\n<p>Cor: Aceite personalizado (qualquer cor Pantone dispon\u00edvel)<\/p>\n<p>Acabamento de superf\u00edcie: impress\u00e3o de tela, estampagem a quente, gradiente de pulveriza\u00e7\u00e3o, acabamento fosco, etc.<\/p>\n<p>MOQ: 10000pcs<\/p>\n<p>Amostra: amostras gratuitas dispon\u00edveis<\/p>\n<p>&nbsp;<\/p>\n<p>&nbsp;<\/p>","protected":false},"featured_media":3897,"comment_status":"closed","ping_status":"closed","template":"","meta":{"_acf_changed":false},"product_brand":[],"product_cat":[19,46],"product_tag":[61],"class_list":{"0":"post-1737","1":"product","2":"type-product","3":"status-publish","4":"has-post-thumbnail","6":"product_cat-skincare-glass-bottle","7":"product_cat-skincare-product-set-package","8":"product_tag-skincare-product-set","10":"first","11":"outofstock","12":"shipping-taxable","13":"product-type-simple"},"acf":[],"_links":{"self":[{"href":"https:\/\/www.cosmepak.com\/pt\/wp-json\/wp\/v2\/product\/1737","targetHints":{"allow":["GET"]}}],"collection":[{"href":"https:\/\/www.cosmepak.com\/pt\/wp-json\/wp\/v2\/product"}],"about":[{"href":"https:\/\/www.cosmepak.com\/pt\/wp-json\/wp\/v2\/types\/product"}],"replies":[{"embeddable":true,"href":"https:\/\/www.cosmepak.com\/pt\/wp-json\/wp\/v2\/comments?post=1737"}],"wp:featuredmedia":[{"embeddable":true,"href":"https:\/\/www.cosmepak.com\/pt\/wp-json\/wp\/v2\/media\/3897"}],"wp:attachment":[{"href":"https:\/\/www.cosmepak.com\/pt\/wp-json\/wp\/v2\/media?parent=1737"}],"wp:term":[{"taxonomy":"product_brand","embeddable":true,"href":"https:\/\/www.cosmepak.com\/pt\/wp-json\/wp\/v2\/product_brand?post=1737"},{"taxonomy":"product_cat","embeddable":true,"href":"https:\/\/www.cosmepak.com\/pt\/wp-json\/wp\/v2\/product_cat?post=1737"},{"taxonomy":"product_tag","embeddable":true,"href":"https:\/\/www.cosmepak.com\/pt\/wp-json\/wp\/v2\/product_tag?post=1737"}],"curies":[{"name":"wp","href":"https:\/\/api.w.org\/{rel}","templated":true}]}}