{"id":1774,"date":"2025-04-03T16:18:52","date_gmt":"2025-04-03T08:18:52","guid":{"rendered":"https:\/\/www.cosmepak.com\/?post_type=product&#038;p=1774"},"modified":"2026-01-04T10:14:20","modified_gmt":"2026-01-04T02:14:20","slug":"blue-off-the-shoulder-skindcare-bottle","status":"publish","type":"product","link":"https:\/\/www.cosmepak.com\/pt\/product\/blue-off-the-shoulder-skindcare-bottle\/","title":{"rendered":"Blue Off-the-shoulder Skindcare Bottle"},"content":{"rendered":"<table style=\"border-collapse: collapse; width: 100%; height: 216px;\">\n<tbody>\n<tr style=\"height: 24px;\">\n<td style=\"width: 40.6929%; height: 216px;\" rowspan=\"9\"><img fetchpriority=\"high\" decoding=\"async\" class=\"alignnone size-full wp-image-3859\" src=\"https:\/\/www.cosmepak.com\/wp-content\/uploads\/2025\/04\/\u4e3b\u56fe-6-5.jpg\" alt=\"\" width=\"1000\" height=\"1000\" srcset=\"https:\/\/www.cosmepak.com\/wp-content\/uploads\/2025\/04\/\u4e3b\u56fe-6-5.jpg 1000w, https:\/\/www.cosmepak.com\/wp-content\/uploads\/2025\/04\/\u4e3b\u56fe-6-5-300x300.jpg 300w, https:\/\/www.cosmepak.com\/wp-content\/uploads\/2025\/04\/\u4e3b\u56fe-6-5-150x150.jpg 150w, https:\/\/www.cosmepak.com\/wp-content\/uploads\/2025\/04\/\u4e3b\u56fe-6-5-768x768.jpg 768w, https:\/\/www.cosmepak.com\/wp-content\/uploads\/2025\/04\/\u4e3b\u56fe-6-5-12x12.jpg 12w, https:\/\/www.cosmepak.com\/wp-content\/uploads\/2025\/04\/\u4e3b\u56fe-6-5-600x600.jpg 600w, https:\/\/www.cosmepak.com\/wp-content\/uploads\/2025\/04\/\u4e3b\u56fe-6-5-100x100.jpg 100w\" sizes=\"(max-width: 1000px) 100vw, 1000px\" \/><\/td>\n<td style=\"width: 23.5109%; height: 24px; text-align: center;\">Marca<\/td>\n<td style=\"width: 35.7961%; height: 24px; text-align: center;\">\u00a0Jaunce<\/td>\n<\/tr>\n<tr style=\"height: 24px;\">\n<td style=\"width: 23.5109%; height: 24px; text-align: center;\">Capacidade<\/td>\n<td style=\"width: 35.7961%; height: 24px; text-align: center;\">30ml\/45ml\/100ml\/120ml\/150ml\/30g\/50g<\/td>\n<\/tr>\n<tr style=\"height: 24px;\">\n<td style=\"width: 23.5109%; height: 24px; text-align: center;\">Forma<\/td>\n<td style=\"width: 35.7961%; height: 24px; text-align: center;\">Forma de cilindro<\/td>\n<\/tr>\n<tr style=\"height: 24px;\">\n<td style=\"width: 23.5109%; height: 24px; text-align: center;\">Material<\/td>\n<td style=\"width: 35.7961%; height: 24px; text-align: center;\">Vidro<\/td>\n<\/tr>\n<tr style=\"height: 24px;\">\n<td style=\"width: 23.5109%; height: 24px; text-align: center;\">Modelo<\/td>\n<td style=\"width: 35.7961%; height: 24px; text-align: center;\">JH-EM50<\/td>\n<\/tr>\n<tr style=\"height: 24px;\">\n<td style=\"width: 23.5109%; height: 24px; text-align: center;\">OEM\/ODM<\/td>\n<td style=\"width: 35.7961%; height: 24px; text-align: center;\">Aceitar<\/td>\n<\/tr>\n<tr style=\"height: 24px;\">\n<td style=\"width: 23.5109%; height: 24px; text-align: center;\">Cor<\/td>\n<td style=\"width: 35.7961%; height: 24px; text-align: center;\">Qualquer cor de parte personalizada<\/td>\n<\/tr>\n<tr style=\"height: 24px;\">\n<td style=\"width: 23.5109%; height: 24px; text-align: center;\">Uso<\/td>\n<td style=\"width: 35.7961%; height: 24px; text-align: center;\">Lot\u00e3o\/Funda\u00e7\u00e3o\/creme, etc.<\/td>\n<\/tr>\n<tr style=\"height: 24px;\">\n<td style=\"width: 23.5109%; height: 24px; text-align: center;\">MOQ<\/td>\n<td style=\"width: 35.7961%; height: 24px; text-align: center;\">5000pcs<\/td>\n<\/tr>\n<\/tbody>\n<\/table>\n<table style=\"border-collapse: collapse; width: 100%; height: 192px;\">\n<tbody>\n<tr style=\"height: 24px;\">\n<td style=\"width: 10.4249%; text-align: center; height: 24px;\"><strong>Capacidade<\/strong><\/td>\n<td style=\"width: 8.48195%; text-align: center; height: 24px;\"><strong>Altura total<\/strong><\/td>\n<td style=\"width: 8.46783%; text-align: center; height: 24px;\"><strong>Di\u00e2metro inferior<\/strong><\/td>\n<td style=\"width: 7.56062%; text-align: center; height: 24px;\"><strong>circunfer\u00eancia<\/strong><\/td>\n<td style=\"width: 7.9709%; text-align: center; height: 24px;\"><strong>Altura imprim\u00edvel<\/strong><\/td>\n<td style=\"width: 7.9709%; text-align: center; height: 24px;\"><strong>Peso<\/strong><\/td>\n<\/tr>\n<tr style=\"height: 24px;\">\n<td style=\"width: 10.4249%; text-align: center; height: 24px;\">30g<\/td>\n<td style=\"width: 8.48195%; text-align: center; height: 24px;\">40mm<\/td>\n<td style=\"width: 8.46783%; text-align: center; height: 24px;\">66mm<\/td>\n<td style=\"width: 7.56062%; text-align: center; height: 24px;\">208mm<\/td>\n<td style=\"width: 7.9709%; text-align: center; height: 24px;\">12mm<\/td>\n<td style=\"width: 7.9709%; text-align: center; height: 24px;\">119.3g<\/td>\n<\/tr>\n<tr style=\"height: 24px;\">\n<td style=\"width: 10.4249%; text-align: center; height: 24px;\">50g<\/td>\n<td style=\"width: 8.48195%; text-align: center; height: 24px;\">48mm<\/td>\n<td style=\"width: 8.46783%; text-align: center; height: 24px;\">66mm<\/td>\n<td style=\"width: 7.56062%; text-align: center; height: 24px;\">208mm<\/td>\n<td style=\"width: 7.9709%; text-align: center; height: 24px;\">18mm<\/td>\n<td style=\"width: 7.9709%; text-align: center; height: 24px;\">138.5g<\/td>\n<\/tr>\n<tr style=\"height: 24px;\">\n<td style=\"width: 10.4249%; text-align: center; height: 24px;\">Flasco de 30 ml Dropper<\/td>\n<td style=\"width: 8.48195%; text-align: center; height: 24px;\">88 mm<\/td>\n<td style=\"width: 8.46783%; text-align: center; height: 24px;\">49mm<\/td>\n<td style=\"width: 7.56062%; text-align: center; height: 24px;\">154 mm<\/td>\n<td style=\"width: 7.9709%; text-align: center; height: 24px;\">32 mm<\/td>\n<td style=\"width: 7.9709%; text-align: center; height: 24px;\">132.9g<\/td>\n<\/tr>\n<tr style=\"height: 24px;\">\n<td style=\"width: 10.4249%; text-align: center; height: 24px;\">50ml<\/td>\n<td style=\"width: 8.48195%; text-align: center; height: 24px;\">102 mm<\/td>\n<td style=\"width: 8.46783%; text-align: center; height: 24px;\">49mm<\/td>\n<td style=\"width: 7.56062%; text-align: center; height: 24px;\">154 mm<\/td>\n<td style=\"width: 7.9709%; text-align: center; height: 24px;\">43 mm<\/td>\n<td style=\"width: 7.9709%; text-align: center; height: 24px;\">141.6g<\/td>\n<\/tr>\n<tr style=\"height: 24px;\">\n<td style=\"width: 10.4249%; text-align: center; height: 24px;\">100ml<\/td>\n<td style=\"width: 8.48195%; text-align: center; height: 24px;\">A tecnologia sem ar usa um v\u00e1cuometro de boca ao lado da garrafa. Quando voc\u00ea preme a bomba, um pist\u00e3o no fundo se move para cima. Isso empurra o produto sem deixar o ar entrar. Mant\u00e9m f\u00f3rmulas seguras da oxida\u00e7\u00e3o, mesmo ap\u00f3s muitos usos. Isso \u00e9 \u00f3timo para produtos naturais que n\u00e3o t \u00eam muitos preservativos.<\/td>\n<td style=\"width: 8.46783%; text-align: center; height: 24px;\">49mm<\/td>\n<td style=\"width: 7.56062%; text-align: center; height: 24px;\">154 mm<\/td>\n<td style=\"width: 7.9709%; text-align: center; height: 24px;\">82 mm<\/td>\n<td style=\"width: 7.9709%; text-align: center; height: 24px;\">197g<\/td>\n<\/tr>\n<tr style=\"height: 24px;\">\n<td style=\"width: 10.4249%; text-align: center; height: 24px;\">120ml<\/td>\n<td style=\"width: 8.48195%; text-align: center; height: 24px;\">155 mm<\/td>\n<td style=\"width: 8.46783%; text-align: center; height: 24px;\">49mm<\/td>\n<td style=\"width: 7.56062%; text-align: center; height: 24px;\">154 mm<\/td>\n<td style=\"width: 7.9709%; text-align: center; height: 24px;\">95mm<\/td>\n<td style=\"width: 7.9709%; text-align: center; height: 24px;\">208.3g<\/td>\n<\/tr>\n<tr style=\"height: 24px;\">\n<td style=\"width: 10.4249%; text-align: center; height: 24px;\">150ml<\/td>\n<td style=\"width: 8.48195%; text-align: center; height: 24px;\">175 mm<\/td>\n<td style=\"width: 8.46783%; text-align: center; height: 24px;\">49mm<\/td>\n<td style=\"width: 7.56062%; text-align: center; height: 24px;\">154 mm<\/td>\n<td style=\"width: 7.9709%; text-align: center; height: 24px;\">112 mm<\/td>\n<td style=\"width: 7.9709%; text-align: center; height: 24px;\">218.2g<\/td>\n<\/tr>\n<\/tbody>\n<\/table>\n<p>Este conjunto de embalagens de garrafas \u00e9 uma solu\u00e7\u00e3o completa para cosm\u00e9ticos e produtos de cuidado da pele. Ela apresenta uma garrafa de vidro cilindrico de alta qualidade e com ombro plano como portadora central, parejada com uma bomba branca simples e elegante. Com seu design visual distinto e uma ampla gama de op\u00e7\u00f5es de tamanho, ela pode atender precisamente \u00e0s necessidades de embalagem de v\u00e1rios cuidados cut\u00e2neos e produtos cosm\u00e9ticos, combinando tanto est\u00e9tica como pr\u00e1tica.<\/p>\n<p>A garrafa adota uma forma cilindrica cl\u00e1ssica com ombro plano com linhas suaves e regulares, assegurando a estabilidade quando colocada e destacando um estilo simples e luxuoso, uma cor azul brilhante, criando um forte contraste de cor com a cabe\u00e7a pura da bomba branca, com um impacto visual poderoso. Ela pode rapidamente atrair consumidores aten\u00e7\u00e3o e transmitir um car\u00e1ter fresco e puro de produto.<\/p>\n<p>Este produto tem uma gama extremamente selvagem de especifica\u00e7\u00f5es e configura\u00e7\u00f5es, garrafas de vidro especificamente concebidas para produtos l\u00edquidos de cuidado da pele e vasos especificamente concebidos para produtos do tipo de creme, alcan\u00e7ando cobertura completa de todas as categorias. A s\u00e9rie de garrafas l\u00edquidas oferece uma variedade de op\u00e7\u00f5es de capacidade, incluindo 30 ml, 45 ml, 100 ml, 120 ml e 150 ml. 30 ml especifica\u00e7\u00e3o est\u00e1 particularmente equipada com um grande design de gota de colar, que \u00e9 conveniente para medi\u00e7\u00e3o e uso precisos, e \u00e9 especialmente adequado para produtos como ess\u00eancias, \u00f3leos essenciais e ess\u00eancias que requerem aplica\u00e7\u00e3o precisa. As maiores especifica\u00e7\u00f5es de capacidade de 45 ml e acima est\u00e3o equipadas com uma bomba de press\u00e3o branca, que funciona suavemente e distribui o l\u00edquido de forma uniforme, e s\u00e3o adequadas para v\u00e1rios produtos de cuidado da pele l\u00edquido como toneres, lot\u00f5es e removores de maquilhagem. A s\u00e9rie de vasos tem duas capacidades comuns, 30 gramas e 50 gramas. O design dos vasos \u00e9 consistente com o estilo das garrafas de vidro, tem excelente desempenho de selagem, e pode efetivamente prevenir a oxida\u00e7\u00e3o e deteriora\u00e7\u00e3o de ingredientes ativos em produtos do tipo de creme como umidificadores, cremes oculares e lot\u00f5es corporais.<\/p>\n<table style=\"border-collapse: collapse; width: 100%;\">\n<tbody>\n<tr>\n<td style=\"width: 33.3333%;\"><img decoding=\"async\" class=\"alignnone size-full wp-image-3860\" src=\"https:\/\/www.cosmepak.com\/wp-content\/uploads\/2025\/04\/61.jpg\" alt=\"\" width=\"1000\" height=\"1000\" srcset=\"https:\/\/www.cosmepak.com\/wp-content\/uploads\/2025\/04\/61.jpg 1000w, https:\/\/www.cosmepak.com\/wp-content\/uploads\/2025\/04\/61-300x300.jpg 300w, https:\/\/www.cosmepak.com\/wp-content\/uploads\/2025\/04\/61-150x150.jpg 150w, https:\/\/www.cosmepak.com\/wp-content\/uploads\/2025\/04\/61-768x768.jpg 768w, https:\/\/www.cosmepak.com\/wp-content\/uploads\/2025\/04\/61-12x12.jpg 12w, https:\/\/www.cosmepak.com\/wp-content\/uploads\/2025\/04\/61-600x600.jpg 600w, https:\/\/www.cosmepak.com\/wp-content\/uploads\/2025\/04\/61-100x100.jpg 100w\" sizes=\"(max-width: 1000px) 100vw, 1000px\" \/><\/td>\n<td style=\"width: 33.3333%;\"><img decoding=\"async\" class=\"alignnone size-full wp-image-3861\" src=\"https:\/\/www.cosmepak.com\/wp-content\/uploads\/2025\/04\/81.jpg\" alt=\"\" width=\"1000\" height=\"1000\" srcset=\"https:\/\/www.cosmepak.com\/wp-content\/uploads\/2025\/04\/81.jpg 1000w, https:\/\/www.cosmepak.com\/wp-content\/uploads\/2025\/04\/81-300x300.jpg 300w, https:\/\/www.cosmepak.com\/wp-content\/uploads\/2025\/04\/81-150x150.jpg 150w, https:\/\/www.cosmepak.com\/wp-content\/uploads\/2025\/04\/81-768x768.jpg 768w, https:\/\/www.cosmepak.com\/wp-content\/uploads\/2025\/04\/81-12x12.jpg 12w, https:\/\/www.cosmepak.com\/wp-content\/uploads\/2025\/04\/81-600x600.jpg 600w, https:\/\/www.cosmepak.com\/wp-content\/uploads\/2025\/04\/81-100x100.jpg 100w\" sizes=\"(max-width: 1000px) 100vw, 1000px\" \/><\/td>\n<td style=\"width: 33.3333%;\"><img loading=\"lazy\" decoding=\"async\" class=\"alignnone size-full wp-image-3862\" src=\"https:\/\/www.cosmepak.com\/wp-content\/uploads\/2025\/04\/41.jpg\" alt=\"\" width=\"1000\" height=\"1000\" srcset=\"https:\/\/www.cosmepak.com\/wp-content\/uploads\/2025\/04\/41.jpg 1000w, https:\/\/www.cosmepak.com\/wp-content\/uploads\/2025\/04\/41-300x300.jpg 300w, https:\/\/www.cosmepak.com\/wp-content\/uploads\/2025\/04\/41-150x150.jpg 150w, https:\/\/www.cosmepak.com\/wp-content\/uploads\/2025\/04\/41-768x768.jpg 768w, https:\/\/www.cosmepak.com\/wp-content\/uploads\/2025\/04\/41-12x12.jpg 12w, https:\/\/www.cosmepak.com\/wp-content\/uploads\/2025\/04\/41-600x600.jpg 600w, https:\/\/www.cosmepak.com\/wp-content\/uploads\/2025\/04\/41-100x100.jpg 100w\" sizes=\"(max-width: 1000px) 100vw, 1000px\" \/><\/td>\n<\/tr>\n<\/tbody>\n<\/table>\n<table style=\"border-collapse: collapse; width: 100%;\">\n<tbody>\n<tr>\n<td style=\"width: 50%;\"><img loading=\"lazy\" decoding=\"async\" class=\"alignnone size-full wp-image-3863\" src=\"https:\/\/www.cosmepak.com\/wp-content\/uploads\/2025\/04\/11-1.jpg\" alt=\"\" width=\"1000\" height=\"1000\" srcset=\"https:\/\/www.cosmepak.com\/wp-content\/uploads\/2025\/04\/11-1.jpg 1000w, https:\/\/www.cosmepak.com\/wp-content\/uploads\/2025\/04\/11-1-300x300.jpg 300w, https:\/\/www.cosmepak.com\/wp-content\/uploads\/2025\/04\/11-1-150x150.jpg 150w, https:\/\/www.cosmepak.com\/wp-content\/uploads\/2025\/04\/11-1-768x768.jpg 768w, https:\/\/www.cosmepak.com\/wp-content\/uploads\/2025\/04\/11-1-12x12.jpg 12w, https:\/\/www.cosmepak.com\/wp-content\/uploads\/2025\/04\/11-1-600x600.jpg 600w, https:\/\/www.cosmepak.com\/wp-content\/uploads\/2025\/04\/11-1-100x100.jpg 100w\" sizes=\"(max-width: 1000px) 100vw, 1000px\" \/><\/td>\n<td style=\"width: 50%;\"><img loading=\"lazy\" decoding=\"async\" class=\"alignnone size-full wp-image-3864\" src=\"https:\/\/www.cosmepak.com\/wp-content\/uploads\/2025\/04\/21-2.jpg\" alt=\"\" width=\"1000\" height=\"1000\" srcset=\"https:\/\/www.cosmepak.com\/wp-content\/uploads\/2025\/04\/21-2.jpg 1000w, https:\/\/www.cosmepak.com\/wp-content\/uploads\/2025\/04\/21-2-300x300.jpg 300w, https:\/\/www.cosmepak.com\/wp-content\/uploads\/2025\/04\/21-2-150x150.jpg 150w, https:\/\/www.cosmepak.com\/wp-content\/uploads\/2025\/04\/21-2-768x768.jpg 768w, https:\/\/www.cosmepak.com\/wp-content\/uploads\/2025\/04\/21-2-12x12.jpg 12w, https:\/\/www.cosmepak.com\/wp-content\/uploads\/2025\/04\/21-2-600x600.jpg 600w, https:\/\/www.cosmepak.com\/wp-content\/uploads\/2025\/04\/21-2-100x100.jpg 100w\" sizes=\"(max-width: 1000px) 100vw, 1000px\" \/><\/td>\n<\/tr>\n<\/tbody>\n<\/table>","protected":false},"excerpt":{"rendered":"<p>Material: vidro<\/p>\n<p>Capacidade: 30ml\/50ml\/100ml\/120ml\/50g<\/p>\n<p>Cor: Aceite personalizado (qualquer cor Pantone dispon\u00edvel)<\/p>\n<p>Acabamento de superf\u00edcie: impress\u00e3o de tela, estampagem a quente, gradiente de pulveriza\u00e7\u00e3o, acabamento fosco, etc.<\/p>\n<p>MOQ: 1000pcs\/10000pcs personalizados<\/p>\n<p>Amostra: amostras gratuitas dispon\u00edveis<\/p>\n<p>&nbsp;<\/p>\n<p>&nbsp;<\/p>","protected":false},"featured_media":3865,"comment_status":"closed","ping_status":"closed","template":"","meta":{"_acf_changed":false},"product_brand":[],"product_cat":[19,46],"product_tag":[61],"class_list":{"0":"post-1774","1":"product","2":"type-product","3":"status-publish","4":"has-post-thumbnail","6":"product_cat-skincare-glass-bottle","7":"product_cat-skincare-product-set-package","8":"product_tag-skincare-product-set","10":"first","11":"outofstock","12":"shipping-taxable","13":"product-type-simple"},"acf":[],"_links":{"self":[{"href":"https:\/\/www.cosmepak.com\/pt\/wp-json\/wp\/v2\/product\/1774","targetHints":{"allow":["GET"]}}],"collection":[{"href":"https:\/\/www.cosmepak.com\/pt\/wp-json\/wp\/v2\/product"}],"about":[{"href":"https:\/\/www.cosmepak.com\/pt\/wp-json\/wp\/v2\/types\/product"}],"replies":[{"embeddable":true,"href":"https:\/\/www.cosmepak.com\/pt\/wp-json\/wp\/v2\/comments?post=1774"}],"wp:featuredmedia":[{"embeddable":true,"href":"https:\/\/www.cosmepak.com\/pt\/wp-json\/wp\/v2\/media\/3865"}],"wp:attachment":[{"href":"https:\/\/www.cosmepak.com\/pt\/wp-json\/wp\/v2\/media?parent=1774"}],"wp:term":[{"taxonomy":"product_brand","embeddable":true,"href":"https:\/\/www.cosmepak.com\/pt\/wp-json\/wp\/v2\/product_brand?post=1774"},{"taxonomy":"product_cat","embeddable":true,"href":"https:\/\/www.cosmepak.com\/pt\/wp-json\/wp\/v2\/product_cat?post=1774"},{"taxonomy":"product_tag","embeddable":true,"href":"https:\/\/www.cosmepak.com\/pt\/wp-json\/wp\/v2\/product_tag?post=1774"}],"curies":[{"name":"wp","href":"https:\/\/api.w.org\/{rel}","templated":true}]}}