{"id":1810,"date":"2025-04-11T08:51:09","date_gmt":"2025-04-11T00:51:09","guid":{"rendered":"https:\/\/www.cosmepak.com\/?post_type=product&#038;p=1810"},"modified":"2025-12-30T16:36:17","modified_gmt":"2025-12-30T08:36:17","slug":"skincare-set-bottle-quartet-essence-jar-jaunce","status":"publish","type":"product","link":"https:\/\/www.cosmepak.com\/pt\/product\/skincare-set-bottle-quartet-essence-jar-jaunce\/","title":{"rendered":"Skincare Set Bottle Quartet Essence Jar\/Jaunce"},"content":{"rendered":"<table style=\"border-collapse: collapse; width: 100%; height: 216px;\">\n<tbody>\n<tr style=\"height: 24px;\">\n<td style=\"width: 40.6929%; height: 216px;\" rowspan=\"9\"><img fetchpriority=\"high\" decoding=\"async\" class=\"alignnone size-full wp-image-1775\" src=\"https:\/\/www.cosmepak.com\/wp-content\/uploads\/2025\/04\/2-5.jpg\" alt=\"frasco de cuidados de pele\" width=\"1000\" height=\"1000\" srcset=\"https:\/\/www.cosmepak.com\/wp-content\/uploads\/2025\/04\/2-5.jpg 1000w, https:\/\/www.cosmepak.com\/wp-content\/uploads\/2025\/04\/2-5-300x300.jpg 300w, https:\/\/www.cosmepak.com\/wp-content\/uploads\/2025\/04\/2-5-150x150.jpg 150w, https:\/\/www.cosmepak.com\/wp-content\/uploads\/2025\/04\/2-5-768x768.jpg 768w, https:\/\/www.cosmepak.com\/wp-content\/uploads\/2025\/04\/2-5-600x600.jpg 600w, https:\/\/www.cosmepak.com\/wp-content\/uploads\/2025\/04\/2-5-100x100.jpg 100w\" sizes=\"(max-width: 1000px) 100vw, 1000px\" \/><\/td>\n<td style=\"width: 23.5109%; height: 24px; text-align: center;\">Marca<\/td>\n<td style=\"width: 35.7961%; height: 24px; text-align: center;\">\u00a0Jaunce<\/td>\n<\/tr>\n<tr style=\"height: 24px;\">\n<td style=\"width: 23.5109%; height: 24px; text-align: center;\">Capacidade<\/td>\n<td style=\"width: 35.7961%; height: 24px; text-align: center;\">30ml\/50ml\/100ml\/120ml\/50g<\/td>\n<\/tr>\n<tr style=\"height: 24px;\">\n<td style=\"width: 23.5109%; height: 24px; text-align: center;\">Forma<\/td>\n<td style=\"width: 35.7961%; height: 24px; text-align: center;\">Quadrado<\/td>\n<\/tr>\n<tr style=\"height: 24px;\">\n<td style=\"width: 23.5109%; height: 24px; text-align: center;\">Material<\/td>\n<td style=\"width: 35.7961%; height: 24px; text-align: center;\">Vidro<\/td>\n<\/tr>\n<tr style=\"height: 24px;\">\n<td style=\"width: 23.5109%; height: 24px; text-align: center;\">Modelo<\/td>\n<td style=\"width: 35.7961%; height: 24px; text-align: center;\">JH-EM50<\/td>\n<\/tr>\n<tr style=\"height: 24px;\">\n<td style=\"width: 23.5109%; height: 24px; text-align: center;\">OEM\/ODM<\/td>\n<td style=\"width: 35.7961%; height: 24px; text-align: center;\">Aceitar<\/td>\n<\/tr>\n<tr style=\"height: 24px;\">\n<td style=\"width: 23.5109%; height: 24px; text-align: center;\">Cor<\/td>\n<td style=\"width: 35.7961%; height: 24px; text-align: center;\">Qualquer cor de parte personalizada<\/td>\n<\/tr>\n<tr style=\"height: 24px;\">\n<td style=\"width: 23.5109%; height: 24px; text-align: center;\">Uso<\/td>\n<td style=\"width: 35.7961%; height: 24px; text-align: center;\">Lot\u00e3o\/Funda\u00e7\u00e3o\/creme, etc.<\/td>\n<\/tr>\n<tr style=\"height: 24px;\">\n<td style=\"width: 23.5109%; height: 24px; text-align: center;\">MOQ<\/td>\n<td style=\"width: 35.7961%; height: 24px; text-align: center;\">1000pcs;<\/td>\n<\/tr>\n<\/tbody>\n<\/table>\n<table style=\"border-collapse: collapse; width: 100%; height: 192px;\">\n<tbody>\n<tr style=\"height: 24px;\">\n<td style=\"width: 12.7434%; text-align: center; height: 24px;\"><strong>Capacidade<\/strong><\/td>\n<td style=\"width: 12.5142%; text-align: center; height: 24px;\"><strong>Altura total<\/strong><\/td>\n<td style=\"width: 12.5002%; text-align: center; height: 24px;\"><strong>Di\u00e2metro inferior<\/strong><\/td>\n<td style=\"width: 13.1192%; text-align: center; height: 24px;\"><strong>Altura imprim\u00edvel<\/strong><\/td>\n<\/tr>\n<tr style=\"height: 24px;\">\n<td style=\"width: 12.7434%; text-align: center; height: 24px;\">50g<\/td>\n<td style=\"width: 12.5142%; text-align: center; height: 24px;\">51mm<\/td>\n<td style=\"width: 12.5002%; text-align: center; height: 24px;\">63 mm<\/td>\n<td style=\"width: 13.1192%; text-align: center; height: 24px;\">22mm<\/td>\n<\/tr>\n<tr style=\"height: 24px;\">\n<td style=\"width: 12.7434%; text-align: center; height: 24px;\">30ml<\/td>\n<td style=\"width: 12.5142%; text-align: center; height: 24px;\">81mm<\/td>\n<td style=\"width: 12.5002%; text-align: center; height: 24px;\">46mm<\/td>\n<td style=\"width: 13.1192%; text-align: center; height: 24px;\">28mm<\/td>\n<\/tr>\n<tr style=\"height: 24px;\">\n<td style=\"width: 12.7434%; text-align: center; height: 24px;\">50ml<\/td>\n<td style=\"width: 12.5142%; text-align: center; height: 24px;\">100mm<\/td>\n<td style=\"width: 12.5002%; text-align: center; height: 24px;\">46mm<\/td>\n<td style=\"width: 13.1192%; text-align: center; height: 24px;\">47 mm<\/td>\n<\/tr>\n<tr style=\"height: 24px;\">\n<td style=\"width: 12.7434%; text-align: center; height: 24px;\">100ml<\/td>\n<td style=\"width: 12.5142%; text-align: center; height: 24px;\">146mm<\/td>\n<td style=\"width: 12.5002%; text-align: center; height: 24px;\">47 mm<\/td>\n<td style=\"width: 13.1192%; text-align: center; height: 24px;\">94 mm<\/td>\n<\/tr>\n<tr style=\"height: 24px;\">\n<td style=\"width: 12.7434%; text-align: center; height: 24px;\">120ml<\/td>\n<td style=\"width: 12.5142%; text-align: center; height: 24px;\">155 mm<\/td>\n<td style=\"width: 12.5002%; text-align: center; height: 24px;\">47 mm<\/td>\n<td style=\"width: 13.1192%; text-align: center; height: 24px;\">102 mm<\/td>\n<\/tr>\n<\/tbody>\n<\/table>\n<p>Este \u00e9 um conjunto de garrafas cosm\u00e9ticas de canto quadrado, especialmente projetado para encaixo de pele e embalagem de maquilhagem. O corpo da garrafa de vidro apresenta uma elegante cor amarela gradiente, complementada por acess\u00f3rios brancos e de ouro (cap a\/cabe\u00e7a de bomba), criando um efeito visual moderno e alto.<\/p>\n<p>O conjunto quadrado e redondado de frascos est\u00e1 dispon\u00edvel em v\u00e1rios tamanhos, incluindo frascos de 50g de creme, 30ml, 50ml, 100ml e 120ml de lot\u00e3o. A garrafa \u00e9 projetada com um formato plano e redondo, e pintada em uma cor amarela gradiente. A impress\u00e3o de tela personalizada, o selo de ouro e outros processos tamb\u00e9m podem ser aplicados ao corpo da garrafa.<\/p>\n<p>A bomba de CD interior de ouro \u00e9 parejada com uma cobertura externa de eletroalum\u00ednio de ouro. A cor \u00e9 brilhante e mais harmoniosa com o esquema de cores amarelas da garrafa. A boca de garrafa com fios torna o processo de preenchimento mais conveniente. A cabe\u00e7a da bomba pode desenhar exatamente o l\u00edquido. Voc\u00ea pode pegar exatamente a quantidade que precisa, sem qualquer polui\u00e7\u00e3o.<\/p>\n<p class=\"ai-center-markdown-p\">Esse tipo de s\u00e9rie Skincare Set, com estilo quadrado e redondado frasco de vidro de esquina, variando de 30 ml a 120ml, frasco de 50g. Essas garrafas s\u00e3o projetadas com uma base espessada para maior durabilidade e uma est\u00e9tica modern a. O corpo da garrafa mostra uma cor amarela gradiente, adicionando um toque de eleg\u00e2ncia aos produtos da pele. . Os acess\u00f3rios est\u00e3o dispon\u00edveis em op\u00e7\u00f5es de branco e ouro, perfeitos para lot\u00f5es, funda\u00e7\u00f5es l\u00edquidas e cremas. Este conjunto oferece aplica\u00e7\u00e3o vers\u00e1til para suas necessidades de corte de pele.<\/p>\n<p class=\"ai-center-markdown-p\" data-spm-anchor-id=\"a2747.product_manager.0.i25.b13471d25n1Drz\">N\u00f3s tamb\u00e9m oferecemos v\u00e1rias op\u00e7\u00f5es de personaliza\u00e7\u00e3o: impress\u00e3o de tela de seda, selagem quente, congela\u00e7\u00e3o, pulveriza\u00e7\u00e3o e eletroplatagem. Estilos de produtos semelhantes est\u00e3o dispon\u00edveis em armazenamento, perfeitos para lot\u00f5es, funda\u00e7\u00f5es l\u00edquidas e cremas. Este conjunto oferece aplica\u00e7\u00e3o vers\u00e1til para suas necessidades de corte de pele.<\/p>\n<table style=\"border-collapse: collapse; width: 100%;\">\n<tbody>\n<tr>\n<td style=\"width: 33.3333%;\"><img decoding=\"async\" class=\"alignnone size-full wp-image-3854\" src=\"https:\/\/www.cosmepak.com\/wp-content\/uploads\/2025\/04\/9-4.jpg\" alt=\"\" width=\"1000\" height=\"1000\" srcset=\"https:\/\/www.cosmepak.com\/wp-content\/uploads\/2025\/04\/9-4.jpg 1000w, https:\/\/www.cosmepak.com\/wp-content\/uploads\/2025\/04\/9-4-300x300.jpg 300w, https:\/\/www.cosmepak.com\/wp-content\/uploads\/2025\/04\/9-4-150x150.jpg 150w, https:\/\/www.cosmepak.com\/wp-content\/uploads\/2025\/04\/9-4-768x768.jpg 768w, https:\/\/www.cosmepak.com\/wp-content\/uploads\/2025\/04\/9-4-12x12.jpg 12w, https:\/\/www.cosmepak.com\/wp-content\/uploads\/2025\/04\/9-4-600x600.jpg 600w, https:\/\/www.cosmepak.com\/wp-content\/uploads\/2025\/04\/9-4-100x100.jpg 100w\" sizes=\"(max-width: 1000px) 100vw, 1000px\" \/><\/td>\n<td style=\"width: 33.3333%;\"><img decoding=\"async\" class=\"alignnone size-full wp-image-3855\" src=\"https:\/\/www.cosmepak.com\/wp-content\/uploads\/2025\/04\/8-5.jpg\" alt=\"\" width=\"800\" height=\"800\" srcset=\"https:\/\/www.cosmepak.com\/wp-content\/uploads\/2025\/04\/8-5.jpg 800w, https:\/\/www.cosmepak.com\/wp-content\/uploads\/2025\/04\/8-5-300x300.jpg 300w, https:\/\/www.cosmepak.com\/wp-content\/uploads\/2025\/04\/8-5-150x150.jpg 150w, https:\/\/www.cosmepak.com\/wp-content\/uploads\/2025\/04\/8-5-768x768.jpg 768w, https:\/\/www.cosmepak.com\/wp-content\/uploads\/2025\/04\/8-5-12x12.jpg 12w, https:\/\/www.cosmepak.com\/wp-content\/uploads\/2025\/04\/8-5-600x600.jpg 600w, https:\/\/www.cosmepak.com\/wp-content\/uploads\/2025\/04\/8-5-100x100.jpg 100w\" sizes=\"(max-width: 800px) 100vw, 800px\" \/><\/td>\n<td style=\"width: 33.3333%;\"><img loading=\"lazy\" decoding=\"async\" class=\"alignnone size-full wp-image-3856\" src=\"https:\/\/www.cosmepak.com\/wp-content\/uploads\/2025\/04\/10-4.jpg\" alt=\"\" width=\"800\" height=\"800\" srcset=\"https:\/\/www.cosmepak.com\/wp-content\/uploads\/2025\/04\/10-4.jpg 800w, https:\/\/www.cosmepak.com\/wp-content\/uploads\/2025\/04\/10-4-300x300.jpg 300w, https:\/\/www.cosmepak.com\/wp-content\/uploads\/2025\/04\/10-4-150x150.jpg 150w, https:\/\/www.cosmepak.com\/wp-content\/uploads\/2025\/04\/10-4-768x768.jpg 768w, https:\/\/www.cosmepak.com\/wp-content\/uploads\/2025\/04\/10-4-12x12.jpg 12w, https:\/\/www.cosmepak.com\/wp-content\/uploads\/2025\/04\/10-4-600x600.jpg 600w, https:\/\/www.cosmepak.com\/wp-content\/uploads\/2025\/04\/10-4-100x100.jpg 100w\" sizes=\"(max-width: 800px) 100vw, 800px\" \/><\/td>\n<\/tr>\n<\/tbody>\n<\/table>\n<table style=\"border-collapse: collapse; width: 100%;\">\n<tbody>\n<tr>\n<td style=\"width: 50%;\"><img loading=\"lazy\" decoding=\"async\" class=\"alignnone size-full wp-image-3857\" src=\"https:\/\/www.cosmepak.com\/wp-content\/uploads\/2025\/04\/3-11.jpg\" alt=\"\" width=\"614\" height=\"613\" srcset=\"https:\/\/www.cosmepak.com\/wp-content\/uploads\/2025\/04\/3-11.jpg 614w, https:\/\/www.cosmepak.com\/wp-content\/uploads\/2025\/04\/3-11-300x300.jpg 300w, https:\/\/www.cosmepak.com\/wp-content\/uploads\/2025\/04\/3-11-150x150.jpg 150w, https:\/\/www.cosmepak.com\/wp-content\/uploads\/2025\/04\/3-11-12x12.jpg 12w, https:\/\/www.cosmepak.com\/wp-content\/uploads\/2025\/04\/3-11-600x599.jpg 600w, https:\/\/www.cosmepak.com\/wp-content\/uploads\/2025\/04\/3-11-100x100.jpg 100w\" sizes=\"(max-width: 614px) 100vw, 614px\" \/><\/td>\n<td style=\"width: 50%;\"><img loading=\"lazy\" decoding=\"async\" class=\"alignnone size-full wp-image-3858\" src=\"https:\/\/www.cosmepak.com\/wp-content\/uploads\/2025\/04\/6-8.jpg\" alt=\"\" width=\"1000\" height=\"1000\" srcset=\"https:\/\/www.cosmepak.com\/wp-content\/uploads\/2025\/04\/6-8.jpg 1000w, https:\/\/www.cosmepak.com\/wp-content\/uploads\/2025\/04\/6-8-300x300.jpg 300w, https:\/\/www.cosmepak.com\/wp-content\/uploads\/2025\/04\/6-8-150x150.jpg 150w, https:\/\/www.cosmepak.com\/wp-content\/uploads\/2025\/04\/6-8-768x768.jpg 768w, https:\/\/www.cosmepak.com\/wp-content\/uploads\/2025\/04\/6-8-12x12.jpg 12w, https:\/\/www.cosmepak.com\/wp-content\/uploads\/2025\/04\/6-8-600x600.jpg 600w, https:\/\/www.cosmepak.com\/wp-content\/uploads\/2025\/04\/6-8-100x100.jpg 100w\" sizes=\"(max-width: 1000px) 100vw, 1000px\" \/><\/td>\n<\/tr>\n<\/tbody>\n<\/table>","protected":false},"excerpt":{"rendered":"<p>Material: vidro<\/p>\n<p>Capacidade: 30ml\/50ml\/100ml\/120ml\/50g<\/p>\n<p>Cor: Aceite personalizado (qualquer cor Pantone dispon\u00edvel)<\/p>\n<p>Acabamento de superf\u00edcie: impress\u00e3o de tela, estampagem a quente, gradiente de pulveriza\u00e7\u00e3o, acabamento fosco, etc.<\/p>\n<p>MOQ: 1000pcs\/10000pcs personalizados<\/p>\n<p>Amostra: amostras gratuitas dispon\u00edveis<\/p>\n<p>&nbsp;<\/p>\n<p>&nbsp;<\/p>","protected":false},"featured_media":1782,"comment_status":"closed","ping_status":"closed","template":"","meta":{"_acf_changed":false},"product_brand":[],"product_cat":[19,46],"product_tag":[61],"class_list":{"0":"post-1810","1":"product","2":"type-product","3":"status-publish","4":"has-post-thumbnail","6":"product_cat-skincare-glass-bottle","7":"product_cat-skincare-product-set-package","8":"product_tag-skincare-product-set","10":"first","11":"instock","12":"shipping-taxable","13":"product-type-simple"},"acf":[],"_links":{"self":[{"href":"https:\/\/www.cosmepak.com\/pt\/wp-json\/wp\/v2\/product\/1810","targetHints":{"allow":["GET"]}}],"collection":[{"href":"https:\/\/www.cosmepak.com\/pt\/wp-json\/wp\/v2\/product"}],"about":[{"href":"https:\/\/www.cosmepak.com\/pt\/wp-json\/wp\/v2\/types\/product"}],"replies":[{"embeddable":true,"href":"https:\/\/www.cosmepak.com\/pt\/wp-json\/wp\/v2\/comments?post=1810"}],"wp:featuredmedia":[{"embeddable":true,"href":"https:\/\/www.cosmepak.com\/pt\/wp-json\/wp\/v2\/media\/1782"}],"wp:attachment":[{"href":"https:\/\/www.cosmepak.com\/pt\/wp-json\/wp\/v2\/media?parent=1810"}],"wp:term":[{"taxonomy":"product_brand","embeddable":true,"href":"https:\/\/www.cosmepak.com\/pt\/wp-json\/wp\/v2\/product_brand?post=1810"},{"taxonomy":"product_cat","embeddable":true,"href":"https:\/\/www.cosmepak.com\/pt\/wp-json\/wp\/v2\/product_cat?post=1810"},{"taxonomy":"product_tag","embeddable":true,"href":"https:\/\/www.cosmepak.com\/pt\/wp-json\/wp\/v2\/product_tag?post=1810"}],"curies":[{"name":"wp","href":"https:\/\/api.w.org\/{rel}","templated":true}]}}