{"id":1819,"date":"2025-04-14T11:14:29","date_gmt":"2025-04-14T03:14:29","guid":{"rendered":"https:\/\/www.cosmepak.com\/?post_type=product&#038;p=1819"},"modified":"2025-11-27T13:27:09","modified_gmt":"2025-11-27T05:27:09","slug":"15ml-100ml-as-vacuum-bottles-for-cosmetic-packaging-jaunce","status":"publish","type":"product","link":"https:\/\/www.cosmepak.com\/pt\/product\/15ml-100ml-as-vacuum-bottles-for-cosmetic-packaging-jaunce\/","title":{"rendered":"15 ml-100 ml de frascos de vac\u00edo AS para embalagens cosm\u00e9ticas\/Jaunce"},"content":{"rendered":"<table style=\"border-collapse: collapse; width: 100%; height: 216px;\">\n<tbody>\n<tr style=\"height: 24px;\">\n<td style=\"width: 40.6929%; height: 216px;\" rowspan=\"9\"><img fetchpriority=\"high\" decoding=\"async\" class=\"alignnone size-full wp-image-1821\" src=\"https:\/\/www.cosmepak.com\/wp-content\/uploads\/2025\/04\/O1CN01B8l6If1nx2QPOhAuA_1777995155-0-cib.jpg\" alt=\"garrafas de v\u00e1cuo\" width=\"800\" height=\"800\" srcset=\"https:\/\/www.cosmepak.com\/wp-content\/uploads\/2025\/04\/O1CN01B8l6If1nx2QPOhAuA_1777995155-0-cib.jpg 800w, https:\/\/www.cosmepak.com\/wp-content\/uploads\/2025\/04\/O1CN01B8l6If1nx2QPOhAuA_1777995155-0-cib-300x300.jpg 300w, https:\/\/www.cosmepak.com\/wp-content\/uploads\/2025\/04\/O1CN01B8l6If1nx2QPOhAuA_1777995155-0-cib-150x150.jpg 150w, https:\/\/www.cosmepak.com\/wp-content\/uploads\/2025\/04\/O1CN01B8l6If1nx2QPOhAuA_1777995155-0-cib-768x768.jpg 768w, https:\/\/www.cosmepak.com\/wp-content\/uploads\/2025\/04\/O1CN01B8l6If1nx2QPOhAuA_1777995155-0-cib-12x12.jpg 12w, https:\/\/www.cosmepak.com\/wp-content\/uploads\/2025\/04\/O1CN01B8l6If1nx2QPOhAuA_1777995155-0-cib-600x600.jpg 600w, https:\/\/www.cosmepak.com\/wp-content\/uploads\/2025\/04\/O1CN01B8l6If1nx2QPOhAuA_1777995155-0-cib-100x100.jpg 100w\" sizes=\"(max-width: 800px) 100vw, 800px\" \/><\/td>\n<td style=\"width: 23.5109%; height: 24px; text-align: center;\">Marca<\/td>\n<td style=\"width: 35.7961%; height: 24px; text-align: center;\">\u00a0Jaunce<\/td>\n<\/tr>\n<tr style=\"height: 24px;\">\n<td style=\"width: 23.5109%; height: 24px; text-align: center;\">Capacidade<\/td>\n<td style=\"width: 35.7961%; height: 24px; text-align: center;\">15ml\/30ml\/50ml\/80ml\/100ml<\/td>\n<\/tr>\n<tr style=\"height: 24px;\">\n<td style=\"width: 23.5109%; height: 24px; text-align: center;\">Forma<\/td>\n<td style=\"width: 35.7961%; height: 24px; text-align: center;\">Redondo<\/td>\n<\/tr>\n<tr style=\"height: 24px;\">\n<td style=\"width: 23.5109%; height: 24px; text-align: center;\">Material<\/td>\n<td style=\"width: 35.7961%; height: 24px; text-align: center;\">Como garrafa+tampa;<\/td>\n<\/tr>\n<tr style=\"height: 24px;\">\n<td style=\"width: 23.5109%; height: 24px; text-align: center;\">Modelo<\/td>\n<td style=\"width: 35.7961%; height: 24px; text-align: center;\">JH-LWA12<\/td>\n<\/tr>\n<tr style=\"height: 24px;\">\n<td style=\"width: 23.5109%; height: 24px; text-align: center;\">OEM\/ODM<\/td>\n<td style=\"width: 35.7961%; height: 24px; text-align: center;\">Aceitar<\/td>\n<\/tr>\n<tr style=\"height: 24px;\">\n<td style=\"width: 23.5109%; height: 24px; text-align: center;\">Cor<\/td>\n<td style=\"width: 35.7961%; height: 24px; text-align: center;\">Qualquer cor de parte personalizada<\/td>\n<\/tr>\n<tr style=\"height: 24px;\">\n<td style=\"width: 23.5109%; height: 24px; text-align: center;\">Uso<\/td>\n<td style=\"width: 35.7961%; height: 24px; text-align: center;\">Lot\u00e3o\/Funda\u00e7\u00e3o\/creme, etc.<\/td>\n<\/tr>\n<tr style=\"height: 24px;\">\n<td style=\"width: 23.5109%; height: 24px; text-align: center;\">MOQ<\/td>\n<td style=\"width: 35.7961%; height: 24px; text-align: center;\">10000pcs<\/td>\n<\/tr>\n<\/tbody>\n<\/table>\n<p>&nbsp;<\/p>\n<table style=\"border-collapse: collapse; width: 100%; height: 192px;\">\n<tbody>\n<tr style=\"height: 24px;\">\n<td style=\"width: 12.7434%; text-align: center; height: 24px;\"><strong>Capacidade<\/strong><\/td>\n<td style=\"width: 12.5142%; text-align: center; height: 24px;\"><strong>Altura total<\/strong><\/td>\n<td style=\"width: 12.5002%; text-align: center; height: 24px;\"><strong>Di\u00e2metro inferior<\/strong><\/td>\n<\/tr>\n<tr style=\"height: 24px;\">\n<td style=\"width: 12.7434%; text-align: center; height: 24px;\">15ml<\/td>\n<td style=\"width: 12.5142%; text-align: center; height: 24px;\">99mm<\/td>\n<td style=\"width: 12.5002%; text-align: center; height: 24px;\">33mm<\/td>\n<\/tr>\n<tr style=\"height: 24px;\">\n<td style=\"width: 12.7434%; text-align: center; height: 24px;\">30ml<\/td>\n<td style=\"width: 12.5142%; text-align: center; height: 24px;\">118 mm<\/td>\n<td style=\"width: 12.5002%; text-align: center; height: 24px;\">33mm<\/td>\n<\/tr>\n<tr style=\"height: 24px;\">\n<td style=\"width: 12.7434%; text-align: center; height: 24px;\">50ml<\/td>\n<td style=\"width: 12.5142%; text-align: center; height: 24px;\">151mm<\/td>\n<td style=\"width: 12.5002%; text-align: center; height: 24px;\">33mm<\/td>\n<\/tr>\n<tr style=\"height: 24px;\">\n<td style=\"width: 12.7434%; text-align: center; height: 24px;\">80ml<\/td>\n<td style=\"width: 12.5142%; text-align: center; height: 24px;\">157 mm<\/td>\n<td style=\"width: 12.5002%; text-align: center; height: 24px;\">41mm<\/td>\n<\/tr>\n<tr style=\"height: 24px;\">\n<td style=\"width: 12.7434%; text-align: center; height: 24px;\">100ml<\/td>\n<td style=\"width: 12.5142%; text-align: center; height: 24px;\">178mm<\/td>\n<td style=\"width: 12.5002%; text-align: center; height: 24px;\">41mm<\/td>\n<\/tr>\n<\/tbody>\n<\/table>\n<div>Essa garrafa de bomba sem ar integrando tecnologia avan\u00e7ada de v\u00e1cuo com materiais duradouros, essas garrafas preservam efetivamente a qualidade de v\u00e1rios cosm\u00e9ticos. O design do tipo de screw assegura um selo seguro e aperto entre a tampa e o corpo da garrafa, impedendo o ar externo e a umidade entrarem, al\u00e9m de mitigar o vazamento durante o transporte ou uso. Este design pensado n\u00e3o s\u00f3 aumenta a confiabilidade da embalagem, mas tamb\u00e9m proporciona aos usu\u00e1rios uma experi\u00eancia de abertura e fechamento suave e conveniente. Constru\u00eddo a partir de materiais prim\u00e1rios, o corpo da garrafa \u00e9 feito de resina AS (Acrylonitrile Styrene), que oferece excelente transpar\u00eancia, resist\u00eancia ao impacto e estabilidade qu\u00edmica. O material de AS transparente permite aos consumidores observar claramente o produto&#8217; s cor, textura e quantidade restante.<\/div>\n<div>\n<div data-page-id=\"DUINfxuyDdKZYbcilYocgDaNnOc\" data-lark-html-role=\"root\" data-docx-has-block-data=\"false\">\n<div class=\"ace-line ace-line old-record-id-GW1DftJy7d6U3vcG5tdcwWXjnec\">\n<p>A tampa e a bomba s\u00e3o feitas de PP de alta qualidade (Polipropileno), conhecidos por serem ligeiros, n\u00e3o t\u00f3xicos e sem BPA; Isso assegura contato seguro com formula\u00e7\u00f5es cosm\u00e9ticas. Al\u00e9m disso, a bomba PP fabricada com precis\u00e3o fornece uma dispens\u00e3o consistente e suave ao mesmo tempo que minimiza os res\u00edduos causados por produ\u00e7\u00e3o excessiva ou desigual.<br \/>\nCom uma ampla gama de op\u00e7\u00f5es de capacidade \u2013 15ml, 30ml, 50ml, 80ml e 100ml \u2013 essas garrafas atendem \u00e0s diversas necessidades de embalagem cosm\u00e9tica. Os tamanhos de 15 ml e 30 ml s\u00e3o ideales para ser\u00f5es, ess\u00eancias ou cremas oculares \u2013 perfeitos para viagens ou conjuntos de ensaios; Considerando que as op\u00e7\u00f5es de 50 ml e 80 ml acomodam lot\u00f5es, \u00f3leos faciais ou s\u00e9reos corporais destinados a uso di\u00e1rio regular; Finalmente, o tamanho de 100ml \u00e9 bem adequado para produtos de volume maior, como lot\u00f5es corporais ou ser\u00f5es de cabelo. Essa combina\u00e7\u00e3o abrangente de capacidades torna essas garrafas adequadas em v\u00e1rias categorias cosm\u00e9ticas ao mesmo tempo que satisfazem requisitos distintos de embalagem em diferentes linhas de produtos<\/p>\n<p>O corpo da garrafa est\u00e1 padr\u00e3o equipado com material claro e transparente. A textura transparente apresenta diretamente o estado original do produto, mostrando plenamente a beleza da natureza e da pureza. Para marcas que perseguem express\u00e3o visual diferenciada, oferecemos um servi\u00e7o de personaliza\u00e7\u00e3o dimensional completo &#8211; - apoiando a correspond\u00eancia precisa de qualquer n\u00famero de cores Pantone, que pode replicar completamente a marca&#8217; os tons de sinaliza\u00e7\u00e3o no corpo e tampa da garrafa, atingindo um alto grau de unidade entre a imagem visual e o tom da marca. Existem m\u00faltiplos processos de tratamento de superf\u00edcie de alto n\u00edvel a escolher: impress\u00e3o de tela reproduz claramente logos de marca e informa\u00e7\u00e3o de produto, processo de ouro destaca textura luxuosa, pulveriza\u00e7\u00e3o gradiente cria um senso de camada de beleza, e tratamento de mat\u00e9 transmite um estilo de baixa chave e alto n\u00edvel. atrav\u00e9s da combina\u00e7\u00e3o de processos diversos, as marcas podem livremente incorporar designs criativos, melhorar o reconhecimento das marcas, e fazer as embalagens destacar nas prateleiras, capturando instantaneamente os consumidores&#8217; aten\u00e7\u00e3o.<\/p>\n<p>Para dar mais confian\u00e7a \u00e0s decis\u00f5es de marca, oferecemos especialmente um servi\u00e7o de ensaio de amostras gratuito: Antes de colocar uma grande ordem, os clientes podem testar compreensivamente a qualidade do corpo da garrafa, o desempenho de selagem e a compatibilidade com a f\u00f3rmula cosm\u00e9tica para assegurar que a embalagem seja completamente alinhada com a posi\u00e7\u00e3o do produto em termos de seguran\u00e7a e pr\u00e1tica.<\/p>\n<p>\u00c9 uma escolha ideal de embalagem para marcas cosm\u00e9ticas que perseguem qualidade profissional e tono de alto n\u00edvel.<\/p>\n<\/div>\n<\/div>\n<\/div>\n<div><\/div>\n<div>\n<table style=\"border-collapse: collapse; width: 100%; height: 48px;\">\n<tbody>\n<tr style=\"height: 24px;\">\n<td style=\"width: 50%; height: 24px;\"><img decoding=\"async\" class=\"alignnone wp-image-3515\" src=\"https:\/\/www.cosmepak.com\/wp-content\/uploads\/2025\/04\/O1CN01QxZquH1nx2QRqfhLo_1777995155-0-cib.jpg\" alt=\"\" width=\"800\" height=\"800\" srcset=\"https:\/\/www.cosmepak.com\/wp-content\/uploads\/2025\/04\/O1CN01QxZquH1nx2QRqfhLo_1777995155-0-cib.jpg 750w, https:\/\/www.cosmepak.com\/wp-content\/uploads\/2025\/04\/O1CN01QxZquH1nx2QRqfhLo_1777995155-0-cib-300x300.jpg 300w, https:\/\/www.cosmepak.com\/wp-content\/uploads\/2025\/04\/O1CN01QxZquH1nx2QRqfhLo_1777995155-0-cib-150x150.jpg 150w, https:\/\/www.cosmepak.com\/wp-content\/uploads\/2025\/04\/O1CN01QxZquH1nx2QRqfhLo_1777995155-0-cib-12x12.jpg 12w, https:\/\/www.cosmepak.com\/wp-content\/uploads\/2025\/04\/O1CN01QxZquH1nx2QRqfhLo_1777995155-0-cib-600x600.jpg 600w, https:\/\/www.cosmepak.com\/wp-content\/uploads\/2025\/04\/O1CN01QxZquH1nx2QRqfhLo_1777995155-0-cib-100x100.jpg 100w\" sizes=\"(max-width: 800px) 100vw, 800px\" \/><\/td>\n<td style=\"width: 50%; height: 24px;\"><img decoding=\"async\" class=\"alignnone wp-image-3516\" src=\"https:\/\/www.cosmepak.com\/wp-content\/uploads\/2025\/04\/O1CN01614Yoc1nx2QNwUSty_1777995155-0-cib.jpg\" alt=\"\" width=\"800\" height=\"800\" srcset=\"https:\/\/www.cosmepak.com\/wp-content\/uploads\/2025\/04\/O1CN01614Yoc1nx2QNwUSty_1777995155-0-cib.jpg 708w, https:\/\/www.cosmepak.com\/wp-content\/uploads\/2025\/04\/O1CN01614Yoc1nx2QNwUSty_1777995155-0-cib-300x300.jpg 300w, https:\/\/www.cosmepak.com\/wp-content\/uploads\/2025\/04\/O1CN01614Yoc1nx2QNwUSty_1777995155-0-cib-150x150.jpg 150w, https:\/\/www.cosmepak.com\/wp-content\/uploads\/2025\/04\/O1CN01614Yoc1nx2QNwUSty_1777995155-0-cib-12x12.jpg 12w, https:\/\/www.cosmepak.com\/wp-content\/uploads\/2025\/04\/O1CN01614Yoc1nx2QNwUSty_1777995155-0-cib-600x600.jpg 600w, https:\/\/www.cosmepak.com\/wp-content\/uploads\/2025\/04\/O1CN01614Yoc1nx2QNwUSty_1777995155-0-cib-100x100.jpg 100w\" sizes=\"(max-width: 800px) 100vw, 800px\" \/><\/td>\n<\/tr>\n<tr style=\"height: 24px;\">\n<td style=\"width: 50%; height: 24px;\"><img loading=\"lazy\" decoding=\"async\" class=\"alignnone wp-image-3517\" src=\"https:\/\/www.cosmepak.com\/wp-content\/uploads\/2025\/04\/O1CN01CaTmRx1nx2QF0RGiD_1777995155-0-cib.jpg\" alt=\"\" width=\"800\" height=\"800\" srcset=\"https:\/\/www.cosmepak.com\/wp-content\/uploads\/2025\/04\/O1CN01CaTmRx1nx2QF0RGiD_1777995155-0-cib.jpg 622w, https:\/\/www.cosmepak.com\/wp-content\/uploads\/2025\/04\/O1CN01CaTmRx1nx2QF0RGiD_1777995155-0-cib-300x300.jpg 300w, https:\/\/www.cosmepak.com\/wp-content\/uploads\/2025\/04\/O1CN01CaTmRx1nx2QF0RGiD_1777995155-0-cib-150x150.jpg 150w, https:\/\/www.cosmepak.com\/wp-content\/uploads\/2025\/04\/O1CN01CaTmRx1nx2QF0RGiD_1777995155-0-cib-12x12.jpg 12w, https:\/\/www.cosmepak.com\/wp-content\/uploads\/2025\/04\/O1CN01CaTmRx1nx2QF0RGiD_1777995155-0-cib-600x600.jpg 600w, https:\/\/www.cosmepak.com\/wp-content\/uploads\/2025\/04\/O1CN01CaTmRx1nx2QF0RGiD_1777995155-0-cib-100x100.jpg 100w\" sizes=\"(max-width: 800px) 100vw, 800px\" \/><\/td>\n<td style=\"width: 50%; height: 24px;\"><img loading=\"lazy\" decoding=\"async\" class=\"alignnone wp-image-3518\" src=\"https:\/\/www.cosmepak.com\/wp-content\/uploads\/2025\/04\/O1CN01CaTmRx1nx2QF0RGiD_1777995155-0-cib-1.jpg\" alt=\"\" width=\"800\" height=\"800\" srcset=\"https:\/\/www.cosmepak.com\/wp-content\/uploads\/2025\/04\/O1CN01CaTmRx1nx2QF0RGiD_1777995155-0-cib-1.jpg 658w, https:\/\/www.cosmepak.com\/wp-content\/uploads\/2025\/04\/O1CN01CaTmRx1nx2QF0RGiD_1777995155-0-cib-1-300x300.jpg 300w, https:\/\/www.cosmepak.com\/wp-content\/uploads\/2025\/04\/O1CN01CaTmRx1nx2QF0RGiD_1777995155-0-cib-1-150x150.jpg 150w, https:\/\/www.cosmepak.com\/wp-content\/uploads\/2025\/04\/O1CN01CaTmRx1nx2QF0RGiD_1777995155-0-cib-1-12x12.jpg 12w, https:\/\/www.cosmepak.com\/wp-content\/uploads\/2025\/04\/O1CN01CaTmRx1nx2QF0RGiD_1777995155-0-cib-1-600x600.jpg 600w, https:\/\/www.cosmepak.com\/wp-content\/uploads\/2025\/04\/O1CN01CaTmRx1nx2QF0RGiD_1777995155-0-cib-1-100x100.jpg 100w\" sizes=\"(max-width: 800px) 100vw, 800px\" \/><\/td>\n<\/tr>\n<\/tbody>\n<\/table>\n<\/div>","protected":false},"excerpt":{"rendered":"<p>Garrafas de v\u00e1cuo sem ar<\/p>\n<p>Tipo: Tipo de parafuso<\/p>\n<p>Material de produto: AS Bottle\/Cap; - Pompa PP<\/p>\n<p>Capacidade: 15ml\/30ml\/50ml\/80ml\/100ml para escolher<\/p>\n<p>Cor: Cor clara transparente;<\/p>\n<p>Aceite personalizado (qualquer cor Pantone dispon\u00edvel)<\/p>\n<p>Acabamento de superf\u00edcie: impress\u00e3o de tela, estampagem a quente, gradiente de pulveriza\u00e7\u00e3o, acabamento fosco, etc.<\/p>\n<p>MOQ: 10000pcs<\/p>\n<p>Amostra: amostras gratuitas dispon\u00edveis<\/p>\n<p>&nbsp;<\/p>\n<p>&nbsp;<\/p>","protected":false},"featured_media":1827,"comment_status":"closed","ping_status":"closed","template":"","meta":{"_acf_changed":false},"product_brand":[],"product_cat":[35],"product_tag":[40],"class_list":{"0":"post-1819","1":"product","2":"type-product","3":"status-publish","4":"has-post-thumbnail","6":"product_cat-airless-bottle","7":"product_tag-essential-oil-bottle","9":"first","10":"instock","11":"shipping-taxable","12":"product-type-simple"},"acf":[],"_links":{"self":[{"href":"https:\/\/www.cosmepak.com\/pt\/wp-json\/wp\/v2\/product\/1819","targetHints":{"allow":["GET"]}}],"collection":[{"href":"https:\/\/www.cosmepak.com\/pt\/wp-json\/wp\/v2\/product"}],"about":[{"href":"https:\/\/www.cosmepak.com\/pt\/wp-json\/wp\/v2\/types\/product"}],"replies":[{"embeddable":true,"href":"https:\/\/www.cosmepak.com\/pt\/wp-json\/wp\/v2\/comments?post=1819"}],"wp:featuredmedia":[{"embeddable":true,"href":"https:\/\/www.cosmepak.com\/pt\/wp-json\/wp\/v2\/media\/1827"}],"wp:attachment":[{"href":"https:\/\/www.cosmepak.com\/pt\/wp-json\/wp\/v2\/media?parent=1819"}],"wp:term":[{"taxonomy":"product_brand","embeddable":true,"href":"https:\/\/www.cosmepak.com\/pt\/wp-json\/wp\/v2\/product_brand?post=1819"},{"taxonomy":"product_cat","embeddable":true,"href":"https:\/\/www.cosmepak.com\/pt\/wp-json\/wp\/v2\/product_cat?post=1819"},{"taxonomy":"product_tag","embeddable":true,"href":"https:\/\/www.cosmepak.com\/pt\/wp-json\/wp\/v2\/product_tag?post=1819"}],"curies":[{"name":"wp","href":"https:\/\/api.w.org\/{rel}","templated":true}]}}