{"id":1831,"date":"2025-04-14T13:28:09","date_gmt":"2025-04-14T05:28:09","guid":{"rendered":"https:\/\/www.cosmepak.com\/?post_type=product&#038;p=1831"},"modified":"2026-01-04T10:18:13","modified_gmt":"2026-01-04T02:18:13","slug":"cosmetic-serum-airless-bottle-jaunce","status":"publish","type":"product","link":"https:\/\/www.cosmepak.com\/pt\/product\/cosmetic-serum-airless-bottle-jaunce\/","title":{"rendered":"Cosm\u00e9tica Serum Airless Bottle\/Jaunce"},"content":{"rendered":"<table style=\"border-collapse: collapse; width: 100%; height: 216px;\">\n<tbody>\n<tr style=\"height: 24px;\">\n<td style=\"width: 40.6929%; height: 216px;\" rowspan=\"8\"><img fetchpriority=\"high\" decoding=\"async\" class=\"alignnone size-full wp-image-1832\" src=\"https:\/\/www.cosmepak.com\/wp-content\/uploads\/2025\/04\/22063505202_624076099.jpg\" alt=\"Botelas sem ar\u00a0\" width=\"1000\" height=\"1000\" srcset=\"https:\/\/www.cosmepak.com\/wp-content\/uploads\/2025\/04\/22063505202_624076099.jpg 1000w, https:\/\/www.cosmepak.com\/wp-content\/uploads\/2025\/04\/22063505202_624076099-300x300.jpg 300w, https:\/\/www.cosmepak.com\/wp-content\/uploads\/2025\/04\/22063505202_624076099-150x150.jpg 150w, https:\/\/www.cosmepak.com\/wp-content\/uploads\/2025\/04\/22063505202_624076099-768x768.jpg 768w, https:\/\/www.cosmepak.com\/wp-content\/uploads\/2025\/04\/22063505202_624076099-12x12.jpg 12w, https:\/\/www.cosmepak.com\/wp-content\/uploads\/2025\/04\/22063505202_624076099-600x600.jpg 600w, https:\/\/www.cosmepak.com\/wp-content\/uploads\/2025\/04\/22063505202_624076099-100x100.jpg 100w\" sizes=\"(max-width: 1000px) 100vw, 1000px\" \/><\/td>\n<td style=\"width: 23.5109%; height: 24px; text-align: center;\">Marca<\/td>\n<td style=\"width: 35.7961%; height: 24px; text-align: center;\">\u00a0Jaunce<\/td>\n<\/tr>\n<tr style=\"height: 24px;\">\n<td style=\"width: 23.5109%; height: 24px; text-align: center;\">Capacidade<\/td>\n<td style=\"width: 35.7961%; height: 24px; text-align: center;\">5 ml\/10 ml\/15 ml<\/td>\n<\/tr>\n<tr style=\"height: 24px;\">\n<td style=\"width: 23.5109%; height: 24px; text-align: center;\">Forma<\/td>\n<td style=\"width: 35.7961%; height: 24px; text-align: center;\">Redondo<\/td>\n<\/tr>\n<tr style=\"height: 24px;\">\n<td style=\"width: 23.5109%; height: 24px; text-align: center;\">Material<\/td>\n<td style=\"width: 35.7961%; height: 24px; text-align: center;\">Pp<\/td>\n<\/tr>\n<tr style=\"height: 24px;\">\n<td style=\"width: 23.5109%; height: 24px; text-align: center;\">Modelo<\/td>\n<td style=\"width: 35.7961%; height: 24px; text-align: center;\">JH-LWA08<\/td>\n<\/tr>\n<tr style=\"height: 24px;\">\n<td style=\"width: 23.5109%; height: 24px; text-align: center;\">OEM\/ODM<\/td>\n<td style=\"width: 35.7961%; height: 24px; text-align: center;\">Aceitar<\/td>\n<\/tr>\n<tr style=\"height: 24px;\">\n<td style=\"width: 23.5109%; height: 24px; text-align: center;\">Uso<\/td>\n<td style=\"width: 35.7961%; height: 24px; text-align: center;\">Lot\u00e3o\/Funda\u00e7\u00e3o\/creme, etc.<\/td>\n<\/tr>\n<tr style=\"height: 24px;\">\n<td style=\"width: 23.5109%; height: 24px; text-align: center;\">MOQ<\/td>\n<td style=\"width: 35.7961%; height: 24px; text-align: center;\">10000pcs<\/td>\n<\/tr>\n<\/tbody>\n<\/table>\n<p>&nbsp;<\/p>\n<table style=\"border-collapse: collapse; width: 100%; height: 192px;\">\n<tbody>\n<tr style=\"height: 24px;\">\n<td style=\"width: 7.10195%; text-align: center; height: 24px;\"><strong>Capacidade<\/strong><\/td>\n<td style=\"width: 5.48385%; text-align: center; height: 24px;\"><strong>Altura total<\/strong><\/td>\n<td style=\"width: 5.34076%; text-align: center;\"><strong>Altura da garrafa<\/strong><\/td>\n<td style=\"width: 4.99004%; text-align: center; height: 24px;\"><strong>Di\u00e2metro inferior<\/strong><\/td>\n<td style=\"width: 7.4206%; text-align: center;\"><strong>Altura imprim\u00edvel<\/strong><\/td>\n<td style=\"width: 7.4206%; text-align: center;\"><strong>Peso da garrafa<\/strong><\/td>\n<\/tr>\n<tr style=\"height: 24px;\">\n<td style=\"width: 7.10195%; text-align: center; height: 24px;\">5ml<\/td>\n<td style=\"width: 5.48385%; text-align: center; height: 24px;\">65 mm<\/td>\n<td style=\"width: 5.34076%; text-align: center;\">38 mm<\/td>\n<td style=\"width: 4.99004%; text-align: center; height: 24px;\">24.6mm<\/td>\n<td style=\"width: 7.4206%; text-align: center;\">27 mm<\/td>\n<td style=\"width: 7.4206%; text-align: center;\">4.5g<\/td>\n<\/tr>\n<tr style=\"height: 24px;\">\n<td style=\"width: 7.10195%; text-align: center; height: 24px;\">10ml<\/td>\n<td style=\"width: 5.48385%; text-align: center; height: 24px;\">77 mm<\/td>\n<td style=\"width: 5.34076%; text-align: center;\">50mm<\/td>\n<td style=\"width: 4.99004%; text-align: center; height: 24px;\">24.6mm<\/td>\n<td style=\"width: 7.4206%; text-align: center;\">38 mm<\/td>\n<td style=\"width: 7.4206%; text-align: center;\">6g<\/td>\n<\/tr>\n<tr style=\"height: 24px;\">\n<td style=\"width: 7.10195%; text-align: center; height: 24px;\">15ml<\/td>\n<td style=\"width: 5.48385%; text-align: center; height: 24px;\">92mm<\/td>\n<td style=\"width: 5.34076%; text-align: center;\">65 mm<\/td>\n<td style=\"width: 4.99004%; text-align: center; height: 24px;\">24.6mm<\/td>\n<td style=\"width: 7.4206%; text-align: center;\">52 mm<\/td>\n<td style=\"width: 7.4206%; text-align: center;\">7g<\/td>\n<\/tr>\n<\/tbody>\n<\/table>\n<p>Esta garrafa de ess\u00eancia de beleza sem ar (modelo: JH-LWA08) \u00e9 uma solu\u00e7\u00e3o de embalagem profissional especificamente projetada para l\u00edquidos de ess\u00eancia de alto valor. A garrafa \u00e9 feita de material PP de alta qualidade, com excelente estabilidade qu\u00edmica e durabilidade &#8211; pode resistir \u00e0 corros\u00e3o das f\u00f3rmulas l\u00edquidas de ess\u00eancia, n\u00e3o \u00e9 t\u00f3xica e livre de BPA &#8211; fornecendo um recipiente seguro e confi\u00e1vel para produtos de cuidado da pele.<\/p>\n<p>Esta garrafa oferece tr\u00eas capacidades pr\u00e1ticas para sele\u00e7\u00e3o &#8211; 5 ml, 10 ml e 15 ml, para satisfazer diferentes requisitos de uso. A capacidade de 5 ml \u00e9 adequada para amostras s\u00e9ricas, kit de ensaio ou para touch ups no in\u00edcio; Enquanto as capacidades de 10 ml e 15 ml s\u00e3o adequadas para uso di\u00e1rio, assegurando capacidade suficiente ao mesmo tempo que mant\u00e9m um tamanho compacto, alcan\u00e7ando o melhor equil\u00edbrio entre capacidade e compacto. A garrafa o tamanho do pesco\u00e7o \u00e9 de 30 ml, compat\u00edvel com componentes padr\u00e3o de bomba sem ar.<\/p>\n<p>O ponto central deste produto est\u00e1 no seu projeto de bomba sem ar: cria um ambiente interno selado que minimiza o contato entre o soro e o ar, prevenindo efetivamente oxida\u00e7\u00e3o, contamina\u00e7\u00e3o e degrada\u00e7\u00e3o de ingredientes ativos como vitaminas, pept\u00eddeos e \u00e1cido hialur\u00f4nico. Al\u00e9m disso, amostras gratuitas est\u00e3o dispon\u00edveis para clientes que desejam avaliar a compatibilidade da funcionalidade de qualidade com suas formula\u00e7\u00f5es s\u00e9ricas antes de colocar grandes ordens. Esse atento servi\u00e7o permite \u00e0s marcas tomar decis\u00f5es informadas ao mesmo tempo que asseguram que suas embalagens se alinham sem problemas com sua posi\u00e7\u00e3o de produto.<\/p>\n<table style=\"border-collapse: collapse; width: 100%;\">\n<tbody>\n<tr>\n<td style=\"width: 50%;\"><img decoding=\"async\" class=\"alignnone wp-image-3511\" src=\"https:\/\/www.cosmepak.com\/wp-content\/uploads\/2025\/04\/22063511779_624076099-2.jpg\" alt=\"\" width=\"800\" height=\"800\" srcset=\"https:\/\/www.cosmepak.com\/wp-content\/uploads\/2025\/04\/22063511779_624076099-2.jpg 711w, https:\/\/www.cosmepak.com\/wp-content\/uploads\/2025\/04\/22063511779_624076099-2-300x300.jpg 300w, https:\/\/www.cosmepak.com\/wp-content\/uploads\/2025\/04\/22063511779_624076099-2-150x150.jpg 150w, https:\/\/www.cosmepak.com\/wp-content\/uploads\/2025\/04\/22063511779_624076099-2-12x12.jpg 12w, https:\/\/www.cosmepak.com\/wp-content\/uploads\/2025\/04\/22063511779_624076099-2-600x600.jpg 600w, https:\/\/www.cosmepak.com\/wp-content\/uploads\/2025\/04\/22063511779_624076099-2-100x100.jpg 100w\" sizes=\"(max-width: 800px) 100vw, 800px\" \/><\/td>\n<td style=\"width: 50%;\"><img decoding=\"async\" class=\"alignnone wp-image-3512\" src=\"https:\/\/www.cosmepak.com\/wp-content\/uploads\/2025\/04\/21974737200_624076099.jpg\" alt=\"\" width=\"800\" height=\"800\" srcset=\"https:\/\/www.cosmepak.com\/wp-content\/uploads\/2025\/04\/21974737200_624076099.jpg 790w, https:\/\/www.cosmepak.com\/wp-content\/uploads\/2025\/04\/21974737200_624076099-300x300.jpg 300w, https:\/\/www.cosmepak.com\/wp-content\/uploads\/2025\/04\/21974737200_624076099-150x150.jpg 150w, https:\/\/www.cosmepak.com\/wp-content\/uploads\/2025\/04\/21974737200_624076099-768x768.jpg 768w, https:\/\/www.cosmepak.com\/wp-content\/uploads\/2025\/04\/21974737200_624076099-12x12.jpg 12w, https:\/\/www.cosmepak.com\/wp-content\/uploads\/2025\/04\/21974737200_624076099-600x600.jpg 600w, https:\/\/www.cosmepak.com\/wp-content\/uploads\/2025\/04\/21974737200_624076099-100x100.jpg 100w\" sizes=\"(max-width: 800px) 100vw, 800px\" \/><\/td>\n<\/tr>\n<tr>\n<td style=\"width: 50%;\"><img loading=\"lazy\" decoding=\"async\" class=\"alignnone wp-image-3514\" src=\"https:\/\/www.cosmepak.com\/wp-content\/uploads\/2025\/04\/21974743119_624076099-1.jpg\" alt=\"\" width=\"800\" height=\"801\" srcset=\"https:\/\/www.cosmepak.com\/wp-content\/uploads\/2025\/04\/21974743119_624076099-1.jpg 685w, https:\/\/www.cosmepak.com\/wp-content\/uploads\/2025\/04\/21974743119_624076099-1-300x300.jpg 300w, https:\/\/www.cosmepak.com\/wp-content\/uploads\/2025\/04\/21974743119_624076099-1-150x150.jpg 150w, https:\/\/www.cosmepak.com\/wp-content\/uploads\/2025\/04\/21974743119_624076099-1-12x12.jpg 12w, https:\/\/www.cosmepak.com\/wp-content\/uploads\/2025\/04\/21974743119_624076099-1-600x601.jpg 600w, https:\/\/www.cosmepak.com\/wp-content\/uploads\/2025\/04\/21974743119_624076099-1-100x100.jpg 100w\" sizes=\"(max-width: 800px) 100vw, 800px\" \/><\/td>\n<td style=\"width: 50%;\"><img loading=\"lazy\" decoding=\"async\" class=\"alignnone wp-image-3513\" src=\"https:\/\/www.cosmepak.com\/wp-content\/uploads\/2025\/04\/21895812487_624076099-1.jpg\" alt=\"\" width=\"800\" height=\"800\" srcset=\"https:\/\/www.cosmepak.com\/wp-content\/uploads\/2025\/04\/21895812487_624076099-1.jpg 700w, https:\/\/www.cosmepak.com\/wp-content\/uploads\/2025\/04\/21895812487_624076099-1-300x300.jpg 300w, https:\/\/www.cosmepak.com\/wp-content\/uploads\/2025\/04\/21895812487_624076099-1-150x150.jpg 150w, https:\/\/www.cosmepak.com\/wp-content\/uploads\/2025\/04\/21895812487_624076099-1-12x12.jpg 12w, https:\/\/www.cosmepak.com\/wp-content\/uploads\/2025\/04\/21895812487_624076099-1-600x600.jpg 600w, https:\/\/www.cosmepak.com\/wp-content\/uploads\/2025\/04\/21895812487_624076099-1-100x100.jpg 100w\" sizes=\"(max-width: 800px) 100vw, 800px\" \/><\/td>\n<\/tr>\n<\/tbody>\n<\/table>\n<p>&nbsp;<\/p>\n<p>&nbsp;<\/p>","protected":false},"excerpt":{"rendered":"<p>Garrafas sem ar sem ar<\/p>\n<p>Modelo: JH-LWA08<\/p>\n<p>Material do produto: pp<\/p>\n<p>Capacidade: 5ml\/10ml\/15ml para escolher<\/p>\n<p>Tamanho do pesco\u00e7o: 30 mm<\/p>\n<p>Bottle Single Weight: 12.1g\/13.5g\/14.7g<\/p>\n<p>Cor: Cor clara transparente;<\/p>\n<p>Aceite personalizado (qualquer cor Pantone dispon\u00edvel)<\/p>\n<p>Acabamento de superf\u00edcie: impress\u00e3o de tela, estampagem a quente, gradiente de pulveriza\u00e7\u00e3o, acabamento fosco, etc.<\/p>\n<p>MOQ: 10000pcs<\/p>\n<p>Amostra: amostras gratuitas dispon\u00edveis<\/p>\n<p>&nbsp;<\/p>\n<p>&nbsp;<\/p>","protected":false},"featured_media":1842,"comment_status":"closed","ping_status":"closed","template":"","meta":{"_acf_changed":false},"product_brand":[],"product_cat":[35],"product_tag":[40],"class_list":{"0":"post-1831","1":"product","2":"type-product","3":"status-publish","4":"has-post-thumbnail","6":"product_cat-airless-bottle","7":"product_tag-essential-oil-bottle","9":"first","10":"instock","11":"shipping-taxable","12":"product-type-simple"},"acf":[],"_links":{"self":[{"href":"https:\/\/www.cosmepak.com\/pt\/wp-json\/wp\/v2\/product\/1831","targetHints":{"allow":["GET"]}}],"collection":[{"href":"https:\/\/www.cosmepak.com\/pt\/wp-json\/wp\/v2\/product"}],"about":[{"href":"https:\/\/www.cosmepak.com\/pt\/wp-json\/wp\/v2\/types\/product"}],"replies":[{"embeddable":true,"href":"https:\/\/www.cosmepak.com\/pt\/wp-json\/wp\/v2\/comments?post=1831"}],"wp:featuredmedia":[{"embeddable":true,"href":"https:\/\/www.cosmepak.com\/pt\/wp-json\/wp\/v2\/media\/1842"}],"wp:attachment":[{"href":"https:\/\/www.cosmepak.com\/pt\/wp-json\/wp\/v2\/media?parent=1831"}],"wp:term":[{"taxonomy":"product_brand","embeddable":true,"href":"https:\/\/www.cosmepak.com\/pt\/wp-json\/wp\/v2\/product_brand?post=1831"},{"taxonomy":"product_cat","embeddable":true,"href":"https:\/\/www.cosmepak.com\/pt\/wp-json\/wp\/v2\/product_cat?post=1831"},{"taxonomy":"product_tag","embeddable":true,"href":"https:\/\/www.cosmepak.com\/pt\/wp-json\/wp\/v2\/product_tag?post=1831"}],"curies":[{"name":"wp","href":"https:\/\/api.w.org\/{rel}","templated":true}]}}