{"id":1848,"date":"2025-04-14T15:20:43","date_gmt":"2025-04-14T07:20:43","guid":{"rendered":"https:\/\/www.cosmepak.com\/?post_type=product&#038;p=1848"},"modified":"2025-11-27T13:20:35","modified_gmt":"2025-11-27T05:20:35","slug":"5ml-10ml-15ml-30ml-shouldered-emulsion-airless-bottle-jaunce","status":"publish","type":"product","link":"https:\/\/www.cosmepak.com\/pt\/product\/5ml-10ml-15ml-30ml-shouldered-emulsion-airless-bottle-jaunce\/","title":{"rendered":"5 ml 10 ml 15 ml 30 ml Emuls\u00e3o Escalada Flasco\/Jaunce"},"content":{"rendered":"<table style=\"border-collapse: collapse; width: 100%; height: 216px;\">\n<tbody>\n<tr style=\"height: 24px;\">\n<td style=\"width: 40.6929%; height: 216px;\" rowspan=\"8\"><img fetchpriority=\"high\" decoding=\"async\" class=\"alignnone size-full wp-image-1849\" src=\"https:\/\/www.cosmepak.com\/wp-content\/uploads\/2025\/04\/13565955228_624076099.jpg\" alt=\"Garrafas Airless\u00a0\" width=\"1000\" height=\"1000\" srcset=\"https:\/\/www.cosmepak.com\/wp-content\/uploads\/2025\/04\/13565955228_624076099.jpg 1000w, https:\/\/www.cosmepak.com\/wp-content\/uploads\/2025\/04\/13565955228_624076099-300x300.jpg 300w, https:\/\/www.cosmepak.com\/wp-content\/uploads\/2025\/04\/13565955228_624076099-150x150.jpg 150w, https:\/\/www.cosmepak.com\/wp-content\/uploads\/2025\/04\/13565955228_624076099-768x768.jpg 768w, https:\/\/www.cosmepak.com\/wp-content\/uploads\/2025\/04\/13565955228_624076099-12x12.jpg 12w, https:\/\/www.cosmepak.com\/wp-content\/uploads\/2025\/04\/13565955228_624076099-600x600.jpg 600w, https:\/\/www.cosmepak.com\/wp-content\/uploads\/2025\/04\/13565955228_624076099-100x100.jpg 100w\" sizes=\"(max-width: 1000px) 100vw, 1000px\" \/><\/td>\n<td style=\"width: 23.5109%; height: 24px; text-align: center;\">Marca<\/td>\n<td style=\"width: 35.7961%; height: 24px; text-align: center;\">\u00a0Jaunce<\/td>\n<\/tr>\n<tr style=\"height: 24px;\">\n<td style=\"width: 23.5109%; height: 24px; text-align: center;\">Capacidade<\/td>\n<td style=\"width: 35.7961%; height: 24px; text-align: center;\">5 ml\/10 ml\/15 ml\/30 ml<\/td>\n<\/tr>\n<tr style=\"height: 24px;\">\n<td style=\"width: 23.5109%; height: 24px; text-align: center;\">Forma<\/td>\n<td style=\"width: 35.7961%; height: 24px; text-align: center;\">Redondo<\/td>\n<\/tr>\n<tr style=\"height: 24px;\">\n<td style=\"width: 23.5109%; height: 24px; text-align: center;\">Material<\/td>\n<td style=\"width: 35.7961%; height: 24px; text-align: center;\">Como \u3001 pp<\/td>\n<\/tr>\n<tr style=\"height: 24px;\">\n<td style=\"width: 23.5109%; height: 24px; text-align: center;\">Modelo<\/td>\n<td style=\"width: 35.7961%; height: 24px; text-align: center;\">JH-LWA09<\/td>\n<\/tr>\n<tr style=\"height: 24px;\">\n<td style=\"width: 23.5109%; height: 24px; text-align: center;\">OEM\/ODM<\/td>\n<td style=\"width: 35.7961%; height: 24px; text-align: center;\">Aceitar<\/td>\n<\/tr>\n<tr style=\"height: 24px;\">\n<td style=\"width: 23.5109%; height: 24px; text-align: center;\">Uso<\/td>\n<td style=\"width: 35.7961%; height: 24px; text-align: center;\">Lot\u00e3o\/Funda\u00e7\u00e3o\/creme, etc.<\/td>\n<\/tr>\n<tr style=\"height: 24px;\">\n<td style=\"width: 23.5109%; height: 24px; text-align: center;\">MOQ<\/td>\n<td style=\"width: 35.7961%; height: 24px; text-align: center;\">10000pcs<\/td>\n<\/tr>\n<\/tbody>\n<\/table>\n<p>&nbsp;<\/p>\n<table style=\"border-collapse: collapse; width: 100%; height: 120px;\">\n<tbody>\n<tr style=\"height: 24px;\">\n<td style=\"width: 16.6667%; text-align: center; height: 24px;\"><strong>Capacidade<\/strong><\/td>\n<td style=\"width: 16.6667%; text-align: center; height: 24px;\"><strong>Altura total<\/strong><\/td>\n<td style=\"width: 16.6667%; text-align: center; height: 24px;\"><strong>Altura da garrafa<\/strong><\/td>\n<td style=\"width: 16.6667%; text-align: center; height: 24px;\"><strong>Altura imprim\u00edvel<\/strong><\/td>\n<td style=\"width: 16.6667%; text-align: center; height: 24px;\"><strong>DIA inferior<\/strong><\/td>\n<td style=\"width: 16.6667%; text-align: center; height: 24px;\"><strong>Peso<\/strong><\/td>\n<\/tr>\n<tr style=\"height: 24px;\">\n<td style=\"width: 16.6667%; text-align: center; height: 24px;\">5ml<\/td>\n<td style=\"width: 16.6667%; text-align: center; height: 24px;\">82 mm<\/td>\n<td style=\"width: 16.6667%; text-align: center; height: 24px;\">51.5mm<\/td>\n<td style=\"width: 16.6667%; text-align: center; height: 24px;\">26mm<\/td>\n<td style=\"width: 16.6667%; text-align: center; height: 24px;\">22.8mm<\/td>\n<td style=\"width: 16.6667%; text-align: center; height: 24px;\">13G<\/td>\n<\/tr>\n<tr style=\"height: 24px;\">\n<td style=\"width: 16.6667%; text-align: center; height: 24px;\">10ml<\/td>\n<td style=\"width: 16.6667%; text-align: center; height: 24px;\">97 mm<\/td>\n<td style=\"width: 16.6667%; text-align: center; height: 24px;\">70.5mm<\/td>\n<td style=\"width: 16.6667%; text-align: center; height: 24px;\">40mm<\/td>\n<td style=\"width: 16.6667%; text-align: center; height: 24px;\">22.8mm<\/td>\n<td style=\"width: 16.6667%; text-align: center; height: 24px;\">14.8g<\/td>\n<\/tr>\n<tr style=\"height: 24px;\">\n<td style=\"width: 16.6667%; text-align: center; height: 24px;\">15ml<\/td>\n<td style=\"width: 16.6667%; text-align: center; height: 24px;\">112 mm<\/td>\n<td style=\"width: 16.6667%; text-align: center; height: 24px;\">106.5mm<\/td>\n<td style=\"width: 16.6667%; text-align: center; height: 24px;\">34 mm<\/td>\n<td style=\"width: 16.6667%; text-align: center; height: 24px;\">28.5mm<\/td>\n<td style=\"width: 16.6667%; text-align: center; height: 24px;\">26.8g<\/td>\n<\/tr>\n<tr style=\"height: 24px;\">\n<td style=\"width: 16.6667%; text-align: center; height: 24px;\">30ml<\/td>\n<td style=\"width: 16.6667%; text-align: center; height: 24px;\">130mm<\/td>\n<td style=\"width: 16.6667%; text-align: center; height: 24px;\">162 mm<\/td>\n<td style=\"width: 16.6667%; text-align: center; height: 24px;\">83 mm<\/td>\n<td style=\"width: 16.6667%; text-align: center; height: 24px;\">28.5mm<\/td>\n<td style=\"width: 16.6667%; text-align: center; height: 24px;\">36.7g<\/td>\n<\/tr>\n<\/tbody>\n<\/table>\n<p>Esta garrafa de ombro selada sem bolhas de ar est\u00e1 dispon\u00edvel em quatro capacidades pr\u00e1ticas: 5 ml, 10 ml, 15 ml e 30 ml. Seu design \u00e9 abrangente, tendo em conta tanto a funcionalidade como a portabilidade, e \u00e9 adequado para v\u00e1rios cen\u00e1rios de aplica\u00e7\u00e3o. Seja para a pele cotidiana em casa, contactos durante viagens, ou durante longas viagens, esses recipientes podem efetivamente encontrar os consumidores&#8217; exige uso conveniente e port\u00e1til de lot\u00f5es, assegurando a estabilidade do abastecimento de produtos e o efeito alimentar na pele. Seja para a pele cotidiana em casa, contactos durante viagens, ou durante longas viagens, esses recipientes podem efetivamente encontrar os consumidores&#8217; exige uso conveniente e port\u00e1til de lot\u00f5es, assegurando a estabilidade do abastecimento de produtos e o efeito alimentar na pele.<\/p>\n<p>O design Screw Neck \u00e9 f\u00e1cil para preencher com o soro\/l\u00edquido.<\/p>\n<p>A cabe\u00e7a da bomba est\u00e1 equipada com uma sa\u00edda circular de l\u00edquido precisamente projetada, permitindo controle preciso da dose &#8211; Cada opera\u00e7\u00e3o pode proporcionar uma quantidade consistente de emuls\u00e3o, reduzindo assim os res\u00edduos causados por pulveriza\u00e7\u00e3o excessiva. O corpo \u00e9 feito de material de poli\u00e9ster transparente ou congelado de alta qualidade, com uma parede grossa e forte, com resist\u00eancia ao choque e deforma\u00e7\u00e3o. Seu fundo plano proporciona suporte est\u00e1vel, assegurando que a garrafa permane\u00e7a vertical e n\u00e3o se topa em nenhuma superf\u00edcie. A estrutura global \u00e9 simples e s\u00f3lida, alcan\u00e7ando o melhor equil\u00edbrio entre funcionalidade e design visual exquisito.<\/p>\n<p>&nbsp;<\/p>\n<table style=\"border-collapse: collapse; width: 100%;\">\n<tbody>\n<tr>\n<td style=\"width: 50%;\"><img decoding=\"async\" class=\"alignnone wp-image-3507\" src=\"https:\/\/www.cosmepak.com\/wp-content\/uploads\/2025\/04\/13565928376_624076099-1.jpg\" alt=\"\" width=\"800\" height=\"800\" srcset=\"https:\/\/www.cosmepak.com\/wp-content\/uploads\/2025\/04\/13565928376_624076099-1.jpg 759w, https:\/\/www.cosmepak.com\/wp-content\/uploads\/2025\/04\/13565928376_624076099-1-300x300.jpg 300w, https:\/\/www.cosmepak.com\/wp-content\/uploads\/2025\/04\/13565928376_624076099-1-150x150.jpg 150w, https:\/\/www.cosmepak.com\/wp-content\/uploads\/2025\/04\/13565928376_624076099-1-12x12.jpg 12w, https:\/\/www.cosmepak.com\/wp-content\/uploads\/2025\/04\/13565928376_624076099-1-600x600.jpg 600w, https:\/\/www.cosmepak.com\/wp-content\/uploads\/2025\/04\/13565928376_624076099-1-100x100.jpg 100w\" sizes=\"(max-width: 800px) 100vw, 800px\" \/><\/td>\n<td style=\"width: 50%;\"><img decoding=\"async\" class=\"alignnone size-full wp-image-3510\" src=\"https:\/\/www.cosmepak.com\/wp-content\/uploads\/2025\/04\/13649501404_624076099.jpg\" alt=\"\" width=\"790\" height=\"790\" srcset=\"https:\/\/www.cosmepak.com\/wp-content\/uploads\/2025\/04\/13649501404_624076099.jpg 790w, https:\/\/www.cosmepak.com\/wp-content\/uploads\/2025\/04\/13649501404_624076099-300x300.jpg 300w, https:\/\/www.cosmepak.com\/wp-content\/uploads\/2025\/04\/13649501404_624076099-150x150.jpg 150w, https:\/\/www.cosmepak.com\/wp-content\/uploads\/2025\/04\/13649501404_624076099-768x768.jpg 768w, https:\/\/www.cosmepak.com\/wp-content\/uploads\/2025\/04\/13649501404_624076099-12x12.jpg 12w, https:\/\/www.cosmepak.com\/wp-content\/uploads\/2025\/04\/13649501404_624076099-600x600.jpg 600w, https:\/\/www.cosmepak.com\/wp-content\/uploads\/2025\/04\/13649501404_624076099-100x100.jpg 100w\" sizes=\"(max-width: 790px) 100vw, 790px\" \/><\/td>\n<\/tr>\n<tr>\n<td style=\"width: 50%;\"><img loading=\"lazy\" decoding=\"async\" class=\"alignnone size-full wp-image-3509\" src=\"https:\/\/www.cosmepak.com\/wp-content\/uploads\/2025\/04\/13603708236_624076099-1.jpg\" alt=\"\" width=\"790\" height=\"790\" srcset=\"https:\/\/www.cosmepak.com\/wp-content\/uploads\/2025\/04\/13603708236_624076099-1.jpg 790w, https:\/\/www.cosmepak.com\/wp-content\/uploads\/2025\/04\/13603708236_624076099-1-300x300.jpg 300w, https:\/\/www.cosmepak.com\/wp-content\/uploads\/2025\/04\/13603708236_624076099-1-150x150.jpg 150w, https:\/\/www.cosmepak.com\/wp-content\/uploads\/2025\/04\/13603708236_624076099-1-768x768.jpg 768w, https:\/\/www.cosmepak.com\/wp-content\/uploads\/2025\/04\/13603708236_624076099-1-12x12.jpg 12w, https:\/\/www.cosmepak.com\/wp-content\/uploads\/2025\/04\/13603708236_624076099-1-600x600.jpg 600w, https:\/\/www.cosmepak.com\/wp-content\/uploads\/2025\/04\/13603708236_624076099-1-100x100.jpg 100w\" sizes=\"(max-width: 790px) 100vw, 790px\" \/><\/td>\n<td style=\"width: 50%;\"><img loading=\"lazy\" decoding=\"async\" class=\"alignnone size-full wp-image-3508\" src=\"https:\/\/www.cosmepak.com\/wp-content\/uploads\/2025\/04\/13565913785_624076099-1.jpg\" alt=\"\" width=\"790\" height=\"790\" srcset=\"https:\/\/www.cosmepak.com\/wp-content\/uploads\/2025\/04\/13565913785_624076099-1.jpg 790w, https:\/\/www.cosmepak.com\/wp-content\/uploads\/2025\/04\/13565913785_624076099-1-300x300.jpg 300w, https:\/\/www.cosmepak.com\/wp-content\/uploads\/2025\/04\/13565913785_624076099-1-150x150.jpg 150w, https:\/\/www.cosmepak.com\/wp-content\/uploads\/2025\/04\/13565913785_624076099-1-768x768.jpg 768w, https:\/\/www.cosmepak.com\/wp-content\/uploads\/2025\/04\/13565913785_624076099-1-12x12.jpg 12w, https:\/\/www.cosmepak.com\/wp-content\/uploads\/2025\/04\/13565913785_624076099-1-600x600.jpg 600w, https:\/\/www.cosmepak.com\/wp-content\/uploads\/2025\/04\/13565913785_624076099-1-100x100.jpg 100w\" sizes=\"(max-width: 790px) 100vw, 790px\" \/><\/td>\n<\/tr>\n<\/tbody>\n<\/table>\n<p>&nbsp;<\/p>\n<p>&nbsp;<\/p>","protected":false},"excerpt":{"rendered":"<p>Garrafas sem ar sem ar<\/p>\n<p>Modelo: JH-LWA09<\/p>\n<p>Material do produto: como \u3001 pp<\/p>\n<p>Capacidade: 5 ml\/10 ml\/15 ml\/30 ml para escolher<\/p>\n<p>Bottle Single Weight: 13g\/14.8g\/26.8g\/36.7g<\/p>\n<p>Sa\u00edda : 0,2ML\/T<\/p>\n<p>Cor: Cor clara transparente;<\/p>\n<p>Aceite personalizado (qualquer cor Pantone dispon\u00edvel)<\/p>\n<p>Acabamento de superf\u00edcie: impress\u00e3o de tela, estampagem a quente, gradiente de pulveriza\u00e7\u00e3o, acabamento fosco, etc.<\/p>\n<p>MOQ: 10000pcs<\/p>\n<p>Amostra: amostras gratuitas dispon\u00edveis<\/p>\n<p>&nbsp;<\/p>\n<p>&nbsp;<\/p>","protected":false},"featured_media":1857,"comment_status":"closed","ping_status":"closed","template":"","meta":{"_acf_changed":false},"product_brand":[],"product_cat":[35],"product_tag":[40],"class_list":{"0":"post-1848","1":"product","2":"type-product","3":"status-publish","4":"has-post-thumbnail","6":"product_cat-airless-bottle","7":"product_tag-essential-oil-bottle","9":"first","10":"instock","11":"shipping-taxable","12":"product-type-simple"},"acf":[],"_links":{"self":[{"href":"https:\/\/www.cosmepak.com\/pt\/wp-json\/wp\/v2\/product\/1848","targetHints":{"allow":["GET"]}}],"collection":[{"href":"https:\/\/www.cosmepak.com\/pt\/wp-json\/wp\/v2\/product"}],"about":[{"href":"https:\/\/www.cosmepak.com\/pt\/wp-json\/wp\/v2\/types\/product"}],"replies":[{"embeddable":true,"href":"https:\/\/www.cosmepak.com\/pt\/wp-json\/wp\/v2\/comments?post=1848"}],"wp:featuredmedia":[{"embeddable":true,"href":"https:\/\/www.cosmepak.com\/pt\/wp-json\/wp\/v2\/media\/1857"}],"wp:attachment":[{"href":"https:\/\/www.cosmepak.com\/pt\/wp-json\/wp\/v2\/media?parent=1848"}],"wp:term":[{"taxonomy":"product_brand","embeddable":true,"href":"https:\/\/www.cosmepak.com\/pt\/wp-json\/wp\/v2\/product_brand?post=1848"},{"taxonomy":"product_cat","embeddable":true,"href":"https:\/\/www.cosmepak.com\/pt\/wp-json\/wp\/v2\/product_cat?post=1848"},{"taxonomy":"product_tag","embeddable":true,"href":"https:\/\/www.cosmepak.com\/pt\/wp-json\/wp\/v2\/product_tag?post=1848"}],"curies":[{"name":"wp","href":"https:\/\/api.w.org\/{rel}","templated":true}]}}