{"id":1858,"date":"2025-04-14T16:21:11","date_gmt":"2025-04-14T08:21:11","guid":{"rendered":"https:\/\/www.cosmepak.com\/?post_type=product&#038;p=1858"},"modified":"2025-12-19T14:17:27","modified_gmt":"2025-12-19T06:17:27","slug":"30ml-and-50ml-pp-round-bottom-airless-bottle-jaunce","status":"publish","type":"product","link":"https:\/\/www.cosmepak.com\/pt\/product\/30ml-and-50ml-pp-round-bottom-airless-bottle-jaunce\/","title":{"rendered":"30 ml e 50 ml PP Bottle Bottom Airless Bottle\/Jaunce"},"content":{"rendered":"<table style=\"border-collapse: collapse; width: 100%; height: 192px;\">\n<tbody>\n<tr style=\"height: 24px;\">\n<td style=\"width: 40.6929%; height: 192px;\" rowspan=\"8\"><img fetchpriority=\"high\" decoding=\"async\" class=\"alignnone size-full wp-image-1860\" src=\"https:\/\/www.cosmepak.com\/wp-content\/uploads\/2025\/04\/O1CN01BC2BX91nx2W6Hk7Xe_1777995155-0-cib.jpg\" alt=\"Garrafas Airless\u00a0\" width=\"1000\" height=\"1000\" srcset=\"https:\/\/www.cosmepak.com\/wp-content\/uploads\/2025\/04\/O1CN01BC2BX91nx2W6Hk7Xe_1777995155-0-cib.jpg 1000w, https:\/\/www.cosmepak.com\/wp-content\/uploads\/2025\/04\/O1CN01BC2BX91nx2W6Hk7Xe_1777995155-0-cib-300x300.jpg 300w, https:\/\/www.cosmepak.com\/wp-content\/uploads\/2025\/04\/O1CN01BC2BX91nx2W6Hk7Xe_1777995155-0-cib-150x150.jpg 150w, https:\/\/www.cosmepak.com\/wp-content\/uploads\/2025\/04\/O1CN01BC2BX91nx2W6Hk7Xe_1777995155-0-cib-768x768.jpg 768w, https:\/\/www.cosmepak.com\/wp-content\/uploads\/2025\/04\/O1CN01BC2BX91nx2W6Hk7Xe_1777995155-0-cib-12x12.jpg 12w, https:\/\/www.cosmepak.com\/wp-content\/uploads\/2025\/04\/O1CN01BC2BX91nx2W6Hk7Xe_1777995155-0-cib-600x600.jpg 600w, https:\/\/www.cosmepak.com\/wp-content\/uploads\/2025\/04\/O1CN01BC2BX91nx2W6Hk7Xe_1777995155-0-cib-100x100.jpg 100w\" sizes=\"(max-width: 1000px) 100vw, 1000px\" \/><\/td>\n<td style=\"width: 23.5109%; height: 24px; text-align: center;\">Marca<\/td>\n<td style=\"width: 35.7961%; height: 24px; text-align: center;\">\u00a0Jaunce<\/td>\n<\/tr>\n<tr style=\"height: 24px;\">\n<td style=\"width: 23.5109%; height: 24px; text-align: center;\">Capacidade<\/td>\n<td style=\"width: 35.7961%; height: 24px; text-align: center;\">30 ml\/50 ml<\/td>\n<\/tr>\n<tr style=\"height: 24px;\">\n<td style=\"width: 23.5109%; height: 24px; text-align: center;\">Forma<\/td>\n<td style=\"width: 35.7961%; height: 24px; text-align: center;\">Redondo<\/td>\n<\/tr>\n<tr style=\"height: 24px;\">\n<td style=\"width: 23.5109%; height: 24px; text-align: center;\">Material<\/td>\n<td style=\"width: 35.7961%; height: 24px; text-align: center;\">Pp<\/td>\n<\/tr>\n<tr style=\"height: 24px;\">\n<td style=\"width: 23.5109%; height: 24px; text-align: center;\">Modelo<\/td>\n<td style=\"width: 35.7961%; height: 24px; text-align: center;\">JH-LW1145<\/td>\n<\/tr>\n<tr style=\"height: 24px;\">\n<td style=\"width: 23.5109%; height: 24px; text-align: center;\">OEM\/ODM<\/td>\n<td style=\"width: 35.7961%; height: 24px; text-align: center;\">Aceitar<\/td>\n<\/tr>\n<tr style=\"height: 24px;\">\n<td style=\"width: 23.5109%; height: 24px; text-align: center;\">Uso<\/td>\n<td style=\"width: 35.7961%; height: 24px; text-align: center;\">Lot\u00e3o\/Funda\u00e7\u00e3o\/creme, etc.<\/td>\n<\/tr>\n<tr style=\"height: 24px;\">\n<td style=\"width: 23.5109%; height: 24px; text-align: center;\">MOQ<\/td>\n<td style=\"width: 35.7961%; height: 24px; text-align: center;\">10000pcs<\/td>\n<\/tr>\n<\/tbody>\n<\/table>\n<p>&nbsp;<\/p>\n<table style=\"border-collapse: collapse; width: 100%; height: 120px;\">\n<tbody>\n<tr style=\"height: 24px;\">\n<td style=\"width: 16.6667%; text-align: center; height: 24px;\"><strong>Capacidade<\/strong><\/td>\n<td style=\"width: 16.6667%; text-align: center; height: 24px;\"><strong>Altura total<\/strong><\/td>\n<td style=\"width: 16.6667%; text-align: center; height: 24px;\"><strong>Altura da garrafa<\/strong><\/td>\n<td style=\"width: 16.6667%; text-align: center; height: 24px;\"><strong>Altura imprim\u00edvel<\/strong><\/td>\n<td style=\"width: 16.6667%; text-align: center; height: 24px;\"><strong>DIA inferior<\/strong><\/td>\n<td style=\"width: 16.6667%; text-align: center; height: 24px;\"><strong>Peso<\/strong><\/td>\n<\/tr>\n<tr style=\"height: 24px;\">\n<td style=\"width: 16.6667%; text-align: center; height: 24px;\">30ml<\/td>\n<td style=\"width: 16.6667%; text-align: center; height: 24px;\">93mm<\/td>\n<td style=\"width: 16.6667%; text-align: center; height: 24px;\">55 mm<\/td>\n<td style=\"width: 16.6667%; text-align: center; height: 24px;\">35 mm<\/td>\n<td style=\"width: 16.6667%; text-align: center; height: 24px;\">49mm<\/td>\n<td style=\"width: 16.6667%; text-align: center; height: 24px;\">47.6g<\/td>\n<\/tr>\n<tr style=\"height: 24px;\">\n<td style=\"width: 16.6667%; text-align: center; height: 24px;\">50ml<\/td>\n<td style=\"width: 16.6667%; text-align: center; height: 24px;\">108 mm<\/td>\n<td style=\"width: 16.6667%; text-align: center; height: 24px;\">70mm<\/td>\n<td style=\"width: 16.6667%; text-align: center; height: 24px;\">50mm<\/td>\n<td style=\"width: 16.6667%; text-align: center; height: 24px;\">49mm<\/td>\n<td style=\"width: 16.6667%; text-align: center; height: 24px;\">52.2g<\/td>\n<\/tr>\n<\/tbody>\n<\/table>\n<p>Oferecemos dois tamanhos: 30 ml e 50 ml. Trazido de material sem BPA, garante a m\u00e1xima seguran\u00e7a e higiene. Tanto a garrafa como a bomba sem ar s\u00e3o feitas de material de polipropileno de alta qualidade (PP). O sistema de dispens\u00e3o de v\u00e1cuo impede o ar entrar no recipiente durante o uso, minimizando oxida\u00e7\u00e3o, contamina\u00e7\u00e3o e degrada\u00e7\u00e3o de ingredientes sens\u00edveis \u2013 mantendo assim a estabilidade e efic\u00e1cia dos ingredientes ativos.<br \/>\nN\u00f3s tamb\u00e9m oferecemos servi\u00e7os personalizados como aplica\u00e7\u00e3o de rotulagem, impress\u00e3o de tela, ou selo quente, fornecendo op\u00e7\u00f5es de apresenta\u00e7\u00e3o flex\u00edveis e diversas para sua marca.<\/p>\n<p>Esta garrafa sem ar \u00e9 amplamente usada na embalagem de v\u00e1rios produtos de beleza e cuidado pessoal, incluindo ser\u00f5es faciais, umidificadores, cremas oculares, \u00f3leos faciais e tratamentos spot. \u00c9 bem adequado para diversos cen\u00e1rios de uso, incluindo cuidados dom\u00e9sticos di\u00e1rios, viagens, viagens de neg\u00f3cios e ambientes profissionais de sal\u00e3o.<\/p>\n<table style=\"border-collapse: collapse; width: 100%;\">\n<tbody>\n<tr>\n<td style=\"width: 50%;\"><img decoding=\"async\" class=\"alignnone wp-image-3465\" src=\"https:\/\/www.cosmepak.com\/wp-content\/uploads\/2025\/04\/O1CN01LkJfDl1nx2W6AVvoC_1777995155-0-cib-e1763445377421.jpg\" alt=\"\" width=\"800\" height=\"800\" srcset=\"https:\/\/www.cosmepak.com\/wp-content\/uploads\/2025\/04\/O1CN01LkJfDl1nx2W6AVvoC_1777995155-0-cib-e1763445377421.jpg 686w, https:\/\/www.cosmepak.com\/wp-content\/uploads\/2025\/04\/O1CN01LkJfDl1nx2W6AVvoC_1777995155-0-cib-e1763445377421-300x300.jpg 300w, https:\/\/www.cosmepak.com\/wp-content\/uploads\/2025\/04\/O1CN01LkJfDl1nx2W6AVvoC_1777995155-0-cib-e1763445377421-150x150.jpg 150w, https:\/\/www.cosmepak.com\/wp-content\/uploads\/2025\/04\/O1CN01LkJfDl1nx2W6AVvoC_1777995155-0-cib-e1763445377421-12x12.jpg 12w, https:\/\/www.cosmepak.com\/wp-content\/uploads\/2025\/04\/O1CN01LkJfDl1nx2W6AVvoC_1777995155-0-cib-e1763445377421-600x600.jpg 600w, https:\/\/www.cosmepak.com\/wp-content\/uploads\/2025\/04\/O1CN01LkJfDl1nx2W6AVvoC_1777995155-0-cib-e1763445377421-100x100.jpg 100w\" sizes=\"(max-width: 800px) 100vw, 800px\" \/><\/td>\n<td style=\"width: 50%;\"><img decoding=\"async\" class=\"alignnone wp-image-3466\" src=\"https:\/\/www.cosmepak.com\/wp-content\/uploads\/2025\/04\/O1CN01t2VgpQ1nx2WCu2NTP_1777995155-0-cib-e1763445504342.jpg\" alt=\"\" width=\"800\" height=\"800\" srcset=\"https:\/\/www.cosmepak.com\/wp-content\/uploads\/2025\/04\/O1CN01t2VgpQ1nx2WCu2NTP_1777995155-0-cib-e1763445504342.jpg 693w, https:\/\/www.cosmepak.com\/wp-content\/uploads\/2025\/04\/O1CN01t2VgpQ1nx2WCu2NTP_1777995155-0-cib-e1763445504342-300x300.jpg 300w, https:\/\/www.cosmepak.com\/wp-content\/uploads\/2025\/04\/O1CN01t2VgpQ1nx2WCu2NTP_1777995155-0-cib-e1763445504342-150x150.jpg 150w, https:\/\/www.cosmepak.com\/wp-content\/uploads\/2025\/04\/O1CN01t2VgpQ1nx2WCu2NTP_1777995155-0-cib-e1763445504342-12x12.jpg 12w, https:\/\/www.cosmepak.com\/wp-content\/uploads\/2025\/04\/O1CN01t2VgpQ1nx2WCu2NTP_1777995155-0-cib-e1763445504342-600x600.jpg 600w, https:\/\/www.cosmepak.com\/wp-content\/uploads\/2025\/04\/O1CN01t2VgpQ1nx2WCu2NTP_1777995155-0-cib-e1763445504342-100x100.jpg 100w\" sizes=\"(max-width: 800px) 100vw, 800px\" \/><\/td>\n<\/tr>\n<tr>\n<td style=\"width: 50%;\"><img loading=\"lazy\" decoding=\"async\" class=\"alignnone wp-image-3467\" src=\"https:\/\/www.cosmepak.com\/wp-content\/uploads\/2025\/04\/O1CN01uWi4TW1nx2WCu3FVx_1777995155-0-cib-1.jpg\" alt=\"\" width=\"800\" height=\"800\" srcset=\"https:\/\/www.cosmepak.com\/wp-content\/uploads\/2025\/04\/O1CN01uWi4TW1nx2WCu3FVx_1777995155-0-cib-1.jpg 586w, https:\/\/www.cosmepak.com\/wp-content\/uploads\/2025\/04\/O1CN01uWi4TW1nx2WCu3FVx_1777995155-0-cib-1-300x300.jpg 300w, https:\/\/www.cosmepak.com\/wp-content\/uploads\/2025\/04\/O1CN01uWi4TW1nx2WCu3FVx_1777995155-0-cib-1-150x150.jpg 150w, https:\/\/www.cosmepak.com\/wp-content\/uploads\/2025\/04\/O1CN01uWi4TW1nx2WCu3FVx_1777995155-0-cib-1-12x12.jpg 12w, https:\/\/www.cosmepak.com\/wp-content\/uploads\/2025\/04\/O1CN01uWi4TW1nx2WCu3FVx_1777995155-0-cib-1-100x100.jpg 100w\" sizes=\"(max-width: 800px) 100vw, 800px\" \/><\/td>\n<td style=\"width: 50%;\"><img loading=\"lazy\" decoding=\"async\" class=\"alignnone wp-image-3468\" src=\"https:\/\/www.cosmepak.com\/wp-content\/uploads\/2025\/04\/O1CN01ZQI0os1nx2WAM9ZFO_1777995155-0-cib-1.jpg\" alt=\"\" width=\"800\" height=\"800\" srcset=\"https:\/\/www.cosmepak.com\/wp-content\/uploads\/2025\/04\/O1CN01ZQI0os1nx2WAM9ZFO_1777995155-0-cib-1.jpg 790w, https:\/\/www.cosmepak.com\/wp-content\/uploads\/2025\/04\/O1CN01ZQI0os1nx2WAM9ZFO_1777995155-0-cib-1-300x300.jpg 300w, https:\/\/www.cosmepak.com\/wp-content\/uploads\/2025\/04\/O1CN01ZQI0os1nx2WAM9ZFO_1777995155-0-cib-1-150x150.jpg 150w, https:\/\/www.cosmepak.com\/wp-content\/uploads\/2025\/04\/O1CN01ZQI0os1nx2WAM9ZFO_1777995155-0-cib-1-768x768.jpg 768w, https:\/\/www.cosmepak.com\/wp-content\/uploads\/2025\/04\/O1CN01ZQI0os1nx2WAM9ZFO_1777995155-0-cib-1-12x12.jpg 12w, https:\/\/www.cosmepak.com\/wp-content\/uploads\/2025\/04\/O1CN01ZQI0os1nx2WAM9ZFO_1777995155-0-cib-1-600x600.jpg 600w, https:\/\/www.cosmepak.com\/wp-content\/uploads\/2025\/04\/O1CN01ZQI0os1nx2WAM9ZFO_1777995155-0-cib-1-100x100.jpg 100w\" sizes=\"(max-width: 800px) 100vw, 800px\" \/><\/td>\n<\/tr>\n<\/tbody>\n<\/table>\n<p>&nbsp;<\/p>\n<p>&nbsp;<\/p>\n<div><\/div>","protected":false},"excerpt":{"rendered":"<p>Garrafas sem ar sem ar<\/p>\n<p>Modelo: JH-LW1145<\/p>\n<p>Material do produto: pp<\/p>\n<p>Capacidade: 30 ml\/50 ml para escolher<\/p>\n<p>Bottle Single Weight: 47.6g\/52.2g<\/p>\n<p>Cor: Cor clara transparente;<\/p>\n<p>Aceite personalizado (qualquer cor Pantone dispon\u00edvel)<\/p>\n<p>Acabamento de superf\u00edcie: impress\u00e3o de tela, estampagem a quente, gradiente de pulveriza\u00e7\u00e3o, acabamento fosco, etc.<\/p>\n<p>MOQ: personalizado 10000pcs<\/p>\n<p>Amostra: amostras gratuitas dispon\u00edveis<\/p>\n<p>&nbsp;<\/p>\n<p>&nbsp;<\/p>","protected":false},"featured_media":1864,"comment_status":"closed","ping_status":"closed","template":"","meta":{"_acf_changed":false},"product_brand":[],"product_cat":[35],"product_tag":[40],"class_list":{"0":"post-1858","1":"product","2":"type-product","3":"status-publish","4":"has-post-thumbnail","6":"product_cat-airless-bottle","7":"product_tag-essential-oil-bottle","9":"first","10":"instock","11":"shipping-taxable","12":"product-type-simple"},"acf":[],"_links":{"self":[{"href":"https:\/\/www.cosmepak.com\/pt\/wp-json\/wp\/v2\/product\/1858","targetHints":{"allow":["GET"]}}],"collection":[{"href":"https:\/\/www.cosmepak.com\/pt\/wp-json\/wp\/v2\/product"}],"about":[{"href":"https:\/\/www.cosmepak.com\/pt\/wp-json\/wp\/v2\/types\/product"}],"replies":[{"embeddable":true,"href":"https:\/\/www.cosmepak.com\/pt\/wp-json\/wp\/v2\/comments?post=1858"}],"wp:featuredmedia":[{"embeddable":true,"href":"https:\/\/www.cosmepak.com\/pt\/wp-json\/wp\/v2\/media\/1864"}],"wp:attachment":[{"href":"https:\/\/www.cosmepak.com\/pt\/wp-json\/wp\/v2\/media?parent=1858"}],"wp:term":[{"taxonomy":"product_brand","embeddable":true,"href":"https:\/\/www.cosmepak.com\/pt\/wp-json\/wp\/v2\/product_brand?post=1858"},{"taxonomy":"product_cat","embeddable":true,"href":"https:\/\/www.cosmepak.com\/pt\/wp-json\/wp\/v2\/product_cat?post=1858"},{"taxonomy":"product_tag","embeddable":true,"href":"https:\/\/www.cosmepak.com\/pt\/wp-json\/wp\/v2\/product_tag?post=1858"}],"curies":[{"name":"wp","href":"https:\/\/api.w.org\/{rel}","templated":true}]}}