{"id":2036,"date":"2025-05-30T13:28:07","date_gmt":"2025-05-30T05:28:07","guid":{"rendered":"https:\/\/www.cosmepak.com\/?post_type=product&#038;p=2036"},"modified":"2025-12-30T13:33:22","modified_gmt":"2025-12-30T05:33:22","slug":"new-design-spherical-glass-bottle-with-dropper-jaunce","status":"publish","type":"product","link":"https:\/\/www.cosmepak.com\/pt\/product\/new-design-spherical-glass-bottle-with-dropper-jaunce\/","title":{"rendered":"Frasco de vidro esf\u00e9rico com conta-gotas\/on\u00e7a com novo design"},"content":{"rendered":"<table style=\"border-collapse: collapse; width: 100%; height: 216px;\">\n<tbody>\n<tr style=\"height: 24px;\">\n<td style=\"width: 40.6929%; height: 216px;\" rowspan=\"9\"><img fetchpriority=\"high\" decoding=\"async\" class=\"alignnone size-full wp-image-2039\" src=\"https:\/\/www.cosmepak.com\/wp-content\/uploads\/2025\/05\/258.jpg\" alt=\"\" width=\"800\" height=\"800\" srcset=\"https:\/\/www.cosmepak.com\/wp-content\/uploads\/2025\/05\/258.jpg 800w, https:\/\/www.cosmepak.com\/wp-content\/uploads\/2025\/05\/258-300x300.jpg 300w, https:\/\/www.cosmepak.com\/wp-content\/uploads\/2025\/05\/258-150x150.jpg 150w, https:\/\/www.cosmepak.com\/wp-content\/uploads\/2025\/05\/258-768x768.jpg 768w, https:\/\/www.cosmepak.com\/wp-content\/uploads\/2025\/05\/258-12x12.jpg 12w, https:\/\/www.cosmepak.com\/wp-content\/uploads\/2025\/05\/258-600x600.jpg 600w, https:\/\/www.cosmepak.com\/wp-content\/uploads\/2025\/05\/258-100x100.jpg 100w\" sizes=\"(max-width: 800px) 100vw, 800px\" \/><\/td>\n<td style=\"width: 23.5109%; height: 24px; text-align: center;\">Marca<\/td>\n<td style=\"width: 35.7961%; height: 24px; text-align: center;\">\u00a0Jaunce<\/td>\n<\/tr>\n<tr style=\"height: 24px;\">\n<td style=\"width: 23.5109%; height: 24px; text-align: center;\">Capacidade<\/td>\n<td style=\"width: 35.7961%; height: 24px; text-align: center;\">30 ml\/50 ml<\/td>\n<\/tr>\n<tr style=\"height: 24px;\">\n<td style=\"width: 23.5109%; height: 24px; text-align: center;\">Forma<\/td>\n<td style=\"width: 35.7961%; height: 24px; text-align: center;\">esf\u00e9rico<\/td>\n<\/tr>\n<tr style=\"height: 24px;\">\n<td style=\"width: 23.5109%; height: 24px; text-align: center;\">Material<\/td>\n<td style=\"width: 35.7961%; height: 24px; text-align: center;\">Vidro<\/td>\n<\/tr>\n<tr style=\"height: 24px;\">\n<td style=\"width: 23.5109%; height: 24px; text-align: center;\">Modelo<\/td>\n<td style=\"width: 35.7961%; height: 24px; text-align: center;\">JH-EM30<\/td>\n<\/tr>\n<tr style=\"height: 24px;\">\n<td style=\"width: 23.5109%; height: 24px; text-align: center;\">OEM\/ODM<\/td>\n<td style=\"width: 35.7961%; height: 24px; text-align: center;\">Aceitar<\/td>\n<\/tr>\n<tr style=\"height: 24px;\">\n<td style=\"width: 23.5109%; height: 24px; text-align: center;\">Cor<\/td>\n<td style=\"width: 35.7961%; height: 24px; text-align: center;\">Qualquer cor de parte personalizada<\/td>\n<\/tr>\n<tr style=\"height: 24px;\">\n<td style=\"width: 23.5109%; height: 24px; text-align: center;\">Uso<\/td>\n<td style=\"width: 35.7961%; height: 24px; text-align: center;\">Lot\u00e3o\/Funda\u00e7\u00e3o\/creme, etc.<\/td>\n<\/tr>\n<tr style=\"height: 24px;\">\n<td style=\"width: 23.5109%; height: 24px; text-align: center;\">MOQ<\/td>\n<td style=\"width: 35.7961%; height: 24px; text-align: center;\">10000pcs<\/td>\n<\/tr>\n<\/tbody>\n<\/table>\n<table style=\"border-collapse: collapse; width: 100%; height: 192px;\">\n<tbody>\n<tr style=\"height: 24px;\">\n<td style=\"width: 12.7434%; text-align: center; height: 24px;\"><strong>Capacidade<\/strong><\/td>\n<td style=\"width: 12.5142%; text-align: center; height: 24px;\"><strong>Altura total<\/strong><\/td>\n<td style=\"width: 12.5002%; text-align: center; height: 24px;\"><strong>Di\u00e2metro inferior<\/strong><\/td>\n<td style=\"width: 13.1192%; text-align: center; height: 24px;\"><b>Peso<\/b><\/td>\n<\/tr>\n<tr style=\"height: 24px;\">\n<td style=\"width: 12.7434%; text-align: center; height: 24px;\">30ml<\/td>\n<td style=\"width: 12.5142%; text-align: center; height: 24px;\">91.5mm<\/td>\n<td style=\"width: 12.5002%; text-align: center; height: 24px;\">56mm<\/td>\n<td style=\"width: 13.1192%; text-align: center; height: 24px;\">123g<\/td>\n<\/tr>\n<tr style=\"height: 24px;\">\n<td style=\"width: 12.7434%; text-align: center; height: 24px;\">50ml<\/td>\n<td style=\"width: 12.5142%; text-align: center; height: 24px;\">94 mm<\/td>\n<td style=\"width: 12.5002%; text-align: center; height: 24px;\">57 mm<\/td>\n<td style=\"width: 13.1192%; text-align: center; height: 24px;\">126.4g<\/td>\n<\/tr>\n<\/tbody>\n<\/table>\n<p>Ficamos felizes em apresentar-lhes dois recipientes de grande qualidade de viagem: uma garrafa de 30 mililitros de gota esf\u00e9rica vermelha e uma garrafa de vidro l\u00edquido de ess\u00eancia luxuosa de 50 mililitros. Esses recipientes s\u00e3o especialmente concebidos para proteger seus preciosos produtos de cuidado da pele e \u00f3leos essenciais durante suas viagens, mantendo tamb\u00e9m seu apelo est\u00e9tico.<\/p>\n<p>A forma esf\u00e9rica e a cor vermelha brilhante exudam luxo e eleg\u00e2ncia. 30 ml de pequena capacidade s\u00e3o perfeitos para viajar, se encaixa facilmente em seu saco de m\u00e3o ou bagagem. \u00c9 feito de vidro duradouro que protege o conte\u00fado da luz UV, assegurando a longevidade de seus produtos. e 50 ml de volume ideal para carregar seus ser\u00f5es favoritos ou produtos da pele.<\/p>\n<p>se usar a garrafa de 30 ml para seu \u00f3leo essencial favorito. O dropper de precis\u00e3o garante que voc\u00ea usa a quantidade certa. Mas a garrafa de 50 ml \u00e9 perfeita para armazenar e dispensar seus s\u00e9reos de corte de pele, mant\u00ea-las frescas e eficazes.<\/p>\n<p>O final de mat\u00e9 vermelho lhe d\u00e1 uma apar\u00eancia muito festiva. De uma dist\u00e2ncia, parece uma lantern a vermelha, e quando colocada na sua mesa de vestir, ela imediatamente se destaca com seu encanto \u00fanico.<br \/>\nN\u00f3s tamb\u00e9m oferecemos uma variedade de diferentes tipos de tubos dropper para voc\u00ea escolher de onde corresponder a este produto.<\/p>\n<p>Claro, servi\u00e7os personalizados s\u00e3o nossa oferta fundamental. Podemos personalizar a cor e artesanato desta garrafa de vidro para corresponder exatamente \u00e0 sua marca.<\/p>\n<table style=\"border-collapse: collapse; width: 100%;\">\n<tbody>\n<tr>\n<td style=\"width: 33.3333%;\"><img decoding=\"async\" class=\"alignnone size-full wp-image-3824\" src=\"https:\/\/www.cosmepak.com\/wp-content\/uploads\/2025\/05\/11.jpg\" alt=\"\" width=\"1000\" height=\"1000\" srcset=\"https:\/\/www.cosmepak.com\/wp-content\/uploads\/2025\/05\/11.jpg 1000w, https:\/\/www.cosmepak.com\/wp-content\/uploads\/2025\/05\/11-300x300.jpg 300w, https:\/\/www.cosmepak.com\/wp-content\/uploads\/2025\/05\/11-150x150.jpg 150w, https:\/\/www.cosmepak.com\/wp-content\/uploads\/2025\/05\/11-768x768.jpg 768w, https:\/\/www.cosmepak.com\/wp-content\/uploads\/2025\/05\/11-12x12.jpg 12w, https:\/\/www.cosmepak.com\/wp-content\/uploads\/2025\/05\/11-600x600.jpg 600w, https:\/\/www.cosmepak.com\/wp-content\/uploads\/2025\/05\/11-100x100.jpg 100w\" sizes=\"(max-width: 1000px) 100vw, 1000px\" \/><\/td>\n<td style=\"width: 33.3333%;\"><img decoding=\"async\" class=\"alignnone size-full wp-image-3825\" src=\"https:\/\/www.cosmepak.com\/wp-content\/uploads\/2025\/05\/21.jpg\" alt=\"\" width=\"1000\" height=\"1000\" srcset=\"https:\/\/www.cosmepak.com\/wp-content\/uploads\/2025\/05\/21.jpg 1000w, https:\/\/www.cosmepak.com\/wp-content\/uploads\/2025\/05\/21-300x300.jpg 300w, https:\/\/www.cosmepak.com\/wp-content\/uploads\/2025\/05\/21-150x150.jpg 150w, https:\/\/www.cosmepak.com\/wp-content\/uploads\/2025\/05\/21-768x768.jpg 768w, https:\/\/www.cosmepak.com\/wp-content\/uploads\/2025\/05\/21-12x12.jpg 12w, https:\/\/www.cosmepak.com\/wp-content\/uploads\/2025\/05\/21-600x600.jpg 600w, https:\/\/www.cosmepak.com\/wp-content\/uploads\/2025\/05\/21-100x100.jpg 100w\" sizes=\"(max-width: 1000px) 100vw, 1000px\" \/><\/td>\n<td style=\"width: 33.3333%;\"><img loading=\"lazy\" decoding=\"async\" class=\"alignnone size-full wp-image-3826\" src=\"https:\/\/www.cosmepak.com\/wp-content\/uploads\/2025\/05\/31.jpg\" alt=\"\" width=\"1000\" height=\"1000\" srcset=\"https:\/\/www.cosmepak.com\/wp-content\/uploads\/2025\/05\/31.jpg 1000w, https:\/\/www.cosmepak.com\/wp-content\/uploads\/2025\/05\/31-300x300.jpg 300w, https:\/\/www.cosmepak.com\/wp-content\/uploads\/2025\/05\/31-150x150.jpg 150w, https:\/\/www.cosmepak.com\/wp-content\/uploads\/2025\/05\/31-768x768.jpg 768w, https:\/\/www.cosmepak.com\/wp-content\/uploads\/2025\/05\/31-12x12.jpg 12w, https:\/\/www.cosmepak.com\/wp-content\/uploads\/2025\/05\/31-600x600.jpg 600w, https:\/\/www.cosmepak.com\/wp-content\/uploads\/2025\/05\/31-100x100.jpg 100w\" sizes=\"(max-width: 1000px) 100vw, 1000px\" \/><\/td>\n<\/tr>\n<\/tbody>\n<\/table>\n<table style=\"border-collapse: collapse; width: 100%;\">\n<tbody>\n<tr>\n<td style=\"width: 50%;\"><img loading=\"lazy\" decoding=\"async\" class=\"alignnone size-full wp-image-3827\" src=\"https:\/\/www.cosmepak.com\/wp-content\/uploads\/2025\/05\/51.jpg\" alt=\"\" width=\"1000\" height=\"1000\" srcset=\"https:\/\/www.cosmepak.com\/wp-content\/uploads\/2025\/05\/51.jpg 1000w, https:\/\/www.cosmepak.com\/wp-content\/uploads\/2025\/05\/51-300x300.jpg 300w, https:\/\/www.cosmepak.com\/wp-content\/uploads\/2025\/05\/51-150x150.jpg 150w, https:\/\/www.cosmepak.com\/wp-content\/uploads\/2025\/05\/51-768x768.jpg 768w, https:\/\/www.cosmepak.com\/wp-content\/uploads\/2025\/05\/51-12x12.jpg 12w, https:\/\/www.cosmepak.com\/wp-content\/uploads\/2025\/05\/51-600x600.jpg 600w, https:\/\/www.cosmepak.com\/wp-content\/uploads\/2025\/05\/51-100x100.jpg 100w\" sizes=\"(max-width: 1000px) 100vw, 1000px\" \/><\/td>\n<td style=\"width: 50%;\"><img loading=\"lazy\" decoding=\"async\" class=\"alignnone size-full wp-image-3828\" src=\"https:\/\/www.cosmepak.com\/wp-content\/uploads\/2025\/05\/101.jpg\" alt=\"\" width=\"1000\" height=\"1000\" srcset=\"https:\/\/www.cosmepak.com\/wp-content\/uploads\/2025\/05\/101.jpg 1000w, https:\/\/www.cosmepak.com\/wp-content\/uploads\/2025\/05\/101-300x300.jpg 300w, https:\/\/www.cosmepak.com\/wp-content\/uploads\/2025\/05\/101-150x150.jpg 150w, https:\/\/www.cosmepak.com\/wp-content\/uploads\/2025\/05\/101-768x768.jpg 768w, https:\/\/www.cosmepak.com\/wp-content\/uploads\/2025\/05\/101-12x12.jpg 12w, https:\/\/www.cosmepak.com\/wp-content\/uploads\/2025\/05\/101-600x600.jpg 600w, https:\/\/www.cosmepak.com\/wp-content\/uploads\/2025\/05\/101-100x100.jpg 100w\" sizes=\"(max-width: 1000px) 100vw, 1000px\" \/><\/td>\n<\/tr>\n<\/tbody>\n<\/table>\n<p>&nbsp;<\/p>\n<p>&nbsp;<\/p>","protected":false},"excerpt":{"rendered":"<p>Material: vidro<\/p>\n<p>Capacidade: 30ml\/50ml<\/p>\n<p>Cor: Aceite personalizado (qualquer cor Pantone dispon\u00edvel)<\/p>\n<p>Acabamento de superf\u00edcie: impress\u00e3o de tela, estampagem a quente, gradiente de pulveriza\u00e7\u00e3o, acabamento fosco, etc.<\/p>\n<p>MOQ: 1000pcs\/10000pcs personalizados<\/p>\n<p>Amostra: amostras gratuitas dispon\u00edveis<\/p>\n<p>&nbsp;<\/p>\n<p>&nbsp;<\/p>","protected":false},"featured_media":3829,"comment_status":"closed","ping_status":"closed","template":"","meta":{"_acf_changed":false},"product_brand":[],"product_cat":[45,19],"product_tag":[40],"class_list":{"0":"post-2036","1":"product","2":"type-product","3":"status-publish","4":"has-post-thumbnail","6":"product_cat-serum-pump-bottle","7":"product_cat-skincare-glass-bottle","8":"product_tag-essential-oil-bottle","10":"first","11":"instock","12":"shipping-taxable","13":"product-type-simple"},"acf":[],"_links":{"self":[{"href":"https:\/\/www.cosmepak.com\/pt\/wp-json\/wp\/v2\/product\/2036","targetHints":{"allow":["GET"]}}],"collection":[{"href":"https:\/\/www.cosmepak.com\/pt\/wp-json\/wp\/v2\/product"}],"about":[{"href":"https:\/\/www.cosmepak.com\/pt\/wp-json\/wp\/v2\/types\/product"}],"replies":[{"embeddable":true,"href":"https:\/\/www.cosmepak.com\/pt\/wp-json\/wp\/v2\/comments?post=2036"}],"wp:featuredmedia":[{"embeddable":true,"href":"https:\/\/www.cosmepak.com\/pt\/wp-json\/wp\/v2\/media\/3829"}],"wp:attachment":[{"href":"https:\/\/www.cosmepak.com\/pt\/wp-json\/wp\/v2\/media?parent=2036"}],"wp:term":[{"taxonomy":"product_brand","embeddable":true,"href":"https:\/\/www.cosmepak.com\/pt\/wp-json\/wp\/v2\/product_brand?post=2036"},{"taxonomy":"product_cat","embeddable":true,"href":"https:\/\/www.cosmepak.com\/pt\/wp-json\/wp\/v2\/product_cat?post=2036"},{"taxonomy":"product_tag","embeddable":true,"href":"https:\/\/www.cosmepak.com\/pt\/wp-json\/wp\/v2\/product_tag?post=2036"}],"curies":[{"name":"wp","href":"https:\/\/api.w.org\/{rel}","templated":true}]}}