{"id":2040,"date":"2025-05-30T16:16:12","date_gmt":"2025-05-30T08:16:12","guid":{"rendered":"https:\/\/www.cosmepak.com\/?post_type=product&#038;p=2040"},"modified":"2026-01-30T13:54:41","modified_gmt":"2026-01-30T05:54:41","slug":"custom-logo-30ml-round-shoulder-glass-bottle-dropper-for-skin-care-serum-jaunce","status":"publish","type":"product","link":"https:\/\/www.cosmepak.com\/pt\/product\/custom-logo-30ml-round-shoulder-glass-bottle-dropper-for-skin-care-serum-jaunce\/","title":{"rendered":"Logo personalizado 30 ml Botelha de vidro de espalda redonda para Serum\/Jaunce de Cuidado da Pele"},"content":{"rendered":"<table style=\"border-collapse: collapse; width: 100%; height: 144px;\">\n<tbody>\n<tr style=\"height: 24px;\">\n<td style=\"width: 33.3333%; height: 144px;\" rowspan=\"5\"><img fetchpriority=\"high\" decoding=\"async\" class=\"alignnone size-full wp-image-3938\" src=\"https:\/\/www.cosmepak.com\/wp-content\/uploads\/2025\/05\/91-1.jpg\" alt=\"\" width=\"1000\" height=\"1000\" srcset=\"https:\/\/www.cosmepak.com\/wp-content\/uploads\/2025\/05\/91-1.jpg 1000w, https:\/\/www.cosmepak.com\/wp-content\/uploads\/2025\/05\/91-1-300x300.jpg 300w, https:\/\/www.cosmepak.com\/wp-content\/uploads\/2025\/05\/91-1-150x150.jpg 150w, https:\/\/www.cosmepak.com\/wp-content\/uploads\/2025\/05\/91-1-768x768.jpg 768w, https:\/\/www.cosmepak.com\/wp-content\/uploads\/2025\/05\/91-1-12x12.jpg 12w, https:\/\/www.cosmepak.com\/wp-content\/uploads\/2025\/05\/91-1-600x600.jpg 600w, https:\/\/www.cosmepak.com\/wp-content\/uploads\/2025\/05\/91-1-100x100.jpg 100w\" sizes=\"(max-width: 1000px) 100vw, 1000px\" \/><\/td>\n<td style=\"width: 33.122%; height: 24px; text-align: center;\">Marca<\/td>\n<td style=\"width: 33.5446%; height: 24px; text-align: center;\">Jaunce<\/td>\n<\/tr>\n<tr style=\"height: 24px;\">\n<td style=\"width: 33.122%; height: 24px; text-align: center;\">Modelo<\/td>\n<td style=\"width: 33.5446%; height: 24px; text-align: center;\">JH-PHPC3684<\/td>\n<\/tr>\n<tr style=\"height: 24px;\">\n<td style=\"width: 33.122%; height: 24px; text-align: center;\">Capabilidade<\/td>\n<td style=\"width: 33.5446%; height: 24px; text-align: center;\">30ml<\/td>\n<\/tr>\n<tr style=\"height: 24px;\">\n<td style=\"width: 33.122%; height: 24px; text-align: center;\">tampa<\/td>\n<td style=\"width: 33.5446%; height: 24px; text-align: center;\">conta-gotas<\/td>\n<\/tr>\n<tr style=\"height: 24px;\">\n<td style=\"width: 33.122%; height: 24px; text-align: center;\">Material<\/td>\n<td style=\"width: 33.5446%; height: 24px; text-align: center;\">Vidro<\/td>\n<\/tr>\n<\/tbody>\n<\/table>\n<table style=\"border-collapse: collapse; width: 100%; height: 144px;\">\n<tbody>\n<tr style=\"height: 24px;\">\n<td style=\"width: 20%; text-align: center; height: 24px;\"><strong>Capacidade<\/strong><\/td>\n<td style=\"width: 20%; text-align: center; height: 24px;\"><strong>Altura total<\/strong><\/td>\n<td style=\"width: 20%; text-align: center; height: 24px;\"><strong>Altura do ombro<\/strong><\/td>\n<td style=\"width: 20%; text-align: center; height: 24px;\"><strong>Dia<\/strong><\/td>\n<\/tr>\n<tr style=\"height: 24px;\">\n<td style=\"width: 20%; text-align: center; height: 24px;\">30ml<\/td>\n<td style=\"width: 20%; text-align: center; height: 24px;\">99mm<\/td>\n<td style=\"width: 20%; text-align: center; height: 24px;\">61mm<\/td>\n<td style=\"width: 20%; text-align: center; height: 24px;\">39 mm<\/td>\n<\/tr>\n<\/tbody>\n<\/table>\n<p>Esta \u00e9 nossa garrafa s\u00e9rica essencial de 30 ml de ombro redondo, \u00e9 exquisitamente feita de vidro brilhante transparente de alta qualidade, com uma silueta elegante e elegante que completa perfeitamente as formula\u00e7\u00f5es da pele.<\/p>\n<p>Screw Neck \u00e9 f\u00e1cil de preencher e o design com sola espessa \u00e9 mais est\u00e1vel.<\/p>\n<p>N\u00f3s fornecemos personaliza\u00e7\u00e3o flex\u00edvel de cores para adaptar suas necessidades de marca: voc\u00ea pode escolher sombras transparentes como ambra transparente (ideal para proteger ingredientes sens\u00edveis \u00e0 luz) e gris transparentes, ou optar por cores s\u00f3lidas. Qualquer cor de pant\u00f4nia aceitar\u00e1. Essas cores s\u00f3lidas n\u00e3o s\u00f3 adicionam um flair visual \u00fanico, mas tamb\u00e9m oferecem melhor desempenho de bloqueio de luz, preservando efetivamente a atividade de componentes ativos em seus s\u00e9rios. Tamb\u00e9m apoiamos o servi\u00e7o de etiquetagem, servi\u00e7o de impress\u00e3o de tela de seda, selo quente, etc. projeto de processo especial.<\/p>\n<p>Esta garrafa \u00e9 perfeitamente combinada com o colar de gota de pl\u00e1stico todo-negro ou todo-branco. Esses droppers equilibraram o apelo est\u00e9tico e a pr\u00e1tica, permitindo a dispens\u00e3o exata e livre de confus\u00e3o do soro. O design de Dropper \u00e9 f\u00e1cil de usar e higi\u00e9nico. A cabe\u00e7a de silicone \u00e9 f\u00e1cil de apertar. Para marcas de pr\u00e9mio que perseguem uma experi\u00eancia de embalagem mais luxuosa, tamb\u00e9m fornecemos droppers de alum\u00ednio eletropla\u00e7ados personalizados (cor de ouro de alum\u00ednio[UNK]cor de prata de alum\u00ednio[UNK]cor de ouro de rosa de alum\u00ednio)\u2014estes elevam a vibra\u00e7\u00e3o pr\u00e9mio global de seu produto.<\/p>\n<p>Essas garrafas n\u00e3o s\u00e3o apenas capazes de consertar com droppers, n\u00f3s tamb\u00e9m podemos suportar as garrafas com uma bomba de lot\u00e3o com tapete de screw, etc. Uma variedade de acess\u00f3rios est\u00e3o dispon\u00edveis para sele\u00e7\u00e3o, e sempre h\u00e1 um que se adequa ao seu design de marca.<\/p>\n<p>Para alinhar a garrafa com a sua identidade de marca, tamb\u00e9m fornecemos selos de ouro, selos de prata, termina\u00e7\u00e3o congelada, impress\u00e3o de tela de seda e eletroplatagem. Cada t\u00e9cnica pode ser adaptada para mostrar seu logotipo de marca, informa\u00e7\u00e3o de produto ou elementos de design \u00fanicos. Al\u00e9m disso, fornecemos servi\u00e7os de rotulagem profissional para ajud\u00e1-lo a alcan\u00e7ar uma vis\u00e3o de embalagem polida e coesa.<\/p>\n<p>N\u00f3s tamb\u00e9m oferecemos uma variedade de tamanhos\/quantidades de garrafas para voc\u00ea escolher. Tamb\u00e9m podemos fornecer um servi\u00e7o de uma \u00fanica parada para poupar seu tempo. Escolha Jaunce, confie em Jaunce. Que trabalham juntos para sucesso m\u00fatuo.<\/p>\n<table style=\"border-collapse: collapse; width: 100%;\">\n<tbody>\n<tr>\n<td style=\"width: 33.3333%;\"><img decoding=\"async\" class=\"alignnone size-full wp-image-3939\" src=\"https:\/\/www.cosmepak.com\/wp-content\/uploads\/2025\/05\/71-1.jpg\" alt=\"\" width=\"1000\" height=\"1000\" srcset=\"https:\/\/www.cosmepak.com\/wp-content\/uploads\/2025\/05\/71-1.jpg 1000w, https:\/\/www.cosmepak.com\/wp-content\/uploads\/2025\/05\/71-1-300x300.jpg 300w, https:\/\/www.cosmepak.com\/wp-content\/uploads\/2025\/05\/71-1-150x150.jpg 150w, https:\/\/www.cosmepak.com\/wp-content\/uploads\/2025\/05\/71-1-768x768.jpg 768w, https:\/\/www.cosmepak.com\/wp-content\/uploads\/2025\/05\/71-1-12x12.jpg 12w, https:\/\/www.cosmepak.com\/wp-content\/uploads\/2025\/05\/71-1-600x600.jpg 600w, https:\/\/www.cosmepak.com\/wp-content\/uploads\/2025\/05\/71-1-100x100.jpg 100w\" sizes=\"(max-width: 1000px) 100vw, 1000px\" \/><\/td>\n<td style=\"width: 33.3333%;\"><img decoding=\"async\" class=\"alignnone size-full wp-image-3940\" src=\"https:\/\/www.cosmepak.com\/wp-content\/uploads\/2025\/05\/61-1.jpg\" alt=\"\" width=\"1000\" height=\"1000\" srcset=\"https:\/\/www.cosmepak.com\/wp-content\/uploads\/2025\/05\/61-1.jpg 1000w, https:\/\/www.cosmepak.com\/wp-content\/uploads\/2025\/05\/61-1-300x300.jpg 300w, https:\/\/www.cosmepak.com\/wp-content\/uploads\/2025\/05\/61-1-150x150.jpg 150w, https:\/\/www.cosmepak.com\/wp-content\/uploads\/2025\/05\/61-1-768x768.jpg 768w, https:\/\/www.cosmepak.com\/wp-content\/uploads\/2025\/05\/61-1-12x12.jpg 12w, https:\/\/www.cosmepak.com\/wp-content\/uploads\/2025\/05\/61-1-600x600.jpg 600w, https:\/\/www.cosmepak.com\/wp-content\/uploads\/2025\/05\/61-1-100x100.jpg 100w\" sizes=\"(max-width: 1000px) 100vw, 1000px\" \/><\/td>\n<td style=\"width: 33.3333%;\"><img loading=\"lazy\" decoding=\"async\" class=\"alignnone size-full wp-image-3941\" src=\"https:\/\/www.cosmepak.com\/wp-content\/uploads\/2025\/05\/51-1.jpg\" alt=\"\" width=\"1000\" height=\"1000\" srcset=\"https:\/\/www.cosmepak.com\/wp-content\/uploads\/2025\/05\/51-1.jpg 1000w, https:\/\/www.cosmepak.com\/wp-content\/uploads\/2025\/05\/51-1-300x300.jpg 300w, https:\/\/www.cosmepak.com\/wp-content\/uploads\/2025\/05\/51-1-150x150.jpg 150w, https:\/\/www.cosmepak.com\/wp-content\/uploads\/2025\/05\/51-1-768x768.jpg 768w, https:\/\/www.cosmepak.com\/wp-content\/uploads\/2025\/05\/51-1-12x12.jpg 12w, https:\/\/www.cosmepak.com\/wp-content\/uploads\/2025\/05\/51-1-600x600.jpg 600w, https:\/\/www.cosmepak.com\/wp-content\/uploads\/2025\/05\/51-1-100x100.jpg 100w\" sizes=\"(max-width: 1000px) 100vw, 1000px\" \/><\/td>\n<\/tr>\n<\/tbody>\n<\/table>\n<table style=\"border-collapse: collapse; width: 100%;\">\n<tbody>\n<tr>\n<td style=\"width: 50%;\"><img loading=\"lazy\" decoding=\"async\" class=\"alignnone size-full wp-image-3942\" src=\"https:\/\/www.cosmepak.com\/wp-content\/uploads\/2025\/05\/41-1.jpg\" alt=\"\" width=\"1000\" height=\"1000\" srcset=\"https:\/\/www.cosmepak.com\/wp-content\/uploads\/2025\/05\/41-1.jpg 1000w, https:\/\/www.cosmepak.com\/wp-content\/uploads\/2025\/05\/41-1-300x300.jpg 300w, https:\/\/www.cosmepak.com\/wp-content\/uploads\/2025\/05\/41-1-150x150.jpg 150w, https:\/\/www.cosmepak.com\/wp-content\/uploads\/2025\/05\/41-1-768x768.jpg 768w, https:\/\/www.cosmepak.com\/wp-content\/uploads\/2025\/05\/41-1-12x12.jpg 12w, https:\/\/www.cosmepak.com\/wp-content\/uploads\/2025\/05\/41-1-600x600.jpg 600w, https:\/\/www.cosmepak.com\/wp-content\/uploads\/2025\/05\/41-1-100x100.jpg 100w\" sizes=\"(max-width: 1000px) 100vw, 1000px\" \/><\/td>\n<td style=\"width: 50%;\"><img loading=\"lazy\" decoding=\"async\" class=\"alignnone size-full wp-image-3943\" src=\"https:\/\/www.cosmepak.com\/wp-content\/uploads\/2025\/05\/31-1.jpg\" alt=\"\" width=\"1000\" height=\"1000\" srcset=\"https:\/\/www.cosmepak.com\/wp-content\/uploads\/2025\/05\/31-1.jpg 1000w, https:\/\/www.cosmepak.com\/wp-content\/uploads\/2025\/05\/31-1-300x300.jpg 300w, https:\/\/www.cosmepak.com\/wp-content\/uploads\/2025\/05\/31-1-150x150.jpg 150w, https:\/\/www.cosmepak.com\/wp-content\/uploads\/2025\/05\/31-1-768x768.jpg 768w, https:\/\/www.cosmepak.com\/wp-content\/uploads\/2025\/05\/31-1-12x12.jpg 12w, https:\/\/www.cosmepak.com\/wp-content\/uploads\/2025\/05\/31-1-600x600.jpg 600w, https:\/\/www.cosmepak.com\/wp-content\/uploads\/2025\/05\/31-1-100x100.jpg 100w\" sizes=\"(max-width: 1000px) 100vw, 1000px\" \/><\/td>\n<\/tr>\n<\/tbody>\n<\/table>","protected":false},"excerpt":{"rendered":"<p>Material de garrafa: vidro<\/p>\n<p>Cap material: pp<\/p>\n<p>Capacidade: 1ml\/2ml\/3ml\/4ml\/5ml<\/p>\n<p>Cor: Personalizado (qualquer cor Pantone Avali\u00e1vel)<\/p>\n<p>Acabamento de superf\u00edcie: impress\u00e3o de tela, cobertura, estampagem a quente, gradiente de spray, acabamento fosco, etc.<\/p>\n<p>MOQ: 5000pcs;<\/p>\n<p>&nbsp;<\/p>","protected":false},"featured_media":3944,"comment_status":"open","ping_status":"closed","template":"","meta":{"_acf_changed":false},"product_brand":[],"product_cat":[15,58,45],"product_tag":[],"class_list":{"0":"post-2040","1":"product","2":"type-product","3":"status-publish","4":"has-post-thumbnail","6":"product_cat-essential-oil-bottle","7":"product_cat-glass-essential-oil-bottle","8":"product_cat-serum-pump-bottle","10":"first","11":"instock","12":"shipping-taxable","13":"product-type-simple"},"acf":[],"_links":{"self":[{"href":"https:\/\/www.cosmepak.com\/pt\/wp-json\/wp\/v2\/product\/2040","targetHints":{"allow":["GET"]}}],"collection":[{"href":"https:\/\/www.cosmepak.com\/pt\/wp-json\/wp\/v2\/product"}],"about":[{"href":"https:\/\/www.cosmepak.com\/pt\/wp-json\/wp\/v2\/types\/product"}],"replies":[{"embeddable":true,"href":"https:\/\/www.cosmepak.com\/pt\/wp-json\/wp\/v2\/comments?post=2040"}],"wp:featuredmedia":[{"embeddable":true,"href":"https:\/\/www.cosmepak.com\/pt\/wp-json\/wp\/v2\/media\/3944"}],"wp:attachment":[{"href":"https:\/\/www.cosmepak.com\/pt\/wp-json\/wp\/v2\/media?parent=2040"}],"wp:term":[{"taxonomy":"product_brand","embeddable":true,"href":"https:\/\/www.cosmepak.com\/pt\/wp-json\/wp\/v2\/product_brand?post=2040"},{"taxonomy":"product_cat","embeddable":true,"href":"https:\/\/www.cosmepak.com\/pt\/wp-json\/wp\/v2\/product_cat?post=2040"},{"taxonomy":"product_tag","embeddable":true,"href":"https:\/\/www.cosmepak.com\/pt\/wp-json\/wp\/v2\/product_tag?post=2040"}],"curies":[{"name":"wp","href":"https:\/\/api.w.org\/{rel}","templated":true}]}}