{"id":2054,"date":"2025-06-05T09:13:03","date_gmt":"2025-06-05T01:13:03","guid":{"rendered":"https:\/\/www.cosmepak.com\/?post_type=product&#038;p=2054"},"modified":"2025-12-30T15:53:55","modified_gmt":"2025-12-30T07:53:55","slug":"skincare-30ml-glass-bottle-inverted-pump-cap","status":"publish","type":"product","link":"https:\/\/www.cosmepak.com\/pt\/product\/skincare-30ml-glass-bottle-inverted-pump-cap\/","title":{"rendered":"Frasco de vidro de 30 ml com tampa de bomba invertida\/on\u00e7a"},"content":{"rendered":"<table style=\"border-collapse: collapse; width: 100%; height: 216px;\">\n<tbody>\n<tr style=\"height: 24px;\">\n<td style=\"width: 40.6929%; height: 216px;\" rowspan=\"9\"><img fetchpriority=\"high\" decoding=\"async\" class=\"alignnone size-full wp-image-2056\" src=\"https:\/\/www.cosmepak.com\/wp-content\/uploads\/2025\/06\/234.jpg\" alt=\"\" width=\"800\" height=\"800\" srcset=\"https:\/\/www.cosmepak.com\/wp-content\/uploads\/2025\/06\/234.jpg 800w, https:\/\/www.cosmepak.com\/wp-content\/uploads\/2025\/06\/234-300x300.jpg 300w, https:\/\/www.cosmepak.com\/wp-content\/uploads\/2025\/06\/234-150x150.jpg 150w, https:\/\/www.cosmepak.com\/wp-content\/uploads\/2025\/06\/234-768x768.jpg 768w, https:\/\/www.cosmepak.com\/wp-content\/uploads\/2025\/06\/234-12x12.jpg 12w, https:\/\/www.cosmepak.com\/wp-content\/uploads\/2025\/06\/234-600x600.jpg 600w, https:\/\/www.cosmepak.com\/wp-content\/uploads\/2025\/06\/234-100x100.jpg 100w\" sizes=\"(max-width: 800px) 100vw, 800px\" \/><\/td>\n<td style=\"width: 23.5109%; height: 24px; text-align: center;\">Marca<\/td>\n<td style=\"width: 35.7961%; height: 24px; text-align: center;\">\u00a0Jaunce<\/td>\n<\/tr>\n<tr style=\"height: 24px;\">\n<td style=\"width: 23.5109%; height: 24px; text-align: center;\">Capacidade<\/td>\n<td style=\"width: 35.7961%; height: 24px; text-align: center;\">30ml<\/td>\n<\/tr>\n<tr style=\"height: 24px;\">\n<td style=\"width: 23.5109%; height: 24px; text-align: center;\">Forma<\/td>\n<td style=\"width: 35.7961%; height: 24px; text-align: center;\">Redondo<\/td>\n<\/tr>\n<tr style=\"height: 24px;\">\n<td style=\"width: 23.5109%; height: 24px; text-align: center;\">Material<\/td>\n<td style=\"width: 35.7961%; height: 24px; text-align: center;\">Vidro<\/td>\n<\/tr>\n<tr style=\"height: 24px;\">\n<td style=\"width: 23.5109%; height: 24px; text-align: center;\">Modelo<\/td>\n<td style=\"width: 35.7961%; height: 24px; text-align: center;\">JH-YM-30<\/td>\n<\/tr>\n<tr style=\"height: 24px;\">\n<td style=\"width: 23.5109%; height: 24px; text-align: center;\">OEM\/ODM<\/td>\n<td style=\"width: 35.7961%; height: 24px; text-align: center;\">Aceitar<\/td>\n<\/tr>\n<tr style=\"height: 24px;\">\n<td style=\"width: 23.5109%; height: 24px; text-align: center;\">Cor<\/td>\n<td style=\"width: 35.7961%; height: 24px; text-align: center;\">Qualquer cor de parte personalizada<\/td>\n<\/tr>\n<tr style=\"height: 24px;\">\n<td style=\"width: 23.5109%; height: 24px; text-align: center;\">Uso<\/td>\n<td style=\"width: 35.7961%; height: 24px; text-align: center;\">Lot\u00e3o\/Funda\u00e7\u00e3o\/creme, etc.<\/td>\n<\/tr>\n<tr style=\"height: 24px;\">\n<td style=\"width: 23.5109%; height: 24px; text-align: center;\">MOQ<\/td>\n<td style=\"width: 35.7961%; height: 24px; text-align: center;\">10000<\/td>\n<\/tr>\n<\/tbody>\n<\/table>\n<table style=\"border-collapse: collapse; width: 99.7527%; height: 144px;\">\n<tbody>\n<tr style=\"height: 24px;\">\n<td style=\"width: 11.9555%; text-align: center; height: 24px;\"><strong>Capacidade<\/strong><\/td>\n<td style=\"width: 12.0048%; text-align: center; height: 24px;\"><strong>Altura total<\/strong><\/td>\n<td style=\"width: 12.4616%; text-align: center; height: 24px;\"><strong>Di\u00e2metro inferior<\/strong><\/td>\n<td style=\"width: 12.1913%; text-align: center; height: 24px;\"><strong>Altura impress\u00edvel da frasco<\/strong><\/td>\n<td style=\"width: 11.7295%; text-align: center;\"><strong>Altura Imprent\u00e1vel do Cap<\/strong><\/td>\n<td style=\"width: 11.7528%; text-align: center;\"><strong>Peso da garrafa<\/strong><\/td>\n<\/tr>\n<tr style=\"height: 24px;\">\n<td style=\"width: 11.9555%; text-align: center; height: 24px;\">30ml<\/td>\n<td style=\"width: 12.0048%; text-align: center; height: 24px;\">96mm<\/td>\n<td style=\"width: 12.4616%; text-align: center; height: 24px;\">46.5mm<\/td>\n<td style=\"width: 12.1913%; text-align: center; height: 24px;\">13 mm<\/td>\n<td style=\"width: 11.7295%; text-align: center;\">70mm<\/td>\n<td style=\"width: 11.7528%; text-align: center;\">131.3g<\/td>\n<\/tr>\n<\/tbody>\n<\/table>\n<p>Esta garrafa de lot\u00e3o invertida de Cap 30ML \u00e9 feita de vidro de alta qualidade, projetada para armazenar lot\u00f5es, funda\u00e7\u00f5es e outros cosm\u00e9ticos l\u00edquidos. Seu corpo de vidro ecol\u00f3gico \u00e9 reutiliz\u00e1vel, enquanto a base espessada assegura durabilidade e resist\u00eancia a quebrar.<\/p>\n<p>A capacidade desta garrafa \u00e9 de 30 ml. O topo \u00e9 mais estreito enquanto o fundo \u00e9 maior. O fundo espessado torna a garrafa mais est\u00e1vel. O corpo de vidro transparente ou congelado \u00e9 parejado com uma cabe\u00e7a de bomba l\u00edquida com fios brancos, que \u00e9 conveniente para preencher (o corpo da garrafa pode ser personalizado para ser transparente ou em sua cor original, e o tamp\u00e3o da garrafa tamb\u00e9m pode ser moldado por inje\u00e7\u00e3o na cor desejada de acordo com os requisitos). Essa tampa invertida para prova de poeira \u00e9 t\u00e3o bonita quanto para prova de poeira.<\/p>\n<p>Esta garrafa de 30 ml de lot\u00e3o tem um di\u00e2metro de 46,5 mm e uma altura total de 96 mm. A altura m\u00e1xima impressa \u00e9 de 13 mm e a garrafa pesa 131,3 g. A altura impressa do tamp\u00e3o da garrafa \u00e9 de 70 mm. Podemos fornecer v\u00e1rios servi\u00e7os de personaliza\u00e7\u00e3o para este produto, como impress\u00e3o de tela, impress\u00e3o de ouro, explos\u00e3o de areia, eletroplating, rotulagem, etc.<\/p>\n<p>O design da cabe\u00e7a da bomba permite que a quantidade exata seja dispensada, sem causar qualquer contamina\u00e7\u00e3o secund\u00e1ria ao conte\u00fado.<\/p>\n<p>Nosso produto oferece uma gama de op\u00e7\u00f5es de personaliza\u00e7\u00e3o para satisfazer suas necessidades \u00fanicas de marca e elevar a apresenta\u00e7\u00e3o de seus cosm\u00e9ticos.<\/p>\n<p>Se voc\u00ea est\u00e1 interessado neste tipo de garrafa, por favor envie-nos seus requisitos de personaliza\u00e7\u00e3o. Temos uma equipe profissional que lhe proporcionar\u00e1 um servi\u00e7o de cada um.<\/p>\n<table style=\"border-collapse: collapse; width: 100%;\">\n<tbody>\n<tr>\n<td style=\"width: 50%;\"><img decoding=\"async\" class=\"alignnone size-full wp-image-3774\" src=\"https:\/\/www.cosmepak.com\/wp-content\/uploads\/2025\/06\/O1CN01RvufTh1TbFfb9FUhG_2506382400-0-cib1.jpg\" alt=\"\" width=\"1000\" height=\"1000\" srcset=\"https:\/\/www.cosmepak.com\/wp-content\/uploads\/2025\/06\/O1CN01RvufTh1TbFfb9FUhG_2506382400-0-cib1.jpg 1000w, https:\/\/www.cosmepak.com\/wp-content\/uploads\/2025\/06\/O1CN01RvufTh1TbFfb9FUhG_2506382400-0-cib1-300x300.jpg 300w, https:\/\/www.cosmepak.com\/wp-content\/uploads\/2025\/06\/O1CN01RvufTh1TbFfb9FUhG_2506382400-0-cib1-150x150.jpg 150w, https:\/\/www.cosmepak.com\/wp-content\/uploads\/2025\/06\/O1CN01RvufTh1TbFfb9FUhG_2506382400-0-cib1-768x768.jpg 768w, https:\/\/www.cosmepak.com\/wp-content\/uploads\/2025\/06\/O1CN01RvufTh1TbFfb9FUhG_2506382400-0-cib1-12x12.jpg 12w, https:\/\/www.cosmepak.com\/wp-content\/uploads\/2025\/06\/O1CN01RvufTh1TbFfb9FUhG_2506382400-0-cib1-600x600.jpg 600w, https:\/\/www.cosmepak.com\/wp-content\/uploads\/2025\/06\/O1CN01RvufTh1TbFfb9FUhG_2506382400-0-cib1-100x100.jpg 100w\" sizes=\"(max-width: 1000px) 100vw, 1000px\" \/><\/td>\n<td style=\"width: 50%;\"><img decoding=\"async\" class=\"alignnone size-full wp-image-3775\" src=\"https:\/\/www.cosmepak.com\/wp-content\/uploads\/2025\/06\/111.jpg\" alt=\"\" width=\"1000\" height=\"1000\" srcset=\"https:\/\/www.cosmepak.com\/wp-content\/uploads\/2025\/06\/111.jpg 1000w, https:\/\/www.cosmepak.com\/wp-content\/uploads\/2025\/06\/111-300x300.jpg 300w, https:\/\/www.cosmepak.com\/wp-content\/uploads\/2025\/06\/111-150x150.jpg 150w, https:\/\/www.cosmepak.com\/wp-content\/uploads\/2025\/06\/111-768x768.jpg 768w, https:\/\/www.cosmepak.com\/wp-content\/uploads\/2025\/06\/111-12x12.jpg 12w, https:\/\/www.cosmepak.com\/wp-content\/uploads\/2025\/06\/111-600x600.jpg 600w, https:\/\/www.cosmepak.com\/wp-content\/uploads\/2025\/06\/111-100x100.jpg 100w\" sizes=\"(max-width: 1000px) 100vw, 1000px\" \/><\/td>\n<\/tr>\n<\/tbody>\n<\/table>\n<table style=\"border-collapse: collapse; width: 100%;\">\n<tbody>\n<tr>\n<td style=\"width: 33.3333%;\"><img loading=\"lazy\" decoding=\"async\" class=\"alignnone size-full wp-image-3773\" src=\"https:\/\/www.cosmepak.com\/wp-content\/uploads\/2025\/06\/O1CN01JGjPXL1TbFfaU9RaW_2506382400-0-cib1.jpg\" alt=\"\" width=\"1000\" height=\"1000\" srcset=\"https:\/\/www.cosmepak.com\/wp-content\/uploads\/2025\/06\/O1CN01JGjPXL1TbFfaU9RaW_2506382400-0-cib1.jpg 1000w, https:\/\/www.cosmepak.com\/wp-content\/uploads\/2025\/06\/O1CN01JGjPXL1TbFfaU9RaW_2506382400-0-cib1-300x300.jpg 300w, https:\/\/www.cosmepak.com\/wp-content\/uploads\/2025\/06\/O1CN01JGjPXL1TbFfaU9RaW_2506382400-0-cib1-150x150.jpg 150w, https:\/\/www.cosmepak.com\/wp-content\/uploads\/2025\/06\/O1CN01JGjPXL1TbFfaU9RaW_2506382400-0-cib1-768x768.jpg 768w, https:\/\/www.cosmepak.com\/wp-content\/uploads\/2025\/06\/O1CN01JGjPXL1TbFfaU9RaW_2506382400-0-cib1-12x12.jpg 12w, https:\/\/www.cosmepak.com\/wp-content\/uploads\/2025\/06\/O1CN01JGjPXL1TbFfaU9RaW_2506382400-0-cib1-600x600.jpg 600w, https:\/\/www.cosmepak.com\/wp-content\/uploads\/2025\/06\/O1CN01JGjPXL1TbFfaU9RaW_2506382400-0-cib1-100x100.jpg 100w\" sizes=\"(max-width: 1000px) 100vw, 1000px\" \/><\/td>\n<td style=\"width: 33.3333%;\"><img loading=\"lazy\" decoding=\"async\" class=\"alignnone size-full wp-image-3772\" src=\"https:\/\/www.cosmepak.com\/wp-content\/uploads\/2025\/06\/181.jpg\" alt=\"\" width=\"1000\" height=\"1000\" srcset=\"https:\/\/www.cosmepak.com\/wp-content\/uploads\/2025\/06\/181.jpg 1000w, https:\/\/www.cosmepak.com\/wp-content\/uploads\/2025\/06\/181-300x300.jpg 300w, https:\/\/www.cosmepak.com\/wp-content\/uploads\/2025\/06\/181-150x150.jpg 150w, https:\/\/www.cosmepak.com\/wp-content\/uploads\/2025\/06\/181-768x768.jpg 768w, https:\/\/www.cosmepak.com\/wp-content\/uploads\/2025\/06\/181-12x12.jpg 12w, https:\/\/www.cosmepak.com\/wp-content\/uploads\/2025\/06\/181-600x600.jpg 600w, https:\/\/www.cosmepak.com\/wp-content\/uploads\/2025\/06\/181-100x100.jpg 100w\" sizes=\"(max-width: 1000px) 100vw, 1000px\" \/><\/td>\n<td style=\"width: 33.3333%;\"><img loading=\"lazy\" decoding=\"async\" class=\"alignnone size-full wp-image-3776\" src=\"https:\/\/www.cosmepak.com\/wp-content\/uploads\/2025\/06\/O1CN01WmuLNx1TbFfbYlZsx_2506382400-0-cib1.jpg\" alt=\"\" width=\"1000\" height=\"1000\" srcset=\"https:\/\/www.cosmepak.com\/wp-content\/uploads\/2025\/06\/O1CN01WmuLNx1TbFfbYlZsx_2506382400-0-cib1.jpg 1000w, https:\/\/www.cosmepak.com\/wp-content\/uploads\/2025\/06\/O1CN01WmuLNx1TbFfbYlZsx_2506382400-0-cib1-300x300.jpg 300w, https:\/\/www.cosmepak.com\/wp-content\/uploads\/2025\/06\/O1CN01WmuLNx1TbFfbYlZsx_2506382400-0-cib1-150x150.jpg 150w, https:\/\/www.cosmepak.com\/wp-content\/uploads\/2025\/06\/O1CN01WmuLNx1TbFfbYlZsx_2506382400-0-cib1-768x768.jpg 768w, https:\/\/www.cosmepak.com\/wp-content\/uploads\/2025\/06\/O1CN01WmuLNx1TbFfbYlZsx_2506382400-0-cib1-12x12.jpg 12w, https:\/\/www.cosmepak.com\/wp-content\/uploads\/2025\/06\/O1CN01WmuLNx1TbFfbYlZsx_2506382400-0-cib1-600x600.jpg 600w, https:\/\/www.cosmepak.com\/wp-content\/uploads\/2025\/06\/O1CN01WmuLNx1TbFfbYlZsx_2506382400-0-cib1-100x100.jpg 100w\" sizes=\"(max-width: 1000px) 100vw, 1000px\" \/><\/td>\n<\/tr>\n<\/tbody>\n<\/table>\n<table style=\"border-collapse: collapse; width: 100%;\">\n<tbody>\n<tr>\n<td style=\"width: 50%;\"><img loading=\"lazy\" decoding=\"async\" class=\"alignnone size-full wp-image-3777\" src=\"https:\/\/www.cosmepak.com\/wp-content\/uploads\/2025\/06\/161.jpg\" alt=\"\" width=\"1000\" height=\"1000\" srcset=\"https:\/\/www.cosmepak.com\/wp-content\/uploads\/2025\/06\/161.jpg 1000w, https:\/\/www.cosmepak.com\/wp-content\/uploads\/2025\/06\/161-300x300.jpg 300w, https:\/\/www.cosmepak.com\/wp-content\/uploads\/2025\/06\/161-150x150.jpg 150w, https:\/\/www.cosmepak.com\/wp-content\/uploads\/2025\/06\/161-768x768.jpg 768w, https:\/\/www.cosmepak.com\/wp-content\/uploads\/2025\/06\/161-12x12.jpg 12w, https:\/\/www.cosmepak.com\/wp-content\/uploads\/2025\/06\/161-600x600.jpg 600w, https:\/\/www.cosmepak.com\/wp-content\/uploads\/2025\/06\/161-100x100.jpg 100w\" sizes=\"(max-width: 1000px) 100vw, 1000px\" \/><\/td>\n<td style=\"width: 50%;\"><img loading=\"lazy\" decoding=\"async\" class=\"alignnone size-full wp-image-3778\" src=\"https:\/\/www.cosmepak.com\/wp-content\/uploads\/2025\/06\/171.jpg\" alt=\"\" width=\"1000\" height=\"1000\" srcset=\"https:\/\/www.cosmepak.com\/wp-content\/uploads\/2025\/06\/171.jpg 1000w, https:\/\/www.cosmepak.com\/wp-content\/uploads\/2025\/06\/171-300x300.jpg 300w, https:\/\/www.cosmepak.com\/wp-content\/uploads\/2025\/06\/171-150x150.jpg 150w, https:\/\/www.cosmepak.com\/wp-content\/uploads\/2025\/06\/171-768x768.jpg 768w, https:\/\/www.cosmepak.com\/wp-content\/uploads\/2025\/06\/171-12x12.jpg 12w, https:\/\/www.cosmepak.com\/wp-content\/uploads\/2025\/06\/171-600x600.jpg 600w, https:\/\/www.cosmepak.com\/wp-content\/uploads\/2025\/06\/171-100x100.jpg 100w\" sizes=\"(max-width: 1000px) 100vw, 1000px\" \/><\/td>\n<\/tr>\n<\/tbody>\n<\/table>\n<p>&nbsp;<\/p>","protected":false},"excerpt":{"rendered":"<p>Material: vidro<\/p>\n<p>Capacidade: 30 ml<\/p>\n<p>Cor: Aceite personalizado (qualquer cor Pantone dispon\u00edvel)<\/p>\n<p>Acabamento de superf\u00edcie: impress\u00e3o de tela, estampagem a quente, gradiente de pulveriza\u00e7\u00e3o, acabamento fosco, etc.<\/p>\n<p>MOQ: 10000<\/p>\n<p>Amostra: amostras gratuitas dispon\u00edveis<\/p>\n<p>&nbsp;<\/p>\n<p>&nbsp;<\/p>","protected":false},"featured_media":3779,"comment_status":"closed","ping_status":"closed","template":"","meta":{"_acf_changed":false},"product_brand":[],"product_cat":[45,19],"product_tag":[62],"class_list":{"0":"post-2054","1":"product","2":"type-product","3":"status-publish","4":"has-post-thumbnail","6":"product_cat-serum-pump-bottle","7":"product_cat-skincare-glass-bottle","8":"product_tag-serum-bottle","10":"first","11":"instock","12":"shipping-taxable","13":"product-type-simple"},"acf":[],"_links":{"self":[{"href":"https:\/\/www.cosmepak.com\/pt\/wp-json\/wp\/v2\/product\/2054","targetHints":{"allow":["GET"]}}],"collection":[{"href":"https:\/\/www.cosmepak.com\/pt\/wp-json\/wp\/v2\/product"}],"about":[{"href":"https:\/\/www.cosmepak.com\/pt\/wp-json\/wp\/v2\/types\/product"}],"replies":[{"embeddable":true,"href":"https:\/\/www.cosmepak.com\/pt\/wp-json\/wp\/v2\/comments?post=2054"}],"wp:featuredmedia":[{"embeddable":true,"href":"https:\/\/www.cosmepak.com\/pt\/wp-json\/wp\/v2\/media\/3779"}],"wp:attachment":[{"href":"https:\/\/www.cosmepak.com\/pt\/wp-json\/wp\/v2\/media?parent=2054"}],"wp:term":[{"taxonomy":"product_brand","embeddable":true,"href":"https:\/\/www.cosmepak.com\/pt\/wp-json\/wp\/v2\/product_brand?post=2054"},{"taxonomy":"product_cat","embeddable":true,"href":"https:\/\/www.cosmepak.com\/pt\/wp-json\/wp\/v2\/product_cat?post=2054"},{"taxonomy":"product_tag","embeddable":true,"href":"https:\/\/www.cosmepak.com\/pt\/wp-json\/wp\/v2\/product_tag?post=2054"}],"curies":[{"name":"wp","href":"https:\/\/api.w.org\/{rel}","templated":true}]}}