{"id":2088,"date":"2025-06-06T17:30:22","date_gmt":"2025-06-06T09:30:22","guid":{"rendered":"https:\/\/www.cosmepak.com\/?post_type=product&#038;p=2088"},"modified":"2025-12-30T14:50:22","modified_gmt":"2025-12-30T06:50:22","slug":"30ml-40ml-100ml-120ml-square-thick-bottomed-skin-care-product-glass-bottles-in-stock","status":"publish","type":"product","link":"https:\/\/www.cosmepak.com\/pt\/product\/30ml-40ml-100ml-120ml-square-thick-bottomed-skin-care-product-glass-bottles-in-stock\/","title":{"rendered":"30 ml 40 ml 100 ml 120ml quadrado de produto de cuidado da pele com fundo gordo Flascos de vidro em a\u00e7\u00facar\/Jaunce"},"content":{"rendered":"<table style=\"border-collapse: collapse; width: 100%; height: 216px;\">\n<tbody>\n<tr style=\"height: 24px;\">\n<td style=\"width: 40.6929%; height: 216px;\" rowspan=\"9\"><img fetchpriority=\"high\" decoding=\"async\" class=\"alignnone size-full wp-image-2568\" src=\"https:\/\/www.cosmepak.com\/wp-content\/uploads\/2025\/06\/\u4e3b\u56fe-7.jpg\" alt=\"garrafas de creme\" width=\"1000\" height=\"1000\" srcset=\"https:\/\/www.cosmepak.com\/wp-content\/uploads\/2025\/06\/\u4e3b\u56fe-7.jpg 1000w, https:\/\/www.cosmepak.com\/wp-content\/uploads\/2025\/06\/\u4e3b\u56fe-7-300x300.jpg 300w, https:\/\/www.cosmepak.com\/wp-content\/uploads\/2025\/06\/\u4e3b\u56fe-7-150x150.jpg 150w, https:\/\/www.cosmepak.com\/wp-content\/uploads\/2025\/06\/\u4e3b\u56fe-7-768x768.jpg 768w, https:\/\/www.cosmepak.com\/wp-content\/uploads\/2025\/06\/\u4e3b\u56fe-7-12x12.jpg 12w, https:\/\/www.cosmepak.com\/wp-content\/uploads\/2025\/06\/\u4e3b\u56fe-7-600x600.jpg 600w, https:\/\/www.cosmepak.com\/wp-content\/uploads\/2025\/06\/\u4e3b\u56fe-7-100x100.jpg 100w\" sizes=\"(max-width: 1000px) 100vw, 1000px\" \/><\/td>\n<td style=\"width: 23.5109%; height: 24px; text-align: center;\">Marca<\/td>\n<td style=\"width: 35.7961%; height: 24px; text-align: center;\">\u00a0Jaunce<\/td>\n<\/tr>\n<tr style=\"height: 24px;\">\n<td style=\"width: 23.5109%; height: 24px; text-align: center;\">Capacidade<\/td>\n<td style=\"width: 35.7961%; height: 24px; text-align: center;\">30ml\/40ml\/100ml\/120ml\/30g\/50g<\/td>\n<\/tr>\n<tr style=\"height: 24px;\">\n<td style=\"width: 23.5109%; height: 24px; text-align: center;\">Forma<\/td>\n<td style=\"width: 35.7961%; height: 24px; text-align: center;\">Quadrado<\/td>\n<\/tr>\n<tr style=\"height: 24px;\">\n<td style=\"width: 23.5109%; height: 24px; text-align: center;\">Material<\/td>\n<td style=\"width: 35.7961%; height: 24px; text-align: center;\">Vidro<\/td>\n<\/tr>\n<tr style=\"height: 24px;\">\n<td style=\"width: 23.5109%; height: 24px; text-align: center;\">Modelo<\/td>\n<td style=\"width: 35.7961%; height: 24px; text-align: center;\">JH-YJY230<\/td>\n<\/tr>\n<tr style=\"height: 24px;\">\n<td style=\"width: 23.5109%; height: 24px; text-align: center;\">OEM\/ODM<\/td>\n<td style=\"width: 35.7961%; height: 24px; text-align: center;\">Aceitar<\/td>\n<\/tr>\n<tr style=\"height: 24px;\">\n<td style=\"width: 23.5109%; height: 24px; text-align: center;\">Cor<\/td>\n<td style=\"width: 35.7961%; height: 24px; text-align: center;\">Qualquer cor de parte personalizada<\/td>\n<\/tr>\n<tr style=\"height: 24px;\">\n<td style=\"width: 23.5109%; height: 24px; text-align: center;\">Uso<\/td>\n<td style=\"width: 35.7961%; height: 24px; text-align: center;\">Lot\u00e3o\/Funda\u00e7\u00e3o\/creme, etc.<\/td>\n<\/tr>\n<tr style=\"height: 24px;\">\n<td style=\"width: 23.5109%; height: 24px; text-align: center;\">MOQ<\/td>\n<td style=\"width: 35.7961%; height: 24px; text-align: center;\">Transparente 3000pcs, personalizado 10000pcs<\/td>\n<\/tr>\n<\/tbody>\n<\/table>\n<table style=\"border-collapse: collapse; width: 100%; height: 168px;\">\n<tbody>\n<tr style=\"height: 24px;\">\n<td style=\"width: 11.8491%; text-align: center; height: 24px;\"><strong>Item<\/strong><\/td>\n<td style=\"width: 13.1117%; text-align: center; height: 24px;\"><strong>Capacidade<\/strong><\/td>\n<td style=\"width: 14.6772%; text-align: center; height: 24px;\"><strong>Di\u00e2metro<\/strong><\/td>\n<td style=\"width: 12.8016%; text-align: center; height: 24px;\"><strong>Altura do ombro<\/strong><\/td>\n<td style=\"width: 12.6561%; text-align: center; height: 24px;\"><strong>Altura total<\/strong><\/td>\n<\/tr>\n<tr style=\"height: 24px;\">\n<td style=\"width: 11.8491%; text-align: center; height: 24px;\">JH-YJY230-SH1003<\/td>\n<td style=\"width: 13.1117%; text-align: center; height: 24px;\">20G<\/td>\n<td style=\"width: 14.6772%; text-align: center; height: 24px;\">51mm<\/td>\n<td style=\"width: 12.8016%; text-align: center; height: 24px;\">15mm<\/td>\n<td style=\"width: 12.6561%; text-align: center; height: 24px;\">39 mm<\/td>\n<\/tr>\n<tr style=\"height: 24px;\">\n<td style=\"width: 11.8491%; text-align: center; height: 24px;\">JH-YJY230-SH1002<\/td>\n<td style=\"width: 13.1117%; text-align: center; height: 24px;\">50g<\/td>\n<td style=\"width: 14.6772%; text-align: center; height: 24px;\">68mm<\/td>\n<td style=\"width: 12.8016%; text-align: center; height: 24px;\">20mm<\/td>\n<td style=\"width: 12.6561%; text-align: center; height: 24px;\">47 mm<\/td>\n<\/tr>\n<tr style=\"height: 24px;\">\n<td style=\"width: 11.8491%; text-align: center; height: 24px;\">JH-YJY230-SH2019<\/td>\n<td style=\"width: 13.1117%; text-align: center; height: 24px;\">30ml<\/td>\n<td style=\"width: 14.6772%; text-align: center; height: 24px;\">35 mm<\/td>\n<td style=\"width: 12.8016%; text-align: center; height: 24px;\">55 mm<\/td>\n<td style=\"width: 12.6561%; text-align: center; height: 24px;\">109mm<\/td>\n<\/tr>\n<tr style=\"height: 24px;\">\n<td style=\"width: 11.8491%; text-align: center; height: 24px;\">JH-YJY230-SH2018<\/td>\n<td style=\"width: 13.1117%; text-align: center; height: 24px;\">40ml<\/td>\n<td style=\"width: 14.6772%; text-align: center; height: 24px;\">35 mm<\/td>\n<td style=\"width: 12.8016%; text-align: center; height: 24px;\">65 mm<\/td>\n<td style=\"width: 12.6561%; text-align: center; height: 24px;\">122mm<\/td>\n<\/tr>\n<tr style=\"height: 24px;\">\n<td style=\"width: 11.8491%; text-align: center; height: 24px;\">JH-YJY230-SH2017<\/td>\n<td style=\"width: 13.1117%; text-align: center; height: 24px;\">100ml<\/td>\n<td style=\"width: 14.6772%; text-align: center; height: 24px;\">40mm<\/td>\n<td style=\"width: 12.8016%; text-align: center; height: 24px;\">110 mm<\/td>\n<td style=\"width: 12.6561%; text-align: center; height: 24px;\">170 mm<\/td>\n<\/tr>\n<tr style=\"height: 24px;\">\n<td style=\"width: 11.8491%; text-align: center; height: 24px;\">JH-YJY230-SH2016<\/td>\n<td style=\"width: 13.1117%; text-align: center; height: 24px;\">120ml<\/td>\n<td style=\"width: 14.6772%; text-align: center; height: 24px;\">40mm<\/td>\n<td style=\"width: 12.8016%; text-align: center; height: 24px;\">130mm<\/td>\n<td style=\"width: 12.6561%; text-align: center; height: 24px;\">191mm<\/td>\n<\/tr>\n<\/tbody>\n<\/table>\n<p>Esse conjunto de frascos de vidro de cobertura de espessura no fundo do quadrado. Este conjunto vers\u00e1til inclui v\u00e1rios tamanhos de garrafas vazias adequadas para lot\u00f5es, cremas e ser\u00f5es. Trabalhados de vidro de alta qualidade, essas garrafas asseguram que seus produtos da pele s\u00e3o armazenados de forma segura e elegante.<\/p>\n<p style=\"text-align: left;\">Design de fundo espesso quadrado para uma apar\u00eancia modern a e s\u00f3lida e especifica\u00e7\u00f5es m\u00faltiplas para satisfazer diferentes necessidades de corte de pele. Tamb\u00e9m apoiamos artesanato personalizado e personaliza\u00e7\u00e3o de amostras.<\/p>\n<p style=\"text-align: left;\">Aumentar a linha da pele com essas garrafas de vidro elegantes e duradouras. Perfeito para uso pessoal e embalagem profissional.<\/p>\n<p style=\"text-align: center;\"><img decoding=\"async\" class=\"alignnone size-full wp-image-2572\" src=\"https:\/\/www.cosmepak.com\/wp-content\/uploads\/2025\/06\/\u8be6\u60c5-3.jpg\" alt=\"\" width=\"1000\" height=\"1000\" srcset=\"https:\/\/www.cosmepak.com\/wp-content\/uploads\/2025\/06\/\u8be6\u60c5-3.jpg 1000w, https:\/\/www.cosmepak.com\/wp-content\/uploads\/2025\/06\/\u8be6\u60c5-3-300x300.jpg 300w, https:\/\/www.cosmepak.com\/wp-content\/uploads\/2025\/06\/\u8be6\u60c5-3-150x150.jpg 150w, https:\/\/www.cosmepak.com\/wp-content\/uploads\/2025\/06\/\u8be6\u60c5-3-768x768.jpg 768w, https:\/\/www.cosmepak.com\/wp-content\/uploads\/2025\/06\/\u8be6\u60c5-3-12x12.jpg 12w, https:\/\/www.cosmepak.com\/wp-content\/uploads\/2025\/06\/\u8be6\u60c5-3-600x600.jpg 600w, https:\/\/www.cosmepak.com\/wp-content\/uploads\/2025\/06\/\u8be6\u60c5-3-100x100.jpg 100w\" sizes=\"(max-width: 1000px) 100vw, 1000px\" \/><\/p>\n<p>Para esta garrafa de vidro de produto de cuidado da pele com fundo gordo de quadrado fornecemos servi\u00e7os de personaliza\u00e7\u00e3o profissional para garrafas de embalagem cosm\u00e9tica para atender \u00e0s necessidades de diferentes produtos cosm\u00e9ticos. Podemos personalizar passo a passo de acordo com as diferentes necessidades de nossos clientes, da quantidade m\u00ednima de encomenda ao design de apar\u00eancia e impress\u00e3o de marcas.<\/p>\n<p>Temos impress\u00e3o de tela, congelamento, etiqueta de adesivo.padr\u00e3o de rocha pulveriza\u00e7\u00e3o, pulveriza\u00e7\u00e3o de crack de gelo,impress\u00e3o 3D,impress\u00e3o de transfer \u00eancia de \u00e1gua,cor transparente,cor s\u00f3lida,pulveriza\u00e7\u00e3o de gradiente,placa,eletroplatiza\u00e7\u00e3o iridescente, bronza\u00e7\u00e3o e marca\u00e7\u00e3o quente etc.<\/p>\n<p>N\u00f3s nos especializamos em embalagens e env\u00edos de vidro e embalagens pl\u00e1sticas. N\u00f3s adotamos t\u00e9cnicas avan\u00e7adas para garantir que nossa embalagem seja segura e que os produtos sejam entregados sem preju\u00edzo. Garantimos que se algum dano ocorrer durante o transporte, compensaremos todas as perdas sofridas. Com anos de experi\u00eancia na ind\u00fastria, ganhamos uma reputa\u00e7\u00e3o por fornecer excelentes servi\u00e7os de embalagem e transporte para nossos clientes. Confia em n\u00f3s para lidar com suas necessidades de embalagem e transporte e entregar seus produtos em seguran\u00e7a e intacto.<\/p>\n<p><img decoding=\"async\" class=\"size-full wp-image-2569 aligncenter\" src=\"https:\/\/www.cosmepak.com\/wp-content\/uploads\/2025\/06\/\u8be6\u60c5-4.jpg\" alt=\"\" width=\"1000\" height=\"1489\" srcset=\"https:\/\/www.cosmepak.com\/wp-content\/uploads\/2025\/06\/\u8be6\u60c5-4.jpg 1000w, https:\/\/www.cosmepak.com\/wp-content\/uploads\/2025\/06\/\u8be6\u60c5-4-201x300.jpg 201w, https:\/\/www.cosmepak.com\/wp-content\/uploads\/2025\/06\/\u8be6\u60c5-4-688x1024.jpg 688w, https:\/\/www.cosmepak.com\/wp-content\/uploads\/2025\/06\/\u8be6\u60c5-4-768x1144.jpg 768w, https:\/\/www.cosmepak.com\/wp-content\/uploads\/2025\/06\/\u8be6\u60c5-4-8x12.jpg 8w, https:\/\/www.cosmepak.com\/wp-content\/uploads\/2025\/06\/\u8be6\u60c5-4-600x893.jpg 600w\" sizes=\"(max-width: 1000px) 100vw, 1000px\" \/><\/p>\n<p><img loading=\"lazy\" decoding=\"async\" class=\"size-full wp-image-2570 aligncenter\" src=\"https:\/\/www.cosmepak.com\/wp-content\/uploads\/2025\/06\/\u8be6\u60c5-5.jpg\" alt=\"\" width=\"1000\" height=\"943\" srcset=\"https:\/\/www.cosmepak.com\/wp-content\/uploads\/2025\/06\/\u8be6\u60c5-5.jpg 1000w, https:\/\/www.cosmepak.com\/wp-content\/uploads\/2025\/06\/\u8be6\u60c5-5-300x283.jpg 300w, https:\/\/www.cosmepak.com\/wp-content\/uploads\/2025\/06\/\u8be6\u60c5-5-768x724.jpg 768w, https:\/\/www.cosmepak.com\/wp-content\/uploads\/2025\/06\/\u8be6\u60c5-5-13x12.jpg 13w, https:\/\/www.cosmepak.com\/wp-content\/uploads\/2025\/06\/\u8be6\u60c5-5-600x566.jpg 600w\" sizes=\"(max-width: 1000px) 100vw, 1000px\" \/><\/p>\n<p><img loading=\"lazy\" decoding=\"async\" class=\"size-full wp-image-2571 aligncenter\" src=\"https:\/\/www.cosmepak.com\/wp-content\/uploads\/2025\/06\/\u8be6\u60c5-6.jpg\" alt=\"\" width=\"1000\" height=\"981\" srcset=\"https:\/\/www.cosmepak.com\/wp-content\/uploads\/2025\/06\/\u8be6\u60c5-6.jpg 1000w, https:\/\/www.cosmepak.com\/wp-content\/uploads\/2025\/06\/\u8be6\u60c5-6-300x294.jpg 300w, https:\/\/www.cosmepak.com\/wp-content\/uploads\/2025\/06\/\u8be6\u60c5-6-768x753.jpg 768w, https:\/\/www.cosmepak.com\/wp-content\/uploads\/2025\/06\/\u8be6\u60c5-6-12x12.jpg 12w, https:\/\/www.cosmepak.com\/wp-content\/uploads\/2025\/06\/\u8be6\u60c5-6-600x589.jpg 600w\" sizes=\"(max-width: 1000px) 100vw, 1000px\" \/><\/p>\n<table style=\"border-collapse: collapse; width: 100%;\">\n<tbody>\n<tr>\n<td style=\"width: 50%;\"><img loading=\"lazy\" decoding=\"async\" class=\"alignnone size-full wp-image-3841\" src=\"https:\/\/www.cosmepak.com\/wp-content\/uploads\/2025\/06\/9-1.jpg\" alt=\"\" width=\"1000\" height=\"1000\" srcset=\"https:\/\/www.cosmepak.com\/wp-content\/uploads\/2025\/06\/9-1.jpg 1000w, https:\/\/www.cosmepak.com\/wp-content\/uploads\/2025\/06\/9-1-300x300.jpg 300w, https:\/\/www.cosmepak.com\/wp-content\/uploads\/2025\/06\/9-1-150x150.jpg 150w, https:\/\/www.cosmepak.com\/wp-content\/uploads\/2025\/06\/9-1-768x768.jpg 768w, https:\/\/www.cosmepak.com\/wp-content\/uploads\/2025\/06\/9-1-12x12.jpg 12w, https:\/\/www.cosmepak.com\/wp-content\/uploads\/2025\/06\/9-1-600x600.jpg 600w, https:\/\/www.cosmepak.com\/wp-content\/uploads\/2025\/06\/9-1-100x100.jpg 100w\" sizes=\"(max-width: 1000px) 100vw, 1000px\" \/><\/td>\n<td style=\"width: 50%;\"><img loading=\"lazy\" decoding=\"async\" class=\"alignnone size-full wp-image-3842\" src=\"https:\/\/www.cosmepak.com\/wp-content\/uploads\/2025\/06\/10-1.jpg\" alt=\"\" width=\"1000\" height=\"1000\" srcset=\"https:\/\/www.cosmepak.com\/wp-content\/uploads\/2025\/06\/10-1.jpg 1000w, https:\/\/www.cosmepak.com\/wp-content\/uploads\/2025\/06\/10-1-300x300.jpg 300w, https:\/\/www.cosmepak.com\/wp-content\/uploads\/2025\/06\/10-1-150x150.jpg 150w, https:\/\/www.cosmepak.com\/wp-content\/uploads\/2025\/06\/10-1-768x768.jpg 768w, https:\/\/www.cosmepak.com\/wp-content\/uploads\/2025\/06\/10-1-12x12.jpg 12w, https:\/\/www.cosmepak.com\/wp-content\/uploads\/2025\/06\/10-1-600x600.jpg 600w, https:\/\/www.cosmepak.com\/wp-content\/uploads\/2025\/06\/10-1-100x100.jpg 100w\" sizes=\"(max-width: 1000px) 100vw, 1000px\" \/><\/td>\n<\/tr>\n<\/tbody>\n<\/table>\n<table style=\"border-collapse: collapse; width: 100%;\">\n<tbody>\n<tr>\n<td style=\"width: 50%;\"><img loading=\"lazy\" decoding=\"async\" class=\"alignnone size-full wp-image-3843\" src=\"https:\/\/www.cosmepak.com\/wp-content\/uploads\/2025\/06\/7-1.jpg\" alt=\"\" width=\"1000\" height=\"1000\" srcset=\"https:\/\/www.cosmepak.com\/wp-content\/uploads\/2025\/06\/7-1.jpg 1000w, https:\/\/www.cosmepak.com\/wp-content\/uploads\/2025\/06\/7-1-300x300.jpg 300w, https:\/\/www.cosmepak.com\/wp-content\/uploads\/2025\/06\/7-1-150x150.jpg 150w, https:\/\/www.cosmepak.com\/wp-content\/uploads\/2025\/06\/7-1-768x768.jpg 768w, https:\/\/www.cosmepak.com\/wp-content\/uploads\/2025\/06\/7-1-12x12.jpg 12w, https:\/\/www.cosmepak.com\/wp-content\/uploads\/2025\/06\/7-1-600x600.jpg 600w, https:\/\/www.cosmepak.com\/wp-content\/uploads\/2025\/06\/7-1-100x100.jpg 100w\" sizes=\"(max-width: 1000px) 100vw, 1000px\" \/><\/td>\n<td style=\"width: 50%;\"><img loading=\"lazy\" decoding=\"async\" class=\"alignnone size-full wp-image-3844\" src=\"https:\/\/www.cosmepak.com\/wp-content\/uploads\/2025\/06\/8-1.jpg\" alt=\"\" width=\"1000\" height=\"1000\" srcset=\"https:\/\/www.cosmepak.com\/wp-content\/uploads\/2025\/06\/8-1.jpg 1000w, https:\/\/www.cosmepak.com\/wp-content\/uploads\/2025\/06\/8-1-300x300.jpg 300w, https:\/\/www.cosmepak.com\/wp-content\/uploads\/2025\/06\/8-1-150x150.jpg 150w, https:\/\/www.cosmepak.com\/wp-content\/uploads\/2025\/06\/8-1-768x768.jpg 768w, https:\/\/www.cosmepak.com\/wp-content\/uploads\/2025\/06\/8-1-12x12.jpg 12w, https:\/\/www.cosmepak.com\/wp-content\/uploads\/2025\/06\/8-1-600x600.jpg 600w, https:\/\/www.cosmepak.com\/wp-content\/uploads\/2025\/06\/8-1-100x100.jpg 100w\" sizes=\"(max-width: 1000px) 100vw, 1000px\" \/><\/td>\n<\/tr>\n<\/tbody>\n<\/table>\n<p>&nbsp;<\/p>\n<p><strong>\u00a0<\/strong><\/p>\n<p>&nbsp;<\/p>","protected":false},"excerpt":{"rendered":"<p>Material: vidro<\/p>\n<p>Forma: Quadrado<\/p>\n<p>Cap: Tira a chapa de merda\/chapa de bomba\/ Dropper para escolher.<\/p>\n<p>Capacidade: 30ml\/40ml\/100ml\/120ml\/30g\/50g<\/p>\n<p>Cor: Aceite personalizado (qualquer cor Pantone dispon\u00edvel)<\/p>\n<p>Acabamento de superf\u00edcie: impress\u00e3o de tela, estampagem a quente, gradiente de pulveriza\u00e7\u00e3o, acabamento fosco, etc.<\/p>\n<p>MOQ: 3000pcs \/qty personalizado 10000pcs<\/p>\n<p>Amostra: amostras gratuitas dispon\u00edveis<\/p>\n<p>OEM\/ODM: Aceit\u00e1vel<\/p>\n<p>&nbsp;<\/p>\n<p>&nbsp;<\/p>","protected":false},"featured_media":2573,"comment_status":"closed","ping_status":"closed","template":"","meta":{"_acf_changed":false},"product_brand":[],"product_cat":[19,46],"product_tag":[43],"class_list":{"0":"post-2088","1":"product","2":"type-product","3":"status-publish","4":"has-post-thumbnail","6":"product_cat-skincare-glass-bottle","7":"product_cat-skincare-product-set-package","8":"product_tag-cosmetic-package-bottles","10":"first","11":"instock","12":"shipping-taxable","13":"product-type-simple"},"acf":[],"_links":{"self":[{"href":"https:\/\/www.cosmepak.com\/pt\/wp-json\/wp\/v2\/product\/2088","targetHints":{"allow":["GET"]}}],"collection":[{"href":"https:\/\/www.cosmepak.com\/pt\/wp-json\/wp\/v2\/product"}],"about":[{"href":"https:\/\/www.cosmepak.com\/pt\/wp-json\/wp\/v2\/types\/product"}],"replies":[{"embeddable":true,"href":"https:\/\/www.cosmepak.com\/pt\/wp-json\/wp\/v2\/comments?post=2088"}],"wp:featuredmedia":[{"embeddable":true,"href":"https:\/\/www.cosmepak.com\/pt\/wp-json\/wp\/v2\/media\/2573"}],"wp:attachment":[{"href":"https:\/\/www.cosmepak.com\/pt\/wp-json\/wp\/v2\/media?parent=2088"}],"wp:term":[{"taxonomy":"product_brand","embeddable":true,"href":"https:\/\/www.cosmepak.com\/pt\/wp-json\/wp\/v2\/product_brand?post=2088"},{"taxonomy":"product_cat","embeddable":true,"href":"https:\/\/www.cosmepak.com\/pt\/wp-json\/wp\/v2\/product_cat?post=2088"},{"taxonomy":"product_tag","embeddable":true,"href":"https:\/\/www.cosmepak.com\/pt\/wp-json\/wp\/v2\/product_tag?post=2088"}],"curies":[{"name":"wp","href":"https:\/\/api.w.org\/{rel}","templated":true}]}}