{"id":2691,"date":"2025-07-22T09:59:50","date_gmt":"2025-07-22T01:59:50","guid":{"rendered":"https:\/\/www.cosmepak.com\/?post_type=product&#038;p=2691"},"modified":"2025-08-06T08:26:16","modified_gmt":"2025-08-06T00:26:16","slug":"petg-bottle-with-pump","status":"publish","type":"product","link":"https:\/\/www.cosmepak.com\/pt\/product\/petg-bottle-with-pump\/","title":{"rendered":"Flasco PETG com bomba de lot\u00e3o\/Jaunce"},"content":{"rendered":"<table style=\"border-collapse: collapse; width: 100%; height: 168px;\">\n<tbody>\n<tr style=\"height: 24px;\">\n<td style=\"width: 33.3333%; height: 168px;\" rowspan=\"5\"><img fetchpriority=\"high\" decoding=\"async\" class=\"alignnone size-full wp-image-2693\" src=\"https:\/\/www.cosmepak.com\/wp-content\/uploads\/2025\/07\/307.jpg\" alt=\"\" width=\"1200\" height=\"1200\" srcset=\"https:\/\/www.cosmepak.com\/wp-content\/uploads\/2025\/07\/307.jpg 1200w, https:\/\/www.cosmepak.com\/wp-content\/uploads\/2025\/07\/307-300x300.jpg 300w, https:\/\/www.cosmepak.com\/wp-content\/uploads\/2025\/07\/307-1024x1024.jpg 1024w, https:\/\/www.cosmepak.com\/wp-content\/uploads\/2025\/07\/307-150x150.jpg 150w, https:\/\/www.cosmepak.com\/wp-content\/uploads\/2025\/07\/307-768x768.jpg 768w, https:\/\/www.cosmepak.com\/wp-content\/uploads\/2025\/07\/307-12x12.jpg 12w, https:\/\/www.cosmepak.com\/wp-content\/uploads\/2025\/07\/307-600x600.jpg 600w, https:\/\/www.cosmepak.com\/wp-content\/uploads\/2025\/07\/307-100x100.jpg 100w\" sizes=\"(max-width: 1200px) 100vw, 1200px\" \/><\/td>\n<td style=\"width: 33.122%; height: 24px; text-align: center;\">Marca<\/td>\n<td style=\"width: 33.5446%; height: 24px; text-align: center;\">Jaunce<\/td>\n<\/tr>\n<tr style=\"height: 24px;\">\n<td style=\"width: 33.122%; height: 24px; text-align: center;\">Modelo<\/td>\n<td style=\"width: 33.5446%; height: 24px; text-align: center;\">JH-SK24-28<\/td>\n<\/tr>\n<tr style=\"height: 24px;\">\n<td style=\"width: 33.122%; height: 24px; text-align: center;\">Capabilidade<\/td>\n<td style=\"width: 33.5446%; height: 24px; text-align: center;\">200 ml\/400 ml<\/td>\n<\/tr>\n<tr style=\"height: 24px;\">\n<td style=\"width: 33.122%; height: 24px; text-align: center;\">Cor<\/td>\n<td style=\"width: 33.5446%; height: 24px; text-align: center;\">personalizado<\/td>\n<\/tr>\n<tr style=\"height: 24px;\">\n<td style=\"width: 33.122%; height: 24px; text-align: center;\">Material<\/td>\n<td style=\"width: 33.5446%; height: 24px; text-align: center;\">PETG<\/td>\n<\/tr>\n<\/tbody>\n<\/table>\n<p>&nbsp;<\/p>\n<p><img decoding=\"async\" class=\"alignnone size-full wp-image-2694\" src=\"https:\/\/www.cosmepak.com\/wp-content\/uploads\/2025\/07\/304.jpg\" alt=\"\" width=\"1200\" height=\"1200\" srcset=\"https:\/\/www.cosmepak.com\/wp-content\/uploads\/2025\/07\/304.jpg 1200w, https:\/\/www.cosmepak.com\/wp-content\/uploads\/2025\/07\/304-300x300.jpg 300w, https:\/\/www.cosmepak.com\/wp-content\/uploads\/2025\/07\/304-1024x1024.jpg 1024w, https:\/\/www.cosmepak.com\/wp-content\/uploads\/2025\/07\/304-150x150.jpg 150w, https:\/\/www.cosmepak.com\/wp-content\/uploads\/2025\/07\/304-768x768.jpg 768w, https:\/\/www.cosmepak.com\/wp-content\/uploads\/2025\/07\/304-12x12.jpg 12w, https:\/\/www.cosmepak.com\/wp-content\/uploads\/2025\/07\/304-600x600.jpg 600w, https:\/\/www.cosmepak.com\/wp-content\/uploads\/2025\/07\/304-100x100.jpg 100w\" sizes=\"(max-width: 1200px) 100vw, 1200px\" \/><\/p>\n<p><img decoding=\"async\" class=\"alignnone size-full wp-image-2695\" src=\"https:\/\/www.cosmepak.com\/wp-content\/uploads\/2025\/07\/305.jpg\" alt=\"\" width=\"1200\" height=\"1200\" srcset=\"https:\/\/www.cosmepak.com\/wp-content\/uploads\/2025\/07\/305.jpg 1200w, https:\/\/www.cosmepak.com\/wp-content\/uploads\/2025\/07\/305-300x300.jpg 300w, https:\/\/www.cosmepak.com\/wp-content\/uploads\/2025\/07\/305-1024x1024.jpg 1024w, https:\/\/www.cosmepak.com\/wp-content\/uploads\/2025\/07\/305-150x150.jpg 150w, https:\/\/www.cosmepak.com\/wp-content\/uploads\/2025\/07\/305-768x768.jpg 768w, https:\/\/www.cosmepak.com\/wp-content\/uploads\/2025\/07\/305-12x12.jpg 12w, https:\/\/www.cosmepak.com\/wp-content\/uploads\/2025\/07\/305-600x600.jpg 600w, https:\/\/www.cosmepak.com\/wp-content\/uploads\/2025\/07\/305-100x100.jpg 100w\" sizes=\"(max-width: 1200px) 100vw, 1200px\" \/><\/p>\n<p><img loading=\"lazy\" decoding=\"async\" class=\"alignnone size-full wp-image-2696\" src=\"https:\/\/www.cosmepak.com\/wp-content\/uploads\/2025\/07\/306.jpg\" alt=\"\" width=\"1200\" height=\"1200\" srcset=\"https:\/\/www.cosmepak.com\/wp-content\/uploads\/2025\/07\/306.jpg 1200w, https:\/\/www.cosmepak.com\/wp-content\/uploads\/2025\/07\/306-300x300.jpg 300w, https:\/\/www.cosmepak.com\/wp-content\/uploads\/2025\/07\/306-1024x1024.jpg 1024w, https:\/\/www.cosmepak.com\/wp-content\/uploads\/2025\/07\/306-150x150.jpg 150w, https:\/\/www.cosmepak.com\/wp-content\/uploads\/2025\/07\/306-768x768.jpg 768w, https:\/\/www.cosmepak.com\/wp-content\/uploads\/2025\/07\/306-12x12.jpg 12w, https:\/\/www.cosmepak.com\/wp-content\/uploads\/2025\/07\/306-600x600.jpg 600w, https:\/\/www.cosmepak.com\/wp-content\/uploads\/2025\/07\/306-100x100.jpg 100w\" sizes=\"(max-width: 1200px) 100vw, 1200px\" \/><\/p>\n<p>Botelas PETG inovadoras para produtos de cuidado pessoal<br \/>\nNo mundo competitivo dos produtos de cuidado pessoal, embalagens desempenham um papel crucial em atrair os consumidores e assegurar a integridade dos produtos. Hoje, exploramos dois projetos inovadores de garrafas PETG que est\u00e3o estabelecendo novos padr\u00f5es na ind\u00fastria: a garrafa de gel de chuveiro de Matte Transparente PETG, a garrafa de shampo de bomba de 400 ml<\/p>\n<p>200ml Transparente Matte PETG Shower Gel Bottle<br \/>\nA garrafa de gelo de 200 ml Transparente Matte PETG Shower Gel \u00e9 projetada para oferecer apelo est\u00e9tico e benef\u00edcios funcionais. O final de mat\u00e9 fornece um olhar sofisticado, fazendo-o destacar nas prateleiras. A transpar\u00eancia permite aos consumidores ver o produto dentro, o que pode aumentar a confian\u00e7a e o apelo. O material PETG \u00e9 conhecido pela sua durabilidade e resist\u00eancia ao impacto, tornando-o ideal para ambientes de banho onde as garrafas s\u00e3o freq\u00fcentemente manipuladas.<\/p>\n<p>Flasco de 400 ml de bomba de shampo<br \/>\nDepois, temos a garrafa de 400 ml de bomba de shampo. Esta garrafa est\u00e1 equipada com um mecanismo de bomba conveniente, tornando f\u00e1cil para os usu\u00e1rios dispensar a quantidade certa de shampoo sem nenhum problema. A maior capacidade de 400 ml assegura que os usu\u00e1rios possuem um amplo abastecimento, reduzindo a frequ\u00eancia de riacquistas. O material PETG assegura que a garrafa permanece forte e resistente \u00e0 quebra, mesmo em condi\u00e7\u00f5es h\u00famidas de banho.<\/p>\n<p>Conclus\u00e3o<br \/>\nEm conclus\u00e3o, essas duas garrafas de PETG \u2013 a garrafa de Gelo de Ducha de Matte PETG de 200 ml, a garrafa de shampo de 400 ml \u2013 exemplificam inova\u00e7\u00e3o em embalagens de cuidados pessoais. Seus projetos \u00fanicos e benef\u00edcios funcionais s\u00e3o adaptados para atender \u00e0s necessidades e prefer\u00eancias dos consumidores. Ao escolher material PETG, os fabricantes asseguram durabilidade, apelo est\u00e9tico e seguran\u00e7a dos produtos, tornando essas garrafas uma adi\u00e7\u00e3o valiosa a qualquer linha de produtos de cuidado pessoal.<\/p>\n<table style=\"border-collapse: collapse; width: 100%;\">\n<tbody>\n<tr>\n<td style=\"width: 40.1818%;\"><\/td>\n<td style=\"width: 59.8182%;\"><\/td>\n<\/tr>\n<\/tbody>\n<\/table>\n<p><img loading=\"lazy\" decoding=\"async\" class=\"alignnone size-full wp-image-1347\" src=\"https:\/\/www.cosmepak.com\/wp-content\/uploads\/2024\/12\/\u9996\u987519202_03.jpg\" alt=\"espet\u00e1culo de f\u00e1brica\" width=\"1920\" height=\"885\" srcset=\"https:\/\/www.cosmepak.com\/wp-content\/uploads\/2024\/12\/\u9996\u987519202_03.jpg 1920w, https:\/\/www.cosmepak.com\/wp-content\/uploads\/2024\/12\/\u9996\u987519202_03-300x138.jpg 300w, https:\/\/www.cosmepak.com\/wp-content\/uploads\/2024\/12\/\u9996\u987519202_03-1024x472.jpg 1024w, https:\/\/www.cosmepak.com\/wp-content\/uploads\/2024\/12\/\u9996\u987519202_03-768x354.jpg 768w, https:\/\/www.cosmepak.com\/wp-content\/uploads\/2024\/12\/\u9996\u987519202_03-1536x708.jpg 1536w, https:\/\/www.cosmepak.com\/wp-content\/uploads\/2024\/12\/\u9996\u987519202_03-600x277.jpg 600w\" sizes=\"(max-width: 1920px) 100vw, 1920px\" \/><\/p>\n<p><img loading=\"lazy\" decoding=\"async\" class=\"alignnone size-full wp-image-1348\" src=\"https:\/\/www.cosmepak.com\/wp-content\/uploads\/2024\/12\/\u9996\u987519202_04.jpg\" alt=\"\" width=\"1920\" height=\"694\" srcset=\"https:\/\/www.cosmepak.com\/wp-content\/uploads\/2024\/12\/\u9996\u987519202_04.jpg 1920w, https:\/\/www.cosmepak.com\/wp-content\/uploads\/2024\/12\/\u9996\u987519202_04-300x108.jpg 300w, https:\/\/www.cosmepak.com\/wp-content\/uploads\/2024\/12\/\u9996\u987519202_04-1024x370.jpg 1024w, https:\/\/www.cosmepak.com\/wp-content\/uploads\/2024\/12\/\u9996\u987519202_04-768x278.jpg 768w, https:\/\/www.cosmepak.com\/wp-content\/uploads\/2024\/12\/\u9996\u987519202_04-1536x555.jpg 1536w, https:\/\/www.cosmepak.com\/wp-content\/uploads\/2024\/12\/\u9996\u987519202_04-600x217.jpg 600w\" sizes=\"(max-width: 1920px) 100vw, 1920px\" \/><img loading=\"lazy\" decoding=\"async\" class=\"alignnone size-full wp-image-1350\" src=\"https:\/\/www.cosmepak.com\/wp-content\/uploads\/2024\/12\/\u9996\u987519202_05-1.jpg\" alt=\"\" width=\"1920\" height=\"970\" srcset=\"https:\/\/www.cosmepak.com\/wp-content\/uploads\/2024\/12\/\u9996\u987519202_05-1.jpg 1920w, https:\/\/www.cosmepak.com\/wp-content\/uploads\/2024\/12\/\u9996\u987519202_05-1-300x152.jpg 300w, https:\/\/www.cosmepak.com\/wp-content\/uploads\/2024\/12\/\u9996\u987519202_05-1-1024x517.jpg 1024w, https:\/\/www.cosmepak.com\/wp-content\/uploads\/2024\/12\/\u9996\u987519202_05-1-768x388.jpg 768w, https:\/\/www.cosmepak.com\/wp-content\/uploads\/2024\/12\/\u9996\u987519202_05-1-1536x776.jpg 1536w, https:\/\/www.cosmepak.com\/wp-content\/uploads\/2024\/12\/\u9996\u987519202_05-1-600x303.jpg 600w\" sizes=\"(max-width: 1920px) 100vw, 1920px\" \/><img loading=\"lazy\" decoding=\"async\" class=\"alignnone wp-image-1351\" src=\"https:\/\/www.cosmepak.com\/wp-content\/uploads\/2024\/12\/\u7269\u6d41\u8fd0\u8f93\u753b\u9762-2.jpg\" alt=\"\" width=\"1385\" height=\"1039\" srcset=\"https:\/\/www.cosmepak.com\/wp-content\/uploads\/2024\/12\/\u7269\u6d41\u8fd0\u8f93\u753b\u9762-2.jpg 800w, https:\/\/www.cosmepak.com\/wp-content\/uploads\/2024\/12\/\u7269\u6d41\u8fd0\u8f93\u753b\u9762-2-300x225.jpg 300w, https:\/\/www.cosmepak.com\/wp-content\/uploads\/2024\/12\/\u7269\u6d41\u8fd0\u8f93\u753b\u9762-2-768x576.jpg 768w, https:\/\/www.cosmepak.com\/wp-content\/uploads\/2024\/12\/\u7269\u6d41\u8fd0\u8f93\u753b\u9762-2-600x450.jpg 600w\" sizes=\"(max-width: 1385px) 100vw, 1385px\" \/><\/p>\n<table style=\"border-collapse: collapse; width: 100%;\">\n<tbody>\n<tr>\n<td style=\"width: 33.3333%; text-align: center;\"><strong>Expressar<\/strong><\/td>\n<td style=\"width: 33.3333%; text-align: center;\"><strong>Frete a\u00e9reo<\/strong><\/td>\n<td style=\"width: 33.3333%; text-align: center;\"><strong>Transporte mar\u00edtimo<\/strong><\/td>\n<\/tr>\n<tr>\n<td style=\"width: 33.3333%; text-align: center;\">Europ 4-6 dias<\/p>\n<p>Am\u00e9rica do Norte de 4 a 6 dias<\/p>\n<p>Sudeste Asi\u00e1tico de 3 a 5 dias<\/p>\n<p>O Oriente M\u00e9dio de 4 a 6 dias<\/p>\n<p>\u00c1frica do Sul de 5 a 8 dias<\/td>\n<td style=\"width: 33.3333%; text-align: center;\">Europ 4-6 dias<\/p>\n<p>Am\u00e9rica do Norte de 4 a 6 dias<\/p>\n<p>Sudeste Asi\u00e1tico de 3 a 5 dias<\/p>\n<p>O Oriente M\u00e9dio de 4 a 6 dias<\/p>\n<p>\u00c1frica do Sul de 5 a 8 dias<\/td>\n<td style=\"width: 33.3333%; text-align: center;\">Europ 25-35 dias<\/p>\n<p>Am\u00e9rica do Norte de 25 a 35 dias<\/p>\n<p>Sudeste Asi\u00e1tico de 25 a 35 dias<\/p>\n<p>O Oriente M\u00e9dio de 25 a 35 dias<\/p>\n<p>\u00c1frica do Sul 25-35 dias<\/td>\n<\/tr>\n<\/tbody>\n<\/table>\n<p><span style=\"font-size: 14pt;\"><strong>PERGUNTAS FREQUENTES:<\/strong><\/span><\/p>\n<h3 id=\"why-choose-us-over-other-suppliers\" class=\"ai-center-markdown-h3\" data-spm-anchor-id=\"a2747.product_manager.0.i9.289071d2HpLvJq\">Por que nos escolher em vez de outros fornecedores?<\/h3>\n<ol class=\"ai-center-markdown-ol\" start=\"1\">\n<li class=\"ai-center-markdown-li\"><strong class=\"ai-center-markdown-strong\">Desenhos adaptados<\/strong>Designes personalizados entregados em apenas 3 minutos.<\/li>\n<li class=\"ai-center-markdown-li\"><strong class=\"ai-center-markdown-strong\">Servi\u00e7o Online 24\/7<\/strong>: Suporte dispon\u00edvel ao redor do rel\u00f3gio.<\/li>\n<li class=\"ai-center-markdown-li\"><strong class=\"ai-center-markdown-strong\">Mostras r\u00e1pidas<\/strong>: Mostras de a\u00e7\u00f5es prontas dentro de 7 dias; - amostras impressas personalizadas dispon\u00edveis em 15 dias.<\/li>\n<li class=\"ai-center-markdown-li\"><strong class=\"ai-center-markdown-strong\">Tempo r\u00e1pido de lideran\u00e7a<\/strong>: Tempo de produ\u00e7\u00e3o de apenas 35 dias.<\/li>\n<li class=\"ai-center-markdown-li\"><strong class=\"ai-center-markdown-strong\">Fabricante Experiente<\/strong>: Mais de uma d\u00e9cada de experi\u00eancia em embalagens cosm\u00e9ticos.<\/li>\n<li class=\"ai-center-markdown-li\"><strong class=\"ai-center-markdown-strong\">Pre\u00e7os Factoriais Diretos<\/strong>: Garantizar o melhor valor e servi\u00e7o.<\/li>\n<li class=\"ai-center-markdown-li\"><strong class=\"ai-center-markdown-strong\">Solu\u00e7\u00f5es Comprensivas<\/strong>: Solu\u00e7\u00f5es completas para todas as suas necessidades de embalagem cosm\u00e9tica.<\/li>\n<\/ol>\n<h3 id=\"who-are-we\" class=\"ai-center-markdown-h3\">Quem somos n\u00f3s?<\/h3>\n<p class=\"ai-center-markdown-p\">Localizado em Zhejiang, China, estamos operando desde 2014. Nossa distribui\u00e7\u00e3o de mercado inclui:<\/p>\n<ul class=\"ai-center-markdown-ul\">\n<li class=\"ai-center-markdown-li\">Mercado Interno (70%)<\/li>\n<li class=\"ai-center-markdown-li\">Oceania (8%)<\/li>\n<li class=\"ai-center-markdown-li\">Oriente M\u00e9dio (7%)<\/li>\n<li class=\"ai-center-markdown-li\">\u00c1sia Oriental (2%)<\/li>\n<li class=\"ai-center-markdown-li\">Am\u00e9rica do Norte (2%)<\/li>\n<li class=\"ai-center-markdown-li\">Europa Ocidental (2%)<\/li>\n<li class=\"ai-center-markdown-li\">Sudeste \u00c1sia (2%)<\/li>\n<li class=\"ai-center-markdown-li\">\u00c1sia do Sul (1%)<\/li>\n<li class=\"ai-center-markdown-li\">Am\u00e9rica do Sul (1%)<\/li>\n<li class=\"ai-center-markdown-li\">Europa do Sul (1%)<\/li>\n<li class=\"ai-center-markdown-li\">Am\u00e9rica Central (1%)<\/li>\n<li class=\"ai-center-markdown-li\">Europa do Norte (1%)<\/li>\n<li class=\"ai-center-markdown-li\">\u00c1frica (1%)<\/li>\n<li class=\"ai-center-markdown-li\">Europa Oriental (1%)<\/li>\n<\/ul>\n<h3 id=\"how-do-we-guarantee-quality\" class=\"ai-center-markdown-h3\">Como garantimos a qualidade?<\/h3>\n<p class=\"ai-center-markdown-p\">N\u00f3s fornecemos uma amostra de pr\u00e9-produ\u00e7\u00e3o antes da produ\u00e7\u00e3o em mass a e realizamos inspec\u00e7\u00f5es finais antes da expedi\u00e7\u00e3o.<\/p>\n<h3 id=\"what-products-can-you-purchase-from-us\" class=\"ai-center-markdown-h3\">Que produtos voc\u00ea pode comprar de n\u00f3s?<\/h3>\n<p class=\"ai-center-markdown-p\">Oferecemos uma variedade de materiais de embalagem cosm\u00e9ticos, incluindo:<\/p>\n<ul class=\"ai-center-markdown-ul\">\n<li class=\"ai-center-markdown-li\">Flascos de vidro<\/li>\n<li class=\"ai-center-markdown-li\">Flascos\/vasos\/tubos de pl\u00e1stico<\/li>\n<li class=\"ai-center-markdown-li\">Flascos\/vasos\/tubos de alum\u00ednio<\/li>\n<\/ul>\n<h3 id=\"what-services-do-we-provide\" class=\"ai-center-markdown-h3\">Que servi\u00e7os fornecemos?<\/h3>\n<ul class=\"ai-center-markdown-ul\">\n<li class=\"ai-center-markdown-li\"><strong class=\"ai-center-markdown-strong\">Condi\u00e7\u00f5es de entrega aceitadas<\/strong>: FOB, CFR, CIF<\/li>\n<li class=\"ai-center-markdown-li\"><strong class=\"ai-center-markdown-strong\">Monetas de pagamento aceitadas<\/strong>: USD, EUR, HKD, CNY<\/li>\n<li class=\"ai-center-markdown-li\"><strong class=\"ai-center-markdown-strong\">M\u00e9todos de Pagamento Aceitados<\/strong>: T\/T, L\/C, D\/P D\/A<\/li>\n<li class=\"ai-center-markdown-li\"><strong class=\"ai-center-markdown-strong\">Linguagens Faladas<\/strong>Ingl\u00eas e chin\u00eas<\/li>\n<\/ul>\n<p>&nbsp;<\/p>","protected":false},"excerpt":{"rendered":"<p>Material de Botelha: PETG<\/p>\n<p>Cap material: pp<\/p>\n<p>Capacidade : 200ML\/400ML<\/p>\n<p>Cap: Bomba<\/p>\n<p>Cor: Personalizado (qualquer cor Pantone Avali\u00e1vel)<\/p>\n<p>Acabamento de superf\u00edcie: impress\u00e3o de tela, cobertura, estampagem a quente, gradiente de spray, acabamento fosco, etc.<\/p>\n<p>MOQ: 5000pcs;<\/p>\n<p>&nbsp;<\/p>","protected":false},"featured_media":2692,"comment_status":"open","ping_status":"closed","template":"","meta":{"_acf_changed":false},"product_brand":[],"product_cat":[47,18],"product_tag":[41],"class_list":{"0":"post-2691","1":"product","2":"type-product","3":"status-publish","4":"has-post-thumbnail","6":"product_cat-lotion-bottle","7":"product_cat-plastic-bottle","8":"product_tag-plastic-bottle","10":"first","11":"instock","12":"shipping-taxable","13":"product-type-simple"},"acf":[],"_links":{"self":[{"href":"https:\/\/www.cosmepak.com\/pt\/wp-json\/wp\/v2\/product\/2691","targetHints":{"allow":["GET"]}}],"collection":[{"href":"https:\/\/www.cosmepak.com\/pt\/wp-json\/wp\/v2\/product"}],"about":[{"href":"https:\/\/www.cosmepak.com\/pt\/wp-json\/wp\/v2\/types\/product"}],"replies":[{"embeddable":true,"href":"https:\/\/www.cosmepak.com\/pt\/wp-json\/wp\/v2\/comments?post=2691"}],"wp:featuredmedia":[{"embeddable":true,"href":"https:\/\/www.cosmepak.com\/pt\/wp-json\/wp\/v2\/media\/2692"}],"wp:attachment":[{"href":"https:\/\/www.cosmepak.com\/pt\/wp-json\/wp\/v2\/media?parent=2691"}],"wp:term":[{"taxonomy":"product_brand","embeddable":true,"href":"https:\/\/www.cosmepak.com\/pt\/wp-json\/wp\/v2\/product_brand?post=2691"},{"taxonomy":"product_cat","embeddable":true,"href":"https:\/\/www.cosmepak.com\/pt\/wp-json\/wp\/v2\/product_cat?post=2691"},{"taxonomy":"product_tag","embeddable":true,"href":"https:\/\/www.cosmepak.com\/pt\/wp-json\/wp\/v2\/product_tag?post=2691"}],"curies":[{"name":"wp","href":"https:\/\/api.w.org\/{rel}","templated":true}]}}