{"id":2945,"date":"2025-09-11T15:10:46","date_gmt":"2025-09-11T07:10:46","guid":{"rendered":"https:\/\/www.cosmepak.com\/?post_type=product&#038;p=2945"},"modified":"2025-12-31T15:20:41","modified_gmt":"2025-12-31T07:20:41","slug":"hot-selling-small-capacity-20ml-50ml-glass-bottle-with-dropper-jaunce","status":"publish","type":"product","link":"https:\/\/www.cosmepak.com\/pt\/product\/hot-selling-small-capacity-20ml-50ml-glass-bottle-with-dropper-jaunce\/","title":{"rendered":"Botelha de vidro de 20 ml-50 ml de venda quente de pequena capacidade"},"content":{"rendered":"<table style=\"border-collapse: collapse; width: 100%; height: 216px;\">\n<tbody>\n<tr style=\"height: 24px;\">\n<td style=\"width: 40.6929%; height: 216px;\" rowspan=\"9\"><img fetchpriority=\"high\" decoding=\"async\" class=\"alignnone size-full wp-image-3873\" src=\"https:\/\/www.cosmepak.com\/wp-content\/uploads\/2025\/09\/\u4e3b\u56fe-6.jpg\" alt=\"\" width=\"800\" height=\"800\" srcset=\"https:\/\/www.cosmepak.com\/wp-content\/uploads\/2025\/09\/\u4e3b\u56fe-6.jpg 800w, https:\/\/www.cosmepak.com\/wp-content\/uploads\/2025\/09\/\u4e3b\u56fe-6-300x300.jpg 300w, https:\/\/www.cosmepak.com\/wp-content\/uploads\/2025\/09\/\u4e3b\u56fe-6-150x150.jpg 150w, https:\/\/www.cosmepak.com\/wp-content\/uploads\/2025\/09\/\u4e3b\u56fe-6-768x768.jpg 768w, https:\/\/www.cosmepak.com\/wp-content\/uploads\/2025\/09\/\u4e3b\u56fe-6-12x12.jpg 12w, https:\/\/www.cosmepak.com\/wp-content\/uploads\/2025\/09\/\u4e3b\u56fe-6-600x600.jpg 600w, https:\/\/www.cosmepak.com\/wp-content\/uploads\/2025\/09\/\u4e3b\u56fe-6-100x100.jpg 100w\" sizes=\"(max-width: 800px) 100vw, 800px\" \/><\/td>\n<td style=\"width: 23.5109%; height: 24px; text-align: center;\">Marca<\/td>\n<td style=\"width: 35.7961%; height: 24px; text-align: center;\">\u00a0Jaunce<\/td>\n<\/tr>\n<tr style=\"height: 24px;\">\n<td style=\"width: 23.5109%; height: 24px; text-align: center;\">Capacidade<\/td>\n<td style=\"width: 35.7961%; height: 24px; text-align: center;\">20ml\/30ml\/40ml\/50ml<\/td>\n<\/tr>\n<tr style=\"height: 24px;\">\n<td style=\"width: 23.5109%; height: 24px; text-align: center;\">Forma<\/td>\n<td style=\"width: 35.7961%; height: 24px; text-align: center;\">Redondo<\/td>\n<\/tr>\n<tr style=\"height: 24px;\">\n<td style=\"width: 23.5109%; height: 24px; text-align: center;\">Material<\/td>\n<td style=\"width: 35.7961%; height: 24px; text-align: center;\">Vidro<\/td>\n<\/tr>\n<tr style=\"height: 24px;\">\n<td style=\"width: 23.5109%; height: 24px; text-align: center;\">Modelo<\/td>\n<td style=\"width: 35.7961%; height: 24px; text-align: center;\">JH-YM20-50ml<\/td>\n<\/tr>\n<tr style=\"height: 24px;\">\n<td style=\"width: 23.5109%; height: 24px; text-align: center;\">OEM\/ODM<\/td>\n<td style=\"width: 35.7961%; height: 24px; text-align: center;\">Aceitar<\/td>\n<\/tr>\n<tr style=\"height: 24px;\">\n<td style=\"width: 23.5109%; height: 24px; text-align: center;\">Cor<\/td>\n<td style=\"width: 35.7961%; height: 24px; text-align: center;\">Qualquer cor de parte personalizada<\/td>\n<\/tr>\n<tr style=\"height: 24px;\">\n<td style=\"width: 23.5109%; height: 24px; text-align: center;\">Uso<\/td>\n<td style=\"width: 35.7961%; height: 24px; text-align: center;\">Lot\u00e3o\/Funda\u00e7\u00e3o\/creme, etc.<\/td>\n<\/tr>\n<tr style=\"height: 24px;\">\n<td style=\"width: 23.5109%; height: 24px; text-align: center;\">MOQ<\/td>\n<td style=\"width: 35.7961%; height: 24px; text-align: center;\">10000pcs<\/td>\n<\/tr>\n<\/tbody>\n<\/table>\n<table style=\"border-collapse: collapse; width: 100%; height: 158px;\">\n<tbody>\n<tr style=\"height: 24px;\">\n<td style=\"width: 10.6265%; text-align: center; height: 24px;\"><strong>Capacidade<\/strong><\/td>\n<td style=\"width: 8.48199%; text-align: center; height: 24px;\"><strong>Altura total<\/strong><\/td>\n<td style=\"width: 8.31655%; text-align: center; height: 24px;\"><strong>Di\u00e2metro inferior<\/strong><\/td>\n<td style=\"width: 7.71175%; text-align: center;\"><strong>Como o Visual Desiggramn Imeterpact Shelf Presence?<\/strong><strong><br \/>\n<\/strong><\/td>\n<td style=\"width: 8.12208%; text-align: center;\"><b>Altura imprim\u00edvel<\/b><\/td>\n<td style=\"width: 7.61803%; text-align: center; height: 24px;\"><b>Peso<\/b><\/td>\n<\/tr>\n<tr style=\"height: 32px;\">\n<td style=\"width: 10.6265%; text-align: center; height: 32px;\">20ml<\/td>\n<td style=\"width: 8.48199%; text-align: center; height: 32px;\">77 mm<\/td>\n<td style=\"width: 8.31655%; text-align: center; height: 32px;\">44.5mm<\/td>\n<td style=\"width: 7.71175%; text-align: center;\">140 mm<\/td>\n<td style=\"width: 8.12208%; text-align: center;\">27 mm<\/td>\n<td style=\"width: 7.61803%; text-align: center; height: 32px;\">99.3g<\/td>\n<\/tr>\n<tr style=\"height: 34px;\">\n<td style=\"width: 10.6265%; text-align: center; height: 34px;\">30ml<\/td>\n<td style=\"width: 8.48199%; text-align: center; height: 34px;\">88 mm<\/td>\n<td style=\"width: 8.31655%; text-align: center; height: 34px;\">46mm<\/td>\n<td style=\"width: 7.71175%; text-align: center;\">144.5mm<\/td>\n<td style=\"width: 8.12208%; text-align: center;\">37 mm<\/td>\n<td style=\"width: 7.61803%; text-align: center; height: 34px;\">111.9g<\/td>\n<\/tr>\n<tr style=\"height: 34px;\">\n<td style=\"width: 10.6265%; text-align: center; height: 34px;\">40ml<\/td>\n<td style=\"width: 8.48199%; text-align: center; height: 34px;\">94 mm<\/td>\n<td style=\"width: 8.31655%; text-align: center; height: 34px;\">48mm<\/td>\n<td style=\"width: 7.71175%; text-align: center;\">151mm<\/td>\n<td style=\"width: 8.12208%; text-align: center;\">44mm<\/td>\n<td style=\"width: 7.61803%; text-align: center; height: 34px;\">142.3g<\/td>\n<\/tr>\n<tr style=\"height: 24px;\">\n<td style=\"width: 10.6265%; text-align: center; height: 34px;\">50ml<\/td>\n<td style=\"width: 8.48199%; text-align: center; height: 34px;\">101mm<\/td>\n<td style=\"width: 8.31655%; text-align: center; height: 34px;\">52 mm<\/td>\n<td style=\"width: 7.71175%; text-align: center;\">162 mm<\/td>\n<td style=\"width: 8.12208%; text-align: center;\">48mm<\/td>\n<td style=\"width: 7.61803%; text-align: center; height: 34px;\">167.2g<\/td>\n<\/tr>\n<\/tbody>\n<\/table>\n<p>Este conjunto de garrafas de vidro de 20 ml, 30 ml, 40 ml e 50 ml com gotas \u00e9 um item essencial vers\u00e1til adequado para diversas ind\u00fastrias, incluindo cosm\u00e9tica, farmac\u00eautica e ind\u00fastrias essenciais de petr\u00f3leo.<\/p>\n<p>\u00c9 altamente adequado para aplica\u00e7\u00f5es que requerem doses precisas, como \u00f3leos essenciais e s\u00e9reos. Equipado com um gotador preciso, permite a distribui\u00e7\u00e3o precisa de l\u00edquidos.<\/p>\n<p>As nozes fortes e o dispositivo de gota podem efetivamente evitar vazamento e excesso. \u00c9 altamente adequado para viajar ou uso di\u00e1rio, e n\u00e3o h\u00e1 necessidade de se preocupar com causar uma situa\u00e7\u00e3o confusa.<\/p>\n<p>Materiales de vidro s\u00e3o ecol\u00f3gicos e podem ser reutilizados v\u00e1rias vezes. Isso ajuda a reduzir os res\u00edduos pl\u00e1sticos e promove o desenvolvimento sustent\u00e1vel.<\/p>\n<p>A raz\u00e3o pela qual este produto \u00e9 t\u00e3o popular \u00e9 que tem uma alta demand a e recebeu in\u00fameras revis\u00f5es positivas. \u00c9 amplamente popular em muitos pa\u00edses e ganhou um amplo reconhecimento do mercado. Cada uma de nossas garrafas foi submetida a testes de qualidade estritos para cumprir padr\u00f5es da ind\u00fastria.<\/p>\n<p>Material de vidro transparente, com alta transpar\u00eancia. A boca de garrafa com fios \u00e9 conveniente para preencher. O fundo espessado da garrafa n\u00e3o \u00e9 propenso a quebrar. Combinado com o dropper de anel de cera branca, o todo est\u00e1 em harmonia.<\/p>\n<p>Este produto oferece v\u00e1rias op\u00e7\u00f5es de personaliza\u00e7\u00e3o, como impress\u00e3o de tela, selo de ouro, explos\u00e3o de areia, eletroplatagem, rotulagem, impress\u00e3o 3D, padr\u00f5es de quebra de gelo, etc.<\/p>\n<table style=\"border-collapse: collapse; width: 100%;\">\n<tbody>\n<tr>\n<td style=\"width: 33.3333%;\"><img decoding=\"async\" class=\"alignnone size-full wp-image-3874\" src=\"https:\/\/www.cosmepak.com\/wp-content\/uploads\/2025\/09\/31-1.jpg\" alt=\"\" width=\"1000\" height=\"1000\" srcset=\"https:\/\/www.cosmepak.com\/wp-content\/uploads\/2025\/09\/31-1.jpg 1000w, https:\/\/www.cosmepak.com\/wp-content\/uploads\/2025\/09\/31-1-300x300.jpg 300w, https:\/\/www.cosmepak.com\/wp-content\/uploads\/2025\/09\/31-1-150x150.jpg 150w, https:\/\/www.cosmepak.com\/wp-content\/uploads\/2025\/09\/31-1-768x768.jpg 768w, https:\/\/www.cosmepak.com\/wp-content\/uploads\/2025\/09\/31-1-12x12.jpg 12w, https:\/\/www.cosmepak.com\/wp-content\/uploads\/2025\/09\/31-1-600x600.jpg 600w, https:\/\/www.cosmepak.com\/wp-content\/uploads\/2025\/09\/31-1-100x100.jpg 100w\" sizes=\"(max-width: 1000px) 100vw, 1000px\" \/><\/td>\n<td style=\"width: 33.3333%;\"><img decoding=\"async\" class=\"alignnone size-full wp-image-3875\" src=\"https:\/\/www.cosmepak.com\/wp-content\/uploads\/2025\/09\/61.jpg\" alt=\"\" width=\"1000\" height=\"1000\" srcset=\"https:\/\/www.cosmepak.com\/wp-content\/uploads\/2025\/09\/61.jpg 1000w, https:\/\/www.cosmepak.com\/wp-content\/uploads\/2025\/09\/61-300x300.jpg 300w, https:\/\/www.cosmepak.com\/wp-content\/uploads\/2025\/09\/61-150x150.jpg 150w, https:\/\/www.cosmepak.com\/wp-content\/uploads\/2025\/09\/61-768x768.jpg 768w, https:\/\/www.cosmepak.com\/wp-content\/uploads\/2025\/09\/61-12x12.jpg 12w, https:\/\/www.cosmepak.com\/wp-content\/uploads\/2025\/09\/61-600x600.jpg 600w, https:\/\/www.cosmepak.com\/wp-content\/uploads\/2025\/09\/61-100x100.jpg 100w\" sizes=\"(max-width: 1000px) 100vw, 1000px\" \/><\/td>\n<td style=\"width: 33.3333%;\"><img loading=\"lazy\" decoding=\"async\" class=\"alignnone size-full wp-image-3876\" src=\"https:\/\/www.cosmepak.com\/wp-content\/uploads\/2025\/09\/71-1.jpg\" alt=\"\" width=\"1000\" height=\"1000\" srcset=\"https:\/\/www.cosmepak.com\/wp-content\/uploads\/2025\/09\/71-1.jpg 1000w, https:\/\/www.cosmepak.com\/wp-content\/uploads\/2025\/09\/71-1-300x300.jpg 300w, https:\/\/www.cosmepak.com\/wp-content\/uploads\/2025\/09\/71-1-150x150.jpg 150w, https:\/\/www.cosmepak.com\/wp-content\/uploads\/2025\/09\/71-1-768x768.jpg 768w, https:\/\/www.cosmepak.com\/wp-content\/uploads\/2025\/09\/71-1-12x12.jpg 12w, https:\/\/www.cosmepak.com\/wp-content\/uploads\/2025\/09\/71-1-600x600.jpg 600w, https:\/\/www.cosmepak.com\/wp-content\/uploads\/2025\/09\/71-1-100x100.jpg 100w\" sizes=\"(max-width: 1000px) 100vw, 1000px\" \/><\/td>\n<\/tr>\n<\/tbody>\n<\/table>\n<table style=\"border-collapse: collapse; width: 100%;\">\n<tbody>\n<tr>\n<td style=\"width: 50%;\"><img loading=\"lazy\" decoding=\"async\" class=\"alignnone size-full wp-image-3877\" src=\"https:\/\/www.cosmepak.com\/wp-content\/uploads\/2025\/09\/11-1.jpg\" alt=\"\" width=\"1000\" height=\"1000\" srcset=\"https:\/\/www.cosmepak.com\/wp-content\/uploads\/2025\/09\/11-1.jpg 1000w, https:\/\/www.cosmepak.com\/wp-content\/uploads\/2025\/09\/11-1-300x300.jpg 300w, https:\/\/www.cosmepak.com\/wp-content\/uploads\/2025\/09\/11-1-150x150.jpg 150w, https:\/\/www.cosmepak.com\/wp-content\/uploads\/2025\/09\/11-1-768x768.jpg 768w, https:\/\/www.cosmepak.com\/wp-content\/uploads\/2025\/09\/11-1-12x12.jpg 12w, https:\/\/www.cosmepak.com\/wp-content\/uploads\/2025\/09\/11-1-600x600.jpg 600w, https:\/\/www.cosmepak.com\/wp-content\/uploads\/2025\/09\/11-1-100x100.jpg 100w\" sizes=\"(max-width: 1000px) 100vw, 1000px\" \/><\/td>\n<td style=\"width: 50%;\"><img loading=\"lazy\" decoding=\"async\" class=\"alignnone size-full wp-image-3878\" src=\"https:\/\/www.cosmepak.com\/wp-content\/uploads\/2025\/09\/51-1.jpg\" alt=\"\" width=\"1000\" height=\"1000\" srcset=\"https:\/\/www.cosmepak.com\/wp-content\/uploads\/2025\/09\/51-1.jpg 1000w, https:\/\/www.cosmepak.com\/wp-content\/uploads\/2025\/09\/51-1-300x300.jpg 300w, https:\/\/www.cosmepak.com\/wp-content\/uploads\/2025\/09\/51-1-150x150.jpg 150w, https:\/\/www.cosmepak.com\/wp-content\/uploads\/2025\/09\/51-1-768x768.jpg 768w, https:\/\/www.cosmepak.com\/wp-content\/uploads\/2025\/09\/51-1-12x12.jpg 12w, https:\/\/www.cosmepak.com\/wp-content\/uploads\/2025\/09\/51-1-600x600.jpg 600w, https:\/\/www.cosmepak.com\/wp-content\/uploads\/2025\/09\/51-1-100x100.jpg 100w\" sizes=\"(max-width: 1000px) 100vw, 1000px\" \/><\/td>\n<\/tr>\n<\/tbody>\n<\/table>","protected":false},"excerpt":{"rendered":"<p>Material: vidro<\/p>\n<p>Capacidade: 30ml\/50ml<\/p>\n<p>Cor: Aceite personalizado (qualquer cor Pantone dispon\u00edvel)<\/p>\n<p>Acabamento de superf\u00edcie: impress\u00e3o de tela, estampagem a quente, gradiente de pulveriza\u00e7\u00e3o, acabamento fosco, etc.<\/p>\n<p>MOQ: 1000pcs\/10000pcs personalizados<\/p>\n<p>Amostra: amostras gratuitas dispon\u00edveis<\/p>\n<p>&nbsp;<\/p>\n<p>&nbsp;<\/p>","protected":false},"featured_media":3879,"comment_status":"closed","ping_status":"closed","template":"","meta":{"_acf_changed":false},"product_brand":[],"product_cat":[15,58,19],"product_tag":[40],"class_list":{"0":"post-2945","1":"product","2":"type-product","3":"status-publish","4":"has-post-thumbnail","6":"product_cat-essential-oil-bottle","7":"product_cat-glass-essential-oil-bottle","8":"product_cat-skincare-glass-bottle","9":"product_tag-essential-oil-bottle","11":"first","12":"instock","13":"shipping-taxable","14":"product-type-simple"},"acf":[],"_links":{"self":[{"href":"https:\/\/www.cosmepak.com\/pt\/wp-json\/wp\/v2\/product\/2945","targetHints":{"allow":["GET"]}}],"collection":[{"href":"https:\/\/www.cosmepak.com\/pt\/wp-json\/wp\/v2\/product"}],"about":[{"href":"https:\/\/www.cosmepak.com\/pt\/wp-json\/wp\/v2\/types\/product"}],"replies":[{"embeddable":true,"href":"https:\/\/www.cosmepak.com\/pt\/wp-json\/wp\/v2\/comments?post=2945"}],"wp:featuredmedia":[{"embeddable":true,"href":"https:\/\/www.cosmepak.com\/pt\/wp-json\/wp\/v2\/media\/3879"}],"wp:attachment":[{"href":"https:\/\/www.cosmepak.com\/pt\/wp-json\/wp\/v2\/media?parent=2945"}],"wp:term":[{"taxonomy":"product_brand","embeddable":true,"href":"https:\/\/www.cosmepak.com\/pt\/wp-json\/wp\/v2\/product_brand?post=2945"},{"taxonomy":"product_cat","embeddable":true,"href":"https:\/\/www.cosmepak.com\/pt\/wp-json\/wp\/v2\/product_cat?post=2945"},{"taxonomy":"product_tag","embeddable":true,"href":"https:\/\/www.cosmepak.com\/pt\/wp-json\/wp\/v2\/product_tag?post=2945"}],"curies":[{"name":"wp","href":"https:\/\/api.w.org\/{rel}","templated":true}]}}