{"id":2982,"date":"2025-09-18T09:19:16","date_gmt":"2025-09-18T01:19:16","guid":{"rendered":"https:\/\/www.cosmepak.com\/?post_type=product&#038;p=2982"},"modified":"2025-12-30T09:46:56","modified_gmt":"2025-12-30T01:46:56","slug":"30ml-irregular-shaped-glass-bottle-with-pump-and-hemispherical-cap-jaunce","status":"publish","type":"product","link":"https:\/\/www.cosmepak.com\/pt\/product\/30ml-irregular-shaped-glass-bottle-with-pump-and-hemispherical-cap-jaunce\/","title":{"rendered":"30 ml Flasco de vidro de forma irregular com bomba e capa\/jaunce hemisf\u00e9rica"},"content":{"rendered":"<table style=\"border-collapse: collapse; width: 100%; height: 216px;\">\n<tbody>\n<tr style=\"height: 24px;\">\n<td style=\"width: 40.6929%; height: 216px;\" rowspan=\"9\"><img fetchpriority=\"high\" decoding=\"async\" class=\"alignnone size-full wp-image-3810\" src=\"https:\/\/www.cosmepak.com\/wp-content\/uploads\/2025\/09\/\u53bb\u9664\u56fe\u7247\u6587\u5b571.png\" alt=\"\" width=\"1000\" height=\"1000\" srcset=\"https:\/\/www.cosmepak.com\/wp-content\/uploads\/2025\/09\/\u53bb\u9664\u56fe\u7247\u6587\u5b571.png 1000w, https:\/\/www.cosmepak.com\/wp-content\/uploads\/2025\/09\/\u53bb\u9664\u56fe\u7247\u6587\u5b571-300x300.png 300w, https:\/\/www.cosmepak.com\/wp-content\/uploads\/2025\/09\/\u53bb\u9664\u56fe\u7247\u6587\u5b571-150x150.png 150w, https:\/\/www.cosmepak.com\/wp-content\/uploads\/2025\/09\/\u53bb\u9664\u56fe\u7247\u6587\u5b571-768x768.png 768w, https:\/\/www.cosmepak.com\/wp-content\/uploads\/2025\/09\/\u53bb\u9664\u56fe\u7247\u6587\u5b571-12x12.png 12w, https:\/\/www.cosmepak.com\/wp-content\/uploads\/2025\/09\/\u53bb\u9664\u56fe\u7247\u6587\u5b571-600x600.png 600w, https:\/\/www.cosmepak.com\/wp-content\/uploads\/2025\/09\/\u53bb\u9664\u56fe\u7247\u6587\u5b571-100x100.png 100w\" sizes=\"(max-width: 1000px) 100vw, 1000px\" \/><\/td>\n<td style=\"width: 23.5109%; height: 24px; text-align: center;\">Marca<\/td>\n<td style=\"width: 35.7961%; height: 24px; text-align: center;\">\u00a0Jaunce<\/td>\n<\/tr>\n<tr style=\"height: 24px;\">\n<td style=\"width: 23.5109%; height: 24px; text-align: center;\">Capacidade<\/td>\n<td style=\"width: 35.7961%; height: 24px; text-align: center;\">30ml<\/td>\n<\/tr>\n<tr style=\"height: 24px;\">\n<td style=\"width: 23.5109%; height: 24px; text-align: center;\">Forma<\/td>\n<td style=\"width: 35.7961%; height: 24px; text-align: center;\">Redondo<\/td>\n<\/tr>\n<tr style=\"height: 24px;\">\n<td style=\"width: 23.5109%; height: 24px; text-align: center;\">Material<\/td>\n<td style=\"width: 35.7961%; height: 24px; text-align: center;\">Vidro<\/td>\n<\/tr>\n<tr style=\"height: 24px;\">\n<td style=\"width: 23.5109%; height: 24px; text-align: center;\">Modelo<\/td>\n<td style=\"width: 35.7961%; height: 24px; text-align: center;\">JH- PHF167<\/td>\n<\/tr>\n<tr style=\"height: 24px;\">\n<td style=\"width: 23.5109%; height: 24px; text-align: center;\">OEM\/ODM<\/td>\n<td style=\"width: 35.7961%; height: 24px; text-align: center;\">Aceitar<\/td>\n<\/tr>\n<tr style=\"height: 24px;\">\n<td style=\"width: 23.5109%; height: 24px; text-align: center;\">Cor<\/td>\n<td style=\"width: 35.7961%; height: 24px; text-align: center;\">Qualquer cor de parte personalizada<\/td>\n<\/tr>\n<tr style=\"height: 24px;\">\n<td style=\"width: 23.5109%; height: 24px; text-align: center;\">Uso<\/td>\n<td style=\"width: 35.7961%; height: 24px; text-align: center;\">Lot\u00e3o\/Funda\u00e7\u00e3o\/creme, etc.<\/td>\n<\/tr>\n<tr style=\"height: 24px;\">\n<td style=\"width: 23.5109%; height: 24px; text-align: center;\">MOQ<\/td>\n<td style=\"width: 35.7961%; height: 24px; text-align: center;\">10000pcs<\/td>\n<\/tr>\n<\/tbody>\n<\/table>\n<table style=\"border-collapse: collapse; width: 100%; height: 56px;\">\n<tbody>\n<tr style=\"height: 24px;\">\n<td style=\"width: 12.7434%; text-align: center; height: 35px;\"><strong>Capacidade<\/strong><\/td>\n<td style=\"width: 12.5142%; text-align: center; height: 35px;\"><strong>Altura total<\/strong><\/td>\n<td style=\"width: 12.5002%; text-align: center; height: 35px;\"><strong>Di\u00e2metro inferior<\/strong><\/td>\n<td style=\"width: 13.1192%; text-align: center; height: 35px;\"><b>Altura do ombro<\/b><\/td>\n<\/tr>\n<tr style=\"height: 24px;\">\n<td style=\"width: 12.7434%; text-align: center; height: 21px;\">30ml<\/td>\n<td style=\"width: 12.5142%; text-align: center; height: 21px;\">91mm<\/td>\n<td style=\"width: 12.5002%; text-align: center; height: 21px;\">48mm<\/td>\n<td style=\"width: 13.1192%; text-align: center; height: 21px;\">52 mm<\/td>\n<\/tr>\n<\/tbody>\n<\/table>\n<p class=\"ai-center-markdown-p\">Esta garrafa l\u00edquida de funda\u00e7\u00e3o de 30 ml apresenta uma brincadeira, redonda &#8220; como um beb\u00e9, o design de tampa esf\u00e9rica. O di\u00e2metro do fundo da garrafa \u00e9 de 48 mil\u00edmetros e a altura total \u00e9 de 91 mil\u00edmetros. Ela mant\u00e9m um tamanho compacto enquanto tem uma forma atraente e completa. As linhas s\u00e3o suaves e em form a curvilinear.<\/p>\n<p>O chap\u00e9u exterior redondo e bulbous se pare\u00e7a perfeitamente com o corpo curvo da garrafa, dando-lhe uma est\u00e9tica bonita e cuddly (como uma boneca pequena) enquanto mant\u00e9m o design funcional \u2013 ideal tanto para uso di\u00e1rio como para viagem.<\/p>\n<div class=\"auto-hide-last-sibling-br paragraph-pP9ZLC paragraph-element br-paragraph-space\">esta garrafa possibilita preenchimento f\u00e1cil, sem confus\u00e3o, com fechamento apertado e seguro para evitar vazamentos, e a base refor\u00e7ada mais espessada assegura estabilidade e solidez, enquanto o dispensador de bomba de press \u00e3o[UNK]fornece uma sa\u00edda l\u00edquida consistente e forte para aplica\u00e7\u00e3o precisa.<\/div>\n<div class=\"auto-hide-last-sibling-br paragraph-pP9ZLC paragraph-element br-paragraph-space\">Se voc\u00ea tem seus pr\u00f3prios requisitos de marca, n\u00f3s tamb\u00e9m podemos personalizar a produ\u00e7\u00e3o de acordo com suas especifica\u00e7\u00f5es. Oferecemos servi\u00e7os de personaliza\u00e7\u00e3o como personaliza\u00e7\u00e3o de cores, apar\u00eancia e efeito artesanal personaliza\u00e7\u00e3o (brilhante ou matte para escolha), personaliza\u00e7\u00e3o do logotipo e personaliza\u00e7\u00e3o da impress\u00e3o de etiquetas.<\/div>\n<div><\/div>\n<div class=\"auto-hide-last-sibling-br paragraph-pP9ZLC paragraph-element br-paragraph-space\">N\u00f3s oferecemos escolhas vers\u00e1tiis: transparentes brilhantes, transparentes gradientes, transparentes em mat\u00e9, ou sombras opacas s\u00f3lidas.<\/div>\n<div class=\"auto-hide-last-sibling-br paragraph-pP9ZLC paragraph-element br-paragraph-space\">\n<table style=\"border-collapse: collapse; width: 100%;\">\n<tbody>\n<tr>\n<td style=\"width: 50%;\"><img decoding=\"async\" class=\"alignnone size-full wp-image-3812\" src=\"https:\/\/www.cosmepak.com\/wp-content\/uploads\/2025\/09\/O1CN0193d6b52L5B07mq6Da_974269640-0-cib1.jpg\" alt=\"\" width=\"1000\" height=\"1000\" srcset=\"https:\/\/www.cosmepak.com\/wp-content\/uploads\/2025\/09\/O1CN0193d6b52L5B07mq6Da_974269640-0-cib1.jpg 1000w, https:\/\/www.cosmepak.com\/wp-content\/uploads\/2025\/09\/O1CN0193d6b52L5B07mq6Da_974269640-0-cib1-300x300.jpg 300w, https:\/\/www.cosmepak.com\/wp-content\/uploads\/2025\/09\/O1CN0193d6b52L5B07mq6Da_974269640-0-cib1-150x150.jpg 150w, https:\/\/www.cosmepak.com\/wp-content\/uploads\/2025\/09\/O1CN0193d6b52L5B07mq6Da_974269640-0-cib1-768x768.jpg 768w, https:\/\/www.cosmepak.com\/wp-content\/uploads\/2025\/09\/O1CN0193d6b52L5B07mq6Da_974269640-0-cib1-12x12.jpg 12w, https:\/\/www.cosmepak.com\/wp-content\/uploads\/2025\/09\/O1CN0193d6b52L5B07mq6Da_974269640-0-cib1-600x600.jpg 600w, https:\/\/www.cosmepak.com\/wp-content\/uploads\/2025\/09\/O1CN0193d6b52L5B07mq6Da_974269640-0-cib1-100x100.jpg 100w\" sizes=\"(max-width: 1000px) 100vw, 1000px\" \/><\/td>\n<td style=\"width: 50%;\"><img decoding=\"async\" class=\"alignnone size-full wp-image-3811\" src=\"https:\/\/www.cosmepak.com\/wp-content\/uploads\/2025\/09\/O1CN015Wve3p2L5B07J4ls9_974269640-0-cib1.jpg\" alt=\"\" width=\"1000\" height=\"1000\" srcset=\"https:\/\/www.cosmepak.com\/wp-content\/uploads\/2025\/09\/O1CN015Wve3p2L5B07J4ls9_974269640-0-cib1.jpg 1000w, https:\/\/www.cosmepak.com\/wp-content\/uploads\/2025\/09\/O1CN015Wve3p2L5B07J4ls9_974269640-0-cib1-300x300.jpg 300w, https:\/\/www.cosmepak.com\/wp-content\/uploads\/2025\/09\/O1CN015Wve3p2L5B07J4ls9_974269640-0-cib1-150x150.jpg 150w, https:\/\/www.cosmepak.com\/wp-content\/uploads\/2025\/09\/O1CN015Wve3p2L5B07J4ls9_974269640-0-cib1-768x768.jpg 768w, https:\/\/www.cosmepak.com\/wp-content\/uploads\/2025\/09\/O1CN015Wve3p2L5B07J4ls9_974269640-0-cib1-12x12.jpg 12w, https:\/\/www.cosmepak.com\/wp-content\/uploads\/2025\/09\/O1CN015Wve3p2L5B07J4ls9_974269640-0-cib1-600x600.jpg 600w, https:\/\/www.cosmepak.com\/wp-content\/uploads\/2025\/09\/O1CN015Wve3p2L5B07J4ls9_974269640-0-cib1-100x100.jpg 100w\" sizes=\"(max-width: 1000px) 100vw, 1000px\" \/><\/td>\n<\/tr>\n<\/tbody>\n<\/table>\n<\/div>\n<table style=\"border-collapse: collapse; width: 100%;\">\n<tbody>\n<tr>\n<td style=\"width: 33.3333%;\"><img loading=\"lazy\" decoding=\"async\" class=\"alignnone size-full wp-image-3813\" src=\"https:\/\/www.cosmepak.com\/wp-content\/uploads\/2025\/09\/\u53bb\u9664\u56fe\u7247\u6587\u5b57-11.png\" alt=\"\" width=\"1000\" height=\"1000\" srcset=\"https:\/\/www.cosmepak.com\/wp-content\/uploads\/2025\/09\/\u53bb\u9664\u56fe\u7247\u6587\u5b57-11.png 1000w, https:\/\/www.cosmepak.com\/wp-content\/uploads\/2025\/09\/\u53bb\u9664\u56fe\u7247\u6587\u5b57-11-300x300.png 300w, https:\/\/www.cosmepak.com\/wp-content\/uploads\/2025\/09\/\u53bb\u9664\u56fe\u7247\u6587\u5b57-11-150x150.png 150w, https:\/\/www.cosmepak.com\/wp-content\/uploads\/2025\/09\/\u53bb\u9664\u56fe\u7247\u6587\u5b57-11-768x768.png 768w, https:\/\/www.cosmepak.com\/wp-content\/uploads\/2025\/09\/\u53bb\u9664\u56fe\u7247\u6587\u5b57-11-12x12.png 12w, https:\/\/www.cosmepak.com\/wp-content\/uploads\/2025\/09\/\u53bb\u9664\u56fe\u7247\u6587\u5b57-11-600x600.png 600w, https:\/\/www.cosmepak.com\/wp-content\/uploads\/2025\/09\/\u53bb\u9664\u56fe\u7247\u6587\u5b57-11-100x100.png 100w\" sizes=\"(max-width: 1000px) 100vw, 1000px\" \/><\/td>\n<td style=\"width: 33.3333%;\"><img loading=\"lazy\" decoding=\"async\" class=\"alignnone size-full wp-image-3814\" src=\"https:\/\/www.cosmepak.com\/wp-content\/uploads\/2025\/09\/\u53bb\u9664\u56fe\u7247\u6587\u5b57-41.png\" alt=\"\" width=\"1000\" height=\"1000\" srcset=\"https:\/\/www.cosmepak.com\/wp-content\/uploads\/2025\/09\/\u53bb\u9664\u56fe\u7247\u6587\u5b57-41.png 1000w, https:\/\/www.cosmepak.com\/wp-content\/uploads\/2025\/09\/\u53bb\u9664\u56fe\u7247\u6587\u5b57-41-300x300.png 300w, https:\/\/www.cosmepak.com\/wp-content\/uploads\/2025\/09\/\u53bb\u9664\u56fe\u7247\u6587\u5b57-41-150x150.png 150w, https:\/\/www.cosmepak.com\/wp-content\/uploads\/2025\/09\/\u53bb\u9664\u56fe\u7247\u6587\u5b57-41-768x768.png 768w, https:\/\/www.cosmepak.com\/wp-content\/uploads\/2025\/09\/\u53bb\u9664\u56fe\u7247\u6587\u5b57-41-12x12.png 12w, https:\/\/www.cosmepak.com\/wp-content\/uploads\/2025\/09\/\u53bb\u9664\u56fe\u7247\u6587\u5b57-41-600x600.png 600w, https:\/\/www.cosmepak.com\/wp-content\/uploads\/2025\/09\/\u53bb\u9664\u56fe\u7247\u6587\u5b57-41-100x100.png 100w\" sizes=\"(max-width: 1000px) 100vw, 1000px\" \/><\/td>\n<td style=\"width: 33.3333%;\"><img loading=\"lazy\" decoding=\"async\" class=\"alignnone size-full wp-image-3815\" src=\"https:\/\/www.cosmepak.com\/wp-content\/uploads\/2025\/09\/\u53bb\u9664\u56fe\u7247\u6587\u5b57121.png\" alt=\"\" width=\"1000\" height=\"1000\" srcset=\"https:\/\/www.cosmepak.com\/wp-content\/uploads\/2025\/09\/\u53bb\u9664\u56fe\u7247\u6587\u5b57121.png 1000w, https:\/\/www.cosmepak.com\/wp-content\/uploads\/2025\/09\/\u53bb\u9664\u56fe\u7247\u6587\u5b57121-300x300.png 300w, https:\/\/www.cosmepak.com\/wp-content\/uploads\/2025\/09\/\u53bb\u9664\u56fe\u7247\u6587\u5b57121-150x150.png 150w, https:\/\/www.cosmepak.com\/wp-content\/uploads\/2025\/09\/\u53bb\u9664\u56fe\u7247\u6587\u5b57121-768x768.png 768w, https:\/\/www.cosmepak.com\/wp-content\/uploads\/2025\/09\/\u53bb\u9664\u56fe\u7247\u6587\u5b57121-12x12.png 12w, https:\/\/www.cosmepak.com\/wp-content\/uploads\/2025\/09\/\u53bb\u9664\u56fe\u7247\u6587\u5b57121-600x600.png 600w, https:\/\/www.cosmepak.com\/wp-content\/uploads\/2025\/09\/\u53bb\u9664\u56fe\u7247\u6587\u5b57121-100x100.png 100w\" sizes=\"(max-width: 1000px) 100vw, 1000px\" \/><\/td>\n<\/tr>\n<\/tbody>\n<\/table>","protected":false},"excerpt":{"rendered":"<p>Material: vidro<\/p>\n<p>Capacidade: 30 ml<\/p>\n<p>Cor: Aceite personalizado (qualquer cor Pantone dispon\u00edvel)<\/p>\n<p>Acabamento de superf\u00edcie: impress\u00e3o de tela, estampagem a quente, gradiente de pulveriza\u00e7\u00e3o, acabamento fosco, etc.<\/p>\n<p>MOQ: 1000pcs\/10000pcs personalizados<\/p>\n<p>Amostra: amostras gratuitas dispon\u00edveis<\/p>\n<p>&nbsp;<\/p>\n<p>&nbsp;<\/p>","protected":false},"featured_media":3816,"comment_status":"closed","ping_status":"closed","template":"","meta":{"_acf_changed":false},"product_brand":[],"product_cat":[34,45,19],"product_tag":[40],"class_list":{"0":"post-2982","1":"product","2":"type-product","3":"status-publish","4":"has-post-thumbnail","6":"product_cat-foundation-bottle","7":"product_cat-serum-pump-bottle","8":"product_cat-skincare-glass-bottle","9":"product_tag-essential-oil-bottle","11":"first","12":"instock","13":"shipping-taxable","14":"product-type-simple"},"acf":[],"_links":{"self":[{"href":"https:\/\/www.cosmepak.com\/pt\/wp-json\/wp\/v2\/product\/2982","targetHints":{"allow":["GET"]}}],"collection":[{"href":"https:\/\/www.cosmepak.com\/pt\/wp-json\/wp\/v2\/product"}],"about":[{"href":"https:\/\/www.cosmepak.com\/pt\/wp-json\/wp\/v2\/types\/product"}],"replies":[{"embeddable":true,"href":"https:\/\/www.cosmepak.com\/pt\/wp-json\/wp\/v2\/comments?post=2982"}],"wp:featuredmedia":[{"embeddable":true,"href":"https:\/\/www.cosmepak.com\/pt\/wp-json\/wp\/v2\/media\/3816"}],"wp:attachment":[{"href":"https:\/\/www.cosmepak.com\/pt\/wp-json\/wp\/v2\/media?parent=2982"}],"wp:term":[{"taxonomy":"product_brand","embeddable":true,"href":"https:\/\/www.cosmepak.com\/pt\/wp-json\/wp\/v2\/product_brand?post=2982"},{"taxonomy":"product_cat","embeddable":true,"href":"https:\/\/www.cosmepak.com\/pt\/wp-json\/wp\/v2\/product_cat?post=2982"},{"taxonomy":"product_tag","embeddable":true,"href":"https:\/\/www.cosmepak.com\/pt\/wp-json\/wp\/v2\/product_tag?post=2982"}],"curies":[{"name":"wp","href":"https:\/\/api.w.org\/{rel}","templated":true}]}}