{"id":3022,"date":"2025-09-29T14:21:50","date_gmt":"2025-09-29T06:21:50","guid":{"rendered":"https:\/\/www.cosmepak.com\/?post_type=product&#038;p=3022"},"modified":"2025-12-29T13:44:55","modified_gmt":"2025-12-29T05:44:55","slug":"cosmetic-plastic-jar-honey-comb-design-cute-small-size-abs-screw-for-skin-care-cream-lip-balm-lip-mask-scrub-eye-cream-applicator","status":"publish","type":"product","link":"https:\/\/www.cosmepak.com\/pt\/product\/cosmetic-plastic-jar-honey-comb-design-cute-small-size-abs-screw-for-skin-care-cream-lip-balm-lip-mask-scrub-eye-cream-applicator\/","title":{"rendered":"Cosm\u00e9tico Plastic Jar Honey Comb Design Cute Small Size ABS Screw for Skin Care Cream Lip Balm Lip Mask Scrub Eye Cream Applicator"},"content":{"rendered":"<table style=\"border-collapse: collapse; width: 100%; height: 216px;\">\n<tbody>\n<tr style=\"height: 24px;\">\n<td style=\"width: 40.6929%; height: 216px;\" rowspan=\"8\"><img fetchpriority=\"high\" decoding=\"async\" class=\"alignnone size-full wp-image-3023\" src=\"https:\/\/www.cosmepak.com\/wp-content\/uploads\/2025\/09\/2-1.jpg\" alt=\"\" width=\"1024\" height=\"1024\" srcset=\"https:\/\/www.cosmepak.com\/wp-content\/uploads\/2025\/09\/2-1.jpg 1024w, https:\/\/www.cosmepak.com\/wp-content\/uploads\/2025\/09\/2-1-300x300.jpg 300w, https:\/\/www.cosmepak.com\/wp-content\/uploads\/2025\/09\/2-1-150x150.jpg 150w, https:\/\/www.cosmepak.com\/wp-content\/uploads\/2025\/09\/2-1-768x768.jpg 768w, https:\/\/www.cosmepak.com\/wp-content\/uploads\/2025\/09\/2-1-12x12.jpg 12w, https:\/\/www.cosmepak.com\/wp-content\/uploads\/2025\/09\/2-1-600x600.jpg 600w, https:\/\/www.cosmepak.com\/wp-content\/uploads\/2025\/09\/2-1-100x100.jpg 100w\" sizes=\"(max-width: 1024px) 100vw, 1024px\" \/><\/td>\n<td style=\"width: 28.4645%; height: 24px; text-align: center;\">Marca<\/td>\n<td style=\"width: 30.8425%; height: 24px; text-align: center;\">\u00a0Jaunce<\/td>\n<\/tr>\n<tr style=\"height: 24px;\">\n<td style=\"width: 28.4645%; height: 24px; text-align: center;\">Forma<\/td>\n<td style=\"width: 30.8425%; height: 24px; text-align: center;\">Redondo<\/td>\n<\/tr>\n<tr style=\"height: 24px;\">\n<td style=\"width: 28.4645%; height: 24px; text-align: center;\">Material<\/td>\n<td style=\"width: 30.8425%; height: 24px; text-align: center;\">ABS<\/td>\n<\/tr>\n<tr style=\"height: 24px;\">\n<td style=\"width: 28.4645%; height: 24px; text-align: center;\">Modelo<\/td>\n<td style=\"width: 30.8425%; height: 24px; text-align: center;\">JH- JZ7364<\/td>\n<\/tr>\n<tr style=\"height: 24px;\">\n<td style=\"width: 28.4645%; height: 24px; text-align: center;\">OEM\/ODM<\/td>\n<td style=\"width: 30.8425%; height: 24px; text-align: center;\">Aceitar<\/td>\n<\/tr>\n<tr style=\"height: 24px;\">\n<td style=\"width: 28.4645%; height: 24px; text-align: center;\">Cor<\/td>\n<td style=\"width: 30.8425%; height: 24px; text-align: center;\">Qualquer cor de parte personalizada<\/td>\n<\/tr>\n<tr style=\"height: 24px;\">\n<td style=\"width: 28.4645%; height: 24px; text-align: center;\">Uso<\/td>\n<td style=\"width: 30.8425%; height: 24px; text-align: center;\">creme<\/td>\n<\/tr>\n<tr style=\"height: 24px;\">\n<td style=\"width: 28.4645%; height: 24px; text-align: center;\">MOQ<\/td>\n<td style=\"width: 30.8425%; height: 24px; text-align: center;\">10000pcs<\/td>\n<\/tr>\n<\/tbody>\n<\/table>\n<table style=\"border-collapse: collapse; width: 100%; height: 192px;\">\n<tbody>\n<tr style=\"height: 24px;\">\n<td style=\"width: 8.61543%; text-align: center; height: 24px;\"><strong>Capacidade<\/strong><\/td>\n<td style=\"width: 7.97343%; text-align: center; height: 24px;\"><strong>Altura total<\/strong><\/td>\n<td style=\"width: 8.52052%; text-align: center; height: 24px;\"><strong>Di\u00e2metro inferior<\/strong><\/td>\n<td style=\"width: 8.64621%; text-align: center;\"><strong>Tamanho do pesco\u00e7o<\/strong><\/td>\n<td style=\"width: 8.16567%; text-align: center; height: 24px;\"><b>Altura do ombro<\/b><\/td>\n<td style=\"width: 8.16567%; text-align: center; height: 24px;\"><b>Peso<\/b><\/td>\n<\/tr>\n<tr style=\"height: 24px;\">\n<td style=\"width: 8.61543%; text-align: center; height: 24px;\">7 ml<\/td>\n<td style=\"width: 7.97343%; text-align: center; height: 24px;\">36mm<\/td>\n<td style=\"width: 8.52052%; text-align: center; height: 24px;\">42.5mm<\/td>\n<td style=\"width: 8.64621%; text-align: center;\">29.5mm<\/td>\n<td style=\"width: 8.16567%; text-align: center; height: 24px;\">17mm<\/td>\n<td style=\"width: 8.16567%; text-align: center; height: 24px;\">28g<\/td>\n<\/tr>\n<\/tbody>\n<\/table>\n<p>Nossa garrafa pl\u00e1stica de beleza de bomba de mel recentemente lan\u00e7ada combina perfeitamente estas duas caracter\u00edsticas Compacto e pequeno, feito de material ABS transparente, equipado com um bloco de seguran\u00e7a, e tamb\u00e9m servindo como aplicador pr\u00e1tico para v\u00e1rios produtos de cuidado da pele. N\u00e3o \u00e9 apenas um recipiente.<\/p>\n<p>O aplicador de mel \u00fanicamente projetado e brilhantemente colorido adiciona um toque de encanto m\u00e1gico \u00e0 sua vida. \u00c9 adornado com padr\u00f5es de abelhas bonitas e tem a forma de um bast\u00e3o de mel, perfeitamente combinando pr\u00e1tica com est\u00e9tica encantadora. Este pequeno aplicador pode fazer seu humor mais alegre e tornar sua vida di\u00e1ria cheia de divertimento &#8211; \u00e9 altamente adequado para adicionar encanto doce e infantil \u00e0 sua vida.<\/p>\n<p>Sua forma \u00e9 como um bast\u00e3o de mel cl\u00e1ssico, combinando a pr\u00e1tica com um doce apelo est\u00e9tico. Esta ferramenta compact a pode fazer momentos comuns (como aplicar-o aos l\u00e1bios) cheios de divertimento, envolvendo sua vida di\u00e1ria em um brilho quente e infantil.<\/p>\n<p>oferecemos produtos de embalagem de alta qualidade; N\u00f3s tamb\u00e9m nos focamos na pesquisa e fabrica\u00e7\u00e3o de embalagens ecol\u00f3gicos e reciclables, e fornecemos um servi\u00e7o de unidade para satisfazer plenamente as diversas necessidades da sua marca.<\/p>\n<p id=\"custom-irregular-shaped-glass-foundation-bottle---sleek-and-stylish\" class=\"ai-center-markdown-h3\" data-spm-anchor-id=\"a2747.product_manager.0.i8.4c7f71d2K47WyR\"><span style=\"font-size: 12pt;\">Se voc\u00ea tem alguma necessidade \u2013 por favor, sente-se livre de perguntar sobre op\u00e7\u00f5es de material ecol\u00f3gico, ou discutir uma solu\u00e7\u00e3o de embalagem completa para sua nova linha de produtos \u2013 por favor, sente-se livre de nos avisar. Estamos aqui para transformar suas ideias em embalagens de alta qualidade e competitivos no mercado que impulsiona o sucesso da sua marca na ind\u00fastria da beleza!<\/span><\/p>\n<table style=\"border-collapse: collapse; width: 100%;\">\n<tbody>\n<tr>\n<td style=\"width: 33.3333%;\"><img decoding=\"async\" class=\"alignnone size-full wp-image-3802\" src=\"https:\/\/www.cosmepak.com\/wp-content\/uploads\/2025\/09\/\u8be6\u60c5-51.jpg\" alt=\"\" width=\"1000\" height=\"1000\" srcset=\"https:\/\/www.cosmepak.com\/wp-content\/uploads\/2025\/09\/\u8be6\u60c5-51.jpg 1000w, https:\/\/www.cosmepak.com\/wp-content\/uploads\/2025\/09\/\u8be6\u60c5-51-300x300.jpg 300w, https:\/\/www.cosmepak.com\/wp-content\/uploads\/2025\/09\/\u8be6\u60c5-51-150x150.jpg 150w, https:\/\/www.cosmepak.com\/wp-content\/uploads\/2025\/09\/\u8be6\u60c5-51-768x768.jpg 768w, https:\/\/www.cosmepak.com\/wp-content\/uploads\/2025\/09\/\u8be6\u60c5-51-12x12.jpg 12w, https:\/\/www.cosmepak.com\/wp-content\/uploads\/2025\/09\/\u8be6\u60c5-51-600x600.jpg 600w, https:\/\/www.cosmepak.com\/wp-content\/uploads\/2025\/09\/\u8be6\u60c5-51-100x100.jpg 100w\" sizes=\"(max-width: 1000px) 100vw, 1000px\" \/><\/td>\n<td style=\"width: 33.3333%;\"><img decoding=\"async\" class=\"alignnone size-full wp-image-3803\" src=\"https:\/\/www.cosmepak.com\/wp-content\/uploads\/2025\/09\/\u4e3b\u56fe-21.jpg\" alt=\"\" width=\"1000\" height=\"1000\" srcset=\"https:\/\/www.cosmepak.com\/wp-content\/uploads\/2025\/09\/\u4e3b\u56fe-21.jpg 1000w, https:\/\/www.cosmepak.com\/wp-content\/uploads\/2025\/09\/\u4e3b\u56fe-21-300x300.jpg 300w, https:\/\/www.cosmepak.com\/wp-content\/uploads\/2025\/09\/\u4e3b\u56fe-21-150x150.jpg 150w, https:\/\/www.cosmepak.com\/wp-content\/uploads\/2025\/09\/\u4e3b\u56fe-21-768x768.jpg 768w, https:\/\/www.cosmepak.com\/wp-content\/uploads\/2025\/09\/\u4e3b\u56fe-21-12x12.jpg 12w, https:\/\/www.cosmepak.com\/wp-content\/uploads\/2025\/09\/\u4e3b\u56fe-21-600x600.jpg 600w, https:\/\/www.cosmepak.com\/wp-content\/uploads\/2025\/09\/\u4e3b\u56fe-21-100x100.jpg 100w\" sizes=\"(max-width: 1000px) 100vw, 1000px\" \/><\/td>\n<td style=\"width: 33.3333%;\"><img loading=\"lazy\" decoding=\"async\" class=\"alignnone size-full wp-image-3804\" src=\"https:\/\/www.cosmepak.com\/wp-content\/uploads\/2025\/09\/\u4e3b\u56fe-31.jpg\" alt=\"\" width=\"1000\" height=\"1000\" srcset=\"https:\/\/www.cosmepak.com\/wp-content\/uploads\/2025\/09\/\u4e3b\u56fe-31.jpg 1000w, https:\/\/www.cosmepak.com\/wp-content\/uploads\/2025\/09\/\u4e3b\u56fe-31-300x300.jpg 300w, https:\/\/www.cosmepak.com\/wp-content\/uploads\/2025\/09\/\u4e3b\u56fe-31-150x150.jpg 150w, https:\/\/www.cosmepak.com\/wp-content\/uploads\/2025\/09\/\u4e3b\u56fe-31-768x768.jpg 768w, https:\/\/www.cosmepak.com\/wp-content\/uploads\/2025\/09\/\u4e3b\u56fe-31-12x12.jpg 12w, https:\/\/www.cosmepak.com\/wp-content\/uploads\/2025\/09\/\u4e3b\u56fe-31-600x600.jpg 600w, https:\/\/www.cosmepak.com\/wp-content\/uploads\/2025\/09\/\u4e3b\u56fe-31-100x100.jpg 100w\" sizes=\"(max-width: 1000px) 100vw, 1000px\" \/><\/td>\n<\/tr>\n<\/tbody>\n<\/table>\n<p>&nbsp;<\/p>","protected":false},"excerpt":{"rendered":"<p>Material : ABS\/AS<\/p>\n<p>Capacidade: 7 ml<\/p>\n<p>Cor: Aceite personalizado (qualquer cor Pantone dispon\u00edvel)<\/p>\n<p>Acabamento de superf\u00edcie: impress\u00e3o de tela, estampagem a quente, gradiente de pulveriza\u00e7\u00e3o, acabamento fosco, etc.<\/p>\n<p>MOQ: 10000pcs<\/p>\n<p>Amostra: amostras gratuitas dispon\u00edveis<\/p>\n<p>&nbsp;<\/p>\n<p>&nbsp;<\/p>","protected":false},"featured_media":3024,"comment_status":"closed","ping_status":"closed","template":"","meta":{"_acf_changed":false},"product_brand":[],"product_cat":[36],"product_tag":[40],"class_list":{"0":"post-3022","1":"product","2":"type-product","3":"status-publish","4":"has-post-thumbnail","6":"product_cat-makeup","7":"product_tag-essential-oil-bottle","9":"first","10":"instock","11":"shipping-taxable","12":"product-type-simple"},"acf":[],"_links":{"self":[{"href":"https:\/\/www.cosmepak.com\/pt\/wp-json\/wp\/v2\/product\/3022","targetHints":{"allow":["GET"]}}],"collection":[{"href":"https:\/\/www.cosmepak.com\/pt\/wp-json\/wp\/v2\/product"}],"about":[{"href":"https:\/\/www.cosmepak.com\/pt\/wp-json\/wp\/v2\/types\/product"}],"replies":[{"embeddable":true,"href":"https:\/\/www.cosmepak.com\/pt\/wp-json\/wp\/v2\/comments?post=3022"}],"wp:featuredmedia":[{"embeddable":true,"href":"https:\/\/www.cosmepak.com\/pt\/wp-json\/wp\/v2\/media\/3024"}],"wp:attachment":[{"href":"https:\/\/www.cosmepak.com\/pt\/wp-json\/wp\/v2\/media?parent=3022"}],"wp:term":[{"taxonomy":"product_brand","embeddable":true,"href":"https:\/\/www.cosmepak.com\/pt\/wp-json\/wp\/v2\/product_brand?post=3022"},{"taxonomy":"product_cat","embeddable":true,"href":"https:\/\/www.cosmepak.com\/pt\/wp-json\/wp\/v2\/product_cat?post=3022"},{"taxonomy":"product_tag","embeddable":true,"href":"https:\/\/www.cosmepak.com\/pt\/wp-json\/wp\/v2\/product_tag?post=3022"}],"curies":[{"name":"wp","href":"https:\/\/api.w.org\/{rel}","templated":true}]}}