{"id":3580,"date":"2025-12-04T16:43:06","date_gmt":"2025-12-04T08:43:06","guid":{"rendered":"https:\/\/www.cosmepak.com\/?post_type=product&#038;p=3580"},"modified":"2026-04-29T13:55:05","modified_gmt":"2026-04-29T05:55:05","slug":"60ml-75ml-90ml-pe-eco-friendly-square-fine-mist-pump-bottle-double-square-full-cover-screw-cap","status":"publish","type":"product","link":"https:\/\/www.cosmepak.com\/pt\/product\/60ml-75ml-90ml-pe-eco-friendly-square-fine-mist-pump-bottle-double-square-full-cover-screw-cap\/","title":{"rendered":"60 ml 75 ml 90 ml PE Eco-friendly Square Fine Mist Pump Bottle Double Square Full Cover Screw Cap"},"content":{"rendered":"<table style=\"border-collapse: collapse; width: 100%; height: 168px;\">\n<tbody>\n<tr style=\"height: 24px;\">\n<td style=\"width: 33.3333%; height: 168px;\" rowspan=\"5\"><img fetchpriority=\"high\" decoding=\"async\" class=\"alignnone size-full wp-image-3588\" src=\"https:\/\/www.cosmepak.com\/wp-content\/uploads\/2025\/12\/\u4e3b\u56fe-5-1.jpg\" alt=\"\" width=\"800\" height=\"800\" srcset=\"https:\/\/www.cosmepak.com\/wp-content\/uploads\/2025\/12\/\u4e3b\u56fe-5-1.jpg 800w, https:\/\/www.cosmepak.com\/wp-content\/uploads\/2025\/12\/\u4e3b\u56fe-5-1-300x300.jpg 300w, https:\/\/www.cosmepak.com\/wp-content\/uploads\/2025\/12\/\u4e3b\u56fe-5-1-150x150.jpg 150w, https:\/\/www.cosmepak.com\/wp-content\/uploads\/2025\/12\/\u4e3b\u56fe-5-1-768x768.jpg 768w, https:\/\/www.cosmepak.com\/wp-content\/uploads\/2025\/12\/\u4e3b\u56fe-5-1-12x12.jpg 12w, https:\/\/www.cosmepak.com\/wp-content\/uploads\/2025\/12\/\u4e3b\u56fe-5-1-600x600.jpg 600w, https:\/\/www.cosmepak.com\/wp-content\/uploads\/2025\/12\/\u4e3b\u56fe-5-1-100x100.jpg 100w\" sizes=\"(max-width: 800px) 100vw, 800px\" \/><\/td>\n<td style=\"width: 33.122%; height: 24px; text-align: center;\">Marca<\/td>\n<td style=\"width: 33.5446%; height: 24px; text-align: center;\">Jaunce<\/td>\n<\/tr>\n<tr style=\"height: 24px;\">\n<td style=\"width: 33.122%; height: 24px; text-align: center;\">Modelo<\/td>\n<td style=\"width: 33.5446%; height: 24px; text-align: center;\">JH-LW9503<\/td>\n<\/tr>\n<tr style=\"height: 24px;\">\n<td style=\"width: 33.122%; height: 24px; text-align: center;\">Capabilidade<\/td>\n<td style=\"width: 33.5446%; height: 24px; text-align: center;\">60 ml\/75 ml\/90 ml<\/td>\n<\/tr>\n<tr style=\"height: 24px;\">\n<td style=\"width: 33.122%; height: 24px; text-align: center;\">Cor<\/td>\n<td style=\"width: 33.5446%; height: 24px; text-align: center;\">personalizado<\/td>\n<\/tr>\n<tr style=\"height: 24px;\">\n<td style=\"width: 33.122%; height: 24px; text-align: center;\">Material de garrafa<\/td>\n<td style=\"width: 33.5446%; height: 24px; text-align: center;\">Pe<\/td>\n<\/tr>\n<\/tbody>\n<\/table>\n<table style=\"border-collapse: collapse; width: 100%; height: 96px;\">\n<tbody>\n<tr style=\"height: 24px;\">\n<td style=\"width: 16.6667%; text-align: center; height: 24px;\"><strong>Capacidade<\/strong><\/td>\n<td style=\"width: 16.6667%; text-align: center; height: 24px;\"><strong>Altura total<\/strong><\/td>\n<td style=\"width: 16.6667%; text-align: center; height: 24px;\"><strong>Altura da garrafa<\/strong><\/td>\n<td style=\"width: 16.6667%; text-align: center; height: 24px;\"><strong>Altura imprim\u00edvel<\/strong><\/td>\n<td style=\"width: 16.6667%; text-align: center; height: 24px;\"><strong>Di\u00e2metro inferior<\/strong><\/td>\n<td style=\"width: 16.6667%; text-align: center; height: 24px;\"><strong>Peso<\/strong><\/td>\n<\/tr>\n<tr style=\"height: 24px;\">\n<td style=\"width: 16.6667%; text-align: center; height: 24px;\">60ml<\/td>\n<td style=\"width: 16.6667%; text-align: center; height: 24px;\">Por que a cor, a cor e a F \u0628\u0648\u0635a s\u00e3o t\u00e3o importantes?<\/td>\n<td style=\"width: 16.6667%; text-align: center; height: 24px;\">90mm<\/td>\n<td style=\"width: 16.6667%; text-align: center; height: 24px;\">56mm<\/td>\n<td style=\"width: 16.6667%; text-align: center; height: 24px;\">31*33mm<\/td>\n<td style=\"width: 16.6667%; text-align: center; height: 24px;\">11g<\/td>\n<\/tr>\n<tr style=\"height: 24px;\">\n<td style=\"width: 16.6667%; text-align: center; height: 24px;\">75ml<\/td>\n<td style=\"width: 16.6667%; text-align: center; height: 24px;\">134 mm<\/td>\n<td style=\"width: 16.6667%; text-align: center; height: 24px;\">107mm<\/td>\n<td style=\"width: 16.6667%; text-align: center; height: 24px;\">73mm<\/td>\n<td style=\"width: 16.6667%; text-align: center; height: 24px;\">31*33mm<\/td>\n<td style=\"width: 16.6667%; text-align: center; height: 24px;\">12g<\/td>\n<\/tr>\n<tr style=\"height: 24px;\">\n<td style=\"width: 16.6667%; text-align: center; height: 24px;\">90ml<\/td>\n<td style=\"width: 16.6667%; text-align: center; height: 24px;\">152mm<\/td>\n<td style=\"width: 16.6667%; text-align: center; height: 24px;\">126 mm<\/td>\n<td style=\"width: 16.6667%; text-align: center; height: 24px;\">90mm<\/td>\n<td style=\"width: 16.6667%; text-align: center; height: 24px;\">31*33mm<\/td>\n<td style=\"width: 16.6667%; text-align: center; height: 24px;\">16g<\/td>\n<\/tr>\n<\/tbody>\n<\/table>\n<p>The JH-LW9503 series designed by Jaunce is a type of spray bottle. The body of this series is made of PE material. As is well known, PE has obvious advantages over PP. It performs exceptionally well in low-temperature conditions, and is excellent in terms of flexibility, extensibility, water resistance and moisture-proofing. It also has low cost and is safe and free from the five hazards. It is widely used in packaging for cosmetics and skincare products. The simple white design has smooth and flowing lines &#8211; its simple appearance makes it highly suitable for use in skincare, facial sprays or cosmetic products, and is in perfect harmony with the modern brand style. This aerosol bottle is available in three capacities: 60 ml, 75 ml and 90 ml. The body is covered with matte and dull surface treatment, giving a smooth and gentle touch. It matches the square PP bottle cap of the same color, and can precisely cover the small white PP spray pump at the top.<\/p>\n<p><strong>Dimens\u00f5es (por capacidade)<\/strong>:<\/p>\n<p>60ML: Altura total 117MM (altura da garrafa 90MM; \u00e1rea impress\u00edvel 56MM)<\/p>\n<p>75ML: Altura total 134MM (altura da garrafa 107MM; \u00e1rea impress\u00edvel 73MM)<\/p>\n<p>90ML: Altura total 152MM (altura da garrafa 126MM; \u00e1rea impress\u00edvel 90MM)<\/p>\n<p>60ml and 75ml small-sized bottles are convenient to carry. They are commonly used for travel packaging, hotel room lines, and as gift boxes. While the 90ml capacity is suitable for daily personal use.<\/p>\n<p><strong>Materiales<\/strong>: PE (corpo de garrafa), PP (bomba de nevoeiro e tampa)<\/p>\n<p>The square PE bottle body is paired with a PP pump head and a square PP outer cover. The overall effect is simple and elegant. The mist pump discharges a fine and uniform liquid without causing any waste.<\/p>\n<p><strong>Peso (corpo de garrafa apenas)<\/strong>: 11g (60ML) \/ 12g (75ML) \/ 16g (90ML)<\/p>\n<p>A tampa da garrafa feita de material PP, juntamente com a bomba de pulveriza\u00e7\u00e3o e o corpo da garrafa PE, s\u00e3o todos materiais seguros para embalagem cosm\u00e9tica. Eles s\u00e3o adequados para armazenar \u00e1gua de maquilhagem, colocar pulverizador e pulverizador de lot\u00e3o corporal. N\u00e3o haver\u00e1 rea\u00e7\u00e3o com o conte\u00fado, e mesmo pele sens\u00edvel pode us\u00e1-los com paz mental.<\/p>\n<p><span data-slate-fragment=\"JTVCJTdCJTIydHlwZSUyMiUzQSUyMnBhcmFncmFwaCUyMiUyQyUyMmNoaWxkcmVuJTIyJTNBJTVCJTdCJTIyaWQlMjIlM0ElMjJLMTVNQm5va3d2JTIyJTJDJTIycGFyYUlkeCUyMiUzQTAlMkMlMjJzcmMlMjIlM0ElMjJXZSUyMHN1cHBvcnQlMjBicmFuZGluZyUyMHZpYSUyMHNpbGslMjBwcmludGluZyUyQyUyMGNvbG9yJTIwbWF0Y2hpbmclMkMlMjBvciUyMGxhYmVsJTIwYXBwbGljYXRpb24lMjAobm90ZSUzQSUyMHRoZSUyMHBoeXNpY2FsJTIwcHJvZHVjdCUyMGNvbWVzJTIwd2l0aG91dCUyMHByZS1wcmludGVkJTIwbG9nb3MlMkZsYWJlbHMlMjAlRTIlODAlOTQlMjBjb250YWN0JTIwY3VzdG9tZXIlMjBzZXJ2aWNlJTIwZm9yJTIwY3VzdG9tJTIwZGVzaWducykuJTIyJTJDJTIyZHN0JTIyJTNBJTIyJUU2JTg4JTkxJUU0JUJCJUFDJUU2JTk0JUFGJUU2JThDJTgxJUU5JTgwJTlBJUU4JUJGJTg3JUU0JUI4JTlEJUU3JUJEJTkxJUU1JThEJUIwJUU1JTg4JUI3JUUzJTgwJTgxJUU5JTg1JThEJUU4JTg5JUIyJUU2JTg4JTk2JUU2JUEwJTg3JUU3JUFEJUJFJUU1JUJBJTk0JUU3JTk0JUE4JUU4JUJGJTlCJUU4JUExJThDJUU1JTkzJTgxJUU3JTg5JThDJUU2JThFJUE4JUU1JUI5JUJGJUVGJUJDJTg4JUU2JUIzJUE4JUU2JTg0JThGJUVGJUJDJTlBJUU1JUFFJTlFJUU3JTg5JUE5JUU0JUJBJUE3JUU1JTkzJTgxJUU2JUIyJUExJUU2JTlDJTg5JUU5JUEyJTg0JUU1JTg1JTg4JUU1JThEJUIwJUU1JTg4JUI3JUU3JTlBJTg0JUU1JUJFJUJEJUU2JUEwJTg3JTJGJUU2JUEwJTg3JUU3JUFEJUJFJUUyJTgwJTk0JUUyJTgwJTk0JUU4JTgxJTk0JUU3JUIzJUJCJUU1JUFFJUEyJUU2JTg4JUI3JUU2JTlDJThEJUU1JThBJUExJUU5JTgzJUE4JUU4JUJGJTlCJUU4JUExJThDJUU1JUFFJTlBJUU1JTg4JUI2JUU4JUFFJUJFJUU4JUFFJUExJUVGJUJDJTg5JUUzJTgwJTgyJTIyJTJDJTIybWV0YWRhdGElMjIlM0ElMjIlMjIlMkMlMjJtYXRjaGVzJTIyJTNBbnVsbCUyQyUyMnRyYW5zbGF0ZWRCeSUyMiUzQW51bGwlMkMlMjJtZXRhRGF0YSUyMiUzQSU1QiU1RCUyQyUyMnRleHQlMjIlM0ElMjJXZSUyMHN1cHBvcnQlMjBicmFuZGluZyUyMHZpYSUyMHNpbGslMjBwcmludGluZyUyQyUyMGNvbG9yJTIwbWF0Y2hpbmclMkMlMjBvciUyMGxhYmVsJTIwYXBwbGljYXRpb24lMjAobm90ZSUzQSUyMHRoZSUyMHBoeXNpY2FsJTIwcHJvZHVjdCUyMGNvbWVzJTIwd2l0aG91dCUyMHByZS1wcmludGVkJTIwbG9nb3MlMkZsYWJlbHMlMjAlRTIlODAlOTQlMjBjb250YWN0JTIwY3VzdG9tZXIlMjBzZXJ2aWNlJTIwZm9yJTIwY3VzdG9tJTIwZGVzaWducykuJTIyJTdEJTVEJTdEJTVE\">N\u00f3s apoiamos a marca atrav\u00e9s da impress\u00e3o de seda, da correspond\u00eancia de cores, ou aplica\u00e7\u00e3o de etiqueta (nota: o produto f\u00edsico vem sem logos\/etiquetas pr\u00e9-impressos - contate-nos para projetos personalizados).<\/span><\/p>\n<p>Seja que seja s injetam cor ou estilo com etiquetas de texto simples, todos carregam uma vibra\u00e7\u00e3o extremamente minimalist a e sofisticada.<\/p>\n<p><img decoding=\"async\" class=\"size-full wp-image-3589 aligncenter\" src=\"https:\/\/www.cosmepak.com\/wp-content\/uploads\/2025\/12\/\u8be6\u60c5-4.jpg\" alt=\"\" width=\"1000\" height=\"1000\" srcset=\"https:\/\/www.cosmepak.com\/wp-content\/uploads\/2025\/12\/\u8be6\u60c5-4.jpg 1000w, https:\/\/www.cosmepak.com\/wp-content\/uploads\/2025\/12\/\u8be6\u60c5-4-300x300.jpg 300w, https:\/\/www.cosmepak.com\/wp-content\/uploads\/2025\/12\/\u8be6\u60c5-4-150x150.jpg 150w, https:\/\/www.cosmepak.com\/wp-content\/uploads\/2025\/12\/\u8be6\u60c5-4-768x768.jpg 768w, https:\/\/www.cosmepak.com\/wp-content\/uploads\/2025\/12\/\u8be6\u60c5-4-12x12.jpg 12w, https:\/\/www.cosmepak.com\/wp-content\/uploads\/2025\/12\/\u8be6\u60c5-4-600x600.jpg 600w, https:\/\/www.cosmepak.com\/wp-content\/uploads\/2025\/12\/\u8be6\u60c5-4-100x100.jpg 100w\" sizes=\"(max-width: 1000px) 100vw, 1000px\" \/><\/p>\n<table style=\"border-collapse: collapse; width: 100%;\">\n<tbody>\n<tr>\n<td style=\"width: 33.3333%;\"><img decoding=\"async\" class=\"alignnone size-full wp-image-3590\" src=\"https:\/\/www.cosmepak.com\/wp-content\/uploads\/2025\/12\/\u8be6\u60c5-6.jpg\" alt=\"\" width=\"1000\" height=\"1000\" srcset=\"https:\/\/www.cosmepak.com\/wp-content\/uploads\/2025\/12\/\u8be6\u60c5-6.jpg 1000w, https:\/\/www.cosmepak.com\/wp-content\/uploads\/2025\/12\/\u8be6\u60c5-6-300x300.jpg 300w, https:\/\/www.cosmepak.com\/wp-content\/uploads\/2025\/12\/\u8be6\u60c5-6-150x150.jpg 150w, https:\/\/www.cosmepak.com\/wp-content\/uploads\/2025\/12\/\u8be6\u60c5-6-768x768.jpg 768w, https:\/\/www.cosmepak.com\/wp-content\/uploads\/2025\/12\/\u8be6\u60c5-6-12x12.jpg 12w, https:\/\/www.cosmepak.com\/wp-content\/uploads\/2025\/12\/\u8be6\u60c5-6-600x600.jpg 600w, https:\/\/www.cosmepak.com\/wp-content\/uploads\/2025\/12\/\u8be6\u60c5-6-100x100.jpg 100w\" sizes=\"(max-width: 1000px) 100vw, 1000px\" \/><\/td>\n<td style=\"width: 33.3333%;\"><img loading=\"lazy\" decoding=\"async\" class=\"alignnone size-full wp-image-3591\" src=\"https:\/\/www.cosmepak.com\/wp-content\/uploads\/2025\/12\/\u8be6\u60c5-7.jpg\" alt=\"\" width=\"1000\" height=\"1000\" srcset=\"https:\/\/www.cosmepak.com\/wp-content\/uploads\/2025\/12\/\u8be6\u60c5-7.jpg 1000w, https:\/\/www.cosmepak.com\/wp-content\/uploads\/2025\/12\/\u8be6\u60c5-7-300x300.jpg 300w, https:\/\/www.cosmepak.com\/wp-content\/uploads\/2025\/12\/\u8be6\u60c5-7-150x150.jpg 150w, https:\/\/www.cosmepak.com\/wp-content\/uploads\/2025\/12\/\u8be6\u60c5-7-768x768.jpg 768w, https:\/\/www.cosmepak.com\/wp-content\/uploads\/2025\/12\/\u8be6\u60c5-7-12x12.jpg 12w, https:\/\/www.cosmepak.com\/wp-content\/uploads\/2025\/12\/\u8be6\u60c5-7-600x600.jpg 600w, https:\/\/www.cosmepak.com\/wp-content\/uploads\/2025\/12\/\u8be6\u60c5-7-100x100.jpg 100w\" sizes=\"(max-width: 1000px) 100vw, 1000px\" \/><\/td>\n<td style=\"width: 33.3333%;\"><img loading=\"lazy\" decoding=\"async\" class=\"alignnone size-full wp-image-3592\" src=\"https:\/\/www.cosmepak.com\/wp-content\/uploads\/2025\/12\/\u4e3b\u56fe-41.jpg\" alt=\"\" width=\"1000\" height=\"1000\" srcset=\"https:\/\/www.cosmepak.com\/wp-content\/uploads\/2025\/12\/\u4e3b\u56fe-41.jpg 1000w, https:\/\/www.cosmepak.com\/wp-content\/uploads\/2025\/12\/\u4e3b\u56fe-41-300x300.jpg 300w, https:\/\/www.cosmepak.com\/wp-content\/uploads\/2025\/12\/\u4e3b\u56fe-41-150x150.jpg 150w, https:\/\/www.cosmepak.com\/wp-content\/uploads\/2025\/12\/\u4e3b\u56fe-41-768x768.jpg 768w, https:\/\/www.cosmepak.com\/wp-content\/uploads\/2025\/12\/\u4e3b\u56fe-41-12x12.jpg 12w, https:\/\/www.cosmepak.com\/wp-content\/uploads\/2025\/12\/\u4e3b\u56fe-41-600x600.jpg 600w, https:\/\/www.cosmepak.com\/wp-content\/uploads\/2025\/12\/\u4e3b\u56fe-41-100x100.jpg 100w\" sizes=\"(max-width: 1000px) 100vw, 1000px\" \/><\/td>\n<\/tr>\n<\/tbody>\n<\/table>\n<table style=\"border-collapse: collapse; width: 100%;\">\n<tbody>\n<tr>\n<td style=\"width: 50%;\"><img loading=\"lazy\" decoding=\"async\" class=\"alignnone size-full wp-image-3593\" src=\"https:\/\/www.cosmepak.com\/wp-content\/uploads\/2025\/12\/11.jpg\" alt=\"\" width=\"1000\" height=\"1000\" srcset=\"https:\/\/www.cosmepak.com\/wp-content\/uploads\/2025\/12\/11.jpg 1000w, https:\/\/www.cosmepak.com\/wp-content\/uploads\/2025\/12\/11-300x300.jpg 300w, https:\/\/www.cosmepak.com\/wp-content\/uploads\/2025\/12\/11-150x150.jpg 150w, https:\/\/www.cosmepak.com\/wp-content\/uploads\/2025\/12\/11-768x768.jpg 768w, https:\/\/www.cosmepak.com\/wp-content\/uploads\/2025\/12\/11-12x12.jpg 12w, https:\/\/www.cosmepak.com\/wp-content\/uploads\/2025\/12\/11-600x600.jpg 600w, https:\/\/www.cosmepak.com\/wp-content\/uploads\/2025\/12\/11-100x100.jpg 100w\" sizes=\"(max-width: 1000px) 100vw, 1000px\" \/><\/td>\n<td style=\"width: 50%;\"><img loading=\"lazy\" decoding=\"async\" class=\"alignnone size-full wp-image-3594\" src=\"https:\/\/www.cosmepak.com\/wp-content\/uploads\/2025\/12\/21.jpg\" alt=\"\" width=\"1000\" height=\"1000\" srcset=\"https:\/\/www.cosmepak.com\/wp-content\/uploads\/2025\/12\/21.jpg 1000w, https:\/\/www.cosmepak.com\/wp-content\/uploads\/2025\/12\/21-300x300.jpg 300w, https:\/\/www.cosmepak.com\/wp-content\/uploads\/2025\/12\/21-150x150.jpg 150w, https:\/\/www.cosmepak.com\/wp-content\/uploads\/2025\/12\/21-768x768.jpg 768w, https:\/\/www.cosmepak.com\/wp-content\/uploads\/2025\/12\/21-12x12.jpg 12w, https:\/\/www.cosmepak.com\/wp-content\/uploads\/2025\/12\/21-600x600.jpg 600w, https:\/\/www.cosmepak.com\/wp-content\/uploads\/2025\/12\/21-100x100.jpg 100w\" sizes=\"(max-width: 1000px) 100vw, 1000px\" \/><\/td>\n<\/tr>\n<\/tbody>\n<\/table>","protected":false},"excerpt":{"rendered":"<p>Material de Botelha: PETG<\/p>\n<p>Cap material: pp<\/p>\n<p>Capacidade : 200ML\/400ML<\/p>\n<p>Cap: Bomba<\/p>\n<p>Cor: Personalizado (qualquer cor Pantone Avali\u00e1vel)<\/p>\n<p>Acabamento de superf\u00edcie: impress\u00e3o de tela, cobertura, estampagem a quente, gradiente de spray, acabamento fosco, etc.<\/p>\n<p>MOQ: 5000pcs;<\/p>\n<p>&nbsp;<\/p>","protected":false},"featured_media":3594,"comment_status":"open","ping_status":"closed","template":"","meta":{"_acf_changed":false},"product_brand":[],"product_cat":[47,18],"product_tag":[41],"class_list":{"0":"post-3580","1":"product","2":"type-product","3":"status-publish","4":"has-post-thumbnail","6":"product_cat-lotion-bottle","7":"product_cat-plastic-bottle","8":"product_tag-plastic-bottle","10":"first","11":"instock","12":"shipping-taxable","13":"product-type-simple"},"acf":[],"_links":{"self":[{"href":"https:\/\/www.cosmepak.com\/pt\/wp-json\/wp\/v2\/product\/3580","targetHints":{"allow":["GET"]}}],"collection":[{"href":"https:\/\/www.cosmepak.com\/pt\/wp-json\/wp\/v2\/product"}],"about":[{"href":"https:\/\/www.cosmepak.com\/pt\/wp-json\/wp\/v2\/types\/product"}],"replies":[{"embeddable":true,"href":"https:\/\/www.cosmepak.com\/pt\/wp-json\/wp\/v2\/comments?post=3580"}],"wp:featuredmedia":[{"embeddable":true,"href":"https:\/\/www.cosmepak.com\/pt\/wp-json\/wp\/v2\/media\/3594"}],"wp:attachment":[{"href":"https:\/\/www.cosmepak.com\/pt\/wp-json\/wp\/v2\/media?parent=3580"}],"wp:term":[{"taxonomy":"product_brand","embeddable":true,"href":"https:\/\/www.cosmepak.com\/pt\/wp-json\/wp\/v2\/product_brand?post=3580"},{"taxonomy":"product_cat","embeddable":true,"href":"https:\/\/www.cosmepak.com\/pt\/wp-json\/wp\/v2\/product_cat?post=3580"},{"taxonomy":"product_tag","embeddable":true,"href":"https:\/\/www.cosmepak.com\/pt\/wp-json\/wp\/v2\/product_tag?post=3580"}],"curies":[{"name":"wp","href":"https:\/\/api.w.org\/{rel}","templated":true}]}}