{"id":3626,"date":"2025-12-05T13:37:56","date_gmt":"2025-12-05T05:37:56","guid":{"rendered":"https:\/\/www.cosmepak.com\/?post_type=product&#038;p=3626"},"modified":"2026-04-22T14:45:09","modified_gmt":"2026-04-22T06:45:09","slug":"30ml-60ml-petg-mu-si-bubble-bottle-with-foam-pump-for-skin-care-packaging","status":"publish","type":"product","link":"https:\/\/www.cosmepak.com\/pt\/product\/30ml-60ml-petg-mu-si-bubble-bottle-with-foam-pump-for-skin-care-packaging\/","title":{"rendered":"30 ml 60 ml PETG Mu Si Bubble Bottle com uma bomba de espuma para o cuidado da pele"},"content":{"rendered":"<table style=\"border-collapse: collapse; width: 100%; height: 168px;\">\n<tbody>\n<tr style=\"height: 24px;\">\n<td style=\"width: 33.3333%; height: 168px;\" rowspan=\"7\"><img fetchpriority=\"high\" decoding=\"async\" class=\"alignnone size-full wp-image-3627\" src=\"https:\/\/www.cosmepak.com\/wp-content\/uploads\/2025\/12\/71.jpg\" alt=\"\" width=\"1000\" height=\"1000\" srcset=\"https:\/\/www.cosmepak.com\/wp-content\/uploads\/2025\/12\/71.jpg 1000w, https:\/\/www.cosmepak.com\/wp-content\/uploads\/2025\/12\/71-300x300.jpg 300w, https:\/\/www.cosmepak.com\/wp-content\/uploads\/2025\/12\/71-150x150.jpg 150w, https:\/\/www.cosmepak.com\/wp-content\/uploads\/2025\/12\/71-768x768.jpg 768w, https:\/\/www.cosmepak.com\/wp-content\/uploads\/2025\/12\/71-12x12.jpg 12w, https:\/\/www.cosmepak.com\/wp-content\/uploads\/2025\/12\/71-600x600.jpg 600w, https:\/\/www.cosmepak.com\/wp-content\/uploads\/2025\/12\/71-100x100.jpg 100w\" sizes=\"(max-width: 1000px) 100vw, 1000px\" \/><\/td>\n<td style=\"width: 30.5857%; height: 24px; text-align: center;\">Marca<\/td>\n<td style=\"width: 36.0809%; height: 24px; text-align: center;\">Jaunce<\/td>\n<\/tr>\n<tr style=\"height: 24px;\">\n<td style=\"width: 30.5857%; height: 24px; text-align: center;\">Modelo<\/td>\n<td style=\"width: 36.0809%; height: 24px; text-align: center;\">JH-LWMJ05<\/td>\n<\/tr>\n<tr style=\"height: 24px;\">\n<td style=\"width: 30.5857%; height: 24px; text-align: center;\">Capabilidade<\/td>\n<td style=\"width: 36.0809%; height: 24px; text-align: center;\">30 ml\/60 ml<\/td>\n<\/tr>\n<tr style=\"height: 24px;\">\n<td style=\"width: 30.5857%; height: 24px; text-align: center;\">Peso<\/td>\n<td style=\"width: 36.0809%; height: 24px; text-align: center;\">26.1g\/29.9g<\/td>\n<\/tr>\n<tr style=\"height: 24px;\">\n<td style=\"width: 30.5857%; height: 24px; text-align: center;\">Cor<\/td>\n<td style=\"width: 36.0809%; height: 24px; text-align: center;\">personalizado<\/td>\n<\/tr>\n<tr style=\"height: 24px;\">\n<td style=\"width: 30.5857%; height: 24px; text-align: center;\">Material<\/td>\n<td style=\"width: 36.0809%; height: 24px; text-align: center;\">PETG\/PP<\/td>\n<\/tr>\n<tr style=\"height: 24px;\">\n<td style=\"width: 30.5857%; height: 24px; text-align: center;\">Sa\u00edda de l\u00edquido<\/td>\n<td style=\"width: 36.0809%; height: 24px; text-align: center;\">0.8ml\/t<\/td>\n<\/tr>\n<\/tbody>\n<\/table>\n<table style=\"border-collapse: collapse; width: 100%;\">\n<tbody>\n<tr>\n<td style=\"width: 16.6667%; text-align: center;\"><strong>Capacidade<\/strong><\/td>\n<td style=\"width: 16.6667%; text-align: center;\"><strong>Altura total<\/strong><\/td>\n<td style=\"width: 16.6667%; text-align: center;\"><strong>Altura da garrafa<\/strong><\/td>\n<td style=\"width: 16.6667%; text-align: center;\"><strong>Altura imprim\u00edvel<\/strong><\/td>\n<td style=\"width: 19.4745%; text-align: center;\"><strong>Di\u00e2metro inferior<\/strong><\/td>\n<td style=\"width: 13.8589%; text-align: center;\"><strong>Peso<\/strong><\/td>\n<\/tr>\n<tr>\n<td style=\"width: 16.6667%; text-align: center;\">30ml<\/td>\n<td style=\"width: 16.6667%; text-align: center;\">99.7mm<\/td>\n<td style=\"width: 16.6667%; text-align: center;\">59.1mm<\/td>\n<td style=\"width: 16.6667%; text-align: center;\">36.5mm<\/td>\n<td style=\"width: 19.4745%; text-align: center;\">35 mm<\/td>\n<td style=\"width: 13.8589%; text-align: center;\">26.1g<\/td>\n<\/tr>\n<tr>\n<td style=\"width: 16.6667%; text-align: center;\">60ml<\/td>\n<td style=\"width: 16.6667%; text-align: center;\">130mm<\/td>\n<td style=\"width: 16.6667%; text-align: center;\">90.2mm<\/td>\n<td style=\"width: 16.6667%; text-align: center;\">65.5mm<\/td>\n<td style=\"width: 19.4745%; text-align: center;\">35 mm<\/td>\n<td style=\"width: 13.8589%; text-align: center;\">29.9g<\/td>\n<\/tr>\n<\/tbody>\n<\/table>\n<table style=\"border-collapse: collapse; width: 100%;\">\n<tbody>\n<tr>\n<td style=\"width: 16.0637%; text-align: center;\"><strong>Item\u00a0<\/strong><\/td>\n<td style=\"width: 18.3316%; text-align: center;\"><strong>Capacidade<\/strong><\/td>\n<td style=\"width: 21.9762%; text-align: center;\"><strong>Pacote Qtd<\/strong><\/td>\n<td style=\"width: 22.6241%; text-align: center;\"><strong>Tamanho do cart\u00e3o<\/strong><\/td>\n<td style=\"width: 21.0044%; text-align: center;\"><strong>Gw<\/strong><\/td>\n<\/tr>\n<tr>\n<td style=\"width: 16.0637%; text-align: center;\" rowspan=\"2\">Garrafa<\/td>\n<td style=\"width: 18.3316%; text-align: center;\">30ml<\/td>\n<td style=\"width: 21.9762%; text-align: center;\">1050pcs<\/td>\n<td style=\"width: 22.6241%; text-align: center;\">56*35*43cm<\/td>\n<td style=\"width: 21.0044%; text-align: center;\">28.5kg<\/td>\n<\/tr>\n<tr>\n<td style=\"width: 18.3316%; text-align: center;\">60ml<\/td>\n<td style=\"width: 21.9762%; text-align: center;\">654pcs<\/td>\n<td style=\"width: 22.6241%; text-align: center;\">56*35*43cm<\/td>\n<td style=\"width: 21.0044%; text-align: center;\">20.9kg<\/td>\n<\/tr>\n<\/tbody>\n<\/table>\n<p>JH-LWMJ05 garrafa de bomba de espuma, adequada para v\u00e1rios produtos de beleza e corte de pele. A capacidade pode ser selecionada de acordo com o cen\u00e1rio de uso. N\u00f3s apoiamos a capacidade de 30 ml e 60 ml para que nosso cliente escolha.<\/p>\n<div class=\"auto-hide-last-sibling-br paragraph-pP9ZLC paragraph-element br-paragraph-space\">Oferecemos uma variedade de op\u00e7\u00f5es de personaliza\u00e7\u00e3o que nos permitem integrar sem problemas esta garrafa de bomba de espuma com seu logotipo de marca, combinando a pr\u00e1tica com apelo est\u00e9tico. Este design adota uma estrutura dividida: cobertura protetora, cabe\u00e7a de bomba de espuma, boca de garrafa com fios, corpo de garrafa PETG. A montagem \u00e9 conveniente e o desempenho de selagem \u00e9 excelente.<\/div>\n<div><\/div>\n<div>The foam pump has fine bubbles with excellent bubble effect. Compared to the traditional manual wire mesh bubble generator, it has faster bubble formation and the bubbles have a thick texture, which can save time.<\/div>\n<div><\/div>\n<div>This bubble bottle is usually used for packaging facial cleanser mousse and hand sanitizer.<\/div>\n<h3 class=\"header-iWP5WJ auto-hide-last-sibling-br\"><span style=\"font-size: 12pt;\">Op\u00e7\u00e3o padr\u00e3o: Flasco transparente, bomba branca<\/span><\/h3>\n<div class=\"auto-hide-last-sibling-br paragraph-pP9ZLC paragraph-element br-paragraph-space\">O corpo da garrafa \u00e9 transparente claramente cor, cor transparente pode mostrar facilmente monitorar os n\u00edveis de produto em um olhar - pr\u00e1tico para uso di\u00e1rio. vem com uma bomba de espuma branca elegante, esse design engloba eleg\u00e2ncia minimalist a, complementando uma ampla gama de formula\u00e7\u00f5es cut\u00e2neas e cosm\u00e9ticas.<\/div>\n<h3 class=\"header-iWP5WJ auto-hide-last-sibling-br\"><span style=\"font-size: 12pt;\">Cores de moldagem da inje\u00e7\u00e3o: Cor personalizada aceit\u00e1vel<\/span><\/h3>\n<div class=\"auto-hide-last-sibling-br paragraph-pP9ZLC paragraph-element br-paragraph-space\">Aplicando cores de moldagem de inje\u00e7\u00e3o personalizadas \u00e0s garrafas, podemos aumentar o reconhecimento das marcas. Podemos selecionar a cor apropriada com base na sua marca&#8217; a s caracter\u00edsticas e a parejar com uma cabe\u00e7a de bomba correspondente, criando assim uma apar\u00eancia unificada e refor\u00e7ando a identidade da marca.<\/div>\n<h3 class=\"header-iWP5WJ auto-hide-last-sibling-br\"><span style=\"font-size: 12pt;\">Colar: <\/span><span style=\"font-size: 12pt;\">Fin Metalico <\/span><\/h3>\n<div class=\"auto-hide-last-sibling-br paragraph-pP9ZLC paragraph-element br-paragraph-space\">O colar est\u00e1 dispon\u00edvel em ouro, prata, ouro rosa ou outros tons met\u00e1licos, refor\u00e7ando o sentimento de alta qualidade da garrafa e tornando-o ideal para corte de pele prim\u00e1rio, cuidado de cabelo ou linhas de cuidado pessoal.<\/div>\n<div class=\"auto-hide-last-sibling-br paragraph-pP9ZLC paragraph-element br-paragraph-space\">Cada personaliza\u00e7\u00e3o \u00e9 projetada para manter a funcionalidade da garrafa \u2013 assegurar a dispens\u00e3o de espuma suave, o desempenho de prova de vazamento e a compatibilidade com v\u00e1rias formula\u00e7\u00f5es \u2013 ao mesmo tempo alinhando-se com a est\u00e9tica \u00fanica da sua marca.<\/div>\n<p>Ele suporta t\u00e9cnicas de impress\u00e3o como impress\u00e3o de tela de seda, explos\u00e3o de areia e transfer \u00eancia de calor. A personaliza\u00e7\u00e3o dos logotipos de marca e informa\u00e7\u00e3o sobre produtos est\u00e1 dispon\u00edvel, ajudando a criar embalagens exclusivas.<\/p>\n<p><img decoding=\"async\" class=\"wp-image-3628 aligncenter\" src=\"https:\/\/www.cosmepak.com\/wp-content\/uploads\/2025\/12\/\u8be6\u60c5-6-1.jpg\" alt=\"\" width=\"1368\" height=\"1368\" srcset=\"https:\/\/www.cosmepak.com\/wp-content\/uploads\/2025\/12\/\u8be6\u60c5-6-1.jpg 1000w, https:\/\/www.cosmepak.com\/wp-content\/uploads\/2025\/12\/\u8be6\u60c5-6-1-300x300.jpg 300w, https:\/\/www.cosmepak.com\/wp-content\/uploads\/2025\/12\/\u8be6\u60c5-6-1-150x150.jpg 150w, https:\/\/www.cosmepak.com\/wp-content\/uploads\/2025\/12\/\u8be6\u60c5-6-1-768x768.jpg 768w, https:\/\/www.cosmepak.com\/wp-content\/uploads\/2025\/12\/\u8be6\u60c5-6-1-12x12.jpg 12w, https:\/\/www.cosmepak.com\/wp-content\/uploads\/2025\/12\/\u8be6\u60c5-6-1-600x600.jpg 600w, https:\/\/www.cosmepak.com\/wp-content\/uploads\/2025\/12\/\u8be6\u60c5-6-1-100x100.jpg 100w\" sizes=\"(max-width: 1368px) 100vw, 1368px\" \/><\/p>\n<table style=\"border-collapse: collapse; width: 100%;\">\n<tbody>\n<tr>\n<td style=\"width: 33.3333%;\"><img decoding=\"async\" class=\"alignnone size-full wp-image-3630\" src=\"https:\/\/www.cosmepak.com\/wp-content\/uploads\/2025\/12\/61-1.jpg\" alt=\"\" width=\"1000\" height=\"1000\" srcset=\"https:\/\/www.cosmepak.com\/wp-content\/uploads\/2025\/12\/61-1.jpg 1000w, https:\/\/www.cosmepak.com\/wp-content\/uploads\/2025\/12\/61-1-300x300.jpg 300w, https:\/\/www.cosmepak.com\/wp-content\/uploads\/2025\/12\/61-1-150x150.jpg 150w, https:\/\/www.cosmepak.com\/wp-content\/uploads\/2025\/12\/61-1-768x768.jpg 768w, https:\/\/www.cosmepak.com\/wp-content\/uploads\/2025\/12\/61-1-12x12.jpg 12w, https:\/\/www.cosmepak.com\/wp-content\/uploads\/2025\/12\/61-1-600x600.jpg 600w, https:\/\/www.cosmepak.com\/wp-content\/uploads\/2025\/12\/61-1-100x100.jpg 100w\" sizes=\"(max-width: 1000px) 100vw, 1000px\" \/><\/td>\n<td style=\"width: 33.3333%;\"><img loading=\"lazy\" decoding=\"async\" class=\"alignnone size-full wp-image-3631\" src=\"https:\/\/www.cosmepak.com\/wp-content\/uploads\/2025\/12\/51-1.jpg\" alt=\"\" width=\"1000\" height=\"1000\" srcset=\"https:\/\/www.cosmepak.com\/wp-content\/uploads\/2025\/12\/51-1.jpg 1000w, https:\/\/www.cosmepak.com\/wp-content\/uploads\/2025\/12\/51-1-300x300.jpg 300w, https:\/\/www.cosmepak.com\/wp-content\/uploads\/2025\/12\/51-1-150x150.jpg 150w, https:\/\/www.cosmepak.com\/wp-content\/uploads\/2025\/12\/51-1-768x768.jpg 768w, https:\/\/www.cosmepak.com\/wp-content\/uploads\/2025\/12\/51-1-12x12.jpg 12w, https:\/\/www.cosmepak.com\/wp-content\/uploads\/2025\/12\/51-1-600x600.jpg 600w, https:\/\/www.cosmepak.com\/wp-content\/uploads\/2025\/12\/51-1-100x100.jpg 100w\" sizes=\"(max-width: 1000px) 100vw, 1000px\" \/><\/td>\n<td style=\"width: 33.3333%;\"><img loading=\"lazy\" decoding=\"async\" class=\"alignnone size-full wp-image-3632\" src=\"https:\/\/www.cosmepak.com\/wp-content\/uploads\/2025\/12\/\u8be6\u60c5-101-1.jpg\" alt=\"\" width=\"1000\" height=\"1000\" srcset=\"https:\/\/www.cosmepak.com\/wp-content\/uploads\/2025\/12\/\u8be6\u60c5-101-1.jpg 1000w, https:\/\/www.cosmepak.com\/wp-content\/uploads\/2025\/12\/\u8be6\u60c5-101-1-300x300.jpg 300w, https:\/\/www.cosmepak.com\/wp-content\/uploads\/2025\/12\/\u8be6\u60c5-101-1-150x150.jpg 150w, https:\/\/www.cosmepak.com\/wp-content\/uploads\/2025\/12\/\u8be6\u60c5-101-1-768x768.jpg 768w, https:\/\/www.cosmepak.com\/wp-content\/uploads\/2025\/12\/\u8be6\u60c5-101-1-12x12.jpg 12w, https:\/\/www.cosmepak.com\/wp-content\/uploads\/2025\/12\/\u8be6\u60c5-101-1-600x600.jpg 600w, https:\/\/www.cosmepak.com\/wp-content\/uploads\/2025\/12\/\u8be6\u60c5-101-1-100x100.jpg 100w\" sizes=\"(max-width: 1000px) 100vw, 1000px\" \/><\/td>\n<\/tr>\n<\/tbody>\n<\/table>\n<table style=\"border-collapse: collapse; width: 100%;\">\n<tbody>\n<tr>\n<td style=\"width: 50%;\"><img loading=\"lazy\" decoding=\"async\" class=\"alignnone size-full wp-image-3633\" src=\"https:\/\/www.cosmepak.com\/wp-content\/uploads\/2025\/12\/21-1.jpg\" alt=\"\" width=\"1000\" height=\"1000\" srcset=\"https:\/\/www.cosmepak.com\/wp-content\/uploads\/2025\/12\/21-1.jpg 1000w, https:\/\/www.cosmepak.com\/wp-content\/uploads\/2025\/12\/21-1-300x300.jpg 300w, https:\/\/www.cosmepak.com\/wp-content\/uploads\/2025\/12\/21-1-150x150.jpg 150w, https:\/\/www.cosmepak.com\/wp-content\/uploads\/2025\/12\/21-1-768x768.jpg 768w, https:\/\/www.cosmepak.com\/wp-content\/uploads\/2025\/12\/21-1-12x12.jpg 12w, https:\/\/www.cosmepak.com\/wp-content\/uploads\/2025\/12\/21-1-600x600.jpg 600w, https:\/\/www.cosmepak.com\/wp-content\/uploads\/2025\/12\/21-1-100x100.jpg 100w\" sizes=\"(max-width: 1000px) 100vw, 1000px\" \/><\/td>\n<td style=\"width: 50%;\"><img loading=\"lazy\" decoding=\"async\" class=\"alignnone size-full wp-image-3634\" src=\"https:\/\/www.cosmepak.com\/wp-content\/uploads\/2025\/12\/31-1.jpg\" alt=\"\" width=\"1000\" height=\"1000\" srcset=\"https:\/\/www.cosmepak.com\/wp-content\/uploads\/2025\/12\/31-1.jpg 1000w, https:\/\/www.cosmepak.com\/wp-content\/uploads\/2025\/12\/31-1-300x300.jpg 300w, https:\/\/www.cosmepak.com\/wp-content\/uploads\/2025\/12\/31-1-150x150.jpg 150w, https:\/\/www.cosmepak.com\/wp-content\/uploads\/2025\/12\/31-1-768x768.jpg 768w, https:\/\/www.cosmepak.com\/wp-content\/uploads\/2025\/12\/31-1-12x12.jpg 12w, https:\/\/www.cosmepak.com\/wp-content\/uploads\/2025\/12\/31-1-600x600.jpg 600w, https:\/\/www.cosmepak.com\/wp-content\/uploads\/2025\/12\/31-1-100x100.jpg 100w\" sizes=\"(max-width: 1000px) 100vw, 1000px\" \/><\/td>\n<\/tr>\n<\/tbody>\n<\/table>","protected":false},"excerpt":{"rendered":"<p>Material de garrafa: PE<\/p>\n<p>Cap material: pp<\/p>\n<p>Capacidade: 350ml<\/p>\n<p>Cap: bomba de espuma<\/p>\n<p>Cor: Personalizado (qualquer cor Pantone Avali\u00e1vel)<\/p>\n<p>Acabamento de superf\u00edcie: impress\u00e3o de tela, cobertura, estampagem a quente, gradiente de spray, acabamento fosco, etc.<\/p>\n<p>MOQ: 5000pcs;<\/p>\n<p>&nbsp;<\/p>","protected":false},"featured_media":3633,"comment_status":"closed","ping_status":"closed","template":"","meta":{"_acf_changed":false},"product_brand":[],"product_cat":[50,18],"product_tag":[41],"class_list":{"0":"post-3626","1":"product","2":"type-product","3":"status-publish","4":"has-post-thumbnail","6":"product_cat-foam-bottle","7":"product_cat-plastic-bottle","8":"product_tag-plastic-bottle","10":"first","11":"instock","12":"shipping-taxable","13":"product-type-simple"},"acf":[],"_links":{"self":[{"href":"https:\/\/www.cosmepak.com\/pt\/wp-json\/wp\/v2\/product\/3626","targetHints":{"allow":["GET"]}}],"collection":[{"href":"https:\/\/www.cosmepak.com\/pt\/wp-json\/wp\/v2\/product"}],"about":[{"href":"https:\/\/www.cosmepak.com\/pt\/wp-json\/wp\/v2\/types\/product"}],"replies":[{"embeddable":true,"href":"https:\/\/www.cosmepak.com\/pt\/wp-json\/wp\/v2\/comments?post=3626"}],"wp:featuredmedia":[{"embeddable":true,"href":"https:\/\/www.cosmepak.com\/pt\/wp-json\/wp\/v2\/media\/3633"}],"wp:attachment":[{"href":"https:\/\/www.cosmepak.com\/pt\/wp-json\/wp\/v2\/media?parent=3626"}],"wp:term":[{"taxonomy":"product_brand","embeddable":true,"href":"https:\/\/www.cosmepak.com\/pt\/wp-json\/wp\/v2\/product_brand?post=3626"},{"taxonomy":"product_cat","embeddable":true,"href":"https:\/\/www.cosmepak.com\/pt\/wp-json\/wp\/v2\/product_cat?post=3626"},{"taxonomy":"product_tag","embeddable":true,"href":"https:\/\/www.cosmepak.com\/pt\/wp-json\/wp\/v2\/product_tag?post=3626"}],"curies":[{"name":"wp","href":"https:\/\/api.w.org\/{rel}","templated":true}]}}