{"id":3637,"date":"2025-12-05T14:43:03","date_gmt":"2025-12-05T06:43:03","guid":{"rendered":"https:\/\/www.cosmepak.com\/?post_type=product&#038;p=3637"},"modified":"2025-12-05T14:44:23","modified_gmt":"2025-12-05T06:44:23","slug":"petg-spray-bottle-30-100ml-plastic-boston-shape-boston-for-skin-care-packaging-pump-sealing-bottle","status":"publish","type":"product","link":"https:\/\/www.cosmepak.com\/pt\/product\/petg-spray-bottle-30-100ml-plastic-boston-shape-boston-for-skin-care-packaging-pump-sealing-bottle\/","title":{"rendered":"PETG Spray Bottle 30-100 ml Plastic Boston Shape Boston for Skin Care Packaging Pump Sealing Bottle"},"content":{"rendered":"<table style=\"border-collapse: collapse; width: 100%; height: 168px;\">\n<tbody>\n<tr style=\"height: 24px;\">\n<td style=\"width: 33.3333%; height: 168px;\" rowspan=\"6\"><img fetchpriority=\"high\" decoding=\"async\" class=\"alignnone size-full wp-image-3638\" src=\"https:\/\/www.cosmepak.com\/wp-content\/uploads\/2025\/12\/\u4e3b\u56fe-6-1.jpg\" alt=\"\" width=\"1000\" height=\"1000\" srcset=\"https:\/\/www.cosmepak.com\/wp-content\/uploads\/2025\/12\/\u4e3b\u56fe-6-1.jpg 1000w, https:\/\/www.cosmepak.com\/wp-content\/uploads\/2025\/12\/\u4e3b\u56fe-6-1-300x300.jpg 300w, https:\/\/www.cosmepak.com\/wp-content\/uploads\/2025\/12\/\u4e3b\u56fe-6-1-150x150.jpg 150w, https:\/\/www.cosmepak.com\/wp-content\/uploads\/2025\/12\/\u4e3b\u56fe-6-1-768x768.jpg 768w, https:\/\/www.cosmepak.com\/wp-content\/uploads\/2025\/12\/\u4e3b\u56fe-6-1-12x12.jpg 12w, https:\/\/www.cosmepak.com\/wp-content\/uploads\/2025\/12\/\u4e3b\u56fe-6-1-600x600.jpg 600w, https:\/\/www.cosmepak.com\/wp-content\/uploads\/2025\/12\/\u4e3b\u56fe-6-1-100x100.jpg 100w\" sizes=\"(max-width: 1000px) 100vw, 1000px\" \/><\/td>\n<td style=\"width: 29.2675%; height: 24px; text-align: center;\">Marca<\/td>\n<td style=\"width: 37.3991%; height: 24px; text-align: center;\">Jaunce<\/td>\n<\/tr>\n<tr style=\"height: 24px;\">\n<td style=\"width: 29.2675%; height: 24px; text-align: center;\">Modelo<\/td>\n<td style=\"width: 37.3991%; height: 24px; text-align: center;\">JH-LWMJ04<\/td>\n<\/tr>\n<tr style=\"height: 24px;\">\n<td style=\"width: 29.2675%; height: 24px; text-align: center;\">Capabilidade<\/td>\n<td style=\"width: 37.3991%; height: 24px; text-align: center;\">30ML\/60ML\/80ML\/100ML<\/td>\n<\/tr>\n<tr style=\"height: 24px;\">\n<td style=\"width: 29.2675%; height: 24px; text-align: center;\">Peso<\/td>\n<td style=\"width: 37.3991%; height: 24px; text-align: center;\">30g\/32,2g\/33,7g\/38,2g<\/td>\n<\/tr>\n<tr style=\"height: 24px;\">\n<td style=\"width: 29.2675%; height: 24px; text-align: center;\">Cor<\/td>\n<td style=\"width: 37.3991%; height: 24px; text-align: center;\">personalizado<\/td>\n<\/tr>\n<tr style=\"height: 24px;\">\n<td style=\"width: 29.2675%; height: 24px; text-align: center;\">Material<\/td>\n<td style=\"width: 37.3991%; height: 24px; text-align: center;\">PETG\/PP\/AS<\/td>\n<\/tr>\n<\/tbody>\n<\/table>\n<table style=\"border-collapse: collapse; width: 100.361%; height: 241px;\">\n<tbody>\n<tr style=\"height: 48px;\">\n<td style=\"width: 8.62228%; text-align: center; height: 48px;\">Item<\/td>\n<td style=\"width: 10.3445%; text-align: center; height: 48px;\">Capacidade<\/td>\n<td style=\"width: 9.19499%; text-align: center; height: 48px;\">Altura total<\/td>\n<td style=\"width: 9.60329%; text-align: center; height: 48px;\">Altura da garrafa<\/td>\n<td style=\"width: 10.1649%; text-align: center; height: 48px;\">Altura imprim\u00edvel<\/td>\n<td style=\"width: 9.00467%; text-align: center; height: 48px;\">Max. DIA<\/td>\n<td style=\"width: 10.9562%; text-align: center; height: 48px;\">Peso Single Bottle<\/td>\n<td style=\"width: 11.8094%; text-align: center; height: 48px;\">Tamanho do cart\u00e3o<\/td>\n<td style=\"width: 9.01065%; text-align: center; height: 48px;\">Pacote Qtd<\/td>\n<td style=\"width: 18.4223%; text-align: center; height: 48px;\">Peso do pacote<\/td>\n<\/tr>\n<tr style=\"height: 24px;\">\n<td style=\"width: 8.62228%; text-align: center; height: 96px;\" rowspan=\"4\">Garrafa<\/td>\n<td style=\"width: 10.3445%; text-align: center; height: 24px;\">30ml<\/td>\n<td style=\"width: 9.19499%; text-align: center; height: 24px;\">92mm<\/td>\n<td style=\"width: 9.60329%; text-align: center; height: 24px;\">58.5mm<\/td>\n<td style=\"width: 10.1649%; text-align: center; height: 24px;\">32 mm<\/td>\n<td style=\"width: 9.00467%; text-align: center; height: 24px;\">39 mm<\/td>\n<td style=\"width: 10.9562%; text-align: center; height: 24px;\">30g<\/td>\n<td style=\"width: 11.8094%; text-align: center; height: 24px;\">47*36*39<\/td>\n<td style=\"width: 9.01065%; text-align: center; height: 24px;\">945pcs<\/td>\n<td style=\"width: 18.4223%; text-align: center; height: 24px;\">11kgs<\/td>\n<\/tr>\n<tr style=\"height: 24px;\">\n<td style=\"width: 10.3445%; text-align: center; height: 24px;\">60ml<\/td>\n<td style=\"width: 9.19499%; text-align: center; height: 24px;\">Por que a cor, a cor e a F \u0628\u0648\u0635a s\u00e3o t\u00e3o importantes?<\/td>\n<td style=\"width: 9.60329%; text-align: center; height: 24px;\">83.8mm<\/td>\n<td style=\"width: 10.1649%; text-align: center; height: 24px;\">55 mm<\/td>\n<td style=\"width: 9.00467%; text-align: center; height: 24px;\">40.7mm<\/td>\n<td style=\"width: 10.9562%; text-align: center; height: 24px;\">32.2g<\/td>\n<td style=\"width: 11.8094%; text-align: center; height: 24px;\">55*44*40<\/td>\n<td style=\"width: 9.01065%; text-align: center; height: 24px;\">585pcs<\/td>\n<td style=\"width: 18.4223%; text-align: center; height: 24px;\">14.2kgs<\/td>\n<\/tr>\n<tr style=\"height: 24px;\">\n<td style=\"width: 10.3445%; text-align: center; height: 24px;\">80ml<\/td>\n<td style=\"width: 9.19499%; text-align: center; height: 24px;\">125mm<\/td>\n<td style=\"width: 9.60329%; text-align: center; height: 24px;\">91mm<\/td>\n<td style=\"width: 10.1649%; text-align: center; height: 24px;\">63 mm<\/td>\n<td style=\"width: 9.00467%; text-align: center; height: 24px;\">43.8mm<\/td>\n<td style=\"width: 10.9562%; text-align: center; height: 24px;\">33.7g<\/td>\n<td style=\"width: 11.8094%; text-align: center; height: 24px;\">46*39*42<\/td>\n<td style=\"width: 9.01065%; text-align: center; height: 24px;\">416pcs<\/td>\n<td style=\"width: 18.4223%; text-align: center; height: 24px;\">11.3kgs<\/td>\n<\/tr>\n<tr style=\"height: 24px;\">\n<td style=\"width: 10.3445%; text-align: center; height: 24px;\">100ml<\/td>\n<td style=\"width: 9.19499%; text-align: center; height: 24px;\">134.7mm<\/td>\n<td style=\"width: 9.60329%; text-align: center; height: 24px;\">101mm<\/td>\n<td style=\"width: 10.1649%; text-align: center; height: 24px;\">72 mm<\/td>\n<td style=\"width: 9.00467%; text-align: center; height: 24px;\">46mm<\/td>\n<td style=\"width: 10.9562%; text-align: center; height: 24px;\">38.2g<\/td>\n<td style=\"width: 11.8094%; text-align: center; height: 24px;\">49*41*44<\/td>\n<td style=\"width: 9.01065%; text-align: center; height: 24px;\">368pcs<\/td>\n<td style=\"width: 18.4223%; text-align: center; height: 24px;\">10.6kgs<\/td>\n<\/tr>\n<tr style=\"height: 24px;\">\n<td style=\"width: 8.62228%; text-align: center; height: 97px;\" rowspan=\"4\">Bombear<\/td>\n<td style=\"width: 10.3445%; text-align: center; height: 24px;\">30ml<\/td>\n<td style=\"width: 9.19499%; text-align: center; height: 24px;\">\/<\/td>\n<td style=\"width: 9.60329%; text-align: center; height: 24px;\">\/<\/td>\n<td style=\"width: 10.1649%; text-align: center; height: 24px;\">\/<\/td>\n<td style=\"width: 9.00467%; text-align: center; height: 24px;\">\/<\/td>\n<td style=\"width: 10.9562%; text-align: center; height: 24px;\">\/<\/td>\n<td style=\"width: 11.8094%; text-align: center; height: 24px;\" rowspan=\"4\">56*5*40.5*46<\/td>\n<td style=\"width: 9.01065%; text-align: center; height: 24px;\">2100pcs<\/td>\n<td style=\"width: 18.4223%; text-align: center; height: 24px;\">17.8kgs<\/td>\n<\/tr>\n<tr style=\"height: 24px;\">\n<td style=\"width: 10.3445%; text-align: center; height: 24px;\">60ml<\/td>\n<td style=\"width: 9.19499%; text-align: center; height: 24px;\">\/<\/td>\n<td style=\"width: 9.60329%; text-align: center; height: 24px;\">\/<\/td>\n<td style=\"width: 10.1649%; text-align: center; height: 24px;\">\/<\/td>\n<td style=\"width: 9.00467%; text-align: center; height: 24px;\">\/<\/td>\n<td style=\"width: 10.9562%; text-align: center; height: 24px;\">\/<\/td>\n<td style=\"width: 9.01065%; text-align: center; height: 24px;\">2000pcs<\/td>\n<td style=\"width: 18.4223%; text-align: center; height: 24px;\">16.2kgs<\/td>\n<\/tr>\n<tr style=\"height: 24px;\">\n<td style=\"width: 10.3445%; text-align: center; height: 24px;\">80ml<\/td>\n<td style=\"width: 9.19499%; text-align: center; height: 24px;\">\/<\/td>\n<td style=\"width: 9.60329%; text-align: center; height: 24px;\">\/<\/td>\n<td style=\"width: 10.1649%; text-align: center; height: 24px;\">\/<\/td>\n<td style=\"width: 9.00467%; text-align: center; height: 24px;\">\/<\/td>\n<td style=\"width: 10.9562%; text-align: center; height: 24px;\">\/<\/td>\n<td style=\"width: 9.01065%; text-align: center; height: 24px;\">1800pcs<\/td>\n<td style=\"width: 18.4223%; text-align: center; height: 24px;\">15.8kgs<\/td>\n<\/tr>\n<tr style=\"height: 25px;\">\n<td style=\"width: 10.3445%; text-align: center; height: 25px;\">100ml<\/td>\n<td style=\"width: 9.19499%; text-align: center; height: 25px;\">\/<\/td>\n<td style=\"width: 9.60329%; text-align: center; height: 25px;\">\/<\/td>\n<td style=\"width: 10.1649%; text-align: center; height: 25px;\">\/<\/td>\n<td style=\"width: 9.00467%; text-align: center; height: 25px;\">\/<\/td>\n<td style=\"width: 10.9562%; text-align: center; height: 25px;\">\/<\/td>\n<td style=\"width: 9.01065%; text-align: center; height: 25px;\">1650pcs<\/td>\n<td style=\"width: 18.4223%; text-align: center; height: 25px;\">14.5kgs<\/td>\n<\/tr>\n<\/tbody>\n<\/table>\n<p>A garrafa \u00e9 feita de um material pl\u00e1stico de alta transpar\u00eancia, com textura suave e fina, alta transpar\u00eancia, e pode mostrar claramente a cor do l\u00edquido dentro. O corpo da garrafa \u00e9 feito de um material pl\u00e1stico de alta transpar\u00eancia, com textura suave e fina, alta transpar\u00eancia, e pode mostrar claramente a cor do l\u00edquido dentro. Visualmente, \u00e9 leve e exquisita. Visualmente, \u00e9 leve e exquisita. \u00c9 projetado com um &#8220; forma curva arredondada A sec\u00e7\u00e3o m\u00e9dia da garrafa \u00e9 ligeiramente maior e depois cai em baixo em ambos os extremos. As linhas s\u00e3o suaves e suaves, eliminando a rigidez de uma garrafa cilindrica reta. A agarrada tamb\u00e9m \u00e9 mais confort\u00e1vel.<\/p>\n<p>Oferecemos 4 op\u00e7\u00f5es de cor frescas Um rosa suave e delicado, um azul de menta claro e tranquilizante, uma cor transparente e pura, e um amarelo de lim\u00e3o brilhante e vivo. Essas cores t\u00eam baixa satura\u00e7\u00e3o e uma textura suave, tornando-as adequadas para v\u00e1rios tipos de beleza e produtos de cuidado di\u00e1rio. Tamb\u00e9m oferece servi\u00e7o de personaliza\u00e7\u00e3o de cores.<\/p>\n<p>Nossa garrafa \u00e9 parejada com uma simples cabe\u00e7a de bomba de espuma com bot\u00e3o branco de empurr\u00e3o (com um bot\u00e3o de empurr\u00e3o no topo). O exterior est\u00e1 coberto com uma tampa protectora cilindrica transparente da mesma textura que o corpo da garrafa, que n\u00e3o s\u00f3 protege da poeira e mant\u00e9m a higiene, mas tamb\u00e9m torna a forma geral mais limpa e limpa.<\/p>\n<p><img decoding=\"async\" class=\"wp-image-3639 aligncenter\" src=\"https:\/\/www.cosmepak.com\/wp-content\/uploads\/2025\/12\/111.jpg\" alt=\"\" width=\"1373\" height=\"1373\" srcset=\"https:\/\/www.cosmepak.com\/wp-content\/uploads\/2025\/12\/111.jpg 1000w, https:\/\/www.cosmepak.com\/wp-content\/uploads\/2025\/12\/111-300x300.jpg 300w, https:\/\/www.cosmepak.com\/wp-content\/uploads\/2025\/12\/111-150x150.jpg 150w, https:\/\/www.cosmepak.com\/wp-content\/uploads\/2025\/12\/111-768x768.jpg 768w, https:\/\/www.cosmepak.com\/wp-content\/uploads\/2025\/12\/111-12x12.jpg 12w, https:\/\/www.cosmepak.com\/wp-content\/uploads\/2025\/12\/111-600x600.jpg 600w, https:\/\/www.cosmepak.com\/wp-content\/uploads\/2025\/12\/111-100x100.jpg 100w\" sizes=\"(max-width: 1373px) 100vw, 1373px\" \/><\/p>\n<table style=\"border-collapse: collapse; width: 100%;\">\n<tbody>\n<tr>\n<td style=\"width: 25%;\"><img decoding=\"async\" class=\"alignnone size-full wp-image-3640\" src=\"https:\/\/www.cosmepak.com\/wp-content\/uploads\/2025\/12\/9.jpg\" alt=\"\" width=\"1000\" height=\"1000\" srcset=\"https:\/\/www.cosmepak.com\/wp-content\/uploads\/2025\/12\/9.jpg 1000w, https:\/\/www.cosmepak.com\/wp-content\/uploads\/2025\/12\/9-300x300.jpg 300w, https:\/\/www.cosmepak.com\/wp-content\/uploads\/2025\/12\/9-150x150.jpg 150w, https:\/\/www.cosmepak.com\/wp-content\/uploads\/2025\/12\/9-768x768.jpg 768w, https:\/\/www.cosmepak.com\/wp-content\/uploads\/2025\/12\/9-12x12.jpg 12w, https:\/\/www.cosmepak.com\/wp-content\/uploads\/2025\/12\/9-600x600.jpg 600w, https:\/\/www.cosmepak.com\/wp-content\/uploads\/2025\/12\/9-100x100.jpg 100w\" sizes=\"(max-width: 1000px) 100vw, 1000px\" \/><\/td>\n<td style=\"width: 25%;\"><img loading=\"lazy\" decoding=\"async\" class=\"alignnone size-full wp-image-3641\" src=\"https:\/\/www.cosmepak.com\/wp-content\/uploads\/2025\/12\/81.jpg\" alt=\"\" width=\"925\" height=\"924\" srcset=\"https:\/\/www.cosmepak.com\/wp-content\/uploads\/2025\/12\/81.jpg 925w, https:\/\/www.cosmepak.com\/wp-content\/uploads\/2025\/12\/81-300x300.jpg 300w, https:\/\/www.cosmepak.com\/wp-content\/uploads\/2025\/12\/81-150x150.jpg 150w, https:\/\/www.cosmepak.com\/wp-content\/uploads\/2025\/12\/81-768x767.jpg 768w, https:\/\/www.cosmepak.com\/wp-content\/uploads\/2025\/12\/81-12x12.jpg 12w, https:\/\/www.cosmepak.com\/wp-content\/uploads\/2025\/12\/81-600x599.jpg 600w, https:\/\/www.cosmepak.com\/wp-content\/uploads\/2025\/12\/81-100x100.jpg 100w\" sizes=\"(max-width: 925px) 100vw, 925px\" \/><\/td>\n<td style=\"width: 25%;\"><img loading=\"lazy\" decoding=\"async\" class=\"alignnone size-full wp-image-3642\" src=\"https:\/\/www.cosmepak.com\/wp-content\/uploads\/2025\/12\/71-1.jpg\" alt=\"\" width=\"1000\" height=\"1000\" srcset=\"https:\/\/www.cosmepak.com\/wp-content\/uploads\/2025\/12\/71-1.jpg 1000w, https:\/\/www.cosmepak.com\/wp-content\/uploads\/2025\/12\/71-1-300x300.jpg 300w, https:\/\/www.cosmepak.com\/wp-content\/uploads\/2025\/12\/71-1-150x150.jpg 150w, https:\/\/www.cosmepak.com\/wp-content\/uploads\/2025\/12\/71-1-768x768.jpg 768w, https:\/\/www.cosmepak.com\/wp-content\/uploads\/2025\/12\/71-1-12x12.jpg 12w, https:\/\/www.cosmepak.com\/wp-content\/uploads\/2025\/12\/71-1-600x600.jpg 600w, https:\/\/www.cosmepak.com\/wp-content\/uploads\/2025\/12\/71-1-100x100.jpg 100w\" sizes=\"(max-width: 1000px) 100vw, 1000px\" \/><\/td>\n<td style=\"width: 25%;\"><img loading=\"lazy\" decoding=\"async\" class=\"alignnone size-full wp-image-3643\" src=\"https:\/\/www.cosmepak.com\/wp-content\/uploads\/2025\/12\/11-3.jpg\" alt=\"\" width=\"1000\" height=\"1000\" srcset=\"https:\/\/www.cosmepak.com\/wp-content\/uploads\/2025\/12\/11-3.jpg 1000w, https:\/\/www.cosmepak.com\/wp-content\/uploads\/2025\/12\/11-3-300x300.jpg 300w, https:\/\/www.cosmepak.com\/wp-content\/uploads\/2025\/12\/11-3-150x150.jpg 150w, https:\/\/www.cosmepak.com\/wp-content\/uploads\/2025\/12\/11-3-768x768.jpg 768w, https:\/\/www.cosmepak.com\/wp-content\/uploads\/2025\/12\/11-3-12x12.jpg 12w, https:\/\/www.cosmepak.com\/wp-content\/uploads\/2025\/12\/11-3-600x600.jpg 600w, https:\/\/www.cosmepak.com\/wp-content\/uploads\/2025\/12\/11-3-100x100.jpg 100w\" sizes=\"(max-width: 1000px) 100vw, 1000px\" \/><\/td>\n<\/tr>\n<\/tbody>\n<\/table>\n<table style=\"border-collapse: collapse; width: 100%;\">\n<tbody>\n<tr>\n<td style=\"width: 33.3333%;\"><img loading=\"lazy\" decoding=\"async\" class=\"alignnone size-full wp-image-3644\" src=\"https:\/\/www.cosmepak.com\/wp-content\/uploads\/2025\/12\/21-2.jpg\" alt=\"\" width=\"1000\" height=\"1000\" srcset=\"https:\/\/www.cosmepak.com\/wp-content\/uploads\/2025\/12\/21-2.jpg 1000w, https:\/\/www.cosmepak.com\/wp-content\/uploads\/2025\/12\/21-2-300x300.jpg 300w, https:\/\/www.cosmepak.com\/wp-content\/uploads\/2025\/12\/21-2-150x150.jpg 150w, https:\/\/www.cosmepak.com\/wp-content\/uploads\/2025\/12\/21-2-768x768.jpg 768w, https:\/\/www.cosmepak.com\/wp-content\/uploads\/2025\/12\/21-2-12x12.jpg 12w, https:\/\/www.cosmepak.com\/wp-content\/uploads\/2025\/12\/21-2-600x600.jpg 600w, https:\/\/www.cosmepak.com\/wp-content\/uploads\/2025\/12\/21-2-100x100.jpg 100w\" sizes=\"(max-width: 1000px) 100vw, 1000px\" \/><\/td>\n<td style=\"width: 33.3333%;\"><img loading=\"lazy\" decoding=\"async\" class=\"alignnone size-full wp-image-3645\" src=\"https:\/\/www.cosmepak.com\/wp-content\/uploads\/2025\/12\/31-2.jpg\" alt=\"\" width=\"1000\" height=\"1000\" srcset=\"https:\/\/www.cosmepak.com\/wp-content\/uploads\/2025\/12\/31-2.jpg 1000w, https:\/\/www.cosmepak.com\/wp-content\/uploads\/2025\/12\/31-2-300x300.jpg 300w, https:\/\/www.cosmepak.com\/wp-content\/uploads\/2025\/12\/31-2-150x150.jpg 150w, https:\/\/www.cosmepak.com\/wp-content\/uploads\/2025\/12\/31-2-768x768.jpg 768w, https:\/\/www.cosmepak.com\/wp-content\/uploads\/2025\/12\/31-2-12x12.jpg 12w, https:\/\/www.cosmepak.com\/wp-content\/uploads\/2025\/12\/31-2-600x600.jpg 600w, https:\/\/www.cosmepak.com\/wp-content\/uploads\/2025\/12\/31-2-100x100.jpg 100w\" sizes=\"(max-width: 1000px) 100vw, 1000px\" \/><\/td>\n<td style=\"width: 33.3333%;\"><img loading=\"lazy\" decoding=\"async\" class=\"alignnone size-full wp-image-3646\" src=\"https:\/\/www.cosmepak.com\/wp-content\/uploads\/2025\/12\/41-1.jpg\" alt=\"\" width=\"1000\" height=\"1000\" srcset=\"https:\/\/www.cosmepak.com\/wp-content\/uploads\/2025\/12\/41-1.jpg 1000w, https:\/\/www.cosmepak.com\/wp-content\/uploads\/2025\/12\/41-1-300x300.jpg 300w, https:\/\/www.cosmepak.com\/wp-content\/uploads\/2025\/12\/41-1-150x150.jpg 150w, https:\/\/www.cosmepak.com\/wp-content\/uploads\/2025\/12\/41-1-768x768.jpg 768w, https:\/\/www.cosmepak.com\/wp-content\/uploads\/2025\/12\/41-1-12x12.jpg 12w, https:\/\/www.cosmepak.com\/wp-content\/uploads\/2025\/12\/41-1-600x600.jpg 600w, https:\/\/www.cosmepak.com\/wp-content\/uploads\/2025\/12\/41-1-100x100.jpg 100w\" sizes=\"(max-width: 1000px) 100vw, 1000px\" \/><\/td>\n<\/tr>\n<\/tbody>\n<\/table>","protected":false},"excerpt":{"rendered":"<p>Material de garrafa: PET<\/p>\n<p>Cap material: pp<\/p>\n<p>Capacidade : 50ml\/100ml\/150ml\/200ml<\/p>\n<p>Cap: Bomba de parafuso<\/p>\n<p>Cor: Personalizado (qualquer cor Pantone Avali\u00e1vel)<\/p>\n<p>Acabamento de superf\u00edcie: impress\u00e3o de tela, cobertura, estampagem a quente, gradiente de spray, acabamento fosco, etc.<\/p>\n<p>MOQ: 5000pcs;<\/p>\n<p>&nbsp;<\/p>","protected":false},"featured_media":3645,"comment_status":"closed","ping_status":"closed","template":"","meta":{"_acf_changed":false},"product_brand":[],"product_cat":[18,48],"product_tag":[41],"class_list":{"0":"post-3637","1":"product","2":"type-product","3":"status-publish","4":"has-post-thumbnail","6":"product_cat-plastic-bottle","7":"product_cat-spray-bottle","8":"product_tag-plastic-bottle","10":"first","11":"instock","12":"shipping-taxable","13":"product-type-simple"},"acf":[],"_links":{"self":[{"href":"https:\/\/www.cosmepak.com\/pt\/wp-json\/wp\/v2\/product\/3637","targetHints":{"allow":["GET"]}}],"collection":[{"href":"https:\/\/www.cosmepak.com\/pt\/wp-json\/wp\/v2\/product"}],"about":[{"href":"https:\/\/www.cosmepak.com\/pt\/wp-json\/wp\/v2\/types\/product"}],"replies":[{"embeddable":true,"href":"https:\/\/www.cosmepak.com\/pt\/wp-json\/wp\/v2\/comments?post=3637"}],"wp:featuredmedia":[{"embeddable":true,"href":"https:\/\/www.cosmepak.com\/pt\/wp-json\/wp\/v2\/media\/3645"}],"wp:attachment":[{"href":"https:\/\/www.cosmepak.com\/pt\/wp-json\/wp\/v2\/media?parent=3637"}],"wp:term":[{"taxonomy":"product_brand","embeddable":true,"href":"https:\/\/www.cosmepak.com\/pt\/wp-json\/wp\/v2\/product_brand?post=3637"},{"taxonomy":"product_cat","embeddable":true,"href":"https:\/\/www.cosmepak.com\/pt\/wp-json\/wp\/v2\/product_cat?post=3637"},{"taxonomy":"product_tag","embeddable":true,"href":"https:\/\/www.cosmepak.com\/pt\/wp-json\/wp\/v2\/product_tag?post=3637"}],"curies":[{"name":"wp","href":"https:\/\/api.w.org\/{rel}","templated":true}]}}