{"id":3743,"date":"2025-12-24T16:26:09","date_gmt":"2025-12-24T08:26:09","guid":{"rendered":"https:\/\/www.cosmepak.com\/?post_type=product&#038;p=3743"},"modified":"2025-12-24T16:26:09","modified_gmt":"2025-12-24T08:26:09","slug":"50ml-100ml-120ml-and-200ml-plastic-cream-jar","status":"publish","type":"product","link":"https:\/\/www.cosmepak.com\/pt\/product\/50ml-100ml-120ml-and-200ml-plastic-cream-jar\/","title":{"rendered":"50 ml 100 ml 120 ml e 200 ml jardim de creme pl\u00e1stico"},"content":{"rendered":"<table style=\"border-collapse: collapse; width: 100%; height: 120px;\">\n<tbody>\n<tr style=\"height: 24px;\">\n<td style=\"width: 33.3333%; height: 120px;\" rowspan=\"5\"><img fetchpriority=\"high\" decoding=\"async\" class=\"alignnone size-full wp-image-3744\" src=\"https:\/\/www.cosmepak.com\/wp-content\/uploads\/2025\/12\/81-2.jpg\" alt=\"\" width=\"1000\" height=\"1000\" srcset=\"https:\/\/www.cosmepak.com\/wp-content\/uploads\/2025\/12\/81-2.jpg 1000w, https:\/\/www.cosmepak.com\/wp-content\/uploads\/2025\/12\/81-2-300x300.jpg 300w, https:\/\/www.cosmepak.com\/wp-content\/uploads\/2025\/12\/81-2-150x150.jpg 150w, https:\/\/www.cosmepak.com\/wp-content\/uploads\/2025\/12\/81-2-768x768.jpg 768w, https:\/\/www.cosmepak.com\/wp-content\/uploads\/2025\/12\/81-2-12x12.jpg 12w, https:\/\/www.cosmepak.com\/wp-content\/uploads\/2025\/12\/81-2-600x600.jpg 600w, https:\/\/www.cosmepak.com\/wp-content\/uploads\/2025\/12\/81-2-100x100.jpg 100w\" sizes=\"(max-width: 1000px) 100vw, 1000px\" \/><\/td>\n<td style=\"width: 33.122%; height: 24px; text-align: center;\">Marca<\/td>\n<td style=\"width: 33.5446%; height: 24px; text-align: center;\">Jaunce<\/td>\n<\/tr>\n<tr style=\"height: 24px;\">\n<td style=\"width: 33.122%; height: 24px; text-align: center;\">Modelo<\/td>\n<td style=\"width: 33.5446%; height: 24px; text-align: center;\">JH-JY50-200<\/td>\n<\/tr>\n<tr style=\"height: 24px;\">\n<td style=\"width: 33.122%; height: 24px; text-align: center;\">Capabilidade<\/td>\n<td style=\"width: 33.5446%; height: 24px; text-align: center;\">50ml\/100ml\/120ml\/200ml<\/td>\n<\/tr>\n<tr style=\"height: 24px;\">\n<td style=\"width: 33.122%; height: 24px; text-align: center;\">Cor<\/td>\n<td style=\"width: 33.5446%; height: 24px; text-align: center;\">personalizado<\/td>\n<\/tr>\n<tr style=\"height: 24px;\">\n<td style=\"width: 33.122%; height: 24px; text-align: center;\">Material<\/td>\n<td style=\"width: 33.5446%; height: 24px; text-align: center;\">BICHO DE ESTIMA\u00c7\u00c3O<\/td>\n<\/tr>\n<\/tbody>\n<\/table>\n<table style=\"border-collapse: collapse; width: 100%; height: 96px;\">\n<tbody>\n<tr style=\"height: 24px;\">\n<td style=\"width: 12.0179%; text-align: center; height: 24px;\"><strong>Capacidade<\/strong><\/td>\n<td style=\"width: 13.4217%; text-align: center; height: 24px;\"><strong>Altura total<\/strong><\/td>\n<td style=\"width: 13.6377%; text-align: center; height: 24px;\"><strong>Altura do ombro<\/strong><\/td>\n<td style=\"width: 15.5817%; text-align: center; height: 24px;\"><strong>Tamanho do pesco\u00e7o<\/strong><\/td>\n<td style=\"width: 14.7177%; text-align: center; height: 24px;\"><strong>Di\u00e2metro inferior<\/strong><\/td>\n<td style=\"width: 14.2857%; text-align: center; height: 24px;\"><strong>Peso da garrafa<\/strong><\/td>\n<\/tr>\n<tr style=\"height: 24px;\">\n<td style=\"width: 12.0179%; text-align: center; height: 24px;\">50ml<\/td>\n<td style=\"width: 13.4217%; text-align: center; height: 24px;\">42 mm<\/td>\n<td style=\"width: 13.6377%; text-align: center; height: 24px;\">28mm<\/td>\n<td style=\"width: 15.5817%; text-align: center; height: 24px;\">47 mm<\/td>\n<td style=\"width: 14.7177%; text-align: center; height: 24px;\">56mm<\/td>\n<td style=\"width: 14.2857%; text-align: center; height: 24px;\">10g<\/td>\n<\/tr>\n<tr style=\"height: 24px;\">\n<td style=\"width: 12.0179%; text-align: center; height: 24px;\">100ml<\/td>\n<td style=\"width: 13.4217%; text-align: center; height: 24px;\">54 mm<\/td>\n<td style=\"width: 13.6377%; text-align: center; height: 24px;\">39 mm<\/td>\n<td style=\"width: 15.5817%; text-align: center; height: 24px;\">56mm<\/td>\n<td style=\"width: 14.7177%; text-align: center; height: 24px;\">68mm<\/td>\n<td style=\"width: 14.2857%; text-align: center; height: 24px;\">18g<\/td>\n<\/tr>\n<tr style=\"height: 24px;\">\n<td style=\"width: 12.0179%; text-align: center; height: 24px;\">120ml<\/td>\n<td style=\"width: 13.4217%; text-align: center; height: 24px;\">59mm<\/td>\n<td style=\"width: 13.6377%; text-align: center; height: 24px;\">44mm<\/td>\n<td style=\"width: 15.5817%; text-align: center; height: 24px;\">56mm<\/td>\n<td style=\"width: 14.7177%; text-align: center; height: 24px;\">68mm<\/td>\n<td style=\"width: 14.2857%; text-align: center; height: 24px;\">18g<\/td>\n<\/tr>\n<tr>\n<td style=\"width: 12.0179%; text-align: center;\">150ml<\/td>\n<td style=\"width: 13.4217%; text-align: center;\">52 mm<\/td>\n<td style=\"width: 13.6377%; text-align: center;\">37 mm<\/td>\n<td style=\"width: 15.5817%; text-align: center;\">68mm<\/td>\n<td style=\"width: 14.7177%; text-align: center;\">82 mm<\/td>\n<td style=\"width: 14.2857%; text-align: center;\">25g<\/td>\n<\/tr>\n<tr>\n<td style=\"width: 12.0179%; text-align: center;\">200ml<\/td>\n<td style=\"width: 13.4217%; text-align: center;\">62mm<\/td>\n<td style=\"width: 13.6377%; text-align: center;\">47 mm<\/td>\n<td style=\"width: 15.5817%; text-align: center;\">68mm<\/td>\n<td style=\"width: 14.7177%; text-align: center;\">82 mm<\/td>\n<td style=\"width: 14.2857%; text-align: center;\">25g<\/td>\n<\/tr>\n<\/tbody>\n<\/table>\n<p>Este vaso feito de pl\u00e1stico de PET com seguran\u00e7a cosm\u00e9tica (conforme com padr\u00f5es globais de embalagem), e \u00e9 adequado para cortes de pele, cuidados corporais e pequenos bens consum\u00edveis \u2013 eliminando riscos de contamina\u00e7\u00e3o de produtos e satisfazendo requisitos regulamentares para venda ao retalho.<\/p>\n<p>O design de ombro deslizado presta a garrafa limpa e racionalizada, enquanto a abertura da boca larga facilita o preenchimento e dispensa\u00e7\u00e3o sem esfor\u00e7o. Trabalhado com colora\u00e7\u00e3o de forma injet\u00e1vel, esta garrafa oferece duas op\u00e7\u00f5es de termina\u00e7\u00e3o - brilhante ou mat\u00e9 - e est\u00e1 dispon\u00edvel em variantes s\u00f3lidas ou transparentes para alinhar com seu produto&#8217; s \u00e3o caracter\u00edsticas \u00fanicas. Para um toque personalizado, voc\u00ea pode optar por um olhar coerente com um tamp\u00e3o de mesma cor e corpo de garrafa, ou fazer uma declara\u00e7\u00e3o ousada com um esquema de bloqueio de cores para aumentar a vibra\u00e7\u00e3o visual.<\/p>\n<p>A apar\u00eancia simples e elegante fornece uma plataforma de visualiza\u00e7\u00e3o ideal para etiquetas personalizadas, impress\u00e3o de logotipos de marca ou correspond\u00eancia de cores (adequada para estilos de marca luxuosos, minimalistas ou nichos).<\/p>\n<p>Destruir a tampa com disco: prevenir o derrame de produtos durante o transporte, reduzindo retornos e res\u00edduos.<\/p>\n<p>Capacidade diferente: tem capacidade 50ml\/100ml\/120ml\/150ml e 200ml para voc\u00ea escolher. [UNK] Diferentes especifica\u00e7\u00f5es de capacidade podem satisfazer as necessidades de v\u00e1rios produtos. Aqui, sempre h\u00e1 uma capacidade que lhe corresponde.<\/p>\n<table style=\"border-collapse: collapse; width: 100%;\">\n<tbody>\n<tr>\n<td style=\"width: 33.3333%;\"><img decoding=\"async\" class=\"alignnone size-full wp-image-3745\" src=\"https:\/\/www.cosmepak.com\/wp-content\/uploads\/2025\/12\/91.jpg\" alt=\"\" width=\"1000\" height=\"1000\" srcset=\"https:\/\/www.cosmepak.com\/wp-content\/uploads\/2025\/12\/91.jpg 1000w, https:\/\/www.cosmepak.com\/wp-content\/uploads\/2025\/12\/91-300x300.jpg 300w, https:\/\/www.cosmepak.com\/wp-content\/uploads\/2025\/12\/91-150x150.jpg 150w, https:\/\/www.cosmepak.com\/wp-content\/uploads\/2025\/12\/91-768x768.jpg 768w, https:\/\/www.cosmepak.com\/wp-content\/uploads\/2025\/12\/91-12x12.jpg 12w, https:\/\/www.cosmepak.com\/wp-content\/uploads\/2025\/12\/91-600x600.jpg 600w, https:\/\/www.cosmepak.com\/wp-content\/uploads\/2025\/12\/91-100x100.jpg 100w\" sizes=\"(max-width: 1000px) 100vw, 1000px\" \/><\/td>\n<td style=\"width: 33.3333%;\"><img decoding=\"async\" class=\"alignnone size-full wp-image-3746\" src=\"https:\/\/www.cosmepak.com\/wp-content\/uploads\/2025\/12\/101.jpg\" alt=\"\" width=\"1000\" height=\"1000\" srcset=\"https:\/\/www.cosmepak.com\/wp-content\/uploads\/2025\/12\/101.jpg 1000w, https:\/\/www.cosmepak.com\/wp-content\/uploads\/2025\/12\/101-300x300.jpg 300w, https:\/\/www.cosmepak.com\/wp-content\/uploads\/2025\/12\/101-150x150.jpg 150w, https:\/\/www.cosmepak.com\/wp-content\/uploads\/2025\/12\/101-768x768.jpg 768w, https:\/\/www.cosmepak.com\/wp-content\/uploads\/2025\/12\/101-12x12.jpg 12w, https:\/\/www.cosmepak.com\/wp-content\/uploads\/2025\/12\/101-600x600.jpg 600w, https:\/\/www.cosmepak.com\/wp-content\/uploads\/2025\/12\/101-100x100.jpg 100w\" sizes=\"(max-width: 1000px) 100vw, 1000px\" \/><\/td>\n<td style=\"width: 33.3333%;\"><img loading=\"lazy\" decoding=\"async\" class=\"alignnone size-full wp-image-3747\" src=\"https:\/\/www.cosmepak.com\/wp-content\/uploads\/2025\/12\/111-2.jpg\" alt=\"\" width=\"1000\" height=\"1000\" srcset=\"https:\/\/www.cosmepak.com\/wp-content\/uploads\/2025\/12\/111-2.jpg 1000w, https:\/\/www.cosmepak.com\/wp-content\/uploads\/2025\/12\/111-2-300x300.jpg 300w, https:\/\/www.cosmepak.com\/wp-content\/uploads\/2025\/12\/111-2-150x150.jpg 150w, https:\/\/www.cosmepak.com\/wp-content\/uploads\/2025\/12\/111-2-768x768.jpg 768w, https:\/\/www.cosmepak.com\/wp-content\/uploads\/2025\/12\/111-2-12x12.jpg 12w, https:\/\/www.cosmepak.com\/wp-content\/uploads\/2025\/12\/111-2-600x600.jpg 600w, https:\/\/www.cosmepak.com\/wp-content\/uploads\/2025\/12\/111-2-100x100.jpg 100w\" sizes=\"(max-width: 1000px) 100vw, 1000px\" \/><\/td>\n<\/tr>\n<\/tbody>\n<\/table>\n<table style=\"border-collapse: collapse; width: 100%;\">\n<tbody>\n<tr>\n<td style=\"width: 50%;\"><img loading=\"lazy\" decoding=\"async\" class=\"alignnone size-full wp-image-3748\" src=\"https:\/\/www.cosmepak.com\/wp-content\/uploads\/2025\/12\/121-1.jpg\" alt=\"\" width=\"1000\" height=\"1000\" srcset=\"https:\/\/www.cosmepak.com\/wp-content\/uploads\/2025\/12\/121-1.jpg 1000w, https:\/\/www.cosmepak.com\/wp-content\/uploads\/2025\/12\/121-1-300x300.jpg 300w, https:\/\/www.cosmepak.com\/wp-content\/uploads\/2025\/12\/121-1-150x150.jpg 150w, https:\/\/www.cosmepak.com\/wp-content\/uploads\/2025\/12\/121-1-768x768.jpg 768w, https:\/\/www.cosmepak.com\/wp-content\/uploads\/2025\/12\/121-1-12x12.jpg 12w, https:\/\/www.cosmepak.com\/wp-content\/uploads\/2025\/12\/121-1-600x600.jpg 600w, https:\/\/www.cosmepak.com\/wp-content\/uploads\/2025\/12\/121-1-100x100.jpg 100w\" sizes=\"(max-width: 1000px) 100vw, 1000px\" \/><\/td>\n<td style=\"width: 50%;\"><img loading=\"lazy\" decoding=\"async\" class=\"alignnone size-full wp-image-3749\" src=\"https:\/\/www.cosmepak.com\/wp-content\/uploads\/2025\/12\/131.jpg\" alt=\"\" width=\"1000\" height=\"1000\" srcset=\"https:\/\/www.cosmepak.com\/wp-content\/uploads\/2025\/12\/131.jpg 1000w, https:\/\/www.cosmepak.com\/wp-content\/uploads\/2025\/12\/131-300x300.jpg 300w, https:\/\/www.cosmepak.com\/wp-content\/uploads\/2025\/12\/131-150x150.jpg 150w, https:\/\/www.cosmepak.com\/wp-content\/uploads\/2025\/12\/131-768x768.jpg 768w, https:\/\/www.cosmepak.com\/wp-content\/uploads\/2025\/12\/131-12x12.jpg 12w, https:\/\/www.cosmepak.com\/wp-content\/uploads\/2025\/12\/131-600x600.jpg 600w, https:\/\/www.cosmepak.com\/wp-content\/uploads\/2025\/12\/131-100x100.jpg 100w\" sizes=\"(max-width: 1000px) 100vw, 1000px\" \/><\/td>\n<\/tr>\n<\/tbody>\n<\/table>\n<table style=\"border-collapse: collapse; width: 100%;\">\n<tbody>\n<tr>\n<td style=\"width: 50%;\"><img loading=\"lazy\" decoding=\"async\" class=\"alignnone size-full wp-image-3750\" src=\"https:\/\/www.cosmepak.com\/wp-content\/uploads\/2025\/12\/21-7.jpg\" alt=\"\" width=\"1000\" height=\"1000\" srcset=\"https:\/\/www.cosmepak.com\/wp-content\/uploads\/2025\/12\/21-7.jpg 1000w, https:\/\/www.cosmepak.com\/wp-content\/uploads\/2025\/12\/21-7-300x300.jpg 300w, https:\/\/www.cosmepak.com\/wp-content\/uploads\/2025\/12\/21-7-150x150.jpg 150w, https:\/\/www.cosmepak.com\/wp-content\/uploads\/2025\/12\/21-7-768x768.jpg 768w, https:\/\/www.cosmepak.com\/wp-content\/uploads\/2025\/12\/21-7-12x12.jpg 12w, https:\/\/www.cosmepak.com\/wp-content\/uploads\/2025\/12\/21-7-600x600.jpg 600w, https:\/\/www.cosmepak.com\/wp-content\/uploads\/2025\/12\/21-7-100x100.jpg 100w\" sizes=\"(max-width: 1000px) 100vw, 1000px\" \/><\/td>\n<td style=\"width: 50%;\"><img loading=\"lazy\" decoding=\"async\" class=\"alignnone size-full wp-image-3751\" src=\"https:\/\/www.cosmepak.com\/wp-content\/uploads\/2025\/12\/41-4.jpg\" alt=\"\" width=\"1000\" height=\"1000\" srcset=\"https:\/\/www.cosmepak.com\/wp-content\/uploads\/2025\/12\/41-4.jpg 1000w, https:\/\/www.cosmepak.com\/wp-content\/uploads\/2025\/12\/41-4-300x300.jpg 300w, https:\/\/www.cosmepak.com\/wp-content\/uploads\/2025\/12\/41-4-150x150.jpg 150w, https:\/\/www.cosmepak.com\/wp-content\/uploads\/2025\/12\/41-4-768x768.jpg 768w, https:\/\/www.cosmepak.com\/wp-content\/uploads\/2025\/12\/41-4-12x12.jpg 12w, https:\/\/www.cosmepak.com\/wp-content\/uploads\/2025\/12\/41-4-600x600.jpg 600w, https:\/\/www.cosmepak.com\/wp-content\/uploads\/2025\/12\/41-4-100x100.jpg 100w\" sizes=\"(max-width: 1000px) 100vw, 1000px\" \/><\/td>\n<\/tr>\n<\/tbody>\n<\/table>","protected":false},"excerpt":{"rendered":"<p>Material da garrafa : AS<\/p>\n<p>Material da tampa: ABS<\/p>\n<p>Capacidade: 30 ml<\/p>\n<p>Tampa: Tampa de rosca<\/p>\n<p>Cor: Personalizado (qualquer cor Pantone Avali\u00e1vel)<\/p>\n<p>Acabamento de superf\u00edcie: impress\u00e3o de tela, cobertura, estampagem a quente, gradiente de spray, acabamento fosco, etc.<\/p>\n<p>MOQ: 5000pcs;<\/p>\n<p>&nbsp;<\/p>","protected":false},"featured_media":3752,"comment_status":"closed","ping_status":"closed","template":"","meta":{"_acf_changed":false},"product_brand":[],"product_cat":[52,18],"product_tag":[41],"class_list":{"0":"post-3743","1":"product","2":"type-product","3":"status-publish","4":"has-post-thumbnail","6":"product_cat-cream-jar-plastic-bottle","7":"product_cat-plastic-bottle","8":"product_tag-plastic-bottle","10":"first","11":"instock","12":"shipping-taxable","13":"product-type-simple"},"acf":[],"_links":{"self":[{"href":"https:\/\/www.cosmepak.com\/pt\/wp-json\/wp\/v2\/product\/3743","targetHints":{"allow":["GET"]}}],"collection":[{"href":"https:\/\/www.cosmepak.com\/pt\/wp-json\/wp\/v2\/product"}],"about":[{"href":"https:\/\/www.cosmepak.com\/pt\/wp-json\/wp\/v2\/types\/product"}],"replies":[{"embeddable":true,"href":"https:\/\/www.cosmepak.com\/pt\/wp-json\/wp\/v2\/comments?post=3743"}],"wp:featuredmedia":[{"embeddable":true,"href":"https:\/\/www.cosmepak.com\/pt\/wp-json\/wp\/v2\/media\/3752"}],"wp:attachment":[{"href":"https:\/\/www.cosmepak.com\/pt\/wp-json\/wp\/v2\/media?parent=3743"}],"wp:term":[{"taxonomy":"product_brand","embeddable":true,"href":"https:\/\/www.cosmepak.com\/pt\/wp-json\/wp\/v2\/product_brand?post=3743"},{"taxonomy":"product_cat","embeddable":true,"href":"https:\/\/www.cosmepak.com\/pt\/wp-json\/wp\/v2\/product_cat?post=3743"},{"taxonomy":"product_tag","embeddable":true,"href":"https:\/\/www.cosmepak.com\/pt\/wp-json\/wp\/v2\/product_tag?post=3743"}],"curies":[{"name":"wp","href":"https:\/\/api.w.org\/{rel}","templated":true}]}}