{"id":127,"date":"2024-12-31T09:50:53","date_gmt":"2024-12-31T01:50:53","guid":{"rendered":"http:\/\/www.cosmepak.com\/?post_type=product&#038;p=127"},"modified":"2025-09-29T15:13:51","modified_gmt":"2025-09-29T07:13:51","slug":"perfume-bottle-4","status":"publish","type":"product","link":"https:\/\/www.cosmepak.com\/tr\/product\/perfume-bottle-4\/","title":{"rendered":"Cam \u015ei\u015fe-30ml Parf\u00fcm \u015ei\u015fesi \/ Jaunce"},"content":{"rendered":"<table style=\"border-collapse: collapse; width: 100%; height: 240px;\">\n<tbody>\n<tr style=\"height: 24px;\">\n<td style=\"width: 24.7995%; height: 24px;\">Marka<\/td>\n<td style=\"width: 75.2005%; height: 24px;\">\u00a0Fahi\u015fe<\/td>\n<\/tr>\n<tr style=\"height: 24px;\">\n<td style=\"width: 24.7995%; height: 24px;\">Kapasite<\/td>\n<td style=\"width: 75.2005%; height: 24px;\">30ml \/ 50ml \/ 100ml<\/td>\n<\/tr>\n<tr style=\"height: 24px;\">\n<td style=\"width: 24.7995%; height: 24px;\">\u015eekil<\/td>\n<td style=\"width: 75.2005%; height: 24px;\">Yuvarlak<\/td>\n<\/tr>\n<tr style=\"height: 24px;\">\n<td style=\"width: 24.7995%; height: 24px;\">Boyut<\/td>\n<td style=\"width: 75.2005%; height: 24px;\">41 * 83mm \/ 51.6 * 108mm \/ 51 * 95mm<\/td>\n<\/tr>\n<tr style=\"height: 24px;\">\n<td style=\"width: 24.7995%; height: 24px;\">A\u011f\u0131rl\u0131k<\/td>\n<td style=\"width: 75.2005%; height: 24px;\">109.3g\/209.1g\/325g<\/td>\n<\/tr>\n<tr style=\"height: 24px;\">\n<td style=\"width: 24.7995%; height: 24px;\">Uydurma<\/td>\n<td style=\"width: 75.2005%; height: 24px;\">Sis spreyi\/ kapa\u011f\u0131<\/td>\n<\/tr>\n<tr style=\"height: 24px;\">\n<td style=\"width: 24.7995%; height: 24px;\">Model<\/td>\n<td style=\"width: 75.2005%; height: 24px;\">JH-YBXB137<\/td>\n<\/tr>\n<tr style=\"height: 24px;\">\n<td style=\"width: 24.7995%; height: 24px;\">OEM ve ODM<\/td>\n<td style=\"width: 75.2005%; height: 24px;\">Kabul etmek<\/td>\n<\/tr>\n<tr style=\"height: 24px;\">\n<td style=\"width: 24.7995%; height: 24px;\">Renk<\/td>\n<td style=\"width: 75.2005%; height: 24px;\">\u00d6zelle\u015ftirilmi\u015f<\/td>\n<\/tr>\n<tr style=\"height: 24px;\">\n<td style=\"width: 24.7995%; height: 24px;\">Moq<\/td>\n<td style=\"width: 75.2005%; height: 24px;\">Genel 5000pcs;<\/td>\n<\/tr>\n<\/tbody>\n<\/table>\n<p>&nbsp;<\/p>\n<p><img fetchpriority=\"high\" decoding=\"async\" class=\"wp-image-1345 aligncenter\" src=\"https:\/\/www.cosmepak.com\/wp-content\/uploads\/2024\/12\/10-2.jpg\" alt=\"\" width=\"1367\" height=\"1367\" srcset=\"https:\/\/www.cosmepak.com\/wp-content\/uploads\/2024\/12\/10-2.jpg 1000w, https:\/\/www.cosmepak.com\/wp-content\/uploads\/2024\/12\/10-2-300x300.jpg 300w, https:\/\/www.cosmepak.com\/wp-content\/uploads\/2024\/12\/10-2-150x150.jpg 150w, https:\/\/www.cosmepak.com\/wp-content\/uploads\/2024\/12\/10-2-768x768.jpg 768w, https:\/\/www.cosmepak.com\/wp-content\/uploads\/2024\/12\/10-2-600x600.jpg 600w, https:\/\/www.cosmepak.com\/wp-content\/uploads\/2024\/12\/10-2-100x100.jpg 100w\" sizes=\"(max-width: 1367px) 100vw, 1367px\" \/><img decoding=\"async\" class=\"alignnone wp-image-1340\" src=\"https:\/\/www.cosmepak.com\/wp-content\/uploads\/2024\/12\/3-1-300x300.jpg\" alt=\"\" width=\"449\" height=\"449\" srcset=\"\" sizes=\"(max-width: 449px) 100vw, 449px\" data-srcset=\"\" \/> <img decoding=\"async\" class=\"alignnone wp-image-1341\" src=\"https:\/\/www.cosmepak.com\/wp-content\/uploads\/2024\/12\/6-2-300x300.jpg\" alt=\"\" width=\"448\" height=\"448\" srcset=\"\" sizes=\"(max-width: 448px) 100vw, 448px\" data-srcset=\"\" \/><img loading=\"lazy\" decoding=\"async\" class=\"alignnone wp-image-1342\" src=\"https:\/\/www.cosmepak.com\/wp-content\/uploads\/2024\/12\/7-2-300x300.jpg\" alt=\"\" width=\"444\" height=\"444\" srcset=\"\" sizes=\"(max-width: 444px) 100vw, 444px\" data-srcset=\"\" \/><\/p>\n<p><img loading=\"lazy\" decoding=\"async\" class=\"aligncenter wp-image-1338\" src=\"https:\/\/www.cosmepak.com\/wp-content\/uploads\/2024\/12\/5-1.jpg\" alt=\"\" width=\"1367\" height=\"1367\" srcset=\"https:\/\/www.cosmepak.com\/wp-content\/uploads\/2024\/12\/5-1.jpg 800w, https:\/\/www.cosmepak.com\/wp-content\/uploads\/2024\/12\/5-1-300x300.jpg 300w, https:\/\/www.cosmepak.com\/wp-content\/uploads\/2024\/12\/5-1-150x150.jpg 150w, https:\/\/www.cosmepak.com\/wp-content\/uploads\/2024\/12\/5-1-768x768.jpg 768w, https:\/\/www.cosmepak.com\/wp-content\/uploads\/2024\/12\/5-1-600x600.jpg 600w, https:\/\/www.cosmepak.com\/wp-content\/uploads\/2024\/12\/5-1-100x100.jpg 100w\" sizes=\"(max-width: 1367px) 100vw, 1367px\" \/><\/p>\n<p>Bu zarif parf\u00fcm \u015fi\u015fesi, \u015f\u0131k, dokunsal \u00e7ekicilik i\u00e7in dikey \u00e7izgilere sahip \u015feffaf bir silindirik g\u00f6vdeye sahiptir.<\/p>\n<p><img loading=\"lazy\" decoding=\"async\" class=\"alignnone wp-image-1343 size-full\" src=\"https:\/\/www.cosmepak.com\/wp-content\/uploads\/2024\/12\/\u5fae\u4fe1\u56fe\u7247_20250213141726.jpg\" alt=\"\" width=\"1920\" height=\"919\" srcset=\"https:\/\/www.cosmepak.com\/wp-content\/uploads\/2024\/12\/\u5fae\u4fe1\u56fe\u7247_20250213141726.jpg 1920w, https:\/\/www.cosmepak.com\/wp-content\/uploads\/2024\/12\/\u5fae\u4fe1\u56fe\u7247_20250213141726-300x144.jpg 300w, https:\/\/www.cosmepak.com\/wp-content\/uploads\/2024\/12\/\u5fae\u4fe1\u56fe\u7247_20250213141726-1024x490.jpg 1024w, https:\/\/www.cosmepak.com\/wp-content\/uploads\/2024\/12\/\u5fae\u4fe1\u56fe\u7247_20250213141726-768x368.jpg 768w, https:\/\/www.cosmepak.com\/wp-content\/uploads\/2024\/12\/\u5fae\u4fe1\u56fe\u7247_20250213141726-1536x735.jpg 1536w, https:\/\/www.cosmepak.com\/wp-content\/uploads\/2024\/12\/\u5fae\u4fe1\u56fe\u7247_20250213141726-600x287.jpg 600w\" sizes=\"(max-width: 1920px) 100vw, 1920px\" \/><\/p>\n<h2 id=\"modern-elegance-the-transparent-cylindrical-perfume-bottle\" class=\"ai-center-markdown-h2\">Modern Zarif: \u015eeffaf Silindirik Parf\u00fcm \u015ei\u015fesi<\/h2>\n<p class=\"ai-center-markdown-p\">L\u00fcks kokular\u0131n d\u00fcnyas\u0131nda, \u015fi\u015fenin tasar\u0131m\u0131 kokunun kendisi kadar \u00f6nemlidir. G\u00fczel bir parf\u00fcm \u015fi\u015fesi duygular\u0131 uyand\u0131rabilir, kal\u0131c\u0131 izlenimler yaratabilir ve genel duyusal deneyimi art\u0131rabilir. B\u00f6yle m\u00fckemmel bir yarat\u0131mdan biri, y\u00fcksek parlakl\u0131k elektrokapl\u0131 bir kapakla e\u015fle\u015ftirilmi\u015f dikey \u00e7izgilerli \u015feffaf silindirik bir g\u00f6vdeye sahip zarif bir parf\u00fcm \u015fi\u015fesidir.<\/p>\n<h3 id=\"transparent-cylindrical-body-with-vertical-striations\" class=\"ai-center-markdown-h3\">Dikey \u00c7izgilerli \u015eeffaf Silindirik G\u00f6vde<\/h3>\n<p class=\"ai-center-markdown-p\">Bu parf\u00fcm \u015fi\u015fesinin \u015feffaf silindirik g\u00f6vdesi modern tasar\u0131m ve sofistikasyonun kan\u0131t\u0131d\u0131r. \u015eeffaf cam, parf\u00fcm\u00fcn zengin renklerinin parlamas\u0131na izin verir ve hem b\u00fcy\u00fcleyici hem de zarif bir g\u00f6rsel cazibe yarat\u0131r. Dikey \u00e7izgiler dokunmatik bir \u00e7ekici ekler ve sizi dokunmaya ve hassas dokuyu hissetmeye davet eder. Bu ince \u00e7izgiler, \u015f\u0131k g\u00f6r\u00fcn\u00fcm\u00fcn\u00fc korurken \u015fi\u015fenin kullan\u0131m\u0131 kolay olmas\u0131n\u0131 sa\u011flayan \u015f\u0131k oldu\u011fu kadar fonksiyonel bir tutma sa\u011flar.<\/p>\n<h3 id=\"minimalist-design\" class=\"ai-center-markdown-h3\">Minimalist Tasar\u0131m<\/h3>\n<p class=\"ai-center-markdown-p\">Minimalizm bu parf\u00fcm \u015fi\u015fesinin kalbindedir&#8217; s tasar\u0131m\u0131. Temiz \u00e7izgiler ve basit bi\u00e7imler, \u00e7a\u011fda\u015f birey i\u00e7in m\u00fckemmel olan k\u00fc\u00e7\u00fck bir zariflik sa\u011fl\u0131yor. Bu minimalist yakla\u015f\u0131m, oda\u011f\u0131n parf\u00fcm\u00fcn kendisine kalmas\u0131n\u0131 sa\u011flar ve kokunun merkezi sahneye ge\u00e7mesini sa\u011flar. Gereksiz s\u00fcslemelerin yoklu\u011fu tasar\u0131m\u0131n safl\u0131\u011f\u0131n\u0131 ve kalitesini vurgulayarak, asla stilden \u00e7\u0131kmayacak zamans\u0131z bir par\u00e7a haline getirir.<\/p>\n<h3 id=\"high-gloss-electroplated-cap\" class=\"ai-center-markdown-h3\">Y\u00fcksek Parlakl\u0131k Elektrokapl\u0131 Kapak<\/h3>\n<p class=\"ai-center-markdown-p\">Minimalist tasar\u0131ma bir dokunu\u015f l\u00fcks eklemek, y\u00fcksek parlakl\u0131k elektrokapl\u0131 kapakt\u0131r. Bu metal kaplama sadece \u015fi\u015feyi artt\u0131rmaz&#8217; Estetik \u00e7ekicilik ama ayn\u0131 zamanda zenginlik ve incelik duygusu ekler. Kapak&#8217; Parlak y\u00fczey \u0131\u015f\u0131\u011f\u0131 g\u00fczel bir \u015fekilde yakalar ve \u015feffaf g\u00f6vdeyle \u00e7arp\u0131c\u0131 bir kontrast yarat\u0131r. Bu l\u00fcks detay genel tasar\u0131m\u0131 y\u00fckseltir ve \u015fi\u015feyi herhangi bir bo\u015fluk veya soyunma masas\u0131na m\u00fckemmel bir ekleme haline getirir.<\/p>\n<h3 id=\"modern-sophistication\" class=\"ai-center-markdown-h3\">Modern sofistikasyon<\/h3>\n<p class=\"ai-center-markdown-p\">Birlikte, bu unsurlar modern sofistikasyonu yayan bir parf\u00fcm \u015fi\u015fesi olu\u015fturur. \u015eeffaf silindirik g\u00f6vdenin, dikey \u00e7izgilerin, minimalist tasar\u0131m\u0131n ve y\u00fcksek parlakl\u0131k elektrokapl\u0131 kapa\u011f\u0131n kombinasyonu hem fonksiyonel hem de estetik a\u00e7\u0131dan ho\u015f bir par\u00e7a olu\u015fturur. Ya\u015famdaki daha ince \u015feyleri takdir eden ve hem formu hem de fonksiyonu de\u011ferlendiren ince bir bireyle konu\u015fan bir tasar\u0131md\u0131r.<\/p>\n<h3 id=\"conclusion\" class=\"ai-center-markdown-h3\">Sonu\u00e7<\/h3>\n<p class=\"ai-center-markdown-p\">Sonu\u00e7ta, bu zarif parf\u00fcm \u015fi\u015fesi, d\u00fc\u015f\u00fcn\u00fclm\u00fc\u015f tasar\u0131m\u0131n l\u00fcks bir \u00fcr\u00fcn\u00fcn genel deneyimini nas\u0131l art\u0131rabilece\u011finin m\u00fckemmel bir \u00f6rne\u011fidir. Dikey \u00e7izgilerli \u015feffaf silindirik g\u00f6vdesi, minimalist tasar\u0131m\u0131 ve y\u00fcksek parlakl\u0131k elektrokapl\u0131 kapa\u011f\u0131 hem g\u00fczel hem de pratik bir par\u00e7a olu\u015fturmak i\u00e7in bir araya gelir. Bu modern, sofistike tasar\u0131m kal\u0131c\u0131 bir izlenim yaratacakt\u0131r ve herhangi bir parf\u00fcm koleksiyonunun de\u011ferli bir par\u00e7as\u0131 olacakt\u0131r.<\/p>\n<p><img loading=\"lazy\" decoding=\"async\" class=\"alignnone size-full wp-image-1347\" src=\"https:\/\/www.cosmepak.com\/wp-content\/uploads\/2024\/12\/\u9996\u987519202_03.jpg\" alt=\"\" width=\"1920\" height=\"885\" srcset=\"https:\/\/www.cosmepak.com\/wp-content\/uploads\/2024\/12\/\u9996\u987519202_03.jpg 1920w, https:\/\/www.cosmepak.com\/wp-content\/uploads\/2024\/12\/\u9996\u987519202_03-300x138.jpg 300w, https:\/\/www.cosmepak.com\/wp-content\/uploads\/2024\/12\/\u9996\u987519202_03-1024x472.jpg 1024w, https:\/\/www.cosmepak.com\/wp-content\/uploads\/2024\/12\/\u9996\u987519202_03-768x354.jpg 768w, https:\/\/www.cosmepak.com\/wp-content\/uploads\/2024\/12\/\u9996\u987519202_03-1536x708.jpg 1536w, https:\/\/www.cosmepak.com\/wp-content\/uploads\/2024\/12\/\u9996\u987519202_03-600x277.jpg 600w\" sizes=\"(max-width: 1920px) 100vw, 1920px\" \/> <img loading=\"lazy\" decoding=\"async\" class=\"alignnone size-full wp-image-1348\" src=\"https:\/\/www.cosmepak.com\/wp-content\/uploads\/2024\/12\/\u9996\u987519202_04.jpg\" alt=\"\" width=\"1920\" height=\"694\" srcset=\"https:\/\/www.cosmepak.com\/wp-content\/uploads\/2024\/12\/\u9996\u987519202_04.jpg 1920w, https:\/\/www.cosmepak.com\/wp-content\/uploads\/2024\/12\/\u9996\u987519202_04-300x108.jpg 300w, https:\/\/www.cosmepak.com\/wp-content\/uploads\/2024\/12\/\u9996\u987519202_04-1024x370.jpg 1024w, https:\/\/www.cosmepak.com\/wp-content\/uploads\/2024\/12\/\u9996\u987519202_04-768x278.jpg 768w, https:\/\/www.cosmepak.com\/wp-content\/uploads\/2024\/12\/\u9996\u987519202_04-1536x555.jpg 1536w, https:\/\/www.cosmepak.com\/wp-content\/uploads\/2024\/12\/\u9996\u987519202_04-600x217.jpg 600w\" sizes=\"(max-width: 1920px) 100vw, 1920px\" \/><\/p>\n<p><img loading=\"lazy\" decoding=\"async\" class=\"alignnone size-full wp-image-1350\" src=\"https:\/\/www.cosmepak.com\/wp-content\/uploads\/2024\/12\/\u9996\u987519202_05-1.jpg\" alt=\"\" width=\"1920\" height=\"970\" srcset=\"https:\/\/www.cosmepak.com\/wp-content\/uploads\/2024\/12\/\u9996\u987519202_05-1.jpg 1920w, https:\/\/www.cosmepak.com\/wp-content\/uploads\/2024\/12\/\u9996\u987519202_05-1-300x152.jpg 300w, https:\/\/www.cosmepak.com\/wp-content\/uploads\/2024\/12\/\u9996\u987519202_05-1-1024x517.jpg 1024w, https:\/\/www.cosmepak.com\/wp-content\/uploads\/2024\/12\/\u9996\u987519202_05-1-768x388.jpg 768w, https:\/\/www.cosmepak.com\/wp-content\/uploads\/2024\/12\/\u9996\u987519202_05-1-1536x776.jpg 1536w, https:\/\/www.cosmepak.com\/wp-content\/uploads\/2024\/12\/\u9996\u987519202_05-1-600x303.jpg 600w\" sizes=\"(max-width: 1920px) 100vw, 1920px\" \/><\/p>\n<p><img loading=\"lazy\" decoding=\"async\" class=\"alignnone wp-image-1351\" src=\"https:\/\/www.cosmepak.com\/wp-content\/uploads\/2024\/12\/\u7269\u6d41\u8fd0\u8f93\u753b\u9762-2.jpg\" alt=\"\" width=\"1424\" height=\"1068\" srcset=\"https:\/\/www.cosmepak.com\/wp-content\/uploads\/2024\/12\/\u7269\u6d41\u8fd0\u8f93\u753b\u9762-2.jpg 800w, https:\/\/www.cosmepak.com\/wp-content\/uploads\/2024\/12\/\u7269\u6d41\u8fd0\u8f93\u753b\u9762-2-300x225.jpg 300w, https:\/\/www.cosmepak.com\/wp-content\/uploads\/2024\/12\/\u7269\u6d41\u8fd0\u8f93\u753b\u9762-2-768x576.jpg 768w, https:\/\/www.cosmepak.com\/wp-content\/uploads\/2024\/12\/\u7269\u6d41\u8fd0\u8f93\u753b\u9762-2-600x450.jpg 600w\" sizes=\"(max-width: 1424px) 100vw, 1424px\" \/><\/p>\n<table style=\"border-collapse: collapse; width: 100%; height: 144px;\">\n<tbody>\n<tr style=\"height: 24px;\">\n<td style=\"width: 33.3333%; text-align: center; height: 24px;\"><span style=\"font-size: 14pt;\"><strong>\u0130fade etmek<\/strong><\/span><\/td>\n<td style=\"width: 33.3333%; text-align: center; height: 24px;\"><span style=\"font-size: 14pt;\"><strong>Hava y\u00fck\u00fc<\/strong><\/span><\/td>\n<td style=\"width: 33.3333%; text-align: center; height: 24px;\"><span style=\"font-size: 14pt;\"><strong>Deniz ta\u015f\u0131mac\u0131l\u0131\u011f\u0131<\/strong><\/span><\/td>\n<\/tr>\n<tr style=\"height: 24px;\">\n<td style=\"width: 33.3333%; text-align: center; height: 24px;\">Avrupa 4-6 g\u00fcn<\/td>\n<td style=\"width: 33.3333%; text-align: center; height: 24px;\">Avrupa 4-6 g\u00fcn<\/td>\n<td style=\"width: 33.3333%; text-align: center; height: 24px;\">Avrupa 25-35 g\u00fcn<\/td>\n<\/tr>\n<tr style=\"height: 24px;\">\n<td style=\"width: 33.3333%; text-align: center; height: 24px;\">Morth America 4-6 g\u00fcn<\/td>\n<td style=\"width: 33.3333%; text-align: center; height: 24px;\">Morth America 4-6 g\u00fcn<\/td>\n<td style=\"width: 33.3333%; text-align: center; height: 24px;\">Morth America 25-35 g\u00fcn<\/td>\n<\/tr>\n<tr style=\"height: 24px;\">\n<td style=\"width: 33.3333%; text-align: center; height: 24px;\">G\u00fcney Do\u011fu Asya 3-5 g\u00fcn<\/td>\n<td style=\"width: 33.3333%; text-align: center; height: 24px;\">G\u00fcney Do\u011fu Asya 3-5 g\u00fcn<\/td>\n<td style=\"width: 33.3333%; text-align: center; height: 24px;\">G\u00fcney Do\u011fu Asya 25-35 g\u00fcn<\/td>\n<\/tr>\n<tr style=\"height: 24px;\">\n<td style=\"width: 33.3333%; text-align: center; height: 24px;\">Orta Do\u011fu 4-6 g\u00fcn<\/td>\n<td style=\"width: 33.3333%; text-align: center; height: 24px;\">Orta Do\u011fu 4-6 g\u00fcn<\/td>\n<td style=\"width: 33.3333%; text-align: center; height: 24px;\">Orta Do\u011fu 25-35 g\u00fcn<\/td>\n<\/tr>\n<tr style=\"height: 24px;\">\n<td style=\"width: 33.3333%; text-align: center; height: 24px;\">G\u00fcney Afrika 5-8 g\u00fcn<\/td>\n<td style=\"width: 33.3333%; text-align: center; height: 24px;\">G\u00fcney Afrika 5-8 g\u00fcn<\/td>\n<td style=\"width: 33.3333%; text-align: center; height: 24px;\">G\u00fcney Afrika 25-35 g\u00fcn<\/td>\n<\/tr>\n<\/tbody>\n<\/table>\n<p><span style=\"font-size: 14pt;\"><strong>RFQ:\u00a0<\/strong><\/span><\/p>\n<h3 id=\"why-should-you-buy-from-us\" class=\"ai-center-markdown-h3\" data-spm-anchor-id=\"a2700.micro_cgs_home.0.i6.38613e5f9pxON6\">Neden Bizden Sat\u0131n Almal\u0131s\u0131n\u0131z?<\/h3>\n<ol class=\"ai-center-markdown-ol\" start=\"1\">\n<li class=\"ai-center-markdown-li\"><strong class=\"ai-center-markdown-strong\">3 Dakikada \u00d6zel Tasar\u0131mlar<\/strong>: Sadece 3 dakika i\u00e7inde ihtiya\u00e7lar\u0131n\u0131za uygun \u00f6zel tasar\u0131mlar sunuyoruz.<\/li>\n<li class=\"ai-center-markdown-li\"><strong class=\"ai-center-markdown-strong\">24\/7 \u00c7evrimi\u00e7i Hizmet<\/strong>: \u00d6zel ekibimiz size yard\u0131mc\u0131 olmak i\u00e7in 24 saat mevcuttur.<\/li>\n<li class=\"ai-center-markdown-li\"><strong class=\"ai-center-markdown-strong\">H\u0131zl\u0131 \u00d6rnek D\u00f6n\u00fc\u015f\u00fcm\u00fc<\/strong>: 7 g\u00fcn i\u00e7inde stok \u00f6rnekleri ve 15 g\u00fcn i\u00e7inde \u00f6zel bas\u0131l\u0131 \u00f6rnekler sunuyoruz.<\/li>\n<li class=\"ai-center-markdown-li\"><strong class=\"ai-center-markdown-strong\">Verimli Kur\u015fun S\u00fcresi<\/strong>: Bizim teslim s\u00fcresi sadece 35 g\u00fcnd\u00fcr, zaman\u0131nda teslimat sa\u011flar.<\/li>\n<li class=\"ai-center-markdown-li\"><strong class=\"ai-center-markdown-strong\">End\u00fcstri Uzmanl\u0131\u011f\u0131<\/strong>Kozmetik ambalajlama alan\u0131nda 10 y\u0131ldan fazla deneyimle, e\u015fsiz uzmanl\u0131\u011f\u0131 masaya getiriyoruz.<\/li>\n<li class=\"ai-center-markdown-li\"><strong class=\"ai-center-markdown-strong\">Fabrika Do\u011frudan<\/strong>: Fabrikam\u0131zdan do\u011frudan en iyi fiyatlar\u0131n ve hizmetlerin tad\u0131n\u0131 \u00e7\u0131kar\u0131n.<\/li>\n<li class=\"ai-center-markdown-li\"><strong class=\"ai-center-markdown-strong\">Kapsaml\u0131 \u00c7\u00f6z\u00fcmler<\/strong>: T\u00fcm kozmetik ambalaj ihtiya\u00e7lar\u0131n\u0131z i\u00e7in tek durakl\u0131 bir \u00e7\u00f6z\u00fcm sunuyoruz.<\/li>\n<\/ol>\n<h3 id=\"who-are-we\" class=\"ai-center-markdown-h3\">Biz Kimiz?<\/h3>\n<p class=\"ai-center-markdown-p\">2014 y\u0131l\u0131nda kurulan Zhejiang, \u00c7in merkezli profesyonel bir kozmetik ambalaj \u015firketiyiz. Pazar eri\u015fimimiz \u015funlar\u0131 i\u00e7erir:<\/p>\n<ul class=\"ai-center-markdown-ul\">\n<li class=\"ai-center-markdown-li\">\u0130\u00e7 Pazar (.00)<\/li>\n<li class=\"ai-center-markdown-li\">Okyanusya (%8.00)<\/li>\n<li class=\"ai-center-markdown-li\">Ortado\u011fu (%7.00)<\/li>\n<li class=\"ai-center-markdown-li\">Do\u011fu Asya (%2.00)<\/li>\n<li class=\"ai-center-markdown-li\">Kuzey Amerika (%2.00)<\/li>\n<li class=\"ai-center-markdown-li\">Bat\u0131 Avrupa (%2.00)<\/li>\n<li class=\"ai-center-markdown-li\">G\u00fcneydo\u011fu Asya (%2.00)<\/li>\n<li class=\"ai-center-markdown-li\">G\u00fcney Asya (% 1.00)<\/li>\n<li class=\"ai-center-markdown-li\">G\u00fcney Amerika (% 1.00)<\/li>\n<li class=\"ai-center-markdown-li\">G\u00fcney Avrupa (%1)<\/li>\n<li class=\"ai-center-markdown-li\">Orta Amerika (% 1.00)<\/li>\n<li class=\"ai-center-markdown-li\">Kuzey Avrupa (%1)<\/li>\n<li class=\"ai-center-markdown-li\">Afrika (% 1.00)<\/li>\n<li class=\"ai-center-markdown-li\">Do\u011fu Avrupa (%1.00)<\/li>\n<\/ul>\n<h3 id=\"how-can-we-guarantee-quality\" class=\"ai-center-markdown-h3\">Kaliteyi nas\u0131l garanti edebiliriz?<\/h3>\n<ul class=\"ai-center-markdown-ul\">\n<li class=\"ai-center-markdown-li\"><strong class=\"ai-center-markdown-strong\">\u00dcretim \u00d6ncesi \u00d6rnekler<\/strong>: Do\u011frulu\u011fu sa\u011flamak i\u00e7in seri \u00fcretimden \u00f6nce her zaman bir \u00f6ncesi \u00fcretim \u00f6rne\u011fi sunuyoruz.<\/li>\n<li class=\"ai-center-markdown-li\"><strong class=\"ai-center-markdown-strong\">Son Muayene<\/strong>: Y\u00fcksek kaliteli standartlar\u0131 korumak i\u00e7in g\u00f6nderimden \u00f6nce kapsaml\u0131 bir son muayene yap\u0131yoruz.<\/li>\n<\/ul>\n<h3 id=\"what-can-you-buy-from-us\" class=\"ai-center-markdown-h3\">Bizden ne sat\u0131n alabilirsiniz?<\/h3>\n<ul class=\"ai-center-markdown-ul\">\n<li class=\"ai-center-markdown-li\"><strong class=\"ai-center-markdown-strong\">Cam \u015ei\u015feler<\/strong><\/li>\n<li class=\"ai-center-markdown-li\"><strong class=\"ai-center-markdown-strong\">Plastik \u015fi\u015feler \/ kavanozlar \/ t\u00fcpler<\/strong><\/li>\n<li class=\"ai-center-markdown-li\"><strong class=\"ai-center-markdown-strong\">Al\u00fcminyum \u015fi\u015feler \/ kavanozlar \/ t\u00fcpler<\/strong><\/li>\n<li class=\"ai-center-markdown-li\"><strong class=\"ai-center-markdown-strong\">Kozmetik Ambalaj Malzemeleri<\/strong><\/li>\n<\/ul>\n<h3 id=\"what-services-can-we-provide\" class=\"ai-center-markdown-h3\">Hangi Hizmetleri Sunabiliriz?<\/h3>\n<ul class=\"ai-center-markdown-ul\">\n<li class=\"ai-center-markdown-li\"><strong class=\"ai-center-markdown-strong\">Teslimat Ko\u015fullar\u0131<\/strong>FOB, CFR, CIF<\/li>\n<li class=\"ai-center-markdown-li\"><strong class=\"ai-center-markdown-strong\">\u00d6deme Para birimleri<\/strong>ABD Dolar\u0131, EUR, HKD, CNY<\/li>\n<li class=\"ai-center-markdown-li\"><strong class=\"ai-center-markdown-strong\">\u00d6deme T\u00fcrleri<\/strong>\u00dcr\u00fcnler: T \/ T, L \/ C, D \/ P, D \/ A<\/li>\n<\/ul>\n<p class=\"ai-center-markdown-p\">Geni\u015f deneyimimiz, kapsaml\u0131 \u00e7\u00f6z\u00fcmlerimiz ve kaliteye ba\u011fl\u0131l\u0131\u011f\u0131m\u0131zla kozmetik ambalaj i\u00e7in ideal orta\u011f\u0131n\u0131z.<\/p>","protected":false},"excerpt":{"rendered":"<p>Malzeme: Cam<\/p>\n<p>Kapasite: 30ml<\/p>\n<p>Boyut: OD 41mm;<\/p>\n<p>Renk: \u00d6zelle\u015ftirilmi\u015f Kabul (Mevcut Pantone Rengi)<\/p>\n<p>Uygulama: Parf\u00fcm \u015fi\u015feleri koku end\u00fcstrisinde hem fonksiyonel hem de estetik ama\u00e7lara hizmet eder.<\/p>\n<p>Y\u00fczey Kaplama: Serip Bask\u0131, S\u0131cak Damgalama, P\u00fcsk\u00fcrtme Gradyan, Mat Kaplama, vb.<\/p>\n<p>MOQ: 5000pcs<\/p>\n<p>\u00d6rnek: \u00dccretsiz \u00f6rnekler mevcut<\/p>\n<p>&nbsp;<\/p>\n<p>&nbsp;<\/p>","protected":false},"featured_media":1334,"comment_status":"closed","ping_status":"closed","template":"","meta":{"_acf_changed":false},"product_brand":[],"product_cat":[17],"product_tag":[37],"class_list":{"0":"post-127","1":"product","2":"type-product","3":"status-publish","4":"has-post-thumbnail","6":"product_cat-perfume-bottle","7":"product_tag-perfume-bottle","9":"first","10":"outofstock","11":"shipping-taxable","12":"product-type-simple"},"acf":[],"_links":{"self":[{"href":"https:\/\/www.cosmepak.com\/tr\/wp-json\/wp\/v2\/product\/127","targetHints":{"allow":["GET"]}}],"collection":[{"href":"https:\/\/www.cosmepak.com\/tr\/wp-json\/wp\/v2\/product"}],"about":[{"href":"https:\/\/www.cosmepak.com\/tr\/wp-json\/wp\/v2\/types\/product"}],"replies":[{"embeddable":true,"href":"https:\/\/www.cosmepak.com\/tr\/wp-json\/wp\/v2\/comments?post=127"}],"wp:featuredmedia":[{"embeddable":true,"href":"https:\/\/www.cosmepak.com\/tr\/wp-json\/wp\/v2\/media\/1334"}],"wp:attachment":[{"href":"https:\/\/www.cosmepak.com\/tr\/wp-json\/wp\/v2\/media?parent=127"}],"wp:term":[{"taxonomy":"product_brand","embeddable":true,"href":"https:\/\/www.cosmepak.com\/tr\/wp-json\/wp\/v2\/product_brand?post=127"},{"taxonomy":"product_cat","embeddable":true,"href":"https:\/\/www.cosmepak.com\/tr\/wp-json\/wp\/v2\/product_cat?post=127"},{"taxonomy":"product_tag","embeddable":true,"href":"https:\/\/www.cosmepak.com\/tr\/wp-json\/wp\/v2\/product_tag?post=127"}],"curies":[{"name":"wp","href":"https:\/\/api.w.org\/{rel}","templated":true}]}}