{"id":1287,"date":"2025-03-18T13:50:06","date_gmt":"2025-03-18T05:50:06","guid":{"rendered":"https:\/\/www.cosmepak.com\/?post_type=product&#038;p=1287"},"modified":"2025-09-29T17:32:06","modified_gmt":"2025-09-29T09:32:06","slug":"250ml-450ml-pet-lotion-shampoo-bottle","status":"publish","type":"product","link":"https:\/\/www.cosmepak.com\/tr\/product\/250ml-450ml-pet-lotion-shampoo-bottle\/","title":{"rendered":"250ml 450ml PET Losyon \u015eampuan \u015ei\u015fesi"},"content":{"rendered":"<table style=\"border-collapse: collapse; width: 100.654%; height: 216px;\">\n<tbody>\n<tr style=\"height: 24px;\">\n<td style=\"width: 47.786%; height: 24px; text-align: center;\">\u00dcr\u00fcn ad\u0131<\/td>\n<td style=\"width: 68.6676%; height: 24px; text-align: center;\">250ml PETG Losyon \u015eampuan \u015ei\u015fesi<\/td>\n<\/tr>\n<tr style=\"height: 24px;\">\n<td style=\"width: 47.786%; height: 24px; text-align: center;\">Malzeme<\/td>\n<td style=\"width: 68.6676%; height: 24px; text-align: center;\">PETG'nin<\/td>\n<\/tr>\n<tr style=\"height: 24px;\">\n<td style=\"width: 47.786%; height: 24px; text-align: center;\">Renk<\/td>\n<td style=\"width: 68.6676%; height: 24px; text-align: center;\">\u00d6zelle\u015ftirilmi\u015f<\/td>\n<\/tr>\n<tr style=\"height: 24px;\">\n<td style=\"width: 47.786%; height: 24px; text-align: center;\">Sanat tedavisi<\/td>\n<td style=\"width: 68.6676%; height: 24px; text-align: center;\">Serigrafi \/ S\u0131cak damgalama \/ kaplama ~<\/td>\n<\/tr>\n<tr style=\"height: 24px;\">\n<td style=\"width: 47.786%; height: 24px; text-align: center;\">Kapasite<\/td>\n<td style=\"width: 68.6676%; height: 24px; text-align: center;\">250ml \/ 450ml<\/td>\n<\/tr>\n<tr style=\"height: 24px;\">\n<td style=\"width: 47.786%; height: 24px; text-align: center;\">Moq<\/td>\n<td style=\"width: 68.6676%; height: 24px; text-align: center;\">10000<\/td>\n<\/tr>\n<tr style=\"height: 24px;\">\n<td style=\"width: 47.786%; height: 24px; text-align: center;\">Kur\u015fun zaman\u0131<\/td>\n<td style=\"width: 68.6676%; height: 24px; text-align: center;\">Depozito ald\u0131ktan sonra 30 g\u00fcn.<\/td>\n<\/tr>\n<tr style=\"height: 24px;\">\n<td style=\"width: 47.786%; height: 24px; text-align: center;\">\u00d6deme<\/td>\n<td style=\"width: 68.6676%; height: 24px; text-align: center;\">% 30 mevduat, % 70 Denge y\u00fcklemeden \u00f6nce \u00f6denir.<\/td>\n<\/tr>\n<tr style=\"height: 24px;\">\n<td style=\"width: 47.786%; height: 24px; text-align: center;\">Paketleme<\/td>\n<td style=\"width: 68.6676%; height: 24px; text-align: center;\">Kraft Ka\u011f\u0131t Kutusu ve Ah\u015fap Palet<\/td>\n<\/tr>\n<\/tbody>\n<\/table>\n<p><img fetchpriority=\"high\" decoding=\"async\" class=\"size-full wp-image-3046 aligncenter\" src=\"https:\/\/www.cosmepak.com\/wp-content\/uploads\/2025\/03\/\u8be6\u60c5-10.jpg\" alt=\"\" width=\"1000\" height=\"1000\" srcset=\"https:\/\/www.cosmepak.com\/wp-content\/uploads\/2025\/03\/\u8be6\u60c5-10.jpg 1000w, https:\/\/www.cosmepak.com\/wp-content\/uploads\/2025\/03\/\u8be6\u60c5-10-300x300.jpg 300w, https:\/\/www.cosmepak.com\/wp-content\/uploads\/2025\/03\/\u8be6\u60c5-10-150x150.jpg 150w, https:\/\/www.cosmepak.com\/wp-content\/uploads\/2025\/03\/\u8be6\u60c5-10-768x768.jpg 768w, https:\/\/www.cosmepak.com\/wp-content\/uploads\/2025\/03\/\u8be6\u60c5-10-12x12.jpg 12w, https:\/\/www.cosmepak.com\/wp-content\/uploads\/2025\/03\/\u8be6\u60c5-10-600x600.jpg 600w, https:\/\/www.cosmepak.com\/wp-content\/uploads\/2025\/03\/\u8be6\u60c5-10-100x100.jpg 100w\" sizes=\"(max-width: 1000px) 100vw, 1000px\" \/><\/p>\n<table style=\"border-collapse: collapse; width: 100%; height: 48px;\">\n<tbody>\n<tr style=\"height: 24px;\">\n<td style=\"width: 16.3673%; text-align: center; height: 24px;\"><strong>Kapasite<\/strong><\/td>\n<td style=\"width: 18.4214%; text-align: center;\"><strong>Toplam y\u00fckseklik<\/strong><\/td>\n<td style=\"width: 15.8959%; text-align: center; height: 24px;\"><strong>Dia<\/strong><\/td>\n<td style=\"width: 17.5414%; text-align: center; height: 24px;\"><strong>\u015ei\u015fe y\u00fcksekli\u011fi<\/strong><\/td>\n<td style=\"width: 17.8994%; text-align: center; height: 24px;\"><strong>Yazd\u0131r\u0131labilir y\u00fckseklik<\/strong><\/td>\n<td style=\"width: 13.8746%; text-align: center;\"><strong>A\u011f\u0131rl\u0131k<\/strong><\/td>\n<\/tr>\n<tr style=\"height: 24px;\">\n<td style=\"width: 16.3673%; text-align: center; height: 24px;\">250ml<\/td>\n<td style=\"width: 18.4214%; text-align: center;\">150ml<\/td>\n<td style=\"width: 15.8959%; text-align: center; height: 24px;\">67 mm<\/td>\n<td style=\"width: 17.5414%; text-align: center; height: 24px;\">92mm<\/td>\n<td style=\"width: 17.8994%; text-align: center; height: 24px;\">54 mm<\/td>\n<td style=\"width: 13.8746%; text-align: center;\">68.3g<\/td>\n<\/tr>\n<\/tbody>\n<\/table>\n<table style=\"border-collapse: collapse; width: 100%;\">\n<tbody>\n<tr>\n<td style=\"width: 20%; text-align: center;\"><strong>\u00d6\u011fe\u00a0<\/strong><\/td>\n<td style=\"width: 20%; text-align: center;\"><strong>Paket Miktar<\/strong><\/td>\n<td style=\"width: 20%; text-align: center;\"><strong>Karton boyutu<\/strong><\/td>\n<td style=\"width: 20%; text-align: center;\"><strong>KB<\/strong><\/td>\n<td style=\"width: 20%; text-align: center;\"><strong>GW<\/strong><\/td>\n<\/tr>\n<tr>\n<td style=\"width: 20%; text-align: center;\">Pompa<\/td>\n<td style=\"width: 20%; text-align: center;\">400 adet<\/td>\n<td style=\"width: 20%; text-align: center;\">57*47*36<\/td>\n<td style=\"width: 20%; text-align: center;\">14.5kg<\/td>\n<td style=\"width: 20%; text-align: center;\">12.8kg<\/td>\n<\/tr>\n<tr>\n<td style=\"width: 20%; text-align: center;\">\u015ei\u015fe<\/td>\n<td style=\"width: 20%; text-align: center;\">180 adet<\/td>\n<td style=\"width: 20%; text-align: center;\">64*37*39<\/td>\n<td style=\"width: 20%; text-align: center;\">6.5kg<\/td>\n<td style=\"width: 20%; text-align: center;\">8.2kg<\/td>\n<\/tr>\n<\/tbody>\n<\/table>\n<p><img decoding=\"async\" class=\"size-full wp-image-3047 aligncenter\" src=\"https:\/\/www.cosmepak.com\/wp-content\/uploads\/2025\/03\/450ml-2.jpg\" alt=\"\" width=\"1000\" height=\"1000\" srcset=\"https:\/\/www.cosmepak.com\/wp-content\/uploads\/2025\/03\/450ml-2.jpg 1000w, https:\/\/www.cosmepak.com\/wp-content\/uploads\/2025\/03\/450ml-2-300x300.jpg 300w, https:\/\/www.cosmepak.com\/wp-content\/uploads\/2025\/03\/450ml-2-150x150.jpg 150w, https:\/\/www.cosmepak.com\/wp-content\/uploads\/2025\/03\/450ml-2-768x768.jpg 768w, https:\/\/www.cosmepak.com\/wp-content\/uploads\/2025\/03\/450ml-2-12x12.jpg 12w, https:\/\/www.cosmepak.com\/wp-content\/uploads\/2025\/03\/450ml-2-600x600.jpg 600w, https:\/\/www.cosmepak.com\/wp-content\/uploads\/2025\/03\/450ml-2-100x100.jpg 100w\" sizes=\"(max-width: 1000px) 100vw, 1000px\" \/><\/p>\n<table style=\"border-collapse: collapse; width: 100%; height: 120px;\">\n<tbody>\n<tr style=\"height: 24px;\">\n<td style=\"width: 15.6264%; text-align: center; height: 24px;\">Kapasite<\/td>\n<td style=\"width: 18.0726%; text-align: center; height: 24px;\">Toplam y\u00fckseklik<\/td>\n<td style=\"width: 15.9229%; text-align: center; height: 24px;\">Dia<\/td>\n<td style=\"width: 17.0348%; text-align: center; height: 24px;\">\u015ei\u015fe y\u00fcksekli\u011fi<\/td>\n<td style=\"width: 16.0786%; text-align: center; height: 24px;\">Yazd\u0131r\u0131labilir y\u00fckseklik<\/td>\n<td style=\"width: 17.2647%; text-align: center;\">A\u011f\u0131rl\u0131k<\/td>\n<\/tr>\n<tr style=\"height: 24px;\">\n<td style=\"width: 15.6264%; text-align: center; height: 24px;\">450 ml'lik<\/td>\n<td style=\"width: 18.0726%; text-align: center; height: 24px;\">168mm'lik<\/td>\n<td style=\"width: 15.9229%; text-align: center; height: 24px;\">67 mm<\/td>\n<td style=\"width: 17.0348%; text-align: center; height: 24px;\">140 mm<\/td>\n<td style=\"width: 16.0786%; text-align: center; height: 24px;\">105mm<\/td>\n<td style=\"width: 17.2647%; text-align: center;\">88.8g<\/td>\n<\/tr>\n<\/tbody>\n<\/table>\n<table style=\"border-collapse: collapse; width: 100%;\">\n<tbody>\n<tr>\n<td style=\"width: 20%; text-align: center;\"><strong>\u00d6\u011fe\u00a0<\/strong><\/td>\n<td style=\"width: 20%; text-align: center;\"><strong>Paket Miktar<\/strong><\/td>\n<td style=\"width: 20%; text-align: center;\"><strong>Karton boyutu<\/strong><\/td>\n<td style=\"width: 20%; text-align: center;\"><strong>KB<\/strong><\/td>\n<td style=\"width: 20%; text-align: center;\"><strong>GW<\/strong><\/td>\n<\/tr>\n<tr>\n<td style=\"width: 20%; text-align: center;\">450 ml'lik<\/td>\n<td style=\"width: 20%; text-align: center;\">120 adet<\/td>\n<td style=\"width: 20%; text-align: center;\">56*35*43<\/td>\n<td style=\"width: 20%; text-align: center;\">6.6KG<\/td>\n<td style=\"width: 20%; text-align: center;\">8.3KG<\/td>\n<\/tr>\n<\/tbody>\n<\/table>\n<p>Bu Mu Si K\u00f6p\u00fcr\u00fcc\u00fc \u015ei\u015fe, se\u00e7meniz i\u00e7in 250ml ve 450ml iki Kapasiteye sahiptir. Kare bir tasar\u0131ma sahiptir, PETG \u015ei\u015fe G\u00f6vdesi ve Vidal\u0131 Boynunun Kullan\u0131m\u0131 Kolayd\u0131r, s\u0131z\u0131nt\u0131 endi\u015feleri olmadan basit \u00e7al\u0131\u015fmay\u0131 sa\u011flar. \u00c7evre dostu ve yeniden kullan\u0131labilir, par\u00e7alanmaya dayan\u0131kl\u0131 ve dayan\u0131kl\u0131 olmakla birlikte hijyenik yeniden doldurma i\u00e7in idealdir. Bilimsel bir pompa ile donat\u0131lm\u0131\u015f, her kulland\u0131\u011f\u0131n\u0131z zaman ince, zengin k\u00f6p\u00fck \u00fcreterek \u00e7abas\u0131z presleme sa\u011flar.<\/p>\n<p>\u015eeffaf a\u00e7\u0131k renk gibi se\u00e7meniz i\u00e7in bir\u00e7ok renk var; Beyaz renk; Pembe \u015feffaf renk; mavi \u015feffaf renk; durk ye\u015fil \u015feffaf renk; kahverengi \u015feffaf renk; Ayr\u0131ca pantone ren\u011finizle \u00f6zel destekliyoruz.<\/p>\n<p>Ayr\u0131ca logo \u00f6zel bask\u0131 hizmetini de destekliyoruz; etiketleme hizmeti vb.<\/p>\n<p>Bu \u015fi\u015felerle ilgileniyorsan\u0131z, l\u00fctfen bizimle ileti\u015fime ge\u00e7mekten \u00e7ekinmeyin.<\/p>\n<table style=\"border-collapse: collapse; width: 100%; height: 989px;\">\n<tbody>\n<tr style=\"height: 965px;\">\n<td style=\"width: 66.6666%; height: 965px;\" colspan=\"2\"><img decoding=\"async\" class=\"size-full wp-image-3048 aligncenter\" src=\"https:\/\/www.cosmepak.com\/wp-content\/uploads\/2025\/03\/450ml-5.jpg\" alt=\"\" width=\"1000\" height=\"1000\" srcset=\"https:\/\/www.cosmepak.com\/wp-content\/uploads\/2025\/03\/450ml-5.jpg 1000w, https:\/\/www.cosmepak.com\/wp-content\/uploads\/2025\/03\/450ml-5-300x300.jpg 300w, https:\/\/www.cosmepak.com\/wp-content\/uploads\/2025\/03\/450ml-5-150x150.jpg 150w, https:\/\/www.cosmepak.com\/wp-content\/uploads\/2025\/03\/450ml-5-768x768.jpg 768w, https:\/\/www.cosmepak.com\/wp-content\/uploads\/2025\/03\/450ml-5-12x12.jpg 12w, https:\/\/www.cosmepak.com\/wp-content\/uploads\/2025\/03\/450ml-5-600x600.jpg 600w, https:\/\/www.cosmepak.com\/wp-content\/uploads\/2025\/03\/450ml-5-100x100.jpg 100w\" sizes=\"(max-width: 1000px) 100vw, 1000px\" \/><\/td>\n<\/tr>\n<tr style=\"height: 24px;\">\n<td style=\"width: 33.3333%; height: 24px;\"><img loading=\"lazy\" decoding=\"async\" class=\"alignnone size-full wp-image-3049\" src=\"https:\/\/www.cosmepak.com\/wp-content\/uploads\/2025\/03\/\u8be6\u60c5-5.jpg\" alt=\"\" width=\"790\" height=\"831\" srcset=\"https:\/\/www.cosmepak.com\/wp-content\/uploads\/2025\/03\/\u8be6\u60c5-5.jpg 790w, https:\/\/www.cosmepak.com\/wp-content\/uploads\/2025\/03\/\u8be6\u60c5-5-285x300.jpg 285w, https:\/\/www.cosmepak.com\/wp-content\/uploads\/2025\/03\/\u8be6\u60c5-5-768x808.jpg 768w, https:\/\/www.cosmepak.com\/wp-content\/uploads\/2025\/03\/\u8be6\u60c5-5-11x12.jpg 11w, https:\/\/www.cosmepak.com\/wp-content\/uploads\/2025\/03\/\u8be6\u60c5-5-600x631.jpg 600w\" sizes=\"(max-width: 790px) 100vw, 790px\" \/><\/td>\n<td style=\"width: 33.3333%; height: 24px;\"><img loading=\"lazy\" decoding=\"async\" class=\"alignnone size-full wp-image-3050\" src=\"https:\/\/www.cosmepak.com\/wp-content\/uploads\/2025\/03\/450ml-4.jpg\" alt=\"\" width=\"790\" height=\"866\" srcset=\"https:\/\/www.cosmepak.com\/wp-content\/uploads\/2025\/03\/450ml-4.jpg 790w, https:\/\/www.cosmepak.com\/wp-content\/uploads\/2025\/03\/450ml-4-274x300.jpg 274w, https:\/\/www.cosmepak.com\/wp-content\/uploads\/2025\/03\/450ml-4-768x842.jpg 768w, https:\/\/www.cosmepak.com\/wp-content\/uploads\/2025\/03\/450ml-4-11x12.jpg 11w, https:\/\/www.cosmepak.com\/wp-content\/uploads\/2025\/03\/450ml-4-600x658.jpg 600w\" sizes=\"(max-width: 790px) 100vw, 790px\" \/><\/td>\n<\/tr>\n<\/tbody>\n<\/table>\n<p style=\"text-align: center;\">HAKKIMIZDA<\/p>\n<p>Hangzhou Juance End\u00fcstriyel Co, Ltd 2014 y\u0131l\u0131nda kurulmu\u015ftur, ekibimiz 20 y\u0131ldan fazla kozmetik paket end\u00fcstriyel ile \u00e7al\u0131\u015fmaktad\u0131r. bu dosyalarda profesyoneliyiz, kozmetik ambalajda tek durak \u00e7\u00f6z\u00fcm\u00fc de destekliyoruz.<\/p>\n<p>A\u00e7\u0131k bir i\u015f b\u00f6l\u00fcm\u00fc, herhangi bir organizasyonun sorunsuz \u00e7al\u0131\u015fmas\u0131 i\u00e7in \u00e7ok \u00f6nemlidir. Sadece verimlili\u011fi ve hesapl\u0131l\u0131\u011f\u0131 artt\u0131rmakla kalmaz, ayn\u0131 zamanda s\u00fcrecin her a\u015famas\u0131n\u0131n en y\u00fcksek standartlara uygun olarak ger\u00e7ekle\u015ftirilmesini de sa\u011flar. Her a\u015famay\u0131 s\u0131k\u0131 bir \u015fekilde kontrol ederek, kurulu\u015flar daha iyi sonu\u00e7lar elde edebilir ve rekabet avantaj\u0131n\u0131 koruyabilirler.<\/p>\n<p>L\u00fctfen bize kat\u0131l\u0131n, kazan\u0131l\u0131m kazan\u0131l\u0131m birlikte.<\/p>\n<p><img loading=\"lazy\" decoding=\"async\" class=\"alignnone size-full wp-image-2556\" src=\"https:\/\/www.cosmepak.com\/wp-content\/uploads\/2025\/06\/packaging.webp\" alt=\"ambalaj\" width=\"1920\" height=\"885\" srcset=\"https:\/\/www.cosmepak.com\/wp-content\/uploads\/2025\/06\/packaging.webp 1920w, https:\/\/www.cosmepak.com\/wp-content\/uploads\/2025\/06\/packaging-300x138.webp 300w, https:\/\/www.cosmepak.com\/wp-content\/uploads\/2025\/06\/packaging-1024x472.webp 1024w, https:\/\/www.cosmepak.com\/wp-content\/uploads\/2025\/06\/packaging-768x354.webp 768w, https:\/\/www.cosmepak.com\/wp-content\/uploads\/2025\/06\/packaging-1536x708.webp 1536w, https:\/\/www.cosmepak.com\/wp-content\/uploads\/2025\/06\/packaging-18x8.webp 18w, https:\/\/www.cosmepak.com\/wp-content\/uploads\/2025\/06\/packaging-600x277.webp 600w\" sizes=\"(max-width: 1920px) 100vw, 1920px\" \/><\/p>\n<p>&nbsp;<\/p>","protected":false},"excerpt":{"rendered":"<p>Kapasite: 250ml ve 450ml<\/p>\n<p>Malzeme: PETG<\/p>\n<p>Renk: \u00f6zel enjeksiyon rengi<\/p>\n<p>S\u00fcre\u00e7 \u00f6zelle\u015ftirme: Serigrafi, s\u0131cak damgalama, etiketleme, buzlama, elektrokaplama, renk vb.<\/p>\n<p>MOQ: 3000pcs \/ \u00f6zel 10000pcs<\/p>","protected":false},"featured_media":3051,"comment_status":"closed","ping_status":"closed","template":"","meta":{"_acf_changed":false},"product_brand":[],"product_cat":[47,18],"product_tag":[],"class_list":{"0":"post-1287","1":"product","2":"type-product","3":"status-publish","4":"has-post-thumbnail","6":"product_cat-lotion-bottle","7":"product_cat-plastic-bottle","9":"first","10":"outofstock","11":"shipping-taxable","12":"product-type-simple"},"acf":[],"_links":{"self":[{"href":"https:\/\/www.cosmepak.com\/tr\/wp-json\/wp\/v2\/product\/1287","targetHints":{"allow":["GET"]}}],"collection":[{"href":"https:\/\/www.cosmepak.com\/tr\/wp-json\/wp\/v2\/product"}],"about":[{"href":"https:\/\/www.cosmepak.com\/tr\/wp-json\/wp\/v2\/types\/product"}],"replies":[{"embeddable":true,"href":"https:\/\/www.cosmepak.com\/tr\/wp-json\/wp\/v2\/comments?post=1287"}],"wp:featuredmedia":[{"embeddable":true,"href":"https:\/\/www.cosmepak.com\/tr\/wp-json\/wp\/v2\/media\/3051"}],"wp:attachment":[{"href":"https:\/\/www.cosmepak.com\/tr\/wp-json\/wp\/v2\/media?parent=1287"}],"wp:term":[{"taxonomy":"product_brand","embeddable":true,"href":"https:\/\/www.cosmepak.com\/tr\/wp-json\/wp\/v2\/product_brand?post=1287"},{"taxonomy":"product_cat","embeddable":true,"href":"https:\/\/www.cosmepak.com\/tr\/wp-json\/wp\/v2\/product_cat?post=1287"},{"taxonomy":"product_tag","embeddable":true,"href":"https:\/\/www.cosmepak.com\/tr\/wp-json\/wp\/v2\/product_tag?post=1287"}],"curies":[{"name":"wp","href":"https:\/\/api.w.org\/{rel}","templated":true}]}}