{"id":132,"date":"2024-12-31T09:52:54","date_gmt":"2024-12-31T01:52:54","guid":{"rendered":"http:\/\/www.cosmepak.com\/?post_type=product&#038;p=132"},"modified":"2025-09-10T13:07:52","modified_gmt":"2025-09-10T05:07:52","slug":"glass-bottle","status":"publish","type":"product","link":"https:\/\/www.cosmepak.com\/tr\/product\/glass-bottle\/","title":{"rendered":"Cam \u015fi\u015fe"},"content":{"rendered":"<table style=\"border-collapse: collapse; width: 100.146%; height: 216px;\">\n<tbody>\n<tr style=\"height: 24px;\">\n<td style=\"width: 35.4401%; height: 216px;\" rowspan=\"9\"><img fetchpriority=\"high\" decoding=\"async\" class=\"alignnone size-full wp-image-2724\" src=\"https:\/\/www.cosmepak.com\/wp-content\/uploads\/2025\/07\/\u8be6\u60c5-9.jpg\" alt=\"\" width=\"1000\" height=\"1000\" srcset=\"https:\/\/www.cosmepak.com\/wp-content\/uploads\/2025\/07\/\u8be6\u60c5-9.jpg 1000w, https:\/\/www.cosmepak.com\/wp-content\/uploads\/2025\/07\/\u8be6\u60c5-9-300x300.jpg 300w, https:\/\/www.cosmepak.com\/wp-content\/uploads\/2025\/07\/\u8be6\u60c5-9-150x150.jpg 150w, https:\/\/www.cosmepak.com\/wp-content\/uploads\/2025\/07\/\u8be6\u60c5-9-768x768.jpg 768w, https:\/\/www.cosmepak.com\/wp-content\/uploads\/2025\/07\/\u8be6\u60c5-9-12x12.jpg 12w, https:\/\/www.cosmepak.com\/wp-content\/uploads\/2025\/07\/\u8be6\u60c5-9-600x600.jpg 600w, https:\/\/www.cosmepak.com\/wp-content\/uploads\/2025\/07\/\u8be6\u60c5-9-100x100.jpg 100w\" sizes=\"(max-width: 1000px) 100vw, 1000px\" \/><\/td>\n<td style=\"width: 28.3233%; height: 24px; text-align: center;\">\u00dcr\u00fcn ad\u0131<\/td>\n<td style=\"width: 66.401%; height: 24px; text-align: center;\">Cam \u015fi\u015fe<\/td>\n<\/tr>\n<tr style=\"height: 24px;\">\n<td style=\"width: 28.3233%; height: 24px; text-align: center;\">Malzeme<\/td>\n<td style=\"width: 66.401%; height: 24px; text-align: center;\">Bardak<\/td>\n<\/tr>\n<tr style=\"height: 24px;\">\n<td style=\"width: 28.3233%; height: 24px; text-align: center;\">Renk<\/td>\n<td style=\"width: 66.401%; height: 24px; text-align: center;\">\u00d6zelle\u015ftirilmi\u015f<\/td>\n<\/tr>\n<tr style=\"height: 24px;\">\n<td style=\"width: 28.3233%; height: 24px; text-align: center;\">Sanat tedavisi<\/td>\n<td style=\"width: 66.401%; height: 24px; text-align: center;\">Serigrafi \/ S\u0131cak damgalama \/ kaplama ~<\/td>\n<\/tr>\n<tr style=\"height: 24px;\">\n<td style=\"width: 28.3233%; height: 24px; text-align: center;\">Kapasite<\/td>\n<td style=\"width: 66.401%; height: 24px; text-align: center;\">30ml \/ 50ml \/ 100ml \/ 120ml \/ 30g \/ 50g<\/td>\n<\/tr>\n<tr style=\"height: 24px;\">\n<td style=\"width: 28.3233%; height: 24px; text-align: center;\">Moq<\/td>\n<td style=\"width: 66.401%; height: 24px; text-align: center;\">5000<\/td>\n<\/tr>\n<tr style=\"height: 24px;\">\n<td style=\"width: 28.3233%; height: 24px; text-align: center;\">Kur\u015fun zaman\u0131<\/td>\n<td style=\"width: 66.401%; height: 24px; text-align: center;\">Depozito al\u0131nd\u0131ktan 45 g\u00fcn sonra<\/td>\n<\/tr>\n<tr style=\"height: 24px;\">\n<td style=\"width: 28.3233%; height: 24px; text-align: center;\">\u00d6deme<\/td>\n<td style=\"width: 66.401%; height: 24px; text-align: center;\">% 50 depozito, y\u00fcklemeden \u00f6nce% 50 bakiye \u00f6denen bakiye<\/td>\n<\/tr>\n<tr style=\"height: 24px;\">\n<td style=\"width: 28.3233%; height: 24px; text-align: center;\">Paketleme<\/td>\n<td style=\"width: 66.401%; height: 24px; text-align: center;\">Kraft Ka\u011f\u0131t Kutusu ve Ah\u015fap Palet<\/td>\n<\/tr>\n<\/tbody>\n<\/table>\n<p>Bu cam \u015fi\u015fe seti, losyonlar, kremler, serumlar ve tonerler dahil olmak \u00fczere \u00e7e\u015fitli cilt bak\u0131m \u00fcr\u00fcnlerinin da\u011f\u0131t\u0131lmas\u0131 i\u00e7in m\u00fckemmeldir. Y\u00fcksek kaliteli camdan yap\u0131lan bu \u015fi\u015feler birinci s\u0131n\u0131f bir hissi sunar ve hassas porsiyonama i\u00e7in idealdir. \u0130ster losyon, krem, serum veya toner \u00fcretiyorsan\u0131z olsun, bu \u015fi\u015feler kolay ve verimli ambalaj sa\u011flar.<\/p>\n<p><img decoding=\"async\" class=\"size-full wp-image-2715 aligncenter\" src=\"https:\/\/www.cosmepak.com\/wp-content\/uploads\/2025\/07\/\u8be6\u60c5-12.jpg\" alt=\"\" width=\"800\" height=\"663\" srcset=\"https:\/\/www.cosmepak.com\/wp-content\/uploads\/2025\/07\/\u8be6\u60c5-12.jpg 800w, https:\/\/www.cosmepak.com\/wp-content\/uploads\/2025\/07\/\u8be6\u60c5-12-300x249.jpg 300w, https:\/\/www.cosmepak.com\/wp-content\/uploads\/2025\/07\/\u8be6\u60c5-12-768x636.jpg 768w, https:\/\/www.cosmepak.com\/wp-content\/uploads\/2025\/07\/\u8be6\u60c5-12-14x12.jpg 14w, https:\/\/www.cosmepak.com\/wp-content\/uploads\/2025\/07\/\u8be6\u60c5-12-600x497.jpg 600w\" sizes=\"(max-width: 800px) 100vw, 800px\" \/> <img decoding=\"async\" class=\"size-full wp-image-2716 aligncenter\" src=\"https:\/\/www.cosmepak.com\/wp-content\/uploads\/2025\/07\/\u8be6\u60c5-13.jpg\" alt=\"\" width=\"800\" height=\"785\" srcset=\"https:\/\/www.cosmepak.com\/wp-content\/uploads\/2025\/07\/\u8be6\u60c5-13.jpg 800w, https:\/\/www.cosmepak.com\/wp-content\/uploads\/2025\/07\/\u8be6\u60c5-13-300x294.jpg 300w, https:\/\/www.cosmepak.com\/wp-content\/uploads\/2025\/07\/\u8be6\u60c5-13-768x754.jpg 768w, https:\/\/www.cosmepak.com\/wp-content\/uploads\/2025\/07\/\u8be6\u60c5-13-12x12.jpg 12w, https:\/\/www.cosmepak.com\/wp-content\/uploads\/2025\/07\/\u8be6\u60c5-13-600x589.jpg 600w\" sizes=\"(max-width: 800px) 100vw, 800px\" \/> <img loading=\"lazy\" decoding=\"async\" class=\"size-full wp-image-2714 aligncenter\" src=\"https:\/\/www.cosmepak.com\/wp-content\/uploads\/2025\/07\/\u8be6\u60c5-11.jpg\" alt=\"\" width=\"1000\" height=\"479\" srcset=\"https:\/\/www.cosmepak.com\/wp-content\/uploads\/2025\/07\/\u8be6\u60c5-11.jpg 1000w, https:\/\/www.cosmepak.com\/wp-content\/uploads\/2025\/07\/\u8be6\u60c5-11-300x144.jpg 300w, https:\/\/www.cosmepak.com\/wp-content\/uploads\/2025\/07\/\u8be6\u60c5-11-768x368.jpg 768w, https:\/\/www.cosmepak.com\/wp-content\/uploads\/2025\/07\/\u8be6\u60c5-11-18x9.jpg 18w, https:\/\/www.cosmepak.com\/wp-content\/uploads\/2025\/07\/\u8be6\u60c5-11-600x287.jpg 600w\" sizes=\"(max-width: 1000px) 100vw, 1000px\" \/><\/p>\n<table style=\"border-collapse: collapse; width: 100%; height: 96px;\">\n<tbody>\n<tr style=\"height: 24px;\">\n<td style=\"width: 25%; height: 24px; text-align: center;\"><strong>\u00d6\u011fe<\/strong><\/td>\n<td style=\"width: 25%; height: 24px; text-align: center;\"><strong>Alt \u00c7ap<\/strong><\/td>\n<td style=\"width: 25%; height: 24px; text-align: center;\"><strong>\u00a0Y\u00fckseklik<\/strong><\/td>\n<\/tr>\n<tr style=\"height: 24px;\">\n<td style=\"width: 25%; height: 24px; text-align: center;\">30g kavanoz<\/td>\n<td style=\"width: 25%; height: 24px; text-align: center;\">50 mm<\/td>\n<td style=\"width: 25%; height: 24px; text-align: center;\">43mm<\/td>\n<\/tr>\n<tr style=\"height: 24px;\">\n<td style=\"width: 25%; height: 24px; text-align: center;\">50g kavanoz<\/td>\n<td style=\"width: 25%; height: 24px; text-align: center;\">75 mm<\/td>\n<td style=\"width: 25%; height: 24px; text-align: center;\">50 mm<\/td>\n<\/tr>\n<tr style=\"height: 24px;\">\n<td style=\"width: 25%; height: 24px; text-align: center;\">30ml \u015fi\u015fe<\/td>\n<td style=\"width: 25%; height: 24px; text-align: center;\">29mm<\/td>\n<td style=\"width: 25%; height: 24px; text-align: center;\">110 mm<\/td>\n<\/tr>\n<tr>\n<td style=\"width: 25%; text-align: center;\">50ml \u015fi\u015fe<\/td>\n<td style=\"width: 25%; text-align: center;\">29mm<\/td>\n<td style=\"width: 25%; text-align: center;\">140 mm<\/td>\n<\/tr>\n<tr>\n<td style=\"width: 25%; text-align: center;\">100ml \u015fi\u015fe<\/td>\n<td style=\"width: 25%; text-align: center;\">33 mm<\/td>\n<td style=\"width: 25%; text-align: center;\">162mm<\/td>\n<\/tr>\n<tr>\n<td style=\"width: 25%; text-align: center;\">120ml \u015fi\u015fe<\/td>\n<td style=\"width: 25%; text-align: center;\">35 mm<\/td>\n<td style=\"width: 25%; text-align: center;\">170 mm<\/td>\n<\/tr>\n<\/tbody>\n<\/table>\n<p><img loading=\"lazy\" decoding=\"async\" class=\"wp-image-2720 aligncenter\" src=\"https:\/\/www.cosmepak.com\/wp-content\/uploads\/2025\/07\/\u4e3b\u56fe-3-1.jpg\" alt=\"\" width=\"1434\" height=\"1434\" srcset=\"https:\/\/www.cosmepak.com\/wp-content\/uploads\/2025\/07\/\u4e3b\u56fe-3-1.jpg 1000w, https:\/\/www.cosmepak.com\/wp-content\/uploads\/2025\/07\/\u4e3b\u56fe-3-1-300x300.jpg 300w, https:\/\/www.cosmepak.com\/wp-content\/uploads\/2025\/07\/\u4e3b\u56fe-3-1-150x150.jpg 150w, https:\/\/www.cosmepak.com\/wp-content\/uploads\/2025\/07\/\u4e3b\u56fe-3-1-768x768.jpg 768w, https:\/\/www.cosmepak.com\/wp-content\/uploads\/2025\/07\/\u4e3b\u56fe-3-1-12x12.jpg 12w, https:\/\/www.cosmepak.com\/wp-content\/uploads\/2025\/07\/\u4e3b\u56fe-3-1-600x600.jpg 600w, https:\/\/www.cosmepak.com\/wp-content\/uploads\/2025\/07\/\u4e3b\u56fe-3-1-100x100.jpg 100w\" sizes=\"(max-width: 1434px) 100vw, 1434px\" \/><\/p>\n<table style=\"border-collapse: collapse; width: 100%;\">\n<tbody>\n<tr>\n<td style=\"width: 25%;\"><img loading=\"lazy\" decoding=\"async\" class=\"alignnone size-full wp-image-2723\" src=\"https:\/\/www.cosmepak.com\/wp-content\/uploads\/2025\/07\/\u8be6\u60c5-19-1.jpg\" alt=\"\" width=\"1000\" height=\"1000\" srcset=\"https:\/\/www.cosmepak.com\/wp-content\/uploads\/2025\/07\/\u8be6\u60c5-19-1.jpg 1000w, https:\/\/www.cosmepak.com\/wp-content\/uploads\/2025\/07\/\u8be6\u60c5-19-1-300x300.jpg 300w, https:\/\/www.cosmepak.com\/wp-content\/uploads\/2025\/07\/\u8be6\u60c5-19-1-150x150.jpg 150w, https:\/\/www.cosmepak.com\/wp-content\/uploads\/2025\/07\/\u8be6\u60c5-19-1-768x768.jpg 768w, https:\/\/www.cosmepak.com\/wp-content\/uploads\/2025\/07\/\u8be6\u60c5-19-1-12x12.jpg 12w, https:\/\/www.cosmepak.com\/wp-content\/uploads\/2025\/07\/\u8be6\u60c5-19-1-600x600.jpg 600w, https:\/\/www.cosmepak.com\/wp-content\/uploads\/2025\/07\/\u8be6\u60c5-19-1-100x100.jpg 100w\" sizes=\"(max-width: 1000px) 100vw, 1000px\" \/><\/td>\n<td style=\"width: 25%;\"><img loading=\"lazy\" decoding=\"async\" class=\"alignnone size-full wp-image-2722\" src=\"https:\/\/www.cosmepak.com\/wp-content\/uploads\/2025\/07\/\u4e3b\u56fe-5-1.jpg\" alt=\"\" width=\"1000\" height=\"1000\" srcset=\"https:\/\/www.cosmepak.com\/wp-content\/uploads\/2025\/07\/\u4e3b\u56fe-5-1.jpg 1000w, https:\/\/www.cosmepak.com\/wp-content\/uploads\/2025\/07\/\u4e3b\u56fe-5-1-300x300.jpg 300w, https:\/\/www.cosmepak.com\/wp-content\/uploads\/2025\/07\/\u4e3b\u56fe-5-1-150x150.jpg 150w, https:\/\/www.cosmepak.com\/wp-content\/uploads\/2025\/07\/\u4e3b\u56fe-5-1-768x768.jpg 768w, https:\/\/www.cosmepak.com\/wp-content\/uploads\/2025\/07\/\u4e3b\u56fe-5-1-12x12.jpg 12w, https:\/\/www.cosmepak.com\/wp-content\/uploads\/2025\/07\/\u4e3b\u56fe-5-1-600x600.jpg 600w, https:\/\/www.cosmepak.com\/wp-content\/uploads\/2025\/07\/\u4e3b\u56fe-5-1-100x100.jpg 100w\" sizes=\"(max-width: 1000px) 100vw, 1000px\" \/><\/td>\n<td style=\"width: 25%;\"><img loading=\"lazy\" decoding=\"async\" class=\"alignnone size-full wp-image-2721\" src=\"https:\/\/www.cosmepak.com\/wp-content\/uploads\/2025\/07\/\u4e3b\u56fe-4.jpg\" alt=\"\" width=\"1000\" height=\"1000\" srcset=\"https:\/\/www.cosmepak.com\/wp-content\/uploads\/2025\/07\/\u4e3b\u56fe-4.jpg 1000w, https:\/\/www.cosmepak.com\/wp-content\/uploads\/2025\/07\/\u4e3b\u56fe-4-300x300.jpg 300w, https:\/\/www.cosmepak.com\/wp-content\/uploads\/2025\/07\/\u4e3b\u56fe-4-150x150.jpg 150w, https:\/\/www.cosmepak.com\/wp-content\/uploads\/2025\/07\/\u4e3b\u56fe-4-768x768.jpg 768w, https:\/\/www.cosmepak.com\/wp-content\/uploads\/2025\/07\/\u4e3b\u56fe-4-12x12.jpg 12w, https:\/\/www.cosmepak.com\/wp-content\/uploads\/2025\/07\/\u4e3b\u56fe-4-600x600.jpg 600w, https:\/\/www.cosmepak.com\/wp-content\/uploads\/2025\/07\/\u4e3b\u56fe-4-100x100.jpg 100w\" sizes=\"(max-width: 1000px) 100vw, 1000px\" \/><\/td>\n<td style=\"width: 25%;\"><img loading=\"lazy\" decoding=\"async\" class=\"alignnone size-full wp-image-2717\" src=\"https:\/\/www.cosmepak.com\/wp-content\/uploads\/2025\/07\/\u8be6\u60c5-16.jpg\" alt=\"\" width=\"1000\" height=\"1000\" srcset=\"https:\/\/www.cosmepak.com\/wp-content\/uploads\/2025\/07\/\u8be6\u60c5-16.jpg 1000w, https:\/\/www.cosmepak.com\/wp-content\/uploads\/2025\/07\/\u8be6\u60c5-16-300x300.jpg 300w, https:\/\/www.cosmepak.com\/wp-content\/uploads\/2025\/07\/\u8be6\u60c5-16-150x150.jpg 150w, https:\/\/www.cosmepak.com\/wp-content\/uploads\/2025\/07\/\u8be6\u60c5-16-768x768.jpg 768w, https:\/\/www.cosmepak.com\/wp-content\/uploads\/2025\/07\/\u8be6\u60c5-16-12x12.jpg 12w, https:\/\/www.cosmepak.com\/wp-content\/uploads\/2025\/07\/\u8be6\u60c5-16-600x600.jpg 600w, https:\/\/www.cosmepak.com\/wp-content\/uploads\/2025\/07\/\u8be6\u60c5-16-100x100.jpg 100w\" sizes=\"(max-width: 1000px) 100vw, 1000px\" \/><\/td>\n<\/tr>\n<\/tbody>\n<\/table>\n<p>1. Spiral \u015ei\u015fe Boyun Tasar\u0131m\u0131: M\u00fckemmel m\u00fch\u00fcrleme ve kolay a\u00e7ma sunar.<br \/>\n2. Kal\u0131nla\u015ft\u0131r\u0131lm\u0131\u015f \u015ei\u015fe Alt\u0131: Dayan\u0131kl\u0131l\u0131k ve e\u015fit malzeme da\u011f\u0131t\u0131m\u0131 i\u00e7in g\u00fc\u00e7lendirilmi\u015f, b\u00fcy\u00fck bir g\u00f6rsel cazibe sa\u011flar.<br \/>\n3. PP D\u0131\u015f Kapak: Kolay vidalama i\u00e7in a\u00e7\u0131k i\u00e7 iplikler ile s\u0131z\u0131nt\u0131 ve tesad\u00fcfen preslemeyi \u00f6nler.<\/p>\n<p><img loading=\"lazy\" decoding=\"async\" class=\"alignnone wp-image-2725\" src=\"https:\/\/www.cosmepak.com\/wp-content\/uploads\/2025\/07\/\u8be6\u60c5-10.jpg\" alt=\"\" width=\"1385\" height=\"1385\" srcset=\"https:\/\/www.cosmepak.com\/wp-content\/uploads\/2025\/07\/\u8be6\u60c5-10.jpg 1000w, https:\/\/www.cosmepak.com\/wp-content\/uploads\/2025\/07\/\u8be6\u60c5-10-300x300.jpg 300w, https:\/\/www.cosmepak.com\/wp-content\/uploads\/2025\/07\/\u8be6\u60c5-10-150x150.jpg 150w, https:\/\/www.cosmepak.com\/wp-content\/uploads\/2025\/07\/\u8be6\u60c5-10-768x768.jpg 768w, https:\/\/www.cosmepak.com\/wp-content\/uploads\/2025\/07\/\u8be6\u60c5-10-12x12.jpg 12w, https:\/\/www.cosmepak.com\/wp-content\/uploads\/2025\/07\/\u8be6\u60c5-10-600x600.jpg 600w, https:\/\/www.cosmepak.com\/wp-content\/uploads\/2025\/07\/\u8be6\u60c5-10-100x100.jpg 100w\" sizes=\"(max-width: 1385px) 100vw, 1385px\" \/><\/p>\n<p>\u00d6zelle\u015ftirilebilir Tasar\u0131m: Bu \u00fcr\u00fcn, i\u015fletmelerin marka kimliklerine ve ihtiya\u00e7lar\u0131na uygun benzersiz ve ki\u015fiselle\u015ftirilmi\u015f tasar\u0131mlar olu\u015fturmalar\u0131n\u0131 sa\u011flayan \u00f6zel bask\u0131 ve renklere izin verir.<\/p>\n<p>\u00dccretsiz \u00f6rnekler: Her sat\u0131n alma i\u015fleminde \u00fccretsiz \u00f6rnekler sa\u011flan\u0131r ve m\u00fc\u015fterilerin sipari\u015f vermeden \u00f6nce \u00fcr\u00fcnleri test etmesine izin verir.<\/p>\n<p>Y\u00fcksek kaliteli cam malzeme: Y\u00fcksek kaliteli camdan yap\u0131lm\u0131\u015f bu \u015fi\u015fe, l\u00fcks markalar ve \u00fcst d\u00fczey cilt bak\u0131m \u00fcr\u00fcnleri i\u00e7in m\u00fckemmel olan premium bir g\u00f6r\u00fcn\u00fcm ve his sa\u011flar.<\/p>\n<p>H\u0131zl\u0131 teslimat: 45 g\u00fcnl\u00fck bir teslimat s\u00fcresi ile \u015firketler \u00f6zelle\u015ftirilmi\u015f cam \u015fi\u015feleri h\u0131zl\u0131 bir \u015fekilde depolayabilir ve m\u00fc\u015fteri ihtiya\u00e7lar\u0131n\u0131 kar\u015f\u0131layabilir.<\/p>","protected":false},"excerpt":{"rendered":"<ol class=\"ai-center-markdown-ol\" start=\"1\">\n<li class=\"ai-center-markdown-li\">Losyon, Krem, Toner ve Cilt Bak\u0131m\u0131 \u00dcr\u00fcnleri i\u00e7in Y\u00fcksek Kaliteli Cam \u015ei\u015fe Seti<\/li>\n<li class=\"ai-center-markdown-li\">Kremler, losyonlar ve tonerler i\u00e7in Premium Cam Doser Seti<\/li>\n<li class=\"ai-center-markdown-li\" data-spm-anchor-id=\"a2747.product_manager.0.i7.726371d2Z87E7X\">Cilt Bak\u0131m\u0131 i\u00e7in Zarif Cam Konteyner Seti: Losyon, Krem, Toner<\/li>\n<\/ol>","protected":false},"featured_media":1283,"comment_status":"closed","ping_status":"closed","template":"","meta":{"_acf_changed":false},"product_brand":[],"product_cat":[19,46],"product_tag":[],"class_list":{"0":"post-132","1":"product","2":"type-product","3":"status-publish","4":"has-post-thumbnail","6":"product_cat-skincare-glass-bottle","7":"product_cat-skincare-product-set-package","9":"first","10":"outofstock","11":"shipping-taxable","12":"product-type-simple"},"acf":[],"_links":{"self":[{"href":"https:\/\/www.cosmepak.com\/tr\/wp-json\/wp\/v2\/product\/132","targetHints":{"allow":["GET"]}}],"collection":[{"href":"https:\/\/www.cosmepak.com\/tr\/wp-json\/wp\/v2\/product"}],"about":[{"href":"https:\/\/www.cosmepak.com\/tr\/wp-json\/wp\/v2\/types\/product"}],"replies":[{"embeddable":true,"href":"https:\/\/www.cosmepak.com\/tr\/wp-json\/wp\/v2\/comments?post=132"}],"wp:featuredmedia":[{"embeddable":true,"href":"https:\/\/www.cosmepak.com\/tr\/wp-json\/wp\/v2\/media\/1283"}],"wp:attachment":[{"href":"https:\/\/www.cosmepak.com\/tr\/wp-json\/wp\/v2\/media?parent=132"}],"wp:term":[{"taxonomy":"product_brand","embeddable":true,"href":"https:\/\/www.cosmepak.com\/tr\/wp-json\/wp\/v2\/product_brand?post=132"},{"taxonomy":"product_cat","embeddable":true,"href":"https:\/\/www.cosmepak.com\/tr\/wp-json\/wp\/v2\/product_cat?post=132"},{"taxonomy":"product_tag","embeddable":true,"href":"https:\/\/www.cosmepak.com\/tr\/wp-json\/wp\/v2\/product_tag?post=132"}],"curies":[{"name":"wp","href":"https:\/\/api.w.org\/{rel}","templated":true}]}}