{"id":136,"date":"2024-12-31T10:51:24","date_gmt":"2024-12-31T02:51:24","guid":{"rendered":"http:\/\/www.cosmepak.com\/?post_type=product&#038;p=136"},"modified":"2025-09-29T13:13:11","modified_gmt":"2025-09-29T05:13:11","slug":"cream-jar","status":"publish","type":"product","link":"https:\/\/www.cosmepak.com\/tr\/product\/cream-jar\/","title":{"rendered":"Krema kavanozu"},"content":{"rendered":"<table style=\"border-collapse: collapse; width: 100%; height: 96px;\">\n<tbody>\n<tr style=\"height: 24px;\">\n<td style=\"width: 17.689%; text-align: center; height: 24px;\" rowspan=\"4\"><img fetchpriority=\"high\" decoding=\"async\" class=\"alignnone size-full wp-image-3009\" src=\"https:\/\/www.cosmepak.com\/wp-content\/uploads\/2024\/12\/\u4e3b\u56fe-7.jpg\" alt=\"\" width=\"1000\" height=\"1000\" srcset=\"https:\/\/www.cosmepak.com\/wp-content\/uploads\/2024\/12\/\u4e3b\u56fe-7.jpg 1000w, https:\/\/www.cosmepak.com\/wp-content\/uploads\/2024\/12\/\u4e3b\u56fe-7-300x300.jpg 300w, https:\/\/www.cosmepak.com\/wp-content\/uploads\/2024\/12\/\u4e3b\u56fe-7-150x150.jpg 150w, https:\/\/www.cosmepak.com\/wp-content\/uploads\/2024\/12\/\u4e3b\u56fe-7-768x768.jpg 768w, https:\/\/www.cosmepak.com\/wp-content\/uploads\/2024\/12\/\u4e3b\u56fe-7-12x12.jpg 12w, https:\/\/www.cosmepak.com\/wp-content\/uploads\/2024\/12\/\u4e3b\u56fe-7-600x600.jpg 600w, https:\/\/www.cosmepak.com\/wp-content\/uploads\/2024\/12\/\u4e3b\u56fe-7-100x100.jpg 100w\" sizes=\"(max-width: 1000px) 100vw, 1000px\" \/><strong><br \/>\n<\/strong><\/td>\n<td style=\"width: 20.5801%; text-align: center; height: 24px;\"><strong>Kapasite<\/strong><\/td>\n<td style=\"width: 18.8473%; text-align: center; height: 24px;\"><strong>\u00c7ap<\/strong><\/td>\n<td style=\"width: 22.8502%; text-align: center; height: 24px;\"><strong>Boyun boyutu<\/strong><\/td>\n<td style=\"width: 20.0334%; text-align: center; height: 24px;\"><strong>\u015ei\u015fe y\u00fcksekli\u011fi<\/strong><\/td>\n<\/tr>\n<tr style=\"height: 24px;\">\n<td style=\"width: 20.5801%; text-align: center; height: 24px;\">80ml<\/td>\n<td style=\"width: 18.8473%; text-align: center; height: 24px;\">60 mm<\/td>\n<td style=\"width: 22.8502%; text-align: center; height: 24px;\">56 mm<\/td>\n<td style=\"width: 20.0334%; text-align: center; height: 24px;\">46 mm<\/td>\n<\/tr>\n<tr style=\"height: 24px;\">\n<td style=\"width: 20.5801%; text-align: center; height: 24px;\">100ml<\/td>\n<td style=\"width: 18.8473%; text-align: center; height: 24px;\">60 mm<\/td>\n<td style=\"width: 22.8502%; text-align: center; height: 24px;\">56 mm<\/td>\n<td style=\"width: 20.0334%; text-align: center; height: 24px;\">57.6mm<\/td>\n<\/tr>\n<tr style=\"height: 24px;\">\n<td style=\"width: 20.5801%; text-align: center; height: 24px;\">120ml<\/td>\n<td style=\"width: 18.8473%; text-align: center; height: 24px;\">60 mm<\/td>\n<td style=\"width: 22.8502%; text-align: center; height: 24px;\">56 mm<\/td>\n<td style=\"width: 20.0334%; text-align: center; height: 24px;\">68mm'lik<\/td>\n<\/tr>\n<\/tbody>\n<\/table>\n<p><img decoding=\"async\" class=\"size-full wp-image-3010 aligncenter\" src=\"https:\/\/www.cosmepak.com\/wp-content\/uploads\/2024\/12\/\u8be6\u60c5-5.jpg\" alt=\"\" width=\"1000\" height=\"1000\" srcset=\"https:\/\/www.cosmepak.com\/wp-content\/uploads\/2024\/12\/\u8be6\u60c5-5.jpg 1000w, https:\/\/www.cosmepak.com\/wp-content\/uploads\/2024\/12\/\u8be6\u60c5-5-300x300.jpg 300w, https:\/\/www.cosmepak.com\/wp-content\/uploads\/2024\/12\/\u8be6\u60c5-5-150x150.jpg 150w, https:\/\/www.cosmepak.com\/wp-content\/uploads\/2024\/12\/\u8be6\u60c5-5-768x768.jpg 768w, https:\/\/www.cosmepak.com\/wp-content\/uploads\/2024\/12\/\u8be6\u60c5-5-12x12.jpg 12w, https:\/\/www.cosmepak.com\/wp-content\/uploads\/2024\/12\/\u8be6\u60c5-5-600x600.jpg 600w, https:\/\/www.cosmepak.com\/wp-content\/uploads\/2024\/12\/\u8be6\u60c5-5-100x100.jpg 100w\" sizes=\"(max-width: 1000px) 100vw, 1000px\" \/><\/p>\n<div class=\"ace-line\" dir=\"auto\" data-node=\"true\"><span data-string=\"true\" data-enter=\"true\" data-leaf=\"true\">Plastik krema kavanozlar\u0131m\u0131z sadece \u00e7e\u015fitli ihtiya\u00e7lar\u0131 tam \u00f6zelliklerle kar\u015f\u0131lamakla kalmaz, ayn\u0131 zamanda \u00fcr\u00fcnleriniz i\u00e7in ideal ambalajlama orta\u011f\u0131 olarak da \u00f6ne \u00e7\u0131kar, ola\u011fan\u00fcst\u00fc \u00e7evresel felsefeye, esnek \u00f6zelle\u015ftirme hizmetleri ve geni\u015f bir uygulama senaryosuna sahiptir. \u200b<\/span><\/div>\n<div class=\"ace-line heading-h2\" dir=\"auto\" data-node=\"true\"><span data-leaf=\"true\"><span class=\"lb\">1. Farkl\u0131 \u00dcr\u00fcn \u0130htiya\u00e7lar\u0131n\u0131 Kar\u015f\u0131lamak i\u00e7in Mevcut Birden \u00c7ok Boyut<\/span><\/span><span data-string=\"true\" data-enter=\"true\" data-leaf=\"true\">Metrake thbusatagrams daha basit. Renkler ve dokular sizi \u00fcr\u00fcn hakk\u0131nda heyecanland\u0131r\u0131r. Jaunce, ambalajlar\u0131n\u0131 pratik ve e\u011flenceli hale getirmek i\u00e7in bu \u015feyleri kar\u0131\u015ft\u0131r\u0131r. Bu, m\u00fc\u015fterileri her g\u00fcn dudak kremlerini kullanmay\u0131 seviyor. Oynamak e\u011flenceli ve ta\u015f\u0131mak kolay olan en sevdi\u011finiz oyunca\u011fa sahip olmak gibidir.<\/span><\/div>\n<div class=\"ace-line\" dir=\"auto\" data-node=\"true\"><span data-string=\"true\" data-enter=\"true\" data-leaf=\"true\">Farkl\u0131 krema \u00fcr\u00fcnlerinin kapasite tasar\u0131m gereksinimlerini tamamen g\u00f6z \u00f6n\u00fcnde bulundurduk ve dikkatlice \u00fc\u00e7 ana ak\u0131m \u00f6zelli\u011fini tan\u0131tt\u0131k: 80ml, 100ml ve 120ml. Bu&#8217; k\u00fc\u00e7\u00fck kapasiteli ta\u015f\u0131nabilir y\u00fcz \u00f6z\u00fc kremi, b\u00fcy\u00fck kapasiteli ev v\u00fccut f\u0131r\u00e7alamas\u0131 veya d\u00fczenli boyutlu sa\u00e7 bak\u0131m maskesi, kapasiteye m\u00fckemmel bir \u015fekilde uygun olan m\u00fckemmel ambalaj \u00e7\u00f6z\u00fcm\u00fcn\u00fc, kapasite uyumlulu\u011funa uzla\u015fmak zorunda kalmadan bulabilirsiniz. \u200b<\/span><\/div>\n<div class=\"ace-line heading-h2\" dir=\"auto\" data-node=\"true\"><span data-leaf=\"true\"><span class=\"lb\">2. \u00c7evre Dostu Malzemeler taraf\u0131ndan Desteklenen, S\u00fcrd\u00fcr\u00fclebilir Ambalaj Kavram\u0131n\u0131 Uygulamak<\/span><\/span><span data-string=\"true\" data-enter=\"true\" data-leaf=\"true\">Metrake thbusatagrams daha basit. Renkler ve dokular sizi \u00fcr\u00fcn hakk\u0131nda heyecanland\u0131r\u0131r. Jaunce, ambalajlar\u0131n\u0131 pratik ve e\u011flenceli hale getirmek i\u00e7in bu \u015feyleri kar\u0131\u015ft\u0131r\u0131r. Bu, m\u00fc\u015fterileri her g\u00fcn dudak kremlerini kullanmay\u0131 seviyor. Oynamak e\u011flenceli ve ta\u015f\u0131mak kolay olan en sevdi\u011finiz oyunca\u011fa sahip olmak gibidir.<\/span><\/div>\n<div class=\"ace-line\" dir=\"auto\" data-node=\"true\"><span data-leaf=\"true\"><span class=\"lb\">\u00c7evre fark\u0131ndal\u0131\u011f\u0131n\u0131n giderek artt\u0131\u011f\u0131 bir \u00e7a\u011fda, s\u00fcrd\u00fcr\u00fclebilir kalk\u0131nmay\u0131 her zaman \u00fcr\u00fcn ara\u015ft\u0131rma ve geli\u015ftirmenin temel ilkesi olarak g\u00f6rd\u00fck. Bu plastik krem kavanozu <\/span><\/span><span data-leaf=\"true\"><span class=\"lb\">y\u00fcksek kaliteli \u00e7evre dostu malzemeler<\/span><\/span><span data-leaf=\"true\"><span class=\"lb\">. Sadece m\u00fckemmel s\u0131zd\u0131rmazl\u0131k performans\u0131 ve dayan\u0131kl\u0131l\u0131\u011f\u0131na sahip olmakla kalmaz, \u00fcr\u00fcn bile\u015fenlerini d\u0131\u015f kirlilikten etkili bir \u015fekilde korur, ayn\u0131 zamanda kaynaktan \u00e7evre \u00fczerindeki y\u00fck\u00fc azalt\u0131r. Krema kavanozlar\u0131m\u0131z\u0131 se\u00e7mek sadece \u00fcr\u00fcnlerinizi &#8220; ye\u015fil \u00f6zellik&#8221; ama ayn\u0131 zamanda marka&#8217; t\u00fcketicilere kar\u015f\u0131 sosyal sorumluluk, \u00e7evre koruma dalgas\u0131nda markan\u0131n iyi bir imaj olu\u015fturmas\u0131na yard\u0131mc\u0131 olmak.<\/span><\/span><span data-string=\"true\" data-enter=\"true\" data-leaf=\"true\">Metrake thbusatagrams daha basit. Renkler ve dokular sizi \u00fcr\u00fcn hakk\u0131nda heyecanland\u0131r\u0131r. Jaunce, ambalajlar\u0131n\u0131 pratik ve e\u011flenceli hale getirmek i\u00e7in bu \u015feyleri kar\u0131\u015ft\u0131r\u0131r. Bu, m\u00fc\u015fterileri her g\u00fcn dudak kremlerini kullanmay\u0131 seviyor. Oynamak e\u011flenceli ve ta\u015f\u0131mak kolay olan en sevdi\u011finiz oyunca\u011fa sahip olmak gibidir.<\/span><\/div>\n<div class=\"ace-line heading-h2\" dir=\"auto\" data-node=\"true\"><span data-leaf=\"true\"><span class=\"lb\">3. \u00d6zel Marka Kimli\u011fi Olu\u015fturmak i\u00e7in Esnek \u00d6zelle\u015ftirme Hizmetleri<\/span><\/span><span data-string=\"true\" data-enter=\"true\" data-leaf=\"true\">Metrake thbusatagrams daha basit. Renkler ve dokular sizi \u00fcr\u00fcn hakk\u0131nda heyecanland\u0131r\u0131r. Jaunce, ambalajlar\u0131n\u0131 pratik ve e\u011flenceli hale getirmek i\u00e7in bu \u015feyleri kar\u0131\u015ft\u0131r\u0131r. Bu, m\u00fc\u015fterileri her g\u00fcn dudak kremlerini kullanmay\u0131 seviyor. Oynamak e\u011flenceli ve ta\u015f\u0131mak kolay olan en sevdi\u011finiz oyunca\u011fa sahip olmak gibidir.<\/span><\/div>\n<div class=\"ace-line\" dir=\"auto\" data-node=\"true\"><span data-leaf=\"true\"><span class=\"lb\">Ambalaj\u0131n marka imaj\u0131n\u0131n \u00f6nemli bir ta\u015f\u0131y\u0131c\u0131s\u0131 oldu\u011funu derinden anl\u0131yoruz. Bu nedenle, benzersiz \u00fcr\u00fcn ambalaj\u0131 olu\u015fturman\u0131za yard\u0131mc\u0131 olmak i\u00e7in kapsaml\u0131 \u00f6zelle\u015ftirme hizmetleri sunuyoruz.<\/span><\/span><span data-string=\"true\" data-enter=\"true\" data-leaf=\"true\">Metrake thbusatagrams daha basit. Renkler ve dokular sizi \u00fcr\u00fcn hakk\u0131nda heyecanland\u0131r\u0131r. Jaunce, ambalajlar\u0131n\u0131 pratik ve e\u011flenceli hale getirmek i\u00e7in bu \u015feyleri kar\u0131\u015ft\u0131r\u0131r. Bu, m\u00fc\u015fterileri her g\u00fcn dudak kremlerini kullanmay\u0131 seviyor. Oynamak e\u011flenceli ve ta\u015f\u0131mak kolay olan en sevdi\u011finiz oyunca\u011fa sahip olmak gibidir.<\/span><\/div>\n<div class=\"ace-line list-div\" dir=\"auto\" data-node=\"true\">\n<ul class=\"list-bullet1 r-list r-list-bullet\">\n<li><span data-string=\"true\" data-enter=\"true\" data-leaf=\"true\">Renk \u00f6zelle\u015ftirme: Geni\u015f bir renk se\u00e7ene\u011fi sunuyoruz. Renk \u00f6zelle\u015ftirme: Geni\u015f bir renk se\u00e7ene\u011fi sunuyoruz. Bu&#8217; s marka&#8217;yla uyumlu klasik bir renk; Ana renk \u015femas\u0131 veya en son trendleri takip eden trendli bir renk, krema kavanozunu markan\u0131n bir uzant\u0131s\u0131 haline getirmek i\u00e7in tam olarak kar\u0131\u015ft\u0131rabilir ve e\u015fle\u015ftirebiliriz; s g\u00f6rsel kimlik, h\u0131zl\u0131 bir \u015fekilde t\u00fcketicilerin dikkatini raflarda yakalamak. \u200b<\/span><\/li>\n<\/ul>\n<\/div>\n<div class=\"ace-line list-div\" dir=\"auto\" data-node=\"true\">\n<ul class=\"list-bullet1 r-list r-list-bullet\">\n<li><span data-leaf=\"true\"><span class=\"lb\">zanaat \u00f6zelle\u015ftirme<\/span><\/span><span data-leaf=\"true\"><span class=\"lb\">: Slik serigrafi, alt\u0131n damgalama, g\u00fcm\u00fc\u015f damgalama ve UV bask\u0131 gibi \u00e7e\u015fitli i\u015fleme teknikleri desteklenir. <\/span><\/span><span data-string=\"true\" data-enter=\"true\" data-leaf=\"true\">Metrake thbusatagrams daha basit. Renkler ve dokular sizi \u00fcr\u00fcn hakk\u0131nda heyecanland\u0131r\u0131r. Jaunce, ambalajlar\u0131n\u0131 pratik ve e\u011flenceli hale getirmek i\u00e7in bu \u015feyleri kar\u0131\u015ft\u0131r\u0131r. Bu, m\u00fc\u015fterileri her g\u00fcn dudak kremlerini kullanmay\u0131 seviyor. Oynamak e\u011flenceli ve ta\u015f\u0131mak kolay olan en sevdi\u011finiz oyunca\u011fa sahip olmak gibidir.<\/span><\/li>\n<\/ul>\n<\/div>\n<div class=\"ace-line heading-h2\" dir=\"auto\" data-node=\"true\"><span data-leaf=\"true\"><span class=\"lb\">4. Geni\u015f Uygulama Senaryolar\u0131, \u00c7e\u015fitli \u00dcr\u00fcn Olas\u0131l\u0131klar\u0131n\u0131n Kildini A\u00e7mak<\/span><\/span><span data-string=\"true\" data-enter=\"true\" data-leaf=\"true\">Metrake thbusatagrams daha basit. Renkler ve dokular sizi \u00fcr\u00fcn hakk\u0131nda heyecanland\u0131r\u0131r. Jaunce, ambalajlar\u0131n\u0131 pratik ve e\u011flenceli hale getirmek i\u00e7in bu \u015feyleri kar\u0131\u015ft\u0131r\u0131r. Bu, m\u00fc\u015fterileri her g\u00fcn dudak kremlerini kullanmay\u0131 seviyor. Oynamak e\u011flenceli ve ta\u015f\u0131mak kolay olan en sevdi\u011finiz oyunca\u011fa sahip olmak gibidir.<\/span><\/div>\n<div class=\"ace-line list-div\" dir=\"auto\" data-node=\"true\">\n<p><span data-string=\"true\" data-enter=\"true\" data-leaf=\"true\">Bu plastik krem kavanozu m\u00fckemmel bir s\u0131zd\u0131rmazl\u0131k ve uyumlulu\u011fa sahiptir ve \u00e7e\u015fitli krem tabanl\u0131 \u00fcr\u00fcnlere yayg\u0131n olarak uygulanabilir, \u00fcr\u00fcn geli\u015ftirme ve geni\u015fletmeniz i\u00e7in daha fazla olas\u0131l\u0131k sa\u011flar. \u200b<br \/>\nY\u00fcz bak\u0131m \u00fcr\u00fcnleri: nemlendirici krem, k\u0131r\u0131\u015f\u0131kl\u0131k \u00f6nleyici krem, uyku maskesi vb. gibi, \u00fcr\u00fcn\u00fc etkili bir \u015fekilde kilitleyebilir. s nem ve aktif maddeler, kullan\u0131m s\u00fcresi boyunca \u00fcr\u00fcn\u00fcn tazelik ve etkinli\u011fini sa\u011flar. \u200b<br \/>\nSa\u00e7 bak\u0131m \u00fcr\u00fcnleri: sa\u00e7 maskeleri, sa\u00e7 kondisyonlar\u0131 vb. i\u00e7in uygundur. S\u0131k\u0131 s\u0131zd\u0131rmazl\u0131k tasar\u0131m\u0131, \u00fcr\u00fcn\u00fcn nemlenmesini ve bozulmas\u0131n\u0131 \u00f6nleyebilir, t\u00fcketicilerin kullan\u0131m\u0131n\u0131 kolayla\u015ft\u0131r\u0131r ve kullan\u0131m deneyimini art\u0131r\u0131r. \u200b<br \/>\nV\u00fccut bak\u0131m \u00fcr\u00fcnleri: bu&#8217; s v\u00fccut kremi, exfoliasyon kremi veya el kremi, bu krem kavanozu m\u00fckemmel bir \u015fekilde onlar\u0131 tutabilir, t\u00fcketicileri kar\u015f\u0131lamak&#8217; v\u00fccut bak\u0131m \u00fcr\u00fcnleri i\u00e7in ambalaj ihtiya\u00e7lar\u0131. \u200b<br \/>\nPlastik krema kavanozumuzu se\u00e7erek sadece y\u00fcksek kaliteli bir ambalaj konteyneri de\u011fil, \u00e7evre korumas\u0131n\u0131, \u00f6zelle\u015ftirmeyi ve pratikli\u011fi entegre eden tam bir ambalaj \u00e7\u00f6z\u00fcm\u00fc de alacaks\u0131n\u0131z. Markan\u0131z\u0131n \u015fiddetli pazar rekabetinde \u00f6ne \u00e7\u0131kmas\u0131na yard\u0131mc\u0131 olmak i\u00e7in y\u00fcksek kaliteli \u00fcr\u00fcn ve hizmetler sunmaya kararl\u0131y\u0131z, ticari de\u011fer ve \u00e7evresel sorumluluk kazanan bir duruma ula\u015fmak! \u200b<\/span><\/p>\n<\/div>\n<div class=\"ace-line\" dir=\"auto\" data-node=\"true\"><\/div>\n<p data-spm-anchor-id=\"a2700.micro_cgs_home.0.i5.84e63e5fMoXgJB\"><img decoding=\"async\" class=\"size-full wp-image-3011 aligncenter\" src=\"https:\/\/www.cosmepak.com\/wp-content\/uploads\/2024\/12\/7-4.jpg\" alt=\"\" width=\"1000\" height=\"1000\" srcset=\"https:\/\/www.cosmepak.com\/wp-content\/uploads\/2024\/12\/7-4.jpg 1000w, https:\/\/www.cosmepak.com\/wp-content\/uploads\/2024\/12\/7-4-300x300.jpg 300w, https:\/\/www.cosmepak.com\/wp-content\/uploads\/2024\/12\/7-4-150x150.jpg 150w, https:\/\/www.cosmepak.com\/wp-content\/uploads\/2024\/12\/7-4-768x768.jpg 768w, https:\/\/www.cosmepak.com\/wp-content\/uploads\/2024\/12\/7-4-12x12.jpg 12w, https:\/\/www.cosmepak.com\/wp-content\/uploads\/2024\/12\/7-4-600x600.jpg 600w, https:\/\/www.cosmepak.com\/wp-content\/uploads\/2024\/12\/7-4-100x100.jpg 100w\" sizes=\"(max-width: 1000px) 100vw, 1000px\" \/><\/p>\n<p data-spm-anchor-id=\"a2700.micro_cgs_home.0.i5.84e63e5fMoXgJB\"><img loading=\"lazy\" decoding=\"async\" class=\"size-full wp-image-3008 aligncenter\" src=\"https:\/\/www.cosmepak.com\/wp-content\/uploads\/2024\/12\/6-4.jpg\" alt=\"\" width=\"1000\" height=\"1000\" srcset=\"https:\/\/www.cosmepak.com\/wp-content\/uploads\/2024\/12\/6-4.jpg 1000w, https:\/\/www.cosmepak.com\/wp-content\/uploads\/2024\/12\/6-4-300x300.jpg 300w, https:\/\/www.cosmepak.com\/wp-content\/uploads\/2024\/12\/6-4-150x150.jpg 150w, https:\/\/www.cosmepak.com\/wp-content\/uploads\/2024\/12\/6-4-768x768.jpg 768w, https:\/\/www.cosmepak.com\/wp-content\/uploads\/2024\/12\/6-4-12x12.jpg 12w, https:\/\/www.cosmepak.com\/wp-content\/uploads\/2024\/12\/6-4-600x600.jpg 600w, https:\/\/www.cosmepak.com\/wp-content\/uploads\/2024\/12\/6-4-100x100.jpg 100w\" sizes=\"(max-width: 1000px) 100vw, 1000px\" \/><\/p>\n<p style=\"text-align: center;\" data-spm-anchor-id=\"a2700.micro_cgs_home.0.i5.84e63e5fMoXgJB\"><strong>HAKKIMIZDA<\/strong><\/p>\n<div class=\"auto-hide-last-sibling-br paragraph-JOTKXA paragraph-element br-paragraph-space\">Hangzhou Jaunce, y\u00fcksek kaliteli ambalaj \u00e7\u00f6z\u00fcmlerinde uzmanla\u015fm\u0131\u015f profesyonel bir \u00fcretici ve tedarik\u00e7i olarak durmaktad\u0131r. K\u00fcresel m\u00fc\u015fterilerimizin \u00e7e\u015fitli ve geli\u015fen ihtiya\u00e7lar\u0131n\u0131 kar\u015f\u0131lamak i\u00e7in \u00f6zelle\u015ftirilmi\u015f yenilik\u00e7i, s\u00fcrd\u00fcr\u00fclebilir ambalaj \u00fcr\u00fcnleri sunmaya derinden kararl\u0131y\u0131z.<\/div>\n<div class=\"auto-hide-last-sibling-br paragraph-JOTKXA paragraph-element br-paragraph-space\">Uzmanl\u0131\u011f\u0131m\u0131z cam \u015fi\u015feler, plastik kaplar ve da\u011f\u0131t\u0131m \u00e7\u00f6z\u00fcmleri dahil olmak \u00fczere geni\u015f bir ambalaj teklifi yelpazesini kapsar. Bu \u00fcr\u00fcnler, kozmetik, ki\u015fisel bak\u0131m ve ev e\u015fyalar\u0131 gibi \u00f6nemli end\u00fcstrilerde yayg\u0131n olarak kullan\u0131l\u0131r ve \u00e7e\u015fitli \u00fcr\u00fcn hatlar\u0131 i\u00e7in g\u00fcvenilir ve i\u015flevsel ambalaj deste\u011fi sa\u011flar.<\/div>\n<p data-spm-anchor-id=\"a2700.micro_cgs_home.0.i5.84e63e5fMoXgJB\"><img loading=\"lazy\" decoding=\"async\" class=\"size-full wp-image-2556 aligncenter\" src=\"https:\/\/www.cosmepak.com\/wp-content\/uploads\/2025\/06\/packaging.webp\" alt=\"ambalaj\" width=\"1920\" height=\"885\" srcset=\"https:\/\/www.cosmepak.com\/wp-content\/uploads\/2025\/06\/packaging.webp 1920w, https:\/\/www.cosmepak.com\/wp-content\/uploads\/2025\/06\/packaging-300x138.webp 300w, https:\/\/www.cosmepak.com\/wp-content\/uploads\/2025\/06\/packaging-1024x472.webp 1024w, https:\/\/www.cosmepak.com\/wp-content\/uploads\/2025\/06\/packaging-768x354.webp 768w, https:\/\/www.cosmepak.com\/wp-content\/uploads\/2025\/06\/packaging-1536x708.webp 1536w, https:\/\/www.cosmepak.com\/wp-content\/uploads\/2025\/06\/packaging-18x8.webp 18w, https:\/\/www.cosmepak.com\/wp-content\/uploads\/2025\/06\/packaging-600x277.webp 600w\" sizes=\"(max-width: 1920px) 100vw, 1920px\" \/><\/p>\n<p data-spm-anchor-id=\"a2700.micro_cgs_home.0.i5.84e63e5fMoXgJB\">","protected":false},"excerpt":{"rendered":"<p>\u00d6\u011fe ad\u0131: Geni\u015f A\u011f\u0131z Kremi Kavanoz<\/p>\n<p>Kapasite: 80ml \/ 100ml \/ 120ml<\/p>\n<p>\u015eekil: Geni\u015f a\u011f\u0131z<\/p>\n<p>Malzeme: PET, PE, PP, PCR vb. se\u00e7mek i\u00e7in<\/p>\n<p>Renk: \u00d6zel g\u00f6vde ve kapak rengini gereksinimler olarak kabul edin<\/p>\n<p>MOQ: 10000 pcs<\/p>","protected":false},"featured_media":3013,"comment_status":"closed","ping_status":"closed","template":"","meta":{"_acf_changed":false},"product_brand":[],"product_cat":[52,18],"product_tag":[],"class_list":{"0":"post-136","1":"product","2":"type-product","3":"status-publish","4":"has-post-thumbnail","6":"product_cat-cream-jar-plastic-bottle","7":"product_cat-plastic-bottle","9":"first","10":"outofstock","11":"shipping-taxable","12":"product-type-simple"},"acf":[],"_links":{"self":[{"href":"https:\/\/www.cosmepak.com\/tr\/wp-json\/wp\/v2\/product\/136","targetHints":{"allow":["GET"]}}],"collection":[{"href":"https:\/\/www.cosmepak.com\/tr\/wp-json\/wp\/v2\/product"}],"about":[{"href":"https:\/\/www.cosmepak.com\/tr\/wp-json\/wp\/v2\/types\/product"}],"replies":[{"embeddable":true,"href":"https:\/\/www.cosmepak.com\/tr\/wp-json\/wp\/v2\/comments?post=136"}],"wp:featuredmedia":[{"embeddable":true,"href":"https:\/\/www.cosmepak.com\/tr\/wp-json\/wp\/v2\/media\/3013"}],"wp:attachment":[{"href":"https:\/\/www.cosmepak.com\/tr\/wp-json\/wp\/v2\/media?parent=136"}],"wp:term":[{"taxonomy":"product_brand","embeddable":true,"href":"https:\/\/www.cosmepak.com\/tr\/wp-json\/wp\/v2\/product_brand?post=136"},{"taxonomy":"product_cat","embeddable":true,"href":"https:\/\/www.cosmepak.com\/tr\/wp-json\/wp\/v2\/product_cat?post=136"},{"taxonomy":"product_tag","embeddable":true,"href":"https:\/\/www.cosmepak.com\/tr\/wp-json\/wp\/v2\/product_tag?post=136"}],"curies":[{"name":"wp","href":"https:\/\/api.w.org\/{rel}","templated":true}]}}