{"id":1387,"date":"2025-03-26T15:00:48","date_gmt":"2025-03-26T07:00:48","guid":{"rendered":"https:\/\/www.cosmepak.com\/?post_type=product&#038;p=1387"},"modified":"2025-09-09T16:41:29","modified_gmt":"2025-09-09T08:41:29","slug":"lipglosstube-1","status":"publish","type":"product","link":"https:\/\/www.cosmepak.com\/tr\/product\/lipglosstube-1\/","title":{"rendered":"Dudak Parlat\u0131c\u0131 T\u00fcp-3.5g Dudak \u00c7ubu\u011fu ABS Gradyan Renkli Ruj \/Jaunce"},"content":{"rendered":"<table style=\"border-collapse: collapse; width: 100%; height: 240px;\">\n<tbody>\n<tr style=\"height: 24px;\">\n<td style=\"width: 24.7995%; height: 24px;\">Marka<\/td>\n<td style=\"width: 75.2005%; height: 24px;\">\u00a0Fahi\u015fe<\/td>\n<\/tr>\n<tr style=\"height: 24px;\">\n<td style=\"width: 24.7995%; height: 24px;\">Kapasite<\/td>\n<td style=\"width: 75.2005%; height: 24px;\">3.5g<\/td>\n<\/tr>\n<tr style=\"height: 24px;\">\n<td style=\"width: 24.7995%; height: 24px;\">\u015eekil<\/td>\n<td style=\"width: 75.2005%; height: 24px;\">Yuvarlak<\/td>\n<\/tr>\n<tr style=\"height: 24px;\">\n<td style=\"width: 24.7995%; height: 24px;\">Boyut<\/td>\n<td style=\"width: 75.2005%; height: 24px;\">22*77.5mm<\/td>\n<\/tr>\n<tr style=\"height: 24px;\">\n<td style=\"width: 24.7995%; height: 24px;\">A\u011f\u0131rl\u0131k<\/td>\n<td style=\"width: 75.2005%; height: 24px;\">22G<\/td>\n<\/tr>\n<tr style=\"height: 24px;\">\n<td style=\"width: 24.7995%; height: 24px;\">Uydurma<\/td>\n<td style=\"width: 75.2005%; height: 24px;\">\u00a0Kapak<\/td>\n<\/tr>\n<tr style=\"height: 24px;\">\n<td style=\"width: 24.7995%; height: 24px;\">Model<\/td>\n<td style=\"width: 75.2005%; height: 24px;\">JH-JZ-3331<\/td>\n<\/tr>\n<tr style=\"height: 24px;\">\n<td style=\"width: 24.7995%; height: 24px;\">OEM ve ODM<\/td>\n<td style=\"width: 75.2005%; height: 24px;\">Kabul etmek<\/td>\n<\/tr>\n<tr style=\"height: 24px;\">\n<td style=\"width: 24.7995%; height: 24px;\">Renk<\/td>\n<td style=\"width: 75.2005%; height: 24px;\">\u00d6zelle\u015ftirilmi\u015f<\/td>\n<\/tr>\n<tr style=\"height: 24px;\">\n<td style=\"width: 24.7995%; height: 24px;\">Moq<\/td>\n<td style=\"width: 75.2005%; height: 24px;\">10000 pcs<\/td>\n<\/tr>\n<\/tbody>\n<\/table>\n<p>&nbsp;<\/p>\n<p><img fetchpriority=\"high\" decoding=\"async\" class=\"alignnone wp-image-1390\" src=\"https:\/\/www.cosmepak.com\/wp-content\/uploads\/2025\/03\/photobank-2-1.png\" alt=\"\" width=\"1417\" height=\"1455\" srcset=\"https:\/\/www.cosmepak.com\/wp-content\/uploads\/2025\/03\/photobank-2-1.png 701w, https:\/\/www.cosmepak.com\/wp-content\/uploads\/2025\/03\/photobank-2-1-292x300.png 292w, https:\/\/www.cosmepak.com\/wp-content\/uploads\/2025\/03\/photobank-2-1-600x616.png 600w\" sizes=\"(max-width: 1417px) 100vw, 1417px\" \/><img decoding=\"async\" class=\"alignnone wp-image-1391\" src=\"https:\/\/www.cosmepak.com\/wp-content\/uploads\/2025\/03\/photobank-3-1.png\" alt=\"\" width=\"1385\" height=\"1385\" srcset=\"https:\/\/www.cosmepak.com\/wp-content\/uploads\/2025\/03\/photobank-3-1.png 701w, https:\/\/www.cosmepak.com\/wp-content\/uploads\/2025\/03\/photobank-3-1-300x300.png 300w, https:\/\/www.cosmepak.com\/wp-content\/uploads\/2025\/03\/photobank-3-1-150x150.png 150w, https:\/\/www.cosmepak.com\/wp-content\/uploads\/2025\/03\/photobank-3-1-600x600.png 600w, https:\/\/www.cosmepak.com\/wp-content\/uploads\/2025\/03\/photobank-3-1-100x100.png 100w\" sizes=\"(max-width: 1385px) 100vw, 1385px\" \/><img decoding=\"async\" class=\"alignnone wp-image-1392\" src=\"https:\/\/www.cosmepak.com\/wp-content\/uploads\/2025\/03\/photobank-4-1.png\" alt=\"\" width=\"1394\" height=\"1396\" srcset=\"https:\/\/www.cosmepak.com\/wp-content\/uploads\/2025\/03\/photobank-4-1.png 700w, https:\/\/www.cosmepak.com\/wp-content\/uploads\/2025\/03\/photobank-4-1-300x300.png 300w, https:\/\/www.cosmepak.com\/wp-content\/uploads\/2025\/03\/photobank-4-1-150x150.png 150w, https:\/\/www.cosmepak.com\/wp-content\/uploads\/2025\/03\/photobank-4-1-600x601.png 600w, https:\/\/www.cosmepak.com\/wp-content\/uploads\/2025\/03\/photobank-4-1-100x100.png 100w\" sizes=\"(max-width: 1394px) 100vw, 1394px\" \/><img loading=\"lazy\" decoding=\"async\" class=\"alignnone wp-image-1393\" src=\"https:\/\/www.cosmepak.com\/wp-content\/uploads\/2025\/03\/photobank-1-1.png\" alt=\"\" width=\"1387\" height=\"1387\" srcset=\"https:\/\/www.cosmepak.com\/wp-content\/uploads\/2025\/03\/photobank-1-1.png 699w, https:\/\/www.cosmepak.com\/wp-content\/uploads\/2025\/03\/photobank-1-1-300x300.png 300w, https:\/\/www.cosmepak.com\/wp-content\/uploads\/2025\/03\/photobank-1-1-150x150.png 150w, https:\/\/www.cosmepak.com\/wp-content\/uploads\/2025\/03\/photobank-1-1-600x600.png 600w, https:\/\/www.cosmepak.com\/wp-content\/uploads\/2025\/03\/photobank-1-1-100x100.png 100w\" sizes=\"(max-width: 1387px) 100vw, 1387px\" \/><\/p>\n<p><img loading=\"lazy\" decoding=\"async\" class=\"alignnone wp-image-1343 size-full\" src=\"https:\/\/www.cosmepak.com\/wp-content\/uploads\/2024\/12\/\u5fae\u4fe1\u56fe\u7247_20250213141726.jpg\" alt=\"\" width=\"1920\" height=\"919\" srcset=\"https:\/\/www.cosmepak.com\/wp-content\/uploads\/2024\/12\/\u5fae\u4fe1\u56fe\u7247_20250213141726.jpg 1920w, https:\/\/www.cosmepak.com\/wp-content\/uploads\/2024\/12\/\u5fae\u4fe1\u56fe\u7247_20250213141726-300x144.jpg 300w, https:\/\/www.cosmepak.com\/wp-content\/uploads\/2024\/12\/\u5fae\u4fe1\u56fe\u7247_20250213141726-1024x490.jpg 1024w, https:\/\/www.cosmepak.com\/wp-content\/uploads\/2024\/12\/\u5fae\u4fe1\u56fe\u7247_20250213141726-768x368.jpg 768w, https:\/\/www.cosmepak.com\/wp-content\/uploads\/2024\/12\/\u5fae\u4fe1\u56fe\u7247_20250213141726-1536x735.jpg 1536w, https:\/\/www.cosmepak.com\/wp-content\/uploads\/2024\/12\/\u5fae\u4fe1\u56fe\u7247_20250213141726-600x287.jpg 600w\" sizes=\"(max-width: 1920px) 100vw, 1920px\" \/><\/p>\n<h3 id=\"the-evolution-of-lipstick-packaging-the-smoky-gradient-purple-round-tube\" class=\"ai-center-markdown-h3\" data-spm-anchor-id=\"a2700.micro_cgs_home.0.i20.6e743e5ftETPZu\">Ruj Ambalaj\u0131n\u0131n Evrimi: Dumanl\u0131 Gradyan Mor Yuvarlak T\u00fcp<\/h3>\n<p class=\"ai-center-markdown-p\">Kozmetik d\u00fcnyas\u0131nda, bir \u00fcr\u00fcn\u00fcn ambalaj\u0131 \u00fcr\u00fcn\u00fcn kendisi kadar \u00f6nemlidir. \u00c7e\u015fitli ambalaj yenilikleri aras\u0131nda, 12.1mm ruj i\u00e7in bir pres ve yay mekanizmas\u0131 olan dumanl\u0131 gradiyent mor yuvarlak t\u00fcp \u00f6ne \u00e7\u0131kar. Bu makale, bu benzersiz ruj ambalaj\u0131n\u0131n \u00f6zelliklerini ve faydalar\u0131n\u0131 ara\u015ft\u0131rmaktad\u0131r.<\/p>\n<h4 id=\"1-aesthetics-and-design\" class=\"ai-center-markdown-h4\">1.\u00a0<strong class=\"ai-center-markdown-strong\">Estetik ve Tasar\u0131m<\/strong><\/h4>\n<p class=\"ai-center-markdown-p\">Dumanl\u0131 gradiyent mor yuvarlak t\u00fcp g\u00f6rsel bir zevktir. Derin mor renkten daha hafif bir g\u00f6lgeye ge\u00e7en e\u011filim etkisi, sadece g\u00f6z\u00fc yakalamakla kalmaz, ayn\u0131 zamanda l\u00fcks ve sofistike bir duygu da yay\u0131yor. Bu tasar\u0131m makyaj \u00fcr\u00fcnlerinde zariflik ve tarz\u0131 takdir eden t\u00fcketicilere hitap ediyor.<\/p>\n<h4 id=\"2-functionality-and-convenience\" class=\"ai-center-markdown-h4\">2.\u00a0<strong class=\"ai-center-markdown-strong\">\u0130\u015flevlilik ve Kolayl\u0131k<\/strong><\/h4>\n<p class=\"ai-center-markdown-p\">Pres ve yay mekanizmas\u0131 ruj ambalaj\u0131nda oyun de\u011fi\u015ftiricisidir. Geleneksel b\u00fck\u00fclme borular\u0131ndan farkl\u0131 olarak, bu yenilik\u00e7i tasar\u0131m kolay ve sorunsuz \u00e7al\u0131\u015fmay\u0131 sa\u011flar. Basit bir bas\u0131n a\u00e7\u0131klamas\u0131 ruj, kullan\u0131c\u0131lar\u0131n favori renklerini uygulamalar\u0131n\u0131 daha kolay hale getirir. Yay mekanizmas\u0131 ruj\u0131n g\u00fcvenli bir \u015fekilde geri \u00e7ekilmesini sa\u011flar, tesad\u00fcfen lekeler ve k\u0131r\u0131lmalar\u0131 \u00f6nler.<\/p>\n<h4 id=\"3-durability-and-protection\" class=\"ai-center-markdown-h4\">3.\u00a0<strong class=\"ai-center-markdown-strong\">Dayan\u0131kl\u0131l\u0131k ve Koruma<\/strong><\/h4>\n<p class=\"ai-center-markdown-p\">Yuvarlak t\u00fcp tasar\u0131m\u0131 ruj i\u00e7in sa\u011flam bir koruma sa\u011flar. Y\u00fcksek kaliteli malzemelerden yap\u0131lm\u0131\u015f, \u00e7atlaklara ve k\u0131r\u0131lmalara dayan\u0131kl\u0131d\u0131r ve \u00fcr\u00fcn\u00fcn \u00e7antada ta\u015f\u0131nd\u0131\u011f\u0131nda bile bozuk kalmas\u0131n\u0131 sa\u011flar. G\u00fcvenli pres ve yay mekanizmas\u0131, ruj\u0131n d\u0131\u015f unsurlardan korunmas\u0131n\u0131 ve zamanla kalitesini korumas\u0131n\u0131 sa\u011flar.<\/p>\n<h4 id=\"4-user-experience\" class=\"ai-center-markdown-h4\">4.\u00a0<strong class=\"ai-center-markdown-strong\">Kullan\u0131c\u0131 Deneyimi<\/strong><\/h4>\n<p class=\"ai-center-markdown-p\">G\u00fcn\u00fcm\u00fczde t\u00fcketiciler \u00fcst\u00fcn bir kullan\u0131c\u0131 deneyimi sunan \u00fcr\u00fcnleri ar\u0131yorlar. Dumanl\u0131 gradiyent mor yuvarlak t\u00fcp bu \u00f6nde teslim eder. Ergonomik tasar\u0131m\u0131 elinde rahat bir \u015fekilde uyuyor ve p\u00fcr\u00fczs\u00fcz pres mekanizmas\u0131 geleneksel ruj uygulama s\u00fcrecine bir modern dokunu\u015f ekler. Kullan\u0131c\u0131lar her \u00fcr\u00fcn\u00fc kulland\u0131klar\u0131nda sorunsuz ve keyifli bir deneyimin tad\u0131n\u0131 \u00e7\u0131karabilirler.<\/p>\n<h4 id=\"5-market-appeal\" class=\"ai-center-markdown-h4\">5.\u00a0<strong class=\"ai-center-markdown-strong\">Pazar Temyizi<\/strong><\/h4>\n<p class=\"ai-center-markdown-p\">Rekabet\u00e7i bir pazarda, benzersiz ambalaj bir \u00fcr\u00fcn\u00fc ay\u0131rabilir. Bas\u0131n ve yay mekanizmas\u0131 ile dumanl\u0131 gradiyent mor yuvarlak t\u00fcp, gen\u00e7 yeti\u015fkinlerden olgun kad\u0131nlara kadar geni\u015f bir t\u00fcketici yelpazesine hitap eder. \u015e\u0131k g\u00f6r\u00fcn\u00fcm\u00fc ve pratik i\u015flevselli\u011fi, makyaj koleksiyonlar\u0131na bir dokunu\u015f zariflik eklemek isteyenler i\u00e7in \u00e7ekici bir se\u00e7im haline getirir.<\/p>\n<h3 id=\"conclusion\" class=\"ai-center-markdown-h3\">Sonu\u00e7<\/h3>\n<p class=\"ai-center-markdown-p\">12.1mm ruj i\u00e7in pres ve yay mekanizmas\u0131 olan dumanl\u0131 gradiyent mor yuvarlak t\u00fcp, estetik, i\u015flevsellik ve dayan\u0131kl\u0131l\u0131\u011f\u0131n m\u00fckemmel bir kar\u0131\u015f\u0131m\u0131n\u0131 temsil eder. \u00dcr\u00fcn i\u00e7in sa\u011flam koruma sa\u011flarken kullan\u0131c\u0131 deneyimini geli\u015ftirir. Kozmetik end\u00fcstrisi geli\u015fmeye devam ettik\u00e7e, bu gibi yenilik\u00e7i ambalaj \u00e7\u00f6z\u00fcmleri \u015f\u00fcphesiz t\u00fcketici ilgisini yakalamada ve sat\u0131\u015flar\u0131 art\u0131rmada \u00f6nemli bir rol oynayacakt\u0131r.<\/p>\n<p><img loading=\"lazy\" decoding=\"async\" class=\"alignnone size-full wp-image-1347\" src=\"https:\/\/www.cosmepak.com\/wp-content\/uploads\/2024\/12\/\u9996\u987519202_03.jpg\" alt=\"\" width=\"1920\" height=\"885\" srcset=\"https:\/\/www.cosmepak.com\/wp-content\/uploads\/2024\/12\/\u9996\u987519202_03.jpg 1920w, https:\/\/www.cosmepak.com\/wp-content\/uploads\/2024\/12\/\u9996\u987519202_03-300x138.jpg 300w, https:\/\/www.cosmepak.com\/wp-content\/uploads\/2024\/12\/\u9996\u987519202_03-1024x472.jpg 1024w, https:\/\/www.cosmepak.com\/wp-content\/uploads\/2024\/12\/\u9996\u987519202_03-768x354.jpg 768w, https:\/\/www.cosmepak.com\/wp-content\/uploads\/2024\/12\/\u9996\u987519202_03-1536x708.jpg 1536w, https:\/\/www.cosmepak.com\/wp-content\/uploads\/2024\/12\/\u9996\u987519202_03-600x277.jpg 600w\" sizes=\"(max-width: 1920px) 100vw, 1920px\" \/> <img loading=\"lazy\" decoding=\"async\" class=\"alignnone size-full wp-image-1348\" src=\"https:\/\/www.cosmepak.com\/wp-content\/uploads\/2024\/12\/\u9996\u987519202_04.jpg\" alt=\"\" width=\"1920\" height=\"694\" srcset=\"https:\/\/www.cosmepak.com\/wp-content\/uploads\/2024\/12\/\u9996\u987519202_04.jpg 1920w, https:\/\/www.cosmepak.com\/wp-content\/uploads\/2024\/12\/\u9996\u987519202_04-300x108.jpg 300w, https:\/\/www.cosmepak.com\/wp-content\/uploads\/2024\/12\/\u9996\u987519202_04-1024x370.jpg 1024w, https:\/\/www.cosmepak.com\/wp-content\/uploads\/2024\/12\/\u9996\u987519202_04-768x278.jpg 768w, https:\/\/www.cosmepak.com\/wp-content\/uploads\/2024\/12\/\u9996\u987519202_04-1536x555.jpg 1536w, https:\/\/www.cosmepak.com\/wp-content\/uploads\/2024\/12\/\u9996\u987519202_04-600x217.jpg 600w\" sizes=\"(max-width: 1920px) 100vw, 1920px\" \/><\/p>\n<p><img loading=\"lazy\" decoding=\"async\" class=\"alignnone size-full wp-image-1350\" src=\"https:\/\/www.cosmepak.com\/wp-content\/uploads\/2024\/12\/\u9996\u987519202_05-1.jpg\" alt=\"\" width=\"1920\" height=\"970\" srcset=\"https:\/\/www.cosmepak.com\/wp-content\/uploads\/2024\/12\/\u9996\u987519202_05-1.jpg 1920w, https:\/\/www.cosmepak.com\/wp-content\/uploads\/2024\/12\/\u9996\u987519202_05-1-300x152.jpg 300w, https:\/\/www.cosmepak.com\/wp-content\/uploads\/2024\/12\/\u9996\u987519202_05-1-1024x517.jpg 1024w, https:\/\/www.cosmepak.com\/wp-content\/uploads\/2024\/12\/\u9996\u987519202_05-1-768x388.jpg 768w, https:\/\/www.cosmepak.com\/wp-content\/uploads\/2024\/12\/\u9996\u987519202_05-1-1536x776.jpg 1536w, https:\/\/www.cosmepak.com\/wp-content\/uploads\/2024\/12\/\u9996\u987519202_05-1-600x303.jpg 600w\" sizes=\"(max-width: 1920px) 100vw, 1920px\" \/><\/p>\n<p><img loading=\"lazy\" decoding=\"async\" class=\"alignnone wp-image-1351\" src=\"https:\/\/www.cosmepak.com\/wp-content\/uploads\/2024\/12\/\u7269\u6d41\u8fd0\u8f93\u753b\u9762-2.jpg\" alt=\"\" width=\"1424\" height=\"1068\" srcset=\"https:\/\/www.cosmepak.com\/wp-content\/uploads\/2024\/12\/\u7269\u6d41\u8fd0\u8f93\u753b\u9762-2.jpg 800w, https:\/\/www.cosmepak.com\/wp-content\/uploads\/2024\/12\/\u7269\u6d41\u8fd0\u8f93\u753b\u9762-2-300x225.jpg 300w, https:\/\/www.cosmepak.com\/wp-content\/uploads\/2024\/12\/\u7269\u6d41\u8fd0\u8f93\u753b\u9762-2-768x576.jpg 768w, https:\/\/www.cosmepak.com\/wp-content\/uploads\/2024\/12\/\u7269\u6d41\u8fd0\u8f93\u753b\u9762-2-600x450.jpg 600w\" sizes=\"(max-width: 1424px) 100vw, 1424px\" \/><\/p>\n<table style=\"border-collapse: collapse; width: 100%; height: 144px;\">\n<tbody>\n<tr style=\"height: 24px;\">\n<td style=\"width: 33.3333%; text-align: center; height: 24px;\"><span style=\"font-size: 14pt;\"><strong>\u0130fade etmek<\/strong><\/span><\/td>\n<td style=\"width: 33.3333%; text-align: center; height: 24px;\"><span style=\"font-size: 14pt;\"><strong>Hava y\u00fck\u00fc<\/strong><\/span><\/td>\n<td style=\"width: 33.3333%; text-align: center; height: 24px;\"><span style=\"font-size: 14pt;\"><strong>Deniz ta\u015f\u0131mac\u0131l\u0131\u011f\u0131<\/strong><\/span><\/td>\n<\/tr>\n<tr style=\"height: 24px;\">\n<td style=\"width: 33.3333%; text-align: center; height: 24px;\">Avrupa 4-6 g\u00fcn<\/td>\n<td style=\"width: 33.3333%; text-align: center; height: 24px;\">Avrupa 4-6 g\u00fcn<\/td>\n<td style=\"width: 33.3333%; text-align: center; height: 24px;\">Avrupa 25-35 g\u00fcn<\/td>\n<\/tr>\n<tr style=\"height: 24px;\">\n<td style=\"width: 33.3333%; text-align: center; height: 24px;\">Morth America 4-6 g\u00fcn<\/td>\n<td style=\"width: 33.3333%; text-align: center; height: 24px;\">Morth America 4-6 g\u00fcn<\/td>\n<td style=\"width: 33.3333%; text-align: center; height: 24px;\">Morth America 25-35 g\u00fcn<\/td>\n<\/tr>\n<tr style=\"height: 24px;\">\n<td style=\"width: 33.3333%; text-align: center; height: 24px;\">G\u00fcney Do\u011fu Asya 3-5 g\u00fcn<\/td>\n<td style=\"width: 33.3333%; text-align: center; height: 24px;\">G\u00fcney Do\u011fu Asya 3-5 g\u00fcn<\/td>\n<td style=\"width: 33.3333%; text-align: center; height: 24px;\">G\u00fcney Do\u011fu Asya 25-35 g\u00fcn<\/td>\n<\/tr>\n<tr style=\"height: 24px;\">\n<td style=\"width: 33.3333%; text-align: center; height: 24px;\">Orta Do\u011fu 4-6 g\u00fcn<\/td>\n<td style=\"width: 33.3333%; text-align: center; height: 24px;\">Orta Do\u011fu 4-6 g\u00fcn<\/td>\n<td style=\"width: 33.3333%; text-align: center; height: 24px;\">Orta Do\u011fu 25-35 g\u00fcn<\/td>\n<\/tr>\n<tr style=\"height: 24px;\">\n<td style=\"width: 33.3333%; text-align: center; height: 24px;\">G\u00fcney Afrika 5-8 g\u00fcn<\/td>\n<td style=\"width: 33.3333%; text-align: center; height: 24px;\">G\u00fcney Afrika 5-8 g\u00fcn<\/td>\n<td style=\"width: 33.3333%; text-align: center; height: 24px;\">G\u00fcney Afrika 25-35 g\u00fcn<\/td>\n<\/tr>\n<\/tbody>\n<\/table>\n<p><span style=\"font-size: 14pt;\"><strong>RFQ:\u00a0<\/strong><\/span><\/p>\n<p><span data-spm-anchor-id=\"a2700.pc-decorate.0.i3.75883333L8yZVb\">1. Neden bizden di\u011fer tedarik\u00e7ilerden de\u011fil sat\u0131n almal\u0131s\u0131n\u0131z?<br \/>\n\u2460 3 dakika sizin i\u00e7in tasarlanm\u0131\u015ft\u0131r.<br \/>\n\u2461 24 saat \u00e7evrimi\u00e7i hizmet.<br \/>\n\u2462 7 g\u00fcnl\u00fck stok \u00f6rnekleri\/ 15 g\u00fcn \u00f6zel bask\u0131 ile numune.<br \/>\n\u2463 35 g\u00fcnl\u00fck teslim s\u00fcresi.<br \/>\n\u2464 10 y\u0131ldan fazla profesyonel kozmetik ambalaj fabrikas\u0131.<br \/>\n\u2465 Fabrika \u00e7\u0131k\u0131\u015flar\u0131, en iyi fiyat ve en iyi hizmet.<br \/>\n\u2466 Kozmetik ambalaj i\u00e7in bir istasyon \u00e7\u00f6z\u00fcm\u00fc.<br \/>\n2. Biz kimiz?<br \/>\nZhejiang, \u00c7in, 2014'ten ba\u015fl\u0131yoruz, Yurti\u00e7i Pazara Sat\u0131\u015f (,00), Okyanusya (%8.00), Orta Do\u011fu (%7.00), Do\u011fu<br \/>\nAsya (%2.00), Kuzey Amerika (%2.00), Bat\u0131 Avrupa (%2.00), G\u00fcneydo\u011fu Asya (%2.00), G\u00fcney Asya (%1.00), G\u00fcney Amerika (%1.00), G\u00fcney<br \/>\nAvrupa (%1.00), Orta Amerika (%1.00), Kuzey Avrupa (%1.00), Afrika (%1.00), Do\u011fu Avrupa (%1.00). <\/span><\/p>\n<div>3. Kaliteyi nas\u0131l garanti edebiliriz?<br \/>\nHer zaman seri \u00fcretimden \u00f6nce bir \u00fcretim \u00f6ncesi \u00f6rne\u011fi;<br \/>\n4. Bizden ne sat\u0131n alabilirsiniz?<br \/>\nCam \u015fi\u015feler, plastik \u015fi\u015feler \/ kavanozlar \/ t\u00fcpler, al\u00fcminyum \u015fi\u015feler \/ kavanozlar \/ t\u00fcpler vb kozmetik ambalaj malzemesi.<br \/>\n5. Hangi hizmetleri sa\u011flayabiliriz?<br \/>\nKabul edilen teslimat terimleri: FOB, CFR, CIF;<\/div>\n<div>Kabul edilen \u00f6deme para birimi: USD, EUR, HKD, CNY;<\/div>\n<div>Kabul edilen \u00d6deme T\u00fcr\u00fc: T \/ T, L \/ C, D \/ PD \/ A;<\/div>","protected":false},"excerpt":{"rendered":"<p>Malzeme: ABS<\/p>\n<p>Capacity: 3.5g<\/p>\n<p>Boyut: 77.5*22mm<\/p>\n<p>Renk: \u00d6zelle\u015ftirilmi\u015f Kabul (Mevcut Pantone Rengi)<\/p>\n<p>Y\u00fczey Kaplamas\u0131: Serip Bask\u0131, S\u0131cak Damgalama, Mat Kaplama, vb.<\/p>\n<p>MOQ: 10000 pcs<\/p>\n<p>\u00d6rnek: \u00dccretsiz \u00f6rnekler mevcut<\/p>\n<p>&nbsp;<\/p>\n<p>&nbsp;<\/p>","protected":false},"featured_media":1389,"comment_status":"closed","ping_status":"closed","template":"","meta":{"_acf_changed":false},"product_brand":[],"product_cat":[53,36],"product_tag":[39],"class_list":{"0":"post-1387","1":"product","2":"type-product","3":"status-publish","4":"has-post-thumbnail","6":"product_cat-lipstick-tube","7":"product_cat-makeup","8":"product_tag-makeup","10":"first","11":"outofstock","12":"shipping-taxable","13":"product-type-simple"},"acf":[],"_links":{"self":[{"href":"https:\/\/www.cosmepak.com\/tr\/wp-json\/wp\/v2\/product\/1387","targetHints":{"allow":["GET"]}}],"collection":[{"href":"https:\/\/www.cosmepak.com\/tr\/wp-json\/wp\/v2\/product"}],"about":[{"href":"https:\/\/www.cosmepak.com\/tr\/wp-json\/wp\/v2\/types\/product"}],"replies":[{"embeddable":true,"href":"https:\/\/www.cosmepak.com\/tr\/wp-json\/wp\/v2\/comments?post=1387"}],"wp:featuredmedia":[{"embeddable":true,"href":"https:\/\/www.cosmepak.com\/tr\/wp-json\/wp\/v2\/media\/1389"}],"wp:attachment":[{"href":"https:\/\/www.cosmepak.com\/tr\/wp-json\/wp\/v2\/media?parent=1387"}],"wp:term":[{"taxonomy":"product_brand","embeddable":true,"href":"https:\/\/www.cosmepak.com\/tr\/wp-json\/wp\/v2\/product_brand?post=1387"},{"taxonomy":"product_cat","embeddable":true,"href":"https:\/\/www.cosmepak.com\/tr\/wp-json\/wp\/v2\/product_cat?post=1387"},{"taxonomy":"product_tag","embeddable":true,"href":"https:\/\/www.cosmepak.com\/tr\/wp-json\/wp\/v2\/product_tag?post=1387"}],"curies":[{"name":"wp","href":"https:\/\/api.w.org\/{rel}","templated":true}]}}