{"id":1394,"date":"2025-03-26T15:18:52","date_gmt":"2025-03-26T07:18:52","guid":{"rendered":"https:\/\/www.cosmepak.com\/?post_type=product&#038;p=1394"},"modified":"2025-09-10T11:01:22","modified_gmt":"2025-09-10T03:01:22","slug":"lipglosstube-3","status":"publish","type":"product","link":"https:\/\/www.cosmepak.com\/tr\/product\/lipglosstube-3\/","title":{"rendered":"Dudak Parlat\u0131c\u0131 T\u00fcp\u00fc bo\u015f yuvarlak dudak \u00e7ubu\u011fu \/Jaunce"},"content":{"rendered":"<table style=\"border-collapse: collapse; width: 100%; height: 240px;\">\n<tbody>\n<tr style=\"height: 24px;\">\n<td style=\"width: 24.7995%; height: 24px;\">Marka<\/td>\n<td style=\"width: 75.2005%; height: 24px;\">\u00a0Fahi\u015fe<\/td>\n<\/tr>\n<tr style=\"height: 24px;\">\n<td style=\"width: 24.7995%; height: 24px;\">Kapasite<\/td>\n<td style=\"width: 75.2005%; height: 24px;\">3.5g<\/td>\n<\/tr>\n<tr style=\"height: 24px;\">\n<td style=\"width: 24.7995%; height: 24px;\">\u015eekil<\/td>\n<td style=\"width: 75.2005%; height: 24px;\">Yuvarlak<\/td>\n<\/tr>\n<tr style=\"height: 24px;\">\n<td style=\"width: 24.7995%; height: 24px;\">Boyut<\/td>\n<td style=\"width: 75.2005%; height: 24px;\">21.5*77.5mm<\/td>\n<\/tr>\n<tr style=\"height: 24px;\">\n<td style=\"width: 24.7995%; height: 24px;\">Uydurma<\/td>\n<td style=\"width: 75.2005%; height: 24px;\">\u00a0Kapak<\/td>\n<\/tr>\n<tr style=\"height: 24px;\">\n<td style=\"width: 24.7995%; height: 24px;\">Model<\/td>\n<td style=\"width: 75.2005%; height: 24px;\">JH-JZ-3847<\/td>\n<\/tr>\n<tr style=\"height: 24px;\">\n<td style=\"width: 24.7995%; height: 24px;\">OEM ve ODM<\/td>\n<td style=\"width: 75.2005%; height: 24px;\">Kabul etmek<\/td>\n<\/tr>\n<tr style=\"height: 24px;\">\n<td style=\"width: 24.7995%; height: 24px;\">Renk<\/td>\n<td style=\"width: 75.2005%; height: 24px;\">\u00d6zelle\u015ftirilmi\u015f<\/td>\n<\/tr>\n<tr style=\"height: 24px;\">\n<td style=\"width: 24.7995%; height: 24px;\">Moq<\/td>\n<td style=\"width: 75.2005%; height: 24px;\">10000 pcs<\/td>\n<\/tr>\n<\/tbody>\n<\/table>\n<p>&nbsp;<\/p>\n<p><img fetchpriority=\"high\" decoding=\"async\" class=\"alignnone wp-image-1397\" src=\"https:\/\/www.cosmepak.com\/wp-content\/uploads\/2025\/03\/photobank-4.jpg\" alt=\"\" width=\"1429\" height=\"1429\" srcset=\"https:\/\/www.cosmepak.com\/wp-content\/uploads\/2025\/03\/photobank-4.jpg 1000w, https:\/\/www.cosmepak.com\/wp-content\/uploads\/2025\/03\/photobank-4-300x300.jpg 300w, https:\/\/www.cosmepak.com\/wp-content\/uploads\/2025\/03\/photobank-4-150x150.jpg 150w, https:\/\/www.cosmepak.com\/wp-content\/uploads\/2025\/03\/photobank-4-768x768.jpg 768w, https:\/\/www.cosmepak.com\/wp-content\/uploads\/2025\/03\/photobank-4-600x600.jpg 600w, https:\/\/www.cosmepak.com\/wp-content\/uploads\/2025\/03\/photobank-4-100x100.jpg 100w\" sizes=\"(max-width: 1429px) 100vw, 1429px\" \/><img decoding=\"async\" class=\"alignnone wp-image-1398\" src=\"https:\/\/www.cosmepak.com\/wp-content\/uploads\/2025\/03\/photobank-2.jpg\" alt=\"\" width=\"1389\" height=\"1389\" srcset=\"https:\/\/www.cosmepak.com\/wp-content\/uploads\/2025\/03\/photobank-2.jpg 1000w, https:\/\/www.cosmepak.com\/wp-content\/uploads\/2025\/03\/photobank-2-300x300.jpg 300w, https:\/\/www.cosmepak.com\/wp-content\/uploads\/2025\/03\/photobank-2-150x150.jpg 150w, https:\/\/www.cosmepak.com\/wp-content\/uploads\/2025\/03\/photobank-2-768x768.jpg 768w, https:\/\/www.cosmepak.com\/wp-content\/uploads\/2025\/03\/photobank-2-600x600.jpg 600w, https:\/\/www.cosmepak.com\/wp-content\/uploads\/2025\/03\/photobank-2-100x100.jpg 100w\" sizes=\"(max-width: 1389px) 100vw, 1389px\" \/><img decoding=\"async\" class=\"alignnone wp-image-1399\" src=\"https:\/\/www.cosmepak.com\/wp-content\/uploads\/2025\/03\/photobank-3.jpg\" alt=\"\" width=\"1392\" height=\"1392\" srcset=\"https:\/\/www.cosmepak.com\/wp-content\/uploads\/2025\/03\/photobank-3.jpg 1000w, https:\/\/www.cosmepak.com\/wp-content\/uploads\/2025\/03\/photobank-3-300x300.jpg 300w, https:\/\/www.cosmepak.com\/wp-content\/uploads\/2025\/03\/photobank-3-150x150.jpg 150w, https:\/\/www.cosmepak.com\/wp-content\/uploads\/2025\/03\/photobank-3-768x768.jpg 768w, https:\/\/www.cosmepak.com\/wp-content\/uploads\/2025\/03\/photobank-3-600x600.jpg 600w, https:\/\/www.cosmepak.com\/wp-content\/uploads\/2025\/03\/photobank-3-100x100.jpg 100w\" sizes=\"(max-width: 1392px) 100vw, 1392px\" \/><img loading=\"lazy\" decoding=\"async\" class=\"alignnone wp-image-1400\" src=\"https:\/\/www.cosmepak.com\/wp-content\/uploads\/2025\/03\/photobank.jpg\" alt=\"\" width=\"1382\" height=\"1382\" srcset=\"https:\/\/www.cosmepak.com\/wp-content\/uploads\/2025\/03\/photobank.jpg 1000w, https:\/\/www.cosmepak.com\/wp-content\/uploads\/2025\/03\/photobank-300x300.jpg 300w, https:\/\/www.cosmepak.com\/wp-content\/uploads\/2025\/03\/photobank-150x150.jpg 150w, https:\/\/www.cosmepak.com\/wp-content\/uploads\/2025\/03\/photobank-768x768.jpg 768w, https:\/\/www.cosmepak.com\/wp-content\/uploads\/2025\/03\/photobank-600x600.jpg 600w, https:\/\/www.cosmepak.com\/wp-content\/uploads\/2025\/03\/photobank-100x100.jpg 100w\" sizes=\"(max-width: 1382px) 100vw, 1382px\" \/><\/p>\n<p>&nbsp;<\/p>\n<h3 id=\"title-innovative-press-tube-lipstick-packaging-enhancing-beauty-with-precision\" class=\"ai-center-markdown-h3\">Ba\u015fl\u0131k: Yenilik\u00e7i Bas\u0131n T\u00fcp Ruj Ambalaj\u0131: Hassasiyetle G\u00fczelli\u011fi Art\u0131rmak<\/h3>\n<h3 id=\"introduction\" class=\"ai-center-markdown-h3\">Giri\u015f<\/h3>\n<p class=\"ai-center-markdown-p\">Kozmetiklerin rekabet\u00e7i d\u00fcnyas\u0131nda ambalaj, t\u00fcketicileri \u00e7ekmekte ve \u00fcr\u00fcn i\u015flevselli\u011fini sa\u011flamakta \u00f6nemli bir rol oynar. Ruj ambalaj\u0131ndaki en son yeniliklerden biri hem estetik \u00e7ekicilik hem de pratik faydalar sunan pres t\u00fcp\u00fc tasar\u0131m\u0131d\u0131r. Bu makale, bas\u0131n t\u00fcp\u00fc ruj ambalaj\u0131n\u0131n \u00f6zelliklerini ve avantajlar\u0131n\u0131 ara\u015ft\u0131rarak, 11.1mm e\u011fimli a\u011f\u0131z ve plastik malzeme gibi benzersiz \u00f6zelliklerine odaklan\u0131r.<\/p>\n<h3 id=\"features-of-press-tube-lipstick-packaging\" class=\"ai-center-markdown-h3\">Bas\u0131n T\u00fcp Ruj Ambalaj\u0131n\u0131n \u00d6zellikleri<\/h3>\n<p class=\"ai-center-markdown-p\"><strong class=\"ai-center-markdown-strong\">1. E\u011fimli A\u011f\u0131z Tasar\u0131m\u0131 (11.1mm):<\/strong>\u00a011.1mm e\u011fimli a\u011f\u0131z tasar\u0131m\u0131 bu ambalaj\u0131n \u00f6ne \u00e7\u0131kan bir \u00f6zelli\u011fidir. Hassasiyet ve uygulama kolayl\u0131\u011f\u0131 sa\u011flar, kullan\u0131c\u0131lar\u0131n m\u00fckemmel bir dudak konturu kolayca elde etmelerini sa\u011flar. A\u00e7\u0131l\u0131 u\u00e7, ruj\u0131n p\u00fcr\u00fczs\u00fcz bir \u015fekilde kaymas\u0131n\u0131 sa\u011flar ve her s\u00fcr\u00fckleme ile e\u015fit bir renk katman\u0131 sa\u011flar.<\/p>\n<p class=\"ai-center-markdown-p\"><strong class=\"ai-center-markdown-strong\">2. Plastik Malzeme:<\/strong>\u00a0Plastik, kozmetik ambalajlarda yayg\u0131n olarak kullan\u0131lan \u00e7ok y\u00f6nl\u00fc ve dayan\u0131kl\u0131 bir malzemedir. Pres t\u00fcp ruj ambalaj\u0131, hafif ve k\u0131r\u0131lmaya dayan\u0131kl\u0131 y\u00fcksek kaliteli plastik kullan\u0131r. Bu, \u00fcr\u00fcn\u00fcn ta\u015f\u0131ma ve g\u00fcnl\u00fck kullan\u0131m s\u0131ras\u0131nda bozuk kalmas\u0131n\u0131 sa\u011flar ve g\u00fcvenilir ve uzun s\u00fcreli bir \u00e7\u00f6z\u00fcm sa\u011flar.<\/p>\n<p class=\"ai-center-markdown-p\"><strong class=\"ai-center-markdown-strong\">3. Bas\u0131n boru mekanizmas\u0131:<\/strong>\u00a0Pres boru mekanizmas\u0131, kullan\u0131c\u0131 deneyimini artt\u0131ran yenilik\u00e7i bir \u00f6zelliktir. T\u00fcp\u00fcn taban\u0131na basarak ruj sorunsuz ve do\u011fru bir \u015fekilde da\u011f\u0131t\u0131l\u0131r. Bu, b\u00fckme veya d\u00f6nme ihtiyac\u0131n\u0131 ortadan kald\u0131r\u0131r ve kullan\u0131c\u0131lar\u0131n \u00fcr\u00fcne h\u0131zl\u0131 ve verimli bir \u015fekilde eri\u015fmesini kolayla\u015ft\u0131r\u0131r.<\/p>\n<h3 id=\"advantages-of-press-tube-lipstick-packaging\" class=\"ai-center-markdown-h3\">Bas\u0131n T\u00fcp Ruj Ambalaj\u0131n\u0131n Avantajlar\u0131<\/h3>\n<p class=\"ai-center-markdown-p\"><strong class=\"ai-center-markdown-strong\">1. Geli\u015ftirilmi\u015f Kullan\u0131c\u0131 Deneyimi:<\/strong>\u00a0E\u011fimli a\u011f\u0131z tasar\u0131m\u0131 ve pres t\u00fcp mekanizmas\u0131n\u0131n kombinasyonu ola\u011fan\u00fcst\u00fc bir kullan\u0131c\u0131 deneyimi sa\u011flar. T\u00fcketiciler, hassas uygulama ve \u00fcr\u00fcne kolay eri\u015fimin tad\u0131n\u0131 \u00e7\u0131karabilir, bu da g\u00fczellik rutinlerini daha keyifli ve verimli hale getirir.<\/p>\n<p class=\"ai-center-markdown-p\"><strong class=\"ai-center-markdown-strong\">2. Estetik Temyiz:<\/strong>\u00a0Pres t\u00fcp\u00fc ambalaj\u0131n\u0131n \u015f\u0131k ve modern tasar\u0131m\u0131 ruja bir zariflik ekler. Kompakt ve \u015f\u0131k g\u00f6r\u00fcn\u00fcm\u00fc, hem i\u015flevselli\u011fe hem de esteti\u011fe de\u011fer veren t\u00fcketicilere \u00e7ekici olan herhangi bir makyaj koleksiyonuna istenilen bir ekleme haline getirir.<\/p>\n<p class=\"ai-center-markdown-p\"><strong class=\"ai-center-markdown-strong\">3. S\u00fcrd\u00fcr\u00fclebilirlik:<\/strong>\u00a0Plastik ambalajlar geri d\u00f6n\u00fc\u015ft\u00fcr\u00fclebilir malzemeler kullanarak \u00e7evre dostu olarak tasarlanabilir. Markalar, pres t\u00fcp ruj ambalajlar\u0131nda geri d\u00f6n\u00fc\u015ft\u00fcr\u00fclebilir plasti\u011fi se\u00e7erek genel \u00e7evresel etkiyi azaltarak \u00e7evresel s\u00fcrd\u00fcr\u00fclebilirli\u011fe katk\u0131da bulunabilirler.<\/p>\n<h3 id=\"conclusion\" class=\"ai-center-markdown-h3\">Sonu\u00e7<\/h3>\n<p class=\"ai-center-markdown-p\">11.1mm e\u011fimli a\u011f\u0131z ve plastik malzemeli pres t\u00fcp ruj ambalaj\u0131 kozmetik ambalajda \u00f6nemli bir ilerlemeyi temsil eder. Yenilik\u00e7i \u00f6zellikleri ve avantajlar\u0131 hem t\u00fcketiciler hem de markalar i\u00e7in \u00e7ekici bir se\u00e7im haline getiriyor. Kullan\u0131c\u0131 deneyimine, estetik \u00e7ekicili\u011fe ve s\u00fcrd\u00fcr\u00fclebilirli\u011fe \u00f6ncelik vererek bu ambalajlama \u00e7\u00f6z\u00fcm\u00fc g\u00fczellik end\u00fcstrisinde devrim yapmaya haz\u0131rlanm\u0131\u015ft\u0131r.<\/p>\n<p><img loading=\"lazy\" decoding=\"async\" class=\"alignnone size-full wp-image-1347\" src=\"https:\/\/www.cosmepak.com\/wp-content\/uploads\/2024\/12\/\u9996\u987519202_03.jpg\" alt=\"\" width=\"1920\" height=\"885\" srcset=\"https:\/\/www.cosmepak.com\/wp-content\/uploads\/2024\/12\/\u9996\u987519202_03.jpg 1920w, https:\/\/www.cosmepak.com\/wp-content\/uploads\/2024\/12\/\u9996\u987519202_03-300x138.jpg 300w, https:\/\/www.cosmepak.com\/wp-content\/uploads\/2024\/12\/\u9996\u987519202_03-1024x472.jpg 1024w, https:\/\/www.cosmepak.com\/wp-content\/uploads\/2024\/12\/\u9996\u987519202_03-768x354.jpg 768w, https:\/\/www.cosmepak.com\/wp-content\/uploads\/2024\/12\/\u9996\u987519202_03-1536x708.jpg 1536w, https:\/\/www.cosmepak.com\/wp-content\/uploads\/2024\/12\/\u9996\u987519202_03-600x277.jpg 600w\" sizes=\"(max-width: 1920px) 100vw, 1920px\" \/> <img loading=\"lazy\" decoding=\"async\" class=\"alignnone size-full wp-image-1348\" src=\"https:\/\/www.cosmepak.com\/wp-content\/uploads\/2024\/12\/\u9996\u987519202_04.jpg\" alt=\"\" width=\"1920\" height=\"694\" srcset=\"https:\/\/www.cosmepak.com\/wp-content\/uploads\/2024\/12\/\u9996\u987519202_04.jpg 1920w, https:\/\/www.cosmepak.com\/wp-content\/uploads\/2024\/12\/\u9996\u987519202_04-300x108.jpg 300w, https:\/\/www.cosmepak.com\/wp-content\/uploads\/2024\/12\/\u9996\u987519202_04-1024x370.jpg 1024w, https:\/\/www.cosmepak.com\/wp-content\/uploads\/2024\/12\/\u9996\u987519202_04-768x278.jpg 768w, https:\/\/www.cosmepak.com\/wp-content\/uploads\/2024\/12\/\u9996\u987519202_04-1536x555.jpg 1536w, https:\/\/www.cosmepak.com\/wp-content\/uploads\/2024\/12\/\u9996\u987519202_04-600x217.jpg 600w\" sizes=\"(max-width: 1920px) 100vw, 1920px\" \/><\/p>\n<p><img loading=\"lazy\" decoding=\"async\" class=\"alignnone size-full wp-image-1350\" src=\"https:\/\/www.cosmepak.com\/wp-content\/uploads\/2024\/12\/\u9996\u987519202_05-1.jpg\" alt=\"\" width=\"1920\" height=\"970\" srcset=\"https:\/\/www.cosmepak.com\/wp-content\/uploads\/2024\/12\/\u9996\u987519202_05-1.jpg 1920w, https:\/\/www.cosmepak.com\/wp-content\/uploads\/2024\/12\/\u9996\u987519202_05-1-300x152.jpg 300w, https:\/\/www.cosmepak.com\/wp-content\/uploads\/2024\/12\/\u9996\u987519202_05-1-1024x517.jpg 1024w, https:\/\/www.cosmepak.com\/wp-content\/uploads\/2024\/12\/\u9996\u987519202_05-1-768x388.jpg 768w, https:\/\/www.cosmepak.com\/wp-content\/uploads\/2024\/12\/\u9996\u987519202_05-1-1536x776.jpg 1536w, https:\/\/www.cosmepak.com\/wp-content\/uploads\/2024\/12\/\u9996\u987519202_05-1-600x303.jpg 600w\" sizes=\"(max-width: 1920px) 100vw, 1920px\" \/><\/p>\n<p><img loading=\"lazy\" decoding=\"async\" class=\"alignnone wp-image-1351\" src=\"https:\/\/www.cosmepak.com\/wp-content\/uploads\/2024\/12\/\u7269\u6d41\u8fd0\u8f93\u753b\u9762-2.jpg\" alt=\"\" width=\"1424\" height=\"1068\" srcset=\"https:\/\/www.cosmepak.com\/wp-content\/uploads\/2024\/12\/\u7269\u6d41\u8fd0\u8f93\u753b\u9762-2.jpg 800w, https:\/\/www.cosmepak.com\/wp-content\/uploads\/2024\/12\/\u7269\u6d41\u8fd0\u8f93\u753b\u9762-2-300x225.jpg 300w, https:\/\/www.cosmepak.com\/wp-content\/uploads\/2024\/12\/\u7269\u6d41\u8fd0\u8f93\u753b\u9762-2-768x576.jpg 768w, https:\/\/www.cosmepak.com\/wp-content\/uploads\/2024\/12\/\u7269\u6d41\u8fd0\u8f93\u753b\u9762-2-600x450.jpg 600w\" sizes=\"(max-width: 1424px) 100vw, 1424px\" \/><\/p>\n<table style=\"border-collapse: collapse; width: 100%; height: 144px;\">\n<tbody>\n<tr style=\"height: 24px;\">\n<td style=\"width: 33.3333%; text-align: center; height: 24px;\"><span style=\"font-size: 14pt;\"><strong>\u0130fade etmek<\/strong><\/span><\/td>\n<td style=\"width: 33.3333%; text-align: center; height: 24px;\"><span style=\"font-size: 14pt;\"><strong>Hava y\u00fck\u00fc<\/strong><\/span><\/td>\n<td style=\"width: 33.3333%; text-align: center; height: 24px;\"><span style=\"font-size: 14pt;\"><strong>Deniz ta\u015f\u0131mac\u0131l\u0131\u011f\u0131<\/strong><\/span><\/td>\n<\/tr>\n<tr style=\"height: 24px;\">\n<td style=\"width: 33.3333%; text-align: center; height: 24px;\">Avrupa 4-6 g\u00fcn<\/td>\n<td style=\"width: 33.3333%; text-align: center; height: 24px;\">Avrupa 4-6 g\u00fcn<\/td>\n<td style=\"width: 33.3333%; text-align: center; height: 24px;\">Avrupa 25-35 g\u00fcn<\/td>\n<\/tr>\n<tr style=\"height: 24px;\">\n<td style=\"width: 33.3333%; text-align: center; height: 24px;\">Morth America 4-6 g\u00fcn<\/td>\n<td style=\"width: 33.3333%; text-align: center; height: 24px;\">Morth America 4-6 g\u00fcn<\/td>\n<td style=\"width: 33.3333%; text-align: center; height: 24px;\">Morth America 25-35 g\u00fcn<\/td>\n<\/tr>\n<tr style=\"height: 24px;\">\n<td style=\"width: 33.3333%; text-align: center; height: 24px;\">G\u00fcney Do\u011fu Asya 3-5 g\u00fcn<\/td>\n<td style=\"width: 33.3333%; text-align: center; height: 24px;\">G\u00fcney Do\u011fu Asya 3-5 g\u00fcn<\/td>\n<td style=\"width: 33.3333%; text-align: center; height: 24px;\">G\u00fcney Do\u011fu Asya 25-35 g\u00fcn<\/td>\n<\/tr>\n<tr style=\"height: 24px;\">\n<td style=\"width: 33.3333%; text-align: center; height: 24px;\">Orta Do\u011fu 4-6 g\u00fcn<\/td>\n<td style=\"width: 33.3333%; text-align: center; height: 24px;\">Orta Do\u011fu 4-6 g\u00fcn<\/td>\n<td style=\"width: 33.3333%; text-align: center; height: 24px;\">Orta Do\u011fu 25-35 g\u00fcn<\/td>\n<\/tr>\n<tr style=\"height: 24px;\">\n<td style=\"width: 33.3333%; text-align: center; height: 24px;\">G\u00fcney Afrika 5-8 g\u00fcn<\/td>\n<td style=\"width: 33.3333%; text-align: center; height: 24px;\">G\u00fcney Afrika 5-8 g\u00fcn<\/td>\n<td style=\"width: 33.3333%; text-align: center; height: 24px;\">G\u00fcney Afrika 25-35 g\u00fcn<\/td>\n<\/tr>\n<\/tbody>\n<\/table>\n<p><span style=\"font-size: 14pt;\"><strong>RFQ:\u00a0<\/strong><\/span><\/p>\n<p><span data-spm-anchor-id=\"a2700.pc-decorate.0.i3.75883333L8yZVb\">1. Neden bizden di\u011fer tedarik\u00e7ilerden de\u011fil sat\u0131n almal\u0131s\u0131n\u0131z?<br \/>\n\u2460 3 dakika sizin i\u00e7in tasarlanm\u0131\u015ft\u0131r.<br \/>\n\u2461 24 saat \u00e7evrimi\u00e7i hizmet.<br \/>\n\u2462 7 g\u00fcnl\u00fck stok \u00f6rnekleri\/ 15 g\u00fcn \u00f6zel bask\u0131 ile numune.<br \/>\n\u2463 35 g\u00fcnl\u00fck teslim s\u00fcresi.<br \/>\n\u2464 10 y\u0131ldan fazla profesyonel kozmetik ambalaj fabrikas\u0131.<br \/>\n\u2465 Fabrika \u00e7\u0131k\u0131\u015flar\u0131, en iyi fiyat ve en iyi hizmet.<br \/>\n\u2466 Kozmetik ambalaj i\u00e7in bir istasyon \u00e7\u00f6z\u00fcm\u00fc.<br \/>\n2. Biz kimiz?<br \/>\nZhejiang, \u00c7in, 2014'ten ba\u015fl\u0131yoruz, Yurti\u00e7i Pazara Sat\u0131\u015f (,00), Okyanusya (%8.00), Orta Do\u011fu (%7.00), Do\u011fu<br \/>\nAsya (%2.00), Kuzey Amerika (%2.00), Bat\u0131 Avrupa (%2.00), G\u00fcneydo\u011fu Asya (%2.00), G\u00fcney Asya (%1.00), G\u00fcney Amerika (%1.00), G\u00fcney<br \/>\nAvrupa (%1.00), Orta Amerika (%1.00), Kuzey Avrupa (%1.00), Afrika (%1.00), Do\u011fu Avrupa (%1.00). <\/span><\/p>\n<div>3. Kaliteyi nas\u0131l garanti edebiliriz?<br \/>\nHer zaman seri \u00fcretimden \u00f6nce bir \u00fcretim \u00f6ncesi \u00f6rne\u011fi;<br \/>\n4. Bizden ne sat\u0131n alabilirsiniz?<br \/>\nCam \u015fi\u015feler, plastik \u015fi\u015feler \/ kavanozlar \/ t\u00fcpler, al\u00fcminyum \u015fi\u015feler \/ kavanozlar \/ t\u00fcpler vb kozmetik ambalaj malzemesi.<br \/>\n5. Hangi hizmetleri sa\u011flayabiliriz?<br \/>\nKabul edilen teslimat terimleri: FOB, CFR, CIF;<\/div>\n<div>Kabul edilen \u00f6deme para birimi: USD, EUR, HKD, CNY;<\/div>\n<div>Kabul edilen \u00d6deme T\u00fcr\u00fc: T \/ T, L \/ C, D \/ PD \/ A;<\/div>","protected":false},"excerpt":{"rendered":"<p>Malzeme: ABS<\/p>\n<p>Capacity: 3.5g<\/p>\n<p>Boyut: 77.5*22mm<\/p>\n<p>Renk: \u00d6zelle\u015ftirilmi\u015f Kabul (Mevcut Pantone Rengi)<\/p>\n<p>Y\u00fczey Kaplamas\u0131: Serip Bask\u0131, S\u0131cak Damgalama, Mat Kaplama, vb.<\/p>\n<p>MOQ: 10000 pcs<\/p>\n<p>\u00d6rnek: \u00dccretsiz \u00f6rnekler mevcut<\/p>\n<p>&nbsp;<\/p>\n<p>&nbsp;<\/p>","protected":false},"featured_media":1396,"comment_status":"closed","ping_status":"closed","template":"","meta":{"_acf_changed":false},"product_brand":[],"product_cat":[53,36],"product_tag":[39],"class_list":{"0":"post-1394","1":"product","2":"type-product","3":"status-publish","4":"has-post-thumbnail","6":"product_cat-lipstick-tube","7":"product_cat-makeup","8":"product_tag-makeup","10":"first","11":"outofstock","12":"shipping-taxable","13":"product-type-simple"},"acf":[],"_links":{"self":[{"href":"https:\/\/www.cosmepak.com\/tr\/wp-json\/wp\/v2\/product\/1394","targetHints":{"allow":["GET"]}}],"collection":[{"href":"https:\/\/www.cosmepak.com\/tr\/wp-json\/wp\/v2\/product"}],"about":[{"href":"https:\/\/www.cosmepak.com\/tr\/wp-json\/wp\/v2\/types\/product"}],"replies":[{"embeddable":true,"href":"https:\/\/www.cosmepak.com\/tr\/wp-json\/wp\/v2\/comments?post=1394"}],"wp:featuredmedia":[{"embeddable":true,"href":"https:\/\/www.cosmepak.com\/tr\/wp-json\/wp\/v2\/media\/1396"}],"wp:attachment":[{"href":"https:\/\/www.cosmepak.com\/tr\/wp-json\/wp\/v2\/media?parent=1394"}],"wp:term":[{"taxonomy":"product_brand","embeddable":true,"href":"https:\/\/www.cosmepak.com\/tr\/wp-json\/wp\/v2\/product_brand?post=1394"},{"taxonomy":"product_cat","embeddable":true,"href":"https:\/\/www.cosmepak.com\/tr\/wp-json\/wp\/v2\/product_cat?post=1394"},{"taxonomy":"product_tag","embeddable":true,"href":"https:\/\/www.cosmepak.com\/tr\/wp-json\/wp\/v2\/product_tag?post=1394"}],"curies":[{"name":"wp","href":"https:\/\/api.w.org\/{rel}","templated":true}]}}