{"id":1402,"date":"2025-03-27T10:04:01","date_gmt":"2025-03-27T02:04:01","guid":{"rendered":"https:\/\/www.cosmepak.com\/?post_type=product&#038;p=1402"},"modified":"2026-04-29T14:47:06","modified_gmt":"2026-04-29T06:47:06","slug":"lip-gloss-tube-gold-gradient-peach-powder-lipstick-tube-jaunce","status":"publish","type":"product","link":"https:\/\/www.cosmepak.com\/tr\/product\/lip-gloss-tube-gold-gradient-peach-powder-lipstick-tube-jaunce\/","title":{"rendered":"Dudak Parlak T\u00fcp-Alt\u0131n Gradyan \u015eaftali Tozu Ruj T\u00fcp \/ Jaunce"},"content":{"rendered":"<table style=\"border-collapse: collapse; width: 100%; height: 237px;\">\n<tbody>\n<tr style=\"height: 24px;\">\n<td style=\"width: 48.3725%; height: 24px; text-align: center;\">Marka<\/td>\n<td style=\"width: 51.6275%; height: 24px; text-align: center;\">\u00a0Fahi\u015fe<\/td>\n<\/tr>\n<tr style=\"height: 24px;\">\n<td style=\"width: 48.3725%; height: 24px; text-align: center;\">Kapasite<\/td>\n<td style=\"width: 51.6275%; height: 24px; text-align: center;\">3.5g<\/td>\n<\/tr>\n<tr style=\"height: 24px;\">\n<td style=\"width: 48.3725%; height: 24px; text-align: center;\">\u015eekil<\/td>\n<td style=\"width: 51.6275%; height: 24px; text-align: center;\">Yuvarlak<\/td>\n<\/tr>\n<tr style=\"height: 24px;\">\n<td style=\"width: 48.3725%; height: 24px; text-align: center;\">Boyut<\/td>\n<td style=\"width: 51.6275%; height: 24px; text-align: center;\">20.5*74.5mm<\/td>\n<\/tr>\n<tr style=\"height: 24px;\">\n<td style=\"width: 48.3725%; height: 24px; text-align: center;\">A\u011f\u0131rl\u0131k<\/td>\n<td style=\"width: 51.6275%; height: 24px; text-align: center;\">20g<\/td>\n<\/tr>\n<tr style=\"height: 24px;\">\n<td style=\"width: 48.3725%; height: 24px; text-align: center;\">Uydurma<\/td>\n<td style=\"width: 51.6275%; height: 24px; text-align: center;\">\u00a0Kapak<\/td>\n<\/tr>\n<tr style=\"height: 24px;\">\n<td style=\"width: 48.3725%; height: 24px; text-align: center;\">Model<\/td>\n<td style=\"width: 51.6275%; height: 24px; text-align: center;\">JH-JZ-3336<\/td>\n<\/tr>\n<tr style=\"height: 24px;\">\n<td style=\"width: 48.3725%; height: 24px; text-align: center;\">OEM ve ODM<\/td>\n<td style=\"width: 51.6275%; height: 24px; text-align: center;\">Kabul etmek<\/td>\n<\/tr>\n<tr style=\"height: 24px;\">\n<td style=\"width: 48.3725%; height: 24px; text-align: center;\">Renk<\/td>\n<td style=\"width: 51.6275%; height: 24px; text-align: center;\">\u00d6zelle\u015ftirilmi\u015f<\/td>\n<\/tr>\n<tr style=\"height: 24px;\">\n<td style=\"width: 48.3725%; height: 21px; text-align: center;\">Moq<\/td>\n<td style=\"width: 51.6275%; height: 21px; text-align: center;\">10000 pcs<\/td>\n<\/tr>\n<\/tbody>\n<\/table>\n<p><img fetchpriority=\"high\" decoding=\"async\" class=\"alignnone wp-image-1405\" src=\"https:\/\/www.cosmepak.com\/wp-content\/uploads\/2025\/03\/photobank-5.jpg\" alt=\"\" width=\"1413\" height=\"1413\" srcset=\"https:\/\/www.cosmepak.com\/wp-content\/uploads\/2025\/03\/photobank-5.jpg 800w, https:\/\/www.cosmepak.com\/wp-content\/uploads\/2025\/03\/photobank-5-300x300.jpg 300w, https:\/\/www.cosmepak.com\/wp-content\/uploads\/2025\/03\/photobank-5-150x150.jpg 150w, https:\/\/www.cosmepak.com\/wp-content\/uploads\/2025\/03\/photobank-5-768x768.jpg 768w, https:\/\/www.cosmepak.com\/wp-content\/uploads\/2025\/03\/photobank-5-600x600.jpg 600w, https:\/\/www.cosmepak.com\/wp-content\/uploads\/2025\/03\/photobank-5-100x100.jpg 100w\" sizes=\"(max-width: 1413px) 100vw, 1413px\" \/><\/p>\n<p>G\u00fczellik \u00fcr\u00fcnleriniz i\u00e7in m\u00fckemmel Packa\u062c\u0631\u0627\u0645\u0628\u0648\u0635\u0629 g nas\u0131l se\u00e7ilir - Jaunce end\u00fcstriyel<\/p>\n<p>Bu cam parf\u00fcm \u015fi\u015fesi parf\u00fcm merakl\u0131lar\u0131 i\u00e7in pratik bir se\u00e7imdir. Temel avantajlar\u0131 &#8220; ta\u015f\u0131nabilirlik&#8221; Ve &#8220; pratiklik&#8221;  . Kapasite a\u00e7\u0131s\u0131ndan, t \u1eaf Ters \u00fc\u00e7 se\u00e7enek: 30ml, 50ml ve 80ml. 30ml versiyonu g\u00fcnl\u00fck el bagaj\u0131 ve k\u0131sa seyahatler i\u00e7in uygundur, 50ml ve 80ml versiyonlar\u0131 ise ev depolama veya uzun vadeli kullan\u0131m ihtiya\u00e7lar\u0131n\u0131 kar\u015f\u0131larken. Bir el \u00e7antas\u0131, makyaj \u00e7antas\u0131 veya seyahat valizi olsun, ihtiya\u00e7lar\u0131n\u0131za uygun olarak esnek bir \u015fekilde uyarlanabilir, bu da parf\u00fcm\u00fcn\u00fcz\u00fc istedi\u011finiz zaman doldurman\u0131za ve b\u00fcy\u00fcleyici bir koku koruman\u0131za olanak sa\u011flar.<\/p>\n<p>For size, the JH-JZ3336 maintains even ratios in every part. Full length hits 74.5 mm, cap at 49.5 mm, base at 41.5 mm. Cap top spans 20.5 mm wide, tube body diameter at 16.5 mm. Such specs allow simple hold: the fit works for typical hands, no sliding or heaviness. It takes common lipstick cores, even taller types, with space to stop shaking or harm and to protect the fill steadily. This lipstick tube is made by ABS injection molding. The outer tube can be molded into any color, and the uniform color of the integrated appearance makes it simple and elegant. The inner tube is plated with gold and silver colors, instantly enhancing the luxurious appearance of the lipstick tube.<\/p>\n<p>Sprey kafas\u0131 \u00e7ekirdek bile\u015fenidir ve pres tipi al\u00fcminyum sprey kafas\u0131 kullan\u0131r. Sis ince ve \u00fcniformdur, su s\u00fctunlar\u0131 olmadan, parf\u00fcm\u00fc tamamen atomize edebilir, kullan\u0131m s\u0131ras\u0131nda rahat bir deneyim sa\u011flar ve parf\u00fcm israf\u0131ndan ka\u00e7\u0131n\u0131r, kullan\u0131lan miktar\u0131 etkili bir \u015fekilde tasarruf eder. Ayr\u0131ca, san-pham, seyahat ta\u015f\u0131ma, i\u015f seyahatleri veya g\u00fcnl\u00fck ev kullan\u0131m\u0131 ve parf\u00fcm b\u00f6l\u00fcm\u00fc depolama i\u00e7in geni\u015f bir senaryo yelpazesi i\u00e7in uygundur, m\u00fckemmel bir \u015fekilde uyarlanabilir ve \u00e7e\u015fitli ihtiya\u00e7lar\u0131 kar\u015f\u0131layabilir.<\/p>\n<p><img decoding=\"async\" class=\"alignnone wp-image-1406\" src=\"https:\/\/www.cosmepak.com\/wp-content\/uploads\/2025\/03\/photobank-1-2.jpg\" alt=\"\" width=\"1397\" height=\"1397\" srcset=\"https:\/\/www.cosmepak.com\/wp-content\/uploads\/2025\/03\/photobank-1-2.jpg 1024w, https:\/\/www.cosmepak.com\/wp-content\/uploads\/2025\/03\/photobank-1-2-300x300.jpg 300w, https:\/\/www.cosmepak.com\/wp-content\/uploads\/2025\/03\/photobank-1-2-150x150.jpg 150w, https:\/\/www.cosmepak.com\/wp-content\/uploads\/2025\/03\/photobank-1-2-768x768.jpg 768w, https:\/\/www.cosmepak.com\/wp-content\/uploads\/2025\/03\/photobank-1-2-600x600.jpg 600w, https:\/\/www.cosmepak.com\/wp-content\/uploads\/2025\/03\/photobank-1-2-100x100.jpg 100w\" sizes=\"(max-width: 1397px) 100vw, 1397px\" \/><img decoding=\"async\" class=\"alignnone wp-image-1407\" src=\"https:\/\/www.cosmepak.com\/wp-content\/uploads\/2025\/03\/photobank-6.jpg\" alt=\"\" width=\"1388\" height=\"1388\" srcset=\"https:\/\/www.cosmepak.com\/wp-content\/uploads\/2025\/03\/photobank-6.jpg 1024w, https:\/\/www.cosmepak.com\/wp-content\/uploads\/2025\/03\/photobank-6-300x300.jpg 300w, https:\/\/www.cosmepak.com\/wp-content\/uploads\/2025\/03\/photobank-6-150x150.jpg 150w, https:\/\/www.cosmepak.com\/wp-content\/uploads\/2025\/03\/photobank-6-768x768.jpg 768w, https:\/\/www.cosmepak.com\/wp-content\/uploads\/2025\/03\/photobank-6-600x600.jpg 600w, https:\/\/www.cosmepak.com\/wp-content\/uploads\/2025\/03\/photobank-6-100x100.jpg 100w\" sizes=\"(max-width: 1388px) 100vw, 1388px\" \/><img loading=\"lazy\" decoding=\"async\" class=\"alignnone wp-image-1409\" src=\"https:\/\/www.cosmepak.com\/wp-content\/uploads\/2025\/03\/photobank-2-1.jpg\" alt=\"\" width=\"1392\" height=\"1854\" srcset=\"https:\/\/www.cosmepak.com\/wp-content\/uploads\/2025\/03\/photobank-2-1.jpg 1200w, https:\/\/www.cosmepak.com\/wp-content\/uploads\/2025\/03\/photobank-2-1-225x300.jpg 225w, https:\/\/www.cosmepak.com\/wp-content\/uploads\/2025\/03\/photobank-2-1-769x1024.jpg 769w, https:\/\/www.cosmepak.com\/wp-content\/uploads\/2025\/03\/photobank-2-1-768x1023.jpg 768w, https:\/\/www.cosmepak.com\/wp-content\/uploads\/2025\/03\/photobank-2-1-1153x1536.jpg 1153w, https:\/\/www.cosmepak.com\/wp-content\/uploads\/2025\/03\/photobank-2-1-600x799.jpg 600w\" sizes=\"(max-width: 1392px) 100vw, 1392px\" \/><\/p>\n<p>&nbsp;<\/p>\n<p>&nbsp;<\/p>\n<p>&nbsp;<\/p>\n<div><\/div>","protected":false},"excerpt":{"rendered":"<p>Malzeme: ABS \/ AS<\/p>\n<p>Capacity: 3.5g<\/p>\n<p>Size: 74.5*20.5mm<\/p>\n<p>Renk: \u00d6zelle\u015ftirilmi\u015f Kabul (Mevcut Pantone Rengi)<\/p>\n<p>Y\u00fczey Kaplamas\u0131: Serip Bask\u0131, S\u0131cak Damgalama, Mat Kaplama, vb.<\/p>\n<p>MOQ: 10000 pcs<\/p>\n<p>\u00d6rnek: \u00dccretsiz \u00f6rnekler mevcut<\/p>\n<p>&nbsp;<\/p>\n<p>&nbsp;<\/p>","protected":false},"featured_media":1403,"comment_status":"closed","ping_status":"closed","template":"","meta":{"_acf_changed":false},"product_brand":[],"product_cat":[53,36],"product_tag":[39],"class_list":{"0":"post-1402","1":"product","2":"type-product","3":"status-publish","4":"has-post-thumbnail","6":"product_cat-lipstick-tube","7":"product_cat-makeup","8":"product_tag-makeup","10":"first","11":"outofstock","12":"shipping-taxable","13":"product-type-simple"},"acf":[],"_links":{"self":[{"href":"https:\/\/www.cosmepak.com\/tr\/wp-json\/wp\/v2\/product\/1402","targetHints":{"allow":["GET"]}}],"collection":[{"href":"https:\/\/www.cosmepak.com\/tr\/wp-json\/wp\/v2\/product"}],"about":[{"href":"https:\/\/www.cosmepak.com\/tr\/wp-json\/wp\/v2\/types\/product"}],"replies":[{"embeddable":true,"href":"https:\/\/www.cosmepak.com\/tr\/wp-json\/wp\/v2\/comments?post=1402"}],"wp:featuredmedia":[{"embeddable":true,"href":"https:\/\/www.cosmepak.com\/tr\/wp-json\/wp\/v2\/media\/1403"}],"wp:attachment":[{"href":"https:\/\/www.cosmepak.com\/tr\/wp-json\/wp\/v2\/media?parent=1402"}],"wp:term":[{"taxonomy":"product_brand","embeddable":true,"href":"https:\/\/www.cosmepak.com\/tr\/wp-json\/wp\/v2\/product_brand?post=1402"},{"taxonomy":"product_cat","embeddable":true,"href":"https:\/\/www.cosmepak.com\/tr\/wp-json\/wp\/v2\/product_cat?post=1402"},{"taxonomy":"product_tag","embeddable":true,"href":"https:\/\/www.cosmepak.com\/tr\/wp-json\/wp\/v2\/product_tag?post=1402"}],"curies":[{"name":"wp","href":"https:\/\/api.w.org\/{rel}","templated":true}]}}