{"id":1435,"date":"2025-03-27T13:56:11","date_gmt":"2025-03-27T05:56:11","guid":{"rendered":"https:\/\/www.cosmepak.com\/?post_type=product&#038;p=1435"},"modified":"2025-09-09T16:05:38","modified_gmt":"2025-09-09T08:05:38","slug":"lipglosstube-3-2","status":"publish","type":"product","link":"https:\/\/www.cosmepak.com\/tr\/product\/lipglosstube-3-2\/","title":{"rendered":"Dudak Parlat\u0131c\u0131 T\u00fcp Kaliteli Metal Yuvarlak Ruj \/Jaunce"},"content":{"rendered":"<table style=\"border-collapse: collapse; width: 100%; height: 240px;\">\n<tbody>\n<tr style=\"height: 24px;\">\n<td style=\"width: 24.7995%; height: 24px;\">Marka<\/td>\n<td style=\"width: 75.2005%; height: 24px;\">\u00a0Fahi\u015fe<\/td>\n<\/tr>\n<tr style=\"height: 24px;\">\n<td style=\"width: 24.7995%; height: 24px;\">Kapasite<\/td>\n<td style=\"width: 75.2005%; height: 24px;\">3.5g<\/td>\n<\/tr>\n<tr style=\"height: 24px;\">\n<td style=\"width: 24.7995%; height: 24px;\">\u015eekil<\/td>\n<td style=\"width: 75.2005%; height: 24px;\">Yuvarlak<\/td>\n<\/tr>\n<tr style=\"height: 24px;\">\n<td style=\"width: 24.7995%; height: 24px;\">Boyut<\/td>\n<td style=\"width: 75.2005%; height: 24px;\">18.5*85mm<\/td>\n<\/tr>\n<tr style=\"height: 24px;\">\n<td style=\"width: 24.7995%; height: 24px;\">Uydurma<\/td>\n<td style=\"width: 75.2005%; height: 24px;\">\u00a0Kapak<\/td>\n<\/tr>\n<tr style=\"height: 24px;\">\n<td style=\"width: 24.7995%; height: 24px;\">Model<\/td>\n<td style=\"width: 75.2005%; height: 24px;\">JH-JZ-3634<\/td>\n<\/tr>\n<tr style=\"height: 24px;\">\n<td style=\"width: 24.7995%; height: 24px;\">OEM ve ODM<\/td>\n<td style=\"width: 75.2005%; height: 24px;\">Kabul etmek<\/td>\n<\/tr>\n<tr style=\"height: 24px;\">\n<td style=\"width: 24.7995%; height: 24px;\">Renk<\/td>\n<td style=\"width: 75.2005%; height: 24px;\">\u00d6zelle\u015ftirilmi\u015f<\/td>\n<\/tr>\n<tr style=\"height: 24px;\">\n<td style=\"width: 24.7995%; height: 24px;\">Moq<\/td>\n<td style=\"width: 75.2005%; height: 24px;\">10000 pcs<\/td>\n<\/tr>\n<\/tbody>\n<\/table>\n<p>&nbsp;<\/p>\n<p><img fetchpriority=\"high\" decoding=\"async\" class=\"alignnone wp-image-1438\" src=\"https:\/\/www.cosmepak.com\/wp-content\/uploads\/2025\/03\/photobank-2-2.jpg\" alt=\"ruj t\u00fcp\u00fc\" width=\"1394\" height=\"1394\" srcset=\"https:\/\/www.cosmepak.com\/wp-content\/uploads\/2025\/03\/photobank-2-2.jpg 1000w, https:\/\/www.cosmepak.com\/wp-content\/uploads\/2025\/03\/photobank-2-2-300x300.jpg 300w, https:\/\/www.cosmepak.com\/wp-content\/uploads\/2025\/03\/photobank-2-2-150x150.jpg 150w, https:\/\/www.cosmepak.com\/wp-content\/uploads\/2025\/03\/photobank-2-2-768x768.jpg 768w, https:\/\/www.cosmepak.com\/wp-content\/uploads\/2025\/03\/photobank-2-2-600x600.jpg 600w, https:\/\/www.cosmepak.com\/wp-content\/uploads\/2025\/03\/photobank-2-2-100x100.jpg 100w\" sizes=\"(max-width: 1394px) 100vw, 1394px\" \/><img decoding=\"async\" class=\"alignnone wp-image-1439\" src=\"https:\/\/www.cosmepak.com\/wp-content\/uploads\/2025\/03\/photobank-3-1.jpg\" alt=\"\" width=\"1396\" height=\"1396\" srcset=\"https:\/\/www.cosmepak.com\/wp-content\/uploads\/2025\/03\/photobank-3-1.jpg 1000w, https:\/\/www.cosmepak.com\/wp-content\/uploads\/2025\/03\/photobank-3-1-300x300.jpg 300w, https:\/\/www.cosmepak.com\/wp-content\/uploads\/2025\/03\/photobank-3-1-150x150.jpg 150w, https:\/\/www.cosmepak.com\/wp-content\/uploads\/2025\/03\/photobank-3-1-768x768.jpg 768w, https:\/\/www.cosmepak.com\/wp-content\/uploads\/2025\/03\/photobank-3-1-600x600.jpg 600w, https:\/\/www.cosmepak.com\/wp-content\/uploads\/2025\/03\/photobank-3-1-100x100.jpg 100w\" sizes=\"(max-width: 1396px) 100vw, 1396px\" \/><img decoding=\"async\" class=\"alignnone wp-image-1440\" src=\"https:\/\/www.cosmepak.com\/wp-content\/uploads\/2025\/03\/photobank-5-1.jpg\" alt=\"\" width=\"1391\" height=\"1391\" srcset=\"https:\/\/www.cosmepak.com\/wp-content\/uploads\/2025\/03\/photobank-5-1.jpg 1000w, https:\/\/www.cosmepak.com\/wp-content\/uploads\/2025\/03\/photobank-5-1-300x300.jpg 300w, https:\/\/www.cosmepak.com\/wp-content\/uploads\/2025\/03\/photobank-5-1-150x150.jpg 150w, https:\/\/www.cosmepak.com\/wp-content\/uploads\/2025\/03\/photobank-5-1-768x768.jpg 768w, https:\/\/www.cosmepak.com\/wp-content\/uploads\/2025\/03\/photobank-5-1-600x600.jpg 600w, https:\/\/www.cosmepak.com\/wp-content\/uploads\/2025\/03\/photobank-5-1-100x100.jpg 100w\" sizes=\"(max-width: 1391px) 100vw, 1391px\" \/><img loading=\"lazy\" decoding=\"async\" class=\"alignnone wp-image-1441\" src=\"https:\/\/www.cosmepak.com\/wp-content\/uploads\/2025\/03\/photobank-4-1.jpg\" alt=\"\" width=\"1386\" height=\"1386\" srcset=\"https:\/\/www.cosmepak.com\/wp-content\/uploads\/2025\/03\/photobank-4-1.jpg 1000w, https:\/\/www.cosmepak.com\/wp-content\/uploads\/2025\/03\/photobank-4-1-300x300.jpg 300w, https:\/\/www.cosmepak.com\/wp-content\/uploads\/2025\/03\/photobank-4-1-150x150.jpg 150w, https:\/\/www.cosmepak.com\/wp-content\/uploads\/2025\/03\/photobank-4-1-768x768.jpg 768w, https:\/\/www.cosmepak.com\/wp-content\/uploads\/2025\/03\/photobank-4-1-600x600.jpg 600w, https:\/\/www.cosmepak.com\/wp-content\/uploads\/2025\/03\/photobank-4-1-100x100.jpg 100w\" sizes=\"(max-width: 1386px) 100vw, 1386px\" \/><\/p>\n<p>&nbsp;<\/p>\n<p class=\"ai-center-markdown-p\"><strong class=\"ai-center-markdown-strong\" data-spm-anchor-id=\"a2700.micro_cgs_home.0.i19.6e743e5ftETPZu\">Ba\u015fl\u0131k: 11.1mm E\u011fimli Plastik Ambalajl\u0131 Mat Platin Yuvarlak Ruj T\u00fcplerinin Zarafi\u011fi ve Pratikli\u011fi<\/strong><\/p>\n<p class=\"ai-center-markdown-p\">Kozmetiklerin rekabet\u00e7i d\u00fcnyas\u0131nda ambalaj, m\u00fc\u015fterileri \u00e7ekmekte ve genel kullan\u0131c\u0131 deneyimini geli\u015ftirmekte \u00f6nemli bir rol oynar. Bug\u00fcn pazardaki \u00f6nde gelen se\u00e7eneklerden biri, 11.1mm e\u011fimli plastik ambalajl\u0131 mat platin yuvarlak ruj t\u00fcp\u00fcd\u00fcr. Bu makale, bu yenilik\u00e7i ambalaj \u00e7\u00f6z\u00fcm\u00fcn\u00fcn zarifli\u011fini, pratikli\u011fini ve faydalar\u0131n\u0131 ara\u015ft\u0131rmaktad\u0131r.<\/p>\n<h3 id=\"elegance-in-design\" class=\"ai-center-markdown-h3\">Tasar\u0131mda Zarafl\u0131k<\/h3>\n<p class=\"ai-center-markdown-p\">Bu ruj t\u00fcplerinin mat platin kaplamas\u0131, l\u00fcks ve sofistike bir duygu sa\u011fl\u0131yor. Zarif, yuvarlak \u015fekil elinize rahat bir \u015fekilde uyuyor ve herhangi bir makyaj koleksiyonuna \u00e7ekici bir ekleme haline geliyor. A\u00e7\u0131l\u0131\u015ftaki e\u011fimli tasar\u0131m, sadece \u015f\u0131k de\u011fil, ayn\u0131 zamanda hassas uygulama i\u00e7in fonksiyonel hale getiren modern bir b\u00fck\u00fclme ekler.<\/p>\n<h3 id=\"practicality-and-durability\" class=\"ai-center-markdown-h3\">Pratik ve Dayan\u0131kl\u0131l\u0131k<\/h3>\n<p class=\"ai-center-markdown-p\">Plastik ambalaj, dayan\u0131kl\u0131l\u0131k ve hafif \u00f6zellikler de dahil olmak \u00fczere \u00e7e\u015fitli avantajlar sunar. 11.1mm boyutu, standart ruj kur\u015funlar\u0131 i\u00e7in m\u00fckemmeldir, rahat bir uyum ve kolay uygulama sa\u011flar. Mat kaplama sadece zarif g\u00f6r\u00fcnmekle kalmaz, ayn\u0131 zamanda tesad\u00fcfen d\u00fc\u015fme riskini azaltan kaymaz bir tutu\u015f sa\u011flar.<\/p>\n<h3 id=\"benefits-for-manufacturers-and-consumers\" class=\"ai-center-markdown-h3\">\u00dcreticiler ve T\u00fcketiciler i\u00e7in Faydalar<\/h3>\n<p class=\"ai-center-markdown-p\">\u00dcreticiler i\u00e7in bu ruj t\u00fcpleri uygun maliyetli ve b\u00fcy\u00fck miktarda \u00fcretimi kolayd\u0131r. Plastik malzeme, renk varyasyonlar\u0131ndan markalama f\u0131rsatlar\u0131na kadar geni\u015f bir \u00f6zelle\u015ftirme se\u00e7ene\u011fi sa\u011flar. T\u00fcketiciler i\u00e7in, mat platin yuvarlak ruj t\u00fcp\u00fc, metal ambalajla ili\u015fkili a\u011f\u0131r fiyat etiketi olmadan premium bir hissi sunar.<\/p>\n<h3 id=\"environmental-considerations\" class=\"ai-center-markdown-h3\">\u00c7evresel Dikkatler<\/h3>\n<p class=\"ai-center-markdown-p\">Plastik genellikle \u00e7evresel etkisi nedeniyle ele\u015ftirilirken, \u00e7evre dostu malzemeler ve geri d\u00f6n\u00fc\u015f\u00fcm teknolojilerindeki ilerlemeler daha s\u00fcrd\u00fcr\u00fclebilir plastik ambalaj \u00fcretimini m\u00fcmk\u00fcn k\u0131lm\u0131\u015ft\u0131r. \u00dcreticiler, \u00fcr\u00fcnlerinin \u00e7evresel ayak izi azaltarak geri d\u00f6n\u00fc\u015ft\u00fcr\u00fclebilir veya biyolojik bozulabilir plastikler se\u00e7ebilirler.<\/p>\n<h3 id=\"conclusion\" class=\"ai-center-markdown-h3\">Sonu\u00e7<\/h3>\n<p class=\"ai-center-markdown-p\">11.1mm e\u011fimli plastik ambalajl\u0131 mat platin yuvarlak ruj t\u00fcp\u00fc, zariflik ve pratikli\u011fin m\u00fckemmel bir kar\u0131\u015f\u0131m\u0131d\u0131r. L\u00fcks g\u00f6r\u00fcn\u00fcm\u00fc, i\u015flevsel tasar\u0131m\u0131 ve maliyet etkinli\u011fi ile birle\u015ftirilmi\u015f, hem \u00fcreticiler hem de t\u00fcketiciler i\u00e7in ideal bir se\u00e7im haline getiriyor. Kozmetik end\u00fcstrisi geli\u015fmeye devam ettik\u00e7e, bu gibi yenilik\u00e7i ambalaj \u00e7\u00f6z\u00fcmleri ku\u015fkusuz g\u00fczellik \u00fcr\u00fcnlerinin gelece\u011fini \u015fekillendirmede \u00f6nemli bir rol oynayacakt\u0131r.<\/p>\n<p><img loading=\"lazy\" decoding=\"async\" class=\"alignnone size-full wp-image-1347\" src=\"https:\/\/www.cosmepak.com\/wp-content\/uploads\/2024\/12\/\u9996\u987519202_03.jpg\" alt=\"\" width=\"1920\" height=\"885\" srcset=\"https:\/\/www.cosmepak.com\/wp-content\/uploads\/2024\/12\/\u9996\u987519202_03.jpg 1920w, https:\/\/www.cosmepak.com\/wp-content\/uploads\/2024\/12\/\u9996\u987519202_03-300x138.jpg 300w, https:\/\/www.cosmepak.com\/wp-content\/uploads\/2024\/12\/\u9996\u987519202_03-1024x472.jpg 1024w, https:\/\/www.cosmepak.com\/wp-content\/uploads\/2024\/12\/\u9996\u987519202_03-768x354.jpg 768w, https:\/\/www.cosmepak.com\/wp-content\/uploads\/2024\/12\/\u9996\u987519202_03-1536x708.jpg 1536w, https:\/\/www.cosmepak.com\/wp-content\/uploads\/2024\/12\/\u9996\u987519202_03-600x277.jpg 600w\" sizes=\"(max-width: 1920px) 100vw, 1920px\" \/> <img loading=\"lazy\" decoding=\"async\" class=\"alignnone size-full wp-image-1348\" src=\"https:\/\/www.cosmepak.com\/wp-content\/uploads\/2024\/12\/\u9996\u987519202_04.jpg\" alt=\"\" width=\"1920\" height=\"694\" srcset=\"https:\/\/www.cosmepak.com\/wp-content\/uploads\/2024\/12\/\u9996\u987519202_04.jpg 1920w, https:\/\/www.cosmepak.com\/wp-content\/uploads\/2024\/12\/\u9996\u987519202_04-300x108.jpg 300w, https:\/\/www.cosmepak.com\/wp-content\/uploads\/2024\/12\/\u9996\u987519202_04-1024x370.jpg 1024w, https:\/\/www.cosmepak.com\/wp-content\/uploads\/2024\/12\/\u9996\u987519202_04-768x278.jpg 768w, https:\/\/www.cosmepak.com\/wp-content\/uploads\/2024\/12\/\u9996\u987519202_04-1536x555.jpg 1536w, https:\/\/www.cosmepak.com\/wp-content\/uploads\/2024\/12\/\u9996\u987519202_04-600x217.jpg 600w\" sizes=\"(max-width: 1920px) 100vw, 1920px\" \/><\/p>\n<p><img loading=\"lazy\" decoding=\"async\" class=\"alignnone size-full wp-image-1350\" src=\"https:\/\/www.cosmepak.com\/wp-content\/uploads\/2024\/12\/\u9996\u987519202_05-1.jpg\" alt=\"\" width=\"1920\" height=\"970\" srcset=\"https:\/\/www.cosmepak.com\/wp-content\/uploads\/2024\/12\/\u9996\u987519202_05-1.jpg 1920w, https:\/\/www.cosmepak.com\/wp-content\/uploads\/2024\/12\/\u9996\u987519202_05-1-300x152.jpg 300w, https:\/\/www.cosmepak.com\/wp-content\/uploads\/2024\/12\/\u9996\u987519202_05-1-1024x517.jpg 1024w, https:\/\/www.cosmepak.com\/wp-content\/uploads\/2024\/12\/\u9996\u987519202_05-1-768x388.jpg 768w, https:\/\/www.cosmepak.com\/wp-content\/uploads\/2024\/12\/\u9996\u987519202_05-1-1536x776.jpg 1536w, https:\/\/www.cosmepak.com\/wp-content\/uploads\/2024\/12\/\u9996\u987519202_05-1-600x303.jpg 600w\" sizes=\"(max-width: 1920px) 100vw, 1920px\" \/><\/p>\n<p><img loading=\"lazy\" decoding=\"async\" class=\"alignnone wp-image-1351\" src=\"https:\/\/www.cosmepak.com\/wp-content\/uploads\/2024\/12\/\u7269\u6d41\u8fd0\u8f93\u753b\u9762-2.jpg\" alt=\"\" width=\"1424\" height=\"1068\" srcset=\"https:\/\/www.cosmepak.com\/wp-content\/uploads\/2024\/12\/\u7269\u6d41\u8fd0\u8f93\u753b\u9762-2.jpg 800w, https:\/\/www.cosmepak.com\/wp-content\/uploads\/2024\/12\/\u7269\u6d41\u8fd0\u8f93\u753b\u9762-2-300x225.jpg 300w, https:\/\/www.cosmepak.com\/wp-content\/uploads\/2024\/12\/\u7269\u6d41\u8fd0\u8f93\u753b\u9762-2-768x576.jpg 768w, https:\/\/www.cosmepak.com\/wp-content\/uploads\/2024\/12\/\u7269\u6d41\u8fd0\u8f93\u753b\u9762-2-600x450.jpg 600w\" sizes=\"(max-width: 1424px) 100vw, 1424px\" \/><\/p>\n<table style=\"border-collapse: collapse; width: 100%; height: 144px;\">\n<tbody>\n<tr style=\"height: 24px;\">\n<td style=\"width: 33.3333%; text-align: center; height: 24px;\"><span style=\"font-size: 14pt;\"><strong>\u0130fade etmek<\/strong><\/span><\/td>\n<td style=\"width: 33.3333%; text-align: center; height: 24px;\"><span style=\"font-size: 14pt;\"><strong>Hava y\u00fck\u00fc<\/strong><\/span><\/td>\n<td style=\"width: 33.3333%; text-align: center; height: 24px;\"><span style=\"font-size: 14pt;\"><strong>Deniz ta\u015f\u0131mac\u0131l\u0131\u011f\u0131<\/strong><\/span><\/td>\n<\/tr>\n<tr style=\"height: 24px;\">\n<td style=\"width: 33.3333%; text-align: center; height: 24px;\">Avrupa 4-6 g\u00fcn<\/td>\n<td style=\"width: 33.3333%; text-align: center; height: 24px;\">Avrupa 4-6 g\u00fcn<\/td>\n<td style=\"width: 33.3333%; text-align: center; height: 24px;\">Avrupa 25-35 g\u00fcn<\/td>\n<\/tr>\n<tr style=\"height: 24px;\">\n<td style=\"width: 33.3333%; text-align: center; height: 24px;\">Morth America 4-6 g\u00fcn<\/td>\n<td style=\"width: 33.3333%; text-align: center; height: 24px;\">Morth America 4-6 g\u00fcn<\/td>\n<td style=\"width: 33.3333%; text-align: center; height: 24px;\">Morth America 25-35 g\u00fcn<\/td>\n<\/tr>\n<tr style=\"height: 24px;\">\n<td style=\"width: 33.3333%; text-align: center; height: 24px;\">G\u00fcney Do\u011fu Asya 3-5 g\u00fcn<\/td>\n<td style=\"width: 33.3333%; text-align: center; height: 24px;\">G\u00fcney Do\u011fu Asya 3-5 g\u00fcn<\/td>\n<td style=\"width: 33.3333%; text-align: center; height: 24px;\">G\u00fcney Do\u011fu Asya 25-35 g\u00fcn<\/td>\n<\/tr>\n<tr style=\"height: 24px;\">\n<td style=\"width: 33.3333%; text-align: center; height: 24px;\">Orta Do\u011fu 4-6 g\u00fcn<\/td>\n<td style=\"width: 33.3333%; text-align: center; height: 24px;\">Orta Do\u011fu 4-6 g\u00fcn<\/td>\n<td style=\"width: 33.3333%; text-align: center; height: 24px;\">Orta Do\u011fu 25-35 g\u00fcn<\/td>\n<\/tr>\n<tr style=\"height: 24px;\">\n<td style=\"width: 33.3333%; text-align: center; height: 24px;\">G\u00fcney Afrika 5-8 g\u00fcn<\/td>\n<td style=\"width: 33.3333%; text-align: center; height: 24px;\">G\u00fcney Afrika 5-8 g\u00fcn<\/td>\n<td style=\"width: 33.3333%; text-align: center; height: 24px;\">G\u00fcney Afrika 25-35 g\u00fcn<\/td>\n<\/tr>\n<\/tbody>\n<\/table>\n<p><span style=\"font-size: 14pt;\"><strong>SSS:\u00a0<\/strong><\/span><\/p>\n<h3 id=\"why-should-you-buy-from-us-instead-of-other-suppliers\" class=\"ai-center-markdown-h3\" data-spm-anchor-id=\"a2700.micro_cgs_home.0.i14.6e743e5ftETPZu\">Neden di\u011fer tedarik\u00e7iler yerine bizden sat\u0131n almal\u0131s\u0131n\u0131z?<\/h3>\n<p class=\"ai-center-markdown-p\"><strong class=\"ai-center-markdown-strong\">Sadece 3 Dakikada \u00d6zelle\u015ftirilmi\u015f Tasar\u0131mlar:<\/strong>\u00a0\u0130htiya\u00e7lar\u0131n\u0131za uygun h\u0131zl\u0131 ve verimli tasar\u0131m hizmetleri.<\/p>\n<p class=\"ai-center-markdown-p\"><strong class=\"ai-center-markdown-strong\">24\/7 \u00c7evrimi\u00e7i Hizmet:<\/strong>\u00a0Her zaman size yard\u0131mc\u0131 olmak i\u00e7in haz\u0131r, ne olursa olsun.<\/p>\n<p class=\"ai-center-markdown-p\"><strong class=\"ai-center-markdown-strong\">H\u0131zl\u0131 \u00d6rnek D\u00f6n\u00fc\u015f\u00fcm\u00fc:<\/strong>\u00a0Stok \u00f6rnekleri 7 g\u00fcn i\u00e7inde, \u00f6zel bas\u0131l\u0131 \u00f6rnekler 15 g\u00fcn i\u00e7inde mevcuttur.<\/p>\n<p class=\"ai-center-markdown-p\"><strong class=\"ai-center-markdown-strong\">G\u00fcvenilir Kur\u015fun S\u00fcresi:<\/strong>\u00a0Sipari\u015fleriniz i\u00e7in tutarl\u0131 35 g\u00fcnl\u00fck teslim s\u00fcresi.<\/p>\n<p class=\"ai-center-markdown-p\"><strong class=\"ai-center-markdown-strong\">Kan\u0131tlanm\u0131\u015f Uzmanl\u0131k:<\/strong>\u00a0Kozmetik ambalaj end\u00fcstrisinde 10 y\u0131ldan fazla deneyim.<\/p>\n<p class=\"ai-center-markdown-p\"><strong class=\"ai-center-markdown-strong\">Fabrika Do\u011frudan:<\/strong>\u00a0En iyi fiyatlar ve hizmetler do\u011frudan fabrikam\u0131zdan.<\/p>\n<p class=\"ai-center-markdown-p\"><strong class=\"ai-center-markdown-strong\">Kapsaml\u0131 \u00c7\u00f6z\u00fcmler:<\/strong>\u00a0T\u00fcm kozmetik ambalaj ihtiya\u00e7lar\u0131n\u0131z i\u00e7in tek durakl\u0131 \u00e7\u00f6z\u00fcm.<\/p>\n<h3 id=\"who-are-we\" class=\"ai-center-markdown-h3\">Biz Kimiz?<\/h3>\n<p class=\"ai-center-markdown-p\">Biz 2014 y\u0131l\u0131nda kurulan Zhejiang, \u00c7in merkezli bir kozmetik ambalaj \u015firketiyiz. Ana pazarlar\u0131m\u0131z \u015funlard\u0131r:<\/p>\n<div class=\"ai-center-markdown-table-scroll-container\">\n<table class=\"ai-center-markdown-table\">\n<thead class=\"ai-center-markdown-thead\">\n<tr class=\"ai-center-markdown-tr\">\n<th class=\"ai-center-markdown-th\" width=\"fit-content\">B\u00f6lge<\/th>\n<th class=\"ai-center-markdown-th\" width=\"fit-content\">Pazar Pay\u0131<\/th>\n<\/tr>\n<\/thead>\n<tbody class=\"ai-center-markdown-tbody\">\n<tr class=\"ai-center-markdown-tr\">\n<td class=\"ai-center-markdown-td\" width=\"fit-content\">\u0130\u00e7 Pazar<\/td>\n<td class=\"ai-center-markdown-td\" width=\"fit-content\">70%<\/td>\n<\/tr>\n<tr class=\"ai-center-markdown-tr\">\n<td class=\"ai-center-markdown-td\" width=\"fit-content\">Okyanusya<\/td>\n<td class=\"ai-center-markdown-td\" width=\"fit-content\">8%<\/td>\n<\/tr>\n<tr class=\"ai-center-markdown-tr\">\n<td class=\"ai-center-markdown-td\" width=\"fit-content\">Ortado\u011fu<\/td>\n<td class=\"ai-center-markdown-td\" width=\"fit-content\">7%<\/td>\n<\/tr>\n<tr class=\"ai-center-markdown-tr\">\n<td class=\"ai-center-markdown-td\" width=\"fit-content\">Do\u011fu Asya<\/td>\n<td class=\"ai-center-markdown-td\" width=\"fit-content\">2%<\/td>\n<\/tr>\n<tr class=\"ai-center-markdown-tr\">\n<td class=\"ai-center-markdown-td\" width=\"fit-content\">Kuzey Amerika<\/td>\n<td class=\"ai-center-markdown-td\" width=\"fit-content\">2%<\/td>\n<\/tr>\n<tr class=\"ai-center-markdown-tr\">\n<td class=\"ai-center-markdown-td\" width=\"fit-content\">Bat\u0131 Avrupa<\/td>\n<td class=\"ai-center-markdown-td\" width=\"fit-content\">2%<\/td>\n<\/tr>\n<tr class=\"ai-center-markdown-tr\">\n<td class=\"ai-center-markdown-td\" width=\"fit-content\">G\u00fcneydo\u011fu Asya<\/td>\n<td class=\"ai-center-markdown-td\" width=\"fit-content\">2%<\/td>\n<\/tr>\n<tr class=\"ai-center-markdown-tr\">\n<td class=\"ai-center-markdown-td\" width=\"fit-content\">G\u00fcney Asya<\/td>\n<td class=\"ai-center-markdown-td\" width=\"fit-content\">1%<\/td>\n<\/tr>\n<tr class=\"ai-center-markdown-tr\">\n<td class=\"ai-center-markdown-td\" width=\"fit-content\">G\u00fcney Amerika<\/td>\n<td class=\"ai-center-markdown-td\" width=\"fit-content\">1%<\/td>\n<\/tr>\n<tr class=\"ai-center-markdown-tr\">\n<td class=\"ai-center-markdown-td\" width=\"fit-content\">G\u00fcney Avrupa<\/td>\n<td class=\"ai-center-markdown-td\" width=\"fit-content\">1%<\/td>\n<\/tr>\n<tr class=\"ai-center-markdown-tr\">\n<td class=\"ai-center-markdown-td\" width=\"fit-content\">Orta Amerika<\/td>\n<td class=\"ai-center-markdown-td\" width=\"fit-content\">1%<\/td>\n<\/tr>\n<tr class=\"ai-center-markdown-tr\">\n<td class=\"ai-center-markdown-td\" width=\"fit-content\">Kuzey Avrupa<\/td>\n<td class=\"ai-center-markdown-td\" width=\"fit-content\">1%<\/td>\n<\/tr>\n<tr class=\"ai-center-markdown-tr\">\n<td class=\"ai-center-markdown-td\" width=\"fit-content\">Afrika<\/td>\n<td class=\"ai-center-markdown-td\" width=\"fit-content\">1%<\/td>\n<\/tr>\n<tr class=\"ai-center-markdown-tr\">\n<td class=\"ai-center-markdown-td\" width=\"fit-content\">Do\u011fu Avrupa<\/td>\n<td class=\"ai-center-markdown-td\" width=\"fit-content\">1%<\/td>\n<\/tr>\n<\/tbody>\n<\/table>\n<\/div>\n<h3 id=\"how-can-we-guarantee-quality\" class=\"ai-center-markdown-h3\">Kaliteyi nas\u0131l garanti edebiliriz?<\/h3>\n<ul class=\"ai-center-markdown-ul\">\n<li class=\"ai-center-markdown-li\"><strong class=\"ai-center-markdown-strong\">\u00dcretim \u00d6ncesi \u00d6rnekler:<\/strong>\u00a0Her zaman seri \u00fcretimden \u00f6nce sa\u011flan\u0131r.<\/li>\n<li class=\"ai-center-markdown-li\"><strong class=\"ai-center-markdown-strong\">Son Muayene:<\/strong>\u00a0Kargo \u00f6ncesi kapsaml\u0131 muayene.<\/li>\n<\/ul>\n<h3 id=\"what-can-you-buy-from-us\" class=\"ai-center-markdown-h3\">Bizden ne sat\u0131n alabilirsiniz?<\/h3>\n<ul class=\"ai-center-markdown-ul\">\n<li class=\"ai-center-markdown-li\">Cam \u015ei\u015feler<\/li>\n<li class=\"ai-center-markdown-li\">Plastik \u015fi\u015feler \/ kavanozlar \/ t\u00fcpler<\/li>\n<li class=\"ai-center-markdown-li\">Al\u00fcminyum \u015fi\u015feler \/ kavanozlar \/ t\u00fcpler<\/li>\n<li class=\"ai-center-markdown-li\">\u00c7e\u015fitli kozmetik ambalaj malzemeleri<\/li>\n<\/ul>\n<h3 id=\"what-services-can-we-provide\" class=\"ai-center-markdown-h3\">Hangi Hizmetleri Sunabiliriz?<\/h3>\n<ul class=\"ai-center-markdown-ul\">\n<li class=\"ai-center-markdown-li\"><strong class=\"ai-center-markdown-strong\">Teslimat Ko\u015fullar\u0131:<\/strong>\u00a0FOB, CFR, CIF<\/li>\n<li class=\"ai-center-markdown-li\"><strong class=\"ai-center-markdown-strong\">\u00d6deme para birimleri:<\/strong>\u00a0ABD Dolar\u0131, EUR, HKD, CNY<\/li>\n<li class=\"ai-center-markdown-li\"><strong class=\"ai-center-markdown-strong\">\u00d6deme T\u00fcrleri:<\/strong>\u00a0T \/ T, L \/ C, D \/ P, D \/ A<\/li>\n<\/ul>","protected":false},"excerpt":{"rendered":"<p>Malzeme: ABS<\/p>\n<p>Capacity: 3.5g<\/p>\n<p>Size: 85*18.5mm<\/p>\n<p>Renk: \u00d6zelle\u015ftirilmi\u015f Kabul (Mevcut Pantone Rengi)<\/p>\n<p>Y\u00fczey Kaplamas\u0131: Serip Bask\u0131, S\u0131cak Damgalama, Mat Kaplama, vb.<\/p>\n<p>MOQ: 10000 pcs<\/p>\n<p>\u00d6rnek: \u00dccretsiz \u00f6rnekler mevcut<\/p>\n<p>&nbsp;<\/p>\n<p>&nbsp;<\/p>","protected":false},"featured_media":1437,"comment_status":"closed","ping_status":"closed","template":"","meta":{"_acf_changed":false},"product_brand":[],"product_cat":[53,36],"product_tag":[39],"class_list":{"0":"post-1435","1":"product","2":"type-product","3":"status-publish","4":"has-post-thumbnail","6":"product_cat-lipstick-tube","7":"product_cat-makeup","8":"product_tag-makeup","10":"first","11":"outofstock","12":"shipping-taxable","13":"product-type-simple"},"acf":[],"_links":{"self":[{"href":"https:\/\/www.cosmepak.com\/tr\/wp-json\/wp\/v2\/product\/1435","targetHints":{"allow":["GET"]}}],"collection":[{"href":"https:\/\/www.cosmepak.com\/tr\/wp-json\/wp\/v2\/product"}],"about":[{"href":"https:\/\/www.cosmepak.com\/tr\/wp-json\/wp\/v2\/types\/product"}],"replies":[{"embeddable":true,"href":"https:\/\/www.cosmepak.com\/tr\/wp-json\/wp\/v2\/comments?post=1435"}],"wp:featuredmedia":[{"embeddable":true,"href":"https:\/\/www.cosmepak.com\/tr\/wp-json\/wp\/v2\/media\/1437"}],"wp:attachment":[{"href":"https:\/\/www.cosmepak.com\/tr\/wp-json\/wp\/v2\/media?parent=1435"}],"wp:term":[{"taxonomy":"product_brand","embeddable":true,"href":"https:\/\/www.cosmepak.com\/tr\/wp-json\/wp\/v2\/product_brand?post=1435"},{"taxonomy":"product_cat","embeddable":true,"href":"https:\/\/www.cosmepak.com\/tr\/wp-json\/wp\/v2\/product_cat?post=1435"},{"taxonomy":"product_tag","embeddable":true,"href":"https:\/\/www.cosmepak.com\/tr\/wp-json\/wp\/v2\/product_tag?post=1435"}],"curies":[{"name":"wp","href":"https:\/\/api.w.org\/{rel}","templated":true}]}}