{"id":1442,"date":"2025-03-27T14:01:12","date_gmt":"2025-03-27T06:01:12","guid":{"rendered":"https:\/\/www.cosmepak.com\/?post_type=product&#038;p=1442"},"modified":"2025-10-21T15:02:57","modified_gmt":"2025-10-21T07:02:57","slug":"lip-gloss-tube-cartoon-lipstick-tube-jaunce","status":"publish","type":"product","link":"https:\/\/www.cosmepak.com\/tr\/product\/lip-gloss-tube-cartoon-lipstick-tube-jaunce\/","title":{"rendered":"Dudak Parlat\u0131c\u0131 T\u00fcp-Kart ruj t\u00fcp\u00fc \/Jaunce"},"content":{"rendered":"<table style=\"border-collapse: collapse; width: 100%; height: 216px;\">\n<tbody>\n<tr style=\"height: 24px;\">\n<td style=\"width: 50.8254%; height: 24px; text-align: center;\">Marka<\/td>\n<td style=\"width: 49.1746%; height: 24px; text-align: center;\">\u00a0Fahi\u015fe<\/td>\n<\/tr>\n<tr style=\"height: 24px;\">\n<td style=\"width: 50.8254%; height: 24px; text-align: center;\">Kapasite<\/td>\n<td style=\"width: 49.1746%; height: 24px; text-align: center;\">3.5g<\/td>\n<\/tr>\n<tr style=\"height: 24px;\">\n<td style=\"width: 50.8254%; height: 24px; text-align: center;\">\u015eekil<\/td>\n<td style=\"width: 49.1746%; height: 24px; text-align: center;\">Yuvarlak<\/td>\n<\/tr>\n<tr style=\"height: 24px;\">\n<td style=\"width: 50.8254%; height: 24px; text-align: center;\">Boyut<\/td>\n<td style=\"width: 49.1746%; height: 24px; text-align: center;\">26*79mm<\/td>\n<\/tr>\n<tr style=\"height: 24px;\">\n<td style=\"width: 50.8254%; height: 24px; text-align: center;\">Uydurma<\/td>\n<td style=\"width: 49.1746%; height: 24px; text-align: center;\">\u00a0Kapak<\/td>\n<\/tr>\n<tr style=\"height: 24px;\">\n<td style=\"width: 50.8254%; height: 24px; text-align: center;\">Model<\/td>\n<td style=\"width: 49.1746%; height: 24px; text-align: center;\">Packa\u062c\u0631\u0627\u0645\u0628\u0648\u0633\u0629g Marka Resimini Nas\u0131l Etkiler?<\/td>\n<\/tr>\n<tr style=\"height: 24px;\">\n<td style=\"width: 50.8254%; height: 24px; text-align: center;\">OEM ve ODM<\/td>\n<td style=\"width: 49.1746%; height: 24px; text-align: center;\">Kabul etmek<\/td>\n<\/tr>\n<tr style=\"height: 24px;\">\n<td style=\"width: 50.8254%; height: 24px; text-align: center;\">Renk<\/td>\n<td style=\"width: 49.1746%; height: 24px; text-align: center;\">\u00d6zelle\u015ftirilmi\u015f<\/td>\n<\/tr>\n<tr style=\"height: 24px;\">\n<td style=\"width: 50.8254%; height: 24px; text-align: center;\">Moq<\/td>\n<td style=\"width: 49.1746%; height: 24px; text-align: center;\">10000 pcs<\/td>\n<\/tr>\n<\/tbody>\n<\/table>\n<p><img fetchpriority=\"high\" decoding=\"async\" class=\"size-full wp-image-3153 aligncenter\" src=\"https:\/\/www.cosmepak.com\/wp-content\/uploads\/2025\/03\/\u8be6\u60c5-4-1.jpg\" alt=\"\" width=\"1000\" height=\"1000\" srcset=\"https:\/\/www.cosmepak.com\/wp-content\/uploads\/2025\/03\/\u8be6\u60c5-4-1.jpg 1000w, https:\/\/www.cosmepak.com\/wp-content\/uploads\/2025\/03\/\u8be6\u60c5-4-1-300x300.jpg 300w, https:\/\/www.cosmepak.com\/wp-content\/uploads\/2025\/03\/\u8be6\u60c5-4-1-150x150.jpg 150w, https:\/\/www.cosmepak.com\/wp-content\/uploads\/2025\/03\/\u8be6\u60c5-4-1-768x768.jpg 768w, https:\/\/www.cosmepak.com\/wp-content\/uploads\/2025\/03\/\u8be6\u60c5-4-1-12x12.jpg 12w, https:\/\/www.cosmepak.com\/wp-content\/uploads\/2025\/03\/\u8be6\u60c5-4-1-600x600.jpg 600w, https:\/\/www.cosmepak.com\/wp-content\/uploads\/2025\/03\/\u8be6\u60c5-4-1-100x100.jpg 100w\" sizes=\"(max-width: 1000px) 100vw, 1000px\" \/><\/p>\n<pre class=\"tw-data-text tw-text-large tw-ta\" dir=\"ltr\" tabindex=\"-1\" role=\"text\" data-placeholder=\"\u7ffb\u8bd1\" data-ved=\"2ahUKEwjk97uj2bSQAxWBmSYFHepFCjwQ3ewLegQIChAW\" aria-label=\"Hangi DesiGraman Elements \u00c7al\u0131\u015fmaya Odaklanmal\u0131s\u0131n\u0131z?\"><span class=\"Y2IQFc\" lang=\"en\">\u015ei\u015feniz, m\u00fc\u015fterilerin g\u00f6rd\u00fc\u011f\u00fc ilk \u015fi\u015fedir. E\u011flenceli veya g\u00fczel bir kozmetik \u015fi\u015fesi markan\u0131z\u0131 \u015fa\u015f\u0131rt\u0131c\u0131 g\u00f6sterebilir. Markan\u0131z\u0131n ne \u00f6nemsedi\u011fini g\u00f6steriyor, iyi \u015feyler yapmak veya D\u00fcnya'ya yard\u0131m etmek gibi. Fansi markalar genellikle cam kozmetik \u015fi\u015feleri se\u00e7er. \u00d6zel hissediyorlar ve geri d\u00f6n\u00fc\u015ft\u00fcr\u00fclebilirler. Daha ucuz markalar plasti\u011fi se\u00e7ebilir. Daha az mal ama hala g\u00fczel g\u00f6r\u00fcn\u00fcyor. <strong>\r\nKozmetik \u015fi\u015feler i\u00e7in hangi malzemeler en iyi \u00e7al\u0131\u015f\u0131r?<\/strong>\r\nHer metamateryalin kendi strengramlar\u0131 vard\u0131r. Ne satt\u0131\u011f\u0131n\u0131za ba\u011fl\u0131d\u0131r:\r\n<\/span><\/pre>\n<div id=\"tw-container\" class=\"nev7se\" data-cp=\"1\" data-nnttsvi=\"1\" data-ntl-tooltip=\"true\" data-sletp=\"false\" data-sm=\"1\" data-ssbp=\"true\" data-sugg-time=\"500\" data-sugg-url=\"https:\/\/clients1.google.com\/complete\/search\" data-uilc=\"zh-CN\" data-vil=\",af,af-ZA,am,am-ET,ar-EG,ar-AE,ar-KW,ar-QA,ar,ar-IL,ar-JO,ar-LB,ar-PS,az,az-AZ,bg,bg-BG,bn,bn-BD,bn-IN,ca,ca-es,cs,cs-CZ,de,de-DE,de-CH,de-AT,de-LI,en,en-US,en-CA,en-AU,en-NZ,en-GB,en-IN,en-KE,en-TZ,en-NG,en-GH,en-PH,en-ZA,es,es-ES,es-AR,es-UY,es-419,es-BO,es-CL,es-CR,es-CO,es-DO,es-EC,es-GT,es-HN,es-NI,es-PA,es-PE,es-PR,es-PY,es-SV,es-VE,es-MX,es-US,eu,eu-ES,fi,fi-FI,fr,fr-FR,fr-CH,fr-BE,gl,gl-ES,gu,gu-IN,he,he-IL,iw,iw-IL,hu,hu-HU,hy,hy-AM,id,id-ID,is,is-IS,it,it-IT,it-CH,ja,ja-JP,jv,jv-ID,ka,ka-GE,km,km-KH,kn,kn-IN,ko,ko-KR,la,lo,lo-LA,lv,lv-LV,ml,ml-IN,mr,mr-IN,ms,ms-MY,nl,nl-NL,nb,nb-NO,ne,ne-NP,pl,pl-PL,pt,pt-BR,pt-PT,ro,ro-RO,ru,ru-RU,si-LK,sk,sk-SK,sr,sr-RS,su,su-ID,sv,sv-SE,sw,sw-TZ,sw-KE,ta,ta-IN,ta-SG,ta-LK,ta-MY,te,te-IN,tr,tr-TR,ur,ur-PK,ur-IN,yue,yue-HK,yue-Hant-HK,zh-HK,zh,zh-CN,zh-cmn,zh-cmn-CN,zh-Hans,zh-Hans-CN,zh-cmn-Hans,zh-cmn-Hans-CN,cmn-CN,cmn-Hans,cmn-Hans-CN,zh-TW,zh-Hant-TW,cmn-TW,cmn-Hant-TW,zh-cmn-TW,zh-cmn-Hant-TW,zu,zu-ZA,hi,hi-IN,tl,tl-PH,pa,pa-IN\">\n<div id=\"tw-ob\" class=\"tw-src-ltr\">\n<div class=\"oSioSc\">\n<div id=\"tw-target\">\n<div id=\"kAz1tf\" class=\"g9WsWb PZPZlf\" data-attrid=\"tw-targetArea\" data-entityname=\"Google Translate\">\n<div id=\"tw-target-text-container\" class=\"tw-ta-container tw-nfl\" tabindex=\"0\" role=\"text\">\n<pre class=\"tw-data-text tw-text-large tw-ta\" dir=\"ltr\" tabindex=\"-1\" role=\"text\" data-placeholder=\"\u7ffb\u8bd1\" data-ved=\"2ahUKEwjk97uj2bSQAxWBmSYFHepFCjwQ3ewLegQIChAW\" aria-label=\"Ergramonometrik \u015eekil Kullan\u0131labilirli\u011fi Geli\u015ftirir mi?\"><span class=\"Y2IQFc\" lang=\"en\"><strong>: Perfumetres veya serumlar gibi fantezi thbusat\u062c\u0631\u0627mlar i\u00e7in m\u00fckemmel.<\/strong>\r\n: Li\u062c\u0631\u0627mht ve ucuz, plastik gibi\r\n<\/span><\/pre>\n<div id=\"tw-container\" class=\"nev7se\" data-cp=\"1\" data-nnttsvi=\"1\" data-ntl-tooltip=\"true\" data-sletp=\"false\" data-sm=\"1\" data-ssbp=\"true\" data-sugg-time=\"500\" data-sugg-url=\"https:\/\/clients1.google.com\/complete\/search\" data-uilc=\"zh-CN\" data-vil=\",af,af-ZA,am,am-ET,ar-EG,ar-AE,ar-KW,ar-QA,ar,ar-IL,ar-JO,ar-LB,ar-PS,az,az-AZ,bg,bg-BG,bn,bn-BD,bn-IN,ca,ca-es,cs,cs-CZ,de,de-DE,de-CH,de-AT,de-LI,en,en-US,en-CA,en-AU,en-NZ,en-GB,en-IN,en-KE,en-TZ,en-NG,en-GH,en-PH,en-ZA,es,es-ES,es-AR,es-UY,es-419,es-BO,es-CL,es-CR,es-CO,es-DO,es-EC,es-GT,es-HN,es-NI,es-PA,es-PE,es-PR,es-PY,es-SV,es-VE,es-MX,es-US,eu,eu-ES,fi,fi-FI,fr,fr-FR,fr-CH,fr-BE,gl,gl-ES,gu,gu-IN,he,he-IL,iw,iw-IL,hu,hu-HU,hy,hy-AM,id,id-ID,is,is-IS,it,it-IT,it-CH,ja,ja-JP,jv,jv-ID,ka,ka-GE,km,km-KH,kn,kn-IN,ko,ko-KR,la,lo,lo-LA,lv,lv-LV,ml,ml-IN,mr,mr-IN,ms,ms-MY,nl,nl-NL,nb,nb-NO,ne,ne-NP,pl,pl-PL,pt,pt-BR,pt-PT,ro,ro-RO,ru,ru-RU,si-LK,sk,sk-SK,sr,sr-RS,su,su-ID,sv,sv-SE,sw,sw-TZ,sw-KE,ta,ta-IN,ta-SG,ta-LK,ta-MY,te,te-IN,tr,tr-TR,ur,ur-PK,ur-IN,yue,yue-HK,yue-Hant-HK,zh-HK,zh,zh-CN,zh-cmn,zh-cmn-CN,zh-Hans,zh-Hans-CN,zh-cmn-Hans,zh-cmn-Hans-CN,cmn-CN,cmn-Hans,cmn-Hans-CN,zh-TW,zh-Hant-TW,cmn-TW,cmn-Hant-TW,zh-cmn-TW,zh-cmn-Hant-TW,zu,zu-ZA,hi,hi-IN,tl,tl-PH,pa,pa-IN\">\n<div>\n<div>\n<div id=\"tw-ob\" class=\"tw-src-ltr\">\n<div class=\"oSioSc\">\n<div id=\"tw-target\">\n<div id=\"kAz1tf\" class=\"g9WsWb PZPZlf\" data-attrid=\"tw-targetArea\" data-entityname=\"Google Translate\">\n<div id=\"tw-target-text-container\" class=\"tw-ta-container tw-nfl\" tabindex=\"0\" role=\"text\">\n<pre class=\"tw-data-text tw-text-large tw-ta\" dir=\"ltr\" tabindex=\"-1\" role=\"text\" data-placeholder=\"\u7ffb\u8bd1\" data-ved=\"2ahUKEwjk97uj2bSQAxWBmSYFHepFCjwQ3ewLegQIChAW\" aria-label=\"Er\u062c\u0631\u0627monometrik \u015fi\u015fenin tutmas\u0131 ve kullan\u0131m\u0131 kolay demektir. Yumu\u015fak kenarlar veya tutuklu bir doku gibi g\u00fczel bir \u015fekil, tutmas\u0131n\u0131 kolayla\u015ft\u0131r\u0131r. Bunu b\u0131rakmayacaks\u0131n\u0131z. \u00d6rne\u011fin, dalgal\u0131 tasar\u0131mlar e\u011flenceli g\u00f6r\u00fcn\u00fcyor. Ayr\u0131ca \u015fi\u015feyi daha iyi tutman\u0131za yard\u0131mc\u0131 olur.\"><span class=\"Y2IQFc\" lang=\"en\"><strong>veya PP losyonlar veya shametrpoos i\u00e7in gramreat. PET a\u00e7\u0131k ve g\u00fc\u00e7l\u00fc bir kimyasald\u0131r, ancak \u0131s\u0131y\u0131 sevmez. PP \u0131s\u0131y\u0131 daha iyi idare eder ancak bu kadar a\u00e7\u0131k de\u011fildir.<\/strong>\r\n: Sprey veya k\u00fc\u00e7\u00fck e\u015fyalar i\u00e7in m\u00fckemmel. Tougramh ve \u015f\u0131k g\u00f6r\u00fcn\u00fcyor, haval\u0131 bir gadget gibi.\r\n<\/span><\/pre>\n<pre id=\"tw-target-text\" class=\"tw-data-text tw-text-large tw-ta\" dir=\"ltr\" tabindex=\"-1\" role=\"text\" data-placeholder=\"\u7ffb\u8bd1\" data-ved=\"2ahUKEwjk97uj2bSQAxWBmSYFHepFCjwQ3ewLegQIChAW\" aria-label=\"Kozmetik \u015fi\u015feleri markan\u0131z\u0131n ki\u015fili\u011fini g\u00f6sterebilirsiniz. E\u015fsiz \u015fekiller, bri\u062c\u0631\u0627maht renkler veya parlak veya yumu\u015fak gibi f\u0628\u0648\u0635ishes se\u00e7in. Buzlu cam cilt bak\u0131m\u0131na fantezi bir hissi verir. plastik \u015fi\u015feler gen\u00e7 al\u0131c\u0131lar\u0131n g\u00f6zlerini yakalar. \u00d6zel tasar\u0131mlar \u00fcr\u00fcn\u00fcn\u00fcz\u00fc s\u0131rt \u00e7antan\u0131zdaki serin bir \u00e7\u0131kartma gibi \u00f6ne \u00e7\u0131kar\u0131r.\"><span class=\"Y2IQFc\" lang=\"en\"><strong>Bu Malzemeler Ne Kadar G\u00fcvenli ve G\u00fcvenlidir?<\/strong>\r\nBir \u015fi\u015fenin nas\u0131l stron\u062c\u0631\u0627m oldu\u011fu, bumetrps veya kimyasallar\u0131 nas\u0131l kulland\u0131\u011f\u0131na ba\u011fl\u0131d\u0131r. Cam g\u00fcvenlidir ve \u00e7o\u011fu \u00fcr\u00fcnle kar\u0131\u015fmaz. Ama b\u0131rak\u0131rsan k\u0131r\u0131labilir. Plastikler farkl\u0131d\u0131r. PET sert ama g\u00fcne\u015fli bir pencere yak\u0131n\u0131nda gibi s\u0131cak yerlerde b\u00fck\u00fclebilir. PP \u0131s\u0131 ile daha iyidir, ama daha az a\u00e7\u0131kt\u0131r. Metal s\u00fcper sa\u011flamd\u0131r.<\/span><\/pre>\n<\/div>\n<\/div>\n<\/div>\n<\/div>\n<\/div>\n<\/div>\n<\/div>\n<\/div>\n<\/div>\n<\/div>\n<\/div>\n<\/div>\n<\/div>\n<\/div>\n<table style=\"border-collapse: collapse; width: 100%;\">\n<tbody>\n<tr>\n<td style=\"width: 50%;\"><img decoding=\"async\" class=\"alignnone size-full wp-image-3154\" src=\"https:\/\/www.cosmepak.com\/wp-content\/uploads\/2025\/03\/\u8be6\u60c5-5-1.jpg\" alt=\"\" width=\"1000\" height=\"1000\" srcset=\"https:\/\/www.cosmepak.com\/wp-content\/uploads\/2025\/03\/\u8be6\u60c5-5-1.jpg 1000w, https:\/\/www.cosmepak.com\/wp-content\/uploads\/2025\/03\/\u8be6\u60c5-5-1-300x300.jpg 300w, https:\/\/www.cosmepak.com\/wp-content\/uploads\/2025\/03\/\u8be6\u60c5-5-1-150x150.jpg 150w, https:\/\/www.cosmepak.com\/wp-content\/uploads\/2025\/03\/\u8be6\u60c5-5-1-768x768.jpg 768w, https:\/\/www.cosmepak.com\/wp-content\/uploads\/2025\/03\/\u8be6\u60c5-5-1-12x12.jpg 12w, https:\/\/www.cosmepak.com\/wp-content\/uploads\/2025\/03\/\u8be6\u60c5-5-1-600x600.jpg 600w, https:\/\/www.cosmepak.com\/wp-content\/uploads\/2025\/03\/\u8be6\u60c5-5-1-100x100.jpg 100w\" sizes=\"(max-width: 1000px) 100vw, 1000px\" \/><\/td>\n<td style=\"width: 50%;\"><img decoding=\"async\" class=\"alignnone size-full wp-image-3155\" src=\"https:\/\/www.cosmepak.com\/wp-content\/uploads\/2025\/03\/\u4e3b\u56fe-4.jpg\" alt=\"\" width=\"1000\" height=\"1000\" srcset=\"https:\/\/www.cosmepak.com\/wp-content\/uploads\/2025\/03\/\u4e3b\u56fe-4.jpg 1000w, https:\/\/www.cosmepak.com\/wp-content\/uploads\/2025\/03\/\u4e3b\u56fe-4-300x300.jpg 300w, https:\/\/www.cosmepak.com\/wp-content\/uploads\/2025\/03\/\u4e3b\u56fe-4-150x150.jpg 150w, https:\/\/www.cosmepak.com\/wp-content\/uploads\/2025\/03\/\u4e3b\u56fe-4-768x768.jpg 768w, https:\/\/www.cosmepak.com\/wp-content\/uploads\/2025\/03\/\u4e3b\u56fe-4-12x12.jpg 12w, https:\/\/www.cosmepak.com\/wp-content\/uploads\/2025\/03\/\u4e3b\u56fe-4-600x600.jpg 600w, https:\/\/www.cosmepak.com\/wp-content\/uploads\/2025\/03\/\u4e3b\u56fe-4-100x100.jpg 100w\" sizes=\"(max-width: 1000px) 100vw, 1000px\" \/><\/td>\n<\/tr>\n<\/tbody>\n<\/table>\n<table style=\"border-collapse: collapse; width: 100%;\">\n<tbody>\n<tr>\n<td style=\"width: 33.3333%;\"><img loading=\"lazy\" decoding=\"async\" class=\"alignnone size-full wp-image-3156\" src=\"https:\/\/www.cosmepak.com\/wp-content\/uploads\/2025\/03\/6-5.jpg\" alt=\"\" width=\"1000\" height=\"1000\" srcset=\"https:\/\/www.cosmepak.com\/wp-content\/uploads\/2025\/03\/6-5.jpg 1000w, https:\/\/www.cosmepak.com\/wp-content\/uploads\/2025\/03\/6-5-300x300.jpg 300w, https:\/\/www.cosmepak.com\/wp-content\/uploads\/2025\/03\/6-5-150x150.jpg 150w, https:\/\/www.cosmepak.com\/wp-content\/uploads\/2025\/03\/6-5-768x768.jpg 768w, https:\/\/www.cosmepak.com\/wp-content\/uploads\/2025\/03\/6-5-12x12.jpg 12w, https:\/\/www.cosmepak.com\/wp-content\/uploads\/2025\/03\/6-5-600x600.jpg 600w, https:\/\/www.cosmepak.com\/wp-content\/uploads\/2025\/03\/6-5-100x100.jpg 100w\" sizes=\"(max-width: 1000px) 100vw, 1000px\" \/><\/td>\n<td style=\"width: 33.3333%;\"><img loading=\"lazy\" decoding=\"async\" class=\"alignnone size-full wp-image-3157\" src=\"https:\/\/www.cosmepak.com\/wp-content\/uploads\/2025\/03\/\u8be6\u60c5-5-2.jpg\" alt=\"\" width=\"1000\" height=\"1000\" srcset=\"https:\/\/www.cosmepak.com\/wp-content\/uploads\/2025\/03\/\u8be6\u60c5-5-2.jpg 1000w, https:\/\/www.cosmepak.com\/wp-content\/uploads\/2025\/03\/\u8be6\u60c5-5-2-300x300.jpg 300w, https:\/\/www.cosmepak.com\/wp-content\/uploads\/2025\/03\/\u8be6\u60c5-5-2-150x150.jpg 150w, https:\/\/www.cosmepak.com\/wp-content\/uploads\/2025\/03\/\u8be6\u60c5-5-2-768x768.jpg 768w, https:\/\/www.cosmepak.com\/wp-content\/uploads\/2025\/03\/\u8be6\u60c5-5-2-12x12.jpg 12w, https:\/\/www.cosmepak.com\/wp-content\/uploads\/2025\/03\/\u8be6\u60c5-5-2-600x600.jpg 600w, https:\/\/www.cosmepak.com\/wp-content\/uploads\/2025\/03\/\u8be6\u60c5-5-2-100x100.jpg 100w\" sizes=\"(max-width: 1000px) 100vw, 1000px\" \/><\/td>\n<td style=\"width: 33.3333%;\"><img loading=\"lazy\" decoding=\"async\" class=\"alignnone size-full wp-image-3158\" src=\"https:\/\/www.cosmepak.com\/wp-content\/uploads\/2025\/03\/\u4e3b\u56fe-4-1.jpg\" alt=\"\" width=\"1000\" height=\"1000\" srcset=\"https:\/\/www.cosmepak.com\/wp-content\/uploads\/2025\/03\/\u4e3b\u56fe-4-1.jpg 1000w, https:\/\/www.cosmepak.com\/wp-content\/uploads\/2025\/03\/\u4e3b\u56fe-4-1-300x300.jpg 300w, https:\/\/www.cosmepak.com\/wp-content\/uploads\/2025\/03\/\u4e3b\u56fe-4-1-150x150.jpg 150w, https:\/\/www.cosmepak.com\/wp-content\/uploads\/2025\/03\/\u4e3b\u56fe-4-1-768x768.jpg 768w, https:\/\/www.cosmepak.com\/wp-content\/uploads\/2025\/03\/\u4e3b\u56fe-4-1-12x12.jpg 12w, https:\/\/www.cosmepak.com\/wp-content\/uploads\/2025\/03\/\u4e3b\u56fe-4-1-600x600.jpg 600w, https:\/\/www.cosmepak.com\/wp-content\/uploads\/2025\/03\/\u4e3b\u56fe-4-1-100x100.jpg 100w\" sizes=\"(max-width: 1000px) 100vw, 1000px\" \/><\/td>\n<\/tr>\n<\/tbody>\n<\/table>\n<p>&nbsp;<\/p>\n<p>&nbsp;<\/p>\n<p>&nbsp;<\/p>\n<p>&nbsp;<\/p>","protected":false},"excerpt":{"rendered":"<p>Kozmetik \u015fi\u015feler sadece e\u015fyalar\u0131 tutmaktan daha fazlas\u0131n\u0131 yapar. Kalkan gibi davran\u0131yorlar. G\u00fczellik \u00fcr\u00fcnlerini kirden, havadan veya \u00e7arp\u0131\u015fmalardan korurlar. Bu \u015fi\u015feler krem veya parf\u00fcmler gibi \u015feylerin k\u00f6t\u00fc gitmesini engeller. Y\u00fcksek yo\u011funluklu polietilen (HDPE) veya BPA i\u00e7ermeyen al\u00fcminyum gibi malzemeler sa\u011flamd\u0131r. \u00dcr\u00fcnlerin uzun s\u00fcre taze kalmas\u0131na yard\u0131mc\u0131 olur. \u00d6rne\u011fin,<\/p>\n<p>Malzeme: ABS \/ AS<\/p>\n<p>Capacity: 3.5g<\/p>\n<p>Boyut: 79*26mm<\/p>\n<p>Gramlass kozmetik \u015fi\u015feler<\/p>\n<p>S\u00fcper haval\u0131. Parf\u00fcmleri veya ya\u011flar\u0131 engelleyebilecek oksigrameni engeller. Bu, \u00fcr\u00fcn\u00fcn \u00f6zel par\u00e7alar\u0131n\u0131 g\u00fcvenli ve iyi \u00e7al\u0131\u015f\u0131r.<\/p>\n<p>Renk: \u00d6zelle\u015ftirilmi\u015f Kabul (Mevcut Pantone Rengi)<\/p>\n<p>Y\u00fczey Kaplamas\u0131: Serip Bask\u0131, S\u0131cak Damgalama, Mat Kaplama, vb.<\/p>\n<p>MOQ: 10000 pcs<\/p>\n<p>\u00d6rnek: \u00dccretsiz \u00f6rnekler mevcut<\/p>\n<p>&nbsp;<\/p>\n<p>&nbsp;<\/p>","protected":false},"featured_media":3156,"comment_status":"closed","ping_status":"closed","template":"","meta":{"_acf_changed":false},"product_brand":[],"product_cat":[53,36],"product_tag":[39],"class_list":{"0":"post-1442","1":"product","2":"type-product","3":"status-publish","4":"has-post-thumbnail","6":"product_cat-lipstick-tube","7":"product_cat-makeup","8":"product_tag-makeup","10":"first","11":"outofstock","12":"shipping-taxable","13":"product-type-simple"},"acf":[],"_links":{"self":[{"href":"https:\/\/www.cosmepak.com\/tr\/wp-json\/wp\/v2\/product\/1442","targetHints":{"allow":["GET"]}}],"collection":[{"href":"https:\/\/www.cosmepak.com\/tr\/wp-json\/wp\/v2\/product"}],"about":[{"href":"https:\/\/www.cosmepak.com\/tr\/wp-json\/wp\/v2\/types\/product"}],"replies":[{"embeddable":true,"href":"https:\/\/www.cosmepak.com\/tr\/wp-json\/wp\/v2\/comments?post=1442"}],"wp:featuredmedia":[{"embeddable":true,"href":"https:\/\/www.cosmepak.com\/tr\/wp-json\/wp\/v2\/media\/3156"}],"wp:attachment":[{"href":"https:\/\/www.cosmepak.com\/tr\/wp-json\/wp\/v2\/media?parent=1442"}],"wp:term":[{"taxonomy":"product_brand","embeddable":true,"href":"https:\/\/www.cosmepak.com\/tr\/wp-json\/wp\/v2\/product_brand?post=1442"},{"taxonomy":"product_cat","embeddable":true,"href":"https:\/\/www.cosmepak.com\/tr\/wp-json\/wp\/v2\/product_cat?post=1442"},{"taxonomy":"product_tag","embeddable":true,"href":"https:\/\/www.cosmepak.com\/tr\/wp-json\/wp\/v2\/product_tag?post=1442"}],"curies":[{"name":"wp","href":"https:\/\/api.w.org\/{rel}","templated":true}]}}