{"id":1447,"date":"2025-03-27T14:27:15","date_gmt":"2025-03-27T06:27:15","guid":{"rendered":"https:\/\/www.cosmepak.com\/?post_type=product&#038;p=1447"},"modified":"2026-01-14T17:00:29","modified_gmt":"2026-01-14T09:00:29","slug":"perfume-bottle-50ml-transparent-perfume-bottle-jaunce","status":"publish","type":"product","link":"https:\/\/www.cosmepak.com\/tr\/product\/perfume-bottle-50ml-transparent-perfume-bottle-jaunce\/","title":{"rendered":"Parf\u00fcm \u015fi\u015fesi -50ml \u015feffaf parf\u00fcm \u015fi\u015fesi\/ Jaunce"},"content":{"rendered":"<table style=\"border-collapse: collapse; width: 100%; height: 216px;\">\n<tbody>\n<tr style=\"height: 24px;\">\n<td style=\"width: 44.5017%; height: 24px; text-align: center;\">Kapasite<\/td>\n<td style=\"width: 55.4983%; height: 24px; text-align: center;\">\u00a050ml<\/td>\n<\/tr>\n<tr style=\"height: 24px;\">\n<td style=\"width: 44.5017%; height: 24px; text-align: center;\">Model<\/td>\n<td style=\"width: 55.4983%; height: 24px; text-align: center;\">JH-MS50<\/td>\n<\/tr>\n<tr style=\"height: 24px;\">\n<td style=\"width: 44.5017%; height: 24px; text-align: center;\">\u015ei\u015fe malzemesi<\/td>\n<td style=\"width: 55.4983%; height: 24px; text-align: center;\">Bardak<\/td>\n<\/tr>\n<tr style=\"height: 24px;\">\n<td style=\"width: 44.5017%; height: 24px; text-align: center;\">Kapak malzemesi<\/td>\n<td style=\"width: 55.4983%; height: 24px; text-align: center;\">Beech \/ Ceviz \/ Plastik<\/td>\n<\/tr>\n<tr style=\"height: 24px;\">\n<td style=\"width: 44.5017%; height: 24px; text-align: center;\">Boyut<\/td>\n<td style=\"width: 55.4983%; height: 24px; text-align: center;\">45*100mm<\/td>\n<\/tr>\n<tr style=\"height: 24px;\">\n<td style=\"width: 44.5017%; height: 24px; text-align: center;\">A\u011f\u0131rl\u0131k<\/td>\n<td style=\"width: 55.4983%; height: 24px; text-align: center;\">129.3g<\/td>\n<\/tr>\n<tr style=\"height: 24px;\">\n<td style=\"width: 44.5017%; height: 24px; text-align: center;\">\u00d6zelle\u015ftirme<\/td>\n<td style=\"width: 55.4983%; height: 24px; text-align: center;\">Kabul etmek<\/td>\n<\/tr>\n<tr style=\"height: 24px;\">\n<td style=\"width: 44.5017%; height: 24px; text-align: center;\">Renk<\/td>\n<td style=\"width: 55.4983%; height: 24px; text-align: center;\">\u00d6zelle\u015ftirilmi\u015f<\/td>\n<\/tr>\n<tr style=\"height: 24px;\">\n<td style=\"width: 44.5017%; height: 24px; text-align: center;\">OEM ve ODM<\/td>\n<td style=\"width: 55.4983%; height: 24px; text-align: center;\">Kabul etmek<\/td>\n<\/tr>\n<\/tbody>\n<\/table>\n<p>Bu parf\u00fcm \u015fi\u015fesi y\u00fcksek kaliteli, son derece \u015feffaf camdan yap\u0131lm\u0131\u015ft\u0131r. Kristal a\u00e7\u0131k g\u00f6vde m\u00fckemmel bir tuval gibidir, parf\u00fcm\u00fcn i\u00e7indeki canl\u0131 renklerin a\u00e7\u0131k\u00e7a g\u00f6r\u00fcnt\u00fclenmesine izin verir &#8211; bu&#8217; Yumu\u015fak pastel renkler, zengin amber renk veya parlak a\u00e7\u0131k \u00f6z s\u0131v\u0131s\u0131. Ayn\u0131 zamanda, \u0131\u015f\u0131\u011f\u0131 yans\u0131tabilir, ince ancak l\u00fcks bir parlakl\u0131k yayar ve herhangi bir soyunma masas\u0131nda veya makyaj tezgah\u0131nda benzersiz bir \u015fekilde \u00f6ne \u00e7\u0131kar.<\/p>\n<p>Yuvarlak omuzlar, parmaklar\u0131n\u0131z\u0131 y\u00fczey boyunca kayd\u0131rd\u0131\u011f\u0131n\u0131zda, kaba kenarlar olmadan m\u00fckemmel bir \u015fekilde cilalanm\u0131\u015f biti\u015fimi hissedeceksiniz. Bu, tam olarak m\u00fckemmel zanaatl\u0131\u011f\u0131n temsilcisidir, d\u00fc\u015f\u00fck anahtarl\u0131 bir zarifli\u011fi yay\u0131yor.<\/p>\n<p>Vidal\u0131 boyun \u015fi\u015fesi doldurmak kolayd\u0131r. Se\u00e7im i\u00e7in \u00e7e\u015fitli aksesuarlar mevcuttur:<\/p>\n<p>Sprey: Yerle\u015fmi\u015f sprey pompas\u0131 kolayca koku bula\u015ft\u0131rmak i\u00e7in tasarlanm\u0131\u015ft\u0131r. Parf\u00fcm\u00fcn ince ve e\u015fit bir da\u011f\u0131t\u0131m\u0131na izin verir ve genel kullan\u0131c\u0131 deneyimini art\u0131r\u0131r.<\/p>\n<p>Damla: S\u0131v\u0131 ekstraksiyonu kesindir.<\/p>\n<p>Elbette, bir em\u00fclsiyon pompas\u0131 ile birlikte de kullan\u0131labilir.<\/p>\n<p><img fetchpriority=\"high\" decoding=\"async\" class=\"alignnone wp-image-1448\" src=\"https:\/\/www.cosmepak.com\/wp-content\/uploads\/2025\/03\/O1CN01eqRyqL2LIun7wjV6z_2210292069670-0-cib.jpg\" alt=\"Parf\u00fcm \u015fi\u015fesi4\" width=\"1371\" height=\"1371\" srcset=\"https:\/\/www.cosmepak.com\/wp-content\/uploads\/2025\/03\/O1CN01eqRyqL2LIun7wjV6z_2210292069670-0-cib.jpg 1000w, https:\/\/www.cosmepak.com\/wp-content\/uploads\/2025\/03\/O1CN01eqRyqL2LIun7wjV6z_2210292069670-0-cib-300x300.jpg 300w, https:\/\/www.cosmepak.com\/wp-content\/uploads\/2025\/03\/O1CN01eqRyqL2LIun7wjV6z_2210292069670-0-cib-150x150.jpg 150w, https:\/\/www.cosmepak.com\/wp-content\/uploads\/2025\/03\/O1CN01eqRyqL2LIun7wjV6z_2210292069670-0-cib-768x768.jpg 768w, https:\/\/www.cosmepak.com\/wp-content\/uploads\/2025\/03\/O1CN01eqRyqL2LIun7wjV6z_2210292069670-0-cib-600x600.jpg 600w, https:\/\/www.cosmepak.com\/wp-content\/uploads\/2025\/03\/O1CN01eqRyqL2LIun7wjV6z_2210292069670-0-cib-100x100.jpg 100w\" sizes=\"(max-width: 1371px) 100vw, 1371px\" \/><\/p>\n<p><img decoding=\"async\" class=\"alignnone wp-image-1432\" src=\"https:\/\/www.cosmepak.com\/wp-content\/uploads\/2025\/03\/O1CN01JfNHRQ2LIun2iD2BA_2210292069670-0-cib.jpg\" alt=\"Parf\u00fcm \u015fi\u015fesi1\" width=\"673\" height=\"673\" srcset=\"https:\/\/www.cosmepak.com\/wp-content\/uploads\/2025\/03\/O1CN01JfNHRQ2LIun2iD2BA_2210292069670-0-cib.jpg 800w, https:\/\/www.cosmepak.com\/wp-content\/uploads\/2025\/03\/O1CN01JfNHRQ2LIun2iD2BA_2210292069670-0-cib-300x300.jpg 300w, https:\/\/www.cosmepak.com\/wp-content\/uploads\/2025\/03\/O1CN01JfNHRQ2LIun2iD2BA_2210292069670-0-cib-150x150.jpg 150w, https:\/\/www.cosmepak.com\/wp-content\/uploads\/2025\/03\/O1CN01JfNHRQ2LIun2iD2BA_2210292069670-0-cib-768x768.jpg 768w, https:\/\/www.cosmepak.com\/wp-content\/uploads\/2025\/03\/O1CN01JfNHRQ2LIun2iD2BA_2210292069670-0-cib-600x600.jpg 600w, https:\/\/www.cosmepak.com\/wp-content\/uploads\/2025\/03\/O1CN01JfNHRQ2LIun2iD2BA_2210292069670-0-cib-100x100.jpg 100w\" sizes=\"(max-width: 673px) 100vw, 673px\" \/><img decoding=\"async\" class=\"alignnone wp-image-1434\" src=\"https:\/\/www.cosmepak.com\/wp-content\/uploads\/2025\/03\/O1CN016BGajl25jRq33cGtw_2778787562-0-cib.jpg\" alt=\"Parf\u00fcm \u015fi\u015fesi3\" width=\"674\" height=\"674\" srcset=\"https:\/\/www.cosmepak.com\/wp-content\/uploads\/2025\/03\/O1CN016BGajl25jRq33cGtw_2778787562-0-cib.jpg 1000w, https:\/\/www.cosmepak.com\/wp-content\/uploads\/2025\/03\/O1CN016BGajl25jRq33cGtw_2778787562-0-cib-300x300.jpg 300w, https:\/\/www.cosmepak.com\/wp-content\/uploads\/2025\/03\/O1CN016BGajl25jRq33cGtw_2778787562-0-cib-150x150.jpg 150w, https:\/\/www.cosmepak.com\/wp-content\/uploads\/2025\/03\/O1CN016BGajl25jRq33cGtw_2778787562-0-cib-768x768.jpg 768w, https:\/\/www.cosmepak.com\/wp-content\/uploads\/2025\/03\/O1CN016BGajl25jRq33cGtw_2778787562-0-cib-600x600.jpg 600w, https:\/\/www.cosmepak.com\/wp-content\/uploads\/2025\/03\/O1CN016BGajl25jRq33cGtw_2778787562-0-cib-100x100.jpg 100w\" sizes=\"(max-width: 674px) 100vw, 674px\" \/><\/p>\n<p>&nbsp;<\/p>","protected":false},"excerpt":{"rendered":"<p>\u015ei\u015fe Malzemesi: Cam<\/p>\n<p>Capcity: 50ml<\/p>\n<p>Boyut: OD: 45mm;<\/p>\n<p>Single Weight: 129.3g<\/p>\n<p>Renk: Mevcut herhangi bir Pantone rengi<\/p>\n<p>Y\u00fczey Kaplama: Serip Bask\u0131, S\u0131cak Damgalama, P\u00fcsk\u00fcrtme Gradyan, Mat Kaplama, vb.<\/p>\n<p>MOQ: 5000pcs;<\/p>\n<p>&nbsp;<\/p>","protected":false},"featured_media":1448,"comment_status":"closed","ping_status":"closed","template":"","meta":{"_acf_changed":false},"product_brand":[],"product_cat":[17],"product_tag":[],"class_list":{"0":"post-1447","1":"product","2":"type-product","3":"status-publish","4":"has-post-thumbnail","6":"product_cat-perfume-bottle","8":"first","9":"outofstock","10":"shipping-taxable","11":"product-type-simple"},"acf":[],"_links":{"self":[{"href":"https:\/\/www.cosmepak.com\/tr\/wp-json\/wp\/v2\/product\/1447","targetHints":{"allow":["GET"]}}],"collection":[{"href":"https:\/\/www.cosmepak.com\/tr\/wp-json\/wp\/v2\/product"}],"about":[{"href":"https:\/\/www.cosmepak.com\/tr\/wp-json\/wp\/v2\/types\/product"}],"replies":[{"embeddable":true,"href":"https:\/\/www.cosmepak.com\/tr\/wp-json\/wp\/v2\/comments?post=1447"}],"wp:featuredmedia":[{"embeddable":true,"href":"https:\/\/www.cosmepak.com\/tr\/wp-json\/wp\/v2\/media\/1448"}],"wp:attachment":[{"href":"https:\/\/www.cosmepak.com\/tr\/wp-json\/wp\/v2\/media?parent=1447"}],"wp:term":[{"taxonomy":"product_brand","embeddable":true,"href":"https:\/\/www.cosmepak.com\/tr\/wp-json\/wp\/v2\/product_brand?post=1447"},{"taxonomy":"product_cat","embeddable":true,"href":"https:\/\/www.cosmepak.com\/tr\/wp-json\/wp\/v2\/product_cat?post=1447"},{"taxonomy":"product_tag","embeddable":true,"href":"https:\/\/www.cosmepak.com\/tr\/wp-json\/wp\/v2\/product_tag?post=1447"}],"curies":[{"name":"wp","href":"https:\/\/api.w.org\/{rel}","templated":true}]}}