{"id":1450,"date":"2025-03-27T14:49:44","date_gmt":"2025-03-27T06:49:44","guid":{"rendered":"https:\/\/www.cosmepak.com\/?post_type=product&#038;p=1450"},"modified":"2025-09-09T15:15:34","modified_gmt":"2025-09-09T07:15:34","slug":"lipglosstube-4-2","status":"publish","type":"product","link":"https:\/\/www.cosmepak.com\/tr\/product\/lipglosstube-4-2\/","title":{"rendered":"Dudak Parlakl\u0131\u011f\u0131 T\u00fcp-Yumu\u015fak Silindirik Orta Halka Ruj T\u00fcp\/Jaunce"},"content":{"rendered":"<table style=\"border-collapse: collapse; width: 100%; height: 240px;\">\n<tbody>\n<tr style=\"height: 24px;\">\n<td style=\"width: 24.7995%; height: 24px;\">Marka<\/td>\n<td style=\"width: 75.2005%; height: 24px;\">\u00a0Fahi\u015fe<\/td>\n<\/tr>\n<tr style=\"height: 24px;\">\n<td style=\"width: 24.7995%; height: 24px;\">Kapasite<\/td>\n<td style=\"width: 75.2005%; height: 24px;\">3G<\/td>\n<\/tr>\n<tr style=\"height: 24px;\">\n<td style=\"width: 24.7995%; height: 24px;\">\u015eekil<\/td>\n<td style=\"width: 75.2005%; height: 24px;\">Yuvarlak<\/td>\n<\/tr>\n<tr style=\"height: 24px;\">\n<td style=\"width: 24.7995%; height: 24px;\">Boyut<\/td>\n<td style=\"width: 75.2005%; height: 24px;\">19.5*78.5mm<\/td>\n<\/tr>\n<tr style=\"height: 24px;\">\n<td style=\"width: 24.7995%; height: 24px;\">A\u011f\u0131rl\u0131k<\/td>\n<td style=\"width: 75.2005%; height: 24px;\">17g<\/td>\n<\/tr>\n<tr style=\"height: 24px;\">\n<td style=\"width: 24.7995%; height: 24px;\">Uydurma<\/td>\n<td style=\"width: 75.2005%; height: 24px;\">\u00a0Kapak<\/td>\n<\/tr>\n<tr style=\"height: 24px;\">\n<td style=\"width: 24.7995%; height: 24px;\">Model<\/td>\n<td style=\"width: 75.2005%; height: 24px;\">JH-JZ-3421#<\/td>\n<\/tr>\n<tr style=\"height: 24px;\">\n<td style=\"width: 24.7995%; height: 24px;\">OEM ve ODM<\/td>\n<td style=\"width: 75.2005%; height: 24px;\">Kabul etmek<\/td>\n<\/tr>\n<tr style=\"height: 24px;\">\n<td style=\"width: 24.7995%; height: 24px;\">Renk<\/td>\n<td style=\"width: 75.2005%; height: 24px;\">\u00d6zelle\u015ftirilmi\u015f<\/td>\n<\/tr>\n<tr style=\"height: 24px;\">\n<td style=\"width: 24.7995%; height: 24px;\">Moq<\/td>\n<td style=\"width: 75.2005%; height: 24px;\">10000 pcs<\/td>\n<\/tr>\n<\/tbody>\n<\/table>\n<p>&nbsp;<\/p>\n<p><img fetchpriority=\"high\" decoding=\"async\" class=\"alignnone wp-image-1451\" src=\"https:\/\/www.cosmepak.com\/wp-content\/uploads\/2025\/03\/photobank-3-2.png\" alt=\"\" width=\"1406\" height=\"1014\" srcset=\"https:\/\/www.cosmepak.com\/wp-content\/uploads\/2025\/03\/photobank-3-2.png 750w, https:\/\/www.cosmepak.com\/wp-content\/uploads\/2025\/03\/photobank-3-2-300x216.png 300w, https:\/\/www.cosmepak.com\/wp-content\/uploads\/2025\/03\/photobank-3-2-600x433.png 600w\" sizes=\"(max-width: 1406px) 100vw, 1406px\" \/><img decoding=\"async\" class=\"alignnone wp-image-1452\" src=\"https:\/\/www.cosmepak.com\/wp-content\/uploads\/2025\/03\/photobank-4-2.png\" alt=\"\" width=\"1431\" height=\"1066\" srcset=\"https:\/\/www.cosmepak.com\/wp-content\/uploads\/2025\/03\/photobank-4-2.png 655w, https:\/\/www.cosmepak.com\/wp-content\/uploads\/2025\/03\/photobank-4-2-300x224.png 300w, https:\/\/www.cosmepak.com\/wp-content\/uploads\/2025\/03\/photobank-4-2-600x447.png 600w\" sizes=\"(max-width: 1431px) 100vw, 1431px\" \/><\/p>\n<p><img decoding=\"async\" class=\"alignnone wp-image-1343 size-full\" src=\"https:\/\/www.cosmepak.com\/wp-content\/uploads\/2024\/12\/\u5fae\u4fe1\u56fe\u7247_20250213141726.jpg\" alt=\"\" width=\"1920\" height=\"919\" srcset=\"https:\/\/www.cosmepak.com\/wp-content\/uploads\/2024\/12\/\u5fae\u4fe1\u56fe\u7247_20250213141726.jpg 1920w, https:\/\/www.cosmepak.com\/wp-content\/uploads\/2024\/12\/\u5fae\u4fe1\u56fe\u7247_20250213141726-300x144.jpg 300w, https:\/\/www.cosmepak.com\/wp-content\/uploads\/2024\/12\/\u5fae\u4fe1\u56fe\u7247_20250213141726-1024x490.jpg 1024w, https:\/\/www.cosmepak.com\/wp-content\/uploads\/2024\/12\/\u5fae\u4fe1\u56fe\u7247_20250213141726-768x368.jpg 768w, https:\/\/www.cosmepak.com\/wp-content\/uploads\/2024\/12\/\u5fae\u4fe1\u56fe\u7247_20250213141726-1536x735.jpg 1536w, https:\/\/www.cosmepak.com\/wp-content\/uploads\/2024\/12\/\u5fae\u4fe1\u56fe\u7247_20250213141726-600x287.jpg 600w\" sizes=\"(max-width: 1920px) 100vw, 1920px\" \/><\/p>\n<p class=\"ai-center-markdown-p\"><strong class=\"ai-center-markdown-strong\" data-spm-anchor-id=\"a2700.micro_cgs_home.0.i18.6e743e5ftETPZu\">Ba\u015fl\u0131k: M\u00fckemmel Ambalaj \u00c7\u00f6z\u00fcm\u00fc: Orta Halka ile Yuvarlak D\u00fcz A\u00e7\u0131k Ruj T\u00fcp\u00fc, 4.6ml Plastik<\/strong><\/p>\n<p class=\"ai-center-markdown-p\" data-spm-anchor-id=\"a2700.micro_cgs_home.0.i17.6e743e5ftETPZu\">Kozmetik d\u00fcnyas\u0131nda ambalaj, m\u00fc\u015fterileri \u00e7ekmekte ve \u00fcr\u00fcn\u00fcn sa\u011flanmas\u0131nda \u00f6nemli bir rol oynar. Uzun \u00f6m\u00fcrl\u00fc. Bu t\u00fcr yenilik\u00e7i paketleme \u00e7\u00f6z\u00fcmlerinden biri\u00a0<strong class=\"ai-center-markdown-strong\">Orta halka ile yuvarlak d\u00fcz a\u00e7\u0131k ruj t\u00fcp\u00fc, 4.6ml plastik<\/strong>Bu makale, bu benzersiz ambalaj se\u00e7ene\u011finin \u00f6zelliklerini, faydalar\u0131n\u0131 ve uygulamalar\u0131n\u0131 ke\u015ffetmektedir.<\/p>\n<h3 id=\"features\" class=\"ai-center-markdown-h3\">\u00d6zellikler<\/h3>\n<p class=\"ai-center-markdown-p\"><strong class=\"ai-center-markdown-strong\">1. Yuvarlak D\u00fcz A\u00e7\u0131k Tasar\u0131m:<\/strong>\u00a0Yuvarlak d\u00fcz a\u00e7\u0131k tasar\u0131m, \u015f\u0131k ve modern bir g\u00f6r\u00fcn\u00fcm sa\u011flar ve t\u00fcketicilere g\u00f6rsel olarak \u00e7ekici hale getirir. Bu tasar\u0131m sadece estetik a\u00e7\u0131dan ho\u015f de\u011fil, ayn\u0131 zamanda pratiktir ve ruj\u0131n kolay uygulanmas\u0131n\u0131 sa\u011flar.<\/p>\n<p class=\"ai-center-markdown-p\"><strong class=\"ai-center-markdown-strong\">2. Orta halka:<\/strong>\u00a0Orta halkan\u0131n dahil edilmesi boruya kat\u0131l\u0131r&#8217; yap\u0131sal b\u00fct\u00fcnl\u00fc\u011f\u00fc ve genel g\u00f6r\u00fcn\u00fcm\u00fcn\u00fc artt\u0131r\u0131r. Bu \u00f6zellik, t\u00fcp\u00fcn s\u0131k kullan\u0131m halinde bile sa\u011flam ve dayan\u0131kl\u0131 kalmas\u0131n\u0131 sa\u011flar.<\/p>\n<p class=\"ai-center-markdown-p\"><strong class=\"ai-center-markdown-strong\">3. 4.6ml Kapasite:<\/strong>\u00a04.6ml kapasiteli bu ruj t\u00fcp\u00fc, \u00fcr\u00fcn i\u00e7in geni\u015f alan sunar ve hem ki\u015fisel kullan\u0131m hem de perakende ama\u00e7lar\u0131 i\u00e7in ideal hale getirir. Boyut, bir \u00e7anta veya cebe ta\u015f\u0131mak i\u00e7in m\u00fckemmeldir, bu da harekette dokunu\u015flar i\u00e7in uygundur.<\/p>\n<p class=\"ai-center-markdown-p\"><strong class=\"ai-center-markdown-strong\">4. Plastik Malzeme:<\/strong>\u00a0Y\u00fcksek kaliteli plastikten yap\u0131lan bu ruj t\u00fcp\u00fc hafif ve kullan\u0131m\u0131 kolayd\u0131r. Plastik malzeme, t\u00fcp\u00fcn k\u0131r\u0131lmaya dayan\u0131kl\u0131 olmas\u0131n\u0131 sa\u011flar ve dudak \u00fcr\u00fcnleri i\u00e7in g\u00fcvenli ve hijyenik bir ambalaj \u00e7\u00f6z\u00fcm\u00fc sa\u011flar.<\/p>\n<h3 id=\"benefits\" class=\"ai-center-markdown-h3\">Faydalar\u0131<\/h3>\n<p class=\"ai-center-markdown-p\"><strong class=\"ai-center-markdown-strong\">1. Geli\u015ftirilmi\u015f Kullan\u0131c\u0131 Deneyimi:<\/strong>\u00a0Yuvarlak d\u00fcz a\u00e7\u0131k tasar\u0131m ve orta halka, uygulama s\u00fcrecini p\u00fcr\u00fczs\u00fcz ve kolay hale getiren rahat bir tutu\u015f sa\u011flar. T\u00fcketiciler kullan\u0131m kolayl\u0131\u011f\u0131n\u0131 ve t\u00fcp\u00fcn \u015f\u0131k g\u00f6r\u00fcn\u00fcm\u00fcn\u00fc takdir edecekler.<\/p>\n<p class=\"ai-center-markdown-p\"><strong class=\"ai-center-markdown-strong\">2. Dayan\u0131kl\u0131l\u0131k:<\/strong>\u00a0Sa\u011flam plastik malzeme ve orta y\u00fcz\u00fck, ruj t\u00fcp\u00fcn\u00fcn g\u00fcnl\u00fck a\u015f\u0131nmaya dayanabilece\u011fini sa\u011flar. Bu dayan\u0131kl\u0131l\u0131k hem t\u00fcketiciler hem de \u00fcreticiler i\u00e7in g\u00fcvenilir bir se\u00e7im haline getirir.<\/p>\n<p class=\"ai-center-markdown-p\"><strong class=\"ai-center-markdown-strong\">3. \u00c7ok y\u00f6nl\u00fcl\u00fck:<\/strong>\u00a04.6ml kapasitesi ile bu ruj t\u00fcp\u00fc ruj, balzam ve dudak parlakl\u0131klar\u0131 da dahil olmak \u00fczere \u00e7e\u015fitli dudak \u00fcr\u00fcnleri i\u00e7in uygundur. \u00dcreticiler bu \u00e7ok y\u00f6nl\u00fc ambalaj\u0131 farkl\u0131 form\u00fclasyonlar ve renkler i\u00e7in kullanabilirler.<\/p>\n<p class=\"ai-center-markdown-p\"><strong class=\"ai-center-markdown-strong\">4. Maliyet etkili:<\/strong>\u00a0Plastik ambalajlar genellikle di\u011fer malzemelerden daha uygun fiyatl\u0131d\u0131r, bu da kozmetik \u015firketleri i\u00e7in uygun maliyetli bir se\u00e7enek haline getirir. Plasti\u011fin dayan\u0131kl\u0131l\u0131\u011f\u0131 ve hafif do\u011fas\u0131 da nakliye maliyetlerini azalt\u0131r ve ekonomik faydalar\u0131n\u0131 daha da art\u0131r\u0131r.<\/p>\n<h3 id=\"applications\" class=\"ai-center-markdown-h3\">Uygulamalar<\/h3>\n<p class=\"ai-center-markdown-p\"><strong class=\"ai-center-markdown-strong\">1. Ki\u015fisel Kullan\u0131m:<\/strong>\u00a0T\u00fcketiciler, en sevdikleri dudak \u00fcr\u00fcnleri i\u00e7in yuvarlak d\u00fcz a\u00e7\u0131k ruj t\u00fcp\u00fcn\u00fc kullanabilir ve sundu\u011fu rahatl\u0131ktan ve tarzdan zevk alabilirler. Kompakt boyutu onu \u00e7anta veya cebe ta\u015f\u0131mak i\u00e7in m\u00fckemmel hale getirir.<\/p>\n<p class=\"ai-center-markdown-p\"><strong class=\"ai-center-markdown-strong\">2. Perakende Ambalaj:<\/strong>\u00a0Kozmetik \u015firketleri, bu yenilik\u00e7i ambalaj \u00e7\u00f6z\u00fcm\u00fcn\u00fc m\u00fc\u015fterileri \u00e7ekmek ve \u00fcr\u00fcnlerini rakiplerinden ay\u0131rt etmek i\u00e7in kullanabilirler. Zarif tasar\u0131m ve pratik \u00f6zellikler perakende ambalaj i\u00e7in m\u00fckemmel bir se\u00e7im haline getirir.<\/p>\n<p class=\"ai-center-markdown-p\"><strong class=\"ai-center-markdown-strong\">3. Promosyon \u00d6\u011feleri:<\/strong>\u00a0\u015e\u0131k g\u00f6r\u00fcn\u00fcm\u00fc ve pratik faydalar\u0131 ile yuvarlak d\u00fcz a\u00e7\u0131k ruj t\u00fcp\u00fc, promosyon e\u015fyalar\u0131 i\u00e7in idealdir. \u015eirketler t\u00fcp\u00fc markalar\u0131 ile \u00f6zelle\u015ftirebilir ve \u00fcr\u00fcnlerini tan\u0131tmak i\u00e7in hediye olarak kullanabilirler.<\/p>\n<h3 id=\"conclusion\" class=\"ai-center-markdown-h3\">Sonu\u00e7<\/h3>\n<p class=\"ai-center-markdown-p\">\u015eu\u00a0<strong class=\"ai-center-markdown-strong\">Orta halka ile yuvarlak d\u00fcz a\u00e7\u0131k ruj t\u00fcp\u00fc, 4.6ml plastik<\/strong>\u00a0\u00dcr\u00fcn sunumlar\u0131n\u0131 geli\u015ftirmek isteyen kozmetik \u015firketleri i\u00e7in m\u00fckemmel bir ambalaj \u00e7\u00f6z\u00fcm\u00fcd\u00fcr. Benzersiz tasar\u0131m\u0131, dayan\u0131kl\u0131l\u0131\u011f\u0131, \u00e7ok y\u00f6nl\u00fcl\u00fc\u011f\u00fc ve maliyet etkinli\u011fi hem t\u00fcketiciler hem de \u00fcreticiler i\u00e7in \u00e7ekici bir se\u00e7im haline getiriyor. Kozmetik \u00fcr\u00fcnlerinizi y\u00fckseltmek ve modern t\u00fcketicilerin taleplerini kar\u015f\u0131lamak i\u00e7in bu yenilik\u00e7i ambalaj se\u00e7ene\u011fini benimseyin.<\/p>\n<p><img loading=\"lazy\" decoding=\"async\" class=\"alignnone size-full wp-image-1347\" src=\"https:\/\/www.cosmepak.com\/wp-content\/uploads\/2024\/12\/\u9996\u987519202_03.jpg\" alt=\"\" width=\"1920\" height=\"885\" srcset=\"https:\/\/www.cosmepak.com\/wp-content\/uploads\/2024\/12\/\u9996\u987519202_03.jpg 1920w, https:\/\/www.cosmepak.com\/wp-content\/uploads\/2024\/12\/\u9996\u987519202_03-300x138.jpg 300w, https:\/\/www.cosmepak.com\/wp-content\/uploads\/2024\/12\/\u9996\u987519202_03-1024x472.jpg 1024w, https:\/\/www.cosmepak.com\/wp-content\/uploads\/2024\/12\/\u9996\u987519202_03-768x354.jpg 768w, https:\/\/www.cosmepak.com\/wp-content\/uploads\/2024\/12\/\u9996\u987519202_03-1536x708.jpg 1536w, https:\/\/www.cosmepak.com\/wp-content\/uploads\/2024\/12\/\u9996\u987519202_03-600x277.jpg 600w\" sizes=\"(max-width: 1920px) 100vw, 1920px\" \/> <img loading=\"lazy\" decoding=\"async\" class=\"alignnone size-full wp-image-1348\" src=\"https:\/\/www.cosmepak.com\/wp-content\/uploads\/2024\/12\/\u9996\u987519202_04.jpg\" alt=\"\" width=\"1920\" height=\"694\" srcset=\"https:\/\/www.cosmepak.com\/wp-content\/uploads\/2024\/12\/\u9996\u987519202_04.jpg 1920w, https:\/\/www.cosmepak.com\/wp-content\/uploads\/2024\/12\/\u9996\u987519202_04-300x108.jpg 300w, https:\/\/www.cosmepak.com\/wp-content\/uploads\/2024\/12\/\u9996\u987519202_04-1024x370.jpg 1024w, https:\/\/www.cosmepak.com\/wp-content\/uploads\/2024\/12\/\u9996\u987519202_04-768x278.jpg 768w, https:\/\/www.cosmepak.com\/wp-content\/uploads\/2024\/12\/\u9996\u987519202_04-1536x555.jpg 1536w, https:\/\/www.cosmepak.com\/wp-content\/uploads\/2024\/12\/\u9996\u987519202_04-600x217.jpg 600w\" sizes=\"(max-width: 1920px) 100vw, 1920px\" \/><\/p>\n<p><img loading=\"lazy\" decoding=\"async\" class=\"alignnone size-full wp-image-1350\" src=\"https:\/\/www.cosmepak.com\/wp-content\/uploads\/2024\/12\/\u9996\u987519202_05-1.jpg\" alt=\"\" width=\"1920\" height=\"970\" srcset=\"https:\/\/www.cosmepak.com\/wp-content\/uploads\/2024\/12\/\u9996\u987519202_05-1.jpg 1920w, https:\/\/www.cosmepak.com\/wp-content\/uploads\/2024\/12\/\u9996\u987519202_05-1-300x152.jpg 300w, https:\/\/www.cosmepak.com\/wp-content\/uploads\/2024\/12\/\u9996\u987519202_05-1-1024x517.jpg 1024w, https:\/\/www.cosmepak.com\/wp-content\/uploads\/2024\/12\/\u9996\u987519202_05-1-768x388.jpg 768w, https:\/\/www.cosmepak.com\/wp-content\/uploads\/2024\/12\/\u9996\u987519202_05-1-1536x776.jpg 1536w, https:\/\/www.cosmepak.com\/wp-content\/uploads\/2024\/12\/\u9996\u987519202_05-1-600x303.jpg 600w\" sizes=\"(max-width: 1920px) 100vw, 1920px\" \/><\/p>\n<p><img loading=\"lazy\" decoding=\"async\" class=\"alignnone wp-image-1351\" src=\"https:\/\/www.cosmepak.com\/wp-content\/uploads\/2024\/12\/\u7269\u6d41\u8fd0\u8f93\u753b\u9762-2.jpg\" alt=\"\" width=\"1424\" height=\"1068\" srcset=\"https:\/\/www.cosmepak.com\/wp-content\/uploads\/2024\/12\/\u7269\u6d41\u8fd0\u8f93\u753b\u9762-2.jpg 800w, https:\/\/www.cosmepak.com\/wp-content\/uploads\/2024\/12\/\u7269\u6d41\u8fd0\u8f93\u753b\u9762-2-300x225.jpg 300w, https:\/\/www.cosmepak.com\/wp-content\/uploads\/2024\/12\/\u7269\u6d41\u8fd0\u8f93\u753b\u9762-2-768x576.jpg 768w, https:\/\/www.cosmepak.com\/wp-content\/uploads\/2024\/12\/\u7269\u6d41\u8fd0\u8f93\u753b\u9762-2-600x450.jpg 600w\" sizes=\"(max-width: 1424px) 100vw, 1424px\" \/><\/p>\n<table style=\"border-collapse: collapse; width: 100%; height: 144px;\">\n<tbody>\n<tr style=\"height: 24px;\">\n<td style=\"width: 33.3333%; text-align: center; height: 24px;\"><span style=\"font-size: 14pt;\"><strong>\u0130fade etmek<\/strong><\/span><\/td>\n<td style=\"width: 33.3333%; text-align: center; height: 24px;\"><span style=\"font-size: 14pt;\"><strong>Hava y\u00fck\u00fc<\/strong><\/span><\/td>\n<td style=\"width: 33.3333%; text-align: center; height: 24px;\"><span style=\"font-size: 14pt;\"><strong>Deniz ta\u015f\u0131mac\u0131l\u0131\u011f\u0131<\/strong><\/span><\/td>\n<\/tr>\n<tr style=\"height: 24px;\">\n<td style=\"width: 33.3333%; text-align: center; height: 24px;\">Avrupa 4-6 g\u00fcn<\/td>\n<td style=\"width: 33.3333%; text-align: center; height: 24px;\">Avrupa 4-6 g\u00fcn<\/td>\n<td style=\"width: 33.3333%; text-align: center; height: 24px;\">Avrupa 25-35 g\u00fcn<\/td>\n<\/tr>\n<tr style=\"height: 24px;\">\n<td style=\"width: 33.3333%; text-align: center; height: 24px;\">Morth America 4-6 g\u00fcn<\/td>\n<td style=\"width: 33.3333%; text-align: center; height: 24px;\">Morth America 4-6 g\u00fcn<\/td>\n<td style=\"width: 33.3333%; text-align: center; height: 24px;\">Morth America 25-35 g\u00fcn<\/td>\n<\/tr>\n<tr style=\"height: 24px;\">\n<td style=\"width: 33.3333%; text-align: center; height: 24px;\">G\u00fcney Do\u011fu Asya 3-5 g\u00fcn<\/td>\n<td style=\"width: 33.3333%; text-align: center; height: 24px;\">G\u00fcney Do\u011fu Asya 3-5 g\u00fcn<\/td>\n<td style=\"width: 33.3333%; text-align: center; height: 24px;\">G\u00fcney Do\u011fu Asya 25-35 g\u00fcn<\/td>\n<\/tr>\n<tr style=\"height: 24px;\">\n<td style=\"width: 33.3333%; text-align: center; height: 24px;\">Orta Do\u011fu 4-6 g\u00fcn<\/td>\n<td style=\"width: 33.3333%; text-align: center; height: 24px;\">Orta Do\u011fu 4-6 g\u00fcn<\/td>\n<td style=\"width: 33.3333%; text-align: center; height: 24px;\">Orta Do\u011fu 25-35 g\u00fcn<\/td>\n<\/tr>\n<tr style=\"height: 24px;\">\n<td style=\"width: 33.3333%; text-align: center; height: 24px;\">G\u00fcney Afrika 5-8 g\u00fcn<\/td>\n<td style=\"width: 33.3333%; text-align: center; height: 24px;\">G\u00fcney Afrika 5-8 g\u00fcn<\/td>\n<td style=\"width: 33.3333%; text-align: center; height: 24px;\">G\u00fcney Afrika 25-35 g\u00fcn<\/td>\n<\/tr>\n<\/tbody>\n<\/table>\n<p><span style=\"font-size: 14pt;\"><strong>SSS:\u00a0<\/strong><\/span><\/p>\n<h3 id=\"why-should-you-buy-from-us-instead-of-other-suppliers\" class=\"ai-center-markdown-h3\" data-spm-anchor-id=\"a2700.micro_cgs_home.0.i9.6e743e5ftETPZu\">Neden di\u011fer tedarik\u00e7iler yerine bizden sat\u0131n almal\u0131s\u0131n\u0131z?<\/h3>\n<ol class=\"ai-center-markdown-ol\" start=\"1\">\n<li class=\"ai-center-markdown-li\"><strong class=\"ai-center-markdown-strong\">Sadece 3 Dakikada \u00d6zelle\u015ftirilmi\u015f Tasar\u0131mlar<\/strong>\u0130htiya\u00e7lar\u0131n\u0131za uygun h\u0131zl\u0131 ve verimli tasar\u0131m hizmetleri.<\/li>\n<li class=\"ai-center-markdown-li\"><strong class=\"ai-center-markdown-strong\">24\/7 \u00c7evrimi\u00e7i Hizmet<\/strong>Her zaman size yard\u0131mc\u0131 olmak i\u00e7in haz\u0131r, ne olursa olsun.<\/li>\n<li class=\"ai-center-markdown-li\"><strong class=\"ai-center-markdown-strong\">H\u0131zl\u0131 \u00d6rnek D\u00f6n\u00fc\u015f\u00fcm\u00fc<\/strong>: 7 g\u00fcn i\u00e7inde stok \u00f6rnekleri, 15 g\u00fcn i\u00e7inde \u00f6zel bas\u0131l\u0131 \u00f6rnekler mevcuttur.<\/li>\n<li class=\"ai-center-markdown-li\"><strong class=\"ai-center-markdown-strong\">G\u00fcvenilir Kur\u015fun S\u00fcresi<\/strong>: Sipari\u015fleriniz i\u00e7in tutarl\u0131 35 g\u00fcnl\u00fck teslim s\u00fcresi.<\/li>\n<li class=\"ai-center-markdown-li\"><strong class=\"ai-center-markdown-strong\">Kan\u0131tlanm\u0131\u015f Uzmanl\u0131k<\/strong>Kozmetik ambalaj end\u00fcstrisinde 10 y\u0131ldan fazla deneyim.<\/li>\n<li class=\"ai-center-markdown-li\"><strong class=\"ai-center-markdown-strong\">Fabrika Do\u011frudan<\/strong>: En iyi fiyatlar ve hizmetler do\u011frudan fabrikam\u0131zdan.<\/li>\n<li class=\"ai-center-markdown-li\"><strong class=\"ai-center-markdown-strong\">Kapsaml\u0131 \u00c7\u00f6z\u00fcmler<\/strong>: T\u00fcm kozmetik ambalaj ihtiya\u00e7lar\u0131n\u0131z i\u00e7in tek durakl\u0131 \u00e7\u00f6z\u00fcm.<\/li>\n<\/ol>\n<h3 id=\"who-are-we\" class=\"ai-center-markdown-h3\">Biz Kimiz?<\/h3>\n<p class=\"ai-center-markdown-p\">Biz 2014 y\u0131l\u0131nda kurulan Zhejiang, \u00c7in merkezli bir kozmetik ambalaj \u015firketiyiz. Ana pazarlar\u0131m\u0131z \u015funlard\u0131r:<\/p>\n<ul class=\"ai-center-markdown-ul\">\n<li class=\"ai-center-markdown-li\">\u0130\u00e7 Pazar:<\/li>\n<li class=\"ai-center-markdown-li\">Okyanusya: %8<\/li>\n<li class=\"ai-center-markdown-li\">Ortado\u011fu: %7<\/li>\n<li class=\"ai-center-markdown-li\">Do\u011fu Asya: %2<\/li>\n<li class=\"ai-center-markdown-li\">Kuzey Amerika: %2<\/li>\n<li class=\"ai-center-markdown-li\">Bat\u0131 Avrupa: %2<\/li>\n<li class=\"ai-center-markdown-li\">G\u00fcneydo\u011fu Asya: %2<\/li>\n<li class=\"ai-center-markdown-li\">G\u00fcney Asya: %1<\/li>\n<li class=\"ai-center-markdown-li\">G\u00fcney Amerika: %1<\/li>\n<li class=\"ai-center-markdown-li\">G\u00fcney Avrupa: %1<\/li>\n<li class=\"ai-center-markdown-li\">Orta Amerika: %1<\/li>\n<li class=\"ai-center-markdown-li\">Kuzey Avrupa: %1<\/li>\n<li class=\"ai-center-markdown-li\">Afrika: %1<\/li>\n<li class=\"ai-center-markdown-li\">Do\u011fu Avrupa: %1<\/li>\n<\/ul>\n<h3 id=\"how-can-we-guarantee-quality\" class=\"ai-center-markdown-h3\">Kaliteyi nas\u0131l garanti edebiliriz?<\/h3>\n<ul class=\"ai-center-markdown-ul\">\n<li class=\"ai-center-markdown-li\"><strong class=\"ai-center-markdown-strong\">\u00dcretim \u00d6ncesi \u00d6rnekler<\/strong>: Her zaman seri \u00fcretimden \u00f6nce sa\u011flan\u0131r.<\/li>\n<li class=\"ai-center-markdown-li\"><strong class=\"ai-center-markdown-strong\">Son Muayene<\/strong>: Kargo \u00f6ncesi kapsaml\u0131 muayene.<\/li>\n<\/ul>\n<h3 id=\"what-can-you-buy-from-us\" class=\"ai-center-markdown-h3\">Bizden ne sat\u0131n alabilirsiniz?<\/h3>\n<ul class=\"ai-center-markdown-ul\">\n<li class=\"ai-center-markdown-li\">Cam \u015ei\u015feler<\/li>\n<li class=\"ai-center-markdown-li\">Plastik \u015fi\u015feler \/ kavanozlar \/ t\u00fcpler<\/li>\n<li class=\"ai-center-markdown-li\">Al\u00fcminyum \u015fi\u015feler \/ kavanozlar \/ t\u00fcpler<\/li>\n<li class=\"ai-center-markdown-li\">\u00c7e\u015fitli kozmetik ambalaj malzemeleri<\/li>\n<\/ul>\n<h3 id=\"what-services-can-we-provide\" class=\"ai-center-markdown-h3\">Hangi Hizmetleri Sunabiliriz?<\/h3>\n<ul class=\"ai-center-markdown-ul\">\n<li class=\"ai-center-markdown-li\"><strong class=\"ai-center-markdown-strong\">Teslimat Ko\u015fullar\u0131<\/strong>FOB, CFR, CIF<\/li>\n<li class=\"ai-center-markdown-li\"><strong class=\"ai-center-markdown-strong\">\u00d6deme Para birimleri<\/strong>ABD Dolar\u0131, EUR, HKD, CNY<\/li>\n<li class=\"ai-center-markdown-li\"><strong class=\"ai-center-markdown-strong\">\u00d6deme T\u00fcrleri<\/strong>\u00dcr\u00fcnler: T \/ T, L \/ C, D \/ P, D \/ A<\/li>\n<\/ul>","protected":false},"excerpt":{"rendered":"<p>Malzeme: ABS \/ AS<\/p>\n<p>Kapasite: 3G<\/p>\n<p>Size: 78.5*19.5mm<\/p>\n<p>Renk: \u00d6zelle\u015ftirilmi\u015f Kabul (Mevcut Pantone Rengi)<\/p>\n<p>Y\u00fczey Kaplamas\u0131: Serip Bask\u0131, S\u0131cak Damgalama, Mat Kaplama, vb.<\/p>\n<p>MOQ: 10000 pcs<\/p>\n<p>\u00d6rnek: \u00dccretsiz \u00f6rnekler mevcut<\/p>\n<p>&nbsp;<\/p>\n<p>&nbsp;<\/p>","protected":false},"featured_media":1459,"comment_status":"closed","ping_status":"closed","template":"","meta":{"_acf_changed":false},"product_brand":[],"product_cat":[53,36],"product_tag":[39],"class_list":{"0":"post-1450","1":"product","2":"type-product","3":"status-publish","4":"has-post-thumbnail","6":"product_cat-lipstick-tube","7":"product_cat-makeup","8":"product_tag-makeup","10":"first","11":"outofstock","12":"shipping-taxable","13":"product-type-simple"},"acf":[],"_links":{"self":[{"href":"https:\/\/www.cosmepak.com\/tr\/wp-json\/wp\/v2\/product\/1450","targetHints":{"allow":["GET"]}}],"collection":[{"href":"https:\/\/www.cosmepak.com\/tr\/wp-json\/wp\/v2\/product"}],"about":[{"href":"https:\/\/www.cosmepak.com\/tr\/wp-json\/wp\/v2\/types\/product"}],"replies":[{"embeddable":true,"href":"https:\/\/www.cosmepak.com\/tr\/wp-json\/wp\/v2\/comments?post=1450"}],"wp:featuredmedia":[{"embeddable":true,"href":"https:\/\/www.cosmepak.com\/tr\/wp-json\/wp\/v2\/media\/1459"}],"wp:attachment":[{"href":"https:\/\/www.cosmepak.com\/tr\/wp-json\/wp\/v2\/media?parent=1450"}],"wp:term":[{"taxonomy":"product_brand","embeddable":true,"href":"https:\/\/www.cosmepak.com\/tr\/wp-json\/wp\/v2\/product_brand?post=1450"},{"taxonomy":"product_cat","embeddable":true,"href":"https:\/\/www.cosmepak.com\/tr\/wp-json\/wp\/v2\/product_cat?post=1450"},{"taxonomy":"product_tag","embeddable":true,"href":"https:\/\/www.cosmepak.com\/tr\/wp-json\/wp\/v2\/product_tag?post=1450"}],"curies":[{"name":"wp","href":"https:\/\/api.w.org\/{rel}","templated":true}]}}