{"id":1460,"date":"2025-03-27T15:03:00","date_gmt":"2025-03-27T07:03:00","guid":{"rendered":"https:\/\/www.cosmepak.com\/?post_type=product&#038;p=1460"},"modified":"2026-02-06T14:51:21","modified_gmt":"2026-02-06T06:51:21","slug":"perfume-bottle-30ml-colorful-empty-perfume-bottle","status":"publish","type":"product","link":"https:\/\/www.cosmepak.com\/tr\/product\/perfume-bottle-30ml-colorful-empty-perfume-bottle\/","title":{"rendered":"Parf\u00fcm \u015ei\u015fesi -30ml Renkli Bo\u015f Parf\u00fcm \u015ei\u015fesi\/ Jaunce"},"content":{"rendered":"<table style=\"border-collapse: collapse; width: 100%; height: 216px;\">\n<tbody>\n<tr style=\"height: 24px;\">\n<td style=\"width: 44.5017%; height: 24px; text-align: center;\">Kapasite<\/td>\n<td style=\"width: 55.4983%; height: 24px; text-align: center;\">\u00a030ml<\/td>\n<\/tr>\n<tr style=\"height: 24px;\">\n<td style=\"width: 44.5017%; height: 24px; text-align: center;\">Model<\/td>\n<td style=\"width: 55.4983%; height: 24px; text-align: center;\">JH-JS30<\/td>\n<\/tr>\n<tr style=\"height: 24px;\">\n<td style=\"width: 44.5017%; height: 24px; text-align: center;\">\u015ei\u015fe malzemesi<\/td>\n<td style=\"width: 55.4983%; height: 24px; text-align: center;\">Bardak<\/td>\n<\/tr>\n<tr style=\"height: 24px;\">\n<td style=\"width: 44.5017%; height: 24px; text-align: center;\">Kapak malzemesi<\/td>\n<td style=\"width: 55.4983%; height: 24px; text-align: center;\">Plastik<\/td>\n<\/tr>\n<tr style=\"height: 24px;\">\n<td style=\"width: 44.5017%; height: 24px; text-align: center;\">Boyut<\/td>\n<td style=\"width: 55.4983%; height: 24px; text-align: center;\">37*97mm<\/td>\n<\/tr>\n<tr style=\"height: 24px;\">\n<td style=\"width: 44.5017%; height: 24px; text-align: center;\">A\u011f\u0131rl\u0131k<\/td>\n<td style=\"width: 55.4983%; height: 24px; text-align: center;\">90.9g<\/td>\n<\/tr>\n<tr style=\"height: 24px;\">\n<td style=\"width: 44.5017%; height: 24px; text-align: center;\">\u00d6zelle\u015ftirme<\/td>\n<td style=\"width: 55.4983%; height: 24px; text-align: center;\">Kabul etmek<\/td>\n<\/tr>\n<tr style=\"height: 24px;\">\n<td style=\"width: 44.5017%; height: 24px; text-align: center;\">Renk<\/td>\n<td style=\"width: 55.4983%; height: 24px; text-align: center;\">\u00d6zelle\u015ftirilmi\u015f<\/td>\n<\/tr>\n<tr style=\"height: 24px;\">\n<td style=\"width: 44.5017%; height: 24px; text-align: center;\">OEM ve ODM<\/td>\n<td style=\"width: 55.4983%; height: 24px; text-align: center;\">Kabul etmek<\/td>\n<\/tr>\n<\/tbody>\n<\/table>\n<p>Bu 30 ml k\u00fc\u00e7\u00fck bir parf\u00fcm \u015fi\u015fesi. \u015ei\u015fe&#8217; s kapasitesi, yolda parf\u00fcm doldurmalar\u0131 i\u00e7in \u00e7antan\u0131za kolayca yerle\u015ftirilebilir. G\u00fcnl\u00fck kullan\u0131m i\u00e7in \u00e7ok uygundur. Ayr\u0131ca, bu kapasite hava ta\u015f\u0131mac\u0131l\u0131\u011f\u0131 i\u00e7in uygundur ve seyahat i\u00e7in zorunludur.<\/p>\n<p>Parf\u00fcm \u015fi\u015fe serimiz \u00e7e\u015fitli tarz tercihlerine uygun geni\u015f bir se\u00e7enek yelpazesi sunar.<\/p>\n<p>Y\u00fcksek \u015feffafl\u0131k cam \u015fi\u015fe kristal kadar a\u00e7\u0131kt\u0131r ve parf\u00fcm hatt\u0131n\u0131 a\u00e7\u0131k\u00e7a g\u00f6rmenize olanak sa\u011flar. Alt\u0131n \/ g\u00fcm\u00fc\u015f metal kapak l\u00fcks bir serin ton ve parlakl\u0131k ekler. herhangi bir pantone \u015feffaf renk \u00f6zelle\u015ftirebilir.<\/p>\n<p>\u015ei\u015fedeki a\u00e7\u0131k mor, kiraz \u00e7i\u00e7ekleri pembe ve nane ye\u015filinin mat ve mat kaplamas\u0131, r\u00fcyal\u0131 bir atmosferle nazik ve sakinle\u015ftirici bir etki yarat\u0131r. \u00c7e\u015fitli koku kaliteleri i\u00e7in uygundur. Parlak doku parlak ve canl\u0131 bir izlenim verir. \u0130ster mat olsun, ister parlak olsun, profilinize uygun biri olmal\u0131d\u0131r.<\/p>\n<p>\u00dcr\u00fcn, ince ve d\u00fczenli desenleri ile bir \u0131\u015f\u0131k ve g\u00f6lge derecesini sunan bir balak \u015feklinde grav\u00fcr tekni\u011fi kullanarak haz\u0131rlanm\u0131\u015ft\u0131r. \u00dcstteki k\u00fcresel \u00fcst boncuk p\u00fcr\u00fczs\u00fcz ve yuvarlak bir y\u00fczeye sahiptir. So\u011fuk metal \u015fi\u015fenin s\u0131cak dokusu ile keskin bir \u015fekilde kontrast eder ve sadece bir s\u0131zd\u0131rmazl\u0131k kapa\u011f\u0131 olarak de\u011fil, ayn\u0131 zamanda ola\u011fan\u00fcst\u00fc bir g\u00f6rsel odak noktas\u0131 haline gelir. Kapak se\u00e7im i\u00e7in alt\u0131n ve g\u00fcm\u00fc\u015f renklerde mevcuttur ve ayn\u0131 renkte e\u015fle\u015fen sprey ince bir s\u0131v\u0131 bo\u015falt\u0131s\u0131na sahiptir. Di\u015fli a\u00e7\u0131l\u0131\u015f tasar\u0131m\u0131 doldurmay\u0131 kolayla\u015ft\u0131r\u0131r ve cam malzemesi \u00e7evre dostu ve yeniden kullan\u0131labilir.<\/p>\n<p>Kal\u0131n cam alt \u015fi\u015feyi geli\u015ftirir&#8217; s dayan\u0131kl\u0131l\u0131\u011f\u0131, k\u0131r\u0131lmaya daha az e\u011filimli hale getirir.<\/p>\n<p>Bu parf\u00fcm \u015fi\u015fesi m\u00fc\u015fteri isteklerine g\u00f6re Pantone renklerle \u00f6zelle\u015ftirilebilir. \u0130ki se\u00e7enek mevcuttur: kat\u0131 renk ve \u015feffaf renk. Kat\u0131 renk ya da \u015feffaf renk tercih ederseniz de iyi bir se\u00e7imdir. Marka bilincini art\u0131rmak i\u00e7in \u015fi\u015fedeki logo tasar\u0131mlar\u0131n\u0131, metin i\u00e7erik etiketlerini vb. \u00f6zelle\u015ftirebilirsiniz.<\/p>\n<p><img fetchpriority=\"high\" decoding=\"async\" class=\"alignnone wp-image-1455\" src=\"https:\/\/www.cosmepak.com\/wp-content\/uploads\/2025\/03\/O1CN01VVeLQn25jS0nkfZC8_2778787562-0-cib.jpg\" alt=\"renkli parf\u00fcm \u015fi\u015fesi\" width=\"1371\" height=\"1371\" srcset=\"https:\/\/www.cosmepak.com\/wp-content\/uploads\/2025\/03\/O1CN01VVeLQn25jS0nkfZC8_2778787562-0-cib.jpg 1000w, https:\/\/www.cosmepak.com\/wp-content\/uploads\/2025\/03\/O1CN01VVeLQn25jS0nkfZC8_2778787562-0-cib-300x300.jpg 300w, https:\/\/www.cosmepak.com\/wp-content\/uploads\/2025\/03\/O1CN01VVeLQn25jS0nkfZC8_2778787562-0-cib-150x150.jpg 150w, https:\/\/www.cosmepak.com\/wp-content\/uploads\/2025\/03\/O1CN01VVeLQn25jS0nkfZC8_2778787562-0-cib-768x768.jpg 768w, https:\/\/www.cosmepak.com\/wp-content\/uploads\/2025\/03\/O1CN01VVeLQn25jS0nkfZC8_2778787562-0-cib-600x600.jpg 600w, https:\/\/www.cosmepak.com\/wp-content\/uploads\/2025\/03\/O1CN01VVeLQn25jS0nkfZC8_2778787562-0-cib-100x100.jpg 100w\" sizes=\"(max-width: 1371px) 100vw, 1371px\" \/><\/p>\n<table style=\"border-collapse: collapse; width: 100%;\">\n<tbody>\n<tr>\n<td style=\"width: 50%;\"><img decoding=\"async\" class=\"alignnone size-full wp-image-3975\" src=\"https:\/\/www.cosmepak.com\/wp-content\/uploads\/2025\/03\/O1CN01pL4UQ425jS0rEUgbA_2778787562-0-cib.jpg\" alt=\"\" width=\"1000\" height=\"1000\" srcset=\"https:\/\/www.cosmepak.com\/wp-content\/uploads\/2025\/03\/O1CN01pL4UQ425jS0rEUgbA_2778787562-0-cib.jpg 1000w, https:\/\/www.cosmepak.com\/wp-content\/uploads\/2025\/03\/O1CN01pL4UQ425jS0rEUgbA_2778787562-0-cib-300x300.jpg 300w, https:\/\/www.cosmepak.com\/wp-content\/uploads\/2025\/03\/O1CN01pL4UQ425jS0rEUgbA_2778787562-0-cib-150x150.jpg 150w, https:\/\/www.cosmepak.com\/wp-content\/uploads\/2025\/03\/O1CN01pL4UQ425jS0rEUgbA_2778787562-0-cib-768x768.jpg 768w, https:\/\/www.cosmepak.com\/wp-content\/uploads\/2025\/03\/O1CN01pL4UQ425jS0rEUgbA_2778787562-0-cib-12x12.jpg 12w, https:\/\/www.cosmepak.com\/wp-content\/uploads\/2025\/03\/O1CN01pL4UQ425jS0rEUgbA_2778787562-0-cib-600x600.jpg 600w, https:\/\/www.cosmepak.com\/wp-content\/uploads\/2025\/03\/O1CN01pL4UQ425jS0rEUgbA_2778787562-0-cib-100x100.jpg 100w\" sizes=\"(max-width: 1000px) 100vw, 1000px\" \/><\/td>\n<td style=\"width: 50%;\"><img decoding=\"async\" class=\"alignnone size-full wp-image-3976\" src=\"https:\/\/www.cosmepak.com\/wp-content\/uploads\/2025\/03\/O1CN01stNk7j25jS0i1osnY_2778787562-0-cib-1.jpg\" alt=\"\" width=\"1000\" height=\"1000\" srcset=\"https:\/\/www.cosmepak.com\/wp-content\/uploads\/2025\/03\/O1CN01stNk7j25jS0i1osnY_2778787562-0-cib-1.jpg 1000w, https:\/\/www.cosmepak.com\/wp-content\/uploads\/2025\/03\/O1CN01stNk7j25jS0i1osnY_2778787562-0-cib-1-300x300.jpg 300w, https:\/\/www.cosmepak.com\/wp-content\/uploads\/2025\/03\/O1CN01stNk7j25jS0i1osnY_2778787562-0-cib-1-150x150.jpg 150w, https:\/\/www.cosmepak.com\/wp-content\/uploads\/2025\/03\/O1CN01stNk7j25jS0i1osnY_2778787562-0-cib-1-768x768.jpg 768w, https:\/\/www.cosmepak.com\/wp-content\/uploads\/2025\/03\/O1CN01stNk7j25jS0i1osnY_2778787562-0-cib-1-12x12.jpg 12w, https:\/\/www.cosmepak.com\/wp-content\/uploads\/2025\/03\/O1CN01stNk7j25jS0i1osnY_2778787562-0-cib-1-600x600.jpg 600w, https:\/\/www.cosmepak.com\/wp-content\/uploads\/2025\/03\/O1CN01stNk7j25jS0i1osnY_2778787562-0-cib-1-100x100.jpg 100w\" sizes=\"(max-width: 1000px) 100vw, 1000px\" \/><\/td>\n<\/tr>\n<\/tbody>\n<\/table>\n<p>&nbsp;<\/p>","protected":false},"excerpt":{"rendered":"<p>\u015ei\u015fe Malzemesi: Cam<\/p>\n<p>Capcity: 30ml<\/p>\n<p>Boyut: OD: 37mm;<\/p>\n<p>Package Size: 55.3*25.7*20.8cm<\/p>\n<p>Paket Say\u0131s\u0131: 156pcs \/ Karton<\/p>\n<p>Paket GW: 16kgs<\/p>\n<p>Single Weight: 90.9g<\/p>\n<p>Renk: 6 renk<\/p>\n<p>Y\u00fczey Kaplama: Serip Bask\u0131, S\u0131cak Damgalama, P\u00fcsk\u00fcrtme Gradyan, Mat Kaplama, vb.<\/p>\n<p>MOQ: 5000pcs;<\/p>\n<p>&nbsp;<\/p>","protected":false},"featured_media":1457,"comment_status":"closed","ping_status":"closed","template":"","meta":{"_acf_changed":false},"product_brand":[],"product_cat":[17],"product_tag":[],"class_list":{"0":"post-1460","1":"product","2":"type-product","3":"status-publish","4":"has-post-thumbnail","6":"product_cat-perfume-bottle","8":"first","9":"outofstock","10":"shipping-taxable","11":"product-type-simple"},"acf":[],"_links":{"self":[{"href":"https:\/\/www.cosmepak.com\/tr\/wp-json\/wp\/v2\/product\/1460","targetHints":{"allow":["GET"]}}],"collection":[{"href":"https:\/\/www.cosmepak.com\/tr\/wp-json\/wp\/v2\/product"}],"about":[{"href":"https:\/\/www.cosmepak.com\/tr\/wp-json\/wp\/v2\/types\/product"}],"replies":[{"embeddable":true,"href":"https:\/\/www.cosmepak.com\/tr\/wp-json\/wp\/v2\/comments?post=1460"}],"wp:featuredmedia":[{"embeddable":true,"href":"https:\/\/www.cosmepak.com\/tr\/wp-json\/wp\/v2\/media\/1457"}],"wp:attachment":[{"href":"https:\/\/www.cosmepak.com\/tr\/wp-json\/wp\/v2\/media?parent=1460"}],"wp:term":[{"taxonomy":"product_brand","embeddable":true,"href":"https:\/\/www.cosmepak.com\/tr\/wp-json\/wp\/v2\/product_brand?post=1460"},{"taxonomy":"product_cat","embeddable":true,"href":"https:\/\/www.cosmepak.com\/tr\/wp-json\/wp\/v2\/product_cat?post=1460"},{"taxonomy":"product_tag","embeddable":true,"href":"https:\/\/www.cosmepak.com\/tr\/wp-json\/wp\/v2\/product_tag?post=1460"}],"curies":[{"name":"wp","href":"https:\/\/api.w.org\/{rel}","templated":true}]}}