{"id":1468,"date":"2025-03-27T15:34:36","date_gmt":"2025-03-27T07:34:36","guid":{"rendered":"https:\/\/www.cosmepak.com\/?post_type=product&#038;p=1468"},"modified":"2026-02-06T13:33:30","modified_gmt":"2026-02-06T05:33:30","slug":"perfume-bottle-30ml-high-quality-mist-perfume-bottle-jaunce","status":"publish","type":"product","link":"https:\/\/www.cosmepak.com\/tr\/product\/perfume-bottle-30ml-high-quality-mist-perfume-bottle-jaunce\/","title":{"rendered":"Parf\u00fcm \u015ei\u015fesi -30ml Y\u00fcksek Kaliteli Sis Parf\u00fcm \u015ei\u015fesi \/ Jaunce"},"content":{"rendered":"<table style=\"border-collapse: collapse; width: 100%; height: 216px;\">\n<tbody>\n<tr style=\"height: 24px;\">\n<td style=\"width: 44.5017%; height: 24px; text-align: center;\">Kapasite<\/td>\n<td style=\"width: 55.4983%; height: 24px; text-align: center;\">\u00a030ml<\/td>\n<\/tr>\n<tr style=\"height: 24px;\">\n<td style=\"width: 44.5017%; height: 24px; text-align: center;\">Model<\/td>\n<td style=\"width: 55.4983%; height: 24px; text-align: center;\">JH-30<\/td>\n<\/tr>\n<tr style=\"height: 24px;\">\n<td style=\"width: 44.5017%; height: 24px; text-align: center;\">\u015ei\u015fe malzemesi<\/td>\n<td style=\"width: 55.4983%; height: 24px; text-align: center;\">Bardak<\/td>\n<\/tr>\n<tr style=\"height: 24px;\">\n<td style=\"width: 44.5017%; height: 24px; text-align: center;\">Kapak malzemesi<\/td>\n<td style=\"width: 55.4983%; height: 24px; text-align: center;\">Alt\u0131n<\/td>\n<\/tr>\n<tr style=\"height: 24px;\">\n<td style=\"width: 44.5017%; height: 24px; text-align: center;\">Boyut<\/td>\n<td style=\"width: 55.4983%; height: 24px; text-align: center;\">53*22*78mm<\/td>\n<\/tr>\n<tr style=\"height: 24px;\">\n<td style=\"width: 44.5017%; height: 24px; text-align: center;\">A\u011f\u0131rl\u0131k<\/td>\n<td style=\"width: 55.4983%; height: 24px; text-align: center;\">97.2g<\/td>\n<\/tr>\n<tr style=\"height: 24px;\">\n<td style=\"width: 44.5017%; height: 24px; text-align: center;\">\u00d6zelle\u015ftirme<\/td>\n<td style=\"width: 55.4983%; height: 24px; text-align: center;\">Kabul etmek<\/td>\n<\/tr>\n<tr style=\"height: 24px;\">\n<td style=\"width: 44.5017%; height: 24px; text-align: center;\">Renk<\/td>\n<td style=\"width: 55.4983%; height: 24px; text-align: center;\">\u00d6zelle\u015ftirilmi\u015f<\/td>\n<\/tr>\n<tr style=\"height: 24px;\">\n<td style=\"width: 44.5017%; height: 24px; text-align: center;\">OEM ve ODM<\/td>\n<td style=\"width: 55.4983%; height: 24px; text-align: center;\">Kabul etmek<\/td>\n<\/tr>\n<\/tbody>\n<\/table>\n<p>Bu, 30ml \/ 50ml kapasiteli kare \u015feklinde bir \u015fi\u015fedir. Y\u00fcksek kaliteli \u015feffaf camdan yap\u0131lm\u0131\u015ft\u0131r.<\/p>\n<p>Kal\u0131n tabanl\u0131 tasar\u0131m genellikle y\u00fcksek kaliteli parf\u00fcm \u015fi\u015fe serilerine uygulan\u0131r, \u00fcr\u00fcnlerin daha l\u00fcks ve prestijli g\u00f6r\u00fcnmesini sa\u011flar ve s\u0131n\u0131flar\u0131n\u0131 art\u0131r\u0131r.<\/p>\n<p>Farkl\u0131 tasar\u0131m kapasiteleri farkl\u0131 kullan\u0131m senaryolar\u0131n\u0131 kar\u015f\u0131layabilir. Vidal\u0131 \u015fi\u015fe boynu parf\u00fcm doldurmak i\u00e7in uygun hale getirir. Vidal\u0131 sprey ince bir s\u0131v\u0131 bo\u015faltmas\u0131na sahiptir ve yeniden kullan\u0131labilir. Cam malzemesi \u00e7evre dostudur.<\/p>\n<p>Kal\u0131n cam \u015fi\u015fe taban\u0131, \u015fi\u015fenin genel a\u011f\u0131rl\u0131\u011f\u0131n\u0131 ve dokusunu artt\u0131r\u0131r ve ona kaliteye de\u011fer veren t\u00fcketicileri \u00e7ekebilecek y\u00fcksek kaliteli bir \u00f6zellik verir. Bu \u00f6zellik ayr\u0131ca \u015fi\u015feyi&#8217; dayan\u0131kl\u0131l\u0131\u011f\u0131 ve k\u0131r\u0131lma olas\u0131l\u0131\u011f\u0131n\u0131 azalt\u0131r.<\/p>\n<p>30ml kapasitesine sahip bu \u015fi\u015fe seyahat ve harekette kullan\u0131m i\u00e7in m\u00fckemmeldir. Kompakt boyutu, el \u00e7antalar\u0131na veya seyahat kitlerine kolayca uyum sa\u011flar ve en sevdikleri kokular\u0131 nereye giderse giderler ta\u015f\u0131mak isteyen kullan\u0131c\u0131lar i\u00e7in uygun hale gelir. Ayr\u0131ca ince bir sprey etkisi elde edebilecek y\u00fcksek kaliteli bir sprey pompas\u0131 ile donat\u0131lm\u0131\u015ft\u0131r.<\/p>\n<p>Metallik ses veren sprey sadece g\u00fczel g\u00f6r\u00fcnmekle kalmaz ve pratiktir, ayn\u0131 zamanda \u00fcr\u00fcn\u00fcn kalitesini de art\u0131r\u0131r. Kare, alt\u0131n renkli T \u015feklindeki kapak, k\u00fc\u00e7\u00fck tarz\u0131nda l\u00fcks hissi sa\u011fl\u0131yor.<\/p>\n<p class=\"ai-center-markdown-p\">30ml kare \u015fi\u015fe, \u00e7e\u015fitli parf\u00fcm hatlar\u0131n\u0131n markalama ve estetik tercihlerine uymak i\u00e7in farkl\u0131 renkler, bitirmeler ve etiketlerle \u00f6zelle\u015ftirilebilir. Bu&#8217; Minimalist bir tasar\u0131m veya daha ayr\u0131nt\u0131l\u0131 bir g\u00f6r\u00fcn\u00fcm, bu \u015fi\u015fe belirli marka gereksinimlerini kar\u015f\u0131lamak i\u00e7in \u00f6zelle\u015ftirilebilir.<\/p>\n<p class=\"ai-center-markdown-p\">Esasen kokular i\u00e7in tasarlanm\u0131\u015f olsa da, bu \u015fi\u015fe ayn\u0131 zamanda esansiyel ya\u011flar, y\u00fcz sis ve di\u011fer kozmetik \u00e7\u00f6z\u00fcmler gibi di\u011fer s\u0131v\u0131 \u00fcr\u00fcnler i\u00e7in de kullan\u0131labilir. \u00c7ok y\u00f6nl\u00fc tasar\u0131m\u0131 onu herhangi bir \u00fcr\u00fcn hatt\u0131na de\u011ferli bir ekleme haline getirir.<\/p>\n<p>M\u00fc\u015fterilerimizin her birine m\u00fckemmel hizmet sunuyoruz ve \u00fcr\u00fcnlerimizin her kalite y\u00f6n\u00fcn\u00fc s\u0131k\u0131ca kontrol ediyoruz. Memnuniyetiniz en b\u00fcy\u00fck motivasyonumuzdur ve birlikte kar\u015f\u0131l\u0131kl\u0131 ba\u015far\u0131ya ula\u015fabiliriz.<\/p>\n<p><img fetchpriority=\"high\" decoding=\"async\" class=\"alignnone wp-image-1467\" src=\"https:\/\/www.cosmepak.com\/wp-content\/uploads\/2025\/03\/O1CN01cps3Ub25jRmdZwnY0_2778787562-0-cib.jpg\" alt=\"30ml parf\u00fcm \u015fi\u015fesi3\" width=\"1375\" height=\"1375\" srcset=\"https:\/\/www.cosmepak.com\/wp-content\/uploads\/2025\/03\/O1CN01cps3Ub25jRmdZwnY0_2778787562-0-cib.jpg 1000w, https:\/\/www.cosmepak.com\/wp-content\/uploads\/2025\/03\/O1CN01cps3Ub25jRmdZwnY0_2778787562-0-cib-300x300.jpg 300w, https:\/\/www.cosmepak.com\/wp-content\/uploads\/2025\/03\/O1CN01cps3Ub25jRmdZwnY0_2778787562-0-cib-150x150.jpg 150w, https:\/\/www.cosmepak.com\/wp-content\/uploads\/2025\/03\/O1CN01cps3Ub25jRmdZwnY0_2778787562-0-cib-768x768.jpg 768w, https:\/\/www.cosmepak.com\/wp-content\/uploads\/2025\/03\/O1CN01cps3Ub25jRmdZwnY0_2778787562-0-cib-600x600.jpg 600w, https:\/\/www.cosmepak.com\/wp-content\/uploads\/2025\/03\/O1CN01cps3Ub25jRmdZwnY0_2778787562-0-cib-100x100.jpg 100w\" sizes=\"(max-width: 1375px) 100vw, 1375px\" \/><\/p>\n<table style=\"border-collapse: collapse; width: 100%;\">\n<tbody>\n<tr>\n<td style=\"width: 33.3333%;\"><img decoding=\"async\" class=\"alignnone size-full wp-image-3958\" src=\"https:\/\/www.cosmepak.com\/wp-content\/uploads\/2025\/03\/11-9.jpg\" alt=\"\" width=\"1000\" height=\"1000\" srcset=\"https:\/\/www.cosmepak.com\/wp-content\/uploads\/2025\/03\/11-9.jpg 1000w, https:\/\/www.cosmepak.com\/wp-content\/uploads\/2025\/03\/11-9-300x300.jpg 300w, https:\/\/www.cosmepak.com\/wp-content\/uploads\/2025\/03\/11-9-150x150.jpg 150w, https:\/\/www.cosmepak.com\/wp-content\/uploads\/2025\/03\/11-9-768x768.jpg 768w, https:\/\/www.cosmepak.com\/wp-content\/uploads\/2025\/03\/11-9-12x12.jpg 12w, https:\/\/www.cosmepak.com\/wp-content\/uploads\/2025\/03\/11-9-600x600.jpg 600w, https:\/\/www.cosmepak.com\/wp-content\/uploads\/2025\/03\/11-9-100x100.jpg 100w\" sizes=\"(max-width: 1000px) 100vw, 1000px\" \/><\/td>\n<td style=\"width: 33.3333%;\"><img decoding=\"async\" class=\"alignnone size-full wp-image-3959\" src=\"https:\/\/www.cosmepak.com\/wp-content\/uploads\/2025\/03\/2-11.jpg\" alt=\"\" width=\"1000\" height=\"1000\" srcset=\"https:\/\/www.cosmepak.com\/wp-content\/uploads\/2025\/03\/2-11.jpg 1000w, https:\/\/www.cosmepak.com\/wp-content\/uploads\/2025\/03\/2-11-300x300.jpg 300w, https:\/\/www.cosmepak.com\/wp-content\/uploads\/2025\/03\/2-11-150x150.jpg 150w, https:\/\/www.cosmepak.com\/wp-content\/uploads\/2025\/03\/2-11-768x768.jpg 768w, https:\/\/www.cosmepak.com\/wp-content\/uploads\/2025\/03\/2-11-12x12.jpg 12w, https:\/\/www.cosmepak.com\/wp-content\/uploads\/2025\/03\/2-11-600x600.jpg 600w, https:\/\/www.cosmepak.com\/wp-content\/uploads\/2025\/03\/2-11-100x100.jpg 100w\" sizes=\"(max-width: 1000px) 100vw, 1000px\" \/><\/td>\n<td style=\"width: 33.3333%;\"><img loading=\"lazy\" decoding=\"async\" class=\"alignnone size-full wp-image-3960\" src=\"https:\/\/www.cosmepak.com\/wp-content\/uploads\/2025\/03\/3-14.jpg\" alt=\"\" width=\"1000\" height=\"1000\" srcset=\"https:\/\/www.cosmepak.com\/wp-content\/uploads\/2025\/03\/3-14.jpg 1000w, https:\/\/www.cosmepak.com\/wp-content\/uploads\/2025\/03\/3-14-300x300.jpg 300w, https:\/\/www.cosmepak.com\/wp-content\/uploads\/2025\/03\/3-14-150x150.jpg 150w, https:\/\/www.cosmepak.com\/wp-content\/uploads\/2025\/03\/3-14-768x768.jpg 768w, https:\/\/www.cosmepak.com\/wp-content\/uploads\/2025\/03\/3-14-12x12.jpg 12w, https:\/\/www.cosmepak.com\/wp-content\/uploads\/2025\/03\/3-14-600x600.jpg 600w, https:\/\/www.cosmepak.com\/wp-content\/uploads\/2025\/03\/3-14-100x100.jpg 100w\" sizes=\"(max-width: 1000px) 100vw, 1000px\" \/><\/td>\n<\/tr>\n<\/tbody>\n<\/table>\n<table style=\"border-collapse: collapse; width: 100%;\">\n<tbody>\n<tr>\n<td style=\"width: 50%;\"><img loading=\"lazy\" decoding=\"async\" class=\"alignnone size-full wp-image-3961\" src=\"https:\/\/www.cosmepak.com\/wp-content\/uploads\/2025\/03\/6-14.jpg\" alt=\"\" width=\"1000\" height=\"1000\" srcset=\"https:\/\/www.cosmepak.com\/wp-content\/uploads\/2025\/03\/6-14.jpg 1000w, https:\/\/www.cosmepak.com\/wp-content\/uploads\/2025\/03\/6-14-300x300.jpg 300w, https:\/\/www.cosmepak.com\/wp-content\/uploads\/2025\/03\/6-14-150x150.jpg 150w, https:\/\/www.cosmepak.com\/wp-content\/uploads\/2025\/03\/6-14-768x768.jpg 768w, https:\/\/www.cosmepak.com\/wp-content\/uploads\/2025\/03\/6-14-12x12.jpg 12w, https:\/\/www.cosmepak.com\/wp-content\/uploads\/2025\/03\/6-14-600x600.jpg 600w, https:\/\/www.cosmepak.com\/wp-content\/uploads\/2025\/03\/6-14-100x100.jpg 100w\" sizes=\"(max-width: 1000px) 100vw, 1000px\" \/><\/td>\n<td style=\"width: 50%;\"><img loading=\"lazy\" decoding=\"async\" class=\"alignnone size-full wp-image-3962\" src=\"https:\/\/www.cosmepak.com\/wp-content\/uploads\/2025\/03\/7-11.jpg\" alt=\"\" width=\"1000\" height=\"1000\" srcset=\"https:\/\/www.cosmepak.com\/wp-content\/uploads\/2025\/03\/7-11.jpg 1000w, https:\/\/www.cosmepak.com\/wp-content\/uploads\/2025\/03\/7-11-300x300.jpg 300w, https:\/\/www.cosmepak.com\/wp-content\/uploads\/2025\/03\/7-11-150x150.jpg 150w, https:\/\/www.cosmepak.com\/wp-content\/uploads\/2025\/03\/7-11-768x768.jpg 768w, https:\/\/www.cosmepak.com\/wp-content\/uploads\/2025\/03\/7-11-12x12.jpg 12w, https:\/\/www.cosmepak.com\/wp-content\/uploads\/2025\/03\/7-11-600x600.jpg 600w, https:\/\/www.cosmepak.com\/wp-content\/uploads\/2025\/03\/7-11-100x100.jpg 100w\" sizes=\"(max-width: 1000px) 100vw, 1000px\" \/><\/td>\n<\/tr>\n<\/tbody>\n<\/table>\n<p class=\"ai-center-markdown-p\">","protected":false},"excerpt":{"rendered":"<p>\u015ei\u015fe Malzemesi: Cam<\/p>\n<p>Capcity: 30ml<\/p>\n<p>Boyut: Uzunluk: 53mm;<\/p>\n<p>Single Weight: 97.2g<\/p>\n<p>Renk: \u00d6zelle\u015ftirilmi\u015f<\/p>\n<p>Y\u00fczey Kaplama: Serip bask\u0131, buzlanma, s\u0131cak damgalama, sprey gradyan\u0131, mat kaplama vb.<\/p>\n<p>MOQ: 5000pcs;<\/p>\n<p>&nbsp;<\/p>","protected":false},"featured_media":1463,"comment_status":"closed","ping_status":"closed","template":"","meta":{"_acf_changed":false},"product_brand":[],"product_cat":[17],"product_tag":[],"class_list":{"0":"post-1468","1":"product","2":"type-product","3":"status-publish","4":"has-post-thumbnail","6":"product_cat-perfume-bottle","8":"first","9":"outofstock","10":"shipping-taxable","11":"product-type-simple"},"acf":[],"_links":{"self":[{"href":"https:\/\/www.cosmepak.com\/tr\/wp-json\/wp\/v2\/product\/1468","targetHints":{"allow":["GET"]}}],"collection":[{"href":"https:\/\/www.cosmepak.com\/tr\/wp-json\/wp\/v2\/product"}],"about":[{"href":"https:\/\/www.cosmepak.com\/tr\/wp-json\/wp\/v2\/types\/product"}],"replies":[{"embeddable":true,"href":"https:\/\/www.cosmepak.com\/tr\/wp-json\/wp\/v2\/comments?post=1468"}],"wp:featuredmedia":[{"embeddable":true,"href":"https:\/\/www.cosmepak.com\/tr\/wp-json\/wp\/v2\/media\/1463"}],"wp:attachment":[{"href":"https:\/\/www.cosmepak.com\/tr\/wp-json\/wp\/v2\/media?parent=1468"}],"wp:term":[{"taxonomy":"product_brand","embeddable":true,"href":"https:\/\/www.cosmepak.com\/tr\/wp-json\/wp\/v2\/product_brand?post=1468"},{"taxonomy":"product_cat","embeddable":true,"href":"https:\/\/www.cosmepak.com\/tr\/wp-json\/wp\/v2\/product_cat?post=1468"},{"taxonomy":"product_tag","embeddable":true,"href":"https:\/\/www.cosmepak.com\/tr\/wp-json\/wp\/v2\/product_tag?post=1468"}],"curies":[{"name":"wp","href":"https:\/\/api.w.org\/{rel}","templated":true}]}}