{"id":1473,"date":"2025-03-27T15:50:03","date_gmt":"2025-03-27T07:50:03","guid":{"rendered":"https:\/\/www.cosmepak.com\/?post_type=product&#038;p=1473"},"modified":"2026-02-06T14:27:51","modified_gmt":"2026-02-06T06:27:51","slug":"perfume-bottle-50ml-squareperfume-bottle-jaunce","status":"publish","type":"product","link":"https:\/\/www.cosmepak.com\/tr\/product\/perfume-bottle-50ml-squareperfume-bottle-jaunce\/","title":{"rendered":"Parf\u00fcm \u015ei\u015fesi -50ml Kare Parf\u00fcm \u015ei\u015fesi\/ Jaunce"},"content":{"rendered":"<table style=\"border-collapse: collapse; width: 100%; height: 216px;\">\n<tbody>\n<tr style=\"height: 24px;\">\n<td style=\"width: 44.5017%; height: 24px; text-align: center;\">Kapasite<\/td>\n<td style=\"width: 55.4983%; height: 24px; text-align: center;\">\u00a050ml<\/td>\n<\/tr>\n<tr style=\"height: 24px;\">\n<td style=\"width: 44.5017%; height: 24px; text-align: center;\">Model<\/td>\n<td style=\"width: 55.4983%; height: 24px; text-align: center;\">JH-50<\/td>\n<\/tr>\n<tr style=\"height: 24px;\">\n<td style=\"width: 44.5017%; height: 24px; text-align: center;\">\u015ei\u015fe malzemesi<\/td>\n<td style=\"width: 55.4983%; height: 24px; text-align: center;\">Bardak<\/td>\n<\/tr>\n<tr style=\"height: 24px;\">\n<td style=\"width: 44.5017%; height: 24px; text-align: center;\">Kapak malzemesi<\/td>\n<td style=\"width: 55.4983%; height: 24px; text-align: center;\">Alt\u0131n<\/td>\n<\/tr>\n<tr style=\"height: 24px;\">\n<td style=\"width: 44.5017%; height: 24px; text-align: center;\">Boyut<\/td>\n<td style=\"width: 55.4983%; height: 24px; text-align: center;\">65.2*29*90mm<\/td>\n<\/tr>\n<tr style=\"height: 24px;\">\n<td style=\"width: 44.5017%; height: 24px; text-align: center;\">A\u011f\u0131rl\u0131k<\/td>\n<td style=\"width: 55.4983%; height: 24px; text-align: center;\">143G<\/td>\n<\/tr>\n<tr style=\"height: 24px;\">\n<td style=\"width: 44.5017%; height: 24px; text-align: center;\">\u00d6zelle\u015ftirme<\/td>\n<td style=\"width: 55.4983%; height: 24px; text-align: center;\">Kabul etmek<\/td>\n<\/tr>\n<tr style=\"height: 24px;\">\n<td style=\"width: 44.5017%; height: 24px; text-align: center;\">Renk<\/td>\n<td style=\"width: 55.4983%; height: 24px; text-align: center;\">\u00d6zelle\u015ftirilmi\u015f<\/td>\n<\/tr>\n<tr style=\"height: 24px;\">\n<td style=\"width: 44.5017%; height: 24px; text-align: center;\">OEM ve ODM<\/td>\n<td style=\"width: 55.4983%; height: 24px; text-align: center;\">Kabul etmek<\/td>\n<\/tr>\n<\/tbody>\n<\/table>\n<p>50ml kare buz \u015fi\u015fesi \u015f\u0131k ve modern tasar\u0131m\u0131yla \u00f6ne \u00e7\u0131kar. Buzlu cam, herhangi bir bo\u015fluk veya raf\u0131n g\u00f6z\u00fcn\u00fc yakalamas\u0131n\u0131 sa\u011flayan sofistike ve l\u00fcks bir g\u00f6r\u00fcn\u00fcm sa\u011flar. Kal\u0131n cam taban\u0131 sadece estetik \u00e7ekicili\u011fine katmaz, ayn\u0131 zamanda kararl\u0131l\u0131k sa\u011flar ve tesad\u00fcfen d\u00f6n\u00fc\u015f\u00fcm\u00fc \u00f6nler.<\/p>\n<p>Bu kare d\u00fcz tabanl\u0131 \u015fi\u015fe, her ayr\u0131nt\u0131ya dikkat \u00e7ekerek dikkatlice tasarlanm\u0131\u015ft\u0131r. \u015eekili p\u00fcr\u00fczs\u00fcz \u00e7izgilere ve d\u00fcz bir omuz tasar\u0131m\u0131na sahiptir. Elektrokapl\u0131 al\u00fcminyum boya i\u015flemi ile bitirilir ve e\u015fle\u015fen renkli elektrokapl\u0131 T \u015feklinde al\u00fcminyum kapakla donat\u0131lm\u0131\u015ft\u0131r. Bu birle\u015fik metal doku, markan\u0131z\u0131n g\u00f6rsel g\u00f6r\u00fcnt\u00fcs\u00fcn\u00fc artt\u0131ran ve \u00fcr\u00fcnlerinizi \u00f6ne \u00e7\u0131karan ve benzersiz hale getiren y\u00fcksek kaliteli zariflik bir dokunu\u015fu ekler.<\/p>\n<p>Kal\u0131n cam taban\u0131 ekstra a\u011f\u0131rl\u0131k ekler ve \u015fi\u015feye sa\u011flam bir doku verir. Buzlu cam y\u00fczey, \u00e7ift ama\u00e7l\u0131 bir tasar\u0131m kazan\u0131m\u0131d\u0131r: \u015fi\u015fenin rafine g\u00f6r\u00fcn\u00fcm\u00fcn\u00fc g\u00fc\u00e7lendirir ve s\u00fcr\u00fcklenmez bir tutu\u015f sa\u011flar, kullan\u0131m veya uygulama s\u0131ras\u0131nda elinden kayma riskini azalt\u0131r.<\/p>\n<p>Bu boyut tam olarak do\u011frudur ve parf\u00fcm koleksiyonunuz i\u00e7in ideal bir \u00e7ok ama\u00e7l\u0131 se\u00e7im haline getirir. Bu&#8217; saf parf\u00fcm, kolyon veya esansiyel ya\u011f, ihtiya\u00e7lar\u0131n\u0131z\u0131 kar\u015f\u0131layabilir. Hem g\u00fcnl\u00fck ki\u015fisel kullan\u0131m hem de seyahat ederken ta\u015f\u0131mak i\u00e7in uygundur &#8211; hafif, kompakt ve \u00e7ok fazla yer almadan bir \u00e7anta, valiz veya seyahat tak\u0131m\u0131na s\u0131\u011fmas\u0131 kolay.<\/p>\n<p>Tekrar kullan\u0131labilir cam \u015fi\u015felerimiz, tek kullan\u0131ml\u0131k plastik \u015fi\u015felere \u00e7evre dostu bir alternatiftir. Cam tamamen geri d\u00f6n\u00fc\u015ft\u00fcr\u00fclebilir, dayan\u0131kl\u0131d\u0131r ve tekrarlanan kullan\u0131m i\u00e7in uygundur ve \u00e7evre \u00fczerindeki etkiyi en aza indirebilir.<\/p>\n<p>bu seri \u015fi\u015fe biz de renk \u00f6zel kabul, biz herhangi bir pantone renkli bask\u0131 destekler. ve etkili se\u00e7mek i\u00e7in parlak ve mat var. Ayr\u0131ca se\u00e7meniz i\u00e7in \u00e7e\u015fitli aksesuarlar sunuyoruz. Sis spreyi beyaz \/ siyah normal renk enjekte ediyoruz ve ayr\u0131ca Y\u00fcksek s\u0131n\u0131f serisi parf\u00fcm ambalaj\u0131 i\u00e7in Alt\u0131n ve g\u00fcm\u00fc\u015f renk var.<\/p>\n<p><img fetchpriority=\"high\" decoding=\"async\" class=\"alignnone wp-image-1471\" src=\"https:\/\/www.cosmepak.com\/wp-content\/uploads\/2025\/03\/O1CN01S5lNzt25jRmV230Ns_2778787562-0-cib.jpg\" alt=\"\" width=\"1354\" height=\"1354\" srcset=\"https:\/\/www.cosmepak.com\/wp-content\/uploads\/2025\/03\/O1CN01S5lNzt25jRmV230Ns_2778787562-0-cib.jpg 800w, https:\/\/www.cosmepak.com\/wp-content\/uploads\/2025\/03\/O1CN01S5lNzt25jRmV230Ns_2778787562-0-cib-300x300.jpg 300w, https:\/\/www.cosmepak.com\/wp-content\/uploads\/2025\/03\/O1CN01S5lNzt25jRmV230Ns_2778787562-0-cib-150x150.jpg 150w, https:\/\/www.cosmepak.com\/wp-content\/uploads\/2025\/03\/O1CN01S5lNzt25jRmV230Ns_2778787562-0-cib-768x768.jpg 768w, https:\/\/www.cosmepak.com\/wp-content\/uploads\/2025\/03\/O1CN01S5lNzt25jRmV230Ns_2778787562-0-cib-600x600.jpg 600w, https:\/\/www.cosmepak.com\/wp-content\/uploads\/2025\/03\/O1CN01S5lNzt25jRmV230Ns_2778787562-0-cib-100x100.jpg 100w\" sizes=\"(max-width: 1354px) 100vw, 1354px\" \/><\/p>\n<table style=\"border-collapse: collapse; width: 100%;\">\n<tbody>\n<tr>\n<td style=\"width: 33.3333%;\"><img decoding=\"async\" class=\"alignnone size-full wp-image-3974\" src=\"https:\/\/www.cosmepak.com\/wp-content\/uploads\/2025\/03\/12-3.jpg\" alt=\"\" width=\"1000\" height=\"1000\" srcset=\"https:\/\/www.cosmepak.com\/wp-content\/uploads\/2025\/03\/12-3.jpg 1000w, https:\/\/www.cosmepak.com\/wp-content\/uploads\/2025\/03\/12-3-300x300.jpg 300w, https:\/\/www.cosmepak.com\/wp-content\/uploads\/2025\/03\/12-3-150x150.jpg 150w, https:\/\/www.cosmepak.com\/wp-content\/uploads\/2025\/03\/12-3-768x768.jpg 768w, https:\/\/www.cosmepak.com\/wp-content\/uploads\/2025\/03\/12-3-12x12.jpg 12w, https:\/\/www.cosmepak.com\/wp-content\/uploads\/2025\/03\/12-3-600x600.jpg 600w, https:\/\/www.cosmepak.com\/wp-content\/uploads\/2025\/03\/12-3-100x100.jpg 100w\" sizes=\"(max-width: 1000px) 100vw, 1000px\" \/><\/td>\n<td style=\"width: 33.3333%;\"><img decoding=\"async\" class=\"alignnone size-full wp-image-3972\" src=\"https:\/\/www.cosmepak.com\/wp-content\/uploads\/2025\/03\/15.jpg\" alt=\"\" width=\"1000\" height=\"1000\" srcset=\"https:\/\/www.cosmepak.com\/wp-content\/uploads\/2025\/03\/15.jpg 1000w, https:\/\/www.cosmepak.com\/wp-content\/uploads\/2025\/03\/15-300x300.jpg 300w, https:\/\/www.cosmepak.com\/wp-content\/uploads\/2025\/03\/15-150x150.jpg 150w, https:\/\/www.cosmepak.com\/wp-content\/uploads\/2025\/03\/15-768x768.jpg 768w, https:\/\/www.cosmepak.com\/wp-content\/uploads\/2025\/03\/15-12x12.jpg 12w, https:\/\/www.cosmepak.com\/wp-content\/uploads\/2025\/03\/15-600x600.jpg 600w, https:\/\/www.cosmepak.com\/wp-content\/uploads\/2025\/03\/15-100x100.jpg 100w\" sizes=\"(max-width: 1000px) 100vw, 1000px\" \/><\/td>\n<td style=\"width: 33.3333%;\"><img loading=\"lazy\" decoding=\"async\" class=\"alignnone size-full wp-image-3971\" src=\"https:\/\/www.cosmepak.com\/wp-content\/uploads\/2025\/03\/14.jpg\" alt=\"\" width=\"1000\" height=\"1000\" srcset=\"https:\/\/www.cosmepak.com\/wp-content\/uploads\/2025\/03\/14.jpg 1000w, https:\/\/www.cosmepak.com\/wp-content\/uploads\/2025\/03\/14-300x300.jpg 300w, https:\/\/www.cosmepak.com\/wp-content\/uploads\/2025\/03\/14-150x150.jpg 150w, https:\/\/www.cosmepak.com\/wp-content\/uploads\/2025\/03\/14-768x768.jpg 768w, https:\/\/www.cosmepak.com\/wp-content\/uploads\/2025\/03\/14-12x12.jpg 12w, https:\/\/www.cosmepak.com\/wp-content\/uploads\/2025\/03\/14-600x600.jpg 600w, https:\/\/www.cosmepak.com\/wp-content\/uploads\/2025\/03\/14-100x100.jpg 100w\" sizes=\"(max-width: 1000px) 100vw, 1000px\" \/><\/td>\n<\/tr>\n<\/tbody>\n<\/table>\n<p class=\"ai-center-markdown-p\">","protected":false},"excerpt":{"rendered":"<p>\u015ei\u015fe Malzemesi: Cam<\/p>\n<p>Capcity: 50ml<\/p>\n<p>Boyut: Uzunluk: 65.2mm;<\/p>\n<p>Tek A\u011f\u0131rl\u0131k: 143g<\/p>\n<p>Renk: \u00d6zelle\u015ftirilmi\u015f<\/p>\n<p>Y\u00fczey Kaplama: Serip bask\u0131, buzlanma, s\u0131cak damgalama, sprey gradyan\u0131, mat kaplama vb.<\/p>\n<p>MOQ: 5000pcs;<\/p>\n<p>&nbsp;<\/p>","protected":false},"featured_media":1470,"comment_status":"closed","ping_status":"closed","template":"","meta":{"_acf_changed":false},"product_brand":[],"product_cat":[17],"product_tag":[],"class_list":{"0":"post-1473","1":"product","2":"type-product","3":"status-publish","4":"has-post-thumbnail","6":"product_cat-perfume-bottle","8":"first","9":"outofstock","10":"shipping-taxable","11":"product-type-simple"},"acf":[],"_links":{"self":[{"href":"https:\/\/www.cosmepak.com\/tr\/wp-json\/wp\/v2\/product\/1473","targetHints":{"allow":["GET"]}}],"collection":[{"href":"https:\/\/www.cosmepak.com\/tr\/wp-json\/wp\/v2\/product"}],"about":[{"href":"https:\/\/www.cosmepak.com\/tr\/wp-json\/wp\/v2\/types\/product"}],"replies":[{"embeddable":true,"href":"https:\/\/www.cosmepak.com\/tr\/wp-json\/wp\/v2\/comments?post=1473"}],"wp:featuredmedia":[{"embeddable":true,"href":"https:\/\/www.cosmepak.com\/tr\/wp-json\/wp\/v2\/media\/1470"}],"wp:attachment":[{"href":"https:\/\/www.cosmepak.com\/tr\/wp-json\/wp\/v2\/media?parent=1473"}],"wp:term":[{"taxonomy":"product_brand","embeddable":true,"href":"https:\/\/www.cosmepak.com\/tr\/wp-json\/wp\/v2\/product_brand?post=1473"},{"taxonomy":"product_cat","embeddable":true,"href":"https:\/\/www.cosmepak.com\/tr\/wp-json\/wp\/v2\/product_cat?post=1473"},{"taxonomy":"product_tag","embeddable":true,"href":"https:\/\/www.cosmepak.com\/tr\/wp-json\/wp\/v2\/product_tag?post=1473"}],"curies":[{"name":"wp","href":"https:\/\/api.w.org\/{rel}","templated":true}]}}