{"id":1474,"date":"2025-03-27T15:55:01","date_gmt":"2025-03-27T07:55:01","guid":{"rendered":"https:\/\/www.cosmepak.com\/?post_type=product&#038;p=1474"},"modified":"2026-04-29T13:22:38","modified_gmt":"2026-04-29T05:22:38","slug":"lip-gloss-tube-square-lip-gloss-tube-jaunce","status":"publish","type":"product","link":"https:\/\/www.cosmepak.com\/tr\/product\/lip-gloss-tube-square-lip-gloss-tube-jaunce\/","title":{"rendered":"Dudak Parlak T\u00fcp-Kare Dudak Parlak T\u00fcp \/ Jaunce"},"content":{"rendered":"<table style=\"border-collapse: collapse; width: 100%; height: 240px;\">\n<tbody>\n<tr style=\"height: 24px;\">\n<td style=\"width: 52.1531%; height: 24px; text-align: center;\">Marka<\/td>\n<td style=\"width: 47.8469%; height: 24px; text-align: center;\">\u00a0Fahi\u015fe<\/td>\n<\/tr>\n<tr style=\"height: 24px;\">\n<td style=\"width: 52.1531%; height: 24px; text-align: center;\">Kapasite<\/td>\n<td style=\"width: 47.8469%; height: 24px; text-align: center;\">6ml<\/td>\n<\/tr>\n<tr style=\"height: 24px;\">\n<td style=\"width: 52.1531%; height: 24px; text-align: center;\">\u015eekil<\/td>\n<td style=\"width: 47.8469%; height: 24px; text-align: center;\">Kare<\/td>\n<\/tr>\n<tr style=\"height: 24px;\">\n<td style=\"width: 52.1531%; height: 24px; text-align: center;\">Boyut<\/td>\n<td style=\"width: 47.8469%; height: 24px; text-align: center;\">20.5*90.5mm<\/td>\n<\/tr>\n<tr style=\"height: 24px;\">\n<td style=\"width: 52.1531%; height: 24px; text-align: center;\">A\u011f\u0131rl\u0131k<\/td>\n<td style=\"width: 47.8469%; height: 24px; text-align: center;\">22.8g<\/td>\n<\/tr>\n<tr style=\"height: 24px;\">\n<td style=\"width: 52.1531%; height: 24px; text-align: center;\">Uydurma<\/td>\n<td style=\"width: 47.8469%; height: 24px; text-align: center;\">\u00a0Kapak<\/td>\n<\/tr>\n<tr style=\"height: 24px;\">\n<td style=\"width: 52.1531%; height: 24px; text-align: center;\">Model<\/td>\n<td style=\"width: 47.8469%; height: 24px; text-align: center;\">JH-JZ-6621#<\/td>\n<\/tr>\n<tr style=\"height: 24px;\">\n<td style=\"width: 52.1531%; height: 24px; text-align: center;\">OEM ve ODM<\/td>\n<td style=\"width: 47.8469%; height: 24px; text-align: center;\">Kabul etmek<\/td>\n<\/tr>\n<tr style=\"height: 24px;\">\n<td style=\"width: 52.1531%; height: 24px; text-align: center;\">Renk<\/td>\n<td style=\"width: 47.8469%; height: 24px; text-align: center;\">\u00d6zelle\u015ftirilmi\u015f<\/td>\n<\/tr>\n<tr style=\"height: 24px;\">\n<td style=\"width: 52.1531%; height: 24px; text-align: center;\">Moq<\/td>\n<td style=\"width: 47.8469%; height: 24px; text-align: center;\">10000 pcs<\/td>\n<\/tr>\n<\/tbody>\n<\/table>\n<p>&nbsp;<\/p>\n<p><img fetchpriority=\"high\" decoding=\"async\" class=\"size-full wp-image-1478 aligncenter\" src=\"https:\/\/www.cosmepak.com\/wp-content\/uploads\/2025\/03\/\u5fae\u4fe1\u56fe\u7247_20250327155108.jpg\" alt=\"\" width=\"1000\" height=\"1000\" srcset=\"https:\/\/www.cosmepak.com\/wp-content\/uploads\/2025\/03\/\u5fae\u4fe1\u56fe\u7247_20250327155108.jpg 1000w, https:\/\/www.cosmepak.com\/wp-content\/uploads\/2025\/03\/\u5fae\u4fe1\u56fe\u7247_20250327155108-300x300.jpg 300w, https:\/\/www.cosmepak.com\/wp-content\/uploads\/2025\/03\/\u5fae\u4fe1\u56fe\u7247_20250327155108-150x150.jpg 150w, https:\/\/www.cosmepak.com\/wp-content\/uploads\/2025\/03\/\u5fae\u4fe1\u56fe\u7247_20250327155108-768x768.jpg 768w, https:\/\/www.cosmepak.com\/wp-content\/uploads\/2025\/03\/\u5fae\u4fe1\u56fe\u7247_20250327155108-600x600.jpg 600w, https:\/\/www.cosmepak.com\/wp-content\/uploads\/2025\/03\/\u5fae\u4fe1\u56fe\u7247_20250327155108-100x100.jpg 100w\" sizes=\"(max-width: 1000px) 100vw, 1000px\" \/><\/p>\n<div class=\"auto-hide-last-sibling-br paragraph-pP9ZLC paragraph-element br-paragraph-space\">This rectangular lip gloss tube is crafted with full-body injection molding and integrated color technology, available in transparent or opaque color finishes to meet diverse visual needs.The appearance can be divided into two types of processing options: glossy finish and matte finish.<\/div>\n<div><\/div>\n<div>Boyutlar: Genel y\u00fckseklik 90.5mm, t\u00fcp g\u00f6vde y\u00fcksekli\u011fi 37.5mm, \u00e7ap 20.5mm. Ergonomik boyutlama, hareketde g\u00fczellik dokunu\u015flar\u0131 i\u00e7in m\u00fckemmel olan \u00e7abas\u0131z tutu\u015f ve ta\u015f\u0131nabilirlik sa\u011flar. ve ayr\u0131ca kullan\u0131m\u0131 kolay bir \u00e7antaya koyabilir.<\/div>\n<div><\/div>\n<div>Vidal\u0131 boyun doldurmas\u0131 kolayd\u0131r, ABS malzemesinden yap\u0131lm\u0131\u015f boru, ABS y\u00fcksek mukavemet, iyi sertlik, parlak y\u00fczey, m\u00fckemmel kimyasal diren\u00e7, ayr\u0131ca geri d\u00f6n\u00fc\u015ft\u00fcr\u00fclebilir kullan\u0131md\u0131r. Yani \u00e7evre dostu ve dayan\u0131kl\u0131.<\/div>\n<div><\/div>\n<div>Zarif, basit ve zarif silueti, geni\u015f bir marka g\u00f6rsel stilleri ve marka tasar\u0131m kavramlar\u0131 ile sorunsuz bir \u015fekilde e\u015fle\u015fen g\u00fc\u00e7l\u00fc \u00e7ok y\u00f6nl\u00fcl\u00fc\u011fe sahiptir.<\/div>\n<div><\/div>\n<div>Fitted with a screw-on cap paired with a brush applicator (a staple for lip gloss application). The cap supports full customization: any Pantone color can be matched per your brand requirements, and electroplated finishes are also available to create a premium metallic texture\u2014elevating the product\u2019s tactile and visual quality, and exuding understated luxury. The cap we also can provide with inject color, spraying process.<\/div>\n<div><\/div>\n<div>Yeni Airless Pumps nedir?<\/div>\n<div class=\"auto-hide-last-sibling-br paragraph-pP9ZLC paragraph-element br-paragraph-space\">Havas\u0131z pumetrps bir bi\u062c\u0631\u0627m w\u0628\u0648\u0633\u0627. Havay\u0131 \u00fcr\u00fcn\u00fcn\u00fczden uzakla\u015ft\u0131r\u0131r. Bu h\u0131zl\u0131 bozan serumlar veya kremler gibi \u015feyler i\u00e7in m\u00fckemmeldir. Taze ve temiz kalmalar\u0131na yard\u0131mc\u0131 olur. AS gibi malzemeler havas\u0131z kozmetik \u015fi\u015feleri i\u00e7in kullan\u0131l\u0131r. Onlar net ve kozmetiklerle iyi \u00e7al\u0131\u015f\u0131r, en sevdi\u011finiz at\u0131\u015ft\u0131rmal\u0131klar i\u00e7in net bir kutu gibi.<\/div>\n<div><\/div>\n<div>Her neyse, uzun s\u00fcreli dayan\u0131kl\u0131l\u0131k ve pratik i\u015flevsellik i\u00e7in tasarlanm\u0131\u015f bu dudak parlakl\u0131\u011f\u0131 t\u00fcp\u00fc, minimalist zarif tasar\u0131m\u0131 tam marka \u00f6zelle\u015ftirmesi ile birle\u015ftirmek isteyen g\u00fczellik markalar\u0131 i\u00e7in ideal bir ambalaj \u00e7\u00f6z\u00fcm\u00fcd\u00fcr. Kullan\u0131labilirlik, estetik ve marka ki\u015fiselle\u015ftirilmesini m\u00fckemmel bir \u015fekilde dengeleyerek, cilt bak\u0131m\u0131 ve renkli makyaj hatlar\u0131 boyunca kozmetik markalar\u0131n\u0131n \u00e7e\u015fitli ambalaj ihtiya\u00e7lar\u0131n\u0131 kar\u015f\u0131lar.<\/div>\n<div>\n<table style=\"border-collapse: collapse; width: 100%;\">\n<tbody>\n<tr>\n<td style=\"width: 33.3333%;\"><img decoding=\"async\" class=\"alignnone size-full wp-image-3161\" src=\"https:\/\/www.cosmepak.com\/wp-content\/uploads\/2025\/03\/O1CN01mPiP361HU7uig9g0m_3230470760-0-cib.jpg\" alt=\"\" width=\"1000\" height=\"1000\" srcset=\"https:\/\/www.cosmepak.com\/wp-content\/uploads\/2025\/03\/O1CN01mPiP361HU7uig9g0m_3230470760-0-cib.jpg 1000w, https:\/\/www.cosmepak.com\/wp-content\/uploads\/2025\/03\/O1CN01mPiP361HU7uig9g0m_3230470760-0-cib-300x300.jpg 300w, https:\/\/www.cosmepak.com\/wp-content\/uploads\/2025\/03\/O1CN01mPiP361HU7uig9g0m_3230470760-0-cib-150x150.jpg 150w, https:\/\/www.cosmepak.com\/wp-content\/uploads\/2025\/03\/O1CN01mPiP361HU7uig9g0m_3230470760-0-cib-768x768.jpg 768w, https:\/\/www.cosmepak.com\/wp-content\/uploads\/2025\/03\/O1CN01mPiP361HU7uig9g0m_3230470760-0-cib-12x12.jpg 12w, https:\/\/www.cosmepak.com\/wp-content\/uploads\/2025\/03\/O1CN01mPiP361HU7uig9g0m_3230470760-0-cib-600x600.jpg 600w, https:\/\/www.cosmepak.com\/wp-content\/uploads\/2025\/03\/O1CN01mPiP361HU7uig9g0m_3230470760-0-cib-100x100.jpg 100w\" sizes=\"(max-width: 1000px) 100vw, 1000px\" \/><\/td>\n<td style=\"width: 33.3333%;\"><img decoding=\"async\" class=\"alignnone size-full wp-image-3162\" src=\"https:\/\/www.cosmepak.com\/wp-content\/uploads\/2025\/03\/O1CN01QoOf501HU7urmSure_3230470760-0-cib.jpg\" alt=\"\" width=\"1000\" height=\"1000\" srcset=\"https:\/\/www.cosmepak.com\/wp-content\/uploads\/2025\/03\/O1CN01QoOf501HU7urmSure_3230470760-0-cib.jpg 1000w, https:\/\/www.cosmepak.com\/wp-content\/uploads\/2025\/03\/O1CN01QoOf501HU7urmSure_3230470760-0-cib-300x300.jpg 300w, https:\/\/www.cosmepak.com\/wp-content\/uploads\/2025\/03\/O1CN01QoOf501HU7urmSure_3230470760-0-cib-150x150.jpg 150w, https:\/\/www.cosmepak.com\/wp-content\/uploads\/2025\/03\/O1CN01QoOf501HU7urmSure_3230470760-0-cib-768x768.jpg 768w, https:\/\/www.cosmepak.com\/wp-content\/uploads\/2025\/03\/O1CN01QoOf501HU7urmSure_3230470760-0-cib-12x12.jpg 12w, https:\/\/www.cosmepak.com\/wp-content\/uploads\/2025\/03\/O1CN01QoOf501HU7urmSure_3230470760-0-cib-600x600.jpg 600w, https:\/\/www.cosmepak.com\/wp-content\/uploads\/2025\/03\/O1CN01QoOf501HU7urmSure_3230470760-0-cib-100x100.jpg 100w\" sizes=\"(max-width: 1000px) 100vw, 1000px\" \/><\/td>\n<td style=\"width: 33.3333%;\"><img loading=\"lazy\" decoding=\"async\" class=\"alignnone size-full wp-image-3163\" src=\"https:\/\/www.cosmepak.com\/wp-content\/uploads\/2025\/03\/O1CN01neDiaI1HU7uqn26i0_3230470760-0-cib-1.jpg\" alt=\"\" width=\"1000\" height=\"1000\" srcset=\"https:\/\/www.cosmepak.com\/wp-content\/uploads\/2025\/03\/O1CN01neDiaI1HU7uqn26i0_3230470760-0-cib-1.jpg 1000w, https:\/\/www.cosmepak.com\/wp-content\/uploads\/2025\/03\/O1CN01neDiaI1HU7uqn26i0_3230470760-0-cib-1-300x300.jpg 300w, https:\/\/www.cosmepak.com\/wp-content\/uploads\/2025\/03\/O1CN01neDiaI1HU7uqn26i0_3230470760-0-cib-1-150x150.jpg 150w, https:\/\/www.cosmepak.com\/wp-content\/uploads\/2025\/03\/O1CN01neDiaI1HU7uqn26i0_3230470760-0-cib-1-768x768.jpg 768w, https:\/\/www.cosmepak.com\/wp-content\/uploads\/2025\/03\/O1CN01neDiaI1HU7uqn26i0_3230470760-0-cib-1-12x12.jpg 12w, https:\/\/www.cosmepak.com\/wp-content\/uploads\/2025\/03\/O1CN01neDiaI1HU7uqn26i0_3230470760-0-cib-1-600x600.jpg 600w, https:\/\/www.cosmepak.com\/wp-content\/uploads\/2025\/03\/O1CN01neDiaI1HU7uqn26i0_3230470760-0-cib-1-100x100.jpg 100w\" sizes=\"(max-width: 1000px) 100vw, 1000px\" \/><\/td>\n<\/tr>\n<\/tbody>\n<\/table>\n<table style=\"border-collapse: collapse; width: 100%;\">\n<tbody>\n<tr>\n<td style=\"width: 50%;\"><img loading=\"lazy\" decoding=\"async\" class=\"alignnone size-full wp-image-3166\" src=\"https:\/\/www.cosmepak.com\/wp-content\/uploads\/2025\/03\/\u8be6\u60c5-7.jpg\" alt=\"\" width=\"1200\" height=\"1200\" srcset=\"https:\/\/www.cosmepak.com\/wp-content\/uploads\/2025\/03\/\u8be6\u60c5-7.jpg 1200w, https:\/\/www.cosmepak.com\/wp-content\/uploads\/2025\/03\/\u8be6\u60c5-7-300x300.jpg 300w, https:\/\/www.cosmepak.com\/wp-content\/uploads\/2025\/03\/\u8be6\u60c5-7-1024x1024.jpg 1024w, https:\/\/www.cosmepak.com\/wp-content\/uploads\/2025\/03\/\u8be6\u60c5-7-150x150.jpg 150w, https:\/\/www.cosmepak.com\/wp-content\/uploads\/2025\/03\/\u8be6\u60c5-7-768x768.jpg 768w, https:\/\/www.cosmepak.com\/wp-content\/uploads\/2025\/03\/\u8be6\u60c5-7-12x12.jpg 12w, https:\/\/www.cosmepak.com\/wp-content\/uploads\/2025\/03\/\u8be6\u60c5-7-600x600.jpg 600w, https:\/\/www.cosmepak.com\/wp-content\/uploads\/2025\/03\/\u8be6\u60c5-7-100x100.jpg 100w\" sizes=\"(max-width: 1200px) 100vw, 1200px\" \/><\/td>\n<td style=\"width: 50%;\"><img loading=\"lazy\" decoding=\"async\" class=\"alignnone size-full wp-image-3165\" src=\"https:\/\/www.cosmepak.com\/wp-content\/uploads\/2025\/03\/O1CN01MymVxm1HU80VL7GQX_3230470760-0-cib-1.jpg\" alt=\"\" width=\"1000\" height=\"1000\" srcset=\"https:\/\/www.cosmepak.com\/wp-content\/uploads\/2025\/03\/O1CN01MymVxm1HU80VL7GQX_3230470760-0-cib-1.jpg 1000w, https:\/\/www.cosmepak.com\/wp-content\/uploads\/2025\/03\/O1CN01MymVxm1HU80VL7GQX_3230470760-0-cib-1-300x300.jpg 300w, https:\/\/www.cosmepak.com\/wp-content\/uploads\/2025\/03\/O1CN01MymVxm1HU80VL7GQX_3230470760-0-cib-1-150x150.jpg 150w, https:\/\/www.cosmepak.com\/wp-content\/uploads\/2025\/03\/O1CN01MymVxm1HU80VL7GQX_3230470760-0-cib-1-768x768.jpg 768w, https:\/\/www.cosmepak.com\/wp-content\/uploads\/2025\/03\/O1CN01MymVxm1HU80VL7GQX_3230470760-0-cib-1-12x12.jpg 12w, https:\/\/www.cosmepak.com\/wp-content\/uploads\/2025\/03\/O1CN01MymVxm1HU80VL7GQX_3230470760-0-cib-1-600x600.jpg 600w, https:\/\/www.cosmepak.com\/wp-content\/uploads\/2025\/03\/O1CN01MymVxm1HU80VL7GQX_3230470760-0-cib-1-100x100.jpg 100w\" sizes=\"(max-width: 1000px) 100vw, 1000px\" \/><\/td>\n<\/tr>\n<\/tbody>\n<\/table>\n<table style=\"border-collapse: collapse; width: 100%;\">\n<tbody>\n<tr>\n<td style=\"width: 100%;\"><img loading=\"lazy\" decoding=\"async\" class=\"alignnone wp-image-3167\" src=\"https:\/\/www.cosmepak.com\/wp-content\/uploads\/2025\/03\/\u8be6\u60c5-13.jpg\" alt=\"\" width=\"1348\" height=\"1348\" srcset=\"https:\/\/www.cosmepak.com\/wp-content\/uploads\/2025\/03\/\u8be6\u60c5-13.jpg 1000w, https:\/\/www.cosmepak.com\/wp-content\/uploads\/2025\/03\/\u8be6\u60c5-13-300x300.jpg 300w, https:\/\/www.cosmepak.com\/wp-content\/uploads\/2025\/03\/\u8be6\u60c5-13-150x150.jpg 150w, https:\/\/www.cosmepak.com\/wp-content\/uploads\/2025\/03\/\u8be6\u60c5-13-768x768.jpg 768w, https:\/\/www.cosmepak.com\/wp-content\/uploads\/2025\/03\/\u8be6\u60c5-13-12x12.jpg 12w, https:\/\/www.cosmepak.com\/wp-content\/uploads\/2025\/03\/\u8be6\u60c5-13-600x600.jpg 600w, https:\/\/www.cosmepak.com\/wp-content\/uploads\/2025\/03\/\u8be6\u60c5-13-100x100.jpg 100w\" sizes=\"(max-width: 1348px) 100vw, 1348px\" \/><\/td>\n<\/tr>\n<\/tbody>\n<\/table>\n<\/div>","protected":false},"excerpt":{"rendered":"<p>Malzeme: ABS \/ AS<\/p>\n<p>Kapasite: 6ml<\/p>\n<p>Size: 90.5*20.5mm<\/p>\n<p>Renk: \u00d6zelle\u015ftirilmi\u015f Kabul (Mevcut Pantone Rengi)<\/p>\n<p>Y\u00fczey Kaplamas\u0131: Serip Bask\u0131, S\u0131cak Damgalama, Mat Kaplama, vb.<\/p>\n<p>MOQ: 10000 pcs<\/p>\n<p>\u00d6rnek: \u00dccretsiz \u00f6rnekler mevcut<\/p>\n<p>&nbsp;<\/p>\n<p>&nbsp;<\/p>","protected":false},"featured_media":1477,"comment_status":"closed","ping_status":"closed","template":"","meta":{"_acf_changed":false},"product_brand":[],"product_cat":[54,36],"product_tag":[39],"class_list":{"0":"post-1474","1":"product","2":"type-product","3":"status-publish","4":"has-post-thumbnail","6":"product_cat-lip-gloss-tube","7":"product_cat-makeup","8":"product_tag-makeup","10":"first","11":"outofstock","12":"shipping-taxable","13":"product-type-simple"},"acf":[],"_links":{"self":[{"href":"https:\/\/www.cosmepak.com\/tr\/wp-json\/wp\/v2\/product\/1474","targetHints":{"allow":["GET"]}}],"collection":[{"href":"https:\/\/www.cosmepak.com\/tr\/wp-json\/wp\/v2\/product"}],"about":[{"href":"https:\/\/www.cosmepak.com\/tr\/wp-json\/wp\/v2\/types\/product"}],"replies":[{"embeddable":true,"href":"https:\/\/www.cosmepak.com\/tr\/wp-json\/wp\/v2\/comments?post=1474"}],"wp:featuredmedia":[{"embeddable":true,"href":"https:\/\/www.cosmepak.com\/tr\/wp-json\/wp\/v2\/media\/1477"}],"wp:attachment":[{"href":"https:\/\/www.cosmepak.com\/tr\/wp-json\/wp\/v2\/media?parent=1474"}],"wp:term":[{"taxonomy":"product_brand","embeddable":true,"href":"https:\/\/www.cosmepak.com\/tr\/wp-json\/wp\/v2\/product_brand?post=1474"},{"taxonomy":"product_cat","embeddable":true,"href":"https:\/\/www.cosmepak.com\/tr\/wp-json\/wp\/v2\/product_cat?post=1474"},{"taxonomy":"product_tag","embeddable":true,"href":"https:\/\/www.cosmepak.com\/tr\/wp-json\/wp\/v2\/product_tag?post=1474"}],"curies":[{"name":"wp","href":"https:\/\/api.w.org\/{rel}","templated":true}]}}